{"id":1306,"date":"2019-08-06T21:45:02","date_gmt":"2019-08-07T00:45:02","guid":{"rendered":"http:\/\/unimac.bitnamiapp.com\/?page_id=1306"},"modified":"2024-11-08T08:57:38","modified_gmt":"2024-11-08T11:57:38","slug":"sistema-prisional","status":"publish","type":"page","link":"https:\/\/unimac.com\/br\/industrias\/sistema-prisional\/","title":{"rendered":"Sistema Prisional"},"content":{"rendered":"<p><div class=\"fusion-fullwidth fullwidth-box fusion-builder-row-1 fusion-flex-container reverse hundred-percent-fullwidth non-hundred-percent-height-scrolling\" style=\"--awb-border-radius-top-left:0px;--awb-border-radius-top-right:0px;--awb-border-radius-bottom-right:0px;--awb-border-radius-bottom-left:0px;--awb-padding-top:0px;--awb-padding-right:0px;--awb-padding-bottom:0px;--awb-padding-left:0px;--awb-min-height:600px;--awb-flex-wrap:wrap;\" ><div class=\"fusion-builder-row fusion-row fusion-flex-align-items-stretch fusion-flex-content-wrap\" style=\"width:calc( 100% + 0px ) !important;max-width:calc( 100% + 0px ) !important;margin-left: calc(-0px \/ 2 );margin-right: calc(-0px \/ 2 );\"><div class=\"fusion-layout-column fusion_builder_column fusion-builder-column-0 fusion_builder_column_1_2 1_2 fusion-flex-column\" style=\"--awb-bg-image:url(&#039;https:\/\/unimac.com\/nstest\/wp-content\/uploads\/sites\/14\/2022\/04\/Corrections-scaled.jpg&#039;);--awb-bg-position:right top;--awb-bg-size:cover;--awb-width-large:50%;--awb-margin-top-large:0px;--awb-spacing-right-large:0px;--awb-margin-bottom-large:0px;--awb-spacing-left-large:0px;--awb-width-medium:40%;--awb-order-medium:0;--awb-spacing-right-medium:0px;--awb-spacing-left-medium:0px;--awb-width-small:100%;--awb-order-small:0;--awb-spacing-right-small:0px;--awb-spacing-left-small:0px;\"><div class=\"fusion-column-wrapper fusion-column-has-shadow fusion-flex-justify-content-flex-start fusion-content-layout-column fusion-empty-column-bg-image fusion-column-has-bg-image\" data-bg-url=\"https:\/\/unimac.com\/nstest\/wp-content\/uploads\/sites\/14\/2022\/04\/Corrections-scaled.jpg\"><img decoding=\"async\" class=\"fusion-empty-dims-img-placeholder fusion-no-large-visibility fusion-no-medium-visibility\" src=\"data:image\/gif;base64,R0lGODlhAQABAAAAACH5BAEKAAEALAAAAAABAAEAAAICTAEAOw==\"><\/div><\/div><div class=\"fusion-layout-column fusion_builder_column fusion-builder-column-1 fusion_builder_column_1_2 1_2 fusion-flex-column\" style=\"--awb-padding-top:60px;--awb-padding-right:5vw;--awb-padding-left:5vw;--awb-bg-color:#000000;--awb-bg-color-hover:#000000;--awb-bg-size:cover;--awb-width-large:50%;--awb-margin-top-large:0px;--awb-spacing-right-large:0px;--awb-margin-bottom-large:0px;--awb-spacing-left-large:0px;--awb-width-medium:60%;--awb-order-medium:0;--awb-spacing-right-medium:0px;--awb-spacing-left-medium:0px;--awb-width-small:100%;--awb-order-small:0;--awb-spacing-right-small:0px;--awb-spacing-left-small:0px;\"><div class=\"fusion-column-wrapper fusion-column-has-shadow fusion-flex-justify-content-center fusion-content-layout-column\"><div class=\"fusion-text fusion-text-1\"><h1 class=\"\" style=\"line-height: 1.16; color: var(--awb-color6); --fontsize: 60;\" data-fontsize=\"60\" data-lineheight=\"69.6px\">M\u00e1quinas de lavanderia para instala\u00e7\u00f5es correcionais projetadas para opera\u00e7\u00f5es simples e tempo de inatividade reduzido.<\/h1>\n<p style=\"color: var(--awb-color1);\">As m\u00e1quinas de lavanderia UniMac\u00ae para instala\u00e7\u00f5es correcionais oferecem durabilidade incompar\u00e1vel para reduzir o tempo de inatividade. O treinamento de detentos e funcion\u00e1rios \u00e9 r\u00e1pido e f\u00e1cil com um sistema de controle simples e intuitivo.<\/p>\n<\/div><\/div><\/div><\/div><\/div><div class=\"fusion-fullwidth fullwidth-box fusion-builder-row-2 fusion-flex-container reverse hundred-percent-fullwidth non-hundred-percent-height-scrolling\" style=\"--awb-border-radius-top-left:0px;--awb-border-radius-top-right:0px;--awb-border-radius-bottom-right:0px;--awb-border-radius-bottom-left:0px;--awb-padding-top:0px;--awb-padding-right:0px;--awb-padding-bottom:0px;--awb-padding-left:0px;--awb-min-height:600px;--awb-flex-wrap:wrap;\" ><div class=\"fusion-builder-row fusion-row fusion-flex-align-items-stretch fusion-flex-content-wrap\" style=\"width:calc( 100% + 0px ) !important;max-width:calc( 100% + 0px ) !important;margin-left: calc(-0px \/ 2 );margin-right: calc(-0px \/ 2 );\"><div class=\"fusion-layout-column fusion_builder_column fusion-builder-column-2 fusion_builder_column_2_3 2_3 fusion-flex-column\" style=\"--awb-bg-image:url(&#039;https:\/\/unimac.com\/nstest\/wp-content\/uploads\/sites\/14\/2020\/12\/Portland_2017_02-1.jpg&#039;);--awb-bg-position:center center;--awb-bg-size:cover;--awb-width-large:66.666666666667%;--awb-margin-top-large:0px;--awb-spacing-right-large:0px;--awb-margin-bottom-large:0px;--awb-spacing-left-large:0px;--awb-width-medium:40%;--awb-order-medium:0;--awb-spacing-right-medium:0px;--awb-spacing-left-medium:0px;--awb-width-small:100%;--awb-order-small:0;--awb-spacing-right-small:0px;--awb-spacing-left-small:0px;\"><div class=\"fusion-column-wrapper fusion-column-has-shadow fusion-flex-justify-content-flex-start fusion-content-layout-column fusion-empty-column-bg-image fusion-column-has-bg-image\" data-bg-url=\"https:\/\/unimac.com\/nstest\/wp-content\/uploads\/sites\/14\/2020\/12\/Portland_2017_02-1.jpg\"><img decoding=\"async\" class=\"fusion-empty-dims-img-placeholder fusion-no-large-visibility fusion-no-medium-visibility\" src=\"data:image\/gif;base64,R0lGODlhAQABAAAAACH5BAEKAAEALAAAAAABAAEAAAICTAEAOw==\"><\/div><\/div><div class=\"fusion-layout-column fusion_builder_column fusion-builder-column-3 fusion_builder_column_1_3 1_3 fusion-flex-column\" style=\"--awb-padding-top:60px;--awb-padding-right:5vw;--awb-padding-left:5vw;--awb-bg-size:cover;--awb-width-large:33.333333333333%;--awb-margin-top-large:0px;--awb-spacing-right-large:0px;--awb-margin-bottom-large:0px;--awb-spacing-left-large:0px;--awb-width-medium:60%;--awb-order-medium:0;--awb-spacing-right-medium:0px;--awb-spacing-left-medium:0px;--awb-width-small:100%;--awb-order-small:0;--awb-spacing-right-small:0px;--awb-spacing-left-small:0px;\"><div class=\"fusion-column-wrapper fusion-column-has-shadow fusion-flex-justify-content-center fusion-content-layout-column\"><div class=\"fusion-text fusion-text-2\"><h3 class=\"fusion-responsive-typography-calculated\" style=\"--fontsize: 40; line-height: 1.3; --minfontsize: 40;\" data-fontsize=\"40\" data-lineheight=\"52px\">Mantenha as opera\u00e7\u00f5es de lavanderia funcionando como um rel\u00f3gio com as m\u00e1quinas UniMac.<\/h3>\n<p>N\u00e3o h\u00e1 tempo para paradas em seu dia. Mantenha a lavanderia funcionando de acordo com o cronograma em sua institui\u00e7\u00e3o correcional com equipamentos de lavanderia eficientes projetados para lidar com cargas pesadas ano ap\u00f3s ano. A constru\u00e7\u00e3o de qualidade incompar\u00e1vel significa menos reparos e, portanto, menos interrup\u00e7\u00f5es e chamadas de servi\u00e7o. O treinamento e as opera\u00e7\u00f5es para a equipe e os detentos s\u00e3o simples e eficazes, com controles intuitivos e ciclos program\u00e1veis.<\/p>\n<\/div><\/div><\/div><\/div><\/div><div class=\"fusion-fullwidth fullwidth-box fusion-builder-row-3 fusion-flex-container hundred-percent-fullwidth non-hundred-percent-height-scrolling\" style=\"--awb-border-radius-top-left:0px;--awb-border-radius-top-right:0px;--awb-border-radius-bottom-right:0px;--awb-border-radius-bottom-left:0px;--awb-padding-top:0px;--awb-padding-right:0px;--awb-padding-bottom:0px;--awb-padding-left:0px;--awb-min-height:600px;--awb-flex-wrap:wrap;\" ><div class=\"fusion-builder-row fusion-row fusion-flex-align-items-stretch fusion-flex-content-wrap\" style=\"width:calc( 100% + 0px ) !important;max-width:calc( 100% + 0px ) !important;margin-left: calc(-0px \/ 2 );margin-right: calc(-0px \/ 2 );\"><div class=\"fusion-layout-column fusion_builder_column fusion-builder-column-4 fusion_builder_column_3_5 3_5 fusion-flex-column\" style=\"--awb-bg-position:center center;--awb-bg-size:cover;--awb-width-large:60%;--awb-margin-top-large:0px;--awb-spacing-right-large:0px;--awb-margin-bottom-large:0px;--awb-spacing-left-large:0px;--awb-width-medium:40%;--awb-order-medium:0;--awb-spacing-right-medium:0px;--awb-spacing-left-medium:0px;--awb-width-small:100%;--awb-order-small:0;--awb-spacing-right-small:0px;--awb-spacing-left-small:0px;\"><div class=\"fusion-column-wrapper fusion-column-has-shadow fusion-flex-justify-content-flex-start fusion-content-layout-column\"><div class=\"fusion-image-element \" style=\"text-align:right;--awb-max-width:800px;--awb-caption-title-font-family:var(--h2_typography-font-family);--awb-caption-title-font-weight:var(--h2_typography-font-weight);--awb-caption-title-font-style:var(--h2_typography-font-style);--awb-caption-title-size:var(--h2_typography-font-size);--awb-caption-title-transform:var(--h2_typography-text-transform);--awb-caption-title-line-height:var(--h2_typography-line-height);--awb-caption-title-letter-spacing:var(--h2_typography-letter-spacing);\"><span class=\" fusion-imageframe imageframe-none imageframe-1 hover-type-none\"><img decoding=\"async\" width=\"864\" height=\"864\" title=\"UW_UT_Pair (1)\" data-src=\"https:\/\/unimac.com\/nstest\/wp-content\/uploads\/sites\/14\/2022\/06\/UW_UT_Pair-1.png\" alt class=\"img-responsive wp-image-18604 lazyload\" data-srcset=\"https:\/\/unimac.com\/br\/wp-content\/uploads\/sites\/14\/2022\/06\/UW_UT_Pair-1-200x200.png 200w, https:\/\/unimac.com\/br\/wp-content\/uploads\/sites\/14\/2022\/06\/UW_UT_Pair-1-400x400.png 400w, https:\/\/unimac.com\/br\/wp-content\/uploads\/sites\/14\/2022\/06\/UW_UT_Pair-1-600x600.png 600w, https:\/\/unimac.com\/br\/wp-content\/uploads\/sites\/14\/2022\/06\/UW_UT_Pair-1-800x800.png 800w, https:\/\/unimac.com\/br\/wp-content\/uploads\/sites\/14\/2022\/06\/UW_UT_Pair-1.png 864w\" data-sizes=\"(max-width: 767px) 100vw, 864px\" src=\"data:image\/svg+xml;base64,PHN2ZyB3aWR0aD0iMSIgaGVpZ2h0PSIxIiB4bWxucz0iaHR0cDovL3d3dy53My5vcmcvMjAwMC9zdmciPjwvc3ZnPg==\" style=\"--smush-placeholder-width: 864px; --smush-placeholder-aspect-ratio: 864\/864;\" \/><\/span><\/div><\/div><\/div><div class=\"fusion-layout-column fusion_builder_column fusion-builder-column-5 fusion_builder_column_2_5 2_5 fusion-flex-column\" style=\"--awb-padding-top:60px;--awb-padding-right:5vw;--awb-padding-left:5vw;--awb-bg-size:cover;--awb-width-large:40%;--awb-margin-top-large:0px;--awb-spacing-right-large:0px;--awb-margin-bottom-large:0px;--awb-spacing-left-large:0px;--awb-width-medium:60%;--awb-order-medium:0;--awb-spacing-right-medium:0px;--awb-spacing-left-medium:0px;--awb-width-small:100%;--awb-order-small:0;--awb-spacing-right-small:0px;--awb-spacing-left-small:0px;\"><div class=\"fusion-column-wrapper fusion-column-has-shadow fusion-flex-justify-content-center fusion-content-layout-column\"><div class=\"fusion-text fusion-text-3\"><h3 class=\"\" style=\"--fontsize: 40; line-height: 1.3;\" data-fontsize=\"40\" data-lineheight=\"52px\">A constru\u00e7\u00e3o robusta garante um desempenho confi\u00e1vel<\/h3>\n<p>As m\u00e1quinas da UniMac s\u00e3o constru\u00eddas com componentes de alta resist\u00eancia, testados de acordo com os mais altos padr\u00f5es de durabilidade e respaldados por garantias l\u00edderes do setor. Com uma pegada reduzida, essas m\u00e1quinas ocupam menos espa\u00e7o na lavanderia da sua institui\u00e7\u00e3o correicional, permitindo uma instala\u00e7\u00e3o simplificada. Voc\u00ea pode contar com a qualidade e confiabilidade das m\u00e1quinas UniMac para atender \u00e0s demandas intensivas de uso em um ambiente correicional, ao mesmo tempo em que otimiza o espa\u00e7o dispon\u00edvel.<\/p>\n<\/div><\/div><\/div><\/div><\/div><div class=\"fusion-fullwidth fullwidth-box fusion-builder-row-4 fusion-flex-container fusion-parallax-none nonhundred-percent-fullwidth non-hundred-percent-height-scrolling\" style=\"--awb-border-radius-top-left:0px;--awb-border-radius-top-right:0px;--awb-border-radius-bottom-right:0px;--awb-border-radius-bottom-left:0px;--awb-min-height:800px;--awb-min-height-medium:700px;--awb-min-height-small:650px;--awb-background-image:linear-gradient(180deg, var(--awb-color1) 0%,rgba(255,255,255,0) 34%),url(https:\/\/unimac.com\/nstest\/wp-content\/uploads\/sites\/14\/2022\/06\/UniMac_UWx7_-Lineup.png);;--awb-background-size:cover;--awb-flex-wrap:wrap;\" ><div class=\"fusion-builder-row fusion-row fusion-flex-align-items-flex-start fusion-flex-content-wrap\" style=\"max-width:1456px;margin-left: calc(-4% \/ 2 );margin-right: calc(-4% \/ 2 );\"><div class=\"fusion-layout-column fusion_builder_column fusion-builder-column-6 fusion_builder_column_1_1 1_1 fusion-flex-column\" style=\"--awb-bg-size:cover;--awb-width-large:100%;--awb-margin-top-large:0px;--awb-spacing-right-large:1.92%;--awb-margin-bottom-large:0px;--awb-spacing-left-large:1.92%;--awb-width-medium:100%;--awb-order-medium:0;--awb-spacing-right-medium:1.92%;--awb-spacing-left-medium:1.92%;--awb-width-small:100%;--awb-order-small:0;--awb-spacing-right-small:1.92%;--awb-spacing-left-small:1.92%;\"><div class=\"fusion-column-wrapper fusion-column-has-shadow fusion-flex-justify-content-flex-start fusion-content-layout-column\"><div class=\"fusion-title title fusion-title-1 fusion-sep-none fusion-title-center fusion-title-text fusion-title-size-three\" style=\"--awb-text-color:var(--awb-color6);--awb-margin-top:0px;\"><h3 class=\"fusion-title-heading title-heading-center fusion-responsive-typography-calculated\" style=\"margin:0;--fontSize:40;--minFontSize:40;line-height:1.3;\">SUA REDE DE M\u00c1QUINAS DE LAVANDERIA PARA INSTITUI\u00c7\u00d5ES CORRECIONAIS<\/h3><\/div><div style=\"text-align:center;\"><a class=\"fusion-button button-flat fusion-button-default-size button-custom fusion-button-default button-1 fusion-button-default-span fusion-button-default-type\" style=\"--button_accent_color:var(--awb-color1);--button_accent_hover_color:var(--awb-color2);--button_border_hover_color:var(--awb-color1);--button_gradient_top_color:var(--awb-color6);--button_gradient_bottom_color:var(--awb-color6);--button_gradient_top_color_hover:var(--awb-color1);--button_gradient_bottom_color_hover:var(--awb-color1);--button_margin-top:30px;\" target=\"_self\" href=\"https:\/\/unimac.com\/br\/localizador-de-distribuidores\/\"><span class=\"fusion-button-text awb-button__text awb-button__text--default\">ENTRE EM CONTATO COM O SEU DISTRIBUIDOR<\/span><i class=\"fa-angle-right fas awb-button__icon awb-button__icon--default button-icon-right\" aria-hidden=\"true\"><\/i><\/a><\/div><\/div><\/div><\/div><\/div><\/p>\n","protected":false},"excerpt":{"rendered":"","protected":false},"author":1,"featured_media":0,"parent":1121,"menu_order":0,"comment_status":"closed","ping_status":"closed","template":"100-width.php","meta":{"_acf_changed":false,"inline_featured_image":false,"footnotes":""},"class_list":["post-1306","page","type-page","status-publish","hentry"],"yoast_head":"<!-- This site is optimized with the Yoast SEO Premium plugin v23.4 (Yoast SEO v26.2) - https:\/\/yoast.com\/wordpress\/plugins\/seo\/ -->\n<title>M\u00e1quinas de lavanderia para instala\u00e7\u00f5es correcionais<\/title>\n<meta name=\"description\" content=\"As m\u00e1quinas de lavanderia UniMac\u00ae para instala\u00e7\u00f5es correcionais oferecem durabilidade incompar\u00e1vel para reduzir o tempo de inatividade. O treinamento de detentos e funcion\u00e1rios \u00e9 r\u00e1pido e f\u00e1cil com um sistema de controle simples e intuitivo.\" \/>\n<meta name=\"robots\" content=\"index, follow, max-snippet:-1, max-image-preview:large, max-video-preview:-1\" \/>\n<link rel=\"canonical\" href=\"https:\/\/unimac.com\/br\/industrias\/sistema-prisional\/\" \/>\n<meta property=\"og:locale\" content=\"pt_BR\" \/>\n<meta property=\"og:type\" content=\"article\" \/>\n<meta property=\"og:title\" content=\"Sistema Prisional\" \/>\n<meta property=\"og:description\" content=\"As m\u00e1quinas de lavanderia UniMac\u00ae para instala\u00e7\u00f5es correcionais oferecem durabilidade incompar\u00e1vel para reduzir o tempo de inatividade. O treinamento de detentos e funcion\u00e1rios \u00e9 r\u00e1pido e f\u00e1cil com um sistema de controle simples e intuitivo.\" \/>\n<meta property=\"og:url\" content=\"https:\/\/unimac.com\/br\/industrias\/sistema-prisional\/\" \/>\n<meta property=\"og:site_name\" content=\"Unimac Brasil\" \/>\n<meta property=\"article:modified_time\" content=\"2024-11-08T11:57:38+00:00\" \/>\n<meta name=\"twitter:card\" content=\"summary_large_image\" \/>\n<meta name=\"twitter:label1\" content=\"Est. tempo de leitura\" \/>\n\t<meta name=\"twitter:data1\" content=\"2 minutos\" \/>\n<script type=\"application\/ld+json\" class=\"yoast-schema-graph\">{\"@context\":\"https:\/\/schema.org\",\"@graph\":[{\"@type\":\"WebPage\",\"@id\":\"https:\/\/unimac.com\/br\/industrias\/sistema-prisional\/\",\"url\":\"https:\/\/unimac.com\/br\/industrias\/sistema-prisional\/\",\"name\":\"M\u00e1quinas de lavanderia para instala\u00e7\u00f5es correcionais\",\"isPartOf\":{\"@id\":\"https:\/\/unimac.com\/br\/#website\"},\"datePublished\":\"2019-08-07T00:45:02+00:00\",\"dateModified\":\"2024-11-08T11:57:38+00:00\",\"description\":\"As m\u00e1quinas de lavanderia UniMac\u00ae para instala\u00e7\u00f5es correcionais oferecem durabilidade incompar\u00e1vel para reduzir o tempo de inatividade. O treinamento de detentos e funcion\u00e1rios \u00e9 r\u00e1pido e f\u00e1cil com um sistema de controle simples e intuitivo.\",\"breadcrumb\":{\"@id\":\"https:\/\/unimac.com\/br\/industrias\/sistema-prisional\/#breadcrumb\"},\"inLanguage\":\"pt-BR\",\"potentialAction\":[{\"@type\":\"ReadAction\",\"target\":[\"https:\/\/unimac.com\/br\/industrias\/sistema-prisional\/\"]}]},{\"@type\":\"BreadcrumbList\",\"@id\":\"https:\/\/unimac.com\/br\/industrias\/sistema-prisional\/#breadcrumb\",\"itemListElement\":[{\"@type\":\"ListItem\",\"position\":1,\"name\":\"Home\",\"item\":\"https:\/\/unimac.com\/br\/\"},{\"@type\":\"ListItem\",\"position\":2,\"name\":\"Ind\u00fastrias\",\"item\":\"https:\/\/unimac.com\/br\/industrias\/\"},{\"@type\":\"ListItem\",\"position\":3,\"name\":\"Sistema Prisional\"}]},{\"@type\":\"WebSite\",\"@id\":\"https:\/\/unimac.com\/br\/#website\",\"url\":\"https:\/\/unimac.com\/br\/\",\"name\":\"Unimac Brasil\",\"description\":\"Maximum Performance\",\"publisher\":{\"@id\":\"https:\/\/unimac.com\/br\/#organization\"},\"potentialAction\":[{\"@type\":\"SearchAction\",\"target\":{\"@type\":\"EntryPoint\",\"urlTemplate\":\"https:\/\/unimac.com\/br\/?s={search_term_string}\"},\"query-input\":{\"@type\":\"PropertyValueSpecification\",\"valueRequired\":true,\"valueName\":\"search_term_string\"}}],\"inLanguage\":\"pt-BR\"},{\"@type\":\"Organization\",\"@id\":\"https:\/\/unimac.com\/br\/#organization\",\"name\":\"Unimac\",\"url\":\"https:\/\/unimac.com\/br\/\",\"logo\":{\"@type\":\"ImageObject\",\"inLanguage\":\"pt-BR\",\"@id\":\"https:\/\/unimac.com\/br\/#\/schema\/logo\/image\/\",\"url\":\"https:\/\/unimac.com\/br\/wp-content\/uploads\/sites\/14\/2020\/03\/unimac.png\",\"contentUrl\":\"https:\/\/unimac.com\/br\/wp-content\/uploads\/sites\/14\/2020\/03\/unimac.png\",\"width\":1248,\"height\":843,\"caption\":\"Unimac\"},\"image\":{\"@id\":\"https:\/\/unimac.com\/br\/#\/schema\/logo\/image\/\"}}]}<\/script>\n<!-- \/ Yoast SEO Premium plugin. -->","yoast_head_json":{"title":"M\u00e1quinas de lavanderia para instala\u00e7\u00f5es correcionais","description":"As m\u00e1quinas de lavanderia UniMac\u00ae para instala\u00e7\u00f5es correcionais oferecem durabilidade incompar\u00e1vel para reduzir o tempo de inatividade. O treinamento de detentos e funcion\u00e1rios \u00e9 r\u00e1pido e f\u00e1cil com um sistema de controle simples e intuitivo.","robots":{"index":"index","follow":"follow","max-snippet":"max-snippet:-1","max-image-preview":"max-image-preview:large","max-video-preview":"max-video-preview:-1"},"canonical":"https:\/\/unimac.com\/br\/industrias\/sistema-prisional\/","og_locale":"pt_BR","og_type":"article","og_title":"Sistema Prisional","og_description":"As m\u00e1quinas de lavanderia UniMac\u00ae para instala\u00e7\u00f5es correcionais oferecem durabilidade incompar\u00e1vel para reduzir o tempo de inatividade. O treinamento de detentos e funcion\u00e1rios \u00e9 r\u00e1pido e f\u00e1cil com um sistema de controle simples e intuitivo.","og_url":"https:\/\/unimac.com\/br\/industrias\/sistema-prisional\/","og_site_name":"Unimac Brasil","article_modified_time":"2024-11-08T11:57:38+00:00","twitter_card":"summary_large_image","twitter_misc":{"Est. tempo de leitura":"2 minutos"},"schema":{"@context":"https:\/\/schema.org","@graph":[{"@type":"WebPage","@id":"https:\/\/unimac.com\/br\/industrias\/sistema-prisional\/","url":"https:\/\/unimac.com\/br\/industrias\/sistema-prisional\/","name":"M\u00e1quinas de lavanderia para instala\u00e7\u00f5es correcionais","isPartOf":{"@id":"https:\/\/unimac.com\/br\/#website"},"datePublished":"2019-08-07T00:45:02+00:00","dateModified":"2024-11-08T11:57:38+00:00","description":"As m\u00e1quinas de lavanderia UniMac\u00ae para instala\u00e7\u00f5es correcionais oferecem durabilidade incompar\u00e1vel para reduzir o tempo de inatividade. O treinamento de detentos e funcion\u00e1rios \u00e9 r\u00e1pido e f\u00e1cil com um sistema de controle simples e intuitivo.","breadcrumb":{"@id":"https:\/\/unimac.com\/br\/industrias\/sistema-prisional\/#breadcrumb"},"inLanguage":"pt-BR","potentialAction":[{"@type":"ReadAction","target":["https:\/\/unimac.com\/br\/industrias\/sistema-prisional\/"]}]},{"@type":"BreadcrumbList","@id":"https:\/\/unimac.com\/br\/industrias\/sistema-prisional\/#breadcrumb","itemListElement":[{"@type":"ListItem","position":1,"name":"Home","item":"https:\/\/unimac.com\/br\/"},{"@type":"ListItem","position":2,"name":"Ind\u00fastrias","item":"https:\/\/unimac.com\/br\/industrias\/"},{"@type":"ListItem","position":3,"name":"Sistema Prisional"}]},{"@type":"WebSite","@id":"https:\/\/unimac.com\/br\/#website","url":"https:\/\/unimac.com\/br\/","name":"Unimac Brasil","description":"Maximum Performance","publisher":{"@id":"https:\/\/unimac.com\/br\/#organization"},"potentialAction":[{"@type":"SearchAction","target":{"@type":"EntryPoint","urlTemplate":"https:\/\/unimac.com\/br\/?s={search_term_string}"},"query-input":{"@type":"PropertyValueSpecification","valueRequired":true,"valueName":"search_term_string"}}],"inLanguage":"pt-BR"},{"@type":"Organization","@id":"https:\/\/unimac.com\/br\/#organization","name":"Unimac","url":"https:\/\/unimac.com\/br\/","logo":{"@type":"ImageObject","inLanguage":"pt-BR","@id":"https:\/\/unimac.com\/br\/#\/schema\/logo\/image\/","url":"https:\/\/unimac.com\/br\/wp-content\/uploads\/sites\/14\/2020\/03\/unimac.png","contentUrl":"https:\/\/unimac.com\/br\/wp-content\/uploads\/sites\/14\/2020\/03\/unimac.png","width":1248,"height":843,"caption":"Unimac"},"image":{"@id":"https:\/\/unimac.com\/br\/#\/schema\/logo\/image\/"}}]}},"acf":[],"_links":{"self":[{"href":"https:\/\/unimac.com\/br\/wp-json\/wp\/v2\/pages\/1306","targetHints":{"allow":["GET"]}}],"collection":[{"href":"https:\/\/unimac.com\/br\/wp-json\/wp\/v2\/pages"}],"about":[{"href":"https:\/\/unimac.com\/br\/wp-json\/wp\/v2\/types\/page"}],"author":[{"embeddable":true,"href":"https:\/\/unimac.com\/br\/wp-json\/wp\/v2\/users\/1"}],"replies":[{"embeddable":true,"href":"https:\/\/unimac.com\/br\/wp-json\/wp\/v2\/comments?post=1306"}],"version-history":[{"count":57,"href":"https:\/\/unimac.com\/br\/wp-json\/wp\/v2\/pages\/1306\/revisions"}],"predecessor-version":[{"id":21977,"href":"https:\/\/unimac.com\/br\/wp-json\/wp\/v2\/pages\/1306\/revisions\/21977"}],"up":[{"embeddable":true,"href":"https:\/\/unimac.com\/br\/wp-json\/wp\/v2\/pages\/1121"}],"wp:attachment":[{"href":"https:\/\/unimac.com\/br\/wp-json\/wp\/v2\/media?parent=1306"}],"curies":[{"name":"wp","href":"https:\/\/api.w.org\/{rel}","templated":true}]}}