{"id":1311,"date":"2019-08-06T21:50:35","date_gmt":"2019-08-07T00:50:35","guid":{"rendered":"http:\/\/unimac.bitnamiapp.com\/?page_id=1311"},"modified":"2024-11-08T08:54:25","modified_gmt":"2024-11-08T11:54:25","slug":"lavanderia-comercial","status":"publish","type":"page","link":"https:\/\/unimac.com\/br\/industrias\/lavanderia-comercial\/","title":{"rendered":"Lavanderia Comercial"},"content":{"rendered":"<p><div class=\"fusion-fullwidth fullwidth-box fusion-builder-row-1 fusion-flex-container has-pattern-background has-mask-background fusion-parallax-none hundred-percent-fullwidth non-hundred-percent-height-scrolling\" style=\"--awb-border-radius-top-left:0px;--awb-border-radius-top-right:0px;--awb-border-radius-bottom-right:0px;--awb-border-radius-bottom-left:0px;--awb-padding-top:0px;--awb-padding-right:0px;--awb-padding-bottom:0px;--awb-padding-left:0px;--awb-min-height:600px;--awb-background-color:var(--awb-color2);--awb-background-image:url(&quot;https:\/\/unimac.com\/nstest\/wp-content\/uploads\/sites\/14\/2023\/04\/G-Force_Extract_Water-2.png&quot;);--awb-background-size:cover;--awb-flex-wrap:wrap;\" ><div class=\"fusion-builder-row fusion-row fusion-flex-align-items-stretch fusion-flex-content-wrap\" style=\"width:calc( 100% + 0px ) !important;max-width:calc( 100% + 0px ) !important;margin-left: calc(-0px \/ 2 );margin-right: calc(-0px \/ 2 );\"><div class=\"fusion-layout-column fusion_builder_column fusion-builder-column-0 fusion_builder_column_1_2 1_2 fusion-flex-column\" style=\"--awb-padding-top:60px;--awb-padding-right:5vw;--awb-padding-left:5vw;--awb-bg-size:cover;--awb-width-large:50%;--awb-margin-top-large:0px;--awb-spacing-right-large:0px;--awb-margin-bottom-large:0px;--awb-spacing-left-large:0px;--awb-width-medium:50%;--awb-order-medium:0;--awb-spacing-right-medium:0px;--awb-spacing-left-medium:0px;--awb-width-small:100%;--awb-order-small:0;--awb-spacing-right-small:0px;--awb-spacing-left-small:0px;\"><div class=\"fusion-column-wrapper fusion-column-has-shadow fusion-flex-justify-content-center fusion-content-layout-column\"><div class=\"fusion-text fusion-text-1\"><h1 class=\"fusion-responsive-typography-calculated\" style=\"--fontsize: 60; line-height: 1.16;\" data-fontsize=\"60\" data-lineheight=\"69.6px\">Lavadoras e secadoras comerciais para lavanderia interna<\/h1>\n<p style=\"color: var(--awb-color1);\">A lavanderia interna exige agilidade e m\u00e1xima produtividade. As lavadoras e secadoras comerciais da UniMac funcionam incansavelmente para proporcionar economia de tempo e maior efici\u00eancia de m\u00e3o de obra.<\/p>\n<\/div><\/div><\/div><div class=\"fusion-layout-column fusion_builder_column fusion-builder-column-1 fusion_builder_column_1_2 1_2 fusion-flex-column fusion-flex-align-self-center\" style=\"--awb-bg-position:center center;--awb-bg-size:cover;--awb-width-large:50%;--awb-margin-top-large:0px;--awb-spacing-right-large:0px;--awb-margin-bottom-large:0px;--awb-spacing-left-large:0px;--awb-width-medium:50%;--awb-order-medium:0;--awb-spacing-right-medium:0px;--awb-spacing-left-medium:0px;--awb-width-small:100%;--awb-order-small:0;--awb-spacing-right-small:0px;--awb-spacing-left-small:0px;\"><div class=\"fusion-column-wrapper fusion-column-has-shadow fusion-flex-justify-content-flex-start fusion-content-layout-column\"><div class=\"fusion-image-element \" style=\"--awb-caption-title-font-family:var(--h2_typography-font-family);--awb-caption-title-font-weight:var(--h2_typography-font-weight);--awb-caption-title-font-style:var(--h2_typography-font-style);--awb-caption-title-size:var(--h2_typography-font-size);--awb-caption-title-transform:var(--h2_typography-text-transform);--awb-caption-title-line-height:var(--h2_typography-line-height);--awb-caption-title-letter-spacing:var(--h2_typography-letter-spacing);\"><span class=\" fusion-imageframe imageframe-none imageframe-1 hover-type-none\"><img decoding=\"async\" width=\"1192\" height=\"1073\" alt=\"built to wash\" title=\"UniMac OPL Relentless Website Updates Banner Image &#8211; Only Washer 800&#215;533 D01V02.02\" data-src=\"https:\/\/unimac.com\/nstest\/wp-content\/uploads\/sites\/14\/2023\/04\/UniMac-OPL-Relentless-Website-Updates-Banner-Image-Only-Washer-800x533-D01V02.02-1-e1680793248864.png\" class=\"img-responsive wp-image-19582 lazyload\" data-srcset=\"https:\/\/unimac.com\/br\/wp-content\/uploads\/sites\/14\/2023\/04\/UniMac-OPL-Relentless-Website-Updates-Banner-Image-Only-Washer-800x533-D01V02.02-1-e1680793248864-200x180.png 200w, https:\/\/unimac.com\/br\/wp-content\/uploads\/sites\/14\/2023\/04\/UniMac-OPL-Relentless-Website-Updates-Banner-Image-Only-Washer-800x533-D01V02.02-1-e1680793248864-400x360.png 400w, https:\/\/unimac.com\/br\/wp-content\/uploads\/sites\/14\/2023\/04\/UniMac-OPL-Relentless-Website-Updates-Banner-Image-Only-Washer-800x533-D01V02.02-1-e1680793248864-600x540.png 600w, https:\/\/unimac.com\/br\/wp-content\/uploads\/sites\/14\/2023\/04\/UniMac-OPL-Relentless-Website-Updates-Banner-Image-Only-Washer-800x533-D01V02.02-1-e1680793248864-800x720.png 800w, https:\/\/unimac.com\/br\/wp-content\/uploads\/sites\/14\/2023\/04\/UniMac-OPL-Relentless-Website-Updates-Banner-Image-Only-Washer-800x533-D01V02.02-1-e1680793248864.png 1192w\" data-sizes=\"(max-width: 767px) 100vw, 800px\" src=\"data:image\/svg+xml;base64,PHN2ZyB3aWR0aD0iMSIgaGVpZ2h0PSIxIiB4bWxucz0iaHR0cDovL3d3dy53My5vcmcvMjAwMC9zdmciPjwvc3ZnPg==\" style=\"--smush-placeholder-width: 1192px; --smush-placeholder-aspect-ratio: 1192\/1073;\" \/><\/span><\/div><\/div><\/div><\/div><\/div><div class=\"fusion-fullwidth fullwidth-box fusion-builder-row-2 fusion-flex-container hundred-percent-fullwidth non-hundred-percent-height-scrolling\" style=\"--awb-border-radius-top-left:0px;--awb-border-radius-top-right:0px;--awb-border-radius-bottom-right:0px;--awb-border-radius-bottom-left:0px;--awb-padding-top:0px;--awb-padding-right:0px;--awb-padding-bottom:0px;--awb-padding-left:0px;--awb-min-height:600px;--awb-flex-wrap:wrap;\" ><div class=\"fusion-builder-row fusion-row fusion-flex-align-items-stretch fusion-flex-content-wrap\" style=\"width:calc( 100% + 0px ) !important;max-width:calc( 100% + 0px ) !important;margin-left: calc(-0px \/ 2 );margin-right: calc(-0px \/ 2 );\"><div class=\"fusion-layout-column fusion_builder_column fusion-builder-column-2 fusion_builder_column_2_3 2_3 fusion-flex-column\" style=\"--awb-bg-image:url(&#039;https:\/\/unimac.com\/nstest\/wp-content\/uploads\/sites\/14\/2022\/05\/TowelsInCloset.png&#039;);--awb-bg-position:center center;--awb-bg-size:cover;--awb-width-large:66.666666666667%;--awb-margin-top-large:0px;--awb-spacing-right-large:0px;--awb-margin-bottom-large:0px;--awb-spacing-left-large:0px;--awb-width-medium:40%;--awb-order-medium:0;--awb-spacing-right-medium:0px;--awb-spacing-left-medium:0px;--awb-width-small:100%;--awb-order-small:0;--awb-spacing-right-small:0px;--awb-spacing-left-small:0px;\"><div class=\"fusion-column-wrapper fusion-column-has-shadow fusion-flex-justify-content-flex-start fusion-content-layout-column fusion-empty-column-bg-image fusion-column-has-bg-image\" data-bg-url=\"https:\/\/unimac.com\/nstest\/wp-content\/uploads\/sites\/14\/2022\/05\/TowelsInCloset.png\"><img decoding=\"async\" class=\"fusion-empty-dims-img-placeholder fusion-no-large-visibility fusion-no-medium-visibility\" src=\"data:image\/gif;base64,R0lGODlhAQABAAAAACH5BAEKAAEALAAAAAABAAEAAAICTAEAOw==\"><\/div><\/div><div class=\"fusion-layout-column fusion_builder_column fusion-builder-column-3 fusion_builder_column_1_3 1_3 fusion-flex-column\" style=\"--awb-padding-top:60px;--awb-padding-right:5vw;--awb-padding-left:5vw;--awb-bg-size:cover;--awb-width-large:33.333333333333%;--awb-margin-top-large:0px;--awb-spacing-right-large:0px;--awb-margin-bottom-large:0px;--awb-spacing-left-large:0px;--awb-width-medium:60%;--awb-order-medium:0;--awb-spacing-right-medium:0px;--awb-spacing-left-medium:0px;--awb-width-small:100%;--awb-order-small:0;--awb-spacing-right-small:0px;--awb-spacing-left-small:0px;\"><div class=\"fusion-column-wrapper fusion-column-has-shadow fusion-flex-justify-content-center fusion-content-layout-column\"><div class=\"fusion-text fusion-text-2\"><h3 class=\"fusion-responsive-typography-calculated\" style=\"--fontsize: 40; line-height: 1.3; --minfontsize: 40;\" data-fontsize=\"40\" data-lineheight=\"52px\">ALCANCE UMA EFICI\u00caNCIA CONT\u00cdNUA NA LAVANDERIA COM FACILIDADE<\/h3>\n<p>Realizar a lavanderia corretamente e no prazo adequado afeta suas opera\u00e7\u00f5es di\u00e1rias, n\u00e3o importa em qual setor voc\u00ea esteja, seja <a href=\"https:\/\/unimac.com\/br\/industrias\/hospitalidade\/\">hospitalidade<\/a>, <a href=\"https:\/\/unimac.com\/br\/industrias\/cuidados-de-longo-prazo-assistencia-para-idosos\/\">cuidados de longo prazo<\/a>, bombeiros, cuidados t\u00eaxteis, <a href=\"https:\/\/unimac.com\/br\/industrias\/esportes\/\">esportes<\/a>, <a href=\"https:\/\/unimac.com\/nstest\/industries\/corrections\/?fb-edit=1\">corre\u00e7\u00f5es <\/a>ou outro neg\u00f3cio. As m\u00e1quinas de lavanderia comercial da UniMac s\u00e3o projetadas com controles intuitivos e ciclos program\u00e1veis para tornar o trabalho mais eficiente, ao mesmo tempo em que oferecem o menor custo total de propriedade ao longo da vida \u00fatil da m\u00e1quina.<\/p>\n<\/div><\/div><\/div><\/div><\/div><div class=\"fusion-fullwidth fullwidth-box fusion-builder-row-3 fusion-flex-container reverse nonhundred-percent-fullwidth non-hundred-percent-height-scrolling\" style=\"--awb-border-radius-top-left:0px;--awb-border-radius-top-right:0px;--awb-border-radius-bottom-right:0px;--awb-border-radius-bottom-left:0px;--awb-padding-top:0px;--awb-padding-right:0px;--awb-padding-bottom:0px;--awb-padding-left:0px;--awb-min-height:600px;--awb-flex-wrap:wrap;\" ><div class=\"fusion-builder-row fusion-row fusion-flex-align-items-stretch fusion-flex-content-wrap\" style=\"max-width:calc( 1400px + 0px );margin-left: calc(-0px \/ 2 );margin-right: calc(-0px \/ 2 );\"><div class=\"fusion-layout-column fusion_builder_column fusion-builder-column-4 fusion_builder_column_2_3 2_3 fusion-flex-column\" style=\"--awb-bg-position:center center;--awb-bg-size:cover;--awb-width-large:66.666666666667%;--awb-margin-top-large:0px;--awb-spacing-right-large:0px;--awb-margin-bottom-large:0px;--awb-spacing-left-large:0px;--awb-width-medium:40%;--awb-order-medium:0;--awb-spacing-right-medium:0px;--awb-spacing-left-medium:0px;--awb-width-small:100%;--awb-order-small:0;--awb-spacing-right-small:0px;--awb-spacing-left-small:0px;\"><div class=\"fusion-column-wrapper fusion-column-has-shadow fusion-flex-justify-content-flex-start fusion-content-layout-column\"><div class=\"fusion-image-element \" style=\"text-align:center;--awb-margin-top:40px;--awb-max-width:1000px;--awb-caption-title-font-family:var(--h2_typography-font-family);--awb-caption-title-font-weight:var(--h2_typography-font-weight);--awb-caption-title-font-style:var(--h2_typography-font-style);--awb-caption-title-size:var(--h2_typography-font-size);--awb-caption-title-transform:var(--h2_typography-text-transform);--awb-caption-title-line-height:var(--h2_typography-line-height);--awb-caption-title-letter-spacing:var(--h2_typography-letter-spacing);\"><span class=\" fusion-imageframe imageframe-none imageframe-2 hover-type-none\"><img decoding=\"async\" width=\"3304\" height=\"1749\" title=\"UniMac_Product_Lineup (1)\" data-src=\"https:\/\/unimac.com\/nstest\/wp-content\/uploads\/sites\/14\/2022\/06\/UniMac_Product_Lineup-1-e1680797861587.png\" alt class=\"img-responsive wp-image-18598 lazyload\" data-srcset=\"https:\/\/unimac.com\/br\/wp-content\/uploads\/sites\/14\/2022\/06\/UniMac_Product_Lineup-1-e1680797861587-200x106.png 200w, https:\/\/unimac.com\/br\/wp-content\/uploads\/sites\/14\/2022\/06\/UniMac_Product_Lineup-1-e1680797861587-400x212.png 400w, https:\/\/unimac.com\/br\/wp-content\/uploads\/sites\/14\/2022\/06\/UniMac_Product_Lineup-1-e1680797861587-600x318.png 600w, https:\/\/unimac.com\/br\/wp-content\/uploads\/sites\/14\/2022\/06\/UniMac_Product_Lineup-1-e1680797861587-800x423.png 800w, https:\/\/unimac.com\/br\/wp-content\/uploads\/sites\/14\/2022\/06\/UniMac_Product_Lineup-1-e1680797861587-1200x635.png 1200w, https:\/\/unimac.com\/br\/wp-content\/uploads\/sites\/14\/2022\/06\/UniMac_Product_Lineup-1-e1680797861587.png 3304w\" data-sizes=\"(max-width: 767px) 100vw, 1200px\" src=\"data:image\/svg+xml;base64,PHN2ZyB3aWR0aD0iMSIgaGVpZ2h0PSIxIiB4bWxucz0iaHR0cDovL3d3dy53My5vcmcvMjAwMC9zdmciPjwvc3ZnPg==\" style=\"--smush-placeholder-width: 3304px; --smush-placeholder-aspect-ratio: 3304\/1749;\" \/><\/span><\/div><\/div><\/div><div class=\"fusion-layout-column fusion_builder_column fusion-builder-column-5 fusion_builder_column_1_3 1_3 fusion-flex-column fusion-flex-align-self-center\" style=\"--awb-padding-top:30px;--awb-padding-right:30px;--awb-padding-bottom:30px;--awb-padding-left:30px;--awb-bg-size:cover;--awb-width-large:33.333333333333%;--awb-margin-top-large:0px;--awb-spacing-right-large:0px;--awb-margin-bottom-large:0px;--awb-spacing-left-large:0px;--awb-width-medium:60%;--awb-order-medium:0;--awb-spacing-right-medium:0px;--awb-spacing-left-medium:0px;--awb-width-small:100%;--awb-order-small:0;--awb-spacing-right-small:0px;--awb-spacing-left-small:0px;\"><div class=\"fusion-column-wrapper fusion-column-has-shadow fusion-flex-justify-content-center fusion-content-layout-column\"><div class=\"fusion-text fusion-text-3\"><h3 class=\"fusion-responsive-typography-calculated\" style=\"--fontsize: 40; line-height: 1.3; --minfontsize: 40;\" data-fontsize=\"40\" data-lineheight=\"52px\">M\u00e1quinas de lavar e secadoras comerciais incans\u00e1veis<\/h3>\n<p>As m\u00e1quinas de lavar e secadoras comerciais de carga frontal da UniMac entregam quando voc\u00ea mais precisa. Tenha uma vantagem de 30 minutos no in\u00edcio do dia de trabalho com nossa fun\u00e7\u00e3o de partida avan\u00e7ada program\u00e1vel. Aumente significativamente a capacidade de processamento de sua instala\u00e7\u00e3o com velocidades de extra\u00e7\u00e3o at\u00e9 tr\u00eas vezes mais r\u00e1pidas do que algumas m\u00e1quinas, resultando em tempos de secagem mais curtos. Reduza o tempo de enchimento valioso em cada ciclo com o dobro do n\u00famero de v\u00e1lvulas padr\u00e3o.<\/p>\n<\/div><\/div><\/div><\/div><\/div><div class=\"fusion-fullwidth fullwidth-box fusion-builder-row-4 fusion-flex-container nonhundred-percent-fullwidth non-hundred-percent-height-scrolling\" style=\"--awb-border-radius-top-left:0px;--awb-border-radius-top-right:0px;--awb-border-radius-bottom-right:0px;--awb-border-radius-bottom-left:0px;--awb-padding-top:50px;--awb-padding-bottom:50px;--awb-background-color:var(--awb-color4);--awb-flex-wrap:wrap;\" ><div class=\"fusion-builder-row fusion-row fusion-flex-align-items-center fusion-flex-justify-content-center fusion-flex-content-wrap\" style=\"max-width:1456px;margin-left: calc(-4% \/ 2 );margin-right: calc(-4% \/ 2 );\"><div class=\"fusion-layout-column fusion_builder_column fusion-builder-column-6 fusion_builder_column_3_5 3_5 fusion-flex-column\" style=\"--awb-bg-size:cover;--awb-width-large:60%;--awb-margin-top-large:0px;--awb-spacing-right-large:3.2%;--awb-margin-bottom-large:0px;--awb-spacing-left-large:3.2%;--awb-width-medium:80%;--awb-order-medium:0;--awb-spacing-right-medium:2.4%;--awb-spacing-left-medium:2.4%;--awb-width-small:100%;--awb-order-small:0;--awb-spacing-right-small:1.92%;--awb-spacing-left-small:1.92%;\"><div class=\"fusion-column-wrapper fusion-column-has-shadow fusion-flex-justify-content-flex-start fusion-content-layout-column\"><div class=\"fusion-text fusion-text-4\" style=\"--awb-text-color:var(--awb-color1);\"><h3 class=\"fusion-responsive-typography-calculated\" style=\"text-align: center; --fontsize: 40; line-height: 1.3; --minfontsize: 40;\" data-fontsize=\"40\" data-lineheight=\"52px\">A SUA REDE DE M\u00c1QUINAS DE LAVAR E SECADORAS COMERCIAIS<\/h3>\n<p style=\"text-align: center;\">\n<\/div><div style=\"text-align:center;\"><a class=\"fusion-button button-flat fusion-button-default-size button-default fusion-button-default button-1 fusion-button-default-span fusion-button-default-type\" target=\"_self\" href=\"https:\/\/unimac.com\/br\/localizador-de-distribuidores\/\"><span class=\"fusion-button-text awb-button__text awb-button__text--default\">ENTRE EM CONTATO COM O SEU DISTRIBUIDOR<\/span><\/a><\/div><\/div><\/div><\/div><\/div><\/p>\n","protected":false},"excerpt":{"rendered":"","protected":false},"author":1,"featured_media":0,"parent":1121,"menu_order":0,"comment_status":"closed","ping_status":"closed","template":"100-width.php","meta":{"_acf_changed":false,"inline_featured_image":false,"footnotes":""},"class_list":["post-1311","page","type-page","status-publish","hentry"],"yoast_head":"<!-- This site is optimized with the Yoast SEO Premium plugin v23.4 (Yoast SEO v26.2) - https:\/\/yoast.com\/wordpress\/plugins\/seo\/ -->\n<title>Lavadoras e secadoras comerciais para lavanderia UniMac\u00ae<\/title>\n<meta name=\"description\" content=\"A lavanderia interna exige agilidade e m\u00e1xima produtividade. As lavadoras e secadoras comerciais da UniMac funcionam incansavelmente para proporcionar economia de tempo e maior efici\u00eancia de m\u00e3o de obra.\" \/>\n<meta name=\"robots\" content=\"index, follow, max-snippet:-1, max-image-preview:large, max-video-preview:-1\" \/>\n<link rel=\"canonical\" href=\"https:\/\/unimac.com\/br\/industrias\/lavanderia-comercial\/\" \/>\n<meta property=\"og:locale\" content=\"pt_BR\" \/>\n<meta property=\"og:type\" content=\"article\" \/>\n<meta property=\"og:title\" content=\"Lavanderia Comercial\" \/>\n<meta property=\"og:description\" content=\"A lavanderia interna exige agilidade e m\u00e1xima produtividade. As lavadoras e secadoras comerciais da UniMac funcionam incansavelmente para proporcionar economia de tempo e maior efici\u00eancia de m\u00e3o de obra.\" \/>\n<meta property=\"og:url\" content=\"https:\/\/unimac.com\/br\/industrias\/lavanderia-comercial\/\" \/>\n<meta property=\"og:site_name\" content=\"Unimac Brasil\" \/>\n<meta property=\"article:modified_time\" content=\"2024-11-08T11:54:25+00:00\" \/>\n<meta name=\"twitter:card\" content=\"summary_large_image\" \/>\n<meta name=\"twitter:label1\" content=\"Est. tempo de leitura\" \/>\n\t<meta name=\"twitter:data1\" content=\"2 minutos\" \/>\n<script type=\"application\/ld+json\" class=\"yoast-schema-graph\">{\"@context\":\"https:\/\/schema.org\",\"@graph\":[{\"@type\":\"WebPage\",\"@id\":\"https:\/\/unimac.com\/br\/industrias\/lavanderia-comercial\/\",\"url\":\"https:\/\/unimac.com\/br\/industrias\/lavanderia-comercial\/\",\"name\":\"Lavadoras e secadoras comerciais para lavanderia UniMac\u00ae\",\"isPartOf\":{\"@id\":\"https:\/\/unimac.com\/br\/#website\"},\"datePublished\":\"2019-08-07T00:50:35+00:00\",\"dateModified\":\"2024-11-08T11:54:25+00:00\",\"description\":\"A lavanderia interna exige agilidade e m\u00e1xima produtividade. As lavadoras e secadoras comerciais da UniMac funcionam incansavelmente para proporcionar economia de tempo e maior efici\u00eancia de m\u00e3o de obra.\",\"breadcrumb\":{\"@id\":\"https:\/\/unimac.com\/br\/industrias\/lavanderia-comercial\/#breadcrumb\"},\"inLanguage\":\"pt-BR\",\"potentialAction\":[{\"@type\":\"ReadAction\",\"target\":[\"https:\/\/unimac.com\/br\/industrias\/lavanderia-comercial\/\"]}]},{\"@type\":\"BreadcrumbList\",\"@id\":\"https:\/\/unimac.com\/br\/industrias\/lavanderia-comercial\/#breadcrumb\",\"itemListElement\":[{\"@type\":\"ListItem\",\"position\":1,\"name\":\"Home\",\"item\":\"https:\/\/unimac.com\/br\/\"},{\"@type\":\"ListItem\",\"position\":2,\"name\":\"Ind\u00fastrias\",\"item\":\"https:\/\/unimac.com\/br\/industrias\/\"},{\"@type\":\"ListItem\",\"position\":3,\"name\":\"Lavanderia Comercial\"}]},{\"@type\":\"WebSite\",\"@id\":\"https:\/\/unimac.com\/br\/#website\",\"url\":\"https:\/\/unimac.com\/br\/\",\"name\":\"Unimac Brasil\",\"description\":\"Maximum Performance\",\"publisher\":{\"@id\":\"https:\/\/unimac.com\/br\/#organization\"},\"potentialAction\":[{\"@type\":\"SearchAction\",\"target\":{\"@type\":\"EntryPoint\",\"urlTemplate\":\"https:\/\/unimac.com\/br\/?s={search_term_string}\"},\"query-input\":{\"@type\":\"PropertyValueSpecification\",\"valueRequired\":true,\"valueName\":\"search_term_string\"}}],\"inLanguage\":\"pt-BR\"},{\"@type\":\"Organization\",\"@id\":\"https:\/\/unimac.com\/br\/#organization\",\"name\":\"Unimac\",\"url\":\"https:\/\/unimac.com\/br\/\",\"logo\":{\"@type\":\"ImageObject\",\"inLanguage\":\"pt-BR\",\"@id\":\"https:\/\/unimac.com\/br\/#\/schema\/logo\/image\/\",\"url\":\"https:\/\/unimac.com\/br\/wp-content\/uploads\/sites\/14\/2020\/03\/unimac.png\",\"contentUrl\":\"https:\/\/unimac.com\/br\/wp-content\/uploads\/sites\/14\/2020\/03\/unimac.png\",\"width\":1248,\"height\":843,\"caption\":\"Unimac\"},\"image\":{\"@id\":\"https:\/\/unimac.com\/br\/#\/schema\/logo\/image\/\"}}]}<\/script>\n<!-- \/ Yoast SEO Premium plugin. -->","yoast_head_json":{"title":"Lavadoras e secadoras comerciais para lavanderia UniMac\u00ae","description":"A lavanderia interna exige agilidade e m\u00e1xima produtividade. As lavadoras e secadoras comerciais da UniMac funcionam incansavelmente para proporcionar economia de tempo e maior efici\u00eancia de m\u00e3o de obra.","robots":{"index":"index","follow":"follow","max-snippet":"max-snippet:-1","max-image-preview":"max-image-preview:large","max-video-preview":"max-video-preview:-1"},"canonical":"https:\/\/unimac.com\/br\/industrias\/lavanderia-comercial\/","og_locale":"pt_BR","og_type":"article","og_title":"Lavanderia Comercial","og_description":"A lavanderia interna exige agilidade e m\u00e1xima produtividade. As lavadoras e secadoras comerciais da UniMac funcionam incansavelmente para proporcionar economia de tempo e maior efici\u00eancia de m\u00e3o de obra.","og_url":"https:\/\/unimac.com\/br\/industrias\/lavanderia-comercial\/","og_site_name":"Unimac Brasil","article_modified_time":"2024-11-08T11:54:25+00:00","twitter_card":"summary_large_image","twitter_misc":{"Est. tempo de leitura":"2 minutos"},"schema":{"@context":"https:\/\/schema.org","@graph":[{"@type":"WebPage","@id":"https:\/\/unimac.com\/br\/industrias\/lavanderia-comercial\/","url":"https:\/\/unimac.com\/br\/industrias\/lavanderia-comercial\/","name":"Lavadoras e secadoras comerciais para lavanderia UniMac\u00ae","isPartOf":{"@id":"https:\/\/unimac.com\/br\/#website"},"datePublished":"2019-08-07T00:50:35+00:00","dateModified":"2024-11-08T11:54:25+00:00","description":"A lavanderia interna exige agilidade e m\u00e1xima produtividade. As lavadoras e secadoras comerciais da UniMac funcionam incansavelmente para proporcionar economia de tempo e maior efici\u00eancia de m\u00e3o de obra.","breadcrumb":{"@id":"https:\/\/unimac.com\/br\/industrias\/lavanderia-comercial\/#breadcrumb"},"inLanguage":"pt-BR","potentialAction":[{"@type":"ReadAction","target":["https:\/\/unimac.com\/br\/industrias\/lavanderia-comercial\/"]}]},{"@type":"BreadcrumbList","@id":"https:\/\/unimac.com\/br\/industrias\/lavanderia-comercial\/#breadcrumb","itemListElement":[{"@type":"ListItem","position":1,"name":"Home","item":"https:\/\/unimac.com\/br\/"},{"@type":"ListItem","position":2,"name":"Ind\u00fastrias","item":"https:\/\/unimac.com\/br\/industrias\/"},{"@type":"ListItem","position":3,"name":"Lavanderia Comercial"}]},{"@type":"WebSite","@id":"https:\/\/unimac.com\/br\/#website","url":"https:\/\/unimac.com\/br\/","name":"Unimac Brasil","description":"Maximum Performance","publisher":{"@id":"https:\/\/unimac.com\/br\/#organization"},"potentialAction":[{"@type":"SearchAction","target":{"@type":"EntryPoint","urlTemplate":"https:\/\/unimac.com\/br\/?s={search_term_string}"},"query-input":{"@type":"PropertyValueSpecification","valueRequired":true,"valueName":"search_term_string"}}],"inLanguage":"pt-BR"},{"@type":"Organization","@id":"https:\/\/unimac.com\/br\/#organization","name":"Unimac","url":"https:\/\/unimac.com\/br\/","logo":{"@type":"ImageObject","inLanguage":"pt-BR","@id":"https:\/\/unimac.com\/br\/#\/schema\/logo\/image\/","url":"https:\/\/unimac.com\/br\/wp-content\/uploads\/sites\/14\/2020\/03\/unimac.png","contentUrl":"https:\/\/unimac.com\/br\/wp-content\/uploads\/sites\/14\/2020\/03\/unimac.png","width":1248,"height":843,"caption":"Unimac"},"image":{"@id":"https:\/\/unimac.com\/br\/#\/schema\/logo\/image\/"}}]}},"acf":[],"_links":{"self":[{"href":"https:\/\/unimac.com\/br\/wp-json\/wp\/v2\/pages\/1311","targetHints":{"allow":["GET"]}}],"collection":[{"href":"https:\/\/unimac.com\/br\/wp-json\/wp\/v2\/pages"}],"about":[{"href":"https:\/\/unimac.com\/br\/wp-json\/wp\/v2\/types\/page"}],"author":[{"embeddable":true,"href":"https:\/\/unimac.com\/br\/wp-json\/wp\/v2\/users\/1"}],"replies":[{"embeddable":true,"href":"https:\/\/unimac.com\/br\/wp-json\/wp\/v2\/comments?post=1311"}],"version-history":[{"count":57,"href":"https:\/\/unimac.com\/br\/wp-json\/wp\/v2\/pages\/1311\/revisions"}],"predecessor-version":[{"id":21975,"href":"https:\/\/unimac.com\/br\/wp-json\/wp\/v2\/pages\/1311\/revisions\/21975"}],"up":[{"embeddable":true,"href":"https:\/\/unimac.com\/br\/wp-json\/wp\/v2\/pages\/1121"}],"wp:attachment":[{"href":"https:\/\/unimac.com\/br\/wp-json\/wp\/v2\/media?parent=1311"}],"curies":[{"name":"wp","href":"https:\/\/api.w.org\/{rel}","templated":true}]}}