{"id":1336,"date":"2019-08-06T22:15:34","date_gmt":"2019-08-07T01:15:34","guid":{"rendered":"http:\/\/unimac.bitnamiapp.com\/?page_id=1336"},"modified":"2024-11-08T10:09:05","modified_gmt":"2024-11-08T13:09:05","slug":"maritimo","status":"publish","type":"page","link":"https:\/\/unimac.com\/br\/industrias\/maritimo\/","title":{"rendered":"Mar\u00edtimo"},"content":{"rendered":"<p><div class=\"fusion-fullwidth fullwidth-box fusion-builder-row-1 fusion-flex-container reverse hundred-percent-fullwidth non-hundred-percent-height-scrolling\" style=\"--awb-border-radius-top-left:0px;--awb-border-radius-top-right:0px;--awb-border-radius-bottom-right:0px;--awb-border-radius-bottom-left:0px;--awb-padding-top:0px;--awb-padding-right:0px;--awb-padding-bottom:0px;--awb-padding-left:0px;--awb-min-height:600px;--awb-flex-wrap:wrap;\" ><div class=\"fusion-builder-row fusion-row fusion-flex-align-items-stretch fusion-flex-content-wrap\" style=\"width:calc( 100% + 0px ) !important;max-width:calc( 100% + 0px ) !important;margin-left: calc(-0px \/ 2 );margin-right: calc(-0px \/ 2 );\"><div class=\"fusion-layout-column fusion_builder_column fusion-builder-column-0 fusion_builder_column_1_2 1_2 fusion-flex-column\" style=\"--awb-bg-image:url(&#039;https:\/\/unimac.com\/nstest\/wp-content\/uploads\/sites\/14\/2020\/04\/cruise-ship-PJVXE72-b.png&#039;);--awb-bg-position:center center;--awb-bg-size:cover;--awb-width-large:50%;--awb-margin-top-large:0px;--awb-spacing-right-large:0px;--awb-margin-bottom-large:0px;--awb-spacing-left-large:0px;--awb-width-medium:40%;--awb-order-medium:0;--awb-spacing-right-medium:0px;--awb-spacing-left-medium:0px;--awb-width-small:100%;--awb-order-small:0;--awb-spacing-right-small:0px;--awb-spacing-left-small:0px;\"><div class=\"fusion-column-wrapper fusion-column-has-shadow fusion-flex-justify-content-flex-start fusion-content-layout-column fusion-empty-column-bg-image fusion-column-has-bg-image\" data-bg-url=\"https:\/\/unimac.com\/nstest\/wp-content\/uploads\/sites\/14\/2020\/04\/cruise-ship-PJVXE72-b.png\"><img decoding=\"async\" class=\"fusion-empty-dims-img-placeholder fusion-no-large-visibility fusion-no-medium-visibility\" src=\"data:image\/gif;base64,R0lGODlhAQABAAAAACH5BAEKAAEALAAAAAABAAEAAAICTAEAOw==\"><\/div><\/div><div class=\"fusion-layout-column fusion_builder_column fusion-builder-column-1 fusion_builder_column_1_2 1_2 fusion-flex-column\" style=\"--awb-padding-top:60px;--awb-padding-right:5vw;--awb-padding-left:5vw;--awb-bg-color:#000000;--awb-bg-color-hover:#000000;--awb-bg-size:cover;--awb-width-large:50%;--awb-margin-top-large:0px;--awb-spacing-right-large:0px;--awb-margin-bottom-large:0px;--awb-spacing-left-large:0px;--awb-width-medium:60%;--awb-order-medium:0;--awb-spacing-right-medium:0px;--awb-spacing-left-medium:0px;--awb-width-small:100%;--awb-order-small:0;--awb-spacing-right-small:0px;--awb-spacing-left-small:0px;\"><div class=\"fusion-column-wrapper fusion-column-has-shadow fusion-flex-justify-content-center fusion-content-layout-column\"><div class=\"fusion-text fusion-text-1\"><h1 class=\"fusion-responsive-typography-calculated\" style=\"line-height: 1.16; color: var(--awb-color6); --fontsize: 60;\" data-fontsize=\"60\" data-lineheight=\"69.6px\">lavadoras e secadoras mar\u00edtimas para embarca\u00e7\u00f5es offshore<\/h1>\n<p><span class=\"TextRun SCXW218376164 BCX0\" lang=\"EN-US\" xml:lang=\"EN-US\" data-contrast=\"none\"><span class=\"NormalTextRun SCXW218376164 BCX0\" style=\"color: var(--awb-color1);\" data-ccp-parastyle=\"Copy\" data-ccp-parastyle-defn=\"\">Com as lavadoras e secadoras mar\u00edtimas UniMac\u00ae, voc\u00ea economiza o que mais importa \u2013 \u00e1gua, espa\u00e7o e tempo. Obtenha os equipamentos de lavanderia mais eficientes e confi\u00e1veis para sua embarca\u00e7\u00e3o offshore.<\/span><\/span><\/p>\n<\/div><\/div><\/div><\/div><\/div><div class=\"fusion-fullwidth fullwidth-box fusion-builder-row-2 fusion-flex-container reverse hundred-percent-fullwidth non-hundred-percent-height-scrolling\" style=\"--awb-border-radius-top-left:0px;--awb-border-radius-top-right:0px;--awb-border-radius-bottom-right:0px;--awb-border-radius-bottom-left:0px;--awb-padding-top:0px;--awb-padding-right:0px;--awb-padding-bottom:0px;--awb-padding-left:0px;--awb-min-height:600px;--awb-flex-wrap:wrap;\" ><div class=\"fusion-builder-row fusion-row fusion-flex-align-items-stretch fusion-flex-content-wrap\" style=\"width:calc( 100% + 0px ) !important;max-width:calc( 100% + 0px ) !important;margin-left: calc(-0px \/ 2 );margin-right: calc(-0px \/ 2 );\"><div class=\"fusion-layout-column fusion_builder_column fusion-builder-column-2 fusion_builder_column_2_3 2_3 fusion-flex-column\" style=\"--awb-bg-image:url(&#039;https:\/\/unimac.com\/nstest\/wp-content\/uploads\/sites\/14\/2020\/04\/cruise-crafts-chairs-relax-towels-lounge-.png&#039;);--awb-bg-position:center center;--awb-bg-size:cover;--awb-width-large:66.666666666667%;--awb-margin-top-large:0px;--awb-spacing-right-large:0px;--awb-margin-bottom-large:0px;--awb-spacing-left-large:0px;--awb-width-medium:40%;--awb-order-medium:0;--awb-spacing-right-medium:0px;--awb-spacing-left-medium:0px;--awb-width-small:100%;--awb-order-small:0;--awb-spacing-right-small:0px;--awb-spacing-left-small:0px;\"><div class=\"fusion-column-wrapper fusion-column-has-shadow fusion-flex-justify-content-flex-start fusion-content-layout-column fusion-empty-column-bg-image fusion-column-has-bg-image\" data-bg-url=\"https:\/\/unimac.com\/nstest\/wp-content\/uploads\/sites\/14\/2020\/04\/cruise-crafts-chairs-relax-towels-lounge-.png\"><img decoding=\"async\" class=\"fusion-empty-dims-img-placeholder fusion-no-large-visibility fusion-no-medium-visibility\" src=\"data:image\/gif;base64,R0lGODlhAQABAAAAACH5BAEKAAEALAAAAAABAAEAAAICTAEAOw==\"><\/div><\/div><div class=\"fusion-layout-column fusion_builder_column fusion-builder-column-3 fusion_builder_column_1_3 1_3 fusion-flex-column\" style=\"--awb-padding-top:60px;--awb-padding-right:5vw;--awb-padding-left:5vw;--awb-bg-size:cover;--awb-width-large:33.333333333333%;--awb-margin-top-large:0px;--awb-spacing-right-large:0px;--awb-margin-bottom-large:0px;--awb-spacing-left-large:0px;--awb-width-medium:60%;--awb-order-medium:0;--awb-spacing-right-medium:0px;--awb-spacing-left-medium:0px;--awb-width-small:100%;--awb-order-small:0;--awb-spacing-right-small:0px;--awb-spacing-left-small:0px;\"><div class=\"fusion-column-wrapper fusion-column-has-shadow fusion-flex-justify-content-center fusion-content-layout-column\"><div class=\"fusion-text fusion-text-2\"><h2 class=\"fusion-responsive-typography-calculated\" style=\"color: var(--awb-color6); --fontsize: 50; line-height: 1.2;\" data-fontsize=\"50\" data-lineheight=\"60px\">FA\u00c7A MAIS COM MENOS &#8211; COM A UNIMAC<\/h2>\n<p>As m\u00e1quinas de lavar e secar mar\u00edtimas da UniMac permitem que voc\u00ea fa\u00e7a mais com menos. Maior capacidade por carga significa menos espa\u00e7o e menos m\u00e1quinas necess\u00e1rias. Mais op\u00e7\u00f5es de n\u00edvel de \u00e1gua significam menos \u00e1gua utilizada. Obtenha mais efici\u00eancia com menos custo &#8211; na verdade, o menor custo total de propriedade ao longo da vida \u00fatil das m\u00e1quinas. E para embarca\u00e7\u00f5es mar\u00edtimas que viajam pelo mundo, nossa rede global de distribuidores oferece acesso a pe\u00e7as, servi\u00e7os e suporte &#8211; onde quer que seja o seu pr\u00f3ximo porto de escala.<\/p>\n<\/div><\/div><\/div><\/div><\/div><div class=\"fusion-fullwidth fullwidth-box fusion-builder-row-3 fusion-flex-container hundred-percent-fullwidth non-hundred-percent-height-scrolling\" style=\"--awb-border-radius-top-left:0px;--awb-border-radius-top-right:0px;--awb-border-radius-bottom-right:0px;--awb-border-radius-bottom-left:0px;--awb-padding-top:0px;--awb-padding-right:0px;--awb-padding-bottom:0px;--awb-padding-left:0px;--awb-min-height:600px;--awb-flex-wrap:wrap;\" ><div class=\"fusion-builder-row fusion-row fusion-flex-align-items-stretch fusion-flex-content-wrap\" style=\"width:calc( 100% + 0px ) !important;max-width:calc( 100% + 0px ) !important;margin-left: calc(-0px \/ 2 );margin-right: calc(-0px \/ 2 );\"><div class=\"fusion-layout-column fusion_builder_column fusion-builder-column-4 fusion_builder_column_2_3 2_3 fusion-flex-column\" style=\"--awb-bg-position:center center;--awb-bg-size:cover;--awb-width-large:66.666666666667%;--awb-margin-top-large:0px;--awb-spacing-right-large:0px;--awb-margin-bottom-large:0px;--awb-spacing-left-large:0px;--awb-width-medium:40%;--awb-order-medium:0;--awb-spacing-right-medium:0px;--awb-spacing-left-medium:0px;--awb-width-small:100%;--awb-order-small:0;--awb-spacing-right-small:0px;--awb-spacing-left-small:0px;\"><div class=\"fusion-column-wrapper fusion-column-has-shadow fusion-flex-justify-content-flex-start fusion-content-layout-column\"><div class=\"fusion-image-element \" style=\"text-align:right;--awb-margin-top:70px;--awb-caption-title-font-family:var(--h2_typography-font-family);--awb-caption-title-font-weight:var(--h2_typography-font-weight);--awb-caption-title-font-style:var(--h2_typography-font-style);--awb-caption-title-size:var(--h2_typography-font-size);--awb-caption-title-transform:var(--h2_typography-text-transform);--awb-caption-title-line-height:var(--h2_typography-line-height);--awb-caption-title-letter-spacing:var(--h2_typography-letter-spacing);\"><span class=\" fusion-imageframe imageframe-none imageframe-1 hover-type-none\"><img decoding=\"async\" width=\"3304\" height=\"1749\" title=\"UniMac_Product_Lineup (1)\" data-src=\"https:\/\/unimac.com\/nstest\/wp-content\/uploads\/sites\/14\/2022\/06\/UniMac_Product_Lineup-1.png\" alt class=\"img-responsive wp-image-18598 lazyload\" src=\"data:image\/svg+xml;base64,PHN2ZyB3aWR0aD0iMSIgaGVpZ2h0PSIxIiB4bWxucz0iaHR0cDovL3d3dy53My5vcmcvMjAwMC9zdmciPjwvc3ZnPg==\" style=\"--smush-placeholder-width: 3304px; --smush-placeholder-aspect-ratio: 3304\/1749;\" \/><\/span><\/div><\/div><\/div><div class=\"fusion-layout-column fusion_builder_column fusion-builder-column-5 fusion_builder_column_1_3 1_3 fusion-flex-column\" style=\"--awb-padding-top:60px;--awb-padding-right:5vw;--awb-padding-left:5vw;--awb-bg-size:cover;--awb-width-large:33.333333333333%;--awb-margin-top-large:0px;--awb-spacing-right-large:0px;--awb-margin-bottom-large:0px;--awb-spacing-left-large:0px;--awb-width-medium:60%;--awb-order-medium:0;--awb-spacing-right-medium:0px;--awb-spacing-left-medium:0px;--awb-width-small:100%;--awb-order-small:0;--awb-spacing-right-small:0px;--awb-spacing-left-small:0px;\"><div class=\"fusion-column-wrapper fusion-column-has-shadow fusion-flex-justify-content-center fusion-content-layout-column\"><div class=\"fusion-text fusion-text-3\"><h2 class=\"\" style=\"color: var(--awb-color6); --fontsize: 50; line-height: 1.2;\" data-fontsize=\"50\" data-lineheight=\"60px\">Equipamentos de lavanderia mar\u00edtima com durabilidade incompar\u00e1vel.<\/h2>\n<p>A ampla variedade de secadoras e m\u00e1quinas de lavar da UniMac para embarca\u00e7\u00f5es s\u00e3o projetadas para atender \u00e0s suas necessidades, seja voc\u00ea um navio de cruzeiro, um navio oce\u00e2nico, um iate pequeno ou qualquer outra embarca\u00e7\u00e3o. As lavadoras-extratoras de alta capacidade lidam com maior volume de lavagem por m\u00e1quina e oferecem configura\u00e7\u00f5es program\u00e1veis de \u00e1gua. As m\u00e1quinas de lavar e secar mar\u00edtimas empilhadas oferecem capacidade excepcional em um espa\u00e7o reduzido.<\/p>\n<\/div><\/div><\/div><\/div><\/div><div class=\"fusion-fullwidth fullwidth-box fusion-builder-row-4 fusion-flex-container nonhundred-percent-fullwidth non-hundred-percent-height-scrolling\" style=\"--awb-border-radius-top-left:0px;--awb-border-radius-top-right:0px;--awb-border-radius-bottom-right:0px;--awb-border-radius-bottom-left:0px;--awb-padding-top:50px;--awb-padding-bottom:50px;--awb-background-color:var(--awb-color3);--awb-flex-wrap:wrap;\" ><div class=\"fusion-builder-row fusion-row fusion-flex-align-items-center fusion-flex-justify-content-center fusion-flex-content-wrap\" style=\"max-width:1456px;margin-left: calc(-4% \/ 2 );margin-right: calc(-4% \/ 2 );\"><div class=\"fusion-layout-column fusion_builder_column fusion-builder-column-6 fusion_builder_column_3_5 3_5 fusion-flex-column\" style=\"--awb-bg-size:cover;--awb-width-large:60%;--awb-margin-top-large:0px;--awb-spacing-right-large:3.2%;--awb-margin-bottom-large:0px;--awb-spacing-left-large:3.2%;--awb-width-medium:80%;--awb-order-medium:0;--awb-spacing-right-medium:2.4%;--awb-spacing-left-medium:2.4%;--awb-width-small:100%;--awb-order-small:0;--awb-spacing-right-small:1.92%;--awb-spacing-left-small:1.92%;\"><div class=\"fusion-column-wrapper fusion-column-has-shadow fusion-flex-justify-content-flex-start fusion-content-layout-column\"><div class=\"fusion-text fusion-text-4\"><h2 class=\"fusion-responsive-typography-calculated\" style=\"text-align: center; font-size: 50px; --fontsize: 50; line-height: 1.2;\" data-fusion-font=\"true\" data-fontsize=\"50\" data-lineheight=\"60px\">Obtenha solu\u00e7\u00f5es de financiamento incompar\u00e1veis para m\u00e1quinas de lavar e secadoras mar\u00edtimas.<\/h2>\n<p style=\"text-align: center;\">Ningu\u00e9m oferece solu\u00e7\u00f5es de financiamento para equipamentos de lavanderia mar\u00edtima como a UniMac. Nossa experiente equipe de especialistas financeiros e do setor oferece um servi\u00e7o personalizado e individualizado. Levamos tempo para compreender seus objetivos individuais, adaptar programas personalizados e fornecer decis\u00f5es r\u00e1pidas para atender \u00e0s demandas do setor que requerem agilidade.<\/p>\n<\/div><div style=\"text-align:center;\"><a class=\"fusion-button button-flat fusion-button-default-size button-default fusion-button-default button-1 fusion-button-default-span fusion-button-default-type\" target=\"_self\" href=\"https:\/\/unimac.com\/br\/localizador-de-distribuidores\/\"><span class=\"fusion-button-text awb-button__text awb-button__text--default\">Obtenha financiamento<\/span><\/a><\/div><\/div><\/div><\/div><\/div><\/p>\n","protected":false},"excerpt":{"rendered":"","protected":false},"author":1,"featured_media":0,"parent":1121,"menu_order":0,"comment_status":"closed","ping_status":"closed","template":"100-width.php","meta":{"_acf_changed":false,"inline_featured_image":false,"footnotes":""},"class_list":["post-1336","page","type-page","status-publish","hentry"],"yoast_head":"<!-- This site is optimized with the Yoast SEO Premium plugin v23.4 (Yoast SEO v26.2) - https:\/\/yoast.com\/wordpress\/plugins\/seo\/ -->\n<title>Lavadoras e secadoras mar\u00edtimas para embarca\u00e7\u00f5es offshore UniMac\u00ae<\/title>\n<meta name=\"description\" content=\"Com as lavadoras e secadoras mar\u00edtimas UniMac\u00ae, voc\u00ea economiza o que mais importa - \u00e1gua, espa\u00e7o e tempo. Obtenha os equipamentos de lavanderia mais eficientes e confi\u00e1veis para sua embarca\u00e7\u00e3o offshore.\" \/>\n<meta name=\"robots\" content=\"index, follow, max-snippet:-1, max-image-preview:large, max-video-preview:-1\" \/>\n<link rel=\"canonical\" href=\"https:\/\/unimac.com\/br\/industrias\/maritimo\/\" \/>\n<meta property=\"og:locale\" content=\"pt_BR\" \/>\n<meta property=\"og:type\" content=\"article\" \/>\n<meta property=\"og:title\" content=\"Mar\u00edtimo\" \/>\n<meta property=\"og:description\" content=\"Com as lavadoras e secadoras mar\u00edtimas UniMac\u00ae, voc\u00ea economiza o que mais importa - \u00e1gua, espa\u00e7o e tempo. Obtenha os equipamentos de lavanderia mais eficientes e confi\u00e1veis para sua embarca\u00e7\u00e3o offshore.\" \/>\n<meta property=\"og:url\" content=\"https:\/\/unimac.com\/br\/industrias\/maritimo\/\" \/>\n<meta property=\"og:site_name\" content=\"Unimac Brasil\" \/>\n<meta property=\"article:modified_time\" content=\"2024-11-08T13:09:05+00:00\" \/>\n<meta name=\"twitter:card\" content=\"summary_large_image\" \/>\n<meta name=\"twitter:label1\" content=\"Est. tempo de leitura\" \/>\n\t<meta name=\"twitter:data1\" content=\"3 minutos\" \/>\n<script type=\"application\/ld+json\" class=\"yoast-schema-graph\">{\"@context\":\"https:\/\/schema.org\",\"@graph\":[{\"@type\":\"WebPage\",\"@id\":\"https:\/\/unimac.com\/br\/industrias\/maritimo\/\",\"url\":\"https:\/\/unimac.com\/br\/industrias\/maritimo\/\",\"name\":\"Lavadoras e secadoras mar\u00edtimas para embarca\u00e7\u00f5es offshore UniMac\u00ae\",\"isPartOf\":{\"@id\":\"https:\/\/unimac.com\/br\/#website\"},\"datePublished\":\"2019-08-07T01:15:34+00:00\",\"dateModified\":\"2024-11-08T13:09:05+00:00\",\"description\":\"Com as lavadoras e secadoras mar\u00edtimas UniMac\u00ae, voc\u00ea economiza o que mais importa - \u00e1gua, espa\u00e7o e tempo. Obtenha os equipamentos de lavanderia mais eficientes e confi\u00e1veis para sua embarca\u00e7\u00e3o offshore.\",\"breadcrumb\":{\"@id\":\"https:\/\/unimac.com\/br\/industrias\/maritimo\/#breadcrumb\"},\"inLanguage\":\"pt-BR\",\"potentialAction\":[{\"@type\":\"ReadAction\",\"target\":[\"https:\/\/unimac.com\/br\/industrias\/maritimo\/\"]}]},{\"@type\":\"BreadcrumbList\",\"@id\":\"https:\/\/unimac.com\/br\/industrias\/maritimo\/#breadcrumb\",\"itemListElement\":[{\"@type\":\"ListItem\",\"position\":1,\"name\":\"Home\",\"item\":\"https:\/\/unimac.com\/br\/\"},{\"@type\":\"ListItem\",\"position\":2,\"name\":\"Ind\u00fastrias\",\"item\":\"https:\/\/unimac.com\/br\/industrias\/\"},{\"@type\":\"ListItem\",\"position\":3,\"name\":\"Mar\u00edtimo\"}]},{\"@type\":\"WebSite\",\"@id\":\"https:\/\/unimac.com\/br\/#website\",\"url\":\"https:\/\/unimac.com\/br\/\",\"name\":\"Unimac Brasil\",\"description\":\"Maximum Performance\",\"publisher\":{\"@id\":\"https:\/\/unimac.com\/br\/#organization\"},\"potentialAction\":[{\"@type\":\"SearchAction\",\"target\":{\"@type\":\"EntryPoint\",\"urlTemplate\":\"https:\/\/unimac.com\/br\/?s={search_term_string}\"},\"query-input\":{\"@type\":\"PropertyValueSpecification\",\"valueRequired\":true,\"valueName\":\"search_term_string\"}}],\"inLanguage\":\"pt-BR\"},{\"@type\":\"Organization\",\"@id\":\"https:\/\/unimac.com\/br\/#organization\",\"name\":\"Unimac\",\"url\":\"https:\/\/unimac.com\/br\/\",\"logo\":{\"@type\":\"ImageObject\",\"inLanguage\":\"pt-BR\",\"@id\":\"https:\/\/unimac.com\/br\/#\/schema\/logo\/image\/\",\"url\":\"https:\/\/unimac.com\/br\/wp-content\/uploads\/sites\/14\/2020\/03\/unimac.png\",\"contentUrl\":\"https:\/\/unimac.com\/br\/wp-content\/uploads\/sites\/14\/2020\/03\/unimac.png\",\"width\":1248,\"height\":843,\"caption\":\"Unimac\"},\"image\":{\"@id\":\"https:\/\/unimac.com\/br\/#\/schema\/logo\/image\/\"}}]}<\/script>\n<!-- \/ Yoast SEO Premium plugin. -->","yoast_head_json":{"title":"Lavadoras e secadoras mar\u00edtimas para embarca\u00e7\u00f5es offshore UniMac\u00ae","description":"Com as lavadoras e secadoras mar\u00edtimas UniMac\u00ae, voc\u00ea economiza o que mais importa - \u00e1gua, espa\u00e7o e tempo. Obtenha os equipamentos de lavanderia mais eficientes e confi\u00e1veis para sua embarca\u00e7\u00e3o offshore.","robots":{"index":"index","follow":"follow","max-snippet":"max-snippet:-1","max-image-preview":"max-image-preview:large","max-video-preview":"max-video-preview:-1"},"canonical":"https:\/\/unimac.com\/br\/industrias\/maritimo\/","og_locale":"pt_BR","og_type":"article","og_title":"Mar\u00edtimo","og_description":"Com as lavadoras e secadoras mar\u00edtimas UniMac\u00ae, voc\u00ea economiza o que mais importa - \u00e1gua, espa\u00e7o e tempo. Obtenha os equipamentos de lavanderia mais eficientes e confi\u00e1veis para sua embarca\u00e7\u00e3o offshore.","og_url":"https:\/\/unimac.com\/br\/industrias\/maritimo\/","og_site_name":"Unimac Brasil","article_modified_time":"2024-11-08T13:09:05+00:00","twitter_card":"summary_large_image","twitter_misc":{"Est. tempo de leitura":"3 minutos"},"schema":{"@context":"https:\/\/schema.org","@graph":[{"@type":"WebPage","@id":"https:\/\/unimac.com\/br\/industrias\/maritimo\/","url":"https:\/\/unimac.com\/br\/industrias\/maritimo\/","name":"Lavadoras e secadoras mar\u00edtimas para embarca\u00e7\u00f5es offshore UniMac\u00ae","isPartOf":{"@id":"https:\/\/unimac.com\/br\/#website"},"datePublished":"2019-08-07T01:15:34+00:00","dateModified":"2024-11-08T13:09:05+00:00","description":"Com as lavadoras e secadoras mar\u00edtimas UniMac\u00ae, voc\u00ea economiza o que mais importa - \u00e1gua, espa\u00e7o e tempo. Obtenha os equipamentos de lavanderia mais eficientes e confi\u00e1veis para sua embarca\u00e7\u00e3o offshore.","breadcrumb":{"@id":"https:\/\/unimac.com\/br\/industrias\/maritimo\/#breadcrumb"},"inLanguage":"pt-BR","potentialAction":[{"@type":"ReadAction","target":["https:\/\/unimac.com\/br\/industrias\/maritimo\/"]}]},{"@type":"BreadcrumbList","@id":"https:\/\/unimac.com\/br\/industrias\/maritimo\/#breadcrumb","itemListElement":[{"@type":"ListItem","position":1,"name":"Home","item":"https:\/\/unimac.com\/br\/"},{"@type":"ListItem","position":2,"name":"Ind\u00fastrias","item":"https:\/\/unimac.com\/br\/industrias\/"},{"@type":"ListItem","position":3,"name":"Mar\u00edtimo"}]},{"@type":"WebSite","@id":"https:\/\/unimac.com\/br\/#website","url":"https:\/\/unimac.com\/br\/","name":"Unimac Brasil","description":"Maximum Performance","publisher":{"@id":"https:\/\/unimac.com\/br\/#organization"},"potentialAction":[{"@type":"SearchAction","target":{"@type":"EntryPoint","urlTemplate":"https:\/\/unimac.com\/br\/?s={search_term_string}"},"query-input":{"@type":"PropertyValueSpecification","valueRequired":true,"valueName":"search_term_string"}}],"inLanguage":"pt-BR"},{"@type":"Organization","@id":"https:\/\/unimac.com\/br\/#organization","name":"Unimac","url":"https:\/\/unimac.com\/br\/","logo":{"@type":"ImageObject","inLanguage":"pt-BR","@id":"https:\/\/unimac.com\/br\/#\/schema\/logo\/image\/","url":"https:\/\/unimac.com\/br\/wp-content\/uploads\/sites\/14\/2020\/03\/unimac.png","contentUrl":"https:\/\/unimac.com\/br\/wp-content\/uploads\/sites\/14\/2020\/03\/unimac.png","width":1248,"height":843,"caption":"Unimac"},"image":{"@id":"https:\/\/unimac.com\/br\/#\/schema\/logo\/image\/"}}]}},"acf":[],"_links":{"self":[{"href":"https:\/\/unimac.com\/br\/wp-json\/wp\/v2\/pages\/1336","targetHints":{"allow":["GET"]}}],"collection":[{"href":"https:\/\/unimac.com\/br\/wp-json\/wp\/v2\/pages"}],"about":[{"href":"https:\/\/unimac.com\/br\/wp-json\/wp\/v2\/types\/page"}],"author":[{"embeddable":true,"href":"https:\/\/unimac.com\/br\/wp-json\/wp\/v2\/users\/1"}],"replies":[{"embeddable":true,"href":"https:\/\/unimac.com\/br\/wp-json\/wp\/v2\/comments?post=1336"}],"version-history":[{"count":52,"href":"https:\/\/unimac.com\/br\/wp-json\/wp\/v2\/pages\/1336\/revisions"}],"predecessor-version":[{"id":21979,"href":"https:\/\/unimac.com\/br\/wp-json\/wp\/v2\/pages\/1336\/revisions\/21979"}],"up":[{"embeddable":true,"href":"https:\/\/unimac.com\/br\/wp-json\/wp\/v2\/pages\/1121"}],"wp:attachment":[{"href":"https:\/\/unimac.com\/br\/wp-json\/wp\/v2\/media?parent=1336"}],"curies":[{"name":"wp","href":"https:\/\/api.w.org\/{rel}","templated":true}]}}