{"id":1372,"date":"2019-08-06T22:46:19","date_gmt":"2019-08-07T01:46:19","guid":{"rendered":"http:\/\/unimac.bitnamiapp.com\/?page_id=1372"},"modified":"2024-04-22T11:02:05","modified_gmt":"2024-04-22T14:02:05","slug":"preco-vs-custo","status":"publish","type":"page","link":"https:\/\/unimac.com\/br\/arquitetos\/preco-vs-custo\/","title":{"rendered":"Pre\u00e7o vs Custo"},"content":{"rendered":"<p><div class=\"fusion-fullwidth fullwidth-box fusion-builder-row-1 fusion-flex-container nonhundred-percent-fullwidth non-hundred-percent-height-scrolling\" style=\"--awb-border-radius-top-left:0px;--awb-border-radius-top-right:0px;--awb-border-radius-bottom-right:0px;--awb-border-radius-bottom-left:0px;--awb-padding-top:50px;--awb-padding-bottom:50px;--awb-background-color:var(--awb-color2);--awb-flex-wrap:wrap;\" ><div class=\"fusion-builder-row fusion-row fusion-flex-align-items-center fusion-flex-justify-content-center fusion-flex-content-wrap\" style=\"max-width:1456px;margin-left: calc(-4% \/ 2 );margin-right: calc(-4% \/ 2 );\"><div class=\"fusion-layout-column fusion_builder_column fusion-builder-column-0 fusion_builder_column_3_5 3_5 fusion-flex-column\" style=\"--awb-bg-size:cover;--awb-width-large:60%;--awb-margin-top-large:0px;--awb-spacing-right-large:3.2%;--awb-margin-bottom-large:0px;--awb-spacing-left-large:3.2%;--awb-width-medium:80%;--awb-order-medium:0;--awb-spacing-right-medium:2.4%;--awb-spacing-left-medium:2.4%;--awb-width-small:100%;--awb-order-small:0;--awb-spacing-right-small:1.92%;--awb-spacing-left-small:1.92%;\"><div class=\"fusion-column-wrapper fusion-column-has-shadow fusion-flex-justify-content-flex-start fusion-content-layout-column\"><div class=\"fusion-text fusion-text-1\" style=\"--awb-text-color:var(--awb-color1);\"><h1 style=\"text-align: center;--fontSize: 60;line-height: 1.16\" data-fontsize=\"60\" data-lineheight=\"69.6px\" class=\"fusion-responsive-typography-calculated\">A DIFEREN\u00c7A ENTRE PRE\u00c7O E CUSTO DE EQUIPAMENTOS DE LAVANDERIA<\/h1>\n<p style=\"text-align: center\">O pre\u00e7o \u00e9 a quantia de dinheiro que voc\u00ea paga pelo equipamento de lavanderia. O custo \u00e9 a quantia de dinheiro que voc\u00ea paga para operar o equipamento de lavanderia ao longo de sua vida \u00fatil. \u00c0s vezes, isso \u00e9 chamado de Custo Total de Propriedade. Existem cinco pontos-chave que afetam o Custo Total de Propriedade.<\/p>\n<\/div><\/div><\/div><\/div><\/div><div class=\"fusion-fullwidth fullwidth-box fusion-builder-row-2 fusion-flex-container nonhundred-percent-fullwidth non-hundred-percent-height-scrolling\" style=\"--awb-border-radius-top-left:0px;--awb-border-radius-top-right:0px;--awb-border-radius-bottom-right:0px;--awb-border-radius-bottom-left:0px;--awb-padding-top:50px;--awb-padding-bottom:50px;--awb-flex-wrap:wrap;\" ><div class=\"fusion-builder-row fusion-row fusion-flex-align-items-center fusion-flex-justify-content-center fusion-flex-content-wrap\" style=\"max-width:1456px;margin-left: calc(-4% \/ 2 );margin-right: calc(-4% \/ 2 );\"><div class=\"fusion-layout-column fusion_builder_column fusion-builder-column-1 fusion_builder_column_3_5 3_5 fusion-flex-column\" style=\"--awb-bg-size:cover;--awb-width-large:60%;--awb-margin-top-large:0px;--awb-spacing-right-large:3.2%;--awb-margin-bottom-large:0px;--awb-spacing-left-large:3.2%;--awb-width-medium:80%;--awb-order-medium:0;--awb-spacing-right-medium:2.4%;--awb-spacing-left-medium:2.4%;--awb-width-small:100%;--awb-order-small:0;--awb-spacing-right-small:1.92%;--awb-spacing-left-small:1.92%;\"><div class=\"fusion-column-wrapper fusion-column-has-shadow fusion-flex-justify-content-flex-start fusion-content-layout-column\"><div class=\"fusion-text fusion-text-2\"><h3 style=\"text-align: center;--fontSize: 40;line-height: 1.3;--minFontSize: 40\" data-fontsize=\"40\" data-lineheight=\"52px\" class=\"fusion-responsive-typography-calculated\">1. custo de m\u00e3o de obra<\/h3>\n<p>Uma vez que a m\u00e3o de obra \u00e9 o maior custo na opera\u00e7\u00e3o de m\u00e1quinas de lavanderia industrial, buscar equipamentos que possam ajudar a reduzir o tempo de ciclo \u00e9 muito importante. Se o tempo do ciclo de lavagem puder ser encurtado com recursos especiais, sua lavanderia n\u00e3o precisar\u00e1 operar tantas horas. Por exemplo, muitas m\u00e1quinas de lavar com pre\u00e7os mais baixos usam v\u00e1lvulas de \u00e1gua de 1\/2 polegada. Se sua lavanderia realiza 10 cargas por dia, uma lavadora com v\u00e1lvulas de \u00e1gua de 3\/4 polegadas em vez de 1\/2 polegada poderia economizar 30 minutos de tempo de opera\u00e7\u00e3o.<\/p>\n<p>M\u00e1quinas de lavar com pre\u00e7os mais baixos geralmente t\u00eam velocidades de extra\u00e7\u00e3o mais baixas. Para obter o menor Custo Total de Propriedade, voc\u00ea deve investir em velocidades de extra\u00e7\u00e3o mais altas para remover mais \u00e1gua das roupas de cama. Isso permite que as roupas sequem mais r\u00e1pido. Se a efici\u00eancia de extra\u00e7\u00e3o \u00e9 medida pela for\u00e7a G, uma lavadora de 300 G-force remover\u00e1 significativamente mais \u00e1gua do que uma lavadora de 90 G-force. A diferen\u00e7a no tempo de secagem de uma carga de 60 libras de toalhas de algod\u00e3o pode ser de quase dez minutos! Quanto tempo de m\u00e3o de obra voc\u00ea pode economizar em sua opera\u00e7\u00e3o ao reduzir dez minutos em cada carga de toalhas?<\/p>\n<\/div><\/div><\/div><\/div><\/div><div class=\"fusion-fullwidth fullwidth-box fusion-builder-row-3 fusion-flex-container nonhundred-percent-fullwidth non-hundred-percent-height-scrolling\" style=\"--awb-border-radius-top-left:0px;--awb-border-radius-top-right:0px;--awb-border-radius-bottom-right:0px;--awb-border-radius-bottom-left:0px;--awb-padding-top:50px;--awb-padding-bottom:50px;--awb-background-color:var(--awb-color3);--awb-flex-wrap:wrap;\" ><div class=\"fusion-builder-row fusion-row fusion-flex-align-items-center fusion-flex-justify-content-center fusion-flex-content-wrap\" style=\"max-width:1456px;margin-left: calc(-4% \/ 2 );margin-right: calc(-4% \/ 2 );\"><div class=\"fusion-layout-column fusion_builder_column fusion-builder-column-2 fusion_builder_column_3_5 3_5 fusion-flex-column\" style=\"--awb-bg-size:cover;--awb-width-large:60%;--awb-margin-top-large:0px;--awb-spacing-right-large:3.2%;--awb-margin-bottom-large:0px;--awb-spacing-left-large:3.2%;--awb-width-medium:80%;--awb-order-medium:0;--awb-spacing-right-medium:2.4%;--awb-spacing-left-medium:2.4%;--awb-width-small:100%;--awb-order-small:0;--awb-spacing-right-small:1.92%;--awb-spacing-left-small:1.92%;\"><div class=\"fusion-column-wrapper fusion-column-has-shadow fusion-flex-justify-content-flex-start fusion-content-layout-column\"><div class=\"fusion-text fusion-text-3\"><h3 class=\"fusion-responsive-typography-calculated\" style=\"text-align: center; --fontsize: 40; line-height: 1.3; --minfontsize: 40;\" data-fontsize=\"40\" data-lineheight=\"52px\">2. custo do g\u00e1s natural<\/h3>\n<p style=\"text-align: center;\">Os pre\u00e7os do g\u00e1s natural est\u00e3o em alta hist\u00f3rica. Os servi\u00e7os p\u00fablicos s\u00e3o um custo control\u00e1vel que muitas vezes \u00e9 negligenciado ao considerar quais lavadoras e secadoras comerciais comprar. Usando o cen\u00e1rio de 300 G-force vs. 90 G-force, voc\u00ea pode economizar mais de $1.000 por ano ao reduzir o tempo de opera\u00e7\u00e3o de uma secadora comercial aquecida a g\u00e1s. Quanto dinheiro voc\u00ea pode economizar em sua conta de servi\u00e7os p\u00fablicos ao reduzir dez minutos de tempo de secagem em cada carga de toalhas?<\/p>\n<\/div><\/div><\/div><\/div><\/div><div class=\"fusion-fullwidth fullwidth-box fusion-builder-row-4 fusion-flex-container nonhundred-percent-fullwidth non-hundred-percent-height-scrolling\" style=\"--awb-border-radius-top-left:0px;--awb-border-radius-top-right:0px;--awb-border-radius-bottom-right:0px;--awb-border-radius-bottom-left:0px;--awb-padding-top:50px;--awb-padding-bottom:50px;--awb-flex-wrap:wrap;\" ><div class=\"fusion-builder-row fusion-row fusion-flex-align-items-center fusion-flex-justify-content-center fusion-flex-content-wrap\" style=\"max-width:1456px;margin-left: calc(-4% \/ 2 );margin-right: calc(-4% \/ 2 );\"><div class=\"fusion-layout-column fusion_builder_column fusion-builder-column-3 fusion_builder_column_3_5 3_5 fusion-flex-column\" style=\"--awb-bg-size:cover;--awb-width-large:60%;--awb-margin-top-large:0px;--awb-spacing-right-large:3.2%;--awb-margin-bottom-large:0px;--awb-spacing-left-large:3.2%;--awb-width-medium:80%;--awb-order-medium:0;--awb-spacing-right-medium:2.4%;--awb-spacing-left-medium:2.4%;--awb-width-small:100%;--awb-order-small:0;--awb-spacing-right-small:1.92%;--awb-spacing-left-small:1.92%;\"><div class=\"fusion-column-wrapper fusion-column-has-shadow fusion-flex-justify-content-flex-start fusion-content-layout-column\"><div class=\"fusion-text fusion-text-4\"><h3 style=\"text-align: center;--fontSize: 40;line-height: 1.3;--minFontSize: 40\" data-fontsize=\"40\" data-lineheight=\"52px\" class=\"fusion-responsive-typography-calculated\">3. Valor pelo seu dinheiro<\/h3>\n<p style=\"text-align: center\">Se houver uma diferen\u00e7a significativa no pre\u00e7o de duas lavadoras, provavelmente h\u00e1 um motivo para isso. Uma das m\u00e1quinas provavelmente tem componentes de maior qualidade ou recursos adicionais. Observe o peso total da m\u00e1quina. O peso geralmente indica se o chassi ou os rolamentos s\u00e3o constru\u00eddos com um padr\u00e3o mais elevado e t\u00eam maior probabilidade de lhe fornecer anos adicionais de servi\u00e7o. Isso pode at\u00e9 mesmo reduzir os custos de manuten\u00e7\u00e3o ao longo da vida \u00fatil do produto. Pain\u00e9is de a\u00e7o inoxid\u00e1vel em compara\u00e7\u00e3o com pain\u00e9is pintados valem a pena gastar um pouco mais de dinheiro. Especialmente depois que os produtos qu\u00edmicos de lavanderia corroeram os lados pintados. Procure pelas pequenas diferen\u00e7as que far\u00e3o diferen\u00e7a um ano ou dois depois de ter feito a compra.<\/p>\n<\/div><\/div><\/div><\/div><\/div><div class=\"fusion-fullwidth fullwidth-box fusion-builder-row-5 fusion-flex-container nonhundred-percent-fullwidth non-hundred-percent-height-scrolling\" style=\"--awb-border-radius-top-left:0px;--awb-border-radius-top-right:0px;--awb-border-radius-bottom-right:0px;--awb-border-radius-bottom-left:0px;--awb-padding-top:50px;--awb-padding-bottom:50px;--awb-background-color:var(--awb-color3);--awb-flex-wrap:wrap;\" ><div class=\"fusion-builder-row fusion-row fusion-flex-align-items-center fusion-flex-justify-content-center fusion-flex-content-wrap\" style=\"max-width:1456px;margin-left: calc(-4% \/ 2 );margin-right: calc(-4% \/ 2 );\"><div class=\"fusion-layout-column fusion_builder_column fusion-builder-column-4 fusion_builder_column_3_5 3_5 fusion-flex-column\" style=\"--awb-bg-size:cover;--awb-width-large:60%;--awb-margin-top-large:0px;--awb-spacing-right-large:3.2%;--awb-margin-bottom-large:0px;--awb-spacing-left-large:3.2%;--awb-width-medium:80%;--awb-order-medium:0;--awb-spacing-right-medium:2.4%;--awb-spacing-left-medium:2.4%;--awb-width-small:100%;--awb-order-small:0;--awb-spacing-right-small:1.92%;--awb-spacing-left-small:1.92%;\"><div class=\"fusion-column-wrapper fusion-column-has-shadow fusion-flex-justify-content-flex-start fusion-content-layout-column\"><div class=\"fusion-text fusion-text-5\"><h3 style=\"text-align: center;--fontSize: 40;line-height: 1.3;--minFontSize: 40\" data-fontsize=\"40\" data-lineheight=\"52px\" class=\"fusion-responsive-typography-calculated\">4. Desempenho comprovado<\/h3>\n<p style=\"text-align: center\">O desempenho passado costuma ser o melhor indicador do desempenho futuro. O que voc\u00ea sabe sobre a m\u00e1quina que est\u00e1 considerando? Voc\u00ea conhece algu\u00e9m que tenha usado essa marca de m\u00e1quina por mais de cinco anos? O que voc\u00ea sabe sobre a empresa da qual est\u00e1 comprando? Como eles ir\u00e3o prestar servi\u00e7o para voc\u00ea no futuro? Quantos t\u00e9cnicos de servi\u00e7o eles t\u00eam? Quanto tempo leva para responder \u00e0s suas necessidades futuras de servi\u00e7o? Vale a pena pagar um pouco mais por um bom suporte de servi\u00e7o para o equipamento.<\/p>\n<\/div><\/div><\/div><\/div><\/div><div class=\"fusion-fullwidth fullwidth-box fusion-builder-row-6 fusion-flex-container nonhundred-percent-fullwidth non-hundred-percent-height-scrolling\" style=\"--awb-border-radius-top-left:0px;--awb-border-radius-top-right:0px;--awb-border-radius-bottom-right:0px;--awb-border-radius-bottom-left:0px;--awb-padding-top:50px;--awb-padding-bottom:50px;--awb-flex-wrap:wrap;\" ><div class=\"fusion-builder-row fusion-row fusion-flex-align-items-center fusion-flex-justify-content-center fusion-flex-content-wrap\" style=\"max-width:1456px;margin-left: calc(-4% \/ 2 );margin-right: calc(-4% \/ 2 );\"><div class=\"fusion-layout-column fusion_builder_column fusion-builder-column-5 fusion_builder_column_3_5 3_5 fusion-flex-column\" style=\"--awb-bg-size:cover;--awb-width-large:60%;--awb-margin-top-large:0px;--awb-spacing-right-large:3.2%;--awb-margin-bottom-large:0px;--awb-spacing-left-large:3.2%;--awb-width-medium:80%;--awb-order-medium:0;--awb-spacing-right-medium:2.4%;--awb-spacing-left-medium:2.4%;--awb-width-small:100%;--awb-order-small:0;--awb-spacing-right-small:1.92%;--awb-spacing-left-small:1.92%;\"><div class=\"fusion-column-wrapper fusion-column-has-shadow fusion-flex-justify-content-flex-start fusion-content-layout-column\"><div class=\"fusion-text fusion-text-6\"><h3 style=\"text-align: center;--fontSize: 40;line-height: 1.3;--minFontSize: 40\" data-fontsize=\"40\" data-lineheight=\"52px\" class=\"fusion-responsive-typography-calculated\">5. garantia<\/h3>\n<p>Certifique-se de ler atentamente os detalhes da garantia. Preste aten\u00e7\u00e3o especial \u00e0 garantia das pe\u00e7as. Algumas empresas n\u00e3o oferecem garantia para componentes sujeitos a desgaste, enquanto outras oferecem garantias mais abrangentes. O per\u00edodo de garantia da ind\u00fastria varia de um a tr\u00eas anos &#8211; certifique-se de que o fornecedor com o pre\u00e7o mais baixo tenha a mesma garantia. Al\u00e9m disso, certifique-se de ter os detalhes da garantia por escrito. Ter a garantia mais longa e abrangente deve reduzir o seu Custo Total de Propriedade.<\/p>\n<p>Ao comprar equipamentos de lavanderia, procure produtos que reduzam o seu Custo Total de Propriedade. Certifique-se de entender a diferen\u00e7a entre Pre\u00e7o e Custo.<\/p>\n<p>Muitas das maiores empresas do mundo est\u00e3o utilizando equipamentos de lavanderia UniMac\u00ae, tornando a UniMac a marca mais vendida nos Estados Unidos.<\/p>\n<\/div><\/div><\/div><\/div><\/div><\/p>\n","protected":false},"excerpt":{"rendered":"","protected":false},"author":1,"featured_media":0,"parent":1123,"menu_order":0,"comment_status":"closed","ping_status":"closed","template":"100-width.php","meta":{"_acf_changed":false,"inline_featured_image":false,"footnotes":""},"class_list":["post-1372","page","type-page","status-publish","hentry"],"yoast_head":"<!-- This site is optimized with the Yoast SEO Premium plugin v23.4 (Yoast SEO v26.2) - https:\/\/yoast.com\/wordpress\/plugins\/seo\/ -->\n<title>Pre\u00e7o vs Custo - Unimac Brasil<\/title>\n<meta name=\"robots\" content=\"index, follow, max-snippet:-1, max-image-preview:large, max-video-preview:-1\" \/>\n<link rel=\"canonical\" href=\"https:\/\/unimac.com\/br\/arquitetos\/preco-vs-custo\/\" \/>\n<meta property=\"og:locale\" content=\"pt_BR\" \/>\n<meta property=\"og:type\" content=\"article\" \/>\n<meta property=\"og:title\" content=\"Pre\u00e7o vs Custo\" \/>\n<meta property=\"og:url\" content=\"https:\/\/unimac.com\/br\/arquitetos\/preco-vs-custo\/\" \/>\n<meta property=\"og:site_name\" content=\"Unimac Brasil\" \/>\n<meta property=\"article:modified_time\" content=\"2024-04-22T14:02:05+00:00\" \/>\n<meta name=\"twitter:card\" content=\"summary_large_image\" \/>\n<meta name=\"twitter:label1\" content=\"Est. tempo de leitura\" \/>\n\t<meta name=\"twitter:data1\" content=\"15 minutos\" \/>\n<script type=\"application\/ld+json\" class=\"yoast-schema-graph\">{\"@context\":\"https:\/\/schema.org\",\"@graph\":[{\"@type\":\"WebPage\",\"@id\":\"https:\/\/unimac.com\/br\/arquitetos\/preco-vs-custo\/\",\"url\":\"https:\/\/unimac.com\/br\/arquitetos\/preco-vs-custo\/\",\"name\":\"Pre\u00e7o vs Custo - Unimac Brasil\",\"isPartOf\":{\"@id\":\"https:\/\/unimac.com\/br\/#website\"},\"datePublished\":\"2019-08-07T01:46:19+00:00\",\"dateModified\":\"2024-04-22T14:02:05+00:00\",\"breadcrumb\":{\"@id\":\"https:\/\/unimac.com\/br\/arquitetos\/preco-vs-custo\/#breadcrumb\"},\"inLanguage\":\"pt-BR\",\"potentialAction\":[{\"@type\":\"ReadAction\",\"target\":[\"https:\/\/unimac.com\/br\/arquitetos\/preco-vs-custo\/\"]}]},{\"@type\":\"BreadcrumbList\",\"@id\":\"https:\/\/unimac.com\/br\/arquitetos\/preco-vs-custo\/#breadcrumb\",\"itemListElement\":[{\"@type\":\"ListItem\",\"position\":1,\"name\":\"Home\",\"item\":\"https:\/\/unimac.com\/br\/\"},{\"@type\":\"ListItem\",\"position\":2,\"name\":\"Arquitetos\",\"item\":\"https:\/\/unimac.com\/br\/arquitetos\/\"},{\"@type\":\"ListItem\",\"position\":3,\"name\":\"Pre\u00e7o vs Custo\"}]},{\"@type\":\"WebSite\",\"@id\":\"https:\/\/unimac.com\/br\/#website\",\"url\":\"https:\/\/unimac.com\/br\/\",\"name\":\"Unimac Brasil\",\"description\":\"Maximum Performance\",\"publisher\":{\"@id\":\"https:\/\/unimac.com\/br\/#organization\"},\"potentialAction\":[{\"@type\":\"SearchAction\",\"target\":{\"@type\":\"EntryPoint\",\"urlTemplate\":\"https:\/\/unimac.com\/br\/?s={search_term_string}\"},\"query-input\":{\"@type\":\"PropertyValueSpecification\",\"valueRequired\":true,\"valueName\":\"search_term_string\"}}],\"inLanguage\":\"pt-BR\"},{\"@type\":\"Organization\",\"@id\":\"https:\/\/unimac.com\/br\/#organization\",\"name\":\"Unimac\",\"url\":\"https:\/\/unimac.com\/br\/\",\"logo\":{\"@type\":\"ImageObject\",\"inLanguage\":\"pt-BR\",\"@id\":\"https:\/\/unimac.com\/br\/#\/schema\/logo\/image\/\",\"url\":\"https:\/\/unimac.com\/br\/wp-content\/uploads\/sites\/14\/2020\/03\/unimac.png\",\"contentUrl\":\"https:\/\/unimac.com\/br\/wp-content\/uploads\/sites\/14\/2020\/03\/unimac.png\",\"width\":1248,\"height\":843,\"caption\":\"Unimac\"},\"image\":{\"@id\":\"https:\/\/unimac.com\/br\/#\/schema\/logo\/image\/\"}}]}<\/script>\n<!-- \/ Yoast SEO Premium plugin. -->","yoast_head_json":{"title":"Pre\u00e7o vs Custo - Unimac Brasil","robots":{"index":"index","follow":"follow","max-snippet":"max-snippet:-1","max-image-preview":"max-image-preview:large","max-video-preview":"max-video-preview:-1"},"canonical":"https:\/\/unimac.com\/br\/arquitetos\/preco-vs-custo\/","og_locale":"pt_BR","og_type":"article","og_title":"Pre\u00e7o vs Custo","og_url":"https:\/\/unimac.com\/br\/arquitetos\/preco-vs-custo\/","og_site_name":"Unimac Brasil","article_modified_time":"2024-04-22T14:02:05+00:00","twitter_card":"summary_large_image","twitter_misc":{"Est. tempo de leitura":"15 minutos"},"schema":{"@context":"https:\/\/schema.org","@graph":[{"@type":"WebPage","@id":"https:\/\/unimac.com\/br\/arquitetos\/preco-vs-custo\/","url":"https:\/\/unimac.com\/br\/arquitetos\/preco-vs-custo\/","name":"Pre\u00e7o vs Custo - Unimac Brasil","isPartOf":{"@id":"https:\/\/unimac.com\/br\/#website"},"datePublished":"2019-08-07T01:46:19+00:00","dateModified":"2024-04-22T14:02:05+00:00","breadcrumb":{"@id":"https:\/\/unimac.com\/br\/arquitetos\/preco-vs-custo\/#breadcrumb"},"inLanguage":"pt-BR","potentialAction":[{"@type":"ReadAction","target":["https:\/\/unimac.com\/br\/arquitetos\/preco-vs-custo\/"]}]},{"@type":"BreadcrumbList","@id":"https:\/\/unimac.com\/br\/arquitetos\/preco-vs-custo\/#breadcrumb","itemListElement":[{"@type":"ListItem","position":1,"name":"Home","item":"https:\/\/unimac.com\/br\/"},{"@type":"ListItem","position":2,"name":"Arquitetos","item":"https:\/\/unimac.com\/br\/arquitetos\/"},{"@type":"ListItem","position":3,"name":"Pre\u00e7o vs Custo"}]},{"@type":"WebSite","@id":"https:\/\/unimac.com\/br\/#website","url":"https:\/\/unimac.com\/br\/","name":"Unimac Brasil","description":"Maximum Performance","publisher":{"@id":"https:\/\/unimac.com\/br\/#organization"},"potentialAction":[{"@type":"SearchAction","target":{"@type":"EntryPoint","urlTemplate":"https:\/\/unimac.com\/br\/?s={search_term_string}"},"query-input":{"@type":"PropertyValueSpecification","valueRequired":true,"valueName":"search_term_string"}}],"inLanguage":"pt-BR"},{"@type":"Organization","@id":"https:\/\/unimac.com\/br\/#organization","name":"Unimac","url":"https:\/\/unimac.com\/br\/","logo":{"@type":"ImageObject","inLanguage":"pt-BR","@id":"https:\/\/unimac.com\/br\/#\/schema\/logo\/image\/","url":"https:\/\/unimac.com\/br\/wp-content\/uploads\/sites\/14\/2020\/03\/unimac.png","contentUrl":"https:\/\/unimac.com\/br\/wp-content\/uploads\/sites\/14\/2020\/03\/unimac.png","width":1248,"height":843,"caption":"Unimac"},"image":{"@id":"https:\/\/unimac.com\/br\/#\/schema\/logo\/image\/"}}]}},"acf":[],"_links":{"self":[{"href":"https:\/\/unimac.com\/br\/wp-json\/wp\/v2\/pages\/1372","targetHints":{"allow":["GET"]}}],"collection":[{"href":"https:\/\/unimac.com\/br\/wp-json\/wp\/v2\/pages"}],"about":[{"href":"https:\/\/unimac.com\/br\/wp-json\/wp\/v2\/types\/page"}],"author":[{"embeddable":true,"href":"https:\/\/unimac.com\/br\/wp-json\/wp\/v2\/users\/1"}],"replies":[{"embeddable":true,"href":"https:\/\/unimac.com\/br\/wp-json\/wp\/v2\/comments?post=1372"}],"version-history":[{"count":8,"href":"https:\/\/unimac.com\/br\/wp-json\/wp\/v2\/pages\/1372\/revisions"}],"predecessor-version":[{"id":21796,"href":"https:\/\/unimac.com\/br\/wp-json\/wp\/v2\/pages\/1372\/revisions\/21796"}],"up":[{"embeddable":true,"href":"https:\/\/unimac.com\/br\/wp-json\/wp\/v2\/pages\/1123"}],"wp:attachment":[{"href":"https:\/\/unimac.com\/br\/wp-json\/wp\/v2\/media?parent=1372"}],"curies":[{"name":"wp","href":"https:\/\/api.w.org\/{rel}","templated":true}]}}