{"id":19450,"date":"2023-02-14T20:13:42","date_gmt":"2023-02-14T23:13:42","guid":{"rendered":"https:\/\/unimac.com\/nstest\/?page_id=19450"},"modified":"2024-11-08T08:54:00","modified_gmt":"2024-11-08T11:54:00","slug":"laticinios","status":"publish","type":"page","link":"https:\/\/unimac.com\/br\/industrias\/laticinios\/","title":{"rendered":"Latic\u00ednios"},"content":{"rendered":"<p><div class=\"fusion-fullwidth fullwidth-box fusion-builder-row-1 fusion-flex-container reverse hundred-percent-fullwidth non-hundred-percent-height-scrolling\" style=\"--awb-border-radius-top-left:0px;--awb-border-radius-top-right:0px;--awb-border-radius-bottom-right:0px;--awb-border-radius-bottom-left:0px;--awb-padding-top:0px;--awb-padding-right:0px;--awb-padding-bottom:0px;--awb-padding-left:0px;--awb-min-height:600px;--awb-flex-wrap:wrap;\" ><div class=\"fusion-builder-row fusion-row fusion-flex-align-items-stretch fusion-flex-content-wrap\" style=\"width:calc( 100% + 0px ) !important;max-width:calc( 100% + 0px ) !important;margin-left: calc(-0px \/ 2 );margin-right: calc(-0px \/ 2 );\"><div class=\"fusion-layout-column fusion_builder_column fusion-builder-column-0 fusion_builder_column_1_2 1_2 fusion-flex-column\" style=\"--awb-bg-image:url(&#039;https:\/\/unimac.com\/nstest\/wp-content\/uploads\/sites\/14\/2023\/03\/AdobeStock_126225055_edit-1200x900.png&#039;);--awb-bg-position:center center;--awb-bg-size:cover;--awb-width-large:50%;--awb-margin-top-large:0px;--awb-spacing-right-large:0px;--awb-margin-bottom-large:0px;--awb-spacing-left-large:0px;--awb-width-medium:40%;--awb-order-medium:0;--awb-spacing-right-medium:0px;--awb-spacing-left-medium:0px;--awb-width-small:100%;--awb-order-small:0;--awb-spacing-right-small:0px;--awb-spacing-left-small:0px;\"><div class=\"fusion-column-wrapper fusion-column-has-shadow fusion-flex-justify-content-flex-start fusion-content-layout-column fusion-empty-column-bg-image fusion-column-has-bg-image\" data-bg-url=\"https:\/\/unimac.com\/nstest\/wp-content\/uploads\/sites\/14\/2023\/03\/AdobeStock_126225055_edit-1200x900.png\"><img decoding=\"async\" class=\"fusion-empty-dims-img-placeholder fusion-no-large-visibility fusion-no-medium-visibility\" src=\"data:image\/gif;base64,R0lGODlhAQABAAAAACH5BAEKAAEALAAAAAABAAEAAAICTAEAOw==\"><\/div><\/div><div class=\"fusion-layout-column fusion_builder_column fusion-builder-column-1 fusion_builder_column_1_2 1_2 fusion-flex-column\" style=\"--awb-padding-top:60px;--awb-padding-right:5vw;--awb-padding-left:5vw;--awb-bg-color:#000000;--awb-bg-color-hover:#000000;--awb-bg-size:cover;--awb-width-large:50%;--awb-margin-top-large:0px;--awb-spacing-right-large:0px;--awb-margin-bottom-large:0px;--awb-spacing-left-large:0px;--awb-width-medium:60%;--awb-order-medium:0;--awb-spacing-right-medium:0px;--awb-spacing-left-medium:0px;--awb-width-small:100%;--awb-order-small:0;--awb-spacing-right-small:0px;--awb-spacing-left-small:0px;\"><div class=\"fusion-column-wrapper fusion-column-has-shadow fusion-flex-justify-content-center fusion-content-layout-column\"><div class=\"fusion-text fusion-text-1\"><h1 class=\"\" style=\"line-height: 1.16; color: var(--awb-color6); --fontsize: 60; font-size: 59px;\" data-fontsize=\"60\" data-lineheight=\"69.6px\" data-fusion-font=\"true\">Garanta a Limpeza na Gest\u00e3o de Fazendas Leiteiras<\/h1>\n<p style=\"color: var(--awb-color1);\">Os equipamentos de lavanderia para fazendas da UniMac\u00ae fornecem uma quantidade abundante de toalhas limpas e higienizadas para manter a gest\u00e3o da sua fazenda leiteira funcionando de forma eficiente todos os dias.<\/p>\n<\/div><\/div><\/div><\/div><\/div><div class=\"fusion-fullwidth fullwidth-box fusion-builder-row-2 fusion-flex-container hundred-percent-fullwidth non-hundred-percent-height-scrolling\" style=\"--awb-border-radius-top-left:0px;--awb-border-radius-top-right:0px;--awb-border-radius-bottom-right:0px;--awb-border-radius-bottom-left:0px;--awb-padding-top:0px;--awb-padding-right:0px;--awb-padding-bottom:0px;--awb-padding-left:0px;--awb-min-height:500px;--awb-flex-wrap:wrap;\" ><div class=\"fusion-builder-row fusion-row fusion-flex-align-items-stretch fusion-flex-align-content-center fusion-flex-content-wrap\" style=\"width:calc( 100% + 0px ) !important;max-width:calc( 100% + 0px ) !important;margin-left: calc(-0px \/ 2 );margin-right: calc(-0px \/ 2 );\"><div class=\"fusion-layout-column fusion_builder_column fusion-builder-column-2 fusion_builder_column_1_2 1_2 fusion-flex-column\" style=\"--awb-bg-position:center center;--awb-bg-size:cover;--awb-width-large:50%;--awb-margin-top-large:0px;--awb-spacing-right-large:0px;--awb-margin-bottom-large:0px;--awb-spacing-left-large:0px;--awb-width-medium:40%;--awb-order-medium:0;--awb-spacing-right-medium:0px;--awb-spacing-left-medium:0px;--awb-width-small:100%;--awb-order-small:0;--awb-spacing-right-small:0px;--awb-spacing-left-small:0px;\"><div class=\"fusion-column-wrapper fusion-column-has-shadow fusion-flex-justify-content-center fusion-content-layout-column\"><div class=\"fusion-image-element \" style=\"text-align:center;--awb-margin-top-small:30px;--awb-max-width:500px;--awb-caption-title-font-family:var(--h2_typography-font-family);--awb-caption-title-font-weight:var(--h2_typography-font-weight);--awb-caption-title-font-style:var(--h2_typography-font-style);--awb-caption-title-size:var(--h2_typography-font-size);--awb-caption-title-transform:var(--h2_typography-text-transform);--awb-caption-title-line-height:var(--h2_typography-line-height);--awb-caption-title-letter-spacing:var(--h2_typography-letter-spacing);\"><span class=\" fusion-imageframe imageframe-none imageframe-1 hover-type-none\"><img decoding=\"async\" width=\"850\" height=\"461\" title=\"UM202_TopDown_Full\" data-src=\"https:\/\/unimac.com\/nstest\/wp-content\/uploads\/sites\/14\/2023\/02\/UM202_TopDown_Full.jpg\" alt class=\"img-responsive wp-image-19453 lazyload\" data-srcset=\"https:\/\/unimac.com\/br\/wp-content\/uploads\/sites\/14\/2023\/02\/UM202_TopDown_Full-200x108.jpg 200w, https:\/\/unimac.com\/br\/wp-content\/uploads\/sites\/14\/2023\/02\/UM202_TopDown_Full-400x217.jpg 400w, https:\/\/unimac.com\/br\/wp-content\/uploads\/sites\/14\/2023\/02\/UM202_TopDown_Full-600x325.jpg 600w, https:\/\/unimac.com\/br\/wp-content\/uploads\/sites\/14\/2023\/02\/UM202_TopDown_Full-800x434.jpg 800w, https:\/\/unimac.com\/br\/wp-content\/uploads\/sites\/14\/2023\/02\/UM202_TopDown_Full.jpg 850w\" data-sizes=\"(max-width: 767px) 100vw, 800px\" src=\"data:image\/svg+xml;base64,PHN2ZyB3aWR0aD0iMSIgaGVpZ2h0PSIxIiB4bWxucz0iaHR0cDovL3d3dy53My5vcmcvMjAwMC9zdmciPjwvc3ZnPg==\" style=\"--smush-placeholder-width: 850px; --smush-placeholder-aspect-ratio: 850\/461;\" \/><\/span><\/div><\/div><\/div><div class=\"fusion-layout-column fusion_builder_column fusion-builder-column-3 fusion_builder_column_1_2 1_2 fusion-flex-column\" style=\"--awb-padding-top:60px;--awb-padding-right:5vw;--awb-padding-left:5vw;--awb-bg-size:cover;--awb-width-large:50%;--awb-margin-top-large:0px;--awb-spacing-right-large:0px;--awb-margin-bottom-large:0px;--awb-spacing-left-large:0px;--awb-width-medium:60%;--awb-order-medium:0;--awb-spacing-right-medium:0px;--awb-spacing-left-medium:0px;--awb-width-small:100%;--awb-order-small:0;--awb-spacing-right-small:0px;--awb-spacing-left-small:0px;\"><div class=\"fusion-column-wrapper fusion-column-has-shadow fusion-flex-justify-content-center fusion-content-layout-column\"><div class=\"fusion-text fusion-text-2\"><h2 class=\"fusion-responsive-typography-calculated\" style=\"--fontsize: 50; line-height: 1.2;\" data-fontsize=\"50\" data-lineheight=\"60px\">Sanitiza\u00e7\u00e3o sem interrup\u00e7\u00f5es<\/h2>\n<p>A gest\u00e3o de neg\u00f3cios em fazendas leiteiras exige equipamentos de lavanderia capazes de remover bact\u00e9rias e contaminantes de grandes volumes de toalhas usadas para preparar e limpar as tetas das vacas antes da ordenha. As m\u00e1quinas de lavar da UniMac\u00ae, f\u00e1ceis de usar e com alta velocidade de extra\u00e7\u00e3o, ajudam a manter sua fazenda em funcionamento sem interrup\u00e7\u00f5es.<\/p>\n<\/div><\/div><\/div><\/div><\/div><div class=\"fusion-fullwidth fullwidth-box fusion-builder-row-3 fusion-flex-container has-pattern-background has-mask-background nonhundred-percent-fullwidth non-hundred-percent-height-scrolling\" style=\"--awb-border-radius-top-left:0px;--awb-border-radius-top-right:0px;--awb-border-radius-bottom-right:0px;--awb-border-radius-bottom-left:0px;--awb-min-height:220px;--awb-min-height-medium:700px;--awb-min-height-small:650px;--awb-background-color:#e6e7e8;--awb-flex-wrap:wrap;\" ><div class=\"fusion-builder-row fusion-row fusion-flex-align-items-flex-start fusion-flex-content-wrap\" style=\"max-width:1456px;margin-left: calc(-4% \/ 2 );margin-right: calc(-4% \/ 2 );\"><div class=\"fusion-layout-column fusion_builder_column fusion-builder-column-4 fusion_builder_column_1_1 1_1 fusion-flex-column\" style=\"--awb-bg-size:cover;--awb-width-large:100%;--awb-margin-top-large:0px;--awb-spacing-right-large:1.92%;--awb-margin-bottom-large:0px;--awb-spacing-left-large:1.92%;--awb-width-medium:100%;--awb-order-medium:0;--awb-spacing-right-medium:1.92%;--awb-spacing-left-medium:1.92%;--awb-width-small:100%;--awb-order-small:0;--awb-spacing-right-small:1.92%;--awb-spacing-left-small:1.92%;\"><div class=\"fusion-column-wrapper fusion-column-has-shadow fusion-flex-justify-content-flex-start fusion-content-layout-column\"><div class=\"fusion-title title fusion-title-1 fusion-sep-none fusion-title-center fusion-title-text fusion-title-size-three\" style=\"--awb-text-color:var(--awb-color6);--awb-margin-top:0px;\"><h3 class=\"fusion-title-heading title-heading-center fusion-responsive-typography-calculated\" style=\"margin:0;--fontSize:40;--minFontSize:40;line-height:1.3;\"><h3>M\u00c1XIMO EQUIL\u00cdBRIO DE RECURSOS.<br \/>\nRESULTADOS S\u00c9RIOS.<\/h3><\/h3><\/div><div class=\"fusion-text fusion-text-3\"><p style=\"text-align: center;\">UM202 Lavadora-Extrator de Carga Superior.<\/p>\n<\/div><div style=\"text-align:center;\"><a class=\"fusion-button button-flat fusion-button-default-size button-custom fusion-button-default button-1 fusion-button-default-span fusion-button-default-type\" style=\"--button_accent_color:var(--awb-color1);--button_accent_hover_color:var(--awb-color2);--button_border_hover_color:var(--awb-color1);--button_gradient_top_color:var(--awb-color6);--button_gradient_bottom_color:var(--awb-color6);--button_gradient_top_color_hover:var(--awb-color1);--button_gradient_bottom_color_hover:var(--awb-color1);--button_margin-top:30px;\" target=\"_blank\" rel=\"noopener noreferrer\" href=\"https:\/\/alliancelaundrysystems.widen.net\/s\/s8plcfjttm\/dl_au18-0024_specsheet_um202_en-us\"><span class=\"fusion-button-text awb-button__text awb-button__text--default\">Informa\u00e7\u00f5es do Produto<\/span><i class=\"fa-angle-right fas awb-button__icon awb-button__icon--default button-icon-right\" aria-hidden=\"true\"><\/i><\/a><\/div><\/div><\/div><\/div><\/div><div class=\"fusion-fullwidth fullwidth-box fusion-builder-row-4 fusion-flex-container reverse hundred-percent-fullwidth non-hundred-percent-height-scrolling\" style=\"--awb-border-radius-top-left:0px;--awb-border-radius-top-right:0px;--awb-border-radius-bottom-right:0px;--awb-border-radius-bottom-left:0px;--awb-padding-top:0px;--awb-padding-right:0px;--awb-padding-bottom:0px;--awb-padding-left:0px;--awb-min-height:500px;--awb-flex-wrap:wrap;\" ><div class=\"fusion-builder-row fusion-row fusion-flex-align-items-stretch fusion-flex-align-content-center fusion-flex-content-wrap\" style=\"width:calc( 100% + 0px ) !important;max-width:calc( 100% + 0px ) !important;margin-left: calc(-0px \/ 2 );margin-right: calc(-0px \/ 2 );\"><div class=\"fusion-layout-column fusion_builder_column fusion-builder-column-5 fusion_builder_column_1_2 1_2 fusion-flex-column\" style=\"--awb-bg-position:center center;--awb-bg-size:cover;--awb-width-large:50%;--awb-margin-top-large:0px;--awb-spacing-right-large:0px;--awb-margin-bottom-large:0px;--awb-spacing-left-large:0px;--awb-width-medium:40%;--awb-order-medium:0;--awb-spacing-right-medium:0px;--awb-spacing-left-medium:0px;--awb-width-small:100%;--awb-order-small:0;--awb-spacing-right-small:0px;--awb-spacing-left-small:0px;\"><div class=\"fusion-column-wrapper fusion-column-has-shadow fusion-flex-justify-content-center fusion-content-layout-column\"><div class=\"fusion-image-element \" style=\"text-align:center;--awb-margin-top-small:30px;--awb-max-width:500px;--awb-caption-title-font-family:var(--h2_typography-font-family);--awb-caption-title-font-weight:var(--h2_typography-font-weight);--awb-caption-title-font-style:var(--h2_typography-font-style);--awb-caption-title-size:var(--h2_typography-font-size);--awb-caption-title-transform:var(--h2_typography-text-transform);--awb-caption-title-line-height:var(--h2_typography-line-height);--awb-caption-title-letter-spacing:var(--h2_typography-letter-spacing);\"><span class=\" fusion-imageframe imageframe-none imageframe-2 hover-type-none\"><img decoding=\"async\" width=\"850\" height=\"700\" title=\"UM202_Left\" data-src=\"https:\/\/unimac.com\/nstest\/wp-content\/uploads\/sites\/14\/2023\/02\/UM202_Left.jpg\" alt class=\"img-responsive wp-image-19456 lazyload\" data-srcset=\"https:\/\/unimac.com\/br\/wp-content\/uploads\/sites\/14\/2023\/02\/UM202_Left-200x165.jpg 200w, https:\/\/unimac.com\/br\/wp-content\/uploads\/sites\/14\/2023\/02\/UM202_Left-400x329.jpg 400w, https:\/\/unimac.com\/br\/wp-content\/uploads\/sites\/14\/2023\/02\/UM202_Left-600x494.jpg 600w, https:\/\/unimac.com\/br\/wp-content\/uploads\/sites\/14\/2023\/02\/UM202_Left-800x659.jpg 800w, https:\/\/unimac.com\/br\/wp-content\/uploads\/sites\/14\/2023\/02\/UM202_Left.jpg 850w\" data-sizes=\"(max-width: 767px) 100vw, 800px\" src=\"data:image\/svg+xml;base64,PHN2ZyB3aWR0aD0iMSIgaGVpZ2h0PSIxIiB4bWxucz0iaHR0cDovL3d3dy53My5vcmcvMjAwMC9zdmciPjwvc3ZnPg==\" style=\"--smush-placeholder-width: 850px; --smush-placeholder-aspect-ratio: 850\/700;\" \/><\/span><\/div><\/div><\/div><div class=\"fusion-layout-column fusion_builder_column fusion-builder-column-6 fusion_builder_column_1_2 1_2 fusion-flex-column\" style=\"--awb-padding-top:60px;--awb-padding-right:5vw;--awb-padding-left:5vw;--awb-bg-size:cover;--awb-width-large:50%;--awb-margin-top-large:0px;--awb-spacing-right-large:0px;--awb-margin-bottom-large:0px;--awb-spacing-left-large:0px;--awb-width-medium:60%;--awb-order-medium:0;--awb-spacing-right-medium:0px;--awb-spacing-left-medium:0px;--awb-width-small:100%;--awb-order-small:0;--awb-spacing-right-small:0px;--awb-spacing-left-small:0px;\"><div class=\"fusion-column-wrapper fusion-column-has-shadow fusion-flex-justify-content-center fusion-content-layout-column\"><div class=\"fusion-text fusion-text-4\"><h3 class=\"fusion-responsive-typography-calculated\" style=\"--fontsize: 40; line-height: 1.3; --minfontsize: 40;\" data-fontsize=\"40\" data-lineheight=\"52px\">Equipamento que Acompanha seu Ritmo e Expectativas<\/h3>\n<p>A instala\u00e7\u00e3o \u00e9 simples e n\u00e3o requer piso especial ou fixa\u00e7\u00e3o. Nossa lavadora-extratora de carga superior, resistente e totalmente em a\u00e7o inoxid\u00e1vel, opera a 690 G-force para fornecer toalhas prontas para uso assim que o ciclo \u00e9 conclu\u00eddo, sem necessidade de secagem adicional. Al\u00e9m disso, o uso reduzido de \u00e1gua significa economia nos custos de servi\u00e7os p\u00fablicos, sem comprometer a qualidade da lavagem. Gerenciar a lavanderia em instala\u00e7\u00f5es de fazendas leiteiras fica simples com a UniMac.<\/p>\n<\/div><\/div><\/div><\/div><\/div><div class=\"fusion-fullwidth fullwidth-box fusion-builder-row-5 fusion-flex-container fusion-parallax-none nonhundred-percent-fullwidth non-hundred-percent-height-scrolling\" style=\"--awb-border-radius-top-left:0px;--awb-border-radius-top-right:0px;--awb-border-radius-bottom-right:0px;--awb-border-radius-bottom-left:0px;--awb-min-height:800px;--awb-min-height-medium:700px;--awb-min-height-small:650px;--awb-background-image:linear-gradient(180deg, var(--awb-color1) 0%,rgba(255,255,255,0) 34%),url(https:\/\/unimac.com\/nstest\/wp-content\/uploads\/sites\/14\/2022\/06\/UniMac_UWx7_-Lineup.png);;--awb-background-size:cover;--awb-flex-wrap:wrap;\" ><div class=\"fusion-builder-row fusion-row fusion-flex-align-items-flex-start fusion-flex-content-wrap\" style=\"max-width:1456px;margin-left: calc(-4% \/ 2 );margin-right: calc(-4% \/ 2 );\"><div class=\"fusion-layout-column fusion_builder_column fusion-builder-column-7 fusion_builder_column_1_1 1_1 fusion-flex-column\" style=\"--awb-bg-size:cover;--awb-width-large:100%;--awb-margin-top-large:0px;--awb-spacing-right-large:1.92%;--awb-margin-bottom-large:0px;--awb-spacing-left-large:1.92%;--awb-width-medium:100%;--awb-order-medium:0;--awb-spacing-right-medium:1.92%;--awb-spacing-left-medium:1.92%;--awb-width-small:100%;--awb-order-small:0;--awb-spacing-right-small:1.92%;--awb-spacing-left-small:1.92%;\"><div class=\"fusion-column-wrapper fusion-column-has-shadow fusion-flex-justify-content-flex-start fusion-content-layout-column\"><div class=\"fusion-title title fusion-title-2 fusion-sep-none fusion-title-center fusion-title-text fusion-title-size-three\" style=\"--awb-text-color:var(--awb-color6);--awb-margin-top:0px;\"><h3 class=\"fusion-title-heading title-heading-center fusion-responsive-typography-calculated\" style=\"margin:0;--fontSize:40;--minFontSize:40;line-height:1.3;\"><h3>Sua Rede de Lavanderia para Fazendas Leiteiras<\/h3><\/h3><\/div><div style=\"text-align:center;\"><a class=\"fusion-button button-flat fusion-button-default-size button-custom fusion-button-default button-2 fusion-button-default-span fusion-button-default-type\" style=\"--button_accent_color:var(--awb-color1);--button_accent_hover_color:var(--awb-color2);--button_border_hover_color:var(--awb-color1);--button_gradient_top_color:var(--awb-color6);--button_gradient_bottom_color:var(--awb-color6);--button_gradient_top_color_hover:var(--awb-color1);--button_gradient_bottom_color_hover:var(--awb-color1);--button_margin-top:30px;\" target=\"_self\" href=\"https:\/\/unimac.com\/br\/contact\/localizador-de-distribuidores\/\"><span class=\"fusion-button-text awb-button__text awb-button__text--default\">ENTRE EM CONTATO COM O SEU DISTRIBUIDOR<\/span><i class=\"fa-angle-right fas awb-button__icon awb-button__icon--default button-icon-right\" aria-hidden=\"true\"><\/i><\/a><\/div><\/div><\/div><\/div><\/div><\/p>\n","protected":false},"excerpt":{"rendered":"","protected":false},"author":25,"featured_media":0,"parent":1121,"menu_order":0,"comment_status":"closed","ping_status":"closed","template":"100-width.php","meta":{"_acf_changed":false,"inline_featured_image":false,"footnotes":""},"class_list":["post-19450","page","type-page","status-publish","hentry"],"yoast_head":"<!-- This site is optimized with the Yoast SEO Premium plugin v23.4 (Yoast SEO v26.2) - https:\/\/yoast.com\/wordpress\/plugins\/seo\/ -->\n<title>Garanta a Limpeza na Gest\u00e3o de Fazendas Leiteiras<\/title>\n<meta name=\"description\" content=\"Os equipamentos de lavanderia para fazendas da UniMac\u00ae fornecem uma quantidade abundante de toalhas limpas e higienizadas para manter a gest\u00e3o da sua fazenda leiteira funcionando de forma eficiente todos os dias.\" \/>\n<meta name=\"robots\" content=\"index, follow, max-snippet:-1, max-image-preview:large, max-video-preview:-1\" \/>\n<link rel=\"canonical\" href=\"https:\/\/unimac.com\/br\/industrias\/laticinios\/\" \/>\n<meta property=\"og:locale\" content=\"pt_BR\" \/>\n<meta property=\"og:type\" content=\"article\" \/>\n<meta property=\"og:title\" content=\"Latic\u00ednios\" \/>\n<meta property=\"og:description\" content=\"Os equipamentos de lavanderia para fazendas da UniMac\u00ae fornecem uma quantidade abundante de toalhas limpas e higienizadas para manter a gest\u00e3o da sua fazenda leiteira funcionando de forma eficiente todos os dias.\" \/>\n<meta property=\"og:url\" content=\"https:\/\/unimac.com\/br\/industrias\/laticinios\/\" \/>\n<meta property=\"og:site_name\" content=\"Unimac Brasil\" \/>\n<meta property=\"article:modified_time\" content=\"2024-11-08T11:54:00+00:00\" \/>\n<meta name=\"twitter:card\" content=\"summary_large_image\" \/>\n<meta name=\"twitter:label1\" content=\"Est. tempo de leitura\" \/>\n\t<meta name=\"twitter:data1\" content=\"2 minutos\" \/>\n<script type=\"application\/ld+json\" class=\"yoast-schema-graph\">{\"@context\":\"https:\/\/schema.org\",\"@graph\":[{\"@type\":\"WebPage\",\"@id\":\"https:\/\/unimac.com\/br\/industrias\/laticinios\/\",\"url\":\"https:\/\/unimac.com\/br\/industrias\/laticinios\/\",\"name\":\"Garanta a Limpeza na Gest\u00e3o de Fazendas Leiteiras\",\"isPartOf\":{\"@id\":\"https:\/\/unimac.com\/br\/#website\"},\"datePublished\":\"2023-02-14T23:13:42+00:00\",\"dateModified\":\"2024-11-08T11:54:00+00:00\",\"description\":\"Os equipamentos de lavanderia para fazendas da UniMac\u00ae fornecem uma quantidade abundante de toalhas limpas e higienizadas para manter a gest\u00e3o da sua fazenda leiteira funcionando de forma eficiente todos os dias.\",\"breadcrumb\":{\"@id\":\"https:\/\/unimac.com\/br\/industrias\/laticinios\/#breadcrumb\"},\"inLanguage\":\"pt-BR\",\"potentialAction\":[{\"@type\":\"ReadAction\",\"target\":[\"https:\/\/unimac.com\/br\/industrias\/laticinios\/\"]}]},{\"@type\":\"BreadcrumbList\",\"@id\":\"https:\/\/unimac.com\/br\/industrias\/laticinios\/#breadcrumb\",\"itemListElement\":[{\"@type\":\"ListItem\",\"position\":1,\"name\":\"Home\",\"item\":\"https:\/\/unimac.com\/br\/\"},{\"@type\":\"ListItem\",\"position\":2,\"name\":\"Ind\u00fastrias\",\"item\":\"https:\/\/unimac.com\/br\/industrias\/\"},{\"@type\":\"ListItem\",\"position\":3,\"name\":\"Latic\u00ednios\"}]},{\"@type\":\"WebSite\",\"@id\":\"https:\/\/unimac.com\/br\/#website\",\"url\":\"https:\/\/unimac.com\/br\/\",\"name\":\"Unimac Brasil\",\"description\":\"Maximum Performance\",\"publisher\":{\"@id\":\"https:\/\/unimac.com\/br\/#organization\"},\"potentialAction\":[{\"@type\":\"SearchAction\",\"target\":{\"@type\":\"EntryPoint\",\"urlTemplate\":\"https:\/\/unimac.com\/br\/?s={search_term_string}\"},\"query-input\":{\"@type\":\"PropertyValueSpecification\",\"valueRequired\":true,\"valueName\":\"search_term_string\"}}],\"inLanguage\":\"pt-BR\"},{\"@type\":\"Organization\",\"@id\":\"https:\/\/unimac.com\/br\/#organization\",\"name\":\"Unimac\",\"url\":\"https:\/\/unimac.com\/br\/\",\"logo\":{\"@type\":\"ImageObject\",\"inLanguage\":\"pt-BR\",\"@id\":\"https:\/\/unimac.com\/br\/#\/schema\/logo\/image\/\",\"url\":\"https:\/\/unimac.com\/br\/wp-content\/uploads\/sites\/14\/2020\/03\/unimac.png\",\"contentUrl\":\"https:\/\/unimac.com\/br\/wp-content\/uploads\/sites\/14\/2020\/03\/unimac.png\",\"width\":1248,\"height\":843,\"caption\":\"Unimac\"},\"image\":{\"@id\":\"https:\/\/unimac.com\/br\/#\/schema\/logo\/image\/\"}}]}<\/script>\n<!-- \/ Yoast SEO Premium plugin. -->","yoast_head_json":{"title":"Garanta a Limpeza na Gest\u00e3o de Fazendas Leiteiras","description":"Os equipamentos de lavanderia para fazendas da UniMac\u00ae fornecem uma quantidade abundante de toalhas limpas e higienizadas para manter a gest\u00e3o da sua fazenda leiteira funcionando de forma eficiente todos os dias.","robots":{"index":"index","follow":"follow","max-snippet":"max-snippet:-1","max-image-preview":"max-image-preview:large","max-video-preview":"max-video-preview:-1"},"canonical":"https:\/\/unimac.com\/br\/industrias\/laticinios\/","og_locale":"pt_BR","og_type":"article","og_title":"Latic\u00ednios","og_description":"Os equipamentos de lavanderia para fazendas da UniMac\u00ae fornecem uma quantidade abundante de toalhas limpas e higienizadas para manter a gest\u00e3o da sua fazenda leiteira funcionando de forma eficiente todos os dias.","og_url":"https:\/\/unimac.com\/br\/industrias\/laticinios\/","og_site_name":"Unimac Brasil","article_modified_time":"2024-11-08T11:54:00+00:00","twitter_card":"summary_large_image","twitter_misc":{"Est. tempo de leitura":"2 minutos"},"schema":{"@context":"https:\/\/schema.org","@graph":[{"@type":"WebPage","@id":"https:\/\/unimac.com\/br\/industrias\/laticinios\/","url":"https:\/\/unimac.com\/br\/industrias\/laticinios\/","name":"Garanta a Limpeza na Gest\u00e3o de Fazendas Leiteiras","isPartOf":{"@id":"https:\/\/unimac.com\/br\/#website"},"datePublished":"2023-02-14T23:13:42+00:00","dateModified":"2024-11-08T11:54:00+00:00","description":"Os equipamentos de lavanderia para fazendas da UniMac\u00ae fornecem uma quantidade abundante de toalhas limpas e higienizadas para manter a gest\u00e3o da sua fazenda leiteira funcionando de forma eficiente todos os dias.","breadcrumb":{"@id":"https:\/\/unimac.com\/br\/industrias\/laticinios\/#breadcrumb"},"inLanguage":"pt-BR","potentialAction":[{"@type":"ReadAction","target":["https:\/\/unimac.com\/br\/industrias\/laticinios\/"]}]},{"@type":"BreadcrumbList","@id":"https:\/\/unimac.com\/br\/industrias\/laticinios\/#breadcrumb","itemListElement":[{"@type":"ListItem","position":1,"name":"Home","item":"https:\/\/unimac.com\/br\/"},{"@type":"ListItem","position":2,"name":"Ind\u00fastrias","item":"https:\/\/unimac.com\/br\/industrias\/"},{"@type":"ListItem","position":3,"name":"Latic\u00ednios"}]},{"@type":"WebSite","@id":"https:\/\/unimac.com\/br\/#website","url":"https:\/\/unimac.com\/br\/","name":"Unimac Brasil","description":"Maximum Performance","publisher":{"@id":"https:\/\/unimac.com\/br\/#organization"},"potentialAction":[{"@type":"SearchAction","target":{"@type":"EntryPoint","urlTemplate":"https:\/\/unimac.com\/br\/?s={search_term_string}"},"query-input":{"@type":"PropertyValueSpecification","valueRequired":true,"valueName":"search_term_string"}}],"inLanguage":"pt-BR"},{"@type":"Organization","@id":"https:\/\/unimac.com\/br\/#organization","name":"Unimac","url":"https:\/\/unimac.com\/br\/","logo":{"@type":"ImageObject","inLanguage":"pt-BR","@id":"https:\/\/unimac.com\/br\/#\/schema\/logo\/image\/","url":"https:\/\/unimac.com\/br\/wp-content\/uploads\/sites\/14\/2020\/03\/unimac.png","contentUrl":"https:\/\/unimac.com\/br\/wp-content\/uploads\/sites\/14\/2020\/03\/unimac.png","width":1248,"height":843,"caption":"Unimac"},"image":{"@id":"https:\/\/unimac.com\/br\/#\/schema\/logo\/image\/"}}]}},"acf":[],"_links":{"self":[{"href":"https:\/\/unimac.com\/br\/wp-json\/wp\/v2\/pages\/19450","targetHints":{"allow":["GET"]}}],"collection":[{"href":"https:\/\/unimac.com\/br\/wp-json\/wp\/v2\/pages"}],"about":[{"href":"https:\/\/unimac.com\/br\/wp-json\/wp\/v2\/types\/page"}],"author":[{"embeddable":true,"href":"https:\/\/unimac.com\/br\/wp-json\/wp\/v2\/users\/25"}],"replies":[{"embeddable":true,"href":"https:\/\/unimac.com\/br\/wp-json\/wp\/v2\/comments?post=19450"}],"version-history":[{"count":16,"href":"https:\/\/unimac.com\/br\/wp-json\/wp\/v2\/pages\/19450\/revisions"}],"predecessor-version":[{"id":21974,"href":"https:\/\/unimac.com\/br\/wp-json\/wp\/v2\/pages\/19450\/revisions\/21974"}],"up":[{"embeddable":true,"href":"https:\/\/unimac.com\/br\/wp-json\/wp\/v2\/pages\/1121"}],"wp:attachment":[{"href":"https:\/\/unimac.com\/br\/wp-json\/wp\/v2\/media?parent=19450"}],"curies":[{"name":"wp","href":"https:\/\/api.w.org\/{rel}","templated":true}]}}