{"id":2135,"date":"2019-08-17T08:15:26","date_gmt":"2019-08-17T11:15:26","guid":{"rendered":"http:\/\/unimac.bitnamiapp.com\/?page_id=2135"},"modified":"2023-06-19T12:03:50","modified_gmt":"2023-06-19T15:03:50","slug":"termos-de-uso","status":"publish","type":"page","link":"https:\/\/unimac.com\/br\/sobre-nos\/termos-de-uso\/","title":{"rendered":"Termos de uso"},"content":{"rendered":"<div class=\"fusion-fullwidth fullwidth-box fusion-builder-row-1 fusion-flex-container nonhundred-percent-fullwidth non-hundred-percent-height-scrolling\" style=\"--awb-border-radius-top-left:0px;--awb-border-radius-top-right:0px;--awb-border-radius-bottom-right:0px;--awb-border-radius-bottom-left:0px;--awb-flex-wrap:wrap;\" ><div class=\"fusion-builder-row fusion-row fusion-flex-align-items-flex-start fusion-flex-content-wrap\" style=\"max-width:1456px;margin-left: calc(-4% \/ 2 );margin-right: calc(-4% \/ 2 );\"><div class=\"fusion-layout-column fusion_builder_column fusion-builder-column-0 fusion_builder_column_1_6 1_6 fusion-flex-column\" style=\"--awb-bg-size:cover;--awb-width-large:16.666666666667%;--awb-margin-top-large:0px;--awb-spacing-right-large:11.52%;--awb-margin-bottom-large:0px;--awb-spacing-left-large:11.52%;--awb-width-medium:16.666666666667%;--awb-spacing-right-medium:11.52%;--awb-spacing-left-medium:11.52%;--awb-width-small:100%;--awb-spacing-right-small:1.92%;--awb-spacing-left-small:1.92%;\"><div class=\"fusion-column-wrapper fusion-column-has-shadow fusion-flex-justify-content-flex-start fusion-content-layout-column\"><div class=\"fusion-text fusion-text-1\"><h1 style=\"--fontSize: 60;line-height: 1.16\" data-fontsize=\"60\" data-lineheight=\"69.6px\" class=\"fusion-responsive-typography-calculated\">Termos de uso<\/h1>\n<\/div><\/div><\/div><div class=\"fusion-layout-column fusion_builder_column fusion-builder-column-1 fusion_builder_column_5_6 5_6 fusion-flex-column\" style=\"--awb-bg-size:cover;--awb-width-large:83.333333333333%;--awb-margin-top-large:0px;--awb-spacing-right-large:2.304%;--awb-margin-bottom-large:0px;--awb-spacing-left-large:2.304%;--awb-width-medium:83.333333333333%;--awb-spacing-right-medium:2.304%;--awb-spacing-left-medium:2.304%;--awb-width-small:100%;--awb-spacing-right-small:1.92%;--awb-spacing-left-small:1.92%;\" id=\"terms\"><div class=\"fusion-column-wrapper fusion-column-has-shadow fusion-flex-justify-content-flex-start fusion-content-layout-column\"><div class=\"fusion-text fusion-text-2\"><p>A Unimac\u00ae mant\u00e9m este site na Internet como um servi\u00e7o para a comunidade da Internet. O conte\u00fado (imagens e texto) disponibilizado pela Unimac neste site \u00e9 protegido por direitos autorais. Voc\u00ea pode fazer o download do conte\u00fado apenas para melhorar a comercializa\u00e7\u00e3o e venda construtiva dos produtos e servi\u00e7os da Unimac. O conte\u00fado n\u00e3o pode ser copiado de outra forma e n\u00e3o pode ser modificado.<\/p>\n<p>A Unimac far\u00e1 esfor\u00e7os razo\u00e1veis para incluir informa\u00e7\u00f5es precisas e atualizadas, mas n\u00e3o oferece garantias ou representa\u00e7\u00f5es quanto \u00e0 sua precis\u00e3o ou completude. A Unimac n\u00e3o ser\u00e1 respons\u00e1vel por danos de qualquer tipo decorrentes do seu acesso ou incapacidade de acessar www.unimac.com\/nstest ou sua confian\u00e7a nas informa\u00e7\u00f5es em unimac.com\/nstest.<\/p>\n<p>Ao clicar em determinados links dentro de unimac.com\/nstest, voc\u00ea ser\u00e1 direcionado para outros sites pelos quais a Unimac n\u00e3o se responsabiliza.<\/p>\n<p>Quaisquer informa\u00e7\u00f5es, comunica\u00e7\u00f5es ou materiais n\u00e3o pessoais que voc\u00ea enviar para unimac.com\/nstest ou para a Unimac por e-mail ser\u00e3o considerados n\u00e3o confidenciais. Temos o direito de usar e reproduzir livremente essas informa\u00e7\u00f5es, para qualquer finalidade. Especificamente, teremos o direito de usar quaisquer ideias, conceitos, know-how ou t\u00e9cnicas contidas nessas informa\u00e7\u00f5es para qualquer finalidade, incluindo o desenvolvimento, fabrica\u00e7\u00e3o ou comercializa\u00e7\u00e3o de produtos. As informa\u00e7\u00f5es que voc\u00ea enviar para este site devem ser verdadeiras, n\u00e3o violar os direitos de terceiros e ser legais.<\/p>\n<p>A marca\u00e7\u00e3o de marcas comerciais indica o status de marca comercial apenas nos Estados Unidos. O status e a marca\u00e7\u00e3o das marcas comerciais podem variar de pa\u00eds para pa\u00eds.<\/p>\n<p>Este acordo ser\u00e1 regido e interpretado de acordo com as leis do Estado de Wisconsin, sem dar efeito a quaisquer princ\u00edpios de conflitos de leis. Se alguma disposi\u00e7\u00e3o deste Contrato for considerada ilegal, inv\u00e1lida ou por qualquer motivo inexequ\u00edvel, essa disposi\u00e7\u00e3o ser\u00e1 considerada separ\u00e1vel deste Contrato e n\u00e3o afetar\u00e1 a validade e exequibilidade das disposi\u00e7\u00f5es restantes. Este site \u00e9 controlado e operado pela Unimac a partir de seus escrit\u00f3rios no estado de Wisconsin, Estados Unidos da Am\u00e9rica.<\/p>\n<p>A Unimac reserva-se o direito de retirar produtos mencionados neste site e alterar esta declara\u00e7\u00e3o legal a qualquer momento, e tamb\u00e9m reserva-se o direito de retirar postagens feitas por qualquer pessoa que a Unimac considere ofensivas, inflamat\u00f3rias, imprecisas ou de outra forma depreciativas para a Unimac ou seus produtos.<\/p>\n<\/div><\/div><\/div><\/div><\/div>\n","protected":false},"excerpt":{"rendered":"","protected":false},"author":5,"featured_media":0,"parent":989,"menu_order":0,"comment_status":"closed","ping_status":"closed","template":"100-width.php","meta":{"_acf_changed":false,"inline_featured_image":false,"footnotes":""},"class_list":["post-2135","page","type-page","status-publish","hentry"],"yoast_head":"<!-- This site is optimized with the Yoast SEO Premium plugin v23.4 (Yoast SEO v26.2) - https:\/\/yoast.com\/wordpress\/plugins\/seo\/ -->\n<title>Commercial Laundry Manufacturer \u2013 Industrial Washer and Dryer - UniMac On-Premises Laundry Equipment<\/title>\n<meta name=\"robots\" content=\"index, follow, max-snippet:-1, max-image-preview:large, max-video-preview:-1\" \/>\n<link rel=\"canonical\" href=\"https:\/\/unimac.com\/br\/sobre-nos\/termos-de-uso\/\" \/>\n<meta property=\"og:locale\" content=\"pt_BR\" \/>\n<meta property=\"og:type\" content=\"article\" \/>\n<meta property=\"og:title\" content=\"Termos de uso\" \/>\n<meta property=\"og:url\" content=\"https:\/\/unimac.com\/br\/sobre-nos\/termos-de-uso\/\" \/>\n<meta property=\"og:site_name\" content=\"Unimac Brasil\" \/>\n<meta property=\"article:modified_time\" content=\"2023-06-19T15:03:50+00:00\" \/>\n<meta name=\"twitter:card\" content=\"summary_large_image\" \/>\n<meta name=\"twitter:label1\" content=\"Est. tempo de leitura\" \/>\n\t<meta name=\"twitter:data1\" content=\"3 minutos\" \/>\n<script type=\"application\/ld+json\" class=\"yoast-schema-graph\">{\"@context\":\"https:\/\/schema.org\",\"@graph\":[{\"@type\":\"WebPage\",\"@id\":\"https:\/\/unimac.com\/br\/sobre-nos\/termos-de-uso\/\",\"url\":\"https:\/\/unimac.com\/br\/sobre-nos\/termos-de-uso\/\",\"name\":\"Commercial Laundry Manufacturer \u2013 Industrial Washer and Dryer - UniMac On-Premises Laundry Equipment\",\"isPartOf\":{\"@id\":\"https:\/\/unimac.com\/br\/#website\"},\"datePublished\":\"2019-08-17T11:15:26+00:00\",\"dateModified\":\"2023-06-19T15:03:50+00:00\",\"breadcrumb\":{\"@id\":\"https:\/\/unimac.com\/br\/sobre-nos\/termos-de-uso\/#breadcrumb\"},\"inLanguage\":\"pt-BR\",\"potentialAction\":[{\"@type\":\"ReadAction\",\"target\":[\"https:\/\/unimac.com\/br\/sobre-nos\/termos-de-uso\/\"]}]},{\"@type\":\"BreadcrumbList\",\"@id\":\"https:\/\/unimac.com\/br\/sobre-nos\/termos-de-uso\/#breadcrumb\",\"itemListElement\":[{\"@type\":\"ListItem\",\"position\":1,\"name\":\"Home\",\"item\":\"https:\/\/unimac.com\/br\/\"},{\"@type\":\"ListItem\",\"position\":2,\"name\":\"Sobre n\u00f3s\",\"item\":\"https:\/\/unimac.com\/br\/sobre-nos\/\"},{\"@type\":\"ListItem\",\"position\":3,\"name\":\"Termos de uso\"}]},{\"@type\":\"WebSite\",\"@id\":\"https:\/\/unimac.com\/br\/#website\",\"url\":\"https:\/\/unimac.com\/br\/\",\"name\":\"Unimac Brasil\",\"description\":\"Maximum Performance\",\"publisher\":{\"@id\":\"https:\/\/unimac.com\/br\/#organization\"},\"potentialAction\":[{\"@type\":\"SearchAction\",\"target\":{\"@type\":\"EntryPoint\",\"urlTemplate\":\"https:\/\/unimac.com\/br\/?s={search_term_string}\"},\"query-input\":{\"@type\":\"PropertyValueSpecification\",\"valueRequired\":true,\"valueName\":\"search_term_string\"}}],\"inLanguage\":\"pt-BR\"},{\"@type\":\"Organization\",\"@id\":\"https:\/\/unimac.com\/br\/#organization\",\"name\":\"Unimac\",\"url\":\"https:\/\/unimac.com\/br\/\",\"logo\":{\"@type\":\"ImageObject\",\"inLanguage\":\"pt-BR\",\"@id\":\"https:\/\/unimac.com\/br\/#\/schema\/logo\/image\/\",\"url\":\"https:\/\/unimac.com\/br\/wp-content\/uploads\/sites\/14\/2020\/03\/unimac.png\",\"contentUrl\":\"https:\/\/unimac.com\/br\/wp-content\/uploads\/sites\/14\/2020\/03\/unimac.png\",\"width\":1248,\"height\":843,\"caption\":\"Unimac\"},\"image\":{\"@id\":\"https:\/\/unimac.com\/br\/#\/schema\/logo\/image\/\"}}]}<\/script>\n<!-- \/ Yoast SEO Premium plugin. -->","yoast_head_json":{"title":"Commercial Laundry Manufacturer \u2013 Industrial Washer and Dryer - UniMac On-Premises Laundry Equipment","robots":{"index":"index","follow":"follow","max-snippet":"max-snippet:-1","max-image-preview":"max-image-preview:large","max-video-preview":"max-video-preview:-1"},"canonical":"https:\/\/unimac.com\/br\/sobre-nos\/termos-de-uso\/","og_locale":"pt_BR","og_type":"article","og_title":"Termos de uso","og_url":"https:\/\/unimac.com\/br\/sobre-nos\/termos-de-uso\/","og_site_name":"Unimac Brasil","article_modified_time":"2023-06-19T15:03:50+00:00","twitter_card":"summary_large_image","twitter_misc":{"Est. tempo de leitura":"3 minutos"},"schema":{"@context":"https:\/\/schema.org","@graph":[{"@type":"WebPage","@id":"https:\/\/unimac.com\/br\/sobre-nos\/termos-de-uso\/","url":"https:\/\/unimac.com\/br\/sobre-nos\/termos-de-uso\/","name":"Commercial Laundry Manufacturer \u2013 Industrial Washer and Dryer - UniMac On-Premises Laundry Equipment","isPartOf":{"@id":"https:\/\/unimac.com\/br\/#website"},"datePublished":"2019-08-17T11:15:26+00:00","dateModified":"2023-06-19T15:03:50+00:00","breadcrumb":{"@id":"https:\/\/unimac.com\/br\/sobre-nos\/termos-de-uso\/#breadcrumb"},"inLanguage":"pt-BR","potentialAction":[{"@type":"ReadAction","target":["https:\/\/unimac.com\/br\/sobre-nos\/termos-de-uso\/"]}]},{"@type":"BreadcrumbList","@id":"https:\/\/unimac.com\/br\/sobre-nos\/termos-de-uso\/#breadcrumb","itemListElement":[{"@type":"ListItem","position":1,"name":"Home","item":"https:\/\/unimac.com\/br\/"},{"@type":"ListItem","position":2,"name":"Sobre n\u00f3s","item":"https:\/\/unimac.com\/br\/sobre-nos\/"},{"@type":"ListItem","position":3,"name":"Termos de uso"}]},{"@type":"WebSite","@id":"https:\/\/unimac.com\/br\/#website","url":"https:\/\/unimac.com\/br\/","name":"Unimac Brasil","description":"Maximum Performance","publisher":{"@id":"https:\/\/unimac.com\/br\/#organization"},"potentialAction":[{"@type":"SearchAction","target":{"@type":"EntryPoint","urlTemplate":"https:\/\/unimac.com\/br\/?s={search_term_string}"},"query-input":{"@type":"PropertyValueSpecification","valueRequired":true,"valueName":"search_term_string"}}],"inLanguage":"pt-BR"},{"@type":"Organization","@id":"https:\/\/unimac.com\/br\/#organization","name":"Unimac","url":"https:\/\/unimac.com\/br\/","logo":{"@type":"ImageObject","inLanguage":"pt-BR","@id":"https:\/\/unimac.com\/br\/#\/schema\/logo\/image\/","url":"https:\/\/unimac.com\/br\/wp-content\/uploads\/sites\/14\/2020\/03\/unimac.png","contentUrl":"https:\/\/unimac.com\/br\/wp-content\/uploads\/sites\/14\/2020\/03\/unimac.png","width":1248,"height":843,"caption":"Unimac"},"image":{"@id":"https:\/\/unimac.com\/br\/#\/schema\/logo\/image\/"}}]}},"acf":[],"_links":{"self":[{"href":"https:\/\/unimac.com\/br\/wp-json\/wp\/v2\/pages\/2135","targetHints":{"allow":["GET"]}}],"collection":[{"href":"https:\/\/unimac.com\/br\/wp-json\/wp\/v2\/pages"}],"about":[{"href":"https:\/\/unimac.com\/br\/wp-json\/wp\/v2\/types\/page"}],"author":[{"embeddable":true,"href":"https:\/\/unimac.com\/br\/wp-json\/wp\/v2\/users\/5"}],"replies":[{"embeddable":true,"href":"https:\/\/unimac.com\/br\/wp-json\/wp\/v2\/comments?post=2135"}],"version-history":[{"count":15,"href":"https:\/\/unimac.com\/br\/wp-json\/wp\/v2\/pages\/2135\/revisions"}],"predecessor-version":[{"id":21476,"href":"https:\/\/unimac.com\/br\/wp-json\/wp\/v2\/pages\/2135\/revisions\/21476"}],"up":[{"embeddable":true,"href":"https:\/\/unimac.com\/br\/wp-json\/wp\/v2\/pages\/989"}],"wp:attachment":[{"href":"https:\/\/unimac.com\/br\/wp-json\/wp\/v2\/media?parent=2135"}],"curies":[{"name":"wp","href":"https:\/\/api.w.org\/{rel}","templated":true}]}}