{"id":6412,"date":"2019-10-24T22:30:22","date_gmt":"2019-10-25T01:30:22","guid":{"rendered":"http:\/\/unimac.bitnamiapp.com\/?page_id=6412"},"modified":"2024-11-08T08:56:45","modified_gmt":"2024-11-08T11:56:45","slug":"literatura","status":"publish","type":"page","link":"https:\/\/unimac.com\/br\/literatura\/","title":{"rendered":"Literatura T\u00e9cnica"},"content":{"rendered":"<div class=\"fusion-fullwidth fullwidth-box fusion-builder-row-1 fusion-flex-container nonhundred-percent-fullwidth non-hundred-percent-height-scrolling\" style=\"--awb-border-radius-top-left:0px;--awb-border-radius-top-right:0px;--awb-border-radius-bottom-right:0px;--awb-border-radius-bottom-left:0px;--awb-flex-wrap:wrap;\" ><div class=\"fusion-builder-row fusion-row fusion-flex-align-items-flex-start fusion-flex-content-wrap\" style=\"max-width:1456px;margin-left: calc(-4% \/ 2 );margin-right: calc(-4% \/ 2 );\"><div class=\"fusion-layout-column fusion_builder_column fusion-builder-column-0 fusion_builder_column_1_1 1_1 fusion-flex-column\" style=\"--awb-bg-size:cover;--awb-width-large:100%;--awb-margin-top-large:0px;--awb-spacing-right-large:1.92%;--awb-margin-bottom-large:0px;--awb-spacing-left-large:1.92%;--awb-width-medium:100%;--awb-order-medium:0;--awb-spacing-right-medium:1.92%;--awb-spacing-left-medium:1.92%;--awb-width-small:100%;--awb-order-small:0;--awb-spacing-right-small:1.92%;--awb-spacing-left-small:1.92%;\"><div class=\"fusion-column-wrapper fusion-column-has-shadow fusion-flex-justify-content-flex-start fusion-content-layout-column\"><iframe data-src='https:\/\/alliancelaundrysystems.widencollective.com\/portals\/srh6fltz\/UniMacLiteratureBrazil?embedded=...' width='100%' height='600' frameborder='0' src='data:image\/svg+xml;base64,PHN2ZyB3aWR0aD0iMSIgaGVpZ2h0PSIxIiB4bWxucz0iaHR0cDovL3d3dy53My5vcmcvMjAwMC9zdmciPjwvc3ZnPg==' class='lazyload' data-load-mode='1'><\/iframe><\/div><\/div><\/div><\/div>\n","protected":false},"excerpt":{"rendered":"","protected":false},"author":5,"featured_media":0,"parent":0,"menu_order":0,"comment_status":"closed","ping_status":"closed","template":"100-width.php","meta":{"_acf_changed":false,"inline_featured_image":false,"footnotes":""},"class_list":["post-6412","page","type-page","status-publish","hentry"],"yoast_head":"<!-- This site is optimized with the Yoast SEO Premium plugin v23.4 (Yoast SEO v26.2) - https:\/\/yoast.com\/wordpress\/plugins\/seo\/ -->\n<title>Literatura T\u00e9cnica Unimac<\/title>\n<meta name=\"description\" content=\"Literatura T\u00e9cnica da Unimac voc\u00ea encontra aqui.\" \/>\n<meta name=\"robots\" content=\"index, follow, max-snippet:-1, max-image-preview:large, max-video-preview:-1\" \/>\n<link rel=\"canonical\" href=\"https:\/\/unimac.com\/br\/literatura\/\" \/>\n<meta property=\"og:locale\" content=\"pt_BR\" \/>\n<meta property=\"og:type\" content=\"article\" \/>\n<meta property=\"og:title\" content=\"Literatura T\u00e9cnica\" \/>\n<meta property=\"og:description\" content=\"Literatura T\u00e9cnica da Unimac voc\u00ea encontra aqui.\" \/>\n<meta property=\"og:url\" content=\"https:\/\/unimac.com\/br\/literatura\/\" \/>\n<meta property=\"og:site_name\" content=\"Unimac Brasil\" \/>\n<meta property=\"article:modified_time\" content=\"2024-11-08T11:56:45+00:00\" \/>\n<meta name=\"twitter:card\" content=\"summary_large_image\" \/>\n<script type=\"application\/ld+json\" class=\"yoast-schema-graph\">{\"@context\":\"https:\/\/schema.org\",\"@graph\":[{\"@type\":\"WebPage\",\"@id\":\"https:\/\/unimac.com\/br\/literatura\/\",\"url\":\"https:\/\/unimac.com\/br\/literatura\/\",\"name\":\"Literatura T\u00e9cnica Unimac\",\"isPartOf\":{\"@id\":\"https:\/\/unimac.com\/br\/#website\"},\"datePublished\":\"2019-10-25T01:30:22+00:00\",\"dateModified\":\"2024-11-08T11:56:45+00:00\",\"description\":\"Literatura T\u00e9cnica da Unimac voc\u00ea encontra aqui.\",\"breadcrumb\":{\"@id\":\"https:\/\/unimac.com\/br\/literatura\/#breadcrumb\"},\"inLanguage\":\"pt-BR\",\"potentialAction\":[{\"@type\":\"ReadAction\",\"target\":[\"https:\/\/unimac.com\/br\/literatura\/\"]}]},{\"@type\":\"BreadcrumbList\",\"@id\":\"https:\/\/unimac.com\/br\/literatura\/#breadcrumb\",\"itemListElement\":[{\"@type\":\"ListItem\",\"position\":1,\"name\":\"Home\",\"item\":\"https:\/\/unimac.com\/br\/\"},{\"@type\":\"ListItem\",\"position\":2,\"name\":\"Literatura T\u00e9cnica\"}]},{\"@type\":\"WebSite\",\"@id\":\"https:\/\/unimac.com\/br\/#website\",\"url\":\"https:\/\/unimac.com\/br\/\",\"name\":\"Unimac Brasil\",\"description\":\"Maximum Performance\",\"publisher\":{\"@id\":\"https:\/\/unimac.com\/br\/#organization\"},\"potentialAction\":[{\"@type\":\"SearchAction\",\"target\":{\"@type\":\"EntryPoint\",\"urlTemplate\":\"https:\/\/unimac.com\/br\/?s={search_term_string}\"},\"query-input\":{\"@type\":\"PropertyValueSpecification\",\"valueRequired\":true,\"valueName\":\"search_term_string\"}}],\"inLanguage\":\"pt-BR\"},{\"@type\":\"Organization\",\"@id\":\"https:\/\/unimac.com\/br\/#organization\",\"name\":\"Unimac\",\"url\":\"https:\/\/unimac.com\/br\/\",\"logo\":{\"@type\":\"ImageObject\",\"inLanguage\":\"pt-BR\",\"@id\":\"https:\/\/unimac.com\/br\/#\/schema\/logo\/image\/\",\"url\":\"https:\/\/unimac.com\/br\/wp-content\/uploads\/sites\/14\/2020\/03\/unimac.png\",\"contentUrl\":\"https:\/\/unimac.com\/br\/wp-content\/uploads\/sites\/14\/2020\/03\/unimac.png\",\"width\":1248,\"height\":843,\"caption\":\"Unimac\"},\"image\":{\"@id\":\"https:\/\/unimac.com\/br\/#\/schema\/logo\/image\/\"}}]}<\/script>\n<!-- \/ Yoast SEO Premium plugin. -->","yoast_head_json":{"title":"Literatura T\u00e9cnica Unimac","description":"Literatura T\u00e9cnica da Unimac voc\u00ea encontra aqui.","robots":{"index":"index","follow":"follow","max-snippet":"max-snippet:-1","max-image-preview":"max-image-preview:large","max-video-preview":"max-video-preview:-1"},"canonical":"https:\/\/unimac.com\/br\/literatura\/","og_locale":"pt_BR","og_type":"article","og_title":"Literatura T\u00e9cnica","og_description":"Literatura T\u00e9cnica da Unimac voc\u00ea encontra aqui.","og_url":"https:\/\/unimac.com\/br\/literatura\/","og_site_name":"Unimac Brasil","article_modified_time":"2024-11-08T11:56:45+00:00","twitter_card":"summary_large_image","schema":{"@context":"https:\/\/schema.org","@graph":[{"@type":"WebPage","@id":"https:\/\/unimac.com\/br\/literatura\/","url":"https:\/\/unimac.com\/br\/literatura\/","name":"Literatura T\u00e9cnica Unimac","isPartOf":{"@id":"https:\/\/unimac.com\/br\/#website"},"datePublished":"2019-10-25T01:30:22+00:00","dateModified":"2024-11-08T11:56:45+00:00","description":"Literatura T\u00e9cnica da Unimac voc\u00ea encontra aqui.","breadcrumb":{"@id":"https:\/\/unimac.com\/br\/literatura\/#breadcrumb"},"inLanguage":"pt-BR","potentialAction":[{"@type":"ReadAction","target":["https:\/\/unimac.com\/br\/literatura\/"]}]},{"@type":"BreadcrumbList","@id":"https:\/\/unimac.com\/br\/literatura\/#breadcrumb","itemListElement":[{"@type":"ListItem","position":1,"name":"Home","item":"https:\/\/unimac.com\/br\/"},{"@type":"ListItem","position":2,"name":"Literatura T\u00e9cnica"}]},{"@type":"WebSite","@id":"https:\/\/unimac.com\/br\/#website","url":"https:\/\/unimac.com\/br\/","name":"Unimac Brasil","description":"Maximum Performance","publisher":{"@id":"https:\/\/unimac.com\/br\/#organization"},"potentialAction":[{"@type":"SearchAction","target":{"@type":"EntryPoint","urlTemplate":"https:\/\/unimac.com\/br\/?s={search_term_string}"},"query-input":{"@type":"PropertyValueSpecification","valueRequired":true,"valueName":"search_term_string"}}],"inLanguage":"pt-BR"},{"@type":"Organization","@id":"https:\/\/unimac.com\/br\/#organization","name":"Unimac","url":"https:\/\/unimac.com\/br\/","logo":{"@type":"ImageObject","inLanguage":"pt-BR","@id":"https:\/\/unimac.com\/br\/#\/schema\/logo\/image\/","url":"https:\/\/unimac.com\/br\/wp-content\/uploads\/sites\/14\/2020\/03\/unimac.png","contentUrl":"https:\/\/unimac.com\/br\/wp-content\/uploads\/sites\/14\/2020\/03\/unimac.png","width":1248,"height":843,"caption":"Unimac"},"image":{"@id":"https:\/\/unimac.com\/br\/#\/schema\/logo\/image\/"}}]}},"acf":[],"_links":{"self":[{"href":"https:\/\/unimac.com\/br\/wp-json\/wp\/v2\/pages\/6412","targetHints":{"allow":["GET"]}}],"collection":[{"href":"https:\/\/unimac.com\/br\/wp-json\/wp\/v2\/pages"}],"about":[{"href":"https:\/\/unimac.com\/br\/wp-json\/wp\/v2\/types\/page"}],"author":[{"embeddable":true,"href":"https:\/\/unimac.com\/br\/wp-json\/wp\/v2\/users\/5"}],"replies":[{"embeddable":true,"href":"https:\/\/unimac.com\/br\/wp-json\/wp\/v2\/comments?post=6412"}],"version-history":[{"count":21,"href":"https:\/\/unimac.com\/br\/wp-json\/wp\/v2\/pages\/6412\/revisions"}],"predecessor-version":[{"id":21784,"href":"https:\/\/unimac.com\/br\/wp-json\/wp\/v2\/pages\/6412\/revisions\/21784"}],"wp:attachment":[{"href":"https:\/\/unimac.com\/br\/wp-json\/wp\/v2\/media?parent=6412"}],"curies":[{"name":"wp","href":"https:\/\/api.w.org\/{rel}","templated":true}]}}