{"id":12868,"date":"2016-08-02T11:05:09","date_gmt":"2016-08-02T11:05:09","guid":{"rendered":"https:\/\/unimac.com\/en-international\/about-us\/"},"modified":"2021-03-04T14:35:08","modified_gmt":"2021-03-04T14:35:08","slug":"quienes-somos","status":"publish","type":"page","link":"https:\/\/unimac.com\/international\/es\/quienes-somos\/","title":{"rendered":"Qui\u00e9nes somos"},"content":{"rendered":"<p><div class=\"fusion-fullwidth fullwidth-box fusion-builder-row-1 fusion-flex-container nonhundred-percent-fullwidth non-hundred-percent-height-scrolling\" style=\"--awb-border-radius-top-left:0px;--awb-border-radius-top-right:0px;--awb-border-radius-bottom-right:0px;--awb-border-radius-bottom-left:0px;--awb-flex-wrap:wrap;\" ><div class=\"fusion-builder-row fusion-row fusion-flex-align-items-flex-start fusion-flex-content-wrap\" style=\"max-width:1216.8px;margin-left: calc(-4% \/ 2 );margin-right: calc(-4% \/ 2 );\"><div class=\"fusion-layout-column fusion_builder_column fusion-builder-column-0 fusion_builder_column_1_1 1_1 fusion-flex-column\" style=\"--awb-bg-size:cover;--awb-width-large:100%;--awb-margin-top-large:20px;--awb-spacing-right-large:1.92%;--awb-margin-bottom-large:20px;--awb-spacing-left-large:1.92%;--awb-width-medium:100%;--awb-spacing-right-medium:1.92%;--awb-spacing-left-medium:1.92%;--awb-width-small:100%;--awb-spacing-right-small:1.92%;--awb-spacing-left-small:1.92%;\"><div class=\"fusion-column-wrapper fusion-column-has-shadow fusion-flex-justify-content-flex-start fusion-content-layout-column\"><div class=\"fusion-title title fusion-title-1 fusion-title-text fusion-title-size-two\" style=\"--awb-margin-bottom:10px;--awb-margin-bottom-small:10px;\"><div class=\"title-sep-container title-sep-container-left fusion-no-large-visibility fusion-no-medium-visibility fusion-no-small-visibility\"><div class=\"title-sep sep- sep-solid\" style=\"border-color:#e0dede;\"><\/div><\/div><span class=\"awb-title-spacer fusion-no-large-visibility fusion-no-medium-visibility fusion-no-small-visibility\"><\/span><h2 class=\"fusion-title-heading title-heading-left fusion-responsive-typography-calculated\" style=\"margin:0;--fontSize:26;--minFontSize:26;line-height:1.1;\">FABRICANTE DE EQUIPAMIENTO DE LAVANDER\u00cdA COMERCIAL UNIMAC<sup>\u00ae<\/sup> \u2013 PRESTACIONES M\u00c1XIMAS<\/h2><span class=\"awb-title-spacer\"><\/span><div class=\"title-sep-container title-sep-container-right\"><div class=\"title-sep sep- sep-solid\" style=\"border-color:#e0dede;\"><\/div><\/div><\/div><div class=\"fusion-text fusion-text-1\"><p>Sabemos que se toma su negocio muy en serio. Eso es porque pone la misma pasi\u00f3n que nosotros. UniMac es el fabricante l\u00edder en el mundo de m\u00e1quinas de <a title=\"Productos\" href=\"\/international\/es\/productos\">lavander\u00eda comercial<\/a> local. Nuestros productos de lavander\u00eda comercial de UniMac se han fabricado para proporcionar un rendimiento duradero que supera las exigencias de cualquier entorno de <a title=\"Industrias\" href=\"\/international\/es\/industrias\/\">lavander\u00eda local<\/a>. Introducimos <a title=\"Technology\" href=\"\/international\/es\/tecnologia\">innovaciones<\/a> orientadas concretamente a reducir los costes y maximizar la producci\u00f3n. Nuestros productos, fabricados para proveer de soluciones de lavander\u00eda a sectores de todo tipo y tama\u00f1o, cuenta con el respaldo de la mayor red de distribuidores y soporte t\u00e9cnico experto. Y, a trav\u00e9s de UniMac Funding, ofrecemos soluciones financieras propias personalizadas para poner el rendimiento de primer nivel al alcance de cualquier presupuesto. As\u00ed es como ofrecemos el menor coste total de propiedad de la industria. Y por esta raz\u00f3n nadie nos supera.<\/p>\n<\/div><\/div><\/div><\/div><\/div><div class=\"fusion-fullwidth fullwidth-box fusion-builder-row-2 fusion-flex-container nonhundred-percent-fullwidth non-hundred-percent-height-scrolling\" style=\"--awb-border-radius-top-left:0px;--awb-border-radius-top-right:0px;--awb-border-radius-bottom-right:0px;--awb-border-radius-bottom-left:0px;--awb-flex-wrap:wrap;\" ><div class=\"fusion-builder-row fusion-row fusion-flex-align-items-flex-start fusion-flex-content-wrap\" style=\"max-width:1216.8px;margin-left: calc(-4% \/ 2 );margin-right: calc(-4% \/ 2 );\"><div class=\"fusion-layout-column fusion_builder_column fusion-builder-column-1 fusion_builder_column_3_4 3_4 fusion-flex-column\" style=\"--awb-bg-size:cover;--awb-width-large:75%;--awb-margin-top-large:20px;--awb-spacing-right-large:2.56%;--awb-margin-bottom-large:20px;--awb-spacing-left-large:2.56%;--awb-width-medium:75%;--awb-spacing-right-medium:2.56%;--awb-spacing-left-medium:2.56%;--awb-width-small:100%;--awb-spacing-right-small:1.92%;--awb-spacing-left-small:1.92%;\"><div class=\"fusion-column-wrapper fusion-column-has-shadow fusion-flex-justify-content-flex-start fusion-content-layout-column\"><div class=\"fusion-separator fusion-full-width-sep\" style=\"align-self: center;margin-left: auto;margin-right: auto;margin-top:30px;width:100%;\"><\/div><div class=\"fusion-title title fusion-title-2 fusion-title-text fusion-title-size-three\" style=\"--awb-margin-bottom:10px;--awb-margin-bottom-small:5px;\"><div class=\"title-sep-container title-sep-container-left fusion-no-large-visibility fusion-no-medium-visibility fusion-no-small-visibility\"><div class=\"title-sep sep- sep-solid\" style=\"border-color:#e0dede;\"><\/div><\/div><span class=\"awb-title-spacer fusion-no-large-visibility fusion-no-medium-visibility fusion-no-small-visibility\"><\/span><h3 class=\"fusion-title-heading title-heading-left fusion-responsive-typography-calculated\" style=\"margin:0;--fontSize:23;--minFontSize:23;line-height:1.25;\">PRODUCTOS DE LAVANDER\u00cdA COMERCIAL CON FORTALEZA INDUSTRIAL<\/h3><span class=\"awb-title-spacer\"><\/span><div class=\"title-sep-container title-sep-container-right\"><div class=\"title-sep sep- sep-solid\" style=\"border-color:#e0dede;\"><\/div><\/div><\/div><div class=\"fusion-text fusion-text-2\"><p>UniMac es el l\u00edder incontestable en <a title=\"Productos\" href=\"\/international\/es\/productos\">m\u00e1quinas de lavander\u00eda local<\/a>. Y con mucha diferencia sobre las dem\u00e1s compa\u00f1\u00edas. Nuestras m\u00e1quinas se fabrican de forma experta utilizando los materiales m\u00e1s resistentes y de mayor calidad de la industria. Disponen de <a title=\"Technologia\" href=\"\/international\/es\/tecnologia\">tecnolog\u00edas<\/a> de vanguardia no igualadas por ning\u00fan competidor. Y cada m\u00e1quina de lavander\u00eda industrial se somete a ensayos hasta el m\u00e1ximo de sus posibilidades en nuestro avanzado laboratorio de pruebas para garantizar un rendimiento duradero y de confianza.<\/p>\n<\/div><div ><a class=\"fusion-button button-flat fusion-button-default-size button-default fusion-button-default button-1 fusion-button-default-span fusion-button-default-type\" target=\"_self\" href=\"\/international\/es\/productos\/\"><span class=\"fusion-button-text awb-button__text awb-button__text--default fusion-button-text-right\">M\u00e1s informaci\u00f3n<\/span><span class=\"fusion-button-icon-divider button-icon-divider-right\"><i class=\"fa-angle-right fas awb-button__icon awb-button__icon--default\" aria-hidden=\"true\"><\/i><\/span><\/a><\/div><div class=\"fusion-separator fusion-full-width-sep\" style=\"align-self: center;margin-left: auto;margin-right: auto;margin-top:30px;width:100%;\"><\/div><div class=\"fusion-title title fusion-title-3 fusion-title-text fusion-title-size-three\" style=\"--awb-margin-bottom:10px;--awb-margin-bottom-small:5px;\"><div class=\"title-sep-container title-sep-container-left fusion-no-large-visibility fusion-no-medium-visibility fusion-no-small-visibility\"><div class=\"title-sep sep- sep-solid\" style=\"border-color:#e0dede;\"><\/div><\/div><span class=\"awb-title-spacer fusion-no-large-visibility fusion-no-medium-visibility fusion-no-small-visibility\"><\/span><h3 class=\"fusion-title-heading title-heading-left fusion-responsive-typography-calculated\" style=\"margin:0;--fontSize:23;--minFontSize:23;line-height:1.25;\">INNOVACI\u00d3N Y TECNOLOG\u00cdA PARA LAVANDER\u00cdA LOCAL<\/h3><span class=\"awb-title-spacer\"><\/span><div class=\"title-sep-container title-sep-container-right\"><div class=\"title-sep sep- sep-solid\" style=\"border-color:#e0dede;\"><\/div><\/div><\/div><div class=\"fusion-text fusion-text-3\"><p>Extracci\u00f3n de fuerza 400 G l\u00edder en el sector. Programadores UniLinc\u2122. Tecnolog\u00eda de prevenci\u00f3n del sobresecado OPTidry\u2122 y tecnolog\u00eda de enjuague <a href=\"\/international\/es\/technologia\/optispray\">OPTispray\u2122<\/a> Estas son algunas de las innovaciones m\u00e1s eficaces para recortar costes y aumentar prestaciones que se han desarrollado hasta el momento para las m\u00e1quinas de <a href=\"\/international\/es\/Productos\">lavander\u00eda comercial<\/a>. Y todas han sido realizadas por UniMac. Llevamos en el negocio de las lavander\u00edas m\u00e1s de 60 a\u00f1os, as\u00ed que estos no son los primeros ejemplos de c\u00f3mo hemos cambiado nuestra forma de enfocar la lavander\u00eda. Y dado que buscamos permanente nuevas mejoras, est\u00e1 claro que no ser\u00e1n las \u00faltimas.<\/p>\n<\/div><div ><a class=\"fusion-button button-flat fusion-button-default-size button-default fusion-button-default button-2 fusion-button-default-span fusion-button-default-type\" target=\"_self\" href=\"\/international\/es\/tecnologia\"><span class=\"fusion-button-text awb-button__text awb-button__text--default fusion-button-text-right\">M\u00e1s informaci\u00f3n<\/span><span class=\"fusion-button-icon-divider button-icon-divider-right\"><i class=\"fa-angle-right fas awb-button__icon awb-button__icon--default\" aria-hidden=\"true\"><\/i><\/span><\/a><\/div><div class=\"fusion-separator fusion-full-width-sep\" style=\"align-self: center;margin-left: auto;margin-right: auto;margin-top:30px;width:100%;\"><\/div><div class=\"fusion-title title fusion-title-4 fusion-title-text fusion-title-size-three\" style=\"--awb-margin-bottom:10px;--awb-margin-bottom-small:5px;\"><div class=\"title-sep-container title-sep-container-left fusion-no-large-visibility fusion-no-medium-visibility fusion-no-small-visibility\"><div class=\"title-sep sep- sep-solid\" style=\"border-color:#e0dede;\"><\/div><\/div><span class=\"awb-title-spacer fusion-no-large-visibility fusion-no-medium-visibility fusion-no-small-visibility\"><\/span><h3 class=\"fusion-title-heading title-heading-left fusion-responsive-typography-calculated\" style=\"margin:0;--fontSize:23;--minFontSize:23;line-height:1.25;\">HERRAMIENTAS PARA ARQUITECTURA<\/h3><span class=\"awb-title-spacer\"><\/span><div class=\"title-sep-container title-sep-container-right\"><div class=\"title-sep sep- sep-solid\" style=\"border-color:#e0dede;\"><\/div><\/div><\/div><div class=\"fusion-text fusion-text-4\"><p>Estamos totalmente comprometidos con facilitar la vida a todos aquellos que trabajen en la industria de la lavander\u00eda comercial, incluidos los <a href=\"\/international\/es\/architectos\">arquitectos<\/a>. Podemos ofrecerle un cat\u00e1logo completo de pr\u00e1cticas herramientas para ayudar a los arquitectos a <a href=\"\/international\/es\/arquitectos\/diseno-de-lavanderias\">dise\u00f1ar equipos y lavander\u00edas<\/a> locales que elevar\u00e1n al m\u00e1ximo la eficiencia y la producci\u00f3n.<\/p>\n<\/div><div ><a class=\"fusion-button button-flat fusion-button-default-size button-default fusion-button-default button-3 fusion-button-default-span fusion-button-default-type\" target=\"_self\" href=\"\/international\/es\/arquitectos\/\"><span class=\"fusion-button-text awb-button__text awb-button__text--default fusion-button-text-right\">M\u00e1s informaci\u00f3n<\/span><span class=\"fusion-button-icon-divider button-icon-divider-right\"><i class=\"fa-angle-right fas awb-button__icon awb-button__icon--default\" aria-hidden=\"true\"><\/i><\/span><\/a><\/div><div class=\"fusion-separator fusion-full-width-sep\" style=\"align-self: center;margin-left: auto;margin-right: auto;margin-top:60px;width:100%;\"><\/div><\/div><\/div><div class=\"fusion-layout-column fusion_builder_column fusion-builder-column-2 fusion_builder_column_1_4 1_4 fusion-flex-column bor-l\" style=\"--awb-bg-size:cover;--awb-width-large:25%;--awb-margin-top-large:20px;--awb-spacing-right-large:7.68%;--awb-margin-bottom-large:20px;--awb-spacing-left-large:7.68%;--awb-width-medium:25%;--awb-spacing-right-medium:7.68%;--awb-spacing-left-medium:7.68%;--awb-width-small:100%;--awb-spacing-right-small:1.92%;--awb-spacing-left-small:1.92%;\"><div class=\"fusion-column-wrapper fusion-column-has-shadow fusion-flex-justify-content-flex-start fusion-content-layout-column\"><div class=\"fusion-widget-area awb-widget-area-element fusion-widget-area-1 fusion-content-widget-area\" style=\"--awb-title-size:26px;--awb-title-color:#6f727b;--awb-padding:0px 0px 0px 0px;\"><div class=\"fusion-additional-widget-content\"><\/div><\/div><div class=\"fusion-widget-area awb-widget-area-element fusion-widget-area-2 fusion-content-widget-area quick-links\" style=\"--awb-title-size:26px;--awb-title-color:#6f727b;--awb-padding:0px 0px 0px 0px;\"><div class=\"fusion-additional-widget-content\"><\/div><\/div>\n<\/div><\/div><\/div><\/div><div class=\"fusion-fullwidth fullwidth-box fusion-builder-row-3 fusion-flex-container global-footer nonhundred-percent-fullwidth non-hundred-percent-height-scrolling\" style=\"--awb-border-radius-top-left:0px;--awb-border-radius-top-right:0px;--awb-border-radius-bottom-right:0px;--awb-border-radius-bottom-left:0px;--awb-padding-top:30px;--awb-padding-right:0px;--awb-padding-bottom:30px;--awb-padding-left:0px;--awb-margin-bottom:-10px;--awb-background-color:#ec1c24;--awb-flex-wrap:wrap;\" ><\/div>\n<\/p>\n","protected":false},"excerpt":{"rendered":"","protected":false},"author":1,"featured_media":0,"parent":0,"menu_order":0,"comment_status":"closed","ping_status":"closed","template":"100-width.php","meta":{"inline_featured_image":false,"footnotes":""},"class_list":["post-12868","page","type-page","status-publish","hentry"],"yoast_head":"<!-- This site is optimized with the Yoast SEO Premium plugin v23.4 (Yoast SEO v26.2) - https:\/\/yoast.com\/wordpress\/plugins\/seo\/ -->\n<title>Fabricante de equipamiento para lavander\u00eda comercial | UniMac International<\/title>\n<meta name=\"description\" content=\"Los productos de lavander\u00eda comercial de UniMac se han fabricado para proporcionar un rendimiento duradero que supera las exigencias de cualquier entorno de lavander\u00eda local.\" \/>\n<meta name=\"robots\" content=\"index, follow, max-snippet:-1, max-image-preview:large, max-video-preview:-1\" \/>\n<link rel=\"canonical\" href=\"https:\/\/unimac.com\/international\/es\/quienes-somos\/\" \/>\n<meta property=\"og:locale\" content=\"es_ES\" \/>\n<meta property=\"og:type\" content=\"article\" \/>\n<meta property=\"og:title\" content=\"Qui\u00e9nes somos\" \/>\n<meta property=\"og:description\" content=\"Los productos de lavander\u00eda comercial de UniMac se han fabricado para proporcionar un rendimiento duradero que supera las exigencias de cualquier entorno de lavander\u00eda local.\" \/>\n<meta property=\"og:url\" content=\"https:\/\/unimac.com\/international\/es\/quienes-somos\/\" \/>\n<meta property=\"og:site_name\" content=\"Unimac International\" \/>\n<meta property=\"article:modified_time\" content=\"2021-03-04T14:35:08+00:00\" \/>\n<meta name=\"twitter:card\" content=\"summary_large_image\" \/>\n<meta name=\"twitter:label1\" content=\"Tiempo de lectura\" \/>\n\t<meta name=\"twitter:data1\" content=\"11 minutos\" \/>\n<script type=\"application\/ld+json\" class=\"yoast-schema-graph\">{\"@context\":\"https:\/\/schema.org\",\"@graph\":[{\"@type\":\"WebPage\",\"@id\":\"https:\/\/unimac.com\/international\/es\/quienes-somos\/\",\"url\":\"https:\/\/unimac.com\/international\/es\/quienes-somos\/\",\"name\":\"Fabricante de equipamiento para lavander\u00eda comercial | UniMac International\",\"isPartOf\":{\"@id\":\"https:\/\/unimac.com\/international\/#website\"},\"datePublished\":\"2016-08-02T11:05:09+00:00\",\"dateModified\":\"2021-03-04T14:35:08+00:00\",\"description\":\"Los productos de lavander\u00eda comercial de UniMac se han fabricado para proporcionar un rendimiento duradero que supera las exigencias de cualquier entorno de lavander\u00eda local.\",\"breadcrumb\":{\"@id\":\"https:\/\/unimac.com\/international\/es\/quienes-somos\/#breadcrumb\"},\"inLanguage\":\"es\",\"potentialAction\":[{\"@type\":\"ReadAction\",\"target\":[\"https:\/\/unimac.com\/international\/es\/quienes-somos\/\"]}]},{\"@type\":\"BreadcrumbList\",\"@id\":\"https:\/\/unimac.com\/international\/es\/quienes-somos\/#breadcrumb\",\"itemListElement\":[{\"@type\":\"ListItem\",\"position\":1,\"name\":\"Home\",\"item\":\"https:\/\/unimac.com\/international\/es\/\"},{\"@type\":\"ListItem\",\"position\":2,\"name\":\"Qui\u00e9nes somos\"}]},{\"@type\":\"WebSite\",\"@id\":\"https:\/\/unimac.com\/international\/#website\",\"url\":\"https:\/\/unimac.com\/international\/\",\"name\":\"Unimac International\",\"description\":\"Maximum Performance\",\"publisher\":{\"@id\":\"https:\/\/unimac.com\/international\/#organization\"},\"potentialAction\":[{\"@type\":\"SearchAction\",\"target\":{\"@type\":\"EntryPoint\",\"urlTemplate\":\"https:\/\/unimac.com\/international\/?s={search_term_string}\"},\"query-input\":{\"@type\":\"PropertyValueSpecification\",\"valueRequired\":true,\"valueName\":\"search_term_string\"}}],\"inLanguage\":\"es\"},{\"@type\":\"Organization\",\"@id\":\"https:\/\/unimac.com\/international\/#organization\",\"name\":\"UniMac International\",\"url\":\"https:\/\/unimac.com\/international\/\",\"logo\":{\"@type\":\"ImageObject\",\"inLanguage\":\"es\",\"@id\":\"https:\/\/unimac.com\/international\/#\/schema\/logo\/image\/\",\"url\":\"https:\/\/unimac.com\/international\/wp-content\/uploads\/sites\/2\/2019\/07\/logo.png\",\"contentUrl\":\"https:\/\/unimac.com\/international\/wp-content\/uploads\/sites\/2\/2019\/07\/logo.png\",\"width\":200,\"height\":73,\"caption\":\"UniMac International\"},\"image\":{\"@id\":\"https:\/\/unimac.com\/international\/#\/schema\/logo\/image\/\"}}]}<\/script>\n<!-- \/ Yoast SEO Premium plugin. -->","yoast_head_json":{"title":"Fabricante de equipamiento para lavander\u00eda comercial | UniMac International","description":"Los productos de lavander\u00eda comercial de UniMac se han fabricado para proporcionar un rendimiento duradero que supera las exigencias de cualquier entorno de lavander\u00eda local.","robots":{"index":"index","follow":"follow","max-snippet":"max-snippet:-1","max-image-preview":"max-image-preview:large","max-video-preview":"max-video-preview:-1"},"canonical":"https:\/\/unimac.com\/international\/es\/quienes-somos\/","og_locale":"es_ES","og_type":"article","og_title":"Qui\u00e9nes somos","og_description":"Los productos de lavander\u00eda comercial de UniMac se han fabricado para proporcionar un rendimiento duradero que supera las exigencias de cualquier entorno de lavander\u00eda local.","og_url":"https:\/\/unimac.com\/international\/es\/quienes-somos\/","og_site_name":"Unimac International","article_modified_time":"2021-03-04T14:35:08+00:00","twitter_card":"summary_large_image","twitter_misc":{"Tiempo de lectura":"11 minutos"},"schema":{"@context":"https:\/\/schema.org","@graph":[{"@type":"WebPage","@id":"https:\/\/unimac.com\/international\/es\/quienes-somos\/","url":"https:\/\/unimac.com\/international\/es\/quienes-somos\/","name":"Fabricante de equipamiento para lavander\u00eda comercial | UniMac International","isPartOf":{"@id":"https:\/\/unimac.com\/international\/#website"},"datePublished":"2016-08-02T11:05:09+00:00","dateModified":"2021-03-04T14:35:08+00:00","description":"Los productos de lavander\u00eda comercial de UniMac se han fabricado para proporcionar un rendimiento duradero que supera las exigencias de cualquier entorno de lavander\u00eda local.","breadcrumb":{"@id":"https:\/\/unimac.com\/international\/es\/quienes-somos\/#breadcrumb"},"inLanguage":"es","potentialAction":[{"@type":"ReadAction","target":["https:\/\/unimac.com\/international\/es\/quienes-somos\/"]}]},{"@type":"BreadcrumbList","@id":"https:\/\/unimac.com\/international\/es\/quienes-somos\/#breadcrumb","itemListElement":[{"@type":"ListItem","position":1,"name":"Home","item":"https:\/\/unimac.com\/international\/es\/"},{"@type":"ListItem","position":2,"name":"Qui\u00e9nes somos"}]},{"@type":"WebSite","@id":"https:\/\/unimac.com\/international\/#website","url":"https:\/\/unimac.com\/international\/","name":"Unimac International","description":"Maximum Performance","publisher":{"@id":"https:\/\/unimac.com\/international\/#organization"},"potentialAction":[{"@type":"SearchAction","target":{"@type":"EntryPoint","urlTemplate":"https:\/\/unimac.com\/international\/?s={search_term_string}"},"query-input":{"@type":"PropertyValueSpecification","valueRequired":true,"valueName":"search_term_string"}}],"inLanguage":"es"},{"@type":"Organization","@id":"https:\/\/unimac.com\/international\/#organization","name":"UniMac International","url":"https:\/\/unimac.com\/international\/","logo":{"@type":"ImageObject","inLanguage":"es","@id":"https:\/\/unimac.com\/international\/#\/schema\/logo\/image\/","url":"https:\/\/unimac.com\/international\/wp-content\/uploads\/sites\/2\/2019\/07\/logo.png","contentUrl":"https:\/\/unimac.com\/international\/wp-content\/uploads\/sites\/2\/2019\/07\/logo.png","width":200,"height":73,"caption":"UniMac International"},"image":{"@id":"https:\/\/unimac.com\/international\/#\/schema\/logo\/image\/"}}]}},"_links":{"self":[{"href":"https:\/\/unimac.com\/international\/es\/wp-json\/wp\/v2\/pages\/12868","targetHints":{"allow":["GET"]}}],"collection":[{"href":"https:\/\/unimac.com\/international\/es\/wp-json\/wp\/v2\/pages"}],"about":[{"href":"https:\/\/unimac.com\/international\/es\/wp-json\/wp\/v2\/types\/page"}],"author":[{"embeddable":true,"href":"https:\/\/unimac.com\/international\/es\/wp-json\/wp\/v2\/users\/1"}],"replies":[{"embeddable":true,"href":"https:\/\/unimac.com\/international\/es\/wp-json\/wp\/v2\/comments?post=12868"}],"version-history":[{"count":5,"href":"https:\/\/unimac.com\/international\/es\/wp-json\/wp\/v2\/pages\/12868\/revisions"}],"predecessor-version":[{"id":15442,"href":"https:\/\/unimac.com\/international\/es\/wp-json\/wp\/v2\/pages\/12868\/revisions\/15442"}],"wp:attachment":[{"href":"https:\/\/unimac.com\/international\/es\/wp-json\/wp\/v2\/media?parent=12868"}],"curies":[{"name":"wp","href":"https:\/\/api.w.org\/{rel}","templated":true}]}}