{"id":12998,"date":"2020-01-10T06:05:19","date_gmt":"2020-01-10T06:05:19","guid":{"rendered":"https:\/\/unimac.com\/en-international\/industrias\/healthcare\/"},"modified":"2021-01-30T12:11:11","modified_gmt":"2021-01-30T12:11:11","slug":"centros-sanitarios","status":"publish","type":"page","link":"https:\/\/unimac.com\/international\/es\/industrias\/centros-sanitarios\/","title":{"rendered":"Centros sanitarios"},"content":{"rendered":"<p><div class=\"fusion-fullwidth fullwidth-box fusion-builder-row-1 fusion-flex-container nonhundred-percent-fullwidth non-hundred-percent-height-scrolling\" style=\"--awb-border-radius-top-left:0px;--awb-border-radius-top-right:0px;--awb-border-radius-bottom-right:0px;--awb-border-radius-bottom-left:0px;--awb-flex-wrap:wrap;\" ><div class=\"fusion-builder-row fusion-row fusion-flex-align-items-flex-start fusion-flex-content-wrap\" style=\"max-width:1216.8px;margin-left: calc(-4% \/ 2 );margin-right: calc(-4% \/ 2 );\"><div class=\"fusion-layout-column fusion_builder_column fusion-builder-column-0 fusion_builder_column_3_4 3_4 fusion-flex-column\" style=\"--awb-bg-size:cover;--awb-width-large:75%;--awb-margin-top-large:20px;--awb-spacing-right-large:2.56%;--awb-margin-bottom-large:20px;--awb-spacing-left-large:2.56%;--awb-width-medium:75%;--awb-spacing-right-medium:2.56%;--awb-spacing-left-medium:2.56%;--awb-width-small:100%;--awb-spacing-right-small:1.92%;--awb-spacing-left-small:1.92%;\"><div class=\"fusion-column-wrapper fusion-column-has-shadow fusion-flex-justify-content-flex-start fusion-content-layout-column\"><div class=\"fusion-text fusion-text-1\"><h2>Los equipos y soluciones de lavander\u00eda de UniMac para hospitales, cl\u00ednicas y otros centros de salud est\u00e1n dise\u00f1ados para ofrecer una higiene y calidad de lavado inigualables..<\/h2>\n<h3>EXPERTOS EN ATENCI\u00d3N M\u00c9DICA<\/h3>\n<p>Porque los pacientes necesitan lo mejor, no dejamos nada al azar.<br \/>\nEn los servicios de lavander\u00eda de las residencias de ancianos, param\u00e9dicos u hospitales, la limpieza y la higiene son mucho m\u00e1s que importantes, son vitales. Con los expertos de UniMac\u00ae en los servicios de lavander\u00eda sanitaria, no dejar\u00e1 nada al azar en lo tocante a sus pacientes y su personal.<\/p>\n<\/div><div class=\"fusion-slider-sc\"><div class=\"fusion-flexslider-loading flexslider flexslider-hover-type-none\" data-slideshow_autoplay=\"1\" data-slideshow_smooth_height=\"0\" data-slideshow_speed=\"7000\" style=\"max-width:100%;height:100%;\"><ul class=\"slides\"><li class=\"image\"><a title=\"GettyImages-493991265\" data-caption=\"Happy child in a hospital.\" data-title=\"GettyImages-493991265\" aria-label=\"GettyImages-493991265\" href=\"\/wp-content\/uploads\/2019\/09\/woodruff-county-medical-center-long-term-care-opl-casestudy-1.pdf\" target=\"_self\"><span class=\"fusion-image-hover-element hover-type-none\"><img decoding=\"async\" data-src=\"https:\/\/unimac.com\/international\/wp-content\/uploads\/sites\/2\/2020\/09\/GettyImages-493991265-300x200.jpg\" alt=\"UniMac: the laundry partner for healthcare sector\" width=\"300\" height=\"200\" class=\"wp-image-8721 lazyload\" data-srcset=\"https:\/\/unimac.com\/international\/wp-content\/uploads\/sites\/2\/2020\/09\/GettyImages-493991265-200x133.jpg 200w, https:\/\/unimac.com\/international\/wp-content\/uploads\/sites\/2\/2020\/09\/GettyImages-493991265-400x267.jpg 400w, https:\/\/unimac.com\/international\/wp-content\/uploads\/sites\/2\/2020\/09\/GettyImages-493991265-600x400.jpg 600w, https:\/\/unimac.com\/international\/wp-content\/uploads\/sites\/2\/2020\/09\/GettyImages-493991265-800x533.jpg 800w, https:\/\/unimac.com\/international\/wp-content\/uploads\/sites\/2\/2020\/09\/GettyImages-493991265-1200x800.jpg 1200w\" data-sizes=\"(max-width: 640px) 100vw, 1200px\" src=\"data:image\/svg+xml;base64,PHN2ZyB3aWR0aD0iMSIgaGVpZ2h0PSIxIiB4bWxucz0iaHR0cDovL3d3dy53My5vcmcvMjAwMC9zdmciPjwvc3ZnPg==\" style=\"--smush-placeholder-width: 300px; --smush-placeholder-aspect-ratio: 300\/200;\" \/><\/span><\/a><\/li><li class=\"image\"><a title=\"GettyImages-106450849\" data-caption=\"Surgeons performing operation in hospital operating room\" data-title=\"GettyImages-106450849\" aria-label=\"GettyImages-106450849\" href=\"\/wp-content\/uploads\/2019\/09\/woodruffcountymedicalcenterlongtermcareoplinformationsheet.pdf\" target=\"_self\"><span class=\"fusion-image-hover-element hover-type-none\"><img decoding=\"async\" data-src=\"https:\/\/unimac.com\/international\/wp-content\/uploads\/sites\/2\/2020\/09\/GettyImages-106450849-300x200.jpg\" alt=\"UniMac: the laundry partner for healthcare sector\" width=\"300\" height=\"200\" class=\"wp-image-8731 lazyload\" data-srcset=\"https:\/\/unimac.com\/international\/wp-content\/uploads\/sites\/2\/2020\/09\/GettyImages-106450849-200x133.jpg 200w, https:\/\/unimac.com\/international\/wp-content\/uploads\/sites\/2\/2020\/09\/GettyImages-106450849-400x267.jpg 400w, https:\/\/unimac.com\/international\/wp-content\/uploads\/sites\/2\/2020\/09\/GettyImages-106450849-600x400.jpg 600w, https:\/\/unimac.com\/international\/wp-content\/uploads\/sites\/2\/2020\/09\/GettyImages-106450849-800x533.jpg 800w, https:\/\/unimac.com\/international\/wp-content\/uploads\/sites\/2\/2020\/09\/GettyImages-106450849-1200x800.jpg 1200w\" data-sizes=\"(max-width: 640px) 100vw, 1200px\" src=\"data:image\/svg+xml;base64,PHN2ZyB3aWR0aD0iMSIgaGVpZ2h0PSIxIiB4bWxucz0iaHR0cDovL3d3dy53My5vcmcvMjAwMC9zdmciPjwvc3ZnPg==\" style=\"--smush-placeholder-width: 300px; --smush-placeholder-aspect-ratio: 300\/200;\" \/><\/span><\/a><\/li><li class=\"image\"><a title=\"GettyImages- 488647188\" data-caption=\"Physical therapist helping teenage patient in rehabilitation hospital\" data-title=\"GettyImages- 488647188\" aria-label=\"GettyImages- 488647188\" href=\"\/wp-content\/uploads\/2019\/09\/6020-02-pr-fitzgibbons-case-study-revisions-final-x4.pdf\" target=\"_self\"><span class=\"fusion-image-hover-element hover-type-none\"><img decoding=\"async\" data-src=\"https:\/\/unimac.com\/international\/wp-content\/uploads\/sites\/2\/2020\/09\/GettyImages-488647188-300x200.jpg\" alt=\"Working in the healthcare industry? UniMac is your best OPL laundry partner\" width=\"300\" height=\"200\" class=\"wp-image-8650 lazyload\" data-srcset=\"https:\/\/unimac.com\/international\/wp-content\/uploads\/sites\/2\/2020\/09\/GettyImages-488647188-200x133.jpg 200w, https:\/\/unimac.com\/international\/wp-content\/uploads\/sites\/2\/2020\/09\/GettyImages-488647188-400x267.jpg 400w, https:\/\/unimac.com\/international\/wp-content\/uploads\/sites\/2\/2020\/09\/GettyImages-488647188-600x400.jpg 600w, https:\/\/unimac.com\/international\/wp-content\/uploads\/sites\/2\/2020\/09\/GettyImages-488647188-800x533.jpg 800w, https:\/\/unimac.com\/international\/wp-content\/uploads\/sites\/2\/2020\/09\/GettyImages-488647188-1200x800.jpg 1200w\" data-sizes=\"(max-width: 640px) 100vw, 1200px\" src=\"data:image\/svg+xml;base64,PHN2ZyB3aWR0aD0iMSIgaGVpZ2h0PSIxIiB4bWxucz0iaHR0cDovL3d3dy53My5vcmcvMjAwMC9zdmciPjwvc3ZnPg==\" style=\"--smush-placeholder-width: 300px; --smush-placeholder-aspect-ratio: 300\/200;\" \/><\/span><\/a><\/li><\/ul><\/div><\/div><div class=\"fusion-separator fusion-full-width-sep\" style=\"align-self: center;margin-left: auto;margin-right: auto;width:100%;\"><div class=\"fusion-separator-border sep-single\" style=\"--awb-height:20px;--awb-amount:20px;border-color:#b9afa1;border-top-width:1px;\"><\/div><\/div><div class=\"fusion-text fusion-text-2\"><p>En el sector sanitario no hay tiempo que perder. Sus pacientes y su personal tienen necesidades urgentes y vitales que a menudo involucran la disponibilidad inmediata de ropa blanca perfectamente limpia. Los equipos y soluciones de lavander\u00eda de UniMac\u00ae para hospitales, cl\u00ednicas y otros centros de salud est\u00e1n dise\u00f1ados para ofrecer una higiene y calidad de lavado inigualables. Sometidas a pruebas exhaustivas en nuestro laboratorio de tecnolog\u00eda punta, nuestras m\u00e1quinas garantizan un rendimiento de confianza y duradero. Le ayudan a conseguir una limpieza e higiene perfectas y ofrecen un confort y seguridad \u00f3ptimos. Adem\u00e1s, cumplen las normas de higiene m\u00e1s rigurosas y las directrices de RABC\u00b9.<\/p>\n<p><em>\u00b9An\u00e1lisis de riesgos y control de contaminaci\u00f3n biol\u00f3gica, la norma de lavander\u00eda equivalente a HACCP (An\u00e1lisis de Peligros y Puntos de Control Cr\u00edticos) para la elaboraci\u00f3n de alimentos<\/em>.<\/p>\n<p>Entendemos que ofrecer unos cuidados de primer nivel es su m\u00e1xima prioridad. Pero como empresa, mantener unos costes operativos bajos tambi\u00e9n es imprescindible. Los equipos UniMac\u00ae est\u00e1n dise\u00f1ados a prop\u00f3sito para satisfacer todas estas necesidades. Nuestras lavadoras extractoras y secadoras de barrera sanitaria reducen notablemente los costes asociados a mano de obra, agua y electricidad, as\u00ed como la p\u00e9rdida de ropa blanca, para brindar el coste de propiedad absoluto m\u00e1s bajo de la industria y, al mismo tiempo, le permiten atender r\u00e1pidamente todas las necesidades de lavander\u00eda de sus residentes.<\/p>\n<p><strong>Nos tomamos en serio la salud de sus pacientes<\/strong><\/p>\n<\/div><div class=\"fusion-text fusion-text-3\"><h4>Equipos de lavander\u00eda comercial que incorporan una tecnolog\u00eda revolucionaria<\/h4>\n<p>La tecnolog\u00eda de enjuague OPTispray\u2122, la extracci\u00f3n de fuerza 400 G y la tecnolog\u00eda de protecci\u00f3n del sobresecado OPTidry\u2122 permiten conseguir tiempos de ciclos r\u00e1pidos y ahorrar en suministros p\u00fablicos y horas de funcionamiento.<\/p>\n<h4>Ahorro de costes para lavander\u00edas locales de residencias de ancianos<\/h4>\n<p>Los tiempos de secado l\u00edderes en la industria prolongan la duraci\u00f3n de la ropa blanca y reducen la mano de obra hasta en media hora diaria.<\/p>\n<h3>Cumplimiento con las estrictas normas de higiene en hospitales RABC\u00b9<\/h3>\n<p>Las lavadoras extractoras UniMac documentan todos los ciclos y la temperatura del agua m\u00e1s elevada con sellos de fecha y hora para permitirle cumplir con las normas gubernamentales.<\/p>\n<h4>Monitorizaci\u00f3n del rendimiento<\/h4>\n<p>Nuestro avanzado software de monitorizaci\u00f3n garantiza el seguimiento en todo momento de los procedimientos OPL correctos en hospitales y cl\u00ednicas.<\/p>\n<h4>M\u00e1quinas de lavander\u00eda comercial de resistencia industrial<\/h4>\n<p>Una durabilidad incomparable significa que sus equipos siempre estar\u00e1n listos cuando los necesite y, de esta forma, disminuir\u00e1 los costes de mano de obra asociados a los tiempos de inactividad en su OPL de cl\u00ednica u hospital.<\/p>\n<h4>Ciclos ECO<\/h4>\n<p>Nueve programas de lavado \u00fanicos, que son parte de las 48 opciones de ciclo total l\u00edderes del sector de <a title=\"UniLinc\" href=\"\/international\/es\/technologia\/unilinc\/\">UniLinc<\/a>, reducen a\u00fan m\u00e1s el consumo de agua.<\/p>\n<\/div><\/div><\/div><div class=\"fusion-layout-column fusion_builder_column fusion-builder-column-1 fusion_builder_column_1_4 1_4 fusion-flex-column bor-l\" style=\"--awb-bg-size:cover;--awb-width-large:25%;--awb-margin-top-large:20px;--awb-spacing-right-large:7.68%;--awb-margin-bottom-large:20px;--awb-spacing-left-large:7.68%;--awb-width-medium:25%;--awb-spacing-right-medium:7.68%;--awb-spacing-left-medium:7.68%;--awb-width-small:100%;--awb-spacing-right-small:1.92%;--awb-spacing-left-small:1.92%;\"><div class=\"fusion-column-wrapper fusion-column-has-shadow fusion-flex-justify-content-flex-start fusion-content-layout-column\"><div class=\"fusion-widget-area awb-widget-area-element fusion-widget-area-1 fusion-content-widget-area\" style=\"--awb-title-size:26px;--awb-title-color:#6f727b;--awb-padding:0px 0px 0px 0px;\"><div id=\"nav_menu-5\" class=\"widget widget_nav_menu\" style=\"border-style: solid;border-color:transparent;border-width:0px;\"><div class=\"menu-industries-spanish-container\"><ul id=\"menu-industries-spanish\" class=\"menu\"><li id=\"menu-item-13369\" class=\"menu-item menu-item-type-post_type menu-item-object-page menu-item-13369\"><a href=\"https:\/\/unimac.com\/international\/es\/industrias\/\">Industrias<\/a><\/li>\n<li id=\"menu-item-13370\" class=\"menu-item menu-item-type-post_type menu-item-object-page menu-item-13370\"><a href=\"https:\/\/unimac.com\/international\/es\/industrias\/centros-sanitarios\/\">Centros sanitarios<\/a><\/li>\n<li id=\"menu-item-13371\" class=\"menu-item menu-item-type-post_type menu-item-object-page menu-item-13371\"><a href=\"https:\/\/unimac.com\/international\/es\/industrias\/atencion-medica-larga-duracion\/\">Atenci\u00f3n m\u00e9dica de larga duraci\u00f3n<\/a><\/li>\n<li id=\"menu-item-13372\" class=\"menu-item menu-item-type-post_type menu-item-object-page menu-item-13372\"><a href=\"https:\/\/unimac.com\/international\/es\/industrias\/hosteleria\/\">Hosteler\u00eda<\/a><\/li>\n<li id=\"menu-item-13373\" class=\"menu-item menu-item-type-post_type menu-item-object-page menu-item-13373\"><a href=\"https:\/\/unimac.com\/international\/es\/industrias\/spas-salones-de-belleza\/\">Spas\/salones de belleza<\/a><\/li>\n<li id=\"menu-item-13374\" class=\"menu-item menu-item-type-post_type menu-item-object-page menu-item-13374\"><a href=\"https:\/\/unimac.com\/international\/es\/industrias\/restaurantes\/\">Restaurantes<\/a><\/li>\n<li id=\"menu-item-13375\" class=\"menu-item menu-item-type-post_type menu-item-object-page menu-item-13375\"><a href=\"https:\/\/unimac.com\/international\/es\/industrias\/catering-restaurantes\/\">Catering\/Restaurantes<\/a><\/li>\n<li id=\"menu-item-13376\" class=\"menu-item menu-item-type-post_type menu-item-object-page menu-item-13376\"><a href=\"https:\/\/unimac.com\/international\/es\/industrias\/lavanderia-comercial\/\">Lavander\u00eda comercial<\/a><\/li>\n<li id=\"menu-item-13377\" class=\"menu-item menu-item-type-post_type menu-item-object-page menu-item-13377\"><a href=\"https:\/\/unimac.com\/international\/es\/industrias\/gestion-de-instalaciones\/\">Gesti\u00f3n de instalaciones<\/a><\/li>\n<li id=\"menu-item-13378\" class=\"menu-item menu-item-type-post_type menu-item-object-page menu-item-13378\"><a href=\"https:\/\/unimac.com\/international\/es\/industrias\/limpieza-en-seco\/\">Limpieza en seco<\/a><\/li>\n<li id=\"menu-item-13379\" class=\"menu-item menu-item-type-post_type menu-item-object-page menu-item-13379\"><a href=\"https:\/\/unimac.com\/international\/es\/industrias\/bomberos\/\">Bomberos<\/a><\/li>\n<li id=\"menu-item-13380\" class=\"menu-item menu-item-type-post_type menu-item-object-page menu-item-13380\"><a href=\"https:\/\/unimac.com\/international\/es\/industrias\/elaboracion-de-alimentos\/\">Elaboraci\u00f3n de alimentos<\/a><\/li>\n<li id=\"menu-item-13381\" class=\"menu-item menu-item-type-post_type menu-item-object-page menu-item-13381\"><a href=\"https:\/\/unimac.com\/international\/es\/industrias\/sector-maritimo\/\">Sector mar\u00edtimo<\/a><\/li>\n<li id=\"menu-item-13382\" class=\"menu-item menu-item-type-post_type menu-item-object-page menu-item-13382\"><a href=\"https:\/\/unimac.com\/international\/es\/industrias\/establecimientos-penitenciarios\/\">Establecimientos penitenciarios<\/a><\/li>\n<li id=\"menu-item-13383\" class=\"menu-item menu-item-type-post_type menu-item-object-page menu-item-13383\"><a href=\"https:\/\/unimac.com\/international\/es\/industrias\/deportes\/\">Deportes<\/a><\/li>\n<\/ul><\/div><\/div><div class=\"fusion-additional-widget-content\"><\/div><\/div><div class=\"fusion-separator fusion-full-width-sep\" style=\"align-self: center;margin-left: auto;margin-right: auto;margin-top:20px;width:100%;\"><\/div><div class=\"fusion-widget-area awb-widget-area-element fusion-widget-area-2 fusion-content-widget-area \u5feb\u901f\u94fe\u63a5\" style=\"--awb-title-size:18px;--awb-title-color:#6f727b;--awb-padding:0px 0px 0px 0px;\"><div class=\"fusion-additional-widget-content\"><\/div><\/div>\n<\/div><\/div><\/div><\/div><div class=\"fusion-fullwidth fullwidth-box fusion-builder-row-2 fusion-flex-container global-footer nonhundred-percent-fullwidth non-hundred-percent-height-scrolling\" style=\"--awb-border-radius-top-left:0px;--awb-border-radius-top-right:0px;--awb-border-radius-bottom-right:0px;--awb-border-radius-bottom-left:0px;--awb-padding-top:30px;--awb-padding-right:0px;--awb-padding-bottom:30px;--awb-padding-left:0px;--awb-margin-bottom:-10px;--awb-background-color:#ec1c24;--awb-flex-wrap:wrap;\" ><\/div>\n<\/p>\n","protected":false},"excerpt":{"rendered":"","protected":false},"author":9,"featured_media":0,"parent":12995,"menu_order":0,"comment_status":"closed","ping_status":"closed","template":"100-width.php","meta":{"inline_featured_image":false,"footnotes":""},"class_list":["post-12998","page","type-page","status-publish","hentry"],"yoast_head":"<!-- This site is optimized with the Yoast SEO Premium plugin v23.4 (Yoast SEO v26.2) - https:\/\/yoast.com\/wordpress\/plugins\/seo\/ -->\n<title>Conozca a los expertos de UniMac en servicios de lavander\u00eda sanitaria<\/title>\n<meta name=\"description\" content=\"Los equipos y soluciones de lavander\u00eda de UniMac para hospitales, cl\u00ednicas y otros centros de salud est\u00e1n dise\u00f1ados para ofrecer una higiene y calidad de lavado inigualables.\" \/>\n<meta name=\"robots\" content=\"index, follow, max-snippet:-1, max-image-preview:large, max-video-preview:-1\" \/>\n<link rel=\"canonical\" href=\"https:\/\/unimac.com\/international\/es\/industrias\/centros-sanitarios\/\" \/>\n<meta property=\"og:locale\" content=\"es_ES\" \/>\n<meta property=\"og:type\" content=\"article\" \/>\n<meta property=\"og:title\" content=\"Centros sanitarios\" \/>\n<meta property=\"og:description\" content=\"Los equipos y soluciones de lavander\u00eda de UniMac para hospitales, cl\u00ednicas y otros centros de salud est\u00e1n dise\u00f1ados para ofrecer una higiene y calidad de lavado inigualables.\" \/>\n<meta property=\"og:url\" content=\"https:\/\/unimac.com\/international\/es\/industrias\/centros-sanitarios\/\" \/>\n<meta property=\"og:site_name\" content=\"Unimac International\" \/>\n<meta property=\"article:modified_time\" content=\"2021-01-30T12:11:11+00:00\" \/>\n<meta name=\"twitter:card\" content=\"summary_large_image\" \/>\n<meta name=\"twitter:label1\" content=\"Tiempo de lectura\" \/>\n\t<meta name=\"twitter:data1\" content=\"6 minutos\" \/>\n<script type=\"application\/ld+json\" class=\"yoast-schema-graph\">{\"@context\":\"https:\/\/schema.org\",\"@graph\":[{\"@type\":\"WebPage\",\"@id\":\"https:\/\/unimac.com\/international\/es\/industrias\/centros-sanitarios\/\",\"url\":\"https:\/\/unimac.com\/international\/es\/industrias\/centros-sanitarios\/\",\"name\":\"Conozca a los expertos de UniMac en servicios de lavander\u00eda sanitaria\",\"isPartOf\":{\"@id\":\"https:\/\/unimac.com\/international\/#website\"},\"datePublished\":\"2020-01-10T06:05:19+00:00\",\"dateModified\":\"2021-01-30T12:11:11+00:00\",\"description\":\"Los equipos y soluciones de lavander\u00eda de UniMac para hospitales, cl\u00ednicas y otros centros de salud est\u00e1n dise\u00f1ados para ofrecer una higiene y calidad de lavado inigualables.\",\"breadcrumb\":{\"@id\":\"https:\/\/unimac.com\/international\/es\/industrias\/centros-sanitarios\/#breadcrumb\"},\"inLanguage\":\"es\",\"potentialAction\":[{\"@type\":\"ReadAction\",\"target\":[\"https:\/\/unimac.com\/international\/es\/industrias\/centros-sanitarios\/\"]}]},{\"@type\":\"BreadcrumbList\",\"@id\":\"https:\/\/unimac.com\/international\/es\/industrias\/centros-sanitarios\/#breadcrumb\",\"itemListElement\":[{\"@type\":\"ListItem\",\"position\":1,\"name\":\"Home\",\"item\":\"https:\/\/unimac.com\/international\/es\/\"},{\"@type\":\"ListItem\",\"position\":2,\"name\":\"Industrias\",\"item\":\"https:\/\/unimac.com\/international\/es\/industrias\/\"},{\"@type\":\"ListItem\",\"position\":3,\"name\":\"Centros sanitarios\"}]},{\"@type\":\"WebSite\",\"@id\":\"https:\/\/unimac.com\/international\/#website\",\"url\":\"https:\/\/unimac.com\/international\/\",\"name\":\"Unimac International\",\"description\":\"Maximum Performance\",\"publisher\":{\"@id\":\"https:\/\/unimac.com\/international\/#organization\"},\"potentialAction\":[{\"@type\":\"SearchAction\",\"target\":{\"@type\":\"EntryPoint\",\"urlTemplate\":\"https:\/\/unimac.com\/international\/?s={search_term_string}\"},\"query-input\":{\"@type\":\"PropertyValueSpecification\",\"valueRequired\":true,\"valueName\":\"search_term_string\"}}],\"inLanguage\":\"es\"},{\"@type\":\"Organization\",\"@id\":\"https:\/\/unimac.com\/international\/#organization\",\"name\":\"UniMac International\",\"url\":\"https:\/\/unimac.com\/international\/\",\"logo\":{\"@type\":\"ImageObject\",\"inLanguage\":\"es\",\"@id\":\"https:\/\/unimac.com\/international\/#\/schema\/logo\/image\/\",\"url\":\"https:\/\/unimac.com\/international\/wp-content\/uploads\/sites\/2\/2019\/07\/logo.png\",\"contentUrl\":\"https:\/\/unimac.com\/international\/wp-content\/uploads\/sites\/2\/2019\/07\/logo.png\",\"width\":200,\"height\":73,\"caption\":\"UniMac International\"},\"image\":{\"@id\":\"https:\/\/unimac.com\/international\/#\/schema\/logo\/image\/\"}}]}<\/script>\n<!-- \/ Yoast SEO Premium plugin. -->","yoast_head_json":{"title":"Conozca a los expertos de UniMac en servicios de lavander\u00eda sanitaria","description":"Los equipos y soluciones de lavander\u00eda de UniMac para hospitales, cl\u00ednicas y otros centros de salud est\u00e1n dise\u00f1ados para ofrecer una higiene y calidad de lavado inigualables.","robots":{"index":"index","follow":"follow","max-snippet":"max-snippet:-1","max-image-preview":"max-image-preview:large","max-video-preview":"max-video-preview:-1"},"canonical":"https:\/\/unimac.com\/international\/es\/industrias\/centros-sanitarios\/","og_locale":"es_ES","og_type":"article","og_title":"Centros sanitarios","og_description":"Los equipos y soluciones de lavander\u00eda de UniMac para hospitales, cl\u00ednicas y otros centros de salud est\u00e1n dise\u00f1ados para ofrecer una higiene y calidad de lavado inigualables.","og_url":"https:\/\/unimac.com\/international\/es\/industrias\/centros-sanitarios\/","og_site_name":"Unimac International","article_modified_time":"2021-01-30T12:11:11+00:00","twitter_card":"summary_large_image","twitter_misc":{"Tiempo de lectura":"6 minutos"},"schema":{"@context":"https:\/\/schema.org","@graph":[{"@type":"WebPage","@id":"https:\/\/unimac.com\/international\/es\/industrias\/centros-sanitarios\/","url":"https:\/\/unimac.com\/international\/es\/industrias\/centros-sanitarios\/","name":"Conozca a los expertos de UniMac en servicios de lavander\u00eda sanitaria","isPartOf":{"@id":"https:\/\/unimac.com\/international\/#website"},"datePublished":"2020-01-10T06:05:19+00:00","dateModified":"2021-01-30T12:11:11+00:00","description":"Los equipos y soluciones de lavander\u00eda de UniMac para hospitales, cl\u00ednicas y otros centros de salud est\u00e1n dise\u00f1ados para ofrecer una higiene y calidad de lavado inigualables.","breadcrumb":{"@id":"https:\/\/unimac.com\/international\/es\/industrias\/centros-sanitarios\/#breadcrumb"},"inLanguage":"es","potentialAction":[{"@type":"ReadAction","target":["https:\/\/unimac.com\/international\/es\/industrias\/centros-sanitarios\/"]}]},{"@type":"BreadcrumbList","@id":"https:\/\/unimac.com\/international\/es\/industrias\/centros-sanitarios\/#breadcrumb","itemListElement":[{"@type":"ListItem","position":1,"name":"Home","item":"https:\/\/unimac.com\/international\/es\/"},{"@type":"ListItem","position":2,"name":"Industrias","item":"https:\/\/unimac.com\/international\/es\/industrias\/"},{"@type":"ListItem","position":3,"name":"Centros sanitarios"}]},{"@type":"WebSite","@id":"https:\/\/unimac.com\/international\/#website","url":"https:\/\/unimac.com\/international\/","name":"Unimac International","description":"Maximum Performance","publisher":{"@id":"https:\/\/unimac.com\/international\/#organization"},"potentialAction":[{"@type":"SearchAction","target":{"@type":"EntryPoint","urlTemplate":"https:\/\/unimac.com\/international\/?s={search_term_string}"},"query-input":{"@type":"PropertyValueSpecification","valueRequired":true,"valueName":"search_term_string"}}],"inLanguage":"es"},{"@type":"Organization","@id":"https:\/\/unimac.com\/international\/#organization","name":"UniMac International","url":"https:\/\/unimac.com\/international\/","logo":{"@type":"ImageObject","inLanguage":"es","@id":"https:\/\/unimac.com\/international\/#\/schema\/logo\/image\/","url":"https:\/\/unimac.com\/international\/wp-content\/uploads\/sites\/2\/2019\/07\/logo.png","contentUrl":"https:\/\/unimac.com\/international\/wp-content\/uploads\/sites\/2\/2019\/07\/logo.png","width":200,"height":73,"caption":"UniMac International"},"image":{"@id":"https:\/\/unimac.com\/international\/#\/schema\/logo\/image\/"}}]}},"_links":{"self":[{"href":"https:\/\/unimac.com\/international\/es\/wp-json\/wp\/v2\/pages\/12998","targetHints":{"allow":["GET"]}}],"collection":[{"href":"https:\/\/unimac.com\/international\/es\/wp-json\/wp\/v2\/pages"}],"about":[{"href":"https:\/\/unimac.com\/international\/es\/wp-json\/wp\/v2\/types\/page"}],"author":[{"embeddable":true,"href":"https:\/\/unimac.com\/international\/es\/wp-json\/wp\/v2\/users\/9"}],"replies":[{"embeddable":true,"href":"https:\/\/unimac.com\/international\/es\/wp-json\/wp\/v2\/comments?post=12998"}],"version-history":[{"count":3,"href":"https:\/\/unimac.com\/international\/es\/wp-json\/wp\/v2\/pages\/12998\/revisions"}],"predecessor-version":[{"id":13216,"href":"https:\/\/unimac.com\/international\/es\/wp-json\/wp\/v2\/pages\/12998\/revisions\/13216"}],"up":[{"embeddable":true,"href":"https:\/\/unimac.com\/international\/es\/wp-json\/wp\/v2\/pages\/12995"}],"wp:attachment":[{"href":"https:\/\/unimac.com\/international\/es\/wp-json\/wp\/v2\/media?parent=12998"}],"curies":[{"name":"wp","href":"https:\/\/api.w.org\/{rel}","templated":true}]}}