{"id":13025,"date":"2020-09-08T19:37:52","date_gmt":"2020-09-08T19:37:52","guid":{"rendered":"https:\/\/unimac.com\/en-international\/industrias\/facility-management\/"},"modified":"2021-02-09T11:48:34","modified_gmt":"2021-02-09T11:48:34","slug":"gestion-de-instalaciones","status":"publish","type":"page","link":"https:\/\/unimac.com\/international\/es\/industrias\/gestion-de-instalaciones\/","title":{"rendered":"Gesti\u00f3n de instalaciones"},"content":{"rendered":"<p><div class=\"fusion-fullwidth fullwidth-box fusion-builder-row-1 fusion-flex-container nonhundred-percent-fullwidth non-hundred-percent-height-scrolling\" style=\"--awb-border-radius-top-left:0px;--awb-border-radius-top-right:0px;--awb-border-radius-bottom-right:0px;--awb-border-radius-bottom-left:0px;--awb-flex-wrap:wrap;\" ><div class=\"fusion-builder-row fusion-row fusion-flex-align-items-flex-start fusion-flex-content-wrap\" style=\"max-width:1216.8px;margin-left: calc(-4% \/ 2 );margin-right: calc(-4% \/ 2 );\"><div class=\"fusion-layout-column fusion_builder_column fusion-builder-column-0 fusion_builder_column_3_4 3_4 fusion-flex-column\" style=\"--awb-bg-size:cover;--awb-width-large:75%;--awb-margin-top-large:20px;--awb-spacing-right-large:2.56%;--awb-margin-bottom-large:20px;--awb-spacing-left-large:2.56%;--awb-width-medium:75%;--awb-spacing-right-medium:2.56%;--awb-spacing-left-medium:2.56%;--awb-width-small:100%;--awb-spacing-right-small:1.92%;--awb-spacing-left-small:1.92%;\"><div class=\"fusion-column-wrapper fusion-column-has-shadow fusion-flex-justify-content-flex-start fusion-content-layout-column\"><div class=\"fusion-text fusion-text-1\"><h2>Las lavadoras extractoras industriales UniMac est\u00e1n dise\u00f1adas para reducir costes en su lavander\u00eda de gesti\u00f3n de instalaciones y cumplir las normas de higiene m\u00e1s estrictas de RABC.<\/h2>\n<h3>EXPERTOS EN GESTI\u00d3N DE INSTALACIONES<\/h3>\n<p>Las normas de higiene cambian constantemente y las demandas crecen en el sector, por lo que sabemos que no es f\u00e1cil mantenerse al d\u00eda. UniMac<sup>\u00ae<\/sup> dise\u00f1a soluciones de lavander\u00eda para acelerar los ciclos de lavado, reducir costes, aumentar la duraci\u00f3n de las fibras textiles y proporcionar un servicio impecable.<\/p>\n<\/div><div class=\"fusion-slider-sc\"><div class=\"fusion-flexslider-loading flexslider fusion-aligncenter flexslider-hover-type-none\" data-slideshow_autoplay=\"1\" data-slideshow_smooth_height=\"0\" data-slideshow_speed=\"5000\" style=\"max-width:100%;height:100%;\"><ul class=\"slides\"><li class=\"image\"><span class=\"fusion-image-hover-element hover-type-none\"><img decoding=\"async\" data-src=\"https:\/\/unimac.com\/international\/wp-content\/uploads\/sites\/2\/2020\/09\/GettyImages-162353089-300x200.jpg\" alt=\"UniMac laundry machines for facility management industry\" width=\"300\" height=\"200\" class=\"wp-image-9119 lazyload\" data-srcset=\"https:\/\/unimac.com\/international\/wp-content\/uploads\/sites\/2\/2020\/09\/GettyImages-162353089-200x133.jpg 200w, https:\/\/unimac.com\/international\/wp-content\/uploads\/sites\/2\/2020\/09\/GettyImages-162353089-400x267.jpg 400w, https:\/\/unimac.com\/international\/wp-content\/uploads\/sites\/2\/2020\/09\/GettyImages-162353089-600x400.jpg 600w, https:\/\/unimac.com\/international\/wp-content\/uploads\/sites\/2\/2020\/09\/GettyImages-162353089-800x533.jpg 800w, https:\/\/unimac.com\/international\/wp-content\/uploads\/sites\/2\/2020\/09\/GettyImages-162353089-1200x800.jpg 1200w\" data-sizes=\"(max-width: 640px) 100vw, 1200px\" src=\"data:image\/svg+xml;base64,PHN2ZyB3aWR0aD0iMSIgaGVpZ2h0PSIxIiB4bWxucz0iaHR0cDovL3d3dy53My5vcmcvMjAwMC9zdmciPjwvc3ZnPg==\" style=\"--smush-placeholder-width: 300px; --smush-placeholder-aspect-ratio: 300\/200;\" \/><\/span><\/li><li class=\"image\"><span class=\"fusion-image-hover-element hover-type-none\"><img decoding=\"async\" data-src=\"https:\/\/unimac.com\/international\/wp-content\/uploads\/sites\/2\/2020\/09\/shutterstock_368560808-300x200.jpg\" alt=\"UniMac OPL laundry equipment for facility management industry\" width=\"300\" height=\"200\" class=\"wp-image-8961 lazyload\" data-srcset=\"https:\/\/unimac.com\/international\/wp-content\/uploads\/sites\/2\/2020\/09\/shutterstock_368560808-200x133.jpg 200w, https:\/\/unimac.com\/international\/wp-content\/uploads\/sites\/2\/2020\/09\/shutterstock_368560808-400x267.jpg 400w, https:\/\/unimac.com\/international\/wp-content\/uploads\/sites\/2\/2020\/09\/shutterstock_368560808-600x400.jpg 600w, https:\/\/unimac.com\/international\/wp-content\/uploads\/sites\/2\/2020\/09\/shutterstock_368560808-800x533.jpg 800w, https:\/\/unimac.com\/international\/wp-content\/uploads\/sites\/2\/2020\/09\/shutterstock_368560808-1200x800.jpg 1200w\" data-sizes=\"(max-width: 640px) 100vw, 1200px\" src=\"data:image\/svg+xml;base64,PHN2ZyB3aWR0aD0iMSIgaGVpZ2h0PSIxIiB4bWxucz0iaHR0cDovL3d3dy53My5vcmcvMjAwMC9zdmciPjwvc3ZnPg==\" style=\"--smush-placeholder-width: 300px; --smush-placeholder-aspect-ratio: 300\/200;\" \/><\/span><\/li><\/ul><\/div><\/div><div class=\"fusion-text fusion-text-2\"><p>En el sector de gesti\u00f3n de instalaciones, no hay tiempo que perder. La imagen de su marca y la limpieza de su entorno son inseparables. La primera impresi\u00f3n es decisiva, y esto le obliga a mantener en todo momento los niveles m\u00e1s elevados de higiene. Para conseguir una limpieza exhaustiva de sus suelos e instalaciones, aseg\u00farese en primer lugar de que sus bayetas y tejidos de microfibra cumplen sus requisitos. Nosotros dise\u00f1amos lavadoras y secadoras para todos los sectores de la industria, y desarrollamos los ciclos de limpieza m\u00e1s eficaces y eficientes del mercado.<\/p>\n<p>Le ayudan a conseguir una limpieza e higiene perfectas y ofrecen un confort y seguridad \u00f3ptimos. Adem\u00e1s, cumplen las normas de higiene m\u00e1s rigurosas y las directrices de RABC\u00b9.<\/p>\n<p>\u00b9An\u00e1lisis de riesgos y control de contaminaci\u00f3n biol\u00f3gica, la norma de lavander\u00eda equivalente a HACCP (An\u00e1lisis de Peligros y Puntos de Control Cr\u00edticos) para la elaboraci\u00f3n de alimentos.<\/p>\n<div class=\"row row_taxo_generic\">\n<div class=\"col-lg-3 col-md-3 col-xs-3 col-taxo-generique2\"><\/div>\n<\/div>\n<\/div><div class=\"fusion-text fusion-text-3\"><h4>Equipos de lavander\u00eda comercial que incorporan una tecnolog\u00eda revolucionaria<\/h4>\n<p>La tecnolog\u00eda de enjuague <a title=\"OPTispray\" href=\"\/international\/es\/technologia\/optispray\/\">OPTispray<\/a><sup>\u2122<\/sup>, la extracci\u00f3n de <a title=\"45 lb Capacidad\" href=\"\/international\/es\/productos\/lavadora-extractora\/alto-rendimiento\/45lb-capacidad-2\/\">fuerza 400 G<\/a> y la tecnolog\u00eda de protecci\u00f3n del sobresecado <a title=\"OPTidry\" href=\"\/international\/es\/tecnologia\/optidry\/\">OPTidry<sup>\u2122<\/sup><\/a> permiten conseguir tiempos de ciclos r\u00e1pidos y ahorrar en suministros p\u00fablicos y horas de funcionamiento.<\/p>\n<h3>Recorte costes en las lavander\u00edas de gesti\u00f3n de instalaciones<\/h3>\n<p>Los tiempos de secado l\u00edderes en la industria prolongan la duraci\u00f3n de las microfibras y reducen la mano de obra hasta en media hora diaria.<\/p>\n<h6>Cumplimiento con las estrictas normas de higiene gubernamentales RABC\u00b9<\/h6>\n<p>Las <a title=\"Lavadoras Extractoras\" href=\"\/international\/es\/industrias\/atencion-medica-larga-duracion\/\">lavadoras extractoras<\/a> UniMac documentan todos los ciclos y la temperatura del agua m\u00e1s elevada con sellos de fecha y hora para permitirle cumplir con las normas gubernamentales.<\/p>\n<h4>Monitorizaci\u00f3n del rendimiento<\/h4>\n<p>Nuestro avanzado software de monitorizaci\u00f3n garantiza que se siguen en todo momento los procedimientos correctos.<\/p>\n<h4>M\u00e1quinas de lavander\u00eda comercial de resistencia industrial<\/h4>\n<p>Una durabilidad inigualable significa que sus equipos siempre estar\u00e1n listos cuando los necesite y, de esta forma, disminuir\u00e1 los costes de mano de obra asociados a los tiempos de inactividad en sus instalaciones.<\/p>\n<h4>Ciclos ECO<\/h4>\n<p>Nueve programas de lavado \u00fanicos, que son parte de las 48 opciones de ciclo total l\u00edderes del sector de <a title=\"UniLinc\" href=\"\/international\/es\/technologia\/unilinc\/\">UniLinc<\/a>, reducen a\u00fan m\u00e1s el consumo de agua.<\/p>\n<\/div><\/div><\/div><div class=\"fusion-layout-column fusion_builder_column fusion-builder-column-1 fusion_builder_column_1_4 1_4 fusion-flex-column bor-l\" style=\"--awb-bg-size:cover;--awb-width-large:25%;--awb-margin-top-large:20px;--awb-spacing-right-large:7.68%;--awb-margin-bottom-large:20px;--awb-spacing-left-large:7.68%;--awb-width-medium:25%;--awb-spacing-right-medium:7.68%;--awb-spacing-left-medium:7.68%;--awb-width-small:100%;--awb-spacing-right-small:1.92%;--awb-spacing-left-small:1.92%;\"><div class=\"fusion-column-wrapper fusion-column-has-shadow fusion-flex-justify-content-flex-start fusion-content-layout-column\"><div class=\"fusion-widget-area awb-widget-area-element fusion-widget-area-1 fusion-content-widget-area\" style=\"--awb-title-size:26px;--awb-title-color:#6f727b;--awb-padding:0px 0px 0px 0px;\"><div id=\"nav_menu-5\" class=\"widget widget_nav_menu\" style=\"border-style: solid;border-color:transparent;border-width:0px;\"><div class=\"menu-industries-spanish-container\"><ul id=\"menu-industries-spanish\" class=\"menu\"><li id=\"menu-item-13369\" class=\"menu-item menu-item-type-post_type menu-item-object-page menu-item-13369\"><a href=\"https:\/\/unimac.com\/international\/es\/industrias\/\">Industrias<\/a><\/li>\n<li id=\"menu-item-13370\" class=\"menu-item menu-item-type-post_type menu-item-object-page menu-item-13370\"><a href=\"https:\/\/unimac.com\/international\/es\/industrias\/centros-sanitarios\/\">Centros sanitarios<\/a><\/li>\n<li id=\"menu-item-13371\" class=\"menu-item menu-item-type-post_type menu-item-object-page menu-item-13371\"><a href=\"https:\/\/unimac.com\/international\/es\/industrias\/atencion-medica-larga-duracion\/\">Atenci\u00f3n m\u00e9dica de larga duraci\u00f3n<\/a><\/li>\n<li id=\"menu-item-13372\" class=\"menu-item menu-item-type-post_type menu-item-object-page menu-item-13372\"><a href=\"https:\/\/unimac.com\/international\/es\/industrias\/hosteleria\/\">Hosteler\u00eda<\/a><\/li>\n<li id=\"menu-item-13373\" class=\"menu-item menu-item-type-post_type menu-item-object-page menu-item-13373\"><a href=\"https:\/\/unimac.com\/international\/es\/industrias\/spas-salones-de-belleza\/\">Spas\/salones de belleza<\/a><\/li>\n<li id=\"menu-item-13374\" class=\"menu-item menu-item-type-post_type menu-item-object-page menu-item-13374\"><a href=\"https:\/\/unimac.com\/international\/es\/industrias\/restaurantes\/\">Restaurantes<\/a><\/li>\n<li id=\"menu-item-13375\" class=\"menu-item menu-item-type-post_type menu-item-object-page menu-item-13375\"><a href=\"https:\/\/unimac.com\/international\/es\/industrias\/catering-restaurantes\/\">Catering\/Restaurantes<\/a><\/li>\n<li id=\"menu-item-13376\" class=\"menu-item menu-item-type-post_type menu-item-object-page menu-item-13376\"><a href=\"https:\/\/unimac.com\/international\/es\/industrias\/lavanderia-comercial\/\">Lavander\u00eda comercial<\/a><\/li>\n<li id=\"menu-item-13377\" class=\"menu-item menu-item-type-post_type menu-item-object-page menu-item-13377\"><a href=\"https:\/\/unimac.com\/international\/es\/industrias\/gestion-de-instalaciones\/\">Gesti\u00f3n de instalaciones<\/a><\/li>\n<li id=\"menu-item-13378\" class=\"menu-item menu-item-type-post_type menu-item-object-page menu-item-13378\"><a href=\"https:\/\/unimac.com\/international\/es\/industrias\/limpieza-en-seco\/\">Limpieza en seco<\/a><\/li>\n<li id=\"menu-item-13379\" class=\"menu-item menu-item-type-post_type menu-item-object-page menu-item-13379\"><a href=\"https:\/\/unimac.com\/international\/es\/industrias\/bomberos\/\">Bomberos<\/a><\/li>\n<li id=\"menu-item-13380\" class=\"menu-item menu-item-type-post_type menu-item-object-page menu-item-13380\"><a href=\"https:\/\/unimac.com\/international\/es\/industrias\/elaboracion-de-alimentos\/\">Elaboraci\u00f3n de alimentos<\/a><\/li>\n<li id=\"menu-item-13381\" class=\"menu-item menu-item-type-post_type menu-item-object-page menu-item-13381\"><a href=\"https:\/\/unimac.com\/international\/es\/industrias\/sector-maritimo\/\">Sector mar\u00edtimo<\/a><\/li>\n<li id=\"menu-item-13382\" class=\"menu-item menu-item-type-post_type menu-item-object-page menu-item-13382\"><a href=\"https:\/\/unimac.com\/international\/es\/industrias\/establecimientos-penitenciarios\/\">Establecimientos penitenciarios<\/a><\/li>\n<li id=\"menu-item-13383\" class=\"menu-item menu-item-type-post_type menu-item-object-page menu-item-13383\"><a href=\"https:\/\/unimac.com\/international\/es\/industrias\/deportes\/\">Deportes<\/a><\/li>\n<\/ul><\/div><\/div><div class=\"fusion-additional-widget-content\"><\/div><\/div><div class=\"fusion-separator fusion-full-width-sep\" style=\"align-self: center;margin-left: auto;margin-right: auto;margin-top:20px;width:100%;\"><\/div><div class=\"fusion-widget-area awb-widget-area-element fusion-widget-area-2 fusion-content-widget-area \u5feb\u901f\u94fe\u63a5\" style=\"--awb-title-size:18px;--awb-title-color:#6f727b;--awb-padding:0px 0px 0px 0px;\"><div class=\"fusion-additional-widget-content\"><\/div><\/div>\n<\/div><\/div><\/div><\/div><div class=\"fusion-fullwidth fullwidth-box fusion-builder-row-2 fusion-flex-container global-footer nonhundred-percent-fullwidth non-hundred-percent-height-scrolling\" style=\"--awb-border-radius-top-left:0px;--awb-border-radius-top-right:0px;--awb-border-radius-bottom-right:0px;--awb-border-radius-bottom-left:0px;--awb-padding-top:30px;--awb-padding-right:0px;--awb-padding-bottom:30px;--awb-padding-left:0px;--awb-margin-bottom:-10px;--awb-background-color:#ec1c24;--awb-flex-wrap:wrap;\" ><\/div>\n<\/p>\n","protected":false},"excerpt":{"rendered":"","protected":false},"author":9,"featured_media":0,"parent":12995,"menu_order":0,"comment_status":"closed","ping_status":"closed","template":"100-width.php","meta":{"inline_featured_image":false,"footnotes":""},"class_list":["post-13025","page","type-page","status-publish","hentry"],"yoast_head":"<!-- This site is optimized with the Yoast SEO Premium plugin v23.4 (Yoast SEO v26.2) - https:\/\/yoast.com\/wordpress\/plugins\/seo\/ -->\n<title>Recorte costes en su lavander\u00eda de gesti\u00f3n de instalaciones | UniMac International<\/title>\n<meta name=\"description\" content=\"Las lavadoras extractoras industriales UniMac est\u00e1n dise\u00f1adas para reducir costes en su lavander\u00eda de gesti\u00f3n de instalaciones y cumplir las normas de higiene m\u00e1s estrictas de RABC.\" \/>\n<meta name=\"robots\" content=\"index, follow, max-snippet:-1, max-image-preview:large, max-video-preview:-1\" \/>\n<link rel=\"canonical\" href=\"https:\/\/unimac.com\/international\/es\/industrias\/gestion-de-instalaciones\/\" \/>\n<meta property=\"og:locale\" content=\"es_ES\" \/>\n<meta property=\"og:type\" content=\"article\" \/>\n<meta property=\"og:title\" content=\"Gesti\u00f3n de instalaciones\" \/>\n<meta property=\"og:description\" content=\"Las lavadoras extractoras industriales UniMac est\u00e1n dise\u00f1adas para reducir costes en su lavander\u00eda de gesti\u00f3n de instalaciones y cumplir las normas de higiene m\u00e1s estrictas de RABC.\" \/>\n<meta property=\"og:url\" content=\"https:\/\/unimac.com\/international\/es\/industrias\/gestion-de-instalaciones\/\" \/>\n<meta property=\"og:site_name\" content=\"Unimac International\" \/>\n<meta property=\"article:modified_time\" content=\"2021-02-09T11:48:34+00:00\" \/>\n<meta name=\"twitter:card\" content=\"summary_large_image\" \/>\n<meta name=\"twitter:label1\" content=\"Tiempo de lectura\" \/>\n\t<meta name=\"twitter:data1\" content=\"6 minutos\" \/>\n<script type=\"application\/ld+json\" class=\"yoast-schema-graph\">{\"@context\":\"https:\/\/schema.org\",\"@graph\":[{\"@type\":\"WebPage\",\"@id\":\"https:\/\/unimac.com\/international\/es\/industrias\/gestion-de-instalaciones\/\",\"url\":\"https:\/\/unimac.com\/international\/es\/industrias\/gestion-de-instalaciones\/\",\"name\":\"Recorte costes en su lavander\u00eda de gesti\u00f3n de instalaciones | UniMac International\",\"isPartOf\":{\"@id\":\"https:\/\/unimac.com\/international\/#website\"},\"datePublished\":\"2020-09-08T19:37:52+00:00\",\"dateModified\":\"2021-02-09T11:48:34+00:00\",\"description\":\"Las lavadoras extractoras industriales UniMac est\u00e1n dise\u00f1adas para reducir costes en su lavander\u00eda de gesti\u00f3n de instalaciones y cumplir las normas de higiene m\u00e1s estrictas de RABC.\",\"breadcrumb\":{\"@id\":\"https:\/\/unimac.com\/international\/es\/industrias\/gestion-de-instalaciones\/#breadcrumb\"},\"inLanguage\":\"es\",\"potentialAction\":[{\"@type\":\"ReadAction\",\"target\":[\"https:\/\/unimac.com\/international\/es\/industrias\/gestion-de-instalaciones\/\"]}]},{\"@type\":\"BreadcrumbList\",\"@id\":\"https:\/\/unimac.com\/international\/es\/industrias\/gestion-de-instalaciones\/#breadcrumb\",\"itemListElement\":[{\"@type\":\"ListItem\",\"position\":1,\"name\":\"Home\",\"item\":\"https:\/\/unimac.com\/international\/es\/\"},{\"@type\":\"ListItem\",\"position\":2,\"name\":\"Industrias\",\"item\":\"https:\/\/unimac.com\/international\/es\/industrias\/\"},{\"@type\":\"ListItem\",\"position\":3,\"name\":\"Gesti\u00f3n de instalaciones\"}]},{\"@type\":\"WebSite\",\"@id\":\"https:\/\/unimac.com\/international\/#website\",\"url\":\"https:\/\/unimac.com\/international\/\",\"name\":\"Unimac International\",\"description\":\"Maximum Performance\",\"publisher\":{\"@id\":\"https:\/\/unimac.com\/international\/#organization\"},\"potentialAction\":[{\"@type\":\"SearchAction\",\"target\":{\"@type\":\"EntryPoint\",\"urlTemplate\":\"https:\/\/unimac.com\/international\/?s={search_term_string}\"},\"query-input\":{\"@type\":\"PropertyValueSpecification\",\"valueRequired\":true,\"valueName\":\"search_term_string\"}}],\"inLanguage\":\"es\"},{\"@type\":\"Organization\",\"@id\":\"https:\/\/unimac.com\/international\/#organization\",\"name\":\"UniMac International\",\"url\":\"https:\/\/unimac.com\/international\/\",\"logo\":{\"@type\":\"ImageObject\",\"inLanguage\":\"es\",\"@id\":\"https:\/\/unimac.com\/international\/#\/schema\/logo\/image\/\",\"url\":\"https:\/\/unimac.com\/international\/wp-content\/uploads\/sites\/2\/2019\/07\/logo.png\",\"contentUrl\":\"https:\/\/unimac.com\/international\/wp-content\/uploads\/sites\/2\/2019\/07\/logo.png\",\"width\":200,\"height\":73,\"caption\":\"UniMac International\"},\"image\":{\"@id\":\"https:\/\/unimac.com\/international\/#\/schema\/logo\/image\/\"}}]}<\/script>\n<!-- \/ Yoast SEO Premium plugin. -->","yoast_head_json":{"title":"Recorte costes en su lavander\u00eda de gesti\u00f3n de instalaciones | UniMac International","description":"Las lavadoras extractoras industriales UniMac est\u00e1n dise\u00f1adas para reducir costes en su lavander\u00eda de gesti\u00f3n de instalaciones y cumplir las normas de higiene m\u00e1s estrictas de RABC.","robots":{"index":"index","follow":"follow","max-snippet":"max-snippet:-1","max-image-preview":"max-image-preview:large","max-video-preview":"max-video-preview:-1"},"canonical":"https:\/\/unimac.com\/international\/es\/industrias\/gestion-de-instalaciones\/","og_locale":"es_ES","og_type":"article","og_title":"Gesti\u00f3n de instalaciones","og_description":"Las lavadoras extractoras industriales UniMac est\u00e1n dise\u00f1adas para reducir costes en su lavander\u00eda de gesti\u00f3n de instalaciones y cumplir las normas de higiene m\u00e1s estrictas de RABC.","og_url":"https:\/\/unimac.com\/international\/es\/industrias\/gestion-de-instalaciones\/","og_site_name":"Unimac International","article_modified_time":"2021-02-09T11:48:34+00:00","twitter_card":"summary_large_image","twitter_misc":{"Tiempo de lectura":"6 minutos"},"schema":{"@context":"https:\/\/schema.org","@graph":[{"@type":"WebPage","@id":"https:\/\/unimac.com\/international\/es\/industrias\/gestion-de-instalaciones\/","url":"https:\/\/unimac.com\/international\/es\/industrias\/gestion-de-instalaciones\/","name":"Recorte costes en su lavander\u00eda de gesti\u00f3n de instalaciones | UniMac International","isPartOf":{"@id":"https:\/\/unimac.com\/international\/#website"},"datePublished":"2020-09-08T19:37:52+00:00","dateModified":"2021-02-09T11:48:34+00:00","description":"Las lavadoras extractoras industriales UniMac est\u00e1n dise\u00f1adas para reducir costes en su lavander\u00eda de gesti\u00f3n de instalaciones y cumplir las normas de higiene m\u00e1s estrictas de RABC.","breadcrumb":{"@id":"https:\/\/unimac.com\/international\/es\/industrias\/gestion-de-instalaciones\/#breadcrumb"},"inLanguage":"es","potentialAction":[{"@type":"ReadAction","target":["https:\/\/unimac.com\/international\/es\/industrias\/gestion-de-instalaciones\/"]}]},{"@type":"BreadcrumbList","@id":"https:\/\/unimac.com\/international\/es\/industrias\/gestion-de-instalaciones\/#breadcrumb","itemListElement":[{"@type":"ListItem","position":1,"name":"Home","item":"https:\/\/unimac.com\/international\/es\/"},{"@type":"ListItem","position":2,"name":"Industrias","item":"https:\/\/unimac.com\/international\/es\/industrias\/"},{"@type":"ListItem","position":3,"name":"Gesti\u00f3n de instalaciones"}]},{"@type":"WebSite","@id":"https:\/\/unimac.com\/international\/#website","url":"https:\/\/unimac.com\/international\/","name":"Unimac International","description":"Maximum Performance","publisher":{"@id":"https:\/\/unimac.com\/international\/#organization"},"potentialAction":[{"@type":"SearchAction","target":{"@type":"EntryPoint","urlTemplate":"https:\/\/unimac.com\/international\/?s={search_term_string}"},"query-input":{"@type":"PropertyValueSpecification","valueRequired":true,"valueName":"search_term_string"}}],"inLanguage":"es"},{"@type":"Organization","@id":"https:\/\/unimac.com\/international\/#organization","name":"UniMac International","url":"https:\/\/unimac.com\/international\/","logo":{"@type":"ImageObject","inLanguage":"es","@id":"https:\/\/unimac.com\/international\/#\/schema\/logo\/image\/","url":"https:\/\/unimac.com\/international\/wp-content\/uploads\/sites\/2\/2019\/07\/logo.png","contentUrl":"https:\/\/unimac.com\/international\/wp-content\/uploads\/sites\/2\/2019\/07\/logo.png","width":200,"height":73,"caption":"UniMac International"},"image":{"@id":"https:\/\/unimac.com\/international\/#\/schema\/logo\/image\/"}}]}},"_links":{"self":[{"href":"https:\/\/unimac.com\/international\/es\/wp-json\/wp\/v2\/pages\/13025","targetHints":{"allow":["GET"]}}],"collection":[{"href":"https:\/\/unimac.com\/international\/es\/wp-json\/wp\/v2\/pages"}],"about":[{"href":"https:\/\/unimac.com\/international\/es\/wp-json\/wp\/v2\/types\/page"}],"author":[{"embeddable":true,"href":"https:\/\/unimac.com\/international\/es\/wp-json\/wp\/v2\/users\/9"}],"replies":[{"embeddable":true,"href":"https:\/\/unimac.com\/international\/es\/wp-json\/wp\/v2\/comments?post=13025"}],"version-history":[{"count":4,"href":"https:\/\/unimac.com\/international\/es\/wp-json\/wp\/v2\/pages\/13025\/revisions"}],"predecessor-version":[{"id":13201,"href":"https:\/\/unimac.com\/international\/es\/wp-json\/wp\/v2\/pages\/13025\/revisions\/13201"}],"up":[{"embeddable":true,"href":"https:\/\/unimac.com\/international\/es\/wp-json\/wp\/v2\/pages\/12995"}],"wp:attachment":[{"href":"https:\/\/unimac.com\/international\/es\/wp-json\/wp\/v2\/media?parent=13025"}],"curies":[{"name":"wp","href":"https:\/\/api.w.org\/{rel}","templated":true}]}}