{"id":13033,"date":"2019-08-06T22:15:34","date_gmt":"2019-08-06T22:15:34","guid":{"rendered":"https:\/\/unimac.com\/en-international\/industrias\/maritime\/"},"modified":"2021-01-29T21:51:40","modified_gmt":"2021-01-29T21:51:40","slug":"sector-maritimo","status":"publish","type":"page","link":"https:\/\/unimac.com\/international\/es\/industrias\/sector-maritimo\/","title":{"rendered":"Sector mar\u00edtimo"},"content":{"rendered":"<p><div class=\"fusion-fullwidth fullwidth-box fusion-builder-row-1 fusion-flex-container nonhundred-percent-fullwidth non-hundred-percent-height-scrolling\" style=\"--awb-border-radius-top-left:0px;--awb-border-radius-top-right:0px;--awb-border-radius-bottom-right:0px;--awb-border-radius-bottom-left:0px;--awb-flex-wrap:wrap;\" ><div class=\"fusion-builder-row fusion-row fusion-flex-align-items-flex-start fusion-flex-content-wrap\" style=\"max-width:1216.8px;margin-left: calc(-4% \/ 2 );margin-right: calc(-4% \/ 2 );\"><div class=\"fusion-layout-column fusion_builder_column fusion-builder-column-0 fusion_builder_column_3_4 3_4 fusion-flex-column\" style=\"--awb-bg-size:cover;--awb-width-large:75%;--awb-margin-top-large:20px;--awb-spacing-right-large:2.56%;--awb-margin-bottom-large:20px;--awb-spacing-left-large:2.56%;--awb-width-medium:75%;--awb-spacing-right-medium:2.56%;--awb-spacing-left-medium:2.56%;--awb-width-small:100%;--awb-spacing-right-small:1.92%;--awb-spacing-left-small:1.92%;\"><div class=\"fusion-column-wrapper fusion-column-has-shadow fusion-flex-justify-content-flex-start fusion-content-layout-column\"><div class=\"fusion-text fusion-text-1\"><h2>Desde hace m\u00e1s de 60 a\u00f1os, UniMac ha dise\u00f1ado soluciones resistentes, duraderas e innovadoras para las necesidades de lavander\u00eda espec\u00edficas del sector de la industria mar\u00edtima.<\/h2>\n<h3>EXPERTOS EN CUALQUIER CONDICI\u00d3N<\/h3>\n<p>Desde hace m\u00e1s de 60 a\u00f1os, UniMac<sup>\u00ae<\/sup> se ha centrado en atender las necesidades espec\u00edficas del sector de la industria mar\u00edtima. Trabajamos en estrecha colaboraci\u00f3n con nuestros clientes para identificar y solventar los principales problemas a los que se enfrentan cada d\u00eda, todo ello adem\u00e1s de ofrecer el coste de propiedad m\u00e1s bajo del mercado.<\/p>\n<\/div><div class=\"fusion-slider-sc\"><div class=\"fusion-flexslider-loading flexslider flexslider-hover-type-none\" data-slideshow_autoplay=\"1\" data-slideshow_smooth_height=\"0\" data-slideshow_speed=\"5000\" style=\"max-width:100%;height:100%;\"><ul class=\"slides\"><li class=\"image\"><span class=\"fusion-image-hover-element hover-type-none\"><img decoding=\"async\" data-src=\"https:\/\/unimac.com\/international\/wp-content\/uploads\/sites\/2\/2019\/08\/careers-at-maritime-300x199.jpg\" width=\"300\" height=\"199\" class=\"wp-image-3615 lazyload\" data-srcset=\"https:\/\/unimac.com\/international\/wp-content\/uploads\/sites\/2\/2019\/08\/careers-at-maritime-200x132.jpg 200w, https:\/\/unimac.com\/international\/wp-content\/uploads\/sites\/2\/2019\/08\/careers-at-maritime-400x265.jpg 400w, https:\/\/unimac.com\/international\/wp-content\/uploads\/sites\/2\/2019\/08\/careers-at-maritime-600x397.jpg 600w, https:\/\/unimac.com\/international\/wp-content\/uploads\/sites\/2\/2019\/08\/careers-at-maritime-800x530.jpg 800w, https:\/\/unimac.com\/international\/wp-content\/uploads\/sites\/2\/2019\/08\/careers-at-maritime-1200x794.jpg 1200w, https:\/\/unimac.com\/international\/wp-content\/uploads\/sites\/2\/2019\/08\/careers-at-maritime.jpg 1500w\" data-sizes=\"(max-width: 640px) 100vw, 1200px\" src=\"data:image\/svg+xml;base64,PHN2ZyB3aWR0aD0iMSIgaGVpZ2h0PSIxIiB4bWxucz0iaHR0cDovL3d3dy53My5vcmcvMjAwMC9zdmciPjwvc3ZnPg==\" style=\"--smush-placeholder-width: 300px; --smush-placeholder-aspect-ratio: 300\/199;\" \/><\/span><\/li><\/ul><\/div><\/div><div class=\"fusion-title title fusion-title-1 fusion-title-text fusion-title-size-four\" style=\"--awb-margin-top:30px;--awb-margin-bottom:0px;--awb-margin-top-small:30px;--awb-margin-bottom-small:0px;\"><div class=\"title-sep-container title-sep-container-left fusion-no-large-visibility fusion-no-medium-visibility fusion-no-small-visibility\"><div class=\"title-sep sep- sep-solid\" style=\"border-color:#e0dede;\"><\/div><\/div><span class=\"awb-title-spacer fusion-no-large-visibility fusion-no-medium-visibility fusion-no-small-visibility\"><\/span><h4 class=\"fusion-title-heading title-heading-left fusion-responsive-typography-calculated\" style=\"margin:0;--fontSize:18;--minFontSize:18;line-height:1.4;\"><p data-fontsize=\"18\" data-lineheight=\"25\">Dise\u00f1ados para atender sus necesidades<\/p><\/h4><span class=\"awb-title-spacer\"><\/span><div class=\"title-sep-container title-sep-container-right\"><div class=\"title-sep sep- sep-solid\" style=\"border-color:#e0dede;\"><\/div><\/div><\/div><div class=\"fusion-text fusion-text-2\"><p>En una industria donde los <a title=\"Products\" href=\"\/international\/es\/productos\/\">equipamientos de lavander\u00eda<\/a> resistentes son una necesidad absoluta, puede confiar en la durabilidad incomparable de nuestras m\u00e1quinas, que est\u00e1n respaldadas por una garant\u00eda excepcional y la red de servicio t\u00e9cnico y asistencia m\u00e1s grande del mundo.<\/p>\n<p>Para los buques que viajan alrededor del mundo, nuestra red mundial de distribuidores perfectamente formados les ofrece acceso a piezas, servicio t\u00e9cnico y atenci\u00f3n, est\u00e9 donde est\u00e9 el puerto de su pr\u00f3xima escala.<\/p>\n<p>Ofrecemos una de las <a title=\"UniMac Washer Extractors\" href=\"\/international\/es\/productos\/lavadoras-extractoras\/\">gamas de productos<\/a> m\u00e1s completas de la industria, desde m\u00e1quinas de lavander\u00eda local hasta combinaciones de lavadoras y secadoras apiladas de estilo dom\u00e9stico, para que est\u00e9 seguro de encontrar exactamente la m\u00e1quina que necesita en funci\u00f3n de sus necesidades.<\/p>\n<\/div><\/div><\/div><div class=\"fusion-layout-column fusion_builder_column fusion-builder-column-1 fusion_builder_column_1_4 1_4 fusion-flex-column bor-l\" style=\"--awb-bg-size:cover;--awb-width-large:25%;--awb-margin-top-large:20px;--awb-spacing-right-large:7.68%;--awb-margin-bottom-large:20px;--awb-spacing-left-large:7.68%;--awb-width-medium:25%;--awb-spacing-right-medium:7.68%;--awb-spacing-left-medium:7.68%;--awb-width-small:100%;--awb-spacing-right-small:1.92%;--awb-spacing-left-small:1.92%;\"><div class=\"fusion-column-wrapper fusion-column-has-shadow fusion-flex-justify-content-flex-start fusion-content-layout-column\"><div class=\"fusion-widget-area awb-widget-area-element fusion-widget-area-1 fusion-content-widget-area\" style=\"--awb-title-size:26px;--awb-title-color:#6f727b;--awb-padding:0px 0px 0px 0px;\"><div id=\"nav_menu-5\" class=\"widget widget_nav_menu\" style=\"border-style: solid;border-color:transparent;border-width:0px;\"><div class=\"menu-industries-spanish-container\"><ul id=\"menu-industries-spanish\" class=\"menu\"><li id=\"menu-item-13369\" class=\"menu-item menu-item-type-post_type menu-item-object-page menu-item-13369\"><a href=\"https:\/\/unimac.com\/international\/es\/industrias\/\">Industrias<\/a><\/li>\n<li id=\"menu-item-13370\" class=\"menu-item menu-item-type-post_type menu-item-object-page menu-item-13370\"><a href=\"https:\/\/unimac.com\/international\/es\/industrias\/centros-sanitarios\/\">Centros sanitarios<\/a><\/li>\n<li id=\"menu-item-13371\" class=\"menu-item menu-item-type-post_type menu-item-object-page menu-item-13371\"><a href=\"https:\/\/unimac.com\/international\/es\/industrias\/atencion-medica-larga-duracion\/\">Atenci\u00f3n m\u00e9dica de larga duraci\u00f3n<\/a><\/li>\n<li id=\"menu-item-13372\" class=\"menu-item menu-item-type-post_type menu-item-object-page menu-item-13372\"><a href=\"https:\/\/unimac.com\/international\/es\/industrias\/hosteleria\/\">Hosteler\u00eda<\/a><\/li>\n<li id=\"menu-item-13373\" class=\"menu-item menu-item-type-post_type menu-item-object-page menu-item-13373\"><a href=\"https:\/\/unimac.com\/international\/es\/industrias\/spas-salones-de-belleza\/\">Spas\/salones de belleza<\/a><\/li>\n<li id=\"menu-item-13374\" class=\"menu-item menu-item-type-post_type menu-item-object-page menu-item-13374\"><a href=\"https:\/\/unimac.com\/international\/es\/industrias\/restaurantes\/\">Restaurantes<\/a><\/li>\n<li id=\"menu-item-13375\" class=\"menu-item menu-item-type-post_type menu-item-object-page menu-item-13375\"><a href=\"https:\/\/unimac.com\/international\/es\/industrias\/catering-restaurantes\/\">Catering\/Restaurantes<\/a><\/li>\n<li id=\"menu-item-13376\" class=\"menu-item menu-item-type-post_type menu-item-object-page menu-item-13376\"><a href=\"https:\/\/unimac.com\/international\/es\/industrias\/lavanderia-comercial\/\">Lavander\u00eda comercial<\/a><\/li>\n<li id=\"menu-item-13377\" class=\"menu-item menu-item-type-post_type menu-item-object-page menu-item-13377\"><a href=\"https:\/\/unimac.com\/international\/es\/industrias\/gestion-de-instalaciones\/\">Gesti\u00f3n de instalaciones<\/a><\/li>\n<li id=\"menu-item-13378\" class=\"menu-item menu-item-type-post_type menu-item-object-page menu-item-13378\"><a href=\"https:\/\/unimac.com\/international\/es\/industrias\/limpieza-en-seco\/\">Limpieza en seco<\/a><\/li>\n<li id=\"menu-item-13379\" class=\"menu-item menu-item-type-post_type menu-item-object-page menu-item-13379\"><a href=\"https:\/\/unimac.com\/international\/es\/industrias\/bomberos\/\">Bomberos<\/a><\/li>\n<li id=\"menu-item-13380\" class=\"menu-item menu-item-type-post_type menu-item-object-page menu-item-13380\"><a href=\"https:\/\/unimac.com\/international\/es\/industrias\/elaboracion-de-alimentos\/\">Elaboraci\u00f3n de alimentos<\/a><\/li>\n<li id=\"menu-item-13381\" class=\"menu-item menu-item-type-post_type menu-item-object-page menu-item-13381\"><a href=\"https:\/\/unimac.com\/international\/es\/industrias\/sector-maritimo\/\">Sector mar\u00edtimo<\/a><\/li>\n<li id=\"menu-item-13382\" class=\"menu-item menu-item-type-post_type menu-item-object-page menu-item-13382\"><a href=\"https:\/\/unimac.com\/international\/es\/industrias\/establecimientos-penitenciarios\/\">Establecimientos penitenciarios<\/a><\/li>\n<li id=\"menu-item-13383\" class=\"menu-item menu-item-type-post_type menu-item-object-page menu-item-13383\"><a href=\"https:\/\/unimac.com\/international\/es\/industrias\/deportes\/\">Deportes<\/a><\/li>\n<\/ul><\/div><\/div><div class=\"fusion-additional-widget-content\"><\/div><\/div><div class=\"fusion-separator fusion-full-width-sep\" style=\"align-self: center;margin-left: auto;margin-right: auto;margin-top:30px;width:100%;\"><\/div><div class=\"fusion-widget-area awb-widget-area-element fusion-widget-area-2 fusion-content-widget-area \u5feb\u901f\u94fe\u63a5\" style=\"--awb-title-size:18px;--awb-title-color:#6f727b;--awb-padding:0px 0px 0px 0px;\"><div class=\"fusion-additional-widget-content\"><\/div><\/div>\n<\/div><\/div><\/div><\/div><div class=\"fusion-fullwidth fullwidth-box fusion-builder-row-2 fusion-flex-container global-footer nonhundred-percent-fullwidth non-hundred-percent-height-scrolling\" style=\"--awb-border-radius-top-left:0px;--awb-border-radius-top-right:0px;--awb-border-radius-bottom-right:0px;--awb-border-radius-bottom-left:0px;--awb-padding-top:30px;--awb-padding-right:0px;--awb-padding-bottom:30px;--awb-padding-left:0px;--awb-margin-bottom:-10px;--awb-background-color:#ec1c24;--awb-flex-wrap:wrap;\" ><\/div>\n<\/p>\n","protected":false},"excerpt":{"rendered":"","protected":false},"author":1,"featured_media":0,"parent":12995,"menu_order":0,"comment_status":"closed","ping_status":"closed","template":"100-width.php","meta":{"inline_featured_image":false,"footnotes":""},"class_list":["post-13033","page","type-page","status-publish","hentry"],"yoast_head":"<!-- This site is optimized with the Yoast SEO Premium plugin v23.4 (Yoast SEO v26.2) - https:\/\/yoast.com\/wordpress\/plugins\/seo\/ -->\n<title>La lavander\u00eda del sector mar\u00edtimo no tiene secretos para nosotros<\/title>\n<meta name=\"description\" content=\"Desde hace m\u00e1s de 60 a\u00f1os, UniMac ha dise\u00f1ado soluciones resistentes, duraderas e innovadoras para las necesidades de lavander\u00eda espec\u00edficas del sector de la industria mar\u00edtima.\" \/>\n<meta name=\"robots\" content=\"index, follow, max-snippet:-1, max-image-preview:large, max-video-preview:-1\" \/>\n<link rel=\"canonical\" href=\"https:\/\/unimac.com\/international\/es\/industrias\/sector-maritimo\/\" \/>\n<meta property=\"og:locale\" content=\"es_ES\" \/>\n<meta property=\"og:type\" content=\"article\" \/>\n<meta property=\"og:title\" content=\"Sector mar\u00edtimo\" \/>\n<meta property=\"og:description\" content=\"Desde hace m\u00e1s de 60 a\u00f1os, UniMac ha dise\u00f1ado soluciones resistentes, duraderas e innovadoras para las necesidades de lavander\u00eda espec\u00edficas del sector de la industria mar\u00edtima.\" \/>\n<meta property=\"og:url\" content=\"https:\/\/unimac.com\/international\/es\/industrias\/sector-maritimo\/\" \/>\n<meta property=\"og:site_name\" content=\"Unimac International\" \/>\n<meta property=\"article:modified_time\" content=\"2021-01-29T21:51:40+00:00\" \/>\n<meta name=\"twitter:card\" content=\"summary_large_image\" \/>\n<meta name=\"twitter:label1\" content=\"Tiempo de lectura\" \/>\n\t<meta name=\"twitter:data1\" content=\"5 minutos\" \/>\n<script type=\"application\/ld+json\" class=\"yoast-schema-graph\">{\"@context\":\"https:\/\/schema.org\",\"@graph\":[{\"@type\":\"WebPage\",\"@id\":\"https:\/\/unimac.com\/international\/es\/industrias\/sector-maritimo\/\",\"url\":\"https:\/\/unimac.com\/international\/es\/industrias\/sector-maritimo\/\",\"name\":\"La lavander\u00eda del sector mar\u00edtimo no tiene secretos para nosotros\",\"isPartOf\":{\"@id\":\"https:\/\/unimac.com\/international\/#website\"},\"datePublished\":\"2019-08-06T22:15:34+00:00\",\"dateModified\":\"2021-01-29T21:51:40+00:00\",\"description\":\"Desde hace m\u00e1s de 60 a\u00f1os, UniMac ha dise\u00f1ado soluciones resistentes, duraderas e innovadoras para las necesidades de lavander\u00eda espec\u00edficas del sector de la industria mar\u00edtima.\",\"breadcrumb\":{\"@id\":\"https:\/\/unimac.com\/international\/es\/industrias\/sector-maritimo\/#breadcrumb\"},\"inLanguage\":\"es\",\"potentialAction\":[{\"@type\":\"ReadAction\",\"target\":[\"https:\/\/unimac.com\/international\/es\/industrias\/sector-maritimo\/\"]}]},{\"@type\":\"BreadcrumbList\",\"@id\":\"https:\/\/unimac.com\/international\/es\/industrias\/sector-maritimo\/#breadcrumb\",\"itemListElement\":[{\"@type\":\"ListItem\",\"position\":1,\"name\":\"Home\",\"item\":\"https:\/\/unimac.com\/international\/es\/\"},{\"@type\":\"ListItem\",\"position\":2,\"name\":\"Industrias\",\"item\":\"https:\/\/unimac.com\/international\/es\/industrias\/\"},{\"@type\":\"ListItem\",\"position\":3,\"name\":\"Sector mar\u00edtimo\"}]},{\"@type\":\"WebSite\",\"@id\":\"https:\/\/unimac.com\/international\/#website\",\"url\":\"https:\/\/unimac.com\/international\/\",\"name\":\"Unimac International\",\"description\":\"Maximum Performance\",\"publisher\":{\"@id\":\"https:\/\/unimac.com\/international\/#organization\"},\"potentialAction\":[{\"@type\":\"SearchAction\",\"target\":{\"@type\":\"EntryPoint\",\"urlTemplate\":\"https:\/\/unimac.com\/international\/?s={search_term_string}\"},\"query-input\":{\"@type\":\"PropertyValueSpecification\",\"valueRequired\":true,\"valueName\":\"search_term_string\"}}],\"inLanguage\":\"es\"},{\"@type\":\"Organization\",\"@id\":\"https:\/\/unimac.com\/international\/#organization\",\"name\":\"UniMac International\",\"url\":\"https:\/\/unimac.com\/international\/\",\"logo\":{\"@type\":\"ImageObject\",\"inLanguage\":\"es\",\"@id\":\"https:\/\/unimac.com\/international\/#\/schema\/logo\/image\/\",\"url\":\"https:\/\/unimac.com\/international\/wp-content\/uploads\/sites\/2\/2019\/07\/logo.png\",\"contentUrl\":\"https:\/\/unimac.com\/international\/wp-content\/uploads\/sites\/2\/2019\/07\/logo.png\",\"width\":200,\"height\":73,\"caption\":\"UniMac International\"},\"image\":{\"@id\":\"https:\/\/unimac.com\/international\/#\/schema\/logo\/image\/\"}}]}<\/script>\n<!-- \/ Yoast SEO Premium plugin. -->","yoast_head_json":{"title":"La lavander\u00eda del sector mar\u00edtimo no tiene secretos para nosotros","description":"Desde hace m\u00e1s de 60 a\u00f1os, UniMac ha dise\u00f1ado soluciones resistentes, duraderas e innovadoras para las necesidades de lavander\u00eda espec\u00edficas del sector de la industria mar\u00edtima.","robots":{"index":"index","follow":"follow","max-snippet":"max-snippet:-1","max-image-preview":"max-image-preview:large","max-video-preview":"max-video-preview:-1"},"canonical":"https:\/\/unimac.com\/international\/es\/industrias\/sector-maritimo\/","og_locale":"es_ES","og_type":"article","og_title":"Sector mar\u00edtimo","og_description":"Desde hace m\u00e1s de 60 a\u00f1os, UniMac ha dise\u00f1ado soluciones resistentes, duraderas e innovadoras para las necesidades de lavander\u00eda espec\u00edficas del sector de la industria mar\u00edtima.","og_url":"https:\/\/unimac.com\/international\/es\/industrias\/sector-maritimo\/","og_site_name":"Unimac International","article_modified_time":"2021-01-29T21:51:40+00:00","twitter_card":"summary_large_image","twitter_misc":{"Tiempo de lectura":"5 minutos"},"schema":{"@context":"https:\/\/schema.org","@graph":[{"@type":"WebPage","@id":"https:\/\/unimac.com\/international\/es\/industrias\/sector-maritimo\/","url":"https:\/\/unimac.com\/international\/es\/industrias\/sector-maritimo\/","name":"La lavander\u00eda del sector mar\u00edtimo no tiene secretos para nosotros","isPartOf":{"@id":"https:\/\/unimac.com\/international\/#website"},"datePublished":"2019-08-06T22:15:34+00:00","dateModified":"2021-01-29T21:51:40+00:00","description":"Desde hace m\u00e1s de 60 a\u00f1os, UniMac ha dise\u00f1ado soluciones resistentes, duraderas e innovadoras para las necesidades de lavander\u00eda espec\u00edficas del sector de la industria mar\u00edtima.","breadcrumb":{"@id":"https:\/\/unimac.com\/international\/es\/industrias\/sector-maritimo\/#breadcrumb"},"inLanguage":"es","potentialAction":[{"@type":"ReadAction","target":["https:\/\/unimac.com\/international\/es\/industrias\/sector-maritimo\/"]}]},{"@type":"BreadcrumbList","@id":"https:\/\/unimac.com\/international\/es\/industrias\/sector-maritimo\/#breadcrumb","itemListElement":[{"@type":"ListItem","position":1,"name":"Home","item":"https:\/\/unimac.com\/international\/es\/"},{"@type":"ListItem","position":2,"name":"Industrias","item":"https:\/\/unimac.com\/international\/es\/industrias\/"},{"@type":"ListItem","position":3,"name":"Sector mar\u00edtimo"}]},{"@type":"WebSite","@id":"https:\/\/unimac.com\/international\/#website","url":"https:\/\/unimac.com\/international\/","name":"Unimac International","description":"Maximum Performance","publisher":{"@id":"https:\/\/unimac.com\/international\/#organization"},"potentialAction":[{"@type":"SearchAction","target":{"@type":"EntryPoint","urlTemplate":"https:\/\/unimac.com\/international\/?s={search_term_string}"},"query-input":{"@type":"PropertyValueSpecification","valueRequired":true,"valueName":"search_term_string"}}],"inLanguage":"es"},{"@type":"Organization","@id":"https:\/\/unimac.com\/international\/#organization","name":"UniMac International","url":"https:\/\/unimac.com\/international\/","logo":{"@type":"ImageObject","inLanguage":"es","@id":"https:\/\/unimac.com\/international\/#\/schema\/logo\/image\/","url":"https:\/\/unimac.com\/international\/wp-content\/uploads\/sites\/2\/2019\/07\/logo.png","contentUrl":"https:\/\/unimac.com\/international\/wp-content\/uploads\/sites\/2\/2019\/07\/logo.png","width":200,"height":73,"caption":"UniMac International"},"image":{"@id":"https:\/\/unimac.com\/international\/#\/schema\/logo\/image\/"}}]}},"_links":{"self":[{"href":"https:\/\/unimac.com\/international\/es\/wp-json\/wp\/v2\/pages\/13033","targetHints":{"allow":["GET"]}}],"collection":[{"href":"https:\/\/unimac.com\/international\/es\/wp-json\/wp\/v2\/pages"}],"about":[{"href":"https:\/\/unimac.com\/international\/es\/wp-json\/wp\/v2\/types\/page"}],"author":[{"embeddable":true,"href":"https:\/\/unimac.com\/international\/es\/wp-json\/wp\/v2\/users\/1"}],"replies":[{"embeddable":true,"href":"https:\/\/unimac.com\/international\/es\/wp-json\/wp\/v2\/comments?post=13033"}],"version-history":[{"count":3,"href":"https:\/\/unimac.com\/international\/es\/wp-json\/wp\/v2\/pages\/13033\/revisions"}],"predecessor-version":[{"id":13194,"href":"https:\/\/unimac.com\/international\/es\/wp-json\/wp\/v2\/pages\/13033\/revisions\/13194"}],"up":[{"embeddable":true,"href":"https:\/\/unimac.com\/international\/es\/wp-json\/wp\/v2\/pages\/12995"}],"wp:attachment":[{"href":"https:\/\/unimac.com\/international\/es\/wp-json\/wp\/v2\/media?parent=13033"}],"curies":[{"name":"wp","href":"https:\/\/api.w.org\/{rel}","templated":true}]}}