{"id":13035,"date":"2019-08-06T21:45:02","date_gmt":"2019-08-06T21:45:02","guid":{"rendered":"https:\/\/unimac.com\/en-international\/industrias\/corrections\/"},"modified":"2024-11-05T20:07:25","modified_gmt":"2024-11-05T20:07:25","slug":"establecimientos-penitenciarios","status":"publish","type":"page","link":"https:\/\/unimac.com\/international\/es\/industrias\/establecimientos-penitenciarios\/","title":{"rendered":"Establecimientos penitenciarios"},"content":{"rendered":"<p><div class=\"fusion-fullwidth fullwidth-box fusion-builder-row-1 fusion-flex-container nonhundred-percent-fullwidth non-hundred-percent-height-scrolling\" style=\"--awb-border-radius-top-left:0px;--awb-border-radius-top-right:0px;--awb-border-radius-bottom-right:0px;--awb-border-radius-bottom-left:0px;--awb-flex-wrap:wrap;\" ><div class=\"fusion-builder-row fusion-row fusion-flex-align-items-flex-start fusion-flex-content-wrap\" style=\"max-width:1216.8px;margin-left: calc(-4% \/ 2 );margin-right: calc(-4% \/ 2 );\"><div class=\"fusion-layout-column fusion_builder_column fusion-builder-column-0 fusion_builder_column_3_4 3_4 fusion-flex-column\" style=\"--awb-bg-size:cover;--awb-width-large:75%;--awb-margin-top-large:20px;--awb-spacing-right-large:2.56%;--awb-margin-bottom-large:20px;--awb-spacing-left-large:2.56%;--awb-width-medium:75%;--awb-spacing-right-medium:2.56%;--awb-spacing-left-medium:2.56%;--awb-width-small:100%;--awb-spacing-right-small:1.92%;--awb-spacing-left-small:1.92%;\"><div class=\"fusion-column-wrapper fusion-column-has-shadow fusion-flex-justify-content-flex-start fusion-content-layout-column\"><div class=\"fusion-text fusion-text-1\"><h2>Con una poblaci\u00f3n reclusa en continuo aumento y unos presupuestos que no var\u00edan, es esencial encontrar nuevas formas de minimizar los costes en los establecimientos penitenciarios.<\/h2>\n<h3>EXPERTOS EN SEGURIDAD Y PROTECCI\u00d3N<\/h3>\n<p>Con una poblaci\u00f3n reclusa en continuo aumento y unos presupuestos invariables, resulta esencial encontrar nuevas formas de minimizar los costes. Los <a title=\"Productos\" href=\"\/international\/es\/productos\/\">equipos de lavander\u00eda comercial<\/a> UniMac<sup>\u00ae<\/sup> ofrecen una durabilidad sin rival que consigue un tiempo de inactividad reducido, menos llamadas al servicio t\u00e9cnico y costes de mantenimiento minimizados. Tecnolog\u00edas de vanguardia como velocidades de extracci\u00f3n con fuerza 400 G y la tecnolog\u00eda de prevenci\u00f3n de sobresecado <a title=\"OPTidry\" href=\"\/international\/es\/technologia\/optidry\/\">OPTidry<\/a>\u2122 reducen el consumo de agua y electricidad. Y gracias a los controles <a title=\"UniLinc\" href=\"\/international\/es\/technologia\/unilinc\/\">UniLinc<\/a>\u2122 intuitivos y en varios idiomas, la formaci\u00f3n del personal es r\u00e1pida y sencilla.<\/p>\n<\/div><div class=\"fusion-slider-sc\"><div class=\"fusion-flexslider-loading flexslider flexslider-hover-type-none\" data-slideshow_autoplay=\"1\" data-slideshow_smooth_height=\"0\" data-slideshow_speed=\"7000\" style=\"max-width:100%;height:100%;\"><ul class=\"slides\"><li class=\"image\"><a title=\"slider1\" data-title=\"slider1\" aria-label=\"slider1\" href=\"\/wp-content\/uploads\/2019\/09\/au13-0012-limestone-correctional.pdf\" target=\"_self\"><span class=\"fusion-image-hover-element hover-type-none\"><img decoding=\"async\" data-src=\"https:\/\/unimac.com\/international\/wp-content\/uploads\/sites\/2\/2019\/09\/slider1.jpg\" alt=\"UniMac Commercial Laundry Products corrections\" width=\"682\" height=\"262\" class=\"wp-image-4151 lazyload\" data-srcset=\"https:\/\/unimac.com\/international\/wp-content\/uploads\/sites\/2\/2019\/09\/slider1-200x77.jpg 200w, https:\/\/unimac.com\/international\/wp-content\/uploads\/sites\/2\/2019\/09\/slider1-400x154.jpg 400w, https:\/\/unimac.com\/international\/wp-content\/uploads\/sites\/2\/2019\/09\/slider1-600x230.jpg 600w, https:\/\/unimac.com\/international\/wp-content\/uploads\/sites\/2\/2019\/09\/slider1.jpg 682w\" data-sizes=\"(max-width: 640px) 100vw, 682px\" src=\"data:image\/svg+xml;base64,PHN2ZyB3aWR0aD0iMSIgaGVpZ2h0PSIxIiB4bWxucz0iaHR0cDovL3d3dy53My5vcmcvMjAwMC9zdmciPjwvc3ZnPg==\" style=\"--smush-placeholder-width: 682px; --smush-placeholder-aspect-ratio: 682\/262;\" \/><\/span><\/a><\/li><li class=\"image\"><a title=\"slider2\" data-title=\"slider2\" aria-label=\"slider2\" href=\"\/wp-content\/uploads\/2019\/09\/AL-Dept-of-Corrections-Case-Study.pdf\" target=\"_self\"><span class=\"fusion-image-hover-element hover-type-none\"><img decoding=\"async\" data-src=\"https:\/\/unimac.com\/international\/wp-content\/uploads\/sites\/2\/2019\/09\/slider2.jpg\" alt=\"UniMac Commercial Laundry Products\" width=\"682\" height=\"262\" class=\"wp-image-4156 lazyload\" data-srcset=\"https:\/\/unimac.com\/international\/wp-content\/uploads\/sites\/2\/2019\/09\/slider2-200x77.jpg 200w, https:\/\/unimac.com\/international\/wp-content\/uploads\/sites\/2\/2019\/09\/slider2-400x154.jpg 400w, https:\/\/unimac.com\/international\/wp-content\/uploads\/sites\/2\/2019\/09\/slider2-600x230.jpg 600w, https:\/\/unimac.com\/international\/wp-content\/uploads\/sites\/2\/2019\/09\/slider2.jpg 682w\" data-sizes=\"(max-width: 640px) 100vw, 682px\" src=\"data:image\/svg+xml;base64,PHN2ZyB3aWR0aD0iMSIgaGVpZ2h0PSIxIiB4bWxucz0iaHR0cDovL3d3dy53My5vcmcvMjAwMC9zdmciPjwvc3ZnPg==\" style=\"--smush-placeholder-width: 682px; --smush-placeholder-aspect-ratio: 682\/262;\" \/><\/span><\/a><\/li><\/ul><\/div><\/div><div class=\"fusion-title title fusion-title-1 fusion-title-text fusion-title-size-four\" style=\"--awb-margin-bottom:10px;--awb-margin-bottom-small:5px;\"><div class=\"title-sep-container title-sep-container-left fusion-no-large-visibility fusion-no-medium-visibility fusion-no-small-visibility\"><div class=\"title-sep sep- sep-solid\" style=\"border-color:#e0dede;\"><\/div><\/div><span class=\"awb-title-spacer fusion-no-large-visibility fusion-no-medium-visibility fusion-no-small-visibility\"><\/span><h4 class=\"fusion-title-heading title-heading-left fusion-responsive-typography-calculated\" style=\"margin:0;--fontSize:18;--minFontSize:18;line-height:1.4;\">PROGRAMADORES PARA EQUIPOS DE LAVANDER\u00cdA COMERCIAL F\u00c1CILES DE USAR<\/h4><span class=\"awb-title-spacer\"><\/span><div class=\"title-sep-container title-sep-container-right\"><div class=\"title-sep sep- sep-solid\" style=\"border-color:#e0dede;\"><\/div><\/div><\/div><div class=\"fusion-text fusion-text-2\"><p>Con un sencillo sistema de control f\u00e1cil de usar, la formaci\u00f3n de los reclusos y otro personal en el manejo de las <a href=\"\/international\/es\/Productos\/\">m\u00e1quinas UniMac<\/a> es r\u00e1pida y sencilla.<\/p>\n<\/div><div class=\"fusion-title title fusion-title-2 fusion-title-text fusion-title-size-four\" style=\"--awb-margin-bottom:10px;--awb-margin-bottom-small:5px;\"><div class=\"title-sep-container title-sep-container-left fusion-no-large-visibility fusion-no-medium-visibility fusion-no-small-visibility\"><div class=\"title-sep sep- sep-solid\" style=\"border-color:#e0dede;\"><\/div><\/div><span class=\"awb-title-spacer fusion-no-large-visibility fusion-no-medium-visibility fusion-no-small-visibility\"><\/span><h4 class=\"fusion-title-heading title-heading-left fusion-responsive-typography-calculated\" style=\"margin:0;--fontSize:18;--minFontSize:18;line-height:1.4;\">M\u00c1QUINAS DE LAVANDER\u00cdA DE RESISTENCIA INDUSTRIAL<\/h4><span class=\"awb-title-spacer\"><\/span><div class=\"title-sep-container title-sep-container-right\"><div class=\"title-sep sep- sep-solid\" style=\"border-color:#e0dede;\"><\/div><\/div><\/div><div class=\"fusion-text fusion-text-3\"><p>Las m\u00e1quinas UniMac utilizan componentes resistentes y se someten a rigurosas pruebas de durabilidad, y adem\u00e1s cuentan con nuestra garant\u00eda l\u00edder del sector.<\/p>\n<\/div><div class=\"fusion-title title fusion-title-3 fusion-title-text fusion-title-size-four\" style=\"--awb-margin-bottom:10px;--awb-margin-bottom-small:5px;\"><div class=\"title-sep-container title-sep-container-left fusion-no-large-visibility fusion-no-medium-visibility fusion-no-small-visibility\"><div class=\"title-sep sep- sep-solid\" style=\"border-color:#e0dede;\"><\/div><\/div><span class=\"awb-title-spacer fusion-no-large-visibility fusion-no-medium-visibility fusion-no-small-visibility\"><\/span><h4 class=\"fusion-title-heading title-heading-left fusion-responsive-typography-calculated\" style=\"margin:0;--fontSize:18;--minFontSize:18;line-height:1.4;\">MONITORIZACI\u00d3N DEL RENDIMIENTO DE LAS M\u00c1QUINAS DE LAVANDER\u00cdA LOCAL<\/h4><span class=\"awb-title-spacer\"><\/span><div class=\"title-sep-container title-sep-container-right\"><div class=\"title-sep sep- sep-solid\" style=\"border-color:#e0dede;\"><\/div><\/div><\/div><div class=\"fusion-text fusion-text-4\"><p>Las m\u00e1quinas UniMac incorporan avanzadas herramientas de monitorizaci\u00f3n y diagn\u00f3stico de lavander\u00eda local para facilitar el servicio t\u00e9cnico y las reparaciones, que muchas veces eliminan la necesidad de recurrir a personal externo.<\/p>\n<\/div><div class=\"fusion-title title fusion-title-4 fusion-title-text fusion-title-size-three\" style=\"--awb-margin-bottom:10px;--awb-margin-bottom-small:5px;\"><div class=\"title-sep-container title-sep-container-left fusion-no-large-visibility fusion-no-medium-visibility fusion-no-small-visibility\"><div class=\"title-sep sep- sep-solid\" style=\"border-color:#e0dede;\"><\/div><\/div><span class=\"awb-title-spacer fusion-no-large-visibility fusion-no-medium-visibility fusion-no-small-visibility\"><\/span><h3 class=\"fusion-title-heading title-heading-left fusion-responsive-typography-calculated\" style=\"margin:0;--fontSize:23;--minFontSize:23;line-height:1.25;\">MINIMIZED COSTS FOR ON-PREMISES LAUNDRY<\/h3><span class=\"awb-title-spacer\"><\/span><div class=\"title-sep-container title-sep-container-right\"><div class=\"title-sep sep- sep-solid\" style=\"border-color:#e0dede;\"><\/div><\/div><\/div><div class=\"fusion-text fusion-text-5\"><p>Innovaciones como la tecnolog\u00eda de enjuague <a href=\"\/international\/es\/technologia\/optispray\"> OPTispray<\/a>\u2122 y la extracci\u00f3n de fuerza 400 G en las <a href=\"\/international\/es\/productos\/lavadoras-extractoras\/\">lavadoras extractoras<\/a> de UniMac, sumadas a la tecnolog\u00eda de prevenci\u00f3n de sobresecado <a href=\"\/international\/es\/technologia\/optidry\/\">OPTidry<\/a> para las <a href=\"\/international\/es\/productos\/secadoras-para-uso-intensivo\/\">secadoras<\/a> UniMac, disminuyen considerablemente el coste de explotaci\u00f3n total y, de esta forma, le permiten no salirse del presupuesto.<\/p>\n<\/div><div class=\"fusion-title title fusion-title-5 fusion-title-text fusion-title-size-four\" style=\"--awb-margin-bottom:10px;--awb-margin-bottom-small:5px;\"><div class=\"title-sep-container title-sep-container-left fusion-no-large-visibility fusion-no-medium-visibility fusion-no-small-visibility\"><div class=\"title-sep sep- sep-solid\" style=\"border-color:#e0dede;\"><\/div><\/div><span class=\"awb-title-spacer fusion-no-large-visibility fusion-no-medium-visibility fusion-no-small-visibility\"><\/span><h4 class=\"fusion-title-heading title-heading-left fusion-responsive-typography-calculated\" style=\"margin:0;--fontSize:18;--minFontSize:18;line-height:1.4;\">CICLOS ECO<\/h4><span class=\"awb-title-spacer\"><\/span><div class=\"title-sep-container title-sep-container-right\"><div class=\"title-sep sep- sep-solid\" style=\"border-color:#e0dede;\"><\/div><\/div><\/div><div class=\"fusion-text fusion-text-6\"><p>Nueve programas de lavado \u00fanicos, que son parte de las 48 opciones de ciclo total l\u00edderes del sector de <a href=\"\/international\/es\/technologia\/unilinc\">UniLinc<\/a>, reducen a\u00fan m\u00e1s el consumo de agua.<\/p>\n<\/div><\/div><\/div><div class=\"fusion-layout-column fusion_builder_column fusion-builder-column-1 fusion_builder_column_1_4 1_4 fusion-flex-column bor-l\" style=\"--awb-bg-size:cover;--awb-width-large:25%;--awb-margin-top-large:20px;--awb-spacing-right-large:7.68%;--awb-margin-bottom-large:20px;--awb-spacing-left-large:7.68%;--awb-width-medium:25%;--awb-spacing-right-medium:7.68%;--awb-spacing-left-medium:7.68%;--awb-width-small:100%;--awb-spacing-right-small:1.92%;--awb-spacing-left-small:1.92%;\"><div class=\"fusion-column-wrapper fusion-column-has-shadow fusion-flex-justify-content-flex-start fusion-content-layout-column\"><div class=\"fusion-widget-area awb-widget-area-element fusion-widget-area-1 fusion-content-widget-area\" style=\"--awb-title-size:26px;--awb-title-color:#6f727b;--awb-padding:0px 0px 0px 0px;\"><div id=\"nav_menu-5\" class=\"widget widget_nav_menu\" style=\"border-style: solid;border-color:transparent;border-width:0px;\"><div class=\"menu-industries-spanish-container\"><ul id=\"menu-industries-spanish\" class=\"menu\"><li id=\"menu-item-13369\" class=\"menu-item menu-item-type-post_type menu-item-object-page menu-item-13369\"><a href=\"https:\/\/unimac.com\/international\/es\/industrias\/\">Industrias<\/a><\/li>\n<li id=\"menu-item-13370\" class=\"menu-item menu-item-type-post_type menu-item-object-page menu-item-13370\"><a href=\"https:\/\/unimac.com\/international\/es\/industrias\/centros-sanitarios\/\">Centros sanitarios<\/a><\/li>\n<li id=\"menu-item-13371\" class=\"menu-item menu-item-type-post_type menu-item-object-page menu-item-13371\"><a href=\"https:\/\/unimac.com\/international\/es\/industrias\/atencion-medica-larga-duracion\/\">Atenci\u00f3n m\u00e9dica de larga duraci\u00f3n<\/a><\/li>\n<li id=\"menu-item-13372\" class=\"menu-item menu-item-type-post_type menu-item-object-page menu-item-13372\"><a href=\"https:\/\/unimac.com\/international\/es\/industrias\/hosteleria\/\">Hosteler\u00eda<\/a><\/li>\n<li id=\"menu-item-13373\" class=\"menu-item menu-item-type-post_type menu-item-object-page menu-item-13373\"><a href=\"https:\/\/unimac.com\/international\/es\/industrias\/spas-salones-de-belleza\/\">Spas\/salones de belleza<\/a><\/li>\n<li id=\"menu-item-13374\" class=\"menu-item menu-item-type-post_type menu-item-object-page menu-item-13374\"><a href=\"https:\/\/unimac.com\/international\/es\/industrias\/restaurantes\/\">Restaurantes<\/a><\/li>\n<li id=\"menu-item-13375\" class=\"menu-item menu-item-type-post_type menu-item-object-page menu-item-13375\"><a href=\"https:\/\/unimac.com\/international\/es\/industrias\/catering-restaurantes\/\">Catering\/Restaurantes<\/a><\/li>\n<li id=\"menu-item-13376\" class=\"menu-item menu-item-type-post_type menu-item-object-page menu-item-13376\"><a href=\"https:\/\/unimac.com\/international\/es\/industrias\/lavanderia-comercial\/\">Lavander\u00eda comercial<\/a><\/li>\n<li id=\"menu-item-13377\" class=\"menu-item menu-item-type-post_type menu-item-object-page menu-item-13377\"><a href=\"https:\/\/unimac.com\/international\/es\/industrias\/gestion-de-instalaciones\/\">Gesti\u00f3n de instalaciones<\/a><\/li>\n<li id=\"menu-item-13378\" class=\"menu-item menu-item-type-post_type menu-item-object-page menu-item-13378\"><a href=\"https:\/\/unimac.com\/international\/es\/industrias\/limpieza-en-seco\/\">Limpieza en seco<\/a><\/li>\n<li id=\"menu-item-13379\" class=\"menu-item menu-item-type-post_type menu-item-object-page menu-item-13379\"><a href=\"https:\/\/unimac.com\/international\/es\/industrias\/bomberos\/\">Bomberos<\/a><\/li>\n<li id=\"menu-item-13380\" class=\"menu-item menu-item-type-post_type menu-item-object-page menu-item-13380\"><a href=\"https:\/\/unimac.com\/international\/es\/industrias\/elaboracion-de-alimentos\/\">Elaboraci\u00f3n de alimentos<\/a><\/li>\n<li id=\"menu-item-13381\" class=\"menu-item menu-item-type-post_type menu-item-object-page menu-item-13381\"><a href=\"https:\/\/unimac.com\/international\/es\/industrias\/sector-maritimo\/\">Sector mar\u00edtimo<\/a><\/li>\n<li id=\"menu-item-13382\" class=\"menu-item menu-item-type-post_type menu-item-object-page menu-item-13382\"><a href=\"https:\/\/unimac.com\/international\/es\/industrias\/establecimientos-penitenciarios\/\">Establecimientos penitenciarios<\/a><\/li>\n<li id=\"menu-item-13383\" class=\"menu-item menu-item-type-post_type menu-item-object-page menu-item-13383\"><a href=\"https:\/\/unimac.com\/international\/es\/industrias\/deportes\/\">Deportes<\/a><\/li>\n<\/ul><\/div><\/div><div class=\"fusion-additional-widget-content\"><\/div><\/div><div class=\"fusion-separator fusion-full-width-sep\" style=\"align-self: center;margin-left: auto;margin-right: auto;margin-top:30px;width:100%;\"><\/div><div class=\"fusion-widget-area awb-widget-area-element fusion-widget-area-2 fusion-content-widget-area \u5feb\u901f\u94fe\u63a5\" style=\"--awb-title-size:18px;--awb-title-color:#6f727b;--awb-padding:0px 0px 0px 0px;\"><div class=\"fusion-additional-widget-content\"><\/div><\/div>\n<\/div><\/div><\/div><\/div><div class=\"fusion-fullwidth fullwidth-box fusion-builder-row-2 fusion-flex-container global-footer nonhundred-percent-fullwidth non-hundred-percent-height-scrolling\" style=\"--awb-border-radius-top-left:0px;--awb-border-radius-top-right:0px;--awb-border-radius-bottom-right:0px;--awb-border-radius-bottom-left:0px;--awb-padding-top:30px;--awb-padding-right:0px;--awb-padding-bottom:30px;--awb-padding-left:0px;--awb-margin-bottom:-10px;--awb-background-color:#ec1c24;--awb-flex-wrap:wrap;\" ><\/div>\n<\/p>\n","protected":false},"excerpt":{"rendered":"","protected":false},"author":1,"featured_media":0,"parent":12995,"menu_order":0,"comment_status":"closed","ping_status":"closed","template":"100-width.php","meta":{"inline_featured_image":false,"footnotes":""},"class_list":["post-13035","page","type-page","status-publish","hentry"],"yoast_head":"<!-- This site is optimized with the Yoast SEO Premium plugin v23.4 (Yoast SEO v26.2) - https:\/\/yoast.com\/wordpress\/plugins\/seo\/ -->\n<title>Equipamiento de lavander\u00eda industrial para centros penitenciarios<\/title>\n<meta name=\"description\" content=\"Con una poblaci\u00f3n reclusa en continuo aumento y unos presupuestos que no var\u00edan, es esencial encontrar nuevas formas de minimizar los costes en los establecimientos penitenciarios.\" \/>\n<meta name=\"robots\" content=\"index, follow, max-snippet:-1, max-image-preview:large, max-video-preview:-1\" \/>\n<link rel=\"canonical\" href=\"https:\/\/unimac.com\/international\/es\/industrias\/establecimientos-penitenciarios\/\" \/>\n<meta property=\"og:locale\" content=\"es_ES\" \/>\n<meta property=\"og:type\" content=\"article\" \/>\n<meta property=\"og:title\" content=\"Establecimientos penitenciarios\" \/>\n<meta property=\"og:description\" content=\"Con una poblaci\u00f3n reclusa en continuo aumento y unos presupuestos que no var\u00edan, es esencial encontrar nuevas formas de minimizar los costes en los establecimientos penitenciarios.\" \/>\n<meta property=\"og:url\" content=\"https:\/\/unimac.com\/international\/es\/industrias\/establecimientos-penitenciarios\/\" \/>\n<meta property=\"og:site_name\" content=\"Unimac International\" \/>\n<meta property=\"article:modified_time\" content=\"2024-11-05T20:07:25+00:00\" \/>\n<meta name=\"twitter:card\" content=\"summary_large_image\" \/>\n<meta name=\"twitter:label1\" content=\"Tiempo de lectura\" \/>\n\t<meta name=\"twitter:data1\" content=\"2 minutos\" \/>\n<script type=\"application\/ld+json\" class=\"yoast-schema-graph\">{\"@context\":\"https:\/\/schema.org\",\"@graph\":[{\"@type\":\"WebPage\",\"@id\":\"https:\/\/unimac.com\/international\/es\/industrias\/establecimientos-penitenciarios\/\",\"url\":\"https:\/\/unimac.com\/international\/es\/industrias\/establecimientos-penitenciarios\/\",\"name\":\"Equipamiento de lavander\u00eda industrial para centros penitenciarios\",\"isPartOf\":{\"@id\":\"https:\/\/unimac.com\/international\/#website\"},\"datePublished\":\"2019-08-06T21:45:02+00:00\",\"dateModified\":\"2024-11-05T20:07:25+00:00\",\"description\":\"Con una poblaci\u00f3n reclusa en continuo aumento y unos presupuestos que no var\u00edan, es esencial encontrar nuevas formas de minimizar los costes en los establecimientos penitenciarios.\",\"breadcrumb\":{\"@id\":\"https:\/\/unimac.com\/international\/es\/industrias\/establecimientos-penitenciarios\/#breadcrumb\"},\"inLanguage\":\"es\",\"potentialAction\":[{\"@type\":\"ReadAction\",\"target\":[\"https:\/\/unimac.com\/international\/es\/industrias\/establecimientos-penitenciarios\/\"]}]},{\"@type\":\"BreadcrumbList\",\"@id\":\"https:\/\/unimac.com\/international\/es\/industrias\/establecimientos-penitenciarios\/#breadcrumb\",\"itemListElement\":[{\"@type\":\"ListItem\",\"position\":1,\"name\":\"Home\",\"item\":\"https:\/\/unimac.com\/international\/es\/\"},{\"@type\":\"ListItem\",\"position\":2,\"name\":\"Industrias\",\"item\":\"https:\/\/unimac.com\/international\/es\/industrias\/\"},{\"@type\":\"ListItem\",\"position\":3,\"name\":\"Establecimientos penitenciarios\"}]},{\"@type\":\"WebSite\",\"@id\":\"https:\/\/unimac.com\/international\/#website\",\"url\":\"https:\/\/unimac.com\/international\/\",\"name\":\"Unimac International\",\"description\":\"Maximum Performance\",\"publisher\":{\"@id\":\"https:\/\/unimac.com\/international\/#organization\"},\"potentialAction\":[{\"@type\":\"SearchAction\",\"target\":{\"@type\":\"EntryPoint\",\"urlTemplate\":\"https:\/\/unimac.com\/international\/?s={search_term_string}\"},\"query-input\":{\"@type\":\"PropertyValueSpecification\",\"valueRequired\":true,\"valueName\":\"search_term_string\"}}],\"inLanguage\":\"es\"},{\"@type\":\"Organization\",\"@id\":\"https:\/\/unimac.com\/international\/#organization\",\"name\":\"UniMac International\",\"url\":\"https:\/\/unimac.com\/international\/\",\"logo\":{\"@type\":\"ImageObject\",\"inLanguage\":\"es\",\"@id\":\"https:\/\/unimac.com\/international\/#\/schema\/logo\/image\/\",\"url\":\"https:\/\/unimac.com\/international\/wp-content\/uploads\/sites\/2\/2019\/07\/logo.png\",\"contentUrl\":\"https:\/\/unimac.com\/international\/wp-content\/uploads\/sites\/2\/2019\/07\/logo.png\",\"width\":200,\"height\":73,\"caption\":\"UniMac International\"},\"image\":{\"@id\":\"https:\/\/unimac.com\/international\/#\/schema\/logo\/image\/\"}}]}<\/script>\n<!-- \/ Yoast SEO Premium plugin. -->","yoast_head_json":{"title":"Equipamiento de lavander\u00eda industrial para centros penitenciarios","description":"Con una poblaci\u00f3n reclusa en continuo aumento y unos presupuestos que no var\u00edan, es esencial encontrar nuevas formas de minimizar los costes en los establecimientos penitenciarios.","robots":{"index":"index","follow":"follow","max-snippet":"max-snippet:-1","max-image-preview":"max-image-preview:large","max-video-preview":"max-video-preview:-1"},"canonical":"https:\/\/unimac.com\/international\/es\/industrias\/establecimientos-penitenciarios\/","og_locale":"es_ES","og_type":"article","og_title":"Establecimientos penitenciarios","og_description":"Con una poblaci\u00f3n reclusa en continuo aumento y unos presupuestos que no var\u00edan, es esencial encontrar nuevas formas de minimizar los costes en los establecimientos penitenciarios.","og_url":"https:\/\/unimac.com\/international\/es\/industrias\/establecimientos-penitenciarios\/","og_site_name":"Unimac International","article_modified_time":"2024-11-05T20:07:25+00:00","twitter_card":"summary_large_image","twitter_misc":{"Tiempo de lectura":"2 minutos"},"schema":{"@context":"https:\/\/schema.org","@graph":[{"@type":"WebPage","@id":"https:\/\/unimac.com\/international\/es\/industrias\/establecimientos-penitenciarios\/","url":"https:\/\/unimac.com\/international\/es\/industrias\/establecimientos-penitenciarios\/","name":"Equipamiento de lavander\u00eda industrial para centros penitenciarios","isPartOf":{"@id":"https:\/\/unimac.com\/international\/#website"},"datePublished":"2019-08-06T21:45:02+00:00","dateModified":"2024-11-05T20:07:25+00:00","description":"Con una poblaci\u00f3n reclusa en continuo aumento y unos presupuestos que no var\u00edan, es esencial encontrar nuevas formas de minimizar los costes en los establecimientos penitenciarios.","breadcrumb":{"@id":"https:\/\/unimac.com\/international\/es\/industrias\/establecimientos-penitenciarios\/#breadcrumb"},"inLanguage":"es","potentialAction":[{"@type":"ReadAction","target":["https:\/\/unimac.com\/international\/es\/industrias\/establecimientos-penitenciarios\/"]}]},{"@type":"BreadcrumbList","@id":"https:\/\/unimac.com\/international\/es\/industrias\/establecimientos-penitenciarios\/#breadcrumb","itemListElement":[{"@type":"ListItem","position":1,"name":"Home","item":"https:\/\/unimac.com\/international\/es\/"},{"@type":"ListItem","position":2,"name":"Industrias","item":"https:\/\/unimac.com\/international\/es\/industrias\/"},{"@type":"ListItem","position":3,"name":"Establecimientos penitenciarios"}]},{"@type":"WebSite","@id":"https:\/\/unimac.com\/international\/#website","url":"https:\/\/unimac.com\/international\/","name":"Unimac International","description":"Maximum Performance","publisher":{"@id":"https:\/\/unimac.com\/international\/#organization"},"potentialAction":[{"@type":"SearchAction","target":{"@type":"EntryPoint","urlTemplate":"https:\/\/unimac.com\/international\/?s={search_term_string}"},"query-input":{"@type":"PropertyValueSpecification","valueRequired":true,"valueName":"search_term_string"}}],"inLanguage":"es"},{"@type":"Organization","@id":"https:\/\/unimac.com\/international\/#organization","name":"UniMac International","url":"https:\/\/unimac.com\/international\/","logo":{"@type":"ImageObject","inLanguage":"es","@id":"https:\/\/unimac.com\/international\/#\/schema\/logo\/image\/","url":"https:\/\/unimac.com\/international\/wp-content\/uploads\/sites\/2\/2019\/07\/logo.png","contentUrl":"https:\/\/unimac.com\/international\/wp-content\/uploads\/sites\/2\/2019\/07\/logo.png","width":200,"height":73,"caption":"UniMac International"},"image":{"@id":"https:\/\/unimac.com\/international\/#\/schema\/logo\/image\/"}}]}},"_links":{"self":[{"href":"https:\/\/unimac.com\/international\/es\/wp-json\/wp\/v2\/pages\/13035","targetHints":{"allow":["GET"]}}],"collection":[{"href":"https:\/\/unimac.com\/international\/es\/wp-json\/wp\/v2\/pages"}],"about":[{"href":"https:\/\/unimac.com\/international\/es\/wp-json\/wp\/v2\/types\/page"}],"author":[{"embeddable":true,"href":"https:\/\/unimac.com\/international\/es\/wp-json\/wp\/v2\/users\/1"}],"replies":[{"embeddable":true,"href":"https:\/\/unimac.com\/international\/es\/wp-json\/wp\/v2\/comments?post=13035"}],"version-history":[{"count":6,"href":"https:\/\/unimac.com\/international\/es\/wp-json\/wp\/v2\/pages\/13035\/revisions"}],"predecessor-version":[{"id":21351,"href":"https:\/\/unimac.com\/international\/es\/wp-json\/wp\/v2\/pages\/13035\/revisions\/21351"}],"up":[{"embeddable":true,"href":"https:\/\/unimac.com\/international\/es\/wp-json\/wp\/v2\/pages\/12995"}],"wp:attachment":[{"href":"https:\/\/unimac.com\/international\/es\/wp-json\/wp\/v2\/media?parent=13035"}],"curies":[{"name":"wp","href":"https:\/\/api.w.org\/{rel}","templated":true}]}}