{"id":13045,"date":"2019-08-04T18:03:56","date_gmt":"2019-08-04T18:03:56","guid":{"rendered":"https:\/\/unimac.com\/en-international\/support\/"},"modified":"2021-02-10T17:46:03","modified_gmt":"2021-02-10T17:46:03","slug":"asistencia","status":"publish","type":"page","link":"https:\/\/unimac.com\/international\/es\/asistencia\/","title":{"rendered":"SERVICIO T\u00c9CNICO Y ASISTENCIA"},"content":{"rendered":"<p><div class=\"fusion-fullwidth fullwidth-box fusion-builder-row-1 fusion-flex-container nonhundred-percent-fullwidth non-hundred-percent-height-scrolling\" style=\"--awb-border-radius-top-left:0px;--awb-border-radius-top-right:0px;--awb-border-radius-bottom-right:0px;--awb-border-radius-bottom-left:0px;--awb-flex-wrap:wrap;\" ><div class=\"fusion-builder-row fusion-row fusion-flex-align-items-flex-start fusion-flex-content-wrap\" style=\"max-width:1216.8px;margin-left: calc(-4% \/ 2 );margin-right: calc(-4% \/ 2 );\"><div class=\"fusion-layout-column fusion_builder_column fusion-builder-column-0 fusion_builder_column_1_1 1_1 fusion-flex-column slide-rev\" style=\"--awb-bg-size:cover;--awb-width-large:100%;--awb-margin-top-large:20px;--awb-spacing-right-large:1.92%;--awb-margin-bottom-large:20px;--awb-spacing-left-large:1.92%;--awb-width-medium:100%;--awb-spacing-right-medium:1.92%;--awb-spacing-left-medium:1.92%;--awb-width-small:100%;--awb-spacing-right-small:1.92%;--awb-spacing-left-small:1.92%;\"><div class=\"fusion-column-wrapper fusion-column-has-shadow fusion-flex-justify-content-flex-start fusion-content-layout-column\"><div class=\"fusion-title title fusion-title-1 fusion-title-text fusion-title-size-two\"><div class=\"title-sep-container title-sep-container-left fusion-no-large-visibility fusion-no-medium-visibility fusion-no-small-visibility\"><div class=\"title-sep sep- sep-solid\" style=\"border-color:#e0dede;\"><\/div><\/div><span class=\"awb-title-spacer fusion-no-large-visibility fusion-no-medium-visibility fusion-no-small-visibility\"><\/span><h2 class=\"fusion-title-heading title-heading-left fusion-responsive-typography-calculated\" style=\"margin:0;--fontSize:26;--minFontSize:26;line-height:1.1;\">Documentaci\u00f3n t\u00e9cnica de UniMac, los servicios de dise\u00f1o de lavander\u00eda, repuestos, mantenimiento y consejos de seguridad<\/h2><span class=\"awb-title-spacer\"><\/span><div class=\"title-sep-container title-sep-container-right\"><div class=\"title-sep sep- sep-solid\" style=\"border-color:#e0dede;\"><\/div><\/div><\/div><\/div><\/div><\/div><\/div><div class=\"fusion-fullwidth fullwidth-box fusion-builder-row-2 fusion-flex-container nonhundred-percent-fullwidth non-hundred-percent-height-scrolling\" style=\"--awb-border-radius-top-left:0px;--awb-border-radius-top-right:0px;--awb-border-radius-bottom-right:0px;--awb-border-radius-bottom-left:0px;--awb-flex-wrap:wrap;\" ><div class=\"fusion-builder-row fusion-row fusion-flex-align-items-flex-start fusion-flex-content-wrap\" style=\"max-width:1216.8px;margin-left: calc(-4% \/ 2 );margin-right: calc(-4% \/ 2 );\"><div class=\"fusion-layout-column fusion_builder_column fusion-builder-column-1 fusion_builder_column_3_4 3_4 fusion-flex-column\" style=\"--awb-bg-size:cover;--awb-width-large:75%;--awb-margin-top-large:20px;--awb-spacing-right-large:2.56%;--awb-margin-bottom-large:20px;--awb-spacing-left-large:2.56%;--awb-width-medium:75%;--awb-spacing-right-medium:2.56%;--awb-spacing-left-medium:2.56%;--awb-width-small:100%;--awb-spacing-right-small:1.92%;--awb-spacing-left-small:1.92%;\"><div class=\"fusion-column-wrapper fusion-column-has-shadow fusion-flex-justify-content-flex-start fusion-content-layout-column\"><div class=\"fusion-flip-boxes flip-boxes row fusion-columns-3 flip-effect-3d equal-heights nyb-flip-box\" style=\"--awb-flip-duration:0.4s;\"><div class=\"fusion-flip-box-wrapper fusion-column col-lg-4 col-md-4 col-sm-4\"><div class=\"fusion-flip-box flip-right fusion-animated\" tabindex=\"0\" data-animationType=\"slideInLeft\" data-animationDuration=\"0.1\" data-animationOffset=\"top-into-view\"><div class=\"flip-box-inner-wrapper\"><div class=\"flip-box-front\" style=\"--awb-border-color:#ec1c24;--awb-title-front-color:#ec1c24;--awb-text-front-color:#727272;\"><div class=\"flip-box-front-inner\"><div class=\"flip-box-grafix flip-box-image\"><img decoding=\"async\" data-src=\"https:\/\/unimac.com\/international\/wp-content\/uploads\/sites\/2\/2019\/08\/technicalLiterature.png\" width=\"100\" height=\"67.02\" alt=\"\" src=\"data:image\/svg+xml;base64,PHN2ZyB3aWR0aD0iMSIgaGVpZ2h0PSIxIiB4bWxucz0iaHR0cDovL3d3dy53My5vcmcvMjAwMC9zdmciPjwvc3ZnPg==\" class=\"lazyload\" style=\"--smush-placeholder-width: 100px; --smush-placeholder-aspect-ratio: 100\/67;\" \/><\/div><\/p>\n<h3>Documentaci\u00f3n t\u00e9cnica<\/h3>\n<p><\/div><\/div><div class=\"flip-box-back\" style=\"--awb-border-color:#ec1c24;--awb-background-color-back:#ec1c24;--awb-text-back-color:#ffffff;\"><div class=\"flip-box-back-inner\">Descargue los manuales de instalaci\u00f3n, funcionamiento y mantenimiento de sus m\u00e1quinas de lavander\u00eda comercial.<\/p>\n<div ><a class=\"fusion-button button-flat button-large button-custom fusion-button-default button-1 fusion-button-default-span fusion-button-default-type\" style=\"--button_accent_color:#ffffff;--button_accent_hover_color:#e8e8e8;--button_border_hover_color:#e8e8e8;--button_border_width-top:2px;--button_border_width-right:2px;--button_border_width-bottom:2px;--button_border_width-left:2px;--button_gradient_top_color:#ec1c24;--button_gradient_bottom_color:#ec1c24;--button_gradient_top_color_hover:#d80000;--button_gradient_bottom_color_hover:#d80000;--button_text_transform:none;\" target=\"_self\" href=\"\/international\/es\/documentacion-tecnica\/\"><span class=\"fusion-button-text awb-button__text awb-button__text--default fusion-button-text-right\">M\u00e1s informaci\u00f3n<\/span><span class=\"fusion-button-icon-divider button-icon-divider-right\"><i class=\"fa-angle-right fas awb-button__icon awb-button__icon--default\" aria-hidden=\"true\"><\/i><\/span><\/a><\/div><\/div><\/div><\/div><\/div><\/div><div class=\"fusion-flip-box-wrapper fusion-column col-lg-4 col-md-4 col-sm-4\"><div class=\"fusion-flip-box flip-down fusion-animated\" tabindex=\"0\" data-animationType=\"slideInDown\" data-animationDuration=\"0.1\" data-animationOffset=\"top-into-view\"><div class=\"flip-box-inner-wrapper\"><div class=\"flip-box-front\" style=\"--awb-border-color:#ec1c24;--awb-title-front-color:#ec1c24;\"><div class=\"flip-box-front-inner\"><div class=\"flip-box-grafix flip-box-image\"><img decoding=\"async\" data-src=\"https:\/\/unimac.com\/international\/wp-content\/uploads\/sites\/2\/2019\/08\/laundryDesignServices.png\" width=\"100\" height=\"75.53\" alt=\"\" src=\"data:image\/svg+xml;base64,PHN2ZyB3aWR0aD0iMSIgaGVpZ2h0PSIxIiB4bWxucz0iaHR0cDovL3d3dy53My5vcmcvMjAwMC9zdmciPjwvc3ZnPg==\" class=\"lazyload\" style=\"--smush-placeholder-width: 100px; --smush-placeholder-aspect-ratio: 100\/75;\" \/><\/div><\/p>\n<h3>Servicios de dise\u00f1o de lavander\u00edas<\/h3>\n<p><\/div><\/div><div class=\"flip-box-back\" style=\"--awb-border-color:#ec1c24;--awb-background-color-back:#ec1c24;--awb-text-back-color:#ffffff;\"><div class=\"flip-box-back-inner\">Puede confiar en nuestro equipo especializado de expertos en lavander\u00eda para que le ayuden a <a title=\"dise\u00f1ar su lavander\u00eda\" href=\"\/international\/es\/arquitectos\/diseno-de-lavanderias\/\">dise\u00f1ar su lavander\u00eda<\/a> local. Elija entre una diversidad de paquetes de servicios de dise\u00f1o a un precio razonable, desde planos preliminares hasta dise\u00f1os completos.<\/p>\n<div ><a class=\"fusion-button button-flat button-large button-custom fusion-button-default button-2 fusion-button-default-span fusion-button-default-type\" style=\"--button_accent_color:#ffffff;--button_accent_hover_color:#e8e8e8;--button_border_hover_color:#e8e8e8;--button_border_width-top:2px;--button_border_width-right:2px;--button_border_width-bottom:2px;--button_border_width-left:2px;--button_gradient_top_color:#ec1c24;--button_gradient_bottom_color:#ec1c24;--button_gradient_top_color_hover:#d80000;--button_gradient_bottom_color_hover:#d80000;--button_text_transform:none;\" target=\"_self\" href=\"\/international\/es\/arquitectos\/diseno-de-lavanderias\/\"><span class=\"fusion-button-text awb-button__text awb-button__text--default fusion-button-text-right\">M\u00e1s informaci\u00f3n<\/span><span class=\"fusion-button-icon-divider button-icon-divider-right\"><i class=\"fa-angle-right fas awb-button__icon awb-button__icon--default\" aria-hidden=\"true\"><\/i><\/span><\/a><\/div><\/div><\/div><\/div><\/div><\/div><div class=\"fusion-flip-box-wrapper fusion-column col-lg-4 col-md-4 col-sm-4\"><div class=\"fusion-flip-box flip-right fusion-animated\" tabindex=\"0\" data-animationType=\"slideInRight\" data-animationDuration=\"0.1\" data-animationOffset=\"top-into-view\"><div class=\"flip-box-inner-wrapper\"><div class=\"flip-box-front\" style=\"--awb-border-color:#ec1c24;--awb-title-front-color:#ec1c24;\"><div class=\"flip-box-front-inner\"><div class=\"flip-box-grafix flip-box-image\"><img decoding=\"async\" data-src=\"https:\/\/unimac.com\/international\/wp-content\/uploads\/sites\/2\/2019\/08\/serviceParts.png\" width=\"100\" height=\"96.81\" alt=\"\" src=\"data:image\/svg+xml;base64,PHN2ZyB3aWR0aD0iMSIgaGVpZ2h0PSIxIiB4bWxucz0iaHR0cDovL3d3dy53My5vcmcvMjAwMC9zdmciPjwvc3ZnPg==\" class=\"lazyload\" style=\"--smush-placeholder-width: 100px; --smush-placeholder-aspect-ratio: 100\/96;\" \/><\/div><\/p>\n<h3>Piezas de repuesto<\/h3>\n<p><\/div><\/div><div class=\"flip-box-back\" style=\"--awb-border-color:#ec1c24;--awb-background-color-back:#ec1c24;--awb-text-back-color:#ffffff;\"><div class=\"flip-box-back-inner\">No se conforme con menos que los <a title=\"repuestos\" href=\"\/international\/es\/asistencia\/piezas-de-repuesto\/\">repuestos originales<\/a> de los sistemas de lavander\u00eda Alliance, que se ofrecen exclusivamente a trav\u00e9s de nuestros distribuidores autorizados por la f\u00e1brica. Nuestros repuestos de alta calidad est\u00e1n dise\u00f1adas para reparar sus equipos, y tienen un a\u00f1o de garant\u00eda.<\/p>\n<div ><a class=\"fusion-button button-flat button-large button-custom fusion-button-default button-3 fusion-button-default-span fusion-button-default-type\" style=\"--button_accent_color:#ffffff;--button_accent_hover_color:#e8e8e8;--button_border_hover_color:#e8e8e8;--button_border_width-top:2px;--button_border_width-right:2px;--button_border_width-bottom:2px;--button_border_width-left:2px;--button_gradient_top_color:#ec1c24;--button_gradient_bottom_color:#ec1c24;--button_gradient_top_color_hover:#d80000;--button_gradient_bottom_color_hover:#d80000;--button_text_transform:none;\" target=\"_self\" href=\"\/international\/es\/asistencia\/piezas-de-repuesto\/\"><span class=\"fusion-button-text awb-button__text awb-button__text--default fusion-button-text-right\">M\u00e1s informaci\u00f3n<\/span><span class=\"fusion-button-icon-divider button-icon-divider-right\"><i class=\"fa-angle-right fas awb-button__icon awb-button__icon--default\" aria-hidden=\"true\"><\/i><\/span><\/a><\/div><\/div><\/div><\/div><\/div><\/div><div class=\"fusion-flip-box-wrapper fusion-column col-lg-4 col-md-4 col-sm-4\"><div class=\"fusion-flip-box flip-right fusion-animated\" tabindex=\"0\" data-animationType=\"slideInLeft\" data-animationDuration=\"0.1\" data-animationOffset=\"top-into-view\"><div class=\"flip-box-inner-wrapper\"><div class=\"flip-box-front\" style=\"--awb-border-color:#ec1c24;--awb-title-front-color:#ec1c24;--awb-text-front-color:#ec1c24;\"><div class=\"flip-box-front-inner\"><div class=\"flip-box-grafix flip-box-image\"><img decoding=\"async\" data-src=\"https:\/\/unimac.com\/international\/wp-content\/uploads\/sites\/2\/2019\/08\/maintenanceTips.png\" width=\"100\" height=\"85.11\" alt=\"\" src=\"data:image\/svg+xml;base64,PHN2ZyB3aWR0aD0iMSIgaGVpZ2h0PSIxIiB4bWxucz0iaHR0cDovL3d3dy53My5vcmcvMjAwMC9zdmciPjwvc3ZnPg==\" class=\"lazyload\" style=\"--smush-placeholder-width: 100px; --smush-placeholder-aspect-ratio: 100\/85;\" \/><\/div><\/p>\n<h3>Consejos de mantenimiento<\/h3>\n<p><\/div><\/div><div class=\"flip-box-back\" style=\"--awb-border-color:#ec1c24;--awb-background-color-back:#ec1c24;--awb-text-back-color:#ffffff;\"><div class=\"flip-box-back-inner\">Aseg\u00farese de que sus m\u00e1quinas UniMac alcancen un rendimiento m\u00e1ximo con estas sugerencias para un correcto mantenimiento e inspecci\u00f3n.<\/p>\n<div ><a class=\"fusion-button button-flat button-large button-custom fusion-button-default button-4 fusion-button-default-span fusion-button-default-type\" style=\"--button_accent_color:#ffffff;--button_accent_hover_color:#e8e8e8;--button_border_hover_color:#e8e8e8;--button_border_width-top:2px;--button_border_width-right:2px;--button_border_width-bottom:2px;--button_border_width-left:2px;--button_gradient_top_color:#ec1c24;--button_gradient_bottom_color:#ec1c24;--button_gradient_top_color_hover:#d80000;--button_gradient_bottom_color_hover:#d80000;--button_text_transform:none;\" target=\"_self\" href=\"\/international\/es\/asistencia\/consejos-de-mantenimiento\/\"><span class=\"fusion-button-text awb-button__text awb-button__text--default fusion-button-text-right\">M\u00e1s informaci\u00f3n<\/span><span class=\"fusion-button-icon-divider button-icon-divider-right\"><i class=\"fa-angle-right fas awb-button__icon awb-button__icon--default\" aria-hidden=\"true\"><\/i><\/span><\/a><\/div><\/div><\/div><\/div><\/div><\/div><div class=\"fusion-flip-box-wrapper fusion-column col-lg-4 col-md-4 col-sm-4\"><div class=\"fusion-flip-box flip-down fusion-animated\" tabindex=\"0\" data-animationType=\"slideInDown\" data-animationDuration=\"0.1\" data-animationOffset=\"top-into-view\"><div class=\"flip-box-inner-wrapper\"><div class=\"flip-box-front\" style=\"--awb-border-color:#ec1c24;--awb-title-front-color:#ec1c24;\"><div class=\"flip-box-front-inner\"><div class=\"flip-box-grafix flip-box-image\"><img decoding=\"async\" data-src=\"https:\/\/unimac.com\/international\/wp-content\/uploads\/sites\/2\/2019\/08\/laundryDesignServices.png\" width=\"100\" height=\"75.53\" alt=\"\" src=\"data:image\/svg+xml;base64,PHN2ZyB3aWR0aD0iMSIgaGVpZ2h0PSIxIiB4bWxucz0iaHR0cDovL3d3dy53My5vcmcvMjAwMC9zdmciPjwvc3ZnPg==\" class=\"lazyload\" style=\"--smush-placeholder-width: 100px; --smush-placeholder-aspect-ratio: 100\/75;\" \/><\/div><\/p>\n<h3>Sugerencias de seguridad<\/h3>\n<p><\/div><\/div><div class=\"flip-box-back\" style=\"--awb-border-color:#ec1c24;--awb-background-color-back:#ec1c24;--awb-text-back-color:#ffffff;\"><div class=\"flip-box-back-inner\">Consulte una lista completa de directrices y consejos de seguridad para sus m\u00e1quinas UniMac.<\/p>\n<div ><a class=\"fusion-button button-flat button-large button-custom fusion-button-default button-5 fusion-button-default-span fusion-button-default-type\" style=\"--button_accent_color:#ffffff;--button_accent_hover_color:#e8e8e8;--button_border_hover_color:#e8e8e8;--button_border_width-top:2px;--button_border_width-right:2px;--button_border_width-bottom:2px;--button_border_width-left:2px;--button_gradient_top_color:#ec1c24;--button_gradient_bottom_color:#ec1c24;--button_gradient_top_color_hover:#d80000;--button_gradient_bottom_color_hover:#d80000;--button_text_transform:none;\" target=\"_self\" href=\"\/international\/es\/asistencia\/sugerencias-de-seguridad\/\/\"><span class=\"fusion-button-text awb-button__text awb-button__text--default fusion-button-text-right\">M\u00e1s informaci\u00f3n<\/span><span class=\"fusion-button-icon-divider button-icon-divider-right\"><i class=\"fa-angle-right fas awb-button__icon awb-button__icon--default\" aria-hidden=\"true\"><\/i><\/span><\/a><\/div><\/div><\/div><\/div><\/div><\/div><\/div><\/div><\/div><div class=\"fusion-layout-column fusion_builder_column fusion-builder-column-2 fusion_builder_column_1_4 1_4 fusion-flex-column\" style=\"--awb-bg-size:cover;--awb-width-large:25%;--awb-margin-top-large:20px;--awb-spacing-right-large:7.68%;--awb-margin-bottom-large:20px;--awb-spacing-left-large:7.68%;--awb-width-medium:25%;--awb-spacing-right-medium:7.68%;--awb-spacing-left-medium:7.68%;--awb-width-small:100%;--awb-spacing-right-small:1.92%;--awb-spacing-left-small:1.92%;\"><div class=\"fusion-column-wrapper fusion-column-has-shadow fusion-flex-justify-content-flex-start fusion-content-layout-column\"><div class=\"fusion-widget-area awb-widget-area-element fusion-widget-area-1 fusion-content-widget-area\" style=\"--awb-title-size:26px;--awb-title-color:#6f727b;--awb-padding:0px 0px 0px 0px;\"><div id=\"nav_menu-3\" class=\"widget widget_nav_menu\"><div class=\"menu-service-and-support-spanish-container\"><ul id=\"menu-service-and-support-spanish\" class=\"menu\"><li id=\"menu-item-13342\" class=\"menu-item menu-item-type-post_type menu-item-object-page menu-item-13342\"><a href=\"https:\/\/unimac.com\/international\/es\/asistencia\/\">SERVICIO T\u00c9CNICO Y ASISTENCIA<\/a><\/li>\n<li id=\"menu-item-13343\" class=\"menu-item menu-item-type-post_type menu-item-object-page menu-item-13343\"><a href=\"https:\/\/unimac.com\/international\/es\/documentacion-tecnica\/\">Documentaci\u00f3n t\u00e9cnica<\/a><\/li>\n<li id=\"menu-item-13344\" class=\"menu-item menu-item-type-post_type menu-item-object-page menu-item-13344\"><a href=\"https:\/\/unimac.com\/international\/es\/arquitectos\/diseno-de-lavanderias\/\">Dise\u00f1o de lavander\u00edas<\/a><\/li>\n<li id=\"menu-item-13345\" class=\"menu-item menu-item-type-post_type menu-item-object-page menu-item-13345\"><a href=\"https:\/\/unimac.com\/international\/es\/asistencia\/piezas-de-repuesto\/\">Piezas de repuesto<\/a><\/li>\n<li id=\"menu-item-13346\" class=\"menu-item menu-item-type-post_type menu-item-object-page menu-item-13346\"><a href=\"https:\/\/unimac.com\/international\/es\/asistencia\/sugerencias-de-seguridad\/\">Sugerencias de seguridad<\/a><\/li>\n<\/ul><\/div><\/div><div class=\"fusion-additional-widget-content\"><\/div><\/div><div class=\"fusion-widget-area awb-widget-area-element fusion-widget-area-2 fusion-content-widget-area quick-links\" style=\"--awb-title-size:;--awb-title-color:#6f727b;--awb-padding:0px 0px 0px 0px;\"><div class=\"fusion-additional-widget-content\"><\/div><\/div>\n<\/div><\/div><\/div><\/div><div class=\"fusion-fullwidth fullwidth-box fusion-builder-row-3 fusion-flex-container global-footer nonhundred-percent-fullwidth non-hundred-percent-height-scrolling\" style=\"--awb-border-radius-top-left:0px;--awb-border-radius-top-right:0px;--awb-border-radius-bottom-right:0px;--awb-border-radius-bottom-left:0px;--awb-padding-top:30px;--awb-padding-right:0px;--awb-padding-bottom:30px;--awb-padding-left:0px;--awb-margin-bottom:-10px;--awb-background-color:#ec1c24;--awb-flex-wrap:wrap;\" ><\/div>\n<\/p>\n","protected":false},"excerpt":{"rendered":"","protected":false},"author":1,"featured_media":0,"parent":0,"menu_order":0,"comment_status":"closed","ping_status":"closed","template":"100-width.php","meta":{"inline_featured_image":false,"footnotes":""},"class_list":["post-13045","page","type-page","status-publish","hentry"],"yoast_head":"<!-- This site is optimized with the Yoast SEO Premium plugin v23.4 (Yoast SEO v26.2) - https:\/\/yoast.com\/wordpress\/plugins\/seo\/ -->\n<title>Servicio t\u00e9cnico y asistencia | UniMac International<\/title>\n<meta name=\"description\" content=\"Documentaci\u00f3n t\u00e9cnica de UniMac, los servicios de dise\u00f1o de lavander\u00eda, repuestos, mantenimiento y consejos de seguridad\" \/>\n<meta name=\"robots\" content=\"index, follow, max-snippet:-1, max-image-preview:large, max-video-preview:-1\" \/>\n<link rel=\"canonical\" href=\"https:\/\/unimac.com\/international\/es\/asistencia\/\" \/>\n<meta property=\"og:locale\" content=\"es_ES\" \/>\n<meta property=\"og:type\" content=\"article\" \/>\n<meta property=\"og:title\" content=\"SERVICIO T\u00c9CNICO Y ASISTENCIA\" \/>\n<meta property=\"og:description\" content=\"Documentaci\u00f3n t\u00e9cnica de UniMac, los servicios de dise\u00f1o de lavander\u00eda, repuestos, mantenimiento y consejos de seguridad\" \/>\n<meta property=\"og:url\" content=\"https:\/\/unimac.com\/international\/es\/asistencia\/\" \/>\n<meta property=\"og:site_name\" content=\"Unimac International\" \/>\n<meta property=\"article:modified_time\" content=\"2021-02-10T17:46:03+00:00\" \/>\n<meta name=\"twitter:card\" content=\"summary_large_image\" \/>\n<meta name=\"twitter:label1\" content=\"Tiempo de lectura\" \/>\n\t<meta name=\"twitter:data1\" content=\"9 minutos\" \/>\n<script type=\"application\/ld+json\" class=\"yoast-schema-graph\">{\"@context\":\"https:\/\/schema.org\",\"@graph\":[{\"@type\":\"WebPage\",\"@id\":\"https:\/\/unimac.com\/international\/es\/asistencia\/\",\"url\":\"https:\/\/unimac.com\/international\/es\/asistencia\/\",\"name\":\"Servicio t\u00e9cnico y asistencia | UniMac International\",\"isPartOf\":{\"@id\":\"https:\/\/unimac.com\/international\/#website\"},\"datePublished\":\"2019-08-04T18:03:56+00:00\",\"dateModified\":\"2021-02-10T17:46:03+00:00\",\"description\":\"Documentaci\u00f3n t\u00e9cnica de UniMac, los servicios de dise\u00f1o de lavander\u00eda, repuestos, mantenimiento y consejos de seguridad\",\"breadcrumb\":{\"@id\":\"https:\/\/unimac.com\/international\/es\/asistencia\/#breadcrumb\"},\"inLanguage\":\"es\",\"potentialAction\":[{\"@type\":\"ReadAction\",\"target\":[\"https:\/\/unimac.com\/international\/es\/asistencia\/\"]}]},{\"@type\":\"BreadcrumbList\",\"@id\":\"https:\/\/unimac.com\/international\/es\/asistencia\/#breadcrumb\",\"itemListElement\":[{\"@type\":\"ListItem\",\"position\":1,\"name\":\"Home\",\"item\":\"https:\/\/unimac.com\/international\/es\/\"},{\"@type\":\"ListItem\",\"position\":2,\"name\":\"SERVICIO T\u00c9CNICO Y ASISTENCIA\"}]},{\"@type\":\"WebSite\",\"@id\":\"https:\/\/unimac.com\/international\/#website\",\"url\":\"https:\/\/unimac.com\/international\/\",\"name\":\"Unimac International\",\"description\":\"Maximum Performance\",\"publisher\":{\"@id\":\"https:\/\/unimac.com\/international\/#organization\"},\"potentialAction\":[{\"@type\":\"SearchAction\",\"target\":{\"@type\":\"EntryPoint\",\"urlTemplate\":\"https:\/\/unimac.com\/international\/?s={search_term_string}\"},\"query-input\":{\"@type\":\"PropertyValueSpecification\",\"valueRequired\":true,\"valueName\":\"search_term_string\"}}],\"inLanguage\":\"es\"},{\"@type\":\"Organization\",\"@id\":\"https:\/\/unimac.com\/international\/#organization\",\"name\":\"UniMac International\",\"url\":\"https:\/\/unimac.com\/international\/\",\"logo\":{\"@type\":\"ImageObject\",\"inLanguage\":\"es\",\"@id\":\"https:\/\/unimac.com\/international\/#\/schema\/logo\/image\/\",\"url\":\"https:\/\/unimac.com\/international\/wp-content\/uploads\/sites\/2\/2019\/07\/logo.png\",\"contentUrl\":\"https:\/\/unimac.com\/international\/wp-content\/uploads\/sites\/2\/2019\/07\/logo.png\",\"width\":200,\"height\":73,\"caption\":\"UniMac International\"},\"image\":{\"@id\":\"https:\/\/unimac.com\/international\/#\/schema\/logo\/image\/\"}}]}<\/script>\n<!-- \/ Yoast SEO Premium plugin. -->","yoast_head_json":{"title":"Servicio t\u00e9cnico y asistencia | UniMac International","description":"Documentaci\u00f3n t\u00e9cnica de UniMac, los servicios de dise\u00f1o de lavander\u00eda, repuestos, mantenimiento y consejos de seguridad","robots":{"index":"index","follow":"follow","max-snippet":"max-snippet:-1","max-image-preview":"max-image-preview:large","max-video-preview":"max-video-preview:-1"},"canonical":"https:\/\/unimac.com\/international\/es\/asistencia\/","og_locale":"es_ES","og_type":"article","og_title":"SERVICIO T\u00c9CNICO Y ASISTENCIA","og_description":"Documentaci\u00f3n t\u00e9cnica de UniMac, los servicios de dise\u00f1o de lavander\u00eda, repuestos, mantenimiento y consejos de seguridad","og_url":"https:\/\/unimac.com\/international\/es\/asistencia\/","og_site_name":"Unimac International","article_modified_time":"2021-02-10T17:46:03+00:00","twitter_card":"summary_large_image","twitter_misc":{"Tiempo de lectura":"9 minutos"},"schema":{"@context":"https:\/\/schema.org","@graph":[{"@type":"WebPage","@id":"https:\/\/unimac.com\/international\/es\/asistencia\/","url":"https:\/\/unimac.com\/international\/es\/asistencia\/","name":"Servicio t\u00e9cnico y asistencia | UniMac International","isPartOf":{"@id":"https:\/\/unimac.com\/international\/#website"},"datePublished":"2019-08-04T18:03:56+00:00","dateModified":"2021-02-10T17:46:03+00:00","description":"Documentaci\u00f3n t\u00e9cnica de UniMac, los servicios de dise\u00f1o de lavander\u00eda, repuestos, mantenimiento y consejos de seguridad","breadcrumb":{"@id":"https:\/\/unimac.com\/international\/es\/asistencia\/#breadcrumb"},"inLanguage":"es","potentialAction":[{"@type":"ReadAction","target":["https:\/\/unimac.com\/international\/es\/asistencia\/"]}]},{"@type":"BreadcrumbList","@id":"https:\/\/unimac.com\/international\/es\/asistencia\/#breadcrumb","itemListElement":[{"@type":"ListItem","position":1,"name":"Home","item":"https:\/\/unimac.com\/international\/es\/"},{"@type":"ListItem","position":2,"name":"SERVICIO T\u00c9CNICO Y ASISTENCIA"}]},{"@type":"WebSite","@id":"https:\/\/unimac.com\/international\/#website","url":"https:\/\/unimac.com\/international\/","name":"Unimac International","description":"Maximum Performance","publisher":{"@id":"https:\/\/unimac.com\/international\/#organization"},"potentialAction":[{"@type":"SearchAction","target":{"@type":"EntryPoint","urlTemplate":"https:\/\/unimac.com\/international\/?s={search_term_string}"},"query-input":{"@type":"PropertyValueSpecification","valueRequired":true,"valueName":"search_term_string"}}],"inLanguage":"es"},{"@type":"Organization","@id":"https:\/\/unimac.com\/international\/#organization","name":"UniMac International","url":"https:\/\/unimac.com\/international\/","logo":{"@type":"ImageObject","inLanguage":"es","@id":"https:\/\/unimac.com\/international\/#\/schema\/logo\/image\/","url":"https:\/\/unimac.com\/international\/wp-content\/uploads\/sites\/2\/2019\/07\/logo.png","contentUrl":"https:\/\/unimac.com\/international\/wp-content\/uploads\/sites\/2\/2019\/07\/logo.png","width":200,"height":73,"caption":"UniMac International"},"image":{"@id":"https:\/\/unimac.com\/international\/#\/schema\/logo\/image\/"}}]}},"_links":{"self":[{"href":"https:\/\/unimac.com\/international\/es\/wp-json\/wp\/v2\/pages\/13045","targetHints":{"allow":["GET"]}}],"collection":[{"href":"https:\/\/unimac.com\/international\/es\/wp-json\/wp\/v2\/pages"}],"about":[{"href":"https:\/\/unimac.com\/international\/es\/wp-json\/wp\/v2\/types\/page"}],"author":[{"embeddable":true,"href":"https:\/\/unimac.com\/international\/es\/wp-json\/wp\/v2\/users\/1"}],"replies":[{"embeddable":true,"href":"https:\/\/unimac.com\/international\/es\/wp-json\/wp\/v2\/comments?post=13045"}],"version-history":[{"count":5,"href":"https:\/\/unimac.com\/international\/es\/wp-json\/wp\/v2\/pages\/13045\/revisions"}],"predecessor-version":[{"id":13157,"href":"https:\/\/unimac.com\/international\/es\/wp-json\/wp\/v2\/pages\/13045\/revisions\/13157"}],"wp:attachment":[{"href":"https:\/\/unimac.com\/international\/es\/wp-json\/wp\/v2\/media?parent=13045"}],"curies":[{"name":"wp","href":"https:\/\/api.w.org\/{rel}","templated":true}]}}