{"id":19671,"date":"2021-09-29T12:09:02","date_gmt":"2021-09-29T12:09:02","guid":{"rendered":"https:\/\/unimac.com\/international\/?page_id=19671"},"modified":"2021-09-29T12:11:39","modified_gmt":"2021-09-29T12:11:39","slug":"condiciones-de-uso","status":"publish","type":"page","link":"https:\/\/unimac.com\/international\/es\/quienes-somos\/condiciones-de-uso\/","title":{"rendered":"Condiciones de uso"},"content":{"rendered":"<p><div class=\"fusion-fullwidth fullwidth-box fusion-builder-row-1 fusion-flex-container nonhundred-percent-fullwidth non-hundred-percent-height-scrolling\" style=\"--awb-border-radius-top-left:0px;--awb-border-radius-top-right:0px;--awb-border-radius-bottom-right:0px;--awb-border-radius-bottom-left:0px;--awb-flex-wrap:wrap;\" ><div class=\"fusion-builder-row fusion-row fusion-flex-align-items-flex-start fusion-flex-content-wrap\" style=\"max-width:1216.8px;margin-left: calc(-4% \/ 2 );margin-right: calc(-4% \/ 2 );\"><div class=\"fusion-layout-column fusion_builder_column fusion-builder-column-0 fusion_builder_column_1_6 1_6 fusion-flex-column\" style=\"--awb-bg-size:cover;--awb-width-large:16.666666666667%;--awb-margin-top-large:20px;--awb-spacing-right-large:11.52%;--awb-margin-bottom-large:20px;--awb-spacing-left-large:11.52%;--awb-width-medium:16.666666666667%;--awb-spacing-right-medium:11.52%;--awb-spacing-left-medium:11.52%;--awb-width-small:100%;--awb-spacing-right-small:1.92%;--awb-spacing-left-small:1.92%;\"><div class=\"fusion-column-wrapper fusion-column-has-shadow fusion-flex-justify-content-flex-start fusion-content-layout-column\"><div class=\"fusion-widget-area awb-widget-area-element fusion-widget-area-1 fusion-content-widget-area wig\" style=\"--awb-title-size:30px;--awb-title-color:#ec1c24;--awb-padding:0px 0px 0px 0px;\"><div class=\"fusion-additional-widget-content\"><\/div><\/div>\n<\/div><\/div><div class=\"fusion-layout-column fusion_builder_column fusion-builder-column-1 fusion_builder_column_5_6 5_6 fusion-flex-column\" style=\"--awb-bg-size:cover;--awb-width-large:83.333333333333%;--awb-margin-top-large:20px;--awb-spacing-right-large:2.304%;--awb-margin-bottom-large:20px;--awb-spacing-left-large:2.304%;--awb-width-medium:83.333333333333%;--awb-spacing-right-medium:2.304%;--awb-spacing-left-medium:2.304%;--awb-width-small:100%;--awb-spacing-right-small:1.92%;--awb-spacing-left-small:1.92%;\" id=\"terms\"><div class=\"fusion-column-wrapper fusion-column-has-shadow fusion-flex-justify-content-flex-start fusion-content-layout-column\"><div class=\"fusion-text fusion-text-1\"><h2 class=\"fusion-responsive-typography-calculated\" data-fontsize=\"18\" data-lineheight=\"27px\">Unimac mantiene este sitio web como un servicio para la comunidad de Internet. El contenido (im\u00e1genes y texto) utilizado por Unimac en este sitio tiene derechos reservados.<\/h2>\n<p>Dicho contenido puede descargarse \u00fanicamente para mejorar el marketing y las ventas de los productos y servicios de Unimac, no pudiendo copiarse ni modificarse para otros fines.<\/p>\n<p>Unimac se esforzar\u00e1, en la medida de lo razonable, por incluir en el sitio informaci\u00f3n precisa y actualizada, si bien no proporciona ninguna garant\u00eda ni declaraci\u00f3n de su exactitud o integridad. Unimac no ser\u00e1 responsable de ning\u00fan da\u00f1o de cualquier tipo que pueda producirse por el acceso o la imposibilidad de acceso del usuario a www.unimac.com o por su confianza en la informaci\u00f3n contenida en www.unimac.com.<br \/>\nUnimac no se responsabiliza de los sitios web a los que se acceda a trav\u00e9s de determinados enlaces contenidos en el sitio www.unimac.com.<\/p>\n<p>Cualquier informaci\u00f3n no personal, comunicaciones o material que env\u00ede a www.unimac.com o a Unimac por correo electr\u00f3nico se considera no confidencial. Unimac se reserva el derecho de utilizar y reproducir dicha informaci\u00f3n libremente y para cualquier fin. En concreto, Unimac se reserva el derecho de utilizar cualquier idea, concepto, conocimiento o t\u00e9cnica contenida en dicha informaci\u00f3n para cualquier fin, incluido el desarrollo, fabricaci\u00f3n o comercializaci\u00f3n de productos. La informaci\u00f3n que env\u00ede a esta web deber\u00e1 ser veraz y no vulnerar\u00e1 el derecho de terceros ni la legalidad vigente.<\/p>\n<p>La consideraci\u00f3n de marca registrada se aplica \u00fanicamente a las marcas registradas en Estados Unidos. La situaci\u00f3n y consideraci\u00f3n de marcas registradas puede variar seg\u00fan el pa\u00eds.<\/p>\n<p>Este Contrato se regir\u00e1 e interpretar\u00e1 de acuerdo con la legislaci\u00f3n del estado de Wisconsin sin dar efecto a ning\u00fan principio de conflicto de leyes. Si alguna disposici\u00f3n del presente Contrato se considera ilegal, nula o no pudiera cumplirse por cualquier raz\u00f3n, dicha disposici\u00f3n quedar\u00eda desvinculada de este Contrato y no afectar\u00e1 a la validez o aplicabilidad de las disposiciones restantes. Este Sitio web es controlado y gestionado por Unimac desde sus oficinas del estado de Wisconsin, Estados Unidos de Am\u00e9rica.<\/p>\n<p>Unimac se reserva el derecho a retirar cualquier producto indicado en este sitio y a cambiar esta declaraci\u00f3n legal en cualquier momento, as\u00ed como a retirar cualquier publicaci\u00f3n que considere ofensiva, provocativa, inexacta o despectiva de cualquier modo sobre Unimac o sus productos.<\/p>\n<\/div><\/div><\/div><\/div><\/div><div class=\"fusion-fullwidth fullwidth-box fusion-builder-row-2 fusion-flex-container global-footer nonhundred-percent-fullwidth non-hundred-percent-height-scrolling\" style=\"--awb-border-radius-top-left:0px;--awb-border-radius-top-right:0px;--awb-border-radius-bottom-right:0px;--awb-border-radius-bottom-left:0px;--awb-padding-top:30px;--awb-padding-right:0px;--awb-padding-bottom:30px;--awb-padding-left:0px;--awb-margin-bottom:-10px;--awb-background-color:#ec1c24;--awb-flex-wrap:wrap;\" ><\/div>\n<\/p>\n","protected":false},"excerpt":{"rendered":"","protected":false},"author":9,"featured_media":0,"parent":12868,"menu_order":0,"comment_status":"closed","ping_status":"closed","template":"100-width.php","meta":{"inline_featured_image":false,"footnotes":""},"class_list":["post-19671","page","type-page","status-publish","hentry"],"yoast_head":"<!-- This site is optimized with the Yoast SEO Premium plugin v23.4 (Yoast SEO v26.2) - https:\/\/yoast.com\/wordpress\/plugins\/seo\/ -->\n<title>Condiciones de uso - Unimac International<\/title>\n<meta name=\"description\" content=\"Unimac mantiene este sitio web como un servicio para la comunidad de Internet. El contenido (im\u00e1genes y texto) utilizado por Unimac en este sitio tiene derechos reservados.\" \/>\n<meta name=\"robots\" content=\"index, follow, max-snippet:-1, max-image-preview:large, max-video-preview:-1\" \/>\n<link rel=\"canonical\" href=\"https:\/\/unimac.com\/international\/es\/quienes-somos\/condiciones-de-uso\/\" \/>\n<meta property=\"og:locale\" content=\"es_ES\" \/>\n<meta property=\"og:type\" content=\"article\" \/>\n<meta property=\"og:title\" content=\"Condiciones de uso\" \/>\n<meta property=\"og:description\" content=\"Unimac mantiene este sitio web como un servicio para la comunidad de Internet. El contenido (im\u00e1genes y texto) utilizado por Unimac en este sitio tiene derechos reservados.\" \/>\n<meta property=\"og:url\" content=\"https:\/\/unimac.com\/international\/es\/quienes-somos\/condiciones-de-uso\/\" \/>\n<meta property=\"og:site_name\" content=\"Unimac International\" \/>\n<meta property=\"article:modified_time\" content=\"2021-09-29T12:11:39+00:00\" \/>\n<meta name=\"twitter:card\" content=\"summary_large_image\" \/>\n<meta name=\"twitter:label1\" content=\"Tiempo de lectura\" \/>\n\t<meta name=\"twitter:data1\" content=\"4 minutos\" \/>\n<script type=\"application\/ld+json\" class=\"yoast-schema-graph\">{\"@context\":\"https:\/\/schema.org\",\"@graph\":[{\"@type\":\"WebPage\",\"@id\":\"https:\/\/unimac.com\/international\/es\/quienes-somos\/condiciones-de-uso\/\",\"url\":\"https:\/\/unimac.com\/international\/es\/quienes-somos\/condiciones-de-uso\/\",\"name\":\"Condiciones de uso - Unimac International\",\"isPartOf\":{\"@id\":\"https:\/\/unimac.com\/international\/#website\"},\"datePublished\":\"2021-09-29T12:09:02+00:00\",\"dateModified\":\"2021-09-29T12:11:39+00:00\",\"description\":\"Unimac mantiene este sitio web como un servicio para la comunidad de Internet. El contenido (im\u00e1genes y texto) utilizado por Unimac en este sitio tiene derechos reservados.\",\"breadcrumb\":{\"@id\":\"https:\/\/unimac.com\/international\/es\/quienes-somos\/condiciones-de-uso\/#breadcrumb\"},\"inLanguage\":\"es\",\"potentialAction\":[{\"@type\":\"ReadAction\",\"target\":[\"https:\/\/unimac.com\/international\/es\/quienes-somos\/condiciones-de-uso\/\"]}]},{\"@type\":\"BreadcrumbList\",\"@id\":\"https:\/\/unimac.com\/international\/es\/quienes-somos\/condiciones-de-uso\/#breadcrumb\",\"itemListElement\":[{\"@type\":\"ListItem\",\"position\":1,\"name\":\"Home\",\"item\":\"https:\/\/unimac.com\/international\/es\/\"},{\"@type\":\"ListItem\",\"position\":2,\"name\":\"Qui\u00e9nes somos\",\"item\":\"https:\/\/unimac.com\/international\/es\/quienes-somos\/\"},{\"@type\":\"ListItem\",\"position\":3,\"name\":\"Condiciones de uso\"}]},{\"@type\":\"WebSite\",\"@id\":\"https:\/\/unimac.com\/international\/#website\",\"url\":\"https:\/\/unimac.com\/international\/\",\"name\":\"Unimac International\",\"description\":\"Maximum Performance\",\"publisher\":{\"@id\":\"https:\/\/unimac.com\/international\/#organization\"},\"potentialAction\":[{\"@type\":\"SearchAction\",\"target\":{\"@type\":\"EntryPoint\",\"urlTemplate\":\"https:\/\/unimac.com\/international\/?s={search_term_string}\"},\"query-input\":{\"@type\":\"PropertyValueSpecification\",\"valueRequired\":true,\"valueName\":\"search_term_string\"}}],\"inLanguage\":\"es\"},{\"@type\":\"Organization\",\"@id\":\"https:\/\/unimac.com\/international\/#organization\",\"name\":\"UniMac International\",\"url\":\"https:\/\/unimac.com\/international\/\",\"logo\":{\"@type\":\"ImageObject\",\"inLanguage\":\"es\",\"@id\":\"https:\/\/unimac.com\/international\/#\/schema\/logo\/image\/\",\"url\":\"https:\/\/unimac.com\/international\/wp-content\/uploads\/sites\/2\/2019\/07\/logo.png\",\"contentUrl\":\"https:\/\/unimac.com\/international\/wp-content\/uploads\/sites\/2\/2019\/07\/logo.png\",\"width\":200,\"height\":73,\"caption\":\"UniMac International\"},\"image\":{\"@id\":\"https:\/\/unimac.com\/international\/#\/schema\/logo\/image\/\"}}]}<\/script>\n<!-- \/ Yoast SEO Premium plugin. -->","yoast_head_json":{"title":"Condiciones de uso - Unimac International","description":"Unimac mantiene este sitio web como un servicio para la comunidad de Internet. El contenido (im\u00e1genes y texto) utilizado por Unimac en este sitio tiene derechos reservados.","robots":{"index":"index","follow":"follow","max-snippet":"max-snippet:-1","max-image-preview":"max-image-preview:large","max-video-preview":"max-video-preview:-1"},"canonical":"https:\/\/unimac.com\/international\/es\/quienes-somos\/condiciones-de-uso\/","og_locale":"es_ES","og_type":"article","og_title":"Condiciones de uso","og_description":"Unimac mantiene este sitio web como un servicio para la comunidad de Internet. El contenido (im\u00e1genes y texto) utilizado por Unimac en este sitio tiene derechos reservados.","og_url":"https:\/\/unimac.com\/international\/es\/quienes-somos\/condiciones-de-uso\/","og_site_name":"Unimac International","article_modified_time":"2021-09-29T12:11:39+00:00","twitter_card":"summary_large_image","twitter_misc":{"Tiempo de lectura":"4 minutos"},"schema":{"@context":"https:\/\/schema.org","@graph":[{"@type":"WebPage","@id":"https:\/\/unimac.com\/international\/es\/quienes-somos\/condiciones-de-uso\/","url":"https:\/\/unimac.com\/international\/es\/quienes-somos\/condiciones-de-uso\/","name":"Condiciones de uso - Unimac International","isPartOf":{"@id":"https:\/\/unimac.com\/international\/#website"},"datePublished":"2021-09-29T12:09:02+00:00","dateModified":"2021-09-29T12:11:39+00:00","description":"Unimac mantiene este sitio web como un servicio para la comunidad de Internet. El contenido (im\u00e1genes y texto) utilizado por Unimac en este sitio tiene derechos reservados.","breadcrumb":{"@id":"https:\/\/unimac.com\/international\/es\/quienes-somos\/condiciones-de-uso\/#breadcrumb"},"inLanguage":"es","potentialAction":[{"@type":"ReadAction","target":["https:\/\/unimac.com\/international\/es\/quienes-somos\/condiciones-de-uso\/"]}]},{"@type":"BreadcrumbList","@id":"https:\/\/unimac.com\/international\/es\/quienes-somos\/condiciones-de-uso\/#breadcrumb","itemListElement":[{"@type":"ListItem","position":1,"name":"Home","item":"https:\/\/unimac.com\/international\/es\/"},{"@type":"ListItem","position":2,"name":"Qui\u00e9nes somos","item":"https:\/\/unimac.com\/international\/es\/quienes-somos\/"},{"@type":"ListItem","position":3,"name":"Condiciones de uso"}]},{"@type":"WebSite","@id":"https:\/\/unimac.com\/international\/#website","url":"https:\/\/unimac.com\/international\/","name":"Unimac International","description":"Maximum Performance","publisher":{"@id":"https:\/\/unimac.com\/international\/#organization"},"potentialAction":[{"@type":"SearchAction","target":{"@type":"EntryPoint","urlTemplate":"https:\/\/unimac.com\/international\/?s={search_term_string}"},"query-input":{"@type":"PropertyValueSpecification","valueRequired":true,"valueName":"search_term_string"}}],"inLanguage":"es"},{"@type":"Organization","@id":"https:\/\/unimac.com\/international\/#organization","name":"UniMac International","url":"https:\/\/unimac.com\/international\/","logo":{"@type":"ImageObject","inLanguage":"es","@id":"https:\/\/unimac.com\/international\/#\/schema\/logo\/image\/","url":"https:\/\/unimac.com\/international\/wp-content\/uploads\/sites\/2\/2019\/07\/logo.png","contentUrl":"https:\/\/unimac.com\/international\/wp-content\/uploads\/sites\/2\/2019\/07\/logo.png","width":200,"height":73,"caption":"UniMac International"},"image":{"@id":"https:\/\/unimac.com\/international\/#\/schema\/logo\/image\/"}}]}},"_links":{"self":[{"href":"https:\/\/unimac.com\/international\/es\/wp-json\/wp\/v2\/pages\/19671","targetHints":{"allow":["GET"]}}],"collection":[{"href":"https:\/\/unimac.com\/international\/es\/wp-json\/wp\/v2\/pages"}],"about":[{"href":"https:\/\/unimac.com\/international\/es\/wp-json\/wp\/v2\/types\/page"}],"author":[{"embeddable":true,"href":"https:\/\/unimac.com\/international\/es\/wp-json\/wp\/v2\/users\/9"}],"replies":[{"embeddable":true,"href":"https:\/\/unimac.com\/international\/es\/wp-json\/wp\/v2\/comments?post=19671"}],"version-history":[{"count":3,"href":"https:\/\/unimac.com\/international\/es\/wp-json\/wp\/v2\/pages\/19671\/revisions"}],"predecessor-version":[{"id":19694,"href":"https:\/\/unimac.com\/international\/es\/wp-json\/wp\/v2\/pages\/19671\/revisions\/19694"}],"up":[{"embeddable":true,"href":"https:\/\/unimac.com\/international\/es\/wp-json\/wp\/v2\/pages\/12868"}],"wp:attachment":[{"href":"https:\/\/unimac.com\/international\/es\/wp-json\/wp\/v2\/media?parent=19671"}],"curies":[{"name":"wp","href":"https:\/\/api.w.org\/{rel}","templated":true}]}}