{"id":21509,"date":"2026-05-13T16:37:40","date_gmt":"2026-05-13T16:37:40","guid":{"rendered":"https:\/\/unimac.com\/international\/?page_id=21509"},"modified":"2026-05-13T18:01:47","modified_gmt":"2026-05-13T18:01:47","slug":"cookies","status":"publish","type":"page","link":"https:\/\/unimac.com\/international\/es\/quienes-somos\/cookies\/","title":{"rendered":"cookies"},"content":{"rendered":"<div class=\"fusion-fullwidth fullwidth-box fusion-builder-row-1 fusion-flex-container nonhundred-percent-fullwidth non-hundred-percent-height-scrolling\" style=\"--awb-border-radius-top-left:0px;--awb-border-radius-top-right:0px;--awb-border-radius-bottom-right:0px;--awb-border-radius-bottom-left:0px;--awb-flex-wrap:wrap;\" ><div class=\"fusion-builder-row fusion-row fusion-flex-align-items-flex-start fusion-flex-content-wrap\" style=\"max-width:1216.8px;margin-left: calc(-4% \/ 2 );margin-right: calc(-4% \/ 2 );\"><div class=\"fusion-layout-column fusion_builder_column fusion-builder-column-0 fusion_builder_column_1_1 1_1 fusion-flex-column\" style=\"--awb-bg-size:cover;--awb-width-large:100%;--awb-margin-top-large:0px;--awb-spacing-right-large:1.92%;--awb-margin-bottom-large:0px;--awb-spacing-left-large:1.92%;--awb-width-medium:100%;--awb-spacing-right-medium:1.92%;--awb-spacing-left-medium:1.92%;--awb-width-small:100%;--awb-spacing-right-small:1.92%;--awb-spacing-left-small:1.92%;\"><div class=\"fusion-column-wrapper fusion-flex-justify-content-flex-start fusion-content-layout-column\"><div class=\"fusion-text fusion-text-1\"><div class=\"als-cookies-page als-pp-wrapper\">\n<p>Esta p\u00e1gina explica qu\u00e9 son las cookies, c\u00f3mo las utiliza UniMac en este sitio web y c\u00f3mo puede gestionar sus preferencias. Esta p\u00e1gina se actualiza cada vez que cambia nuestro uso de cookies.<\/p>\n<p><strong>\u00daltima revisi\u00f3n:<\/strong> Mayo 2026 \u00a0|\u00a0 <strong>Gestor de consentimiento:<\/strong> TrustArc | <strong>Fuente del an\u00e1lisis:<\/strong> Auditor\u00eda de cookies TrustArc \u00a0|\u00a0 <strong>V\u00eddeos de YouTube:<\/strong> Modo de privacidad mejorada (youtube-nocookie.com)<\/p>\n<hr \/>\n<h2>\u00bfQu\u00e9 son las cookies?<\/h2>\n<p>Las cookies son peque\u00f1os archivos de texto que se colocan en su dispositivo cuando visita un sitio web. Ayudan a los sitios a funcionar correctamente, recuerdan sus preferencias y proporcionan informaci\u00f3n a los propietarios del sitio sobre c\u00f3mo se utiliza. Las cookies no pueden ejecutar programas ni entregar virus a su dispositivo.<\/p>\n<p>Algunas cookies las establecemos nosotros (cookies de origen). Otras las establecen servicios de terceros que utilizamos, como Google Analytics, LinkedIn o YouTube. Estas se denominan cookies de terceros.<\/p>\n<hr \/>\n<h2>C\u00f3mo utiliza UniMac las cookies<\/h2>\n<p>UniMac utiliza cookies para garantizar que este sitio funcione correctamente, para comprender c\u00f3mo lo utilizan los visitantes y \u2014 cuando usted ha dado su consentimiento \u2014 para ofrecer contenido y publicidad relevantes. Nuestro consentimiento de cookies est\u00e1 gestionado por <strong>TrustArc Consent Manager<\/strong>.<\/p>\n<p>Puede revisar y actualizar sus preferencias de cookies en cualquier momento haciendo clic en <strong>Preferencias de Cookies<\/strong> en el pie de p\u00e1gina de cualquier p\u00e1gina de este sitio.<\/p>\n<hr \/>\n<h2>Lista de cookies<\/h2>\n<p>La siguiente lista muestra todas las cookies activas en este sitio, organizadas en cinco niveles de consentimiento gestionados por <strong>TrustArc Consent Manager<\/strong>. Los niveles 2 a 5 requieren su consentimiento antes de que se coloque cualquier cookie de ese nivel en su dispositivo.<\/p>\n<div class=\"als-cookies-tracker\" style=\"width:100%;overflow:hidden;\"><iframe data-src=\"https:\/\/tracker-detail-page.trustarc.com\/?domain=10555&#038;category=0&#038;locale=es\" title=\"Cookie Disclosure\" style=\"width:100%;min-height:600px;border:none;\" allowtransparency=\"true\" src=\"data:image\/svg+xml;base64,PHN2ZyB3aWR0aD0iMSIgaGVpZ2h0PSIxIiB4bWxucz0iaHR0cDovL3d3dy53My5vcmcvMjAwMC9zdmciPjwvc3ZnPg==\" class=\"lazyload\" data-load-mode=\"1\"><\/iframe><\/div>\n<hr \/>\n<h2>Gesti\u00f3n de sus preferencias de cookies<\/h2>\n<p>Puede cambiar o retirar su consentimiento en cualquier momento. La retirada del consentimiento no afectar\u00e1 a la licitud de ning\u00fan tratamiento realizado antes de dicha retirada.<\/p>\n<p><strong>Para actualizar sus preferencias en este sitio:<\/strong> Haga clic en el enlace <strong>Preferencias de Cookies<\/strong> en el pie de p\u00e1gina de cualquier p\u00e1gina. Se abrir\u00e1 el centro de preferencias de TrustArc Consent Manager, permiti\u00e9ndole aceptar o rechazar cookies por categor\u00eda.<\/p>\n<p><strong>Para visitantes de EE. UU.:<\/strong> Puede optar por no participar en la venta o el intercambio de su informaci\u00f3n personal haciendo clic en <strong>No vender ni compartir mi informaci\u00f3n personal<\/strong> en el pie de p\u00e1gina.<\/p>\n<p><strong>A trav\u00e9s de su navegador:<\/strong> Puede controlar y eliminar cookies a trav\u00e9s de la configuraci\u00f3n de su navegador.<\/p>\n<hr \/>\n<h2>Cambios en esta p\u00e1gina<\/h2>\n<p>Actualizamos esta p\u00e1gina cuando se introducen nuevas cookies, las cookies existentes cambian o se interrumpe el uso de cookies. Si tiene preguntas sobre nuestro uso de cookies, consulte nuestra <a href=\"..\/privacy-policy\/\">Pol\u00edtica de Privacidad<\/a> o cont\u00e1ctenos a trav\u00e9s de los datos proporcionados en ella.<\/p>\n<\/div>\n<\/div><\/div><\/div><\/div><\/div>\n<hr \/>\n<div class=\"als-regional-sections\">\n<h2>Sus derechos de privacidad<\/h2>\n<p>Para enviar una solicitud de derechos de privacidad, utilice nuestro Formulario de solicitud.<\/p>\n<p><a href=\"https:\/\/submit-irm.trustarc.com\/services\/validation\/cfb455e9-9fb7-4a95-a36c-9a7b2a56064b\" target=\"_blank\" rel=\"noopener noreferrer\">Enviar una solicitud &rarr;<\/a><\/p>\n    <div class='als-irm-badges' style='margin-top:20px; text-align:center; display:flex; flex-direction:column; align-items:center; gap:8px;'>\n\n        <!-- Individual Rights \u2014 all regions -->\n        <a href='https:\/\/submit-irm.trustarc.com\/services\/validation\/cfb455e9-9fb7-4a95-a36c-9a7b2a56064b' target='_blank' rel='noopener noreferrer'\n           aria-label='Submit a privacy rights request'>\n            <img data-src='https:\/\/unimac.com\/international\/wp-content\/uploads\/als-irm\/Seal.svg'\n                 alt='Individual Rights Manager - Powered by TrustArc'\n                 style='border:none; display:inline-block;' src='data:image\/svg+xml;base64,PHN2ZyB3aWR0aD0iMSIgaGVpZ2h0PSIxIiB4bWxucz0iaHR0cDovL3d3dy53My5vcmcvMjAwMC9zdmciPjwvc3ZnPg==' class='lazyload' \/>\n        <\/a>\n\n        <!-- Do Not Sell or Share \u2014 US \/ CCPA-CPRA only, hidden by default -->\n        <a class='als-irm-dnsms' href='https:\/\/submit-irm.trustarc.com\/services\/validation\/cfb455e9-9fb7-4a95-a36c-9a7b2a56064b' target='_blank'\n           rel='noopener noreferrer' style='display:none;'\n           aria-label='Do Not Sell or Share My Personal Information'>\n            <img data-src='https:\/\/unimac.com\/international\/wp-content\/uploads\/als-irm\/DoNotSellOrShareSeal.svg'\n                 alt='Do Not Sell or Share My Personal Information - Powered by TrustArc'\n                 style='border:none; display:inline-block;' src='data:image\/svg+xml;base64,PHN2ZyB3aWR0aD0iMSIgaGVpZ2h0PSIxIiB4bWxucz0iaHR0cDovL3d3dy53My5vcmcvMjAwMC9zdmciPjwvc3ZnPg==' class='lazyload' \/>\n        <\/a>\n\n    <\/div>\n    <script>\n    (function() {\n        function als_check_geo() {\n            if ( window.truste && window.truste.eu && window.truste.eu.bindMap\n                 && typeof window.truste.eu.bindMap.consentModel !== 'undefined' ) {\n                if ( window.truste.eu.bindMap.consentModel === 'opt-out' ) {\n                    document.querySelectorAll( '.als-irm-dnsms' ).forEach( function(el) {\n                        el.style.display = 'inline-block';\n                    });\n                }\n            } else {\n                setTimeout( als_check_geo, 300 );\n            }\n        }\n        document.addEventListener( 'DOMContentLoaded', als_check_geo );\n    })();\n    <\/script>\n    <\/div>\n","protected":false},"excerpt":{"rendered":"<p>Sus derechos de privacidad Para enviar una solicitud de derechos de privacidad, utilice nuestro Formulario de solicitud. Enviar una solicitud &rarr;<\/p>\n","protected":false},"author":9,"featured_media":0,"parent":12868,"menu_order":3,"comment_status":"closed","ping_status":"closed","template":"","meta":{"inline_featured_image":false,"footnotes":""},"class_list":["post-21509","page","type-page","status-publish","hentry"],"yoast_head":"<!-- This site is optimized with the Yoast SEO Premium plugin v23.4 (Yoast SEO v27.5) - https:\/\/yoast.com\/product\/yoast-seo-premium-wordpress\/ -->\n<title>cookies - Unimac International<\/title>\n<meta name=\"robots\" content=\"index, follow, max-snippet:-1, max-image-preview:large, max-video-preview:-1\" \/>\n<link rel=\"canonical\" href=\"https:\/\/unimac.com\/international\/es\/quienes-somos\/cookies\/\" \/>\n<meta property=\"og:locale\" content=\"es_ES\" \/>\n<meta property=\"og:type\" content=\"article\" \/>\n<meta property=\"og:title\" content=\"cookies\" \/>\n<meta property=\"og:description\" content=\"Sus derechos de privacidad Para enviar una solicitud de derechos de privacidad, utilice nuestro Formulario de solicitud. Enviar una solicitud &rarr;\" \/>\n<meta property=\"og:url\" content=\"https:\/\/unimac.com\/international\/es\/quienes-somos\/cookies\/\" \/>\n<meta property=\"og:site_name\" content=\"Unimac International\" \/>\n<meta property=\"article:modified_time\" content=\"2026-05-13T18:01:47+00:00\" \/>\n<meta name=\"twitter:card\" content=\"summary_large_image\" \/>\n<meta name=\"twitter:label1\" content=\"Tiempo de lectura\" \/>\n\t<meta name=\"twitter:data1\" content=\"2 minutos\" \/>\n<script type=\"application\/ld+json\" class=\"yoast-schema-graph\">{\"@context\":\"https:\\\/\\\/schema.org\",\"@graph\":[{\"@type\":\"WebPage\",\"@id\":\"https:\\\/\\\/unimac.com\\\/international\\\/es\\\/quienes-somos\\\/cookies\\\/\",\"url\":\"https:\\\/\\\/unimac.com\\\/international\\\/es\\\/quienes-somos\\\/cookies\\\/\",\"name\":\"cookies - Unimac International\",\"isPartOf\":{\"@id\":\"https:\\\/\\\/unimac.com\\\/international\\\/#website\"},\"datePublished\":\"2026-05-13T16:37:40+00:00\",\"dateModified\":\"2026-05-13T18:01:47+00:00\",\"breadcrumb\":{\"@id\":\"https:\\\/\\\/unimac.com\\\/international\\\/es\\\/quienes-somos\\\/cookies\\\/#breadcrumb\"},\"inLanguage\":\"es\",\"potentialAction\":[{\"@type\":\"ReadAction\",\"target\":[\"https:\\\/\\\/unimac.com\\\/international\\\/es\\\/quienes-somos\\\/cookies\\\/\"]}]},{\"@type\":\"BreadcrumbList\",\"@id\":\"https:\\\/\\\/unimac.com\\\/international\\\/es\\\/quienes-somos\\\/cookies\\\/#breadcrumb\",\"itemListElement\":[{\"@type\":\"ListItem\",\"position\":1,\"name\":\"Home\",\"item\":\"https:\\\/\\\/unimac.com\\\/international\\\/es\\\/\"},{\"@type\":\"ListItem\",\"position\":2,\"name\":\"Qui\u00e9nes somos\",\"item\":\"https:\\\/\\\/unimac.com\\\/international\\\/es\\\/quienes-somos\\\/\"},{\"@type\":\"ListItem\",\"position\":3,\"name\":\"cookies\"}]},{\"@type\":\"WebSite\",\"@id\":\"https:\\\/\\\/unimac.com\\\/international\\\/#website\",\"url\":\"https:\\\/\\\/unimac.com\\\/international\\\/\",\"name\":\"Unimac International\",\"description\":\"Maximum Performance\",\"publisher\":{\"@id\":\"https:\\\/\\\/unimac.com\\\/international\\\/#organization\"},\"potentialAction\":[{\"@type\":\"SearchAction\",\"target\":{\"@type\":\"EntryPoint\",\"urlTemplate\":\"https:\\\/\\\/unimac.com\\\/international\\\/?s={search_term_string}\"},\"query-input\":{\"@type\":\"PropertyValueSpecification\",\"valueRequired\":true,\"valueName\":\"search_term_string\"}}],\"inLanguage\":\"es\"},{\"@type\":\"Organization\",\"@id\":\"https:\\\/\\\/unimac.com\\\/international\\\/#organization\",\"name\":\"UniMac International\",\"url\":\"https:\\\/\\\/unimac.com\\\/international\\\/\",\"logo\":{\"@type\":\"ImageObject\",\"inLanguage\":\"es\",\"@id\":\"https:\\\/\\\/unimac.com\\\/international\\\/#\\\/schema\\\/logo\\\/image\\\/\",\"url\":\"https:\\\/\\\/unimac.com\\\/international\\\/wp-content\\\/uploads\\\/sites\\\/2\\\/2019\\\/07\\\/logo.png\",\"contentUrl\":\"https:\\\/\\\/unimac.com\\\/international\\\/wp-content\\\/uploads\\\/sites\\\/2\\\/2019\\\/07\\\/logo.png\",\"width\":200,\"height\":73,\"caption\":\"UniMac International\"},\"image\":{\"@id\":\"https:\\\/\\\/unimac.com\\\/international\\\/#\\\/schema\\\/logo\\\/image\\\/\"}}]}<\/script>\n<!-- \/ Yoast SEO Premium plugin. -->","yoast_head_json":{"title":"cookies - Unimac International","robots":{"index":"index","follow":"follow","max-snippet":"max-snippet:-1","max-image-preview":"max-image-preview:large","max-video-preview":"max-video-preview:-1"},"canonical":"https:\/\/unimac.com\/international\/es\/quienes-somos\/cookies\/","og_locale":"es_ES","og_type":"article","og_title":"cookies","og_description":"Sus derechos de privacidad Para enviar una solicitud de derechos de privacidad, utilice nuestro Formulario de solicitud. Enviar una solicitud &rarr;","og_url":"https:\/\/unimac.com\/international\/es\/quienes-somos\/cookies\/","og_site_name":"Unimac International","article_modified_time":"2026-05-13T18:01:47+00:00","twitter_card":"summary_large_image","twitter_misc":{"Tiempo de lectura":"2 minutos"},"schema":{"@context":"https:\/\/schema.org","@graph":[{"@type":"WebPage","@id":"https:\/\/unimac.com\/international\/es\/quienes-somos\/cookies\/","url":"https:\/\/unimac.com\/international\/es\/quienes-somos\/cookies\/","name":"cookies - Unimac International","isPartOf":{"@id":"https:\/\/unimac.com\/international\/#website"},"datePublished":"2026-05-13T16:37:40+00:00","dateModified":"2026-05-13T18:01:47+00:00","breadcrumb":{"@id":"https:\/\/unimac.com\/international\/es\/quienes-somos\/cookies\/#breadcrumb"},"inLanguage":"es","potentialAction":[{"@type":"ReadAction","target":["https:\/\/unimac.com\/international\/es\/quienes-somos\/cookies\/"]}]},{"@type":"BreadcrumbList","@id":"https:\/\/unimac.com\/international\/es\/quienes-somos\/cookies\/#breadcrumb","itemListElement":[{"@type":"ListItem","position":1,"name":"Home","item":"https:\/\/unimac.com\/international\/es\/"},{"@type":"ListItem","position":2,"name":"Qui\u00e9nes somos","item":"https:\/\/unimac.com\/international\/es\/quienes-somos\/"},{"@type":"ListItem","position":3,"name":"cookies"}]},{"@type":"WebSite","@id":"https:\/\/unimac.com\/international\/#website","url":"https:\/\/unimac.com\/international\/","name":"Unimac International","description":"Maximum Performance","publisher":{"@id":"https:\/\/unimac.com\/international\/#organization"},"potentialAction":[{"@type":"SearchAction","target":{"@type":"EntryPoint","urlTemplate":"https:\/\/unimac.com\/international\/?s={search_term_string}"},"query-input":{"@type":"PropertyValueSpecification","valueRequired":true,"valueName":"search_term_string"}}],"inLanguage":"es"},{"@type":"Organization","@id":"https:\/\/unimac.com\/international\/#organization","name":"UniMac International","url":"https:\/\/unimac.com\/international\/","logo":{"@type":"ImageObject","inLanguage":"es","@id":"https:\/\/unimac.com\/international\/#\/schema\/logo\/image\/","url":"https:\/\/unimac.com\/international\/wp-content\/uploads\/sites\/2\/2019\/07\/logo.png","contentUrl":"https:\/\/unimac.com\/international\/wp-content\/uploads\/sites\/2\/2019\/07\/logo.png","width":200,"height":73,"caption":"UniMac International"},"image":{"@id":"https:\/\/unimac.com\/international\/#\/schema\/logo\/image\/"}}]}},"_links":{"self":[{"href":"https:\/\/unimac.com\/international\/es\/wp-json\/wp\/v2\/pages\/21509","targetHints":{"allow":["GET"]}}],"collection":[{"href":"https:\/\/unimac.com\/international\/es\/wp-json\/wp\/v2\/pages"}],"about":[{"href":"https:\/\/unimac.com\/international\/es\/wp-json\/wp\/v2\/types\/page"}],"author":[{"embeddable":true,"href":"https:\/\/unimac.com\/international\/es\/wp-json\/wp\/v2\/users\/9"}],"replies":[{"embeddable":true,"href":"https:\/\/unimac.com\/international\/es\/wp-json\/wp\/v2\/comments?post=21509"}],"version-history":[{"count":3,"href":"https:\/\/unimac.com\/international\/es\/wp-json\/wp\/v2\/pages\/21509\/revisions"}],"predecessor-version":[{"id":21513,"href":"https:\/\/unimac.com\/international\/es\/wp-json\/wp\/v2\/pages\/21509\/revisions\/21513"}],"up":[{"embeddable":true,"href":"https:\/\/unimac.com\/international\/es\/wp-json\/wp\/v2\/pages\/12868"}],"wp:attachment":[{"href":"https:\/\/unimac.com\/international\/es\/wp-json\/wp\/v2\/media?parent=21509"}],"curies":[{"name":"wp","href":"https:\/\/api.w.org\/{rel}","templated":true}]}}