{"id":12351,"date":"2021-01-19T12:04:14","date_gmt":"2021-01-19T12:04:14","guid":{"rendered":"https:\/\/unimac.com\/en-international\/?page_id=12351"},"modified":"2021-01-20T21:39:58","modified_gmt":"2021-01-20T21:39:58","slug":"blanchisseries-commerciales","status":"publish","type":"page","link":"https:\/\/unimac.com\/international\/fr\/industries\/blanchisseries-commerciales\/","title":{"rendered":"Blanchisseries commerciales"},"content":{"rendered":"<p><div class=\"fusion-fullwidth fullwidth-box fusion-builder-row-1 fusion-flex-container nonhundred-percent-fullwidth non-hundred-percent-height-scrolling\" style=\"--awb-border-radius-top-left:0px;--awb-border-radius-top-right:0px;--awb-border-radius-bottom-right:0px;--awb-border-radius-bottom-left:0px;--awb-flex-wrap:wrap;\" ><div class=\"fusion-builder-row fusion-row fusion-flex-align-items-flex-start fusion-flex-content-wrap\" style=\"max-width:1216.8px;margin-left: calc(-4% \/ 2 );margin-right: calc(-4% \/ 2 );\"><div class=\"fusion-layout-column fusion_builder_column fusion-builder-column-0 fusion_builder_column_3_4 3_4 fusion-flex-column\" style=\"--awb-bg-size:cover;--awb-width-large:75%;--awb-margin-top-large:20px;--awb-spacing-right-large:2.56%;--awb-margin-bottom-large:20px;--awb-spacing-left-large:2.56%;--awb-width-medium:75%;--awb-spacing-right-medium:2.56%;--awb-spacing-left-medium:2.56%;--awb-width-small:100%;--awb-spacing-right-small:1.92%;--awb-spacing-left-small:1.92%;\"><div class=\"fusion-column-wrapper fusion-column-has-shadow fusion-flex-justify-content-flex-start fusion-content-layout-column\"><div class=\"fusion-text fusion-text-1\"><h2>Dans le secteur de la blanchisserie commerciale, il est essentiel de disposer d\u2019\u00e9quipements robustes. C\u2019est pourquoi vous pouvez compter sur notre durabilit\u00e9 in\u00e9gal\u00e9e.<\/h2>\n<h3>EXPERT EN BLANCHISSERIE COMMERCIALE<\/h3>\n<p>Depuis plus de 60 ans, UniMac<sup>\u00ae<\/sup> s\u2019est concentr\u00e9 sur une offre permettant de r\u00e9pondre aux besoins sp\u00e9cifiques du secteur commerciale. Nous travaillons en \u00e9troite collaboration avec nos clients pour identifier leurs principales pr\u00e9occupations et y r\u00e9pondre tout en leur assurant les co\u00fbts de possession les plus bas du secteur.<\/p>\n<\/div><div class=\"fusion-slider-sc\"><div class=\"fusion-flexslider-loading flexslider flexslider-hover-type-none\" data-slideshow_autoplay=\"1\" data-slideshow_smooth_height=\"0\" data-slideshow_speed=\"5000\" style=\"max-width:100%;height:100%;\"><ul class=\"slides\"><li class=\"image\"><span class=\"fusion-image-hover-element hover-type-none\"><img decoding=\"async\" data-src=\"https:\/\/unimac.com\/international\/wp-content\/uploads\/sites\/2\/2020\/09\/AdobeStock_55882059-300x200.jpg\" alt=\"Architects: UniMac&#039;s design tools for commercial laundry\" width=\"300\" height=\"200\" class=\"wp-image-8951 lazyload\" data-srcset=\"https:\/\/unimac.com\/international\/wp-content\/uploads\/sites\/2\/2020\/09\/AdobeStock_55882059-200x133.jpg 200w, https:\/\/unimac.com\/international\/wp-content\/uploads\/sites\/2\/2020\/09\/AdobeStock_55882059-400x267.jpg 400w, https:\/\/unimac.com\/international\/wp-content\/uploads\/sites\/2\/2020\/09\/AdobeStock_55882059-600x400.jpg 600w, https:\/\/unimac.com\/international\/wp-content\/uploads\/sites\/2\/2020\/09\/AdobeStock_55882059-800x533.jpg 800w, https:\/\/unimac.com\/international\/wp-content\/uploads\/sites\/2\/2020\/09\/AdobeStock_55882059-1200x800.jpg 1200w\" data-sizes=\"(max-width: 640px) 100vw, 1200px\" src=\"data:image\/svg+xml;base64,PHN2ZyB3aWR0aD0iMSIgaGVpZ2h0PSIxIiB4bWxucz0iaHR0cDovL3d3dy53My5vcmcvMjAwMC9zdmciPjwvc3ZnPg==\" style=\"--smush-placeholder-width: 300px; --smush-placeholder-aspect-ratio: 300\/200;\" \/><\/span><\/li><li class=\"image\"><span class=\"fusion-image-hover-element hover-type-none\"><img decoding=\"async\" data-src=\"https:\/\/unimac.com\/international\/wp-content\/uploads\/sites\/2\/2020\/09\/Shutterstock_118522849-300x200.jpg\" alt=\"UniMac OPL laundry equipment for SPA and wellness centers\" width=\"300\" height=\"200\" class=\"wp-image-9061 lazyload\" data-srcset=\"https:\/\/unimac.com\/international\/wp-content\/uploads\/sites\/2\/2020\/09\/Shutterstock_118522849-200x133.jpg 200w, https:\/\/unimac.com\/international\/wp-content\/uploads\/sites\/2\/2020\/09\/Shutterstock_118522849-400x267.jpg 400w, https:\/\/unimac.com\/international\/wp-content\/uploads\/sites\/2\/2020\/09\/Shutterstock_118522849-600x400.jpg 600w, https:\/\/unimac.com\/international\/wp-content\/uploads\/sites\/2\/2020\/09\/Shutterstock_118522849-800x533.jpg 800w, https:\/\/unimac.com\/international\/wp-content\/uploads\/sites\/2\/2020\/09\/Shutterstock_118522849-1200x800.jpg 1200w\" data-sizes=\"(max-width: 640px) 100vw, 1200px\" src=\"data:image\/svg+xml;base64,PHN2ZyB3aWR0aD0iMSIgaGVpZ2h0PSIxIiB4bWxucz0iaHR0cDovL3d3dy53My5vcmcvMjAwMC9zdmciPjwvc3ZnPg==\" style=\"--smush-placeholder-width: 300px; --smush-placeholder-aspect-ratio: 300\/200;\" \/><\/span><\/li><li class=\"image\"><span class=\"fusion-image-hover-element hover-type-none\"><img decoding=\"async\" data-src=\"https:\/\/unimac.com\/international\/wp-content\/uploads\/sites\/2\/2020\/09\/Shutterstock_327603341-300x200.jpg\" alt=\"UniMac OPL laundry equipment for hotels\" width=\"300\" height=\"200\" class=\"wp-image-9071 lazyload\" data-srcset=\"https:\/\/unimac.com\/international\/wp-content\/uploads\/sites\/2\/2020\/09\/Shutterstock_327603341-200x133.jpg 200w, https:\/\/unimac.com\/international\/wp-content\/uploads\/sites\/2\/2020\/09\/Shutterstock_327603341-400x267.jpg 400w, https:\/\/unimac.com\/international\/wp-content\/uploads\/sites\/2\/2020\/09\/Shutterstock_327603341-600x400.jpg 600w, https:\/\/unimac.com\/international\/wp-content\/uploads\/sites\/2\/2020\/09\/Shutterstock_327603341-800x533.jpg 800w, https:\/\/unimac.com\/international\/wp-content\/uploads\/sites\/2\/2020\/09\/Shutterstock_327603341-1200x800.jpg 1200w\" data-sizes=\"(max-width: 640px) 100vw, 1200px\" src=\"data:image\/svg+xml;base64,PHN2ZyB3aWR0aD0iMSIgaGVpZ2h0PSIxIiB4bWxucz0iaHR0cDovL3d3dy53My5vcmcvMjAwMC9zdmciPjwvc3ZnPg==\" style=\"--smush-placeholder-width: 300px; --smush-placeholder-aspect-ratio: 300\/200;\" \/><\/span><\/li><\/ul><\/div><\/div><div class=\"fusion-title title fusion-title-1 fusion-title-text fusion-title-size-four\" style=\"--awb-margin-top:30px;--awb-margin-bottom:0px;--awb-margin-top-small:30px;--awb-margin-bottom-small:0px;\"><div class=\"title-sep-container title-sep-container-left fusion-no-large-visibility fusion-no-medium-visibility fusion-no-small-visibility\"><div class=\"title-sep sep- sep-solid\" style=\"border-color:#e0dede;\"><\/div><\/div><span class=\"awb-title-spacer fusion-no-large-visibility fusion-no-medium-visibility fusion-no-small-visibility\"><\/span><h4 class=\"fusion-title-heading title-heading-left fusion-responsive-typography-calculated\" style=\"margin:0;--fontSize:18;--minFontSize:18;line-height:1.4;\"><p data-fontsize=\"18\" data-lineheight=\"25\">CON\u00c7US POUR R\u00c9PONDRE \u00c0 VOS BESOINS<\/p><\/h4><span class=\"awb-title-spacer\"><\/span><div class=\"title-sep-container title-sep-container-right\"><div class=\"title-sep sep- sep-solid\" style=\"border-color:#e0dede;\"><\/div><\/div><\/div><div class=\"fusion-text fusion-text-2\"><p>Dans un secteur o\u00f9 il est essentiel de disposer d\u2019<a href=\"\/international\/fr\/produits\/\">\u00e9quipements<\/a> robustes, vous pouvez avoir confiance en notre durabilit\u00e9 in\u00e9gal\u00e9e, appuy\u00e9e par une garantie exceptionnelle et le plus vaste r\u00e9seau de services et d\u2019assistance avec les 1200+ distributeurs du group Alliance Laundry Systems.<br \/>\nAssurez le bon fonctionnement de vos machines gr\u00e2ce \u00e0 diff\u00e9rentes fonctionnalit\u00e9s comme les rappels automatiques d\u2019entretien et les enregistrements de vos r\u00e9parations.<\/p>\n<p>Avec les restrictions budg\u00e9taires, contr\u00f4ler l\u2019utilisation de l\u2019\u00e9nergie et l\u2019eau est plus important que jamais. C\u2019est pourquoi, depuis plus de 60 ans, nous avons con\u00e7u des machines <a href=\"\/international\/fr\/produits\/\">UniMac<\/a> visant \u00e0 r\u00e9duire votre consommation \u00e9nerg\u00e9tique et vos factures d\u2019\u00e9nergie.<br \/>\nG\u00e9rez et adaptez le flux de travail de votre main-d&rsquo;\u0153uvre avec plus de pr\u00e9cision gr\u00e2ce \u00e0 des capacit\u00e9s de reporting avanc\u00e9es qui vous permettent de g\u00e9rer la productivit\u00e9 de mani\u00e8re plus directe que jamais.<\/p>\n<p>Augmentez le rendement de vos installations de mani\u00e8re significative gr\u00e2ce aux cycles de lavage et de s\u00e9chage les plus rapides du secteur.<br \/>\nAttaquez-vous au linge le plus sale gr\u00e2ce \u00e0 nos fonctionnalit\u00e9s vous permettant d\u2019opter pour un trempage ou un d\u00e9marrage diff\u00e9r\u00e9 pour vos t\u00e2ches les plus complexes.<\/p>\n<\/div><\/div><\/div><div class=\"fusion-layout-column fusion_builder_column fusion-builder-column-1 fusion_builder_column_1_4 1_4 fusion-flex-column bor-l\" style=\"--awb-bg-size:cover;--awb-width-large:25%;--awb-margin-top-large:20px;--awb-spacing-right-large:7.68%;--awb-margin-bottom-large:20px;--awb-spacing-left-large:7.68%;--awb-width-medium:25%;--awb-spacing-right-medium:7.68%;--awb-spacing-left-medium:7.68%;--awb-width-small:100%;--awb-spacing-right-small:1.92%;--awb-spacing-left-small:1.92%;\"><div class=\"fusion-column-wrapper fusion-column-has-shadow fusion-flex-justify-content-flex-start fusion-content-layout-column\"><div class=\"fusion-widget-area awb-widget-area-element fusion-widget-area-1 fusion-content-widget-area\" style=\"--awb-title-size:26px;--awb-title-color:#6f727b;--awb-padding:0px 0px 0px 0px;\"><div id=\"nav_menu-5\" class=\"widget widget_nav_menu\" style=\"border-style: solid;border-color:transparent;border-width:0px;\"><div class=\"menu-industries-french-container\"><ul id=\"menu-industries-french\" class=\"menu\"><li id=\"menu-item-12792\" class=\"menu-item menu-item-type-post_type menu-item-object-page menu-item-12792\"><a href=\"https:\/\/unimac.com\/international\/fr\/industries\/\">Industries<\/a><\/li>\n<li id=\"menu-item-12793\" class=\"menu-item menu-item-type-post_type menu-item-object-page menu-item-12793\"><a href=\"https:\/\/unimac.com\/international\/fr\/industries\/soins-de-sante\/\">Soins de sant\u00e9<\/a><\/li>\n<li id=\"menu-item-12794\" class=\"menu-item menu-item-type-post_type menu-item-object-page menu-item-12794\"><a href=\"https:\/\/unimac.com\/international\/fr\/industries\/soins-de-longue-duree\/\">Soins de longue dur\u00e9e<\/a><\/li>\n<li id=\"menu-item-12795\" class=\"menu-item menu-item-type-post_type menu-item-object-page menu-item-12795\"><a href=\"https:\/\/unimac.com\/international\/fr\/industries\/accueil\/\">H\u00f4tels<\/a><\/li>\n<li id=\"menu-item-12796\" class=\"menu-item menu-item-type-post_type menu-item-object-page menu-item-12796\"><a href=\"https:\/\/unimac.com\/international\/fr\/industries\/spa-salon-beaute\/\">Spa\/Salon<\/a><\/li>\n<li id=\"menu-item-12797\" class=\"menu-item menu-item-type-post_type menu-item-object-page menu-item-12797\"><a href=\"https:\/\/unimac.com\/international\/fr\/industries\/restaurant\/\">Restaurant<\/a><\/li>\n<li id=\"menu-item-12798\" class=\"menu-item menu-item-type-post_type menu-item-object-page menu-item-12798\"><a href=\"https:\/\/unimac.com\/international\/fr\/industries\/traiteurs-restaurants\/\">Traiteurs \u2013 Restaurants<\/a><\/li>\n<li id=\"menu-item-12799\" class=\"menu-item menu-item-type-post_type menu-item-object-page menu-item-12799\"><a href=\"https:\/\/unimac.com\/international\/fr\/industries\/blanchisseries-commerciales\/\">Blanchisseries commerciales<\/a><\/li>\n<li id=\"menu-item-12800\" class=\"menu-item menu-item-type-post_type menu-item-object-page menu-item-12800\"><a href=\"https:\/\/unimac.com\/international\/fr\/industries\/gestion-des-installations\/\">Gestion des installations<\/a><\/li>\n<li id=\"menu-item-12801\" class=\"menu-item menu-item-type-post_type menu-item-object-page menu-item-12801\"><a href=\"https:\/\/unimac.com\/international\/fr\/industries\/pressings\/\">Pressings<\/a><\/li>\n<li id=\"menu-item-12802\" class=\"menu-item menu-item-type-post_type menu-item-object-page menu-item-12802\"><a href=\"https:\/\/unimac.com\/international\/fr\/industries\/incendie\/\">Sapeurs-pompiers<\/a><\/li>\n<li id=\"menu-item-12803\" class=\"menu-item menu-item-type-post_type menu-item-object-page menu-item-12803\"><a href=\"https:\/\/unimac.com\/international\/fr\/industries\/transformation-alimentaire\/\">Transformation Alimentaire<\/a><\/li>\n<li id=\"menu-item-12804\" class=\"menu-item menu-item-type-post_type menu-item-object-page menu-item-12804\"><a href=\"https:\/\/unimac.com\/international\/fr\/industries\/secteur-naval\/\">Secteur Naval<\/a><\/li>\n<li id=\"menu-item-12805\" class=\"menu-item menu-item-type-post_type menu-item-object-page menu-item-12805\"><a href=\"https:\/\/unimac.com\/international\/fr\/industries\/administration-penitentiaire\/\">Administration p\u00e9nitentiaire<\/a><\/li>\n<li id=\"menu-item-12806\" class=\"menu-item menu-item-type-post_type menu-item-object-page menu-item-12806\"><a href=\"https:\/\/unimac.com\/international\/fr\/industries\/installations-sportives\/\">Installations sportives<\/a><\/li>\n<\/ul><\/div><\/div><div class=\"fusion-additional-widget-content\"><\/div><\/div><div class=\"fusion-separator fusion-full-width-sep\" style=\"align-self: center;margin-left: auto;margin-right: auto;margin-top:30px;width:100%;\"><\/div><div class=\"fusion-widget-area awb-widget-area-element fusion-widget-area-2 fusion-content-widget-area \u5feb\u901f\u94fe\u63a5\" style=\"--awb-title-size:18px;--awb-title-color:#6f727b;--awb-padding:0px 0px 0px 0px;\"><div class=\"fusion-additional-widget-content\"><\/div><\/div>\n<\/div><\/div><\/div><\/div><div class=\"fusion-fullwidth fullwidth-box fusion-builder-row-2 fusion-flex-container global-footer nonhundred-percent-fullwidth non-hundred-percent-height-scrolling\" style=\"--awb-border-radius-top-left:0px;--awb-border-radius-top-right:0px;--awb-border-radius-bottom-right:0px;--awb-border-radius-bottom-left:0px;--awb-padding-top:30px;--awb-padding-right:0px;--awb-padding-bottom:30px;--awb-padding-left:0px;--awb-margin-bottom:-10px;--awb-background-color:#ec1c24;--awb-flex-wrap:wrap;\" ><\/div>\n<\/p>\n","protected":false},"excerpt":{"rendered":"","protected":false},"author":9,"featured_media":0,"parent":12445,"menu_order":0,"comment_status":"closed","ping_status":"closed","template":"100-width.php","meta":{"inline_featured_image":false,"footnotes":""},"class_list":["post-12351","page","type-page","status-publish","hentry"],"yoast_head":"<!-- This site is optimized with the Yoast SEO Premium plugin v23.4 (Yoast SEO v26.2) - https:\/\/yoast.com\/wordpress\/plugins\/seo\/ -->\n<title>Expert en blanchisserie commerciale<\/title>\n<meta name=\"description\" content=\"Dans le secteur de la blanchisserie commerciale, il est essentiel de disposer d\u2019\u00e9quipements robustes. C\u2019est pourquoi vous pouvez compter sur notre durabilit\u00e9 in\u00e9gal\u00e9e.\" \/>\n<meta name=\"robots\" content=\"index, follow, max-snippet:-1, max-image-preview:large, max-video-preview:-1\" \/>\n<link rel=\"canonical\" href=\"https:\/\/unimac.com\/international\/fr\/industries\/blanchisseries-commerciales\/\" \/>\n<meta property=\"og:locale\" content=\"fr_FR\" \/>\n<meta property=\"og:type\" content=\"article\" \/>\n<meta property=\"og:title\" content=\"Blanchisseries commerciales\" \/>\n<meta property=\"og:description\" content=\"Dans le secteur de la blanchisserie commerciale, il est essentiel de disposer d\u2019\u00e9quipements robustes. C\u2019est pourquoi vous pouvez compter sur notre durabilit\u00e9 in\u00e9gal\u00e9e.\" \/>\n<meta property=\"og:url\" content=\"https:\/\/unimac.com\/international\/fr\/industries\/blanchisseries-commerciales\/\" \/>\n<meta property=\"og:site_name\" content=\"Unimac International\" \/>\n<meta property=\"article:modified_time\" content=\"2021-01-20T21:39:58+00:00\" \/>\n<meta name=\"twitter:card\" content=\"summary_large_image\" \/>\n<meta name=\"twitter:label1\" content=\"Dur\u00e9e de lecture estim\u00e9e\" \/>\n\t<meta name=\"twitter:data1\" content=\"5 minutes\" \/>\n<script type=\"application\/ld+json\" class=\"yoast-schema-graph\">{\"@context\":\"https:\/\/schema.org\",\"@graph\":[{\"@type\":\"WebPage\",\"@id\":\"https:\/\/unimac.com\/international\/fr\/industries\/blanchisseries-commerciales\/\",\"url\":\"https:\/\/unimac.com\/international\/fr\/industries\/blanchisseries-commerciales\/\",\"name\":\"Expert en blanchisserie commerciale\",\"isPartOf\":{\"@id\":\"https:\/\/unimac.com\/international\/#website\"},\"datePublished\":\"2021-01-19T12:04:14+00:00\",\"dateModified\":\"2021-01-20T21:39:58+00:00\",\"description\":\"Dans le secteur de la blanchisserie commerciale, il est essentiel de disposer d\u2019\u00e9quipements robustes. C\u2019est pourquoi vous pouvez compter sur notre durabilit\u00e9 in\u00e9gal\u00e9e.\",\"breadcrumb\":{\"@id\":\"https:\/\/unimac.com\/international\/fr\/industries\/blanchisseries-commerciales\/#breadcrumb\"},\"inLanguage\":\"fr-FR\",\"potentialAction\":[{\"@type\":\"ReadAction\",\"target\":[\"https:\/\/unimac.com\/international\/fr\/industries\/blanchisseries-commerciales\/\"]}]},{\"@type\":\"BreadcrumbList\",\"@id\":\"https:\/\/unimac.com\/international\/fr\/industries\/blanchisseries-commerciales\/#breadcrumb\",\"itemListElement\":[{\"@type\":\"ListItem\",\"position\":1,\"name\":\"Home\",\"item\":\"https:\/\/unimac.com\/international\/fr\/\"},{\"@type\":\"ListItem\",\"position\":2,\"name\":\"Industries\",\"item\":\"https:\/\/unimac.com\/international\/fr\/industries\/\"},{\"@type\":\"ListItem\",\"position\":3,\"name\":\"Blanchisseries commerciales\"}]},{\"@type\":\"WebSite\",\"@id\":\"https:\/\/unimac.com\/international\/#website\",\"url\":\"https:\/\/unimac.com\/international\/\",\"name\":\"Unimac International\",\"description\":\"Maximum Performance\",\"publisher\":{\"@id\":\"https:\/\/unimac.com\/international\/#organization\"},\"potentialAction\":[{\"@type\":\"SearchAction\",\"target\":{\"@type\":\"EntryPoint\",\"urlTemplate\":\"https:\/\/unimac.com\/international\/?s={search_term_string}\"},\"query-input\":{\"@type\":\"PropertyValueSpecification\",\"valueRequired\":true,\"valueName\":\"search_term_string\"}}],\"inLanguage\":\"fr-FR\"},{\"@type\":\"Organization\",\"@id\":\"https:\/\/unimac.com\/international\/#organization\",\"name\":\"UniMac International\",\"url\":\"https:\/\/unimac.com\/international\/\",\"logo\":{\"@type\":\"ImageObject\",\"inLanguage\":\"fr-FR\",\"@id\":\"https:\/\/unimac.com\/international\/#\/schema\/logo\/image\/\",\"url\":\"https:\/\/unimac.com\/international\/wp-content\/uploads\/sites\/2\/2019\/07\/logo.png\",\"contentUrl\":\"https:\/\/unimac.com\/international\/wp-content\/uploads\/sites\/2\/2019\/07\/logo.png\",\"width\":200,\"height\":73,\"caption\":\"UniMac International\"},\"image\":{\"@id\":\"https:\/\/unimac.com\/international\/#\/schema\/logo\/image\/\"}}]}<\/script>\n<!-- \/ Yoast SEO Premium plugin. -->","yoast_head_json":{"title":"Expert en blanchisserie commerciale","description":"Dans le secteur de la blanchisserie commerciale, il est essentiel de disposer d\u2019\u00e9quipements robustes. C\u2019est pourquoi vous pouvez compter sur notre durabilit\u00e9 in\u00e9gal\u00e9e.","robots":{"index":"index","follow":"follow","max-snippet":"max-snippet:-1","max-image-preview":"max-image-preview:large","max-video-preview":"max-video-preview:-1"},"canonical":"https:\/\/unimac.com\/international\/fr\/industries\/blanchisseries-commerciales\/","og_locale":"fr_FR","og_type":"article","og_title":"Blanchisseries commerciales","og_description":"Dans le secteur de la blanchisserie commerciale, il est essentiel de disposer d\u2019\u00e9quipements robustes. C\u2019est pourquoi vous pouvez compter sur notre durabilit\u00e9 in\u00e9gal\u00e9e.","og_url":"https:\/\/unimac.com\/international\/fr\/industries\/blanchisseries-commerciales\/","og_site_name":"Unimac International","article_modified_time":"2021-01-20T21:39:58+00:00","twitter_card":"summary_large_image","twitter_misc":{"Dur\u00e9e de lecture estim\u00e9e":"5 minutes"},"schema":{"@context":"https:\/\/schema.org","@graph":[{"@type":"WebPage","@id":"https:\/\/unimac.com\/international\/fr\/industries\/blanchisseries-commerciales\/","url":"https:\/\/unimac.com\/international\/fr\/industries\/blanchisseries-commerciales\/","name":"Expert en blanchisserie commerciale","isPartOf":{"@id":"https:\/\/unimac.com\/international\/#website"},"datePublished":"2021-01-19T12:04:14+00:00","dateModified":"2021-01-20T21:39:58+00:00","description":"Dans le secteur de la blanchisserie commerciale, il est essentiel de disposer d\u2019\u00e9quipements robustes. C\u2019est pourquoi vous pouvez compter sur notre durabilit\u00e9 in\u00e9gal\u00e9e.","breadcrumb":{"@id":"https:\/\/unimac.com\/international\/fr\/industries\/blanchisseries-commerciales\/#breadcrumb"},"inLanguage":"fr-FR","potentialAction":[{"@type":"ReadAction","target":["https:\/\/unimac.com\/international\/fr\/industries\/blanchisseries-commerciales\/"]}]},{"@type":"BreadcrumbList","@id":"https:\/\/unimac.com\/international\/fr\/industries\/blanchisseries-commerciales\/#breadcrumb","itemListElement":[{"@type":"ListItem","position":1,"name":"Home","item":"https:\/\/unimac.com\/international\/fr\/"},{"@type":"ListItem","position":2,"name":"Industries","item":"https:\/\/unimac.com\/international\/fr\/industries\/"},{"@type":"ListItem","position":3,"name":"Blanchisseries commerciales"}]},{"@type":"WebSite","@id":"https:\/\/unimac.com\/international\/#website","url":"https:\/\/unimac.com\/international\/","name":"Unimac International","description":"Maximum Performance","publisher":{"@id":"https:\/\/unimac.com\/international\/#organization"},"potentialAction":[{"@type":"SearchAction","target":{"@type":"EntryPoint","urlTemplate":"https:\/\/unimac.com\/international\/?s={search_term_string}"},"query-input":{"@type":"PropertyValueSpecification","valueRequired":true,"valueName":"search_term_string"}}],"inLanguage":"fr-FR"},{"@type":"Organization","@id":"https:\/\/unimac.com\/international\/#organization","name":"UniMac International","url":"https:\/\/unimac.com\/international\/","logo":{"@type":"ImageObject","inLanguage":"fr-FR","@id":"https:\/\/unimac.com\/international\/#\/schema\/logo\/image\/","url":"https:\/\/unimac.com\/international\/wp-content\/uploads\/sites\/2\/2019\/07\/logo.png","contentUrl":"https:\/\/unimac.com\/international\/wp-content\/uploads\/sites\/2\/2019\/07\/logo.png","width":200,"height":73,"caption":"UniMac International"},"image":{"@id":"https:\/\/unimac.com\/international\/#\/schema\/logo\/image\/"}}]}},"_links":{"self":[{"href":"https:\/\/unimac.com\/international\/fr\/wp-json\/wp\/v2\/pages\/12351","targetHints":{"allow":["GET"]}}],"collection":[{"href":"https:\/\/unimac.com\/international\/fr\/wp-json\/wp\/v2\/pages"}],"about":[{"href":"https:\/\/unimac.com\/international\/fr\/wp-json\/wp\/v2\/types\/page"}],"author":[{"embeddable":true,"href":"https:\/\/unimac.com\/international\/fr\/wp-json\/wp\/v2\/users\/9"}],"replies":[{"embeddable":true,"href":"https:\/\/unimac.com\/international\/fr\/wp-json\/wp\/v2\/comments?post=12351"}],"version-history":[{"count":5,"href":"https:\/\/unimac.com\/international\/fr\/wp-json\/wp\/v2\/pages\/12351\/revisions"}],"predecessor-version":[{"id":12631,"href":"https:\/\/unimac.com\/international\/fr\/wp-json\/wp\/v2\/pages\/12351\/revisions\/12631"}],"up":[{"embeddable":true,"href":"https:\/\/unimac.com\/international\/fr\/wp-json\/wp\/v2\/pages\/12445"}],"wp:attachment":[{"href":"https:\/\/unimac.com\/international\/fr\/wp-json\/wp\/v2\/media?parent=12351"}],"curies":[{"name":"wp","href":"https:\/\/api.w.org\/{rel}","templated":true}]}}