{"id":12354,"date":"2021-01-19T12:04:57","date_gmt":"2021-01-19T12:04:57","guid":{"rendered":"https:\/\/unimac.com\/en-international\/?page_id=12354"},"modified":"2021-01-20T21:45:57","modified_gmt":"2021-01-20T21:45:57","slug":"gestion-des-installations","status":"publish","type":"page","link":"https:\/\/unimac.com\/international\/fr\/industries\/gestion-des-installations\/","title":{"rendered":"Gestion des installations"},"content":{"rendered":"<p><div class=\"fusion-fullwidth fullwidth-box fusion-builder-row-1 fusion-flex-container nonhundred-percent-fullwidth non-hundred-percent-height-scrolling\" style=\"--awb-border-radius-top-left:0px;--awb-border-radius-top-right:0px;--awb-border-radius-bottom-right:0px;--awb-border-radius-bottom-left:0px;--awb-flex-wrap:wrap;\" ><div class=\"fusion-builder-row fusion-row fusion-flex-align-items-flex-start fusion-flex-content-wrap\" style=\"max-width:1216.8px;margin-left: calc(-4% \/ 2 );margin-right: calc(-4% \/ 2 );\"><div class=\"fusion-layout-column fusion_builder_column fusion-builder-column-0 fusion_builder_column_3_4 3_4 fusion-flex-column\" style=\"--awb-bg-size:cover;--awb-width-large:75%;--awb-margin-top-large:20px;--awb-spacing-right-large:2.56%;--awb-margin-bottom-large:20px;--awb-spacing-left-large:2.56%;--awb-width-medium:75%;--awb-spacing-right-medium:2.56%;--awb-spacing-left-medium:2.56%;--awb-width-small:100%;--awb-spacing-right-small:1.92%;--awb-spacing-left-small:1.92%;\"><div class=\"fusion-column-wrapper fusion-column-has-shadow fusion-flex-justify-content-flex-start fusion-content-layout-column\"><div class=\"fusion-text fusion-text-1\"><h2>Les laveuses-essoreuses industrielles UniMac sont con\u00e7ues pour r\u00e9duire les co\u00fbts de gestion de vos installations de blanchisserie tout en r\u00e9pondant aux normes RABC, les plus strictes en mati\u00e8re d\u2019hygi\u00e8ne.<\/h2>\n<h3>EXPERTS EN SOLUTION D&rsquo;ENTRETIEN DES BATIMENTS ET BUREAUX PROFESSIONNELS<\/h3>\n<p>Avec des normes d\u2019hygi\u00e8ne en constante \u00e9volution et des exigences m\u00e9tier de plus en plus nombreuses, nous savons qu\u2019il n\u2019est pas toujours facile de proposer des solutions optimales. UniMac<sup>\u00ae<\/sup> con\u00e7oit des solutions de blanchisserie permettant d\u2019acc\u00e9l\u00e9rer les cycles de lavage, de r\u00e9duire les co\u00fbts, de pr\u00e9server les fibres textiles des MOPS de mani\u00e8re plus durable et d\u2019offrir un service impeccable.<\/p>\n<\/div><div class=\"fusion-slider-sc\"><div class=\"fusion-flexslider-loading flexslider fusion-aligncenter flexslider-hover-type-none\" data-slideshow_autoplay=\"1\" data-slideshow_smooth_height=\"0\" data-slideshow_speed=\"5000\" style=\"max-width:100%;height:100%;\"><ul class=\"slides\"><li class=\"image\"><span class=\"fusion-image-hover-element hover-type-none\"><img decoding=\"async\" data-src=\"https:\/\/unimac.com\/international\/wp-content\/uploads\/sites\/2\/2020\/09\/GettyImages-162353089-300x200.jpg\" alt=\"UniMac laundry machines for facility management industry\" width=\"300\" height=\"200\" class=\"wp-image-9119 lazyload\" data-srcset=\"https:\/\/unimac.com\/international\/wp-content\/uploads\/sites\/2\/2020\/09\/GettyImages-162353089-200x133.jpg 200w, https:\/\/unimac.com\/international\/wp-content\/uploads\/sites\/2\/2020\/09\/GettyImages-162353089-400x267.jpg 400w, https:\/\/unimac.com\/international\/wp-content\/uploads\/sites\/2\/2020\/09\/GettyImages-162353089-600x400.jpg 600w, https:\/\/unimac.com\/international\/wp-content\/uploads\/sites\/2\/2020\/09\/GettyImages-162353089-800x533.jpg 800w, https:\/\/unimac.com\/international\/wp-content\/uploads\/sites\/2\/2020\/09\/GettyImages-162353089-1200x800.jpg 1200w\" data-sizes=\"(max-width: 640px) 100vw, 1200px\" src=\"data:image\/svg+xml;base64,PHN2ZyB3aWR0aD0iMSIgaGVpZ2h0PSIxIiB4bWxucz0iaHR0cDovL3d3dy53My5vcmcvMjAwMC9zdmciPjwvc3ZnPg==\" style=\"--smush-placeholder-width: 300px; --smush-placeholder-aspect-ratio: 300\/200;\" \/><\/span><\/li><li class=\"image\"><span class=\"fusion-image-hover-element hover-type-none\"><img decoding=\"async\" data-src=\"https:\/\/unimac.com\/international\/wp-content\/uploads\/sites\/2\/2020\/09\/shutterstock_368560808-300x200.jpg\" alt=\"UniMac OPL laundry equipment for facility management industry\" width=\"300\" height=\"200\" class=\"wp-image-8961 lazyload\" data-srcset=\"https:\/\/unimac.com\/international\/wp-content\/uploads\/sites\/2\/2020\/09\/shutterstock_368560808-200x133.jpg 200w, https:\/\/unimac.com\/international\/wp-content\/uploads\/sites\/2\/2020\/09\/shutterstock_368560808-400x267.jpg 400w, https:\/\/unimac.com\/international\/wp-content\/uploads\/sites\/2\/2020\/09\/shutterstock_368560808-600x400.jpg 600w, https:\/\/unimac.com\/international\/wp-content\/uploads\/sites\/2\/2020\/09\/shutterstock_368560808-800x533.jpg 800w, https:\/\/unimac.com\/international\/wp-content\/uploads\/sites\/2\/2020\/09\/shutterstock_368560808-1200x800.jpg 1200w\" data-sizes=\"(max-width: 640px) 100vw, 1200px\" src=\"data:image\/svg+xml;base64,PHN2ZyB3aWR0aD0iMSIgaGVpZ2h0PSIxIiB4bWxucz0iaHR0cDovL3d3dy53My5vcmcvMjAwMC9zdmciPjwvc3ZnPg==\" style=\"--smush-placeholder-width: 300px; --smush-placeholder-aspect-ratio: 300\/200;\" \/><\/span><\/li><\/ul><\/div><\/div><div class=\"fusion-text fusion-text-2\"><p>\u00ab\u00a0Dans le secteur de la gestion des installations, il n&rsquo;est pas question de perdre du temps. Votre image de marque et la propret\u00e9 de votre environnement sont li\u00e9es. La premi\u00e8re impression est d\u00e9cisive\u00a0: vous devez donc toujours vous assurer de respecter les normes les plus strictes en mati\u00e8re d\u2019hygi\u00e8ne. Pour un nettoyage en profondeur des sols et installations, vous devez d\u2019abord vous assurer que vos serpilli\u00e8res et textiles microfibre r\u00e9pondent \u00e0 vos exigences. Nous concevons des lave-linge et s\u00e8che-linge pour tous les secteurs et nous d\u00e9veloppons les cycles de nettoyage les plus efficaces et efficients du march\u00e9.<\/p>\n<p>Elles vous aident \u00e0 atteindre une propret\u00e9 et une hygi\u00e8ne parfaites, pour une s\u00e9curit\u00e9 et un confort optimaux. Elles r\u00e9pondent aux normes les plus strictes en mati\u00e8re d&rsquo;hygi\u00e8ne, ainsi qu\u2019aux normes RABC\u00b9.<\/p>\n<p>\u00b9Risk Analysis and Biocontamination Control, norme de blanchisserie \u00e9quivalente au Hazard Analysis Critical Control Point (HACCP) pour la transformation alimentaire.<\/p>\n<div class=\"row row_taxo_generic\">\n<div class=\"col-lg-3 col-md-3 col-xs-3 col-taxo-generique2\"><\/div>\n<\/div>\n<\/div><div class=\"fusion-text fusion-text-3\"><h4>\u00c9quipements de blanchisserie professionnelle avec technologies r\u00e9volutionnaires<\/h4>\n<p>La technologie de rin\u00e7age <a title=\"OPTispray\" href=\"\/international\/fr\/technologies\/optispray\/\">OPTispray<\/a><sup>\u2122<\/sup>, un essorage de 400 G et la technologie de protection contre le s\u00e9chage excessif <a title=\"OPTidry\" href=\"\/international\/fr\/technologies\/optidry\/\">OPTidry<sup>\u2122<\/sup> assurent des cycles plus rapides pour des co\u00fbts d\u2019\u00e9nergie et d\u2019exploitation r\u00e9duits.<\/a><\/p>\n<h3>Co\u00fbts r\u00e9duits pour la gestion des installations de blanchisserie<\/h3>\n<p>Temps de s\u00e9chage \u00e0 la pointe du secteur pour \u00e9tendre la dur\u00e9e de vie des microfibres et r\u00e9duire la main-d&rsquo;\u0153uvre de jusqu\u2019\u00e0 une heure par jour.<\/p>\n<h6>Conformit\u00e9 gouvernementale avec les Normes d\u2019Hygi\u00e8ne Extr\u00eamement Strictes RABC\u00b9<\/h6>\n<p>Les laveuses-essoreuses UniMac enregistrent chaque cycle et la temp\u00e9rature de l&rsquo;eau la plus \u00e9lev\u00e9e dans des horodatages afin de s\u2019assurer que vous r\u00e9pondez aux normes gouvernementales.<\/p>\n<h4>Gestion des performances<\/h4>\n<p>Un logiciel de gestion avanc\u00e9 vous permet de vous assurer que vos proc\u00e9dures propres sont respect\u00e9es \u00e0 tout moment.<\/p>\n<h4>\u00c9quipements de blanchisserie industrielle et commerciale<\/h4>\n<p>Qui dit durabilit\u00e9 in\u00e9gal\u00e9e dit \u00e9quipements pr\u00eats quand vous en avez besoin ! Vous r\u00e9duisez ainsi les co\u00fbts de main-d&rsquo;\u0153uvre associ\u00e9s aux pannes dans les blanchisseries int\u00e9gr\u00e9es de votre installation.<\/p>\n<h4>Cycles ECO<\/h4>\n<p>Neuf programmes de lavage uniques qui font partie des 48 options de cycle \u00e0 la pointe du secteur propos\u00e9es par <a title=\"UniLinc\" href=\"\/international\/fr\/technologies\/unilinc\/\">UniLinc<\/a> et qui permettent de r\u00e9duire encore l\u2019utilisation d\u2019eau.<\/p>\n<\/div><\/div><\/div><div class=\"fusion-layout-column fusion_builder_column fusion-builder-column-1 fusion_builder_column_1_4 1_4 fusion-flex-column bor-l\" style=\"--awb-bg-size:cover;--awb-width-large:25%;--awb-margin-top-large:20px;--awb-spacing-right-large:7.68%;--awb-margin-bottom-large:20px;--awb-spacing-left-large:7.68%;--awb-width-medium:25%;--awb-spacing-right-medium:7.68%;--awb-spacing-left-medium:7.68%;--awb-width-small:100%;--awb-spacing-right-small:1.92%;--awb-spacing-left-small:1.92%;\"><div class=\"fusion-column-wrapper fusion-column-has-shadow fusion-flex-justify-content-flex-start fusion-content-layout-column\"><div class=\"fusion-widget-area awb-widget-area-element fusion-widget-area-1 fusion-content-widget-area\" style=\"--awb-title-size:26px;--awb-title-color:#6f727b;--awb-padding:0px 0px 0px 0px;\"><div id=\"nav_menu-5\" class=\"widget widget_nav_menu\" style=\"border-style: solid;border-color:transparent;border-width:0px;\"><div class=\"menu-industries-french-container\"><ul id=\"menu-industries-french\" class=\"menu\"><li id=\"menu-item-12792\" class=\"menu-item menu-item-type-post_type menu-item-object-page menu-item-12792\"><a href=\"https:\/\/unimac.com\/international\/fr\/industries\/\">Industries<\/a><\/li>\n<li id=\"menu-item-12793\" class=\"menu-item menu-item-type-post_type menu-item-object-page menu-item-12793\"><a href=\"https:\/\/unimac.com\/international\/fr\/industries\/soins-de-sante\/\">Soins de sant\u00e9<\/a><\/li>\n<li id=\"menu-item-12794\" class=\"menu-item menu-item-type-post_type menu-item-object-page menu-item-12794\"><a href=\"https:\/\/unimac.com\/international\/fr\/industries\/soins-de-longue-duree\/\">Soins de longue dur\u00e9e<\/a><\/li>\n<li id=\"menu-item-12795\" class=\"menu-item menu-item-type-post_type menu-item-object-page menu-item-12795\"><a href=\"https:\/\/unimac.com\/international\/fr\/industries\/accueil\/\">H\u00f4tels<\/a><\/li>\n<li id=\"menu-item-12796\" class=\"menu-item menu-item-type-post_type menu-item-object-page menu-item-12796\"><a href=\"https:\/\/unimac.com\/international\/fr\/industries\/spa-salon-beaute\/\">Spa\/Salon<\/a><\/li>\n<li id=\"menu-item-12797\" class=\"menu-item menu-item-type-post_type menu-item-object-page menu-item-12797\"><a href=\"https:\/\/unimac.com\/international\/fr\/industries\/restaurant\/\">Restaurant<\/a><\/li>\n<li id=\"menu-item-12798\" class=\"menu-item menu-item-type-post_type menu-item-object-page menu-item-12798\"><a href=\"https:\/\/unimac.com\/international\/fr\/industries\/traiteurs-restaurants\/\">Traiteurs \u2013 Restaurants<\/a><\/li>\n<li id=\"menu-item-12799\" class=\"menu-item menu-item-type-post_type menu-item-object-page menu-item-12799\"><a href=\"https:\/\/unimac.com\/international\/fr\/industries\/blanchisseries-commerciales\/\">Blanchisseries commerciales<\/a><\/li>\n<li id=\"menu-item-12800\" class=\"menu-item menu-item-type-post_type menu-item-object-page menu-item-12800\"><a href=\"https:\/\/unimac.com\/international\/fr\/industries\/gestion-des-installations\/\">Gestion des installations<\/a><\/li>\n<li id=\"menu-item-12801\" class=\"menu-item menu-item-type-post_type menu-item-object-page menu-item-12801\"><a href=\"https:\/\/unimac.com\/international\/fr\/industries\/pressings\/\">Pressings<\/a><\/li>\n<li id=\"menu-item-12802\" class=\"menu-item menu-item-type-post_type menu-item-object-page menu-item-12802\"><a href=\"https:\/\/unimac.com\/international\/fr\/industries\/incendie\/\">Sapeurs-pompiers<\/a><\/li>\n<li id=\"menu-item-12803\" class=\"menu-item menu-item-type-post_type menu-item-object-page menu-item-12803\"><a href=\"https:\/\/unimac.com\/international\/fr\/industries\/transformation-alimentaire\/\">Transformation Alimentaire<\/a><\/li>\n<li id=\"menu-item-12804\" class=\"menu-item menu-item-type-post_type menu-item-object-page menu-item-12804\"><a href=\"https:\/\/unimac.com\/international\/fr\/industries\/secteur-naval\/\">Secteur Naval<\/a><\/li>\n<li id=\"menu-item-12805\" class=\"menu-item menu-item-type-post_type menu-item-object-page menu-item-12805\"><a href=\"https:\/\/unimac.com\/international\/fr\/industries\/administration-penitentiaire\/\">Administration p\u00e9nitentiaire<\/a><\/li>\n<li id=\"menu-item-12806\" class=\"menu-item menu-item-type-post_type menu-item-object-page menu-item-12806\"><a href=\"https:\/\/unimac.com\/international\/fr\/industries\/installations-sportives\/\">Installations sportives<\/a><\/li>\n<\/ul><\/div><\/div><div class=\"fusion-additional-widget-content\"><\/div><\/div><div class=\"fusion-separator fusion-full-width-sep\" style=\"align-self: center;margin-left: auto;margin-right: auto;margin-top:20px;width:100%;\"><\/div><div class=\"fusion-widget-area awb-widget-area-element fusion-widget-area-2 fusion-content-widget-area \u5feb\u901f\u94fe\u63a5\" style=\"--awb-title-size:18px;--awb-title-color:#6f727b;--awb-padding:0px 0px 0px 0px;\"><div class=\"fusion-additional-widget-content\"><\/div><\/div>\n<\/div><\/div><\/div><\/div><div class=\"fusion-fullwidth fullwidth-box fusion-builder-row-2 fusion-flex-container global-footer nonhundred-percent-fullwidth non-hundred-percent-height-scrolling\" style=\"--awb-border-radius-top-left:0px;--awb-border-radius-top-right:0px;--awb-border-radius-bottom-right:0px;--awb-border-radius-bottom-left:0px;--awb-padding-top:30px;--awb-padding-right:0px;--awb-padding-bottom:30px;--awb-padding-left:0px;--awb-margin-bottom:-10px;--awb-background-color:#ec1c24;--awb-flex-wrap:wrap;\" ><\/div>\n<\/p>\n","protected":false},"excerpt":{"rendered":"","protected":false},"author":9,"featured_media":0,"parent":12445,"menu_order":0,"comment_status":"closed","ping_status":"closed","template":"100-width.php","meta":{"inline_featured_image":false,"footnotes":""},"class_list":["post-12354","page","type-page","status-publish","hentry"],"yoast_head":"<!-- This site is optimized with the Yoast SEO Premium plugin v23.4 (Yoast SEO v26.2) - https:\/\/yoast.com\/wordpress\/plugins\/seo\/ -->\n<title>R\u00e9duisez les co\u00fbts de gestion de vos installations de blanchisserie<\/title>\n<meta name=\"description\" content=\"Les laveuses-essoreuses industrielles UniMac sont con\u00e7ues pour r\u00e9duire les co\u00fbts de gestion de vos installations de blanchisserie tout en r\u00e9pondant aux normes RABC, les plus strictes en mati\u00e8re d\u2019hygi\u00e8ne.\" \/>\n<meta name=\"robots\" content=\"index, follow, max-snippet:-1, max-image-preview:large, max-video-preview:-1\" \/>\n<link rel=\"canonical\" href=\"https:\/\/unimac.com\/international\/fr\/industries\/gestion-des-installations\/\" \/>\n<meta property=\"og:locale\" content=\"fr_FR\" \/>\n<meta property=\"og:type\" content=\"article\" \/>\n<meta property=\"og:title\" content=\"Gestion des installations\" \/>\n<meta property=\"og:description\" content=\"Les laveuses-essoreuses industrielles UniMac sont con\u00e7ues pour r\u00e9duire les co\u00fbts de gestion de vos installations de blanchisserie tout en r\u00e9pondant aux normes RABC, les plus strictes en mati\u00e8re d\u2019hygi\u00e8ne.\" \/>\n<meta property=\"og:url\" content=\"https:\/\/unimac.com\/international\/fr\/industries\/gestion-des-installations\/\" \/>\n<meta property=\"og:site_name\" content=\"Unimac International\" \/>\n<meta property=\"article:modified_time\" content=\"2021-01-20T21:45:57+00:00\" \/>\n<meta name=\"twitter:card\" content=\"summary_large_image\" \/>\n<meta name=\"twitter:label1\" content=\"Dur\u00e9e de lecture estim\u00e9e\" \/>\n\t<meta name=\"twitter:data1\" content=\"6 minutes\" \/>\n<script type=\"application\/ld+json\" class=\"yoast-schema-graph\">{\"@context\":\"https:\/\/schema.org\",\"@graph\":[{\"@type\":\"WebPage\",\"@id\":\"https:\/\/unimac.com\/international\/fr\/industries\/gestion-des-installations\/\",\"url\":\"https:\/\/unimac.com\/international\/fr\/industries\/gestion-des-installations\/\",\"name\":\"R\u00e9duisez les co\u00fbts de gestion de vos installations de blanchisserie\",\"isPartOf\":{\"@id\":\"https:\/\/unimac.com\/international\/#website\"},\"datePublished\":\"2021-01-19T12:04:57+00:00\",\"dateModified\":\"2021-01-20T21:45:57+00:00\",\"description\":\"Les laveuses-essoreuses industrielles UniMac sont con\u00e7ues pour r\u00e9duire les co\u00fbts de gestion de vos installations de blanchisserie tout en r\u00e9pondant aux normes RABC, les plus strictes en mati\u00e8re d\u2019hygi\u00e8ne.\",\"breadcrumb\":{\"@id\":\"https:\/\/unimac.com\/international\/fr\/industries\/gestion-des-installations\/#breadcrumb\"},\"inLanguage\":\"fr-FR\",\"potentialAction\":[{\"@type\":\"ReadAction\",\"target\":[\"https:\/\/unimac.com\/international\/fr\/industries\/gestion-des-installations\/\"]}]},{\"@type\":\"BreadcrumbList\",\"@id\":\"https:\/\/unimac.com\/international\/fr\/industries\/gestion-des-installations\/#breadcrumb\",\"itemListElement\":[{\"@type\":\"ListItem\",\"position\":1,\"name\":\"Home\",\"item\":\"https:\/\/unimac.com\/international\/fr\/\"},{\"@type\":\"ListItem\",\"position\":2,\"name\":\"Industries\",\"item\":\"https:\/\/unimac.com\/international\/fr\/industries\/\"},{\"@type\":\"ListItem\",\"position\":3,\"name\":\"Gestion des installations\"}]},{\"@type\":\"WebSite\",\"@id\":\"https:\/\/unimac.com\/international\/#website\",\"url\":\"https:\/\/unimac.com\/international\/\",\"name\":\"Unimac International\",\"description\":\"Maximum Performance\",\"publisher\":{\"@id\":\"https:\/\/unimac.com\/international\/#organization\"},\"potentialAction\":[{\"@type\":\"SearchAction\",\"target\":{\"@type\":\"EntryPoint\",\"urlTemplate\":\"https:\/\/unimac.com\/international\/?s={search_term_string}\"},\"query-input\":{\"@type\":\"PropertyValueSpecification\",\"valueRequired\":true,\"valueName\":\"search_term_string\"}}],\"inLanguage\":\"fr-FR\"},{\"@type\":\"Organization\",\"@id\":\"https:\/\/unimac.com\/international\/#organization\",\"name\":\"UniMac International\",\"url\":\"https:\/\/unimac.com\/international\/\",\"logo\":{\"@type\":\"ImageObject\",\"inLanguage\":\"fr-FR\",\"@id\":\"https:\/\/unimac.com\/international\/#\/schema\/logo\/image\/\",\"url\":\"https:\/\/unimac.com\/international\/wp-content\/uploads\/sites\/2\/2019\/07\/logo.png\",\"contentUrl\":\"https:\/\/unimac.com\/international\/wp-content\/uploads\/sites\/2\/2019\/07\/logo.png\",\"width\":200,\"height\":73,\"caption\":\"UniMac International\"},\"image\":{\"@id\":\"https:\/\/unimac.com\/international\/#\/schema\/logo\/image\/\"}}]}<\/script>\n<!-- \/ Yoast SEO Premium plugin. -->","yoast_head_json":{"title":"R\u00e9duisez les co\u00fbts de gestion de vos installations de blanchisserie","description":"Les laveuses-essoreuses industrielles UniMac sont con\u00e7ues pour r\u00e9duire les co\u00fbts de gestion de vos installations de blanchisserie tout en r\u00e9pondant aux normes RABC, les plus strictes en mati\u00e8re d\u2019hygi\u00e8ne.","robots":{"index":"index","follow":"follow","max-snippet":"max-snippet:-1","max-image-preview":"max-image-preview:large","max-video-preview":"max-video-preview:-1"},"canonical":"https:\/\/unimac.com\/international\/fr\/industries\/gestion-des-installations\/","og_locale":"fr_FR","og_type":"article","og_title":"Gestion des installations","og_description":"Les laveuses-essoreuses industrielles UniMac sont con\u00e7ues pour r\u00e9duire les co\u00fbts de gestion de vos installations de blanchisserie tout en r\u00e9pondant aux normes RABC, les plus strictes en mati\u00e8re d\u2019hygi\u00e8ne.","og_url":"https:\/\/unimac.com\/international\/fr\/industries\/gestion-des-installations\/","og_site_name":"Unimac International","article_modified_time":"2021-01-20T21:45:57+00:00","twitter_card":"summary_large_image","twitter_misc":{"Dur\u00e9e de lecture estim\u00e9e":"6 minutes"},"schema":{"@context":"https:\/\/schema.org","@graph":[{"@type":"WebPage","@id":"https:\/\/unimac.com\/international\/fr\/industries\/gestion-des-installations\/","url":"https:\/\/unimac.com\/international\/fr\/industries\/gestion-des-installations\/","name":"R\u00e9duisez les co\u00fbts de gestion de vos installations de blanchisserie","isPartOf":{"@id":"https:\/\/unimac.com\/international\/#website"},"datePublished":"2021-01-19T12:04:57+00:00","dateModified":"2021-01-20T21:45:57+00:00","description":"Les laveuses-essoreuses industrielles UniMac sont con\u00e7ues pour r\u00e9duire les co\u00fbts de gestion de vos installations de blanchisserie tout en r\u00e9pondant aux normes RABC, les plus strictes en mati\u00e8re d\u2019hygi\u00e8ne.","breadcrumb":{"@id":"https:\/\/unimac.com\/international\/fr\/industries\/gestion-des-installations\/#breadcrumb"},"inLanguage":"fr-FR","potentialAction":[{"@type":"ReadAction","target":["https:\/\/unimac.com\/international\/fr\/industries\/gestion-des-installations\/"]}]},{"@type":"BreadcrumbList","@id":"https:\/\/unimac.com\/international\/fr\/industries\/gestion-des-installations\/#breadcrumb","itemListElement":[{"@type":"ListItem","position":1,"name":"Home","item":"https:\/\/unimac.com\/international\/fr\/"},{"@type":"ListItem","position":2,"name":"Industries","item":"https:\/\/unimac.com\/international\/fr\/industries\/"},{"@type":"ListItem","position":3,"name":"Gestion des installations"}]},{"@type":"WebSite","@id":"https:\/\/unimac.com\/international\/#website","url":"https:\/\/unimac.com\/international\/","name":"Unimac International","description":"Maximum Performance","publisher":{"@id":"https:\/\/unimac.com\/international\/#organization"},"potentialAction":[{"@type":"SearchAction","target":{"@type":"EntryPoint","urlTemplate":"https:\/\/unimac.com\/international\/?s={search_term_string}"},"query-input":{"@type":"PropertyValueSpecification","valueRequired":true,"valueName":"search_term_string"}}],"inLanguage":"fr-FR"},{"@type":"Organization","@id":"https:\/\/unimac.com\/international\/#organization","name":"UniMac International","url":"https:\/\/unimac.com\/international\/","logo":{"@type":"ImageObject","inLanguage":"fr-FR","@id":"https:\/\/unimac.com\/international\/#\/schema\/logo\/image\/","url":"https:\/\/unimac.com\/international\/wp-content\/uploads\/sites\/2\/2019\/07\/logo.png","contentUrl":"https:\/\/unimac.com\/international\/wp-content\/uploads\/sites\/2\/2019\/07\/logo.png","width":200,"height":73,"caption":"UniMac International"},"image":{"@id":"https:\/\/unimac.com\/international\/#\/schema\/logo\/image\/"}}]}},"_links":{"self":[{"href":"https:\/\/unimac.com\/international\/fr\/wp-json\/wp\/v2\/pages\/12354","targetHints":{"allow":["GET"]}}],"collection":[{"href":"https:\/\/unimac.com\/international\/fr\/wp-json\/wp\/v2\/pages"}],"about":[{"href":"https:\/\/unimac.com\/international\/fr\/wp-json\/wp\/v2\/types\/page"}],"author":[{"embeddable":true,"href":"https:\/\/unimac.com\/international\/fr\/wp-json\/wp\/v2\/users\/9"}],"replies":[{"embeddable":true,"href":"https:\/\/unimac.com\/international\/fr\/wp-json\/wp\/v2\/comments?post=12354"}],"version-history":[{"count":4,"href":"https:\/\/unimac.com\/international\/fr\/wp-json\/wp\/v2\/pages\/12354\/revisions"}],"predecessor-version":[{"id":12634,"href":"https:\/\/unimac.com\/international\/fr\/wp-json\/wp\/v2\/pages\/12354\/revisions\/12634"}],"up":[{"embeddable":true,"href":"https:\/\/unimac.com\/international\/fr\/wp-json\/wp\/v2\/pages\/12445"}],"wp:attachment":[{"href":"https:\/\/unimac.com\/international\/fr\/wp-json\/wp\/v2\/media?parent=12354"}],"curies":[{"name":"wp","href":"https:\/\/api.w.org\/{rel}","templated":true}]}}