{"id":12360,"date":"2021-01-19T12:06:21","date_gmt":"2021-01-19T12:06:21","guid":{"rendered":"https:\/\/unimac.com\/en-international\/?page_id=12360"},"modified":"2021-01-20T21:51:41","modified_gmt":"2021-01-20T21:51:41","slug":"transformation-alimentaire","status":"publish","type":"page","link":"https:\/\/unimac.com\/international\/fr\/industries\/transformation-alimentaire\/","title":{"rendered":"Transformation Alimentaire"},"content":{"rendered":"<p><div class=\"fusion-fullwidth fullwidth-box fusion-builder-row-1 fusion-flex-container nonhundred-percent-fullwidth non-hundred-percent-height-scrolling\" style=\"--awb-border-radius-top-left:0px;--awb-border-radius-top-right:0px;--awb-border-radius-bottom-right:0px;--awb-border-radius-bottom-left:0px;--awb-flex-wrap:wrap;\" ><div class=\"fusion-builder-row fusion-row fusion-flex-align-items-flex-start fusion-flex-content-wrap\" style=\"max-width:1216.8px;margin-left: calc(-4% \/ 2 );margin-right: calc(-4% \/ 2 );\"><div class=\"fusion-layout-column fusion_builder_column fusion-builder-column-0 fusion_builder_column_3_4 3_4 fusion-flex-column\" style=\"--awb-bg-size:cover;--awb-width-large:75%;--awb-margin-top-large:20px;--awb-spacing-right-large:2.56%;--awb-margin-bottom-large:20px;--awb-spacing-left-large:2.56%;--awb-width-medium:75%;--awb-spacing-right-medium:2.56%;--awb-spacing-left-medium:2.56%;--awb-width-small:100%;--awb-spacing-right-small:1.92%;--awb-spacing-left-small:1.92%;\"><div class=\"fusion-column-wrapper fusion-column-has-shadow fusion-flex-justify-content-flex-start fusion-content-layout-column\"><div class=\"fusion-text fusion-text-1\"><h2>Les entreprises de transformation alimentaire g\u00e8rent du linge parmi le plus souill\u00e9 tous les secteurs. C\u2019est pourquoi UniMac leur offre de solutions de blanchisserie parfaites.<\/h2>\n<h3>EXPERT EN TRANSFORMATION ALIMENTAIRE ET PROCESSUS D\u2019HYGI\u00c8NE<\/h3>\n<p>Depuis plus de 60 ans, UniMac<sup>\u00ae<\/sup> s\u2019est concentr\u00e9 sur une offre permettant de r\u00e9pondre aux besoins sp\u00e9cifiques du secteur de la transformation alimentaire. Nous travaillons en \u00e9troite collaboration avec nos clients pour identifier leurs principales pr\u00e9occupations et y r\u00e9pondre tout en leur assurant les co\u00fbts de possession les plus bas du secteur.<\/p>\n<\/div><div class=\"fusion-slider-sc\"><div class=\"fusion-flexslider-loading flexslider flexslider-hover-type-none\" data-slideshow_autoplay=\"1\" data-slideshow_smooth_height=\"0\" data-slideshow_speed=\"5000\" style=\"max-width:100%;height:100%;\"><ul class=\"slides\"><li class=\"image\"><span class=\"fusion-image-hover-element hover-type-none\"><img decoding=\"async\" data-src=\"https:\/\/unimac.com\/international\/wp-content\/uploads\/sites\/2\/2020\/09\/GettyImages-1002196558_RT-300x200.jpg\" alt=\"Laundry for food processing industry by UniMac\" width=\"300\" height=\"200\" class=\"wp-image-9173 lazyload\" data-srcset=\"https:\/\/unimac.com\/international\/wp-content\/uploads\/sites\/2\/2020\/09\/GettyImages-1002196558_RT-200x133.jpg 200w, https:\/\/unimac.com\/international\/wp-content\/uploads\/sites\/2\/2020\/09\/GettyImages-1002196558_RT-400x267.jpg 400w, https:\/\/unimac.com\/international\/wp-content\/uploads\/sites\/2\/2020\/09\/GettyImages-1002196558_RT-600x400.jpg 600w, https:\/\/unimac.com\/international\/wp-content\/uploads\/sites\/2\/2020\/09\/GettyImages-1002196558_RT-800x533.jpg 800w, https:\/\/unimac.com\/international\/wp-content\/uploads\/sites\/2\/2020\/09\/GettyImages-1002196558_RT-1200x800.jpg 1200w\" data-sizes=\"(max-width: 640px) 100vw, 1200px\" src=\"data:image\/svg+xml;base64,PHN2ZyB3aWR0aD0iMSIgaGVpZ2h0PSIxIiB4bWxucz0iaHR0cDovL3d3dy53My5vcmcvMjAwMC9zdmciPjwvc3ZnPg==\" style=\"--smush-placeholder-width: 300px; --smush-placeholder-aspect-ratio: 300\/200;\" \/><\/span><\/li><\/ul><\/div><\/div><div class=\"fusion-title title fusion-title-1 fusion-title-text fusion-title-size-four\" style=\"--awb-margin-top:30px;--awb-margin-bottom:0px;--awb-margin-top-small:30px;--awb-margin-bottom-small:0px;\"><div class=\"title-sep-container title-sep-container-left fusion-no-large-visibility fusion-no-medium-visibility fusion-no-small-visibility\"><div class=\"title-sep sep- sep-solid\" style=\"border-color:#e0dede;\"><\/div><\/div><span class=\"awb-title-spacer fusion-no-large-visibility fusion-no-medium-visibility fusion-no-small-visibility\"><\/span><h4 class=\"fusion-title-heading title-heading-left fusion-responsive-typography-calculated\" style=\"margin:0;--fontSize:18;--minFontSize:18;line-height:1.4;\"><p data-fontsize=\"18\" data-lineheight=\"25\">Con\u00e7us pour r\u00e9pondre \u00e0 vos besoins<\/p><\/h4><span class=\"awb-title-spacer\"><\/span><div class=\"title-sep-container title-sep-container-right\"><div class=\"title-sep sep- sep-solid\" style=\"border-color:#e0dede;\"><\/div><\/div><\/div><div class=\"fusion-text fusion-text-2\"><p>Les installations de transformation alimentaire doivent g\u00e9rer le linge parmi le plus souill\u00e9 de tous les secteurs ; c\u2019est pourquoi UniMac leur propose des commandes hautement programmables pour ajuster les cycles et g\u00e9rer m\u00eame les chargements les plus sales.<br \/>\nDans des environnements au rythme effr\u00e9n\u00e9 et \u00e0 la production \u00e9lev\u00e9e, nous nous adaptons \u00e0 votre productivit\u00e9 \u00e9lev\u00e9e gr\u00e2ce \u00e0 des syst\u00e8mes de rapports avanc\u00e9s et \u00e0 des performances qui vous assurent de tirer le maximum des heures de main-d&rsquo;\u0153uvre de votre blanchisserie.<br \/>\nPour votre personnel international, travaillant souvent \u00e0 temps partiel, nous proposons des <a title=\"UniLinc\" href=\"\/international\/fr\/technologies\/unilinc\/\">options de commande multilingues<\/a> tr\u00e8s simples \u00e0 utiliser et qui permettent de lancer des cycles de lavage r\u00e9p\u00e9titifs d\u2019un simple bouton.<br \/>\nRespect des normes de fonctionnement gouvernementales gr\u00e2ce \u00e0 des capacit\u00e9s de reporting avanc\u00e9es et des processus automatis\u00e9s qui vous assurent le respect de ces normes.<br \/>\nDans un secteur o\u00f9 aucune panne ne peut \u00eatre accept\u00e9e, vous pouvez avoir confiance en notre durabilit\u00e9 in\u00e9gal\u00e9e, appuy\u00e9e par une garantie exceptionnelle et le plus vaste r\u00e9seau de services avec 1200+ distributor d&rsquo;Alliance Laundry Systems.<\/p>\n<\/div><\/div><\/div><div class=\"fusion-layout-column fusion_builder_column fusion-builder-column-1 fusion_builder_column_1_4 1_4 fusion-flex-column\" style=\"--awb-bg-size:cover;--awb-width-large:25%;--awb-margin-top-large:20px;--awb-spacing-right-large:7.68%;--awb-margin-bottom-large:20px;--awb-spacing-left-large:7.68%;--awb-width-medium:25%;--awb-spacing-right-medium:7.68%;--awb-spacing-left-medium:7.68%;--awb-width-small:100%;--awb-spacing-right-small:1.92%;--awb-spacing-left-small:1.92%;\"><div class=\"fusion-column-wrapper fusion-column-has-shadow fusion-flex-justify-content-flex-start fusion-content-layout-column\"><div class=\"fusion-widget-area awb-widget-area-element fusion-widget-area-1 fusion-content-widget-area\" style=\"--awb-title-size:26px;--awb-title-color:#6f727b;--awb-padding:0px 0px 0px 0px;\"><div id=\"nav_menu-5\" class=\"widget widget_nav_menu\" style=\"border-style: solid;border-color:transparent;border-width:0px;\"><div class=\"menu-industries-french-container\"><ul id=\"menu-industries-french\" class=\"menu\"><li id=\"menu-item-12792\" class=\"menu-item menu-item-type-post_type menu-item-object-page menu-item-12792\"><a href=\"https:\/\/unimac.com\/international\/fr\/industries\/\">Industries<\/a><\/li>\n<li id=\"menu-item-12793\" class=\"menu-item menu-item-type-post_type menu-item-object-page menu-item-12793\"><a href=\"https:\/\/unimac.com\/international\/fr\/industries\/soins-de-sante\/\">Soins de sant\u00e9<\/a><\/li>\n<li id=\"menu-item-12794\" class=\"menu-item menu-item-type-post_type menu-item-object-page menu-item-12794\"><a href=\"https:\/\/unimac.com\/international\/fr\/industries\/soins-de-longue-duree\/\">Soins de longue dur\u00e9e<\/a><\/li>\n<li id=\"menu-item-12795\" class=\"menu-item menu-item-type-post_type menu-item-object-page menu-item-12795\"><a href=\"https:\/\/unimac.com\/international\/fr\/industries\/accueil\/\">H\u00f4tels<\/a><\/li>\n<li id=\"menu-item-12796\" class=\"menu-item menu-item-type-post_type menu-item-object-page menu-item-12796\"><a href=\"https:\/\/unimac.com\/international\/fr\/industries\/spa-salon-beaute\/\">Spa\/Salon<\/a><\/li>\n<li id=\"menu-item-12797\" class=\"menu-item menu-item-type-post_type menu-item-object-page menu-item-12797\"><a href=\"https:\/\/unimac.com\/international\/fr\/industries\/restaurant\/\">Restaurant<\/a><\/li>\n<li id=\"menu-item-12798\" class=\"menu-item menu-item-type-post_type menu-item-object-page menu-item-12798\"><a href=\"https:\/\/unimac.com\/international\/fr\/industries\/traiteurs-restaurants\/\">Traiteurs \u2013 Restaurants<\/a><\/li>\n<li id=\"menu-item-12799\" class=\"menu-item menu-item-type-post_type menu-item-object-page menu-item-12799\"><a href=\"https:\/\/unimac.com\/international\/fr\/industries\/blanchisseries-commerciales\/\">Blanchisseries commerciales<\/a><\/li>\n<li id=\"menu-item-12800\" class=\"menu-item menu-item-type-post_type menu-item-object-page menu-item-12800\"><a href=\"https:\/\/unimac.com\/international\/fr\/industries\/gestion-des-installations\/\">Gestion des installations<\/a><\/li>\n<li id=\"menu-item-12801\" class=\"menu-item menu-item-type-post_type menu-item-object-page menu-item-12801\"><a href=\"https:\/\/unimac.com\/international\/fr\/industries\/pressings\/\">Pressings<\/a><\/li>\n<li id=\"menu-item-12802\" class=\"menu-item menu-item-type-post_type menu-item-object-page menu-item-12802\"><a href=\"https:\/\/unimac.com\/international\/fr\/industries\/incendie\/\">Sapeurs-pompiers<\/a><\/li>\n<li id=\"menu-item-12803\" class=\"menu-item menu-item-type-post_type menu-item-object-page menu-item-12803\"><a href=\"https:\/\/unimac.com\/international\/fr\/industries\/transformation-alimentaire\/\">Transformation Alimentaire<\/a><\/li>\n<li id=\"menu-item-12804\" class=\"menu-item menu-item-type-post_type menu-item-object-page menu-item-12804\"><a href=\"https:\/\/unimac.com\/international\/fr\/industries\/secteur-naval\/\">Secteur Naval<\/a><\/li>\n<li id=\"menu-item-12805\" class=\"menu-item menu-item-type-post_type menu-item-object-page menu-item-12805\"><a href=\"https:\/\/unimac.com\/international\/fr\/industries\/administration-penitentiaire\/\">Administration p\u00e9nitentiaire<\/a><\/li>\n<li id=\"menu-item-12806\" class=\"menu-item menu-item-type-post_type menu-item-object-page menu-item-12806\"><a href=\"https:\/\/unimac.com\/international\/fr\/industries\/installations-sportives\/\">Installations sportives<\/a><\/li>\n<\/ul><\/div><\/div><div class=\"fusion-additional-widget-content\"><\/div><\/div><div class=\"fusion-separator fusion-full-width-sep\" style=\"align-self: center;margin-left: auto;margin-right: auto;margin-top:30px;width:100%;\"><\/div><div class=\"fusion-widget-area awb-widget-area-element fusion-widget-area-2 fusion-content-widget-area quick-links\" style=\"--awb-title-size:18px;--awb-title-color:#6f727b;--awb-padding:0px 0px 0px 0px;\"><div id=\"nav_menu-18\" class=\"widget widget_nav_menu\" style=\"border-style: solid;border-color:transparent;border-width:0px;\"><div class=\"heading\"><h4 class=\"widget-title\">Quick Links<\/h4><\/div><div class=\"menu-quick-links-architect-tools-french-container\"><ul id=\"menu-quick-links-architect-tools-french\" class=\"menu\"><li id=\"menu-item-12856\" class=\"menu-item menu-item-type-custom menu-item-object-custom menu-item-12856\"><a href=\"https:\/\/unimac.com\/international\/contact\/\">Request a Quote<\/a><\/li>\n<li id=\"menu-item-12857\" class=\"menu-item menu-item-type-post_type menu-item-object-page menu-item-12857\"><a href=\"https:\/\/unimac.com\/international\/fr\/contact\/trouver-un-distributeur\/\">Trouver un distributeur<\/a><\/li>\n<li id=\"menu-item-12858\" class=\"menu-item menu-item-type-post_type menu-item-object-page menu-item-12858\"><a href=\"https:\/\/unimac.com\/international\/fr\/architectes\/\">Architectes<\/a><\/li>\n<\/ul><\/div><\/div><div class=\"fusion-additional-widget-content\"><\/div><\/div>\n<\/div><\/div><\/div><\/div><div class=\"fusion-fullwidth fullwidth-box fusion-builder-row-2 fusion-flex-container global-footer nonhundred-percent-fullwidth non-hundred-percent-height-scrolling\" style=\"--awb-border-radius-top-left:0px;--awb-border-radius-top-right:0px;--awb-border-radius-bottom-right:0px;--awb-border-radius-bottom-left:0px;--awb-padding-top:30px;--awb-padding-right:0px;--awb-padding-bottom:30px;--awb-padding-left:0px;--awb-margin-bottom:-10px;--awb-background-color:#ec1c24;--awb-flex-wrap:wrap;\" ><\/div>\n<\/p>\n","protected":false},"excerpt":{"rendered":"","protected":false},"author":9,"featured_media":0,"parent":12445,"menu_order":0,"comment_status":"closed","ping_status":"closed","template":"100-width.php","meta":{"inline_featured_image":false,"footnotes":""},"class_list":["post-12360","page","type-page","status-publish","hentry"],"yoast_head":"<!-- This site is optimized with the Yoast SEO Premium plugin v23.4 (Yoast SEO v26.2) - https:\/\/yoast.com\/wordpress\/plugins\/seo\/ -->\n<title>Les meilleures solutions de blanchisserie pour les entreprises de transformation alimentaire<\/title>\n<meta name=\"description\" content=\"Les entreprises de transformation alimentaire g\u00e8rent du linge parmi le plus souill\u00e9 tous les secteurs. C\u2019est pourquoi UniMac leur offre de solutions de blanchisserie parfaites.\" \/>\n<meta name=\"robots\" content=\"index, follow, max-snippet:-1, max-image-preview:large, max-video-preview:-1\" \/>\n<link rel=\"canonical\" href=\"https:\/\/unimac.com\/international\/fr\/industries\/transformation-alimentaire\/\" \/>\n<meta property=\"og:locale\" content=\"fr_FR\" \/>\n<meta property=\"og:type\" content=\"article\" \/>\n<meta property=\"og:title\" content=\"Transformation Alimentaire\" \/>\n<meta property=\"og:description\" content=\"Les entreprises de transformation alimentaire g\u00e8rent du linge parmi le plus souill\u00e9 tous les secteurs. C\u2019est pourquoi UniMac leur offre de solutions de blanchisserie parfaites.\" \/>\n<meta property=\"og:url\" content=\"https:\/\/unimac.com\/international\/fr\/industries\/transformation-alimentaire\/\" \/>\n<meta property=\"og:site_name\" content=\"Unimac International\" \/>\n<meta property=\"article:modified_time\" content=\"2021-01-20T21:51:41+00:00\" \/>\n<meta name=\"twitter:card\" content=\"summary_large_image\" \/>\n<meta name=\"twitter:label1\" content=\"Dur\u00e9e de lecture estim\u00e9e\" \/>\n\t<meta name=\"twitter:data1\" content=\"5 minutes\" \/>\n<script type=\"application\/ld+json\" class=\"yoast-schema-graph\">{\"@context\":\"https:\/\/schema.org\",\"@graph\":[{\"@type\":\"WebPage\",\"@id\":\"https:\/\/unimac.com\/international\/fr\/industries\/transformation-alimentaire\/\",\"url\":\"https:\/\/unimac.com\/international\/fr\/industries\/transformation-alimentaire\/\",\"name\":\"Les meilleures solutions de blanchisserie pour les entreprises de transformation alimentaire\",\"isPartOf\":{\"@id\":\"https:\/\/unimac.com\/international\/#website\"},\"datePublished\":\"2021-01-19T12:06:21+00:00\",\"dateModified\":\"2021-01-20T21:51:41+00:00\",\"description\":\"Les entreprises de transformation alimentaire g\u00e8rent du linge parmi le plus souill\u00e9 tous les secteurs. C\u2019est pourquoi UniMac leur offre de solutions de blanchisserie parfaites.\",\"breadcrumb\":{\"@id\":\"https:\/\/unimac.com\/international\/fr\/industries\/transformation-alimentaire\/#breadcrumb\"},\"inLanguage\":\"fr-FR\",\"potentialAction\":[{\"@type\":\"ReadAction\",\"target\":[\"https:\/\/unimac.com\/international\/fr\/industries\/transformation-alimentaire\/\"]}]},{\"@type\":\"BreadcrumbList\",\"@id\":\"https:\/\/unimac.com\/international\/fr\/industries\/transformation-alimentaire\/#breadcrumb\",\"itemListElement\":[{\"@type\":\"ListItem\",\"position\":1,\"name\":\"Home\",\"item\":\"https:\/\/unimac.com\/international\/fr\/\"},{\"@type\":\"ListItem\",\"position\":2,\"name\":\"Industries\",\"item\":\"https:\/\/unimac.com\/international\/fr\/industries\/\"},{\"@type\":\"ListItem\",\"position\":3,\"name\":\"Transformation Alimentaire\"}]},{\"@type\":\"WebSite\",\"@id\":\"https:\/\/unimac.com\/international\/#website\",\"url\":\"https:\/\/unimac.com\/international\/\",\"name\":\"Unimac International\",\"description\":\"Maximum Performance\",\"publisher\":{\"@id\":\"https:\/\/unimac.com\/international\/#organization\"},\"potentialAction\":[{\"@type\":\"SearchAction\",\"target\":{\"@type\":\"EntryPoint\",\"urlTemplate\":\"https:\/\/unimac.com\/international\/?s={search_term_string}\"},\"query-input\":{\"@type\":\"PropertyValueSpecification\",\"valueRequired\":true,\"valueName\":\"search_term_string\"}}],\"inLanguage\":\"fr-FR\"},{\"@type\":\"Organization\",\"@id\":\"https:\/\/unimac.com\/international\/#organization\",\"name\":\"UniMac International\",\"url\":\"https:\/\/unimac.com\/international\/\",\"logo\":{\"@type\":\"ImageObject\",\"inLanguage\":\"fr-FR\",\"@id\":\"https:\/\/unimac.com\/international\/#\/schema\/logo\/image\/\",\"url\":\"https:\/\/unimac.com\/international\/wp-content\/uploads\/sites\/2\/2019\/07\/logo.png\",\"contentUrl\":\"https:\/\/unimac.com\/international\/wp-content\/uploads\/sites\/2\/2019\/07\/logo.png\",\"width\":200,\"height\":73,\"caption\":\"UniMac International\"},\"image\":{\"@id\":\"https:\/\/unimac.com\/international\/#\/schema\/logo\/image\/\"}}]}<\/script>\n<!-- \/ Yoast SEO Premium plugin. -->","yoast_head_json":{"title":"Les meilleures solutions de blanchisserie pour les entreprises de transformation alimentaire","description":"Les entreprises de transformation alimentaire g\u00e8rent du linge parmi le plus souill\u00e9 tous les secteurs. C\u2019est pourquoi UniMac leur offre de solutions de blanchisserie parfaites.","robots":{"index":"index","follow":"follow","max-snippet":"max-snippet:-1","max-image-preview":"max-image-preview:large","max-video-preview":"max-video-preview:-1"},"canonical":"https:\/\/unimac.com\/international\/fr\/industries\/transformation-alimentaire\/","og_locale":"fr_FR","og_type":"article","og_title":"Transformation Alimentaire","og_description":"Les entreprises de transformation alimentaire g\u00e8rent du linge parmi le plus souill\u00e9 tous les secteurs. C\u2019est pourquoi UniMac leur offre de solutions de blanchisserie parfaites.","og_url":"https:\/\/unimac.com\/international\/fr\/industries\/transformation-alimentaire\/","og_site_name":"Unimac International","article_modified_time":"2021-01-20T21:51:41+00:00","twitter_card":"summary_large_image","twitter_misc":{"Dur\u00e9e de lecture estim\u00e9e":"5 minutes"},"schema":{"@context":"https:\/\/schema.org","@graph":[{"@type":"WebPage","@id":"https:\/\/unimac.com\/international\/fr\/industries\/transformation-alimentaire\/","url":"https:\/\/unimac.com\/international\/fr\/industries\/transformation-alimentaire\/","name":"Les meilleures solutions de blanchisserie pour les entreprises de transformation alimentaire","isPartOf":{"@id":"https:\/\/unimac.com\/international\/#website"},"datePublished":"2021-01-19T12:06:21+00:00","dateModified":"2021-01-20T21:51:41+00:00","description":"Les entreprises de transformation alimentaire g\u00e8rent du linge parmi le plus souill\u00e9 tous les secteurs. C\u2019est pourquoi UniMac leur offre de solutions de blanchisserie parfaites.","breadcrumb":{"@id":"https:\/\/unimac.com\/international\/fr\/industries\/transformation-alimentaire\/#breadcrumb"},"inLanguage":"fr-FR","potentialAction":[{"@type":"ReadAction","target":["https:\/\/unimac.com\/international\/fr\/industries\/transformation-alimentaire\/"]}]},{"@type":"BreadcrumbList","@id":"https:\/\/unimac.com\/international\/fr\/industries\/transformation-alimentaire\/#breadcrumb","itemListElement":[{"@type":"ListItem","position":1,"name":"Home","item":"https:\/\/unimac.com\/international\/fr\/"},{"@type":"ListItem","position":2,"name":"Industries","item":"https:\/\/unimac.com\/international\/fr\/industries\/"},{"@type":"ListItem","position":3,"name":"Transformation Alimentaire"}]},{"@type":"WebSite","@id":"https:\/\/unimac.com\/international\/#website","url":"https:\/\/unimac.com\/international\/","name":"Unimac International","description":"Maximum Performance","publisher":{"@id":"https:\/\/unimac.com\/international\/#organization"},"potentialAction":[{"@type":"SearchAction","target":{"@type":"EntryPoint","urlTemplate":"https:\/\/unimac.com\/international\/?s={search_term_string}"},"query-input":{"@type":"PropertyValueSpecification","valueRequired":true,"valueName":"search_term_string"}}],"inLanguage":"fr-FR"},{"@type":"Organization","@id":"https:\/\/unimac.com\/international\/#organization","name":"UniMac International","url":"https:\/\/unimac.com\/international\/","logo":{"@type":"ImageObject","inLanguage":"fr-FR","@id":"https:\/\/unimac.com\/international\/#\/schema\/logo\/image\/","url":"https:\/\/unimac.com\/international\/wp-content\/uploads\/sites\/2\/2019\/07\/logo.png","contentUrl":"https:\/\/unimac.com\/international\/wp-content\/uploads\/sites\/2\/2019\/07\/logo.png","width":200,"height":73,"caption":"UniMac International"},"image":{"@id":"https:\/\/unimac.com\/international\/#\/schema\/logo\/image\/"}}]}},"_links":{"self":[{"href":"https:\/\/unimac.com\/international\/fr\/wp-json\/wp\/v2\/pages\/12360","targetHints":{"allow":["GET"]}}],"collection":[{"href":"https:\/\/unimac.com\/international\/fr\/wp-json\/wp\/v2\/pages"}],"about":[{"href":"https:\/\/unimac.com\/international\/fr\/wp-json\/wp\/v2\/types\/page"}],"author":[{"embeddable":true,"href":"https:\/\/unimac.com\/international\/fr\/wp-json\/wp\/v2\/users\/9"}],"replies":[{"embeddable":true,"href":"https:\/\/unimac.com\/international\/fr\/wp-json\/wp\/v2\/comments?post=12360"}],"version-history":[{"count":4,"href":"https:\/\/unimac.com\/international\/fr\/wp-json\/wp\/v2\/pages\/12360\/revisions"}],"predecessor-version":[{"id":12637,"href":"https:\/\/unimac.com\/international\/fr\/wp-json\/wp\/v2\/pages\/12360\/revisions\/12637"}],"up":[{"embeddable":true,"href":"https:\/\/unimac.com\/international\/fr\/wp-json\/wp\/v2\/pages\/12445"}],"wp:attachment":[{"href":"https:\/\/unimac.com\/international\/fr\/wp-json\/wp\/v2\/media?parent=12360"}],"curies":[{"name":"wp","href":"https:\/\/api.w.org\/{rel}","templated":true}]}}