{"id":12366,"date":"2021-01-19T12:08:20","date_gmt":"2021-01-19T12:08:20","guid":{"rendered":"https:\/\/unimac.com\/en-international\/?page_id=12366"},"modified":"2024-11-05T20:09:16","modified_gmt":"2024-11-05T20:09:16","slug":"administration-penitentiaire","status":"publish","type":"page","link":"https:\/\/unimac.com\/international\/fr\/industries\/administration-penitentiaire\/","title":{"rendered":"Administration p\u00e9nitentiaire"},"content":{"rendered":"<p><div class=\"fusion-fullwidth fullwidth-box fusion-builder-row-1 fusion-flex-container nonhundred-percent-fullwidth non-hundred-percent-height-scrolling\" style=\"--awb-border-radius-top-left:0px;--awb-border-radius-top-right:0px;--awb-border-radius-bottom-right:0px;--awb-border-radius-bottom-left:0px;--awb-flex-wrap:wrap;\" ><div class=\"fusion-builder-row fusion-row fusion-flex-align-items-flex-start fusion-flex-content-wrap\" style=\"max-width:1216.8px;margin-left: calc(-4% \/ 2 );margin-right: calc(-4% \/ 2 );\"><div class=\"fusion-layout-column fusion_builder_column fusion-builder-column-0 fusion_builder_column_3_4 3_4 fusion-flex-column\" style=\"--awb-bg-size:cover;--awb-width-large:75%;--awb-margin-top-large:20px;--awb-spacing-right-large:2.56%;--awb-margin-bottom-large:20px;--awb-spacing-left-large:2.56%;--awb-width-medium:75%;--awb-spacing-right-medium:2.56%;--awb-spacing-left-medium:2.56%;--awb-width-small:100%;--awb-spacing-right-small:1.92%;--awb-spacing-left-small:1.92%;\"><div class=\"fusion-column-wrapper fusion-column-has-shadow fusion-flex-justify-content-flex-start fusion-content-layout-column\"><div class=\"fusion-text fusion-text-1\"><h2>Avec une population de d\u00e9tenus allant croissant alors que les budgets demeurent inchang\u00e9s, trouver de nouvelles mani\u00e8res de r\u00e9duire les co\u00fbts de blanchisserie au sein des \u00e9tablissements p\u00e9nitentiaires est essentiel.<\/h2>\n<h3>EXPERT EN S\u00c9CURIT\u00c9 ET PROTECTION<\/h3>\n<p>Avec une population de d\u00e9tenus allant croissant alors que les budgets demeurent inchang\u00e9s, trouver de nouvelles mani\u00e8res de r\u00e9duire les co\u00fbts est essentiel. Les \u00e9quipements de <a title=\"Produits\" href=\"\/international\/fr\/produits\/\">blanchisserie commerciale<\/a> UniMac<sup>\u00ae<\/sup> disposent d\u2019une durabilit\u00e9 in\u00e9gal\u00e9e pour limiter les pannes et demandes de maintenance et r\u00e9duire les co\u00fbts d\u2019entretien. Diff\u00e9rentes technologies de pointe comme les vitesses d\u2019<a href=\"\/international\/fr\/produits\/laveuse-professionnelle\/laveuses-essoreuses-industrielles-haute-performance\/capacite-45lb2\/\">essorage de 400 G<\/a> et la technologie de pr\u00e9vention du s\u00e9chage excessif \u00a0<a title=\"OPTidry\" href=\"\/international\/fr\/technologies\/optidry\/\">OPTidry<\/a>OPTidry\u2122 permettent de r\u00e9duire la consommation d\u2019eau et d\u2019\u00e9nergie. Gr\u00e2ce aux commandes intuitives et multilingues <a title=\"UniLinc\" href=\"\/international\/fr\/technologies\/unilinc\/\">UniLinc\u2122<\/a>, former du personnel est simple et rapide.<\/p>\n<\/div><div class=\"fusion-slider-sc\"><div class=\"fusion-flexslider-loading flexslider flexslider-hover-type-none\" data-slideshow_autoplay=\"1\" data-slideshow_smooth_height=\"0\" data-slideshow_speed=\"7000\" style=\"max-width:100%;height:100%;\"><ul class=\"slides\"><li class=\"image\"><a title=\"slider1\" data-title=\"slider1\" aria-label=\"slider1\" href=\"\/wp-content\/uploads\/2019\/09\/au13-0012-limestone-correctional.pdf\" target=\"_self\"><span class=\"fusion-image-hover-element hover-type-none\"><img decoding=\"async\" data-src=\"https:\/\/unimac.com\/international\/wp-content\/uploads\/sites\/2\/2019\/09\/slider1.jpg\" alt=\"UniMac Commercial Laundry Products corrections\" width=\"682\" height=\"262\" class=\"wp-image-4151 lazyload\" data-srcset=\"https:\/\/unimac.com\/international\/wp-content\/uploads\/sites\/2\/2019\/09\/slider1-200x77.jpg 200w, https:\/\/unimac.com\/international\/wp-content\/uploads\/sites\/2\/2019\/09\/slider1-400x154.jpg 400w, https:\/\/unimac.com\/international\/wp-content\/uploads\/sites\/2\/2019\/09\/slider1-600x230.jpg 600w, https:\/\/unimac.com\/international\/wp-content\/uploads\/sites\/2\/2019\/09\/slider1.jpg 682w\" data-sizes=\"(max-width: 640px) 100vw, 682px\" src=\"data:image\/svg+xml;base64,PHN2ZyB3aWR0aD0iMSIgaGVpZ2h0PSIxIiB4bWxucz0iaHR0cDovL3d3dy53My5vcmcvMjAwMC9zdmciPjwvc3ZnPg==\" style=\"--smush-placeholder-width: 682px; --smush-placeholder-aspect-ratio: 682\/262;\" \/><\/span><\/a><\/li><li class=\"image\"><a title=\"slider2\" data-title=\"slider2\" aria-label=\"slider2\" href=\"\/wp-content\/uploads\/2019\/09\/AL-Dept-of-Corrections-Case-Study.pdf\" target=\"_self\"><span class=\"fusion-image-hover-element hover-type-none\"><img decoding=\"async\" data-src=\"https:\/\/unimac.com\/international\/wp-content\/uploads\/sites\/2\/2019\/09\/slider2.jpg\" alt=\"UniMac Commercial Laundry Products\" width=\"682\" height=\"262\" class=\"wp-image-4156 lazyload\" data-srcset=\"https:\/\/unimac.com\/international\/wp-content\/uploads\/sites\/2\/2019\/09\/slider2-200x77.jpg 200w, https:\/\/unimac.com\/international\/wp-content\/uploads\/sites\/2\/2019\/09\/slider2-400x154.jpg 400w, https:\/\/unimac.com\/international\/wp-content\/uploads\/sites\/2\/2019\/09\/slider2-600x230.jpg 600w, https:\/\/unimac.com\/international\/wp-content\/uploads\/sites\/2\/2019\/09\/slider2.jpg 682w\" data-sizes=\"(max-width: 640px) 100vw, 682px\" src=\"data:image\/svg+xml;base64,PHN2ZyB3aWR0aD0iMSIgaGVpZ2h0PSIxIiB4bWxucz0iaHR0cDovL3d3dy53My5vcmcvMjAwMC9zdmciPjwvc3ZnPg==\" style=\"--smush-placeholder-width: 682px; --smush-placeholder-aspect-ratio: 682\/262;\" \/><\/span><\/a><\/li><\/ul><\/div><\/div><div class=\"fusion-title title fusion-title-1 fusion-title-text fusion-title-size-four\" style=\"--awb-margin-bottom:10px;--awb-margin-bottom-small:5px;\"><div class=\"title-sep-container title-sep-container-left fusion-no-large-visibility fusion-no-medium-visibility fusion-no-small-visibility\"><div class=\"title-sep sep- sep-solid\" style=\"border-color:#e0dede;\"><\/div><\/div><span class=\"awb-title-spacer fusion-no-large-visibility fusion-no-medium-visibility fusion-no-small-visibility\"><\/span><h4 class=\"fusion-title-heading title-heading-left fusion-responsive-typography-calculated\" style=\"margin:0;--fontSize:18;--minFontSize:18;line-height:1.4;\">COMMANDES DES \u00c9QUIPEMENTS DE BLANCHISSERIE COMMERCIALE FACILES \u00c0 UTILISER<\/h4><span class=\"awb-title-spacer\"><\/span><div class=\"title-sep-container title-sep-container-right\"><div class=\"title-sep sep- sep-solid\" style=\"border-color:#e0dede;\"><\/div><\/div><\/div><div class=\"fusion-text fusion-text-2\"><p>Gr\u00e2ce \u00e0 leur syst\u00e8me de commande simple et intuitif, il est facile et rapide de former les d\u00e9tenus et membres du personnel \u00e0 l\u2019utilisation des <a href=\"\/international\/fr\/Produits\/\">\u00e9quipements UniMac<\/a>.<\/p>\n<\/div><div class=\"fusion-title title fusion-title-2 fusion-title-text fusion-title-size-four\" style=\"--awb-margin-bottom:10px;--awb-margin-bottom-small:5px;\"><div class=\"title-sep-container title-sep-container-left fusion-no-large-visibility fusion-no-medium-visibility fusion-no-small-visibility\"><div class=\"title-sep sep- sep-solid\" style=\"border-color:#e0dede;\"><\/div><\/div><span class=\"awb-title-spacer fusion-no-large-visibility fusion-no-medium-visibility fusion-no-small-visibility\"><\/span><h4 class=\"fusion-title-heading title-heading-left fusion-responsive-typography-calculated\" style=\"margin:0;--fontSize:18;--minFontSize:18;line-height:1.4;\">\u00c9QUIPEMENTS DE BLANCHISSERIE INDUSTRIELLE<\/h4><span class=\"awb-title-spacer\"><\/span><div class=\"title-sep-container title-sep-container-right\"><div class=\"title-sep sep- sep-solid\" style=\"border-color:#e0dede;\"><\/div><\/div><\/div><div class=\"fusion-text fusion-text-3\"><p>Les machines UniMac sont fabriqu\u00e9es \u00e0 partir de composants robustes et sont test\u00e9es pour r\u00e9pondre aux normes de durabilit\u00e9 les plus strictes, comme l\u2019indique notre garantie \u00e0 la pointe du secteur.<\/p>\n<\/div><div class=\"fusion-title title fusion-title-3 fusion-title-text fusion-title-size-four\" style=\"--awb-margin-bottom:10px;--awb-margin-bottom-small:5px;\"><div class=\"title-sep-container title-sep-container-left fusion-no-large-visibility fusion-no-medium-visibility fusion-no-small-visibility\"><div class=\"title-sep sep- sep-solid\" style=\"border-color:#e0dede;\"><\/div><\/div><span class=\"awb-title-spacer fusion-no-large-visibility fusion-no-medium-visibility fusion-no-small-visibility\"><\/span><h4 class=\"fusion-title-heading title-heading-left fusion-responsive-typography-calculated\" style=\"margin:0;--fontSize:18;--minFontSize:18;line-height:1.4;\">GESTION DES PERFORMANCES POUR LES \u00c9QUIPEMENTS DE BLANCHISSERIE INT\u00c9GR\u00c9E<\/h4><span class=\"awb-title-spacer\"><\/span><div class=\"title-sep-container title-sep-container-right\"><div class=\"title-sep sep- sep-solid\" style=\"border-color:#e0dede;\"><\/div><\/div><\/div><div class=\"fusion-text fusion-text-4\"><p>Les \u00e9quipements UniMac disposent d\u2019outils avanc\u00e9s de gestion et de diagnostic pour les blanchisseries int\u00e9gr\u00e9es pour vous accompagner lors de l\u2019entretien et des r\u00e9parations, ce qui limite g\u00e9n\u00e9ralement la n\u00e9cessit\u00e9 de faire appel \u00e0 du personnel ext\u00e9rieur.<\/p>\n<\/div><div class=\"fusion-title title fusion-title-4 fusion-title-text fusion-title-size-three\" style=\"--awb-margin-bottom:10px;--awb-margin-bottom-small:5px;\"><div class=\"title-sep-container title-sep-container-left fusion-no-large-visibility fusion-no-medium-visibility fusion-no-small-visibility\"><div class=\"title-sep sep- sep-solid\" style=\"border-color:#e0dede;\"><\/div><\/div><span class=\"awb-title-spacer fusion-no-large-visibility fusion-no-medium-visibility fusion-no-small-visibility\"><\/span><h3 class=\"fusion-title-heading title-heading-left fusion-responsive-typography-calculated\" style=\"margin:0;--fontSize:23;--minFontSize:23;line-height:1.25;\">MCO\u00dbTS R\u00c9DUITS POUR LES BLANCHISSERIES INT\u00c9GR\u00c9ES<\/h3><span class=\"awb-title-spacer\"><\/span><div class=\"title-sep-container title-sep-container-right\"><div class=\"title-sep sep- sep-solid\" style=\"border-color:#e0dede;\"><\/div><\/div><\/div><div class=\"fusion-text fusion-text-5\"><p>Diff\u00e9rentes innovations comme la technologie de rin\u00e7age <a href=\"\/international\/fr\/technologies\/optispray\"> OPTispray<\/a>\u2122, un essorage de 400 G sur les laveuses-essoreuses UniMac ou encore la technologie de pr\u00e9vention du s\u00e9chage excessif sur les s\u00e8che-linge UniMac permettent de r\u00e9duire significativement vos co\u00fbts d\u2019exploitation globaux, pour respecter votre budget.<\/p>\n<\/div><div class=\"fusion-title title fusion-title-5 fusion-title-text fusion-title-size-four\" style=\"--awb-margin-bottom:10px;--awb-margin-bottom-small:5px;\"><div class=\"title-sep-container title-sep-container-left fusion-no-large-visibility fusion-no-medium-visibility fusion-no-small-visibility\"><div class=\"title-sep sep- sep-solid\" style=\"border-color:#e0dede;\"><\/div><\/div><span class=\"awb-title-spacer fusion-no-large-visibility fusion-no-medium-visibility fusion-no-small-visibility\"><\/span><h4 class=\"fusion-title-heading title-heading-left fusion-responsive-typography-calculated\" style=\"margin:0;--fontSize:18;--minFontSize:18;line-height:1.4;\">Cycles ECO<\/h4><span class=\"awb-title-spacer\"><\/span><div class=\"title-sep-container title-sep-container-right\"><div class=\"title-sep sep- sep-solid\" style=\"border-color:#e0dede;\"><\/div><\/div><\/div><div class=\"fusion-text fusion-text-6\"><p>Neuf programmes de lavage uniques qui font partie des 48 options de cycle \u00e0 la pointe du secteur propos\u00e9es par <a href=\"\/international\/fr\/technologies\/unilinc\">UniLinc<\/a> et qui permettent de r\u00e9duire encore l\u2019utilisation d\u2019eau.<\/p>\n<\/div><\/div><\/div><div class=\"fusion-layout-column fusion_builder_column fusion-builder-column-1 fusion_builder_column_1_4 1_4 fusion-flex-column bor-l\" style=\"--awb-bg-size:cover;--awb-width-large:25%;--awb-margin-top-large:20px;--awb-spacing-right-large:7.68%;--awb-margin-bottom-large:20px;--awb-spacing-left-large:7.68%;--awb-width-medium:25%;--awb-spacing-right-medium:7.68%;--awb-spacing-left-medium:7.68%;--awb-width-small:100%;--awb-spacing-right-small:1.92%;--awb-spacing-left-small:1.92%;\"><div class=\"fusion-column-wrapper fusion-column-has-shadow fusion-flex-justify-content-flex-start fusion-content-layout-column\"><div class=\"fusion-widget-area awb-widget-area-element fusion-widget-area-1 fusion-content-widget-area\" style=\"--awb-title-size:26px;--awb-title-color:#6f727b;--awb-padding:0px 0px 0px 0px;\"><div id=\"nav_menu-5\" class=\"widget widget_nav_menu\" style=\"border-style: solid;border-color:transparent;border-width:0px;\"><div class=\"menu-industries-french-container\"><ul id=\"menu-industries-french\" class=\"menu\"><li id=\"menu-item-12792\" class=\"menu-item menu-item-type-post_type menu-item-object-page menu-item-12792\"><a href=\"https:\/\/unimac.com\/international\/fr\/industries\/\">Industries<\/a><\/li>\n<li id=\"menu-item-12793\" class=\"menu-item menu-item-type-post_type menu-item-object-page menu-item-12793\"><a href=\"https:\/\/unimac.com\/international\/fr\/industries\/soins-de-sante\/\">Soins de sant\u00e9<\/a><\/li>\n<li id=\"menu-item-12794\" class=\"menu-item menu-item-type-post_type menu-item-object-page menu-item-12794\"><a href=\"https:\/\/unimac.com\/international\/fr\/industries\/soins-de-longue-duree\/\">Soins de longue dur\u00e9e<\/a><\/li>\n<li id=\"menu-item-12795\" class=\"menu-item menu-item-type-post_type menu-item-object-page menu-item-12795\"><a href=\"https:\/\/unimac.com\/international\/fr\/industries\/accueil\/\">H\u00f4tels<\/a><\/li>\n<li id=\"menu-item-12796\" class=\"menu-item menu-item-type-post_type menu-item-object-page menu-item-12796\"><a href=\"https:\/\/unimac.com\/international\/fr\/industries\/spa-salon-beaute\/\">Spa\/Salon<\/a><\/li>\n<li id=\"menu-item-12797\" class=\"menu-item menu-item-type-post_type menu-item-object-page menu-item-12797\"><a href=\"https:\/\/unimac.com\/international\/fr\/industries\/restaurant\/\">Restaurant<\/a><\/li>\n<li id=\"menu-item-12798\" class=\"menu-item menu-item-type-post_type menu-item-object-page menu-item-12798\"><a href=\"https:\/\/unimac.com\/international\/fr\/industries\/traiteurs-restaurants\/\">Traiteurs \u2013 Restaurants<\/a><\/li>\n<li id=\"menu-item-12799\" class=\"menu-item menu-item-type-post_type menu-item-object-page menu-item-12799\"><a href=\"https:\/\/unimac.com\/international\/fr\/industries\/blanchisseries-commerciales\/\">Blanchisseries commerciales<\/a><\/li>\n<li id=\"menu-item-12800\" class=\"menu-item menu-item-type-post_type menu-item-object-page menu-item-12800\"><a href=\"https:\/\/unimac.com\/international\/fr\/industries\/gestion-des-installations\/\">Gestion des installations<\/a><\/li>\n<li id=\"menu-item-12801\" class=\"menu-item menu-item-type-post_type menu-item-object-page menu-item-12801\"><a href=\"https:\/\/unimac.com\/international\/fr\/industries\/pressings\/\">Pressings<\/a><\/li>\n<li id=\"menu-item-12802\" class=\"menu-item menu-item-type-post_type menu-item-object-page menu-item-12802\"><a href=\"https:\/\/unimac.com\/international\/fr\/industries\/incendie\/\">Sapeurs-pompiers<\/a><\/li>\n<li id=\"menu-item-12803\" class=\"menu-item menu-item-type-post_type menu-item-object-page menu-item-12803\"><a href=\"https:\/\/unimac.com\/international\/fr\/industries\/transformation-alimentaire\/\">Transformation Alimentaire<\/a><\/li>\n<li id=\"menu-item-12804\" class=\"menu-item menu-item-type-post_type menu-item-object-page menu-item-12804\"><a href=\"https:\/\/unimac.com\/international\/fr\/industries\/secteur-naval\/\">Secteur Naval<\/a><\/li>\n<li id=\"menu-item-12805\" class=\"menu-item menu-item-type-post_type menu-item-object-page menu-item-12805\"><a href=\"https:\/\/unimac.com\/international\/fr\/industries\/administration-penitentiaire\/\">Administration p\u00e9nitentiaire<\/a><\/li>\n<li id=\"menu-item-12806\" class=\"menu-item menu-item-type-post_type menu-item-object-page menu-item-12806\"><a href=\"https:\/\/unimac.com\/international\/fr\/industries\/installations-sportives\/\">Installations sportives<\/a><\/li>\n<\/ul><\/div><\/div><div class=\"fusion-additional-widget-content\"><\/div><\/div><div class=\"fusion-separator fusion-full-width-sep\" style=\"align-self: center;margin-left: auto;margin-right: auto;margin-top:30px;width:100%;\"><\/div><div class=\"fusion-widget-area awb-widget-area-element fusion-widget-area-2 fusion-content-widget-area \u5feb\u901f\u94fe\u63a5\" style=\"--awb-title-size:18px;--awb-title-color:#6f727b;--awb-padding:0px 0px 0px 0px;\"><div class=\"fusion-additional-widget-content\"><\/div><\/div>\n<\/div><\/div><\/div><\/div><div class=\"fusion-fullwidth fullwidth-box fusion-builder-row-2 fusion-flex-container global-footer nonhundred-percent-fullwidth non-hundred-percent-height-scrolling\" style=\"--awb-border-radius-top-left:0px;--awb-border-radius-top-right:0px;--awb-border-radius-bottom-right:0px;--awb-border-radius-bottom-left:0px;--awb-padding-top:30px;--awb-padding-right:0px;--awb-padding-bottom:30px;--awb-padding-left:0px;--awb-margin-bottom:-10px;--awb-background-color:#ec1c24;--awb-flex-wrap:wrap;\" ><\/div>\n<\/p>\n","protected":false},"excerpt":{"rendered":"","protected":false},"author":9,"featured_media":0,"parent":12445,"menu_order":0,"comment_status":"closed","ping_status":"closed","template":"100-width.php","meta":{"inline_featured_image":false,"footnotes":""},"class_list":["post-12366","page","type-page","status-publish","hentry"],"yoast_head":"<!-- This site is optimized with the Yoast SEO Premium plugin v23.4 (Yoast SEO v26.2) - https:\/\/yoast.com\/wordpress\/plugins\/seo\/ -->\n<title>\u00c9quipements de blanchisserie industrielle pour le secteur des \u00e9tablissements p\u00e9nitentiaires<\/title>\n<meta name=\"description\" content=\"Avec une population de d\u00e9tenus allant croissant alors que les budgets demeurent inchang\u00e9s, trouver de nouvelles mani\u00e8res de r\u00e9duire les co\u00fbts de blanchisserie au sein des \u00e9tablissements p\u00e9nitentiaires est essentiel.\" \/>\n<meta name=\"robots\" content=\"index, follow, max-snippet:-1, max-image-preview:large, max-video-preview:-1\" \/>\n<link rel=\"canonical\" href=\"https:\/\/unimac.com\/international\/fr\/industries\/administration-penitentiaire\/\" \/>\n<meta property=\"og:locale\" content=\"fr_FR\" \/>\n<meta property=\"og:type\" content=\"article\" \/>\n<meta property=\"og:title\" content=\"Administration p\u00e9nitentiaire\" \/>\n<meta property=\"og:description\" content=\"Avec une population de d\u00e9tenus allant croissant alors que les budgets demeurent inchang\u00e9s, trouver de nouvelles mani\u00e8res de r\u00e9duire les co\u00fbts de blanchisserie au sein des \u00e9tablissements p\u00e9nitentiaires est essentiel.\" \/>\n<meta property=\"og:url\" content=\"https:\/\/unimac.com\/international\/fr\/industries\/administration-penitentiaire\/\" \/>\n<meta property=\"og:site_name\" content=\"Unimac International\" \/>\n<meta property=\"article:modified_time\" content=\"2024-11-05T20:09:16+00:00\" \/>\n<meta name=\"twitter:card\" content=\"summary_large_image\" \/>\n<meta name=\"twitter:label1\" content=\"Dur\u00e9e de lecture estim\u00e9e\" \/>\n\t<meta name=\"twitter:data1\" content=\"2 minutes\" \/>\n<script type=\"application\/ld+json\" class=\"yoast-schema-graph\">{\"@context\":\"https:\/\/schema.org\",\"@graph\":[{\"@type\":\"WebPage\",\"@id\":\"https:\/\/unimac.com\/international\/fr\/industries\/administration-penitentiaire\/\",\"url\":\"https:\/\/unimac.com\/international\/fr\/industries\/administration-penitentiaire\/\",\"name\":\"\u00c9quipements de blanchisserie industrielle pour le secteur des \u00e9tablissements p\u00e9nitentiaires\",\"isPartOf\":{\"@id\":\"https:\/\/unimac.com\/international\/#website\"},\"datePublished\":\"2021-01-19T12:08:20+00:00\",\"dateModified\":\"2024-11-05T20:09:16+00:00\",\"description\":\"Avec une population de d\u00e9tenus allant croissant alors que les budgets demeurent inchang\u00e9s, trouver de nouvelles mani\u00e8res de r\u00e9duire les co\u00fbts de blanchisserie au sein des \u00e9tablissements p\u00e9nitentiaires est essentiel.\",\"breadcrumb\":{\"@id\":\"https:\/\/unimac.com\/international\/fr\/industries\/administration-penitentiaire\/#breadcrumb\"},\"inLanguage\":\"fr-FR\",\"potentialAction\":[{\"@type\":\"ReadAction\",\"target\":[\"https:\/\/unimac.com\/international\/fr\/industries\/administration-penitentiaire\/\"]}]},{\"@type\":\"BreadcrumbList\",\"@id\":\"https:\/\/unimac.com\/international\/fr\/industries\/administration-penitentiaire\/#breadcrumb\",\"itemListElement\":[{\"@type\":\"ListItem\",\"position\":1,\"name\":\"Home\",\"item\":\"https:\/\/unimac.com\/international\/fr\/\"},{\"@type\":\"ListItem\",\"position\":2,\"name\":\"Industries\",\"item\":\"https:\/\/unimac.com\/international\/fr\/industries\/\"},{\"@type\":\"ListItem\",\"position\":3,\"name\":\"Administration p\u00e9nitentiaire\"}]},{\"@type\":\"WebSite\",\"@id\":\"https:\/\/unimac.com\/international\/#website\",\"url\":\"https:\/\/unimac.com\/international\/\",\"name\":\"Unimac International\",\"description\":\"Maximum Performance\",\"publisher\":{\"@id\":\"https:\/\/unimac.com\/international\/#organization\"},\"potentialAction\":[{\"@type\":\"SearchAction\",\"target\":{\"@type\":\"EntryPoint\",\"urlTemplate\":\"https:\/\/unimac.com\/international\/?s={search_term_string}\"},\"query-input\":{\"@type\":\"PropertyValueSpecification\",\"valueRequired\":true,\"valueName\":\"search_term_string\"}}],\"inLanguage\":\"fr-FR\"},{\"@type\":\"Organization\",\"@id\":\"https:\/\/unimac.com\/international\/#organization\",\"name\":\"UniMac International\",\"url\":\"https:\/\/unimac.com\/international\/\",\"logo\":{\"@type\":\"ImageObject\",\"inLanguage\":\"fr-FR\",\"@id\":\"https:\/\/unimac.com\/international\/#\/schema\/logo\/image\/\",\"url\":\"https:\/\/unimac.com\/international\/wp-content\/uploads\/sites\/2\/2019\/07\/logo.png\",\"contentUrl\":\"https:\/\/unimac.com\/international\/wp-content\/uploads\/sites\/2\/2019\/07\/logo.png\",\"width\":200,\"height\":73,\"caption\":\"UniMac International\"},\"image\":{\"@id\":\"https:\/\/unimac.com\/international\/#\/schema\/logo\/image\/\"}}]}<\/script>\n<!-- \/ Yoast SEO Premium plugin. -->","yoast_head_json":{"title":"\u00c9quipements de blanchisserie industrielle pour le secteur des \u00e9tablissements p\u00e9nitentiaires","description":"Avec une population de d\u00e9tenus allant croissant alors que les budgets demeurent inchang\u00e9s, trouver de nouvelles mani\u00e8res de r\u00e9duire les co\u00fbts de blanchisserie au sein des \u00e9tablissements p\u00e9nitentiaires est essentiel.","robots":{"index":"index","follow":"follow","max-snippet":"max-snippet:-1","max-image-preview":"max-image-preview:large","max-video-preview":"max-video-preview:-1"},"canonical":"https:\/\/unimac.com\/international\/fr\/industries\/administration-penitentiaire\/","og_locale":"fr_FR","og_type":"article","og_title":"Administration p\u00e9nitentiaire","og_description":"Avec une population de d\u00e9tenus allant croissant alors que les budgets demeurent inchang\u00e9s, trouver de nouvelles mani\u00e8res de r\u00e9duire les co\u00fbts de blanchisserie au sein des \u00e9tablissements p\u00e9nitentiaires est essentiel.","og_url":"https:\/\/unimac.com\/international\/fr\/industries\/administration-penitentiaire\/","og_site_name":"Unimac International","article_modified_time":"2024-11-05T20:09:16+00:00","twitter_card":"summary_large_image","twitter_misc":{"Dur\u00e9e de lecture estim\u00e9e":"2 minutes"},"schema":{"@context":"https:\/\/schema.org","@graph":[{"@type":"WebPage","@id":"https:\/\/unimac.com\/international\/fr\/industries\/administration-penitentiaire\/","url":"https:\/\/unimac.com\/international\/fr\/industries\/administration-penitentiaire\/","name":"\u00c9quipements de blanchisserie industrielle pour le secteur des \u00e9tablissements p\u00e9nitentiaires","isPartOf":{"@id":"https:\/\/unimac.com\/international\/#website"},"datePublished":"2021-01-19T12:08:20+00:00","dateModified":"2024-11-05T20:09:16+00:00","description":"Avec une population de d\u00e9tenus allant croissant alors que les budgets demeurent inchang\u00e9s, trouver de nouvelles mani\u00e8res de r\u00e9duire les co\u00fbts de blanchisserie au sein des \u00e9tablissements p\u00e9nitentiaires est essentiel.","breadcrumb":{"@id":"https:\/\/unimac.com\/international\/fr\/industries\/administration-penitentiaire\/#breadcrumb"},"inLanguage":"fr-FR","potentialAction":[{"@type":"ReadAction","target":["https:\/\/unimac.com\/international\/fr\/industries\/administration-penitentiaire\/"]}]},{"@type":"BreadcrumbList","@id":"https:\/\/unimac.com\/international\/fr\/industries\/administration-penitentiaire\/#breadcrumb","itemListElement":[{"@type":"ListItem","position":1,"name":"Home","item":"https:\/\/unimac.com\/international\/fr\/"},{"@type":"ListItem","position":2,"name":"Industries","item":"https:\/\/unimac.com\/international\/fr\/industries\/"},{"@type":"ListItem","position":3,"name":"Administration p\u00e9nitentiaire"}]},{"@type":"WebSite","@id":"https:\/\/unimac.com\/international\/#website","url":"https:\/\/unimac.com\/international\/","name":"Unimac International","description":"Maximum Performance","publisher":{"@id":"https:\/\/unimac.com\/international\/#organization"},"potentialAction":[{"@type":"SearchAction","target":{"@type":"EntryPoint","urlTemplate":"https:\/\/unimac.com\/international\/?s={search_term_string}"},"query-input":{"@type":"PropertyValueSpecification","valueRequired":true,"valueName":"search_term_string"}}],"inLanguage":"fr-FR"},{"@type":"Organization","@id":"https:\/\/unimac.com\/international\/#organization","name":"UniMac International","url":"https:\/\/unimac.com\/international\/","logo":{"@type":"ImageObject","inLanguage":"fr-FR","@id":"https:\/\/unimac.com\/international\/#\/schema\/logo\/image\/","url":"https:\/\/unimac.com\/international\/wp-content\/uploads\/sites\/2\/2019\/07\/logo.png","contentUrl":"https:\/\/unimac.com\/international\/wp-content\/uploads\/sites\/2\/2019\/07\/logo.png","width":200,"height":73,"caption":"UniMac International"},"image":{"@id":"https:\/\/unimac.com\/international\/#\/schema\/logo\/image\/"}}]}},"_links":{"self":[{"href":"https:\/\/unimac.com\/international\/fr\/wp-json\/wp\/v2\/pages\/12366","targetHints":{"allow":["GET"]}}],"collection":[{"href":"https:\/\/unimac.com\/international\/fr\/wp-json\/wp\/v2\/pages"}],"about":[{"href":"https:\/\/unimac.com\/international\/fr\/wp-json\/wp\/v2\/types\/page"}],"author":[{"embeddable":true,"href":"https:\/\/unimac.com\/international\/fr\/wp-json\/wp\/v2\/users\/9"}],"replies":[{"embeddable":true,"href":"https:\/\/unimac.com\/international\/fr\/wp-json\/wp\/v2\/comments?post=12366"}],"version-history":[{"count":6,"href":"https:\/\/unimac.com\/international\/fr\/wp-json\/wp\/v2\/pages\/12366\/revisions"}],"predecessor-version":[{"id":21352,"href":"https:\/\/unimac.com\/international\/fr\/wp-json\/wp\/v2\/pages\/12366\/revisions\/21352"}],"up":[{"embeddable":true,"href":"https:\/\/unimac.com\/international\/fr\/wp-json\/wp\/v2\/pages\/12445"}],"wp:attachment":[{"href":"https:\/\/unimac.com\/international\/fr\/wp-json\/wp\/v2\/media?parent=12366"}],"curies":[{"name":"wp","href":"https:\/\/api.w.org\/{rel}","templated":true}]}}