{"id":12375,"date":"2021-01-19T12:10:39","date_gmt":"2021-01-19T12:10:39","guid":{"rendered":"https:\/\/unimac.com\/en-international\/?page_id=12375"},"modified":"2021-02-10T17:45:02","modified_gmt":"2021-02-10T17:45:02","slug":"support","status":"publish","type":"page","link":"https:\/\/unimac.com\/international\/fr\/support\/","title":{"rendered":"Support"},"content":{"rendered":"<p><div class=\"fusion-fullwidth fullwidth-box fusion-builder-row-1 fusion-flex-container nonhundred-percent-fullwidth non-hundred-percent-height-scrolling\" style=\"--awb-border-radius-top-left:0px;--awb-border-radius-top-right:0px;--awb-border-radius-bottom-right:0px;--awb-border-radius-bottom-left:0px;--awb-flex-wrap:wrap;\" ><div class=\"fusion-builder-row fusion-row fusion-flex-align-items-flex-start fusion-flex-content-wrap\" style=\"max-width:1216.8px;margin-left: calc(-4% \/ 2 );margin-right: calc(-4% \/ 2 );\"><div class=\"fusion-layout-column fusion_builder_column fusion-builder-column-0 fusion_builder_column_1_1 1_1 fusion-flex-column slide-rev\" style=\"--awb-bg-size:cover;--awb-width-large:100%;--awb-margin-top-large:20px;--awb-spacing-right-large:1.92%;--awb-margin-bottom-large:20px;--awb-spacing-left-large:1.92%;--awb-width-medium:100%;--awb-spacing-right-medium:1.92%;--awb-spacing-left-medium:1.92%;--awb-width-small:100%;--awb-spacing-right-small:1.92%;--awb-spacing-left-small:1.92%;\"><div class=\"fusion-column-wrapper fusion-column-has-shadow fusion-flex-justify-content-flex-start fusion-content-layout-column\"><div class=\"fusion-title title fusion-title-1 fusion-title-text fusion-title-size-two\"><div class=\"title-sep-container title-sep-container-left fusion-no-large-visibility fusion-no-medium-visibility fusion-no-small-visibility\"><div class=\"title-sep sep- sep-solid\" style=\"border-color:#e0dede;\"><\/div><\/div><span class=\"awb-title-spacer fusion-no-large-visibility fusion-no-medium-visibility fusion-no-small-visibility\"><\/span><h2 class=\"fusion-title-heading title-heading-left fusion-responsive-typography-calculated\" style=\"margin:0;--fontSize:26;--minFontSize:26;line-height:1.1;\">Litt\u00e9rature technique UniMac, services d&rsquo;agencement de blanchisserie, pi\u00e8ces d\u00e9tach\u00e9es, entretien &amp; conseils de s\u00e9curit\u00e9<\/h2><span class=\"awb-title-spacer\"><\/span><div class=\"title-sep-container title-sep-container-right\"><div class=\"title-sep sep- sep-solid\" style=\"border-color:#e0dede;\"><\/div><\/div><\/div><\/div><\/div><\/div><\/div><div class=\"fusion-fullwidth fullwidth-box fusion-builder-row-2 fusion-flex-container nonhundred-percent-fullwidth non-hundred-percent-height-scrolling\" style=\"--awb-border-radius-top-left:0px;--awb-border-radius-top-right:0px;--awb-border-radius-bottom-right:0px;--awb-border-radius-bottom-left:0px;--awb-flex-wrap:wrap;\" ><div class=\"fusion-builder-row fusion-row fusion-flex-align-items-flex-start fusion-flex-content-wrap\" style=\"max-width:1216.8px;margin-left: calc(-4% \/ 2 );margin-right: calc(-4% \/ 2 );\"><div class=\"fusion-layout-column fusion_builder_column fusion-builder-column-1 fusion_builder_column_3_4 3_4 fusion-flex-column\" style=\"--awb-bg-size:cover;--awb-width-large:75%;--awb-margin-top-large:20px;--awb-spacing-right-large:2.56%;--awb-margin-bottom-large:20px;--awb-spacing-left-large:2.56%;--awb-width-medium:75%;--awb-spacing-right-medium:2.56%;--awb-spacing-left-medium:2.56%;--awb-width-small:100%;--awb-spacing-right-small:1.92%;--awb-spacing-left-small:1.92%;\"><div class=\"fusion-column-wrapper fusion-column-has-shadow fusion-flex-justify-content-flex-start fusion-content-layout-column\"><div class=\"fusion-flip-boxes flip-boxes row fusion-columns-3 flip-effect-3d equal-heights nyb-flip-box\" style=\"--awb-flip-duration:0.4s;\"><div class=\"fusion-flip-box-wrapper fusion-column col-lg-4 col-md-4 col-sm-4\"><div class=\"fusion-flip-box flip-right fusion-animated\" tabindex=\"0\" data-animationType=\"slideInLeft\" data-animationDuration=\"0.1\" data-animationOffset=\"top-into-view\"><div class=\"flip-box-inner-wrapper\"><div class=\"flip-box-front\" style=\"--awb-border-color:#ec1c24;--awb-title-front-color:#ec1c24;--awb-text-front-color:#727272;\"><div class=\"flip-box-front-inner\"><div class=\"flip-box-grafix flip-box-image\"><img decoding=\"async\" data-src=\"https:\/\/unimac.com\/international\/wp-content\/uploads\/sites\/2\/2019\/08\/technicalLiterature.png\" width=\"100\" height=\"67.02\" alt=\"\" src=\"data:image\/svg+xml;base64,PHN2ZyB3aWR0aD0iMSIgaGVpZ2h0PSIxIiB4bWxucz0iaHR0cDovL3d3dy53My5vcmcvMjAwMC9zdmciPjwvc3ZnPg==\" class=\"lazyload\" style=\"--smush-placeholder-width: 100px; --smush-placeholder-aspect-ratio: 100\/67;\" \/><\/div><\/p>\n<h3>Documents techniques<\/h3>\n<p><\/div><\/div><div class=\"flip-box-back\" style=\"--awb-border-color:#ec1c24;--awb-background-color-back:#ec1c24;--awb-text-back-color:#ffffff;\"><div class=\"flip-box-back-inner\">T\u00e9l\u00e9chargez les manuels d\u2019installation, d&rsquo;utilisation et d\u2019entretien de vos \u00e9quipements de blanchisserie commerciale.<\/p>\n<div ><a class=\"fusion-button button-flat button-large button-custom fusion-button-default button-1 fusion-button-default-span fusion-button-default-type\" style=\"--button_accent_color:#ffffff;--button_accent_hover_color:#e8e8e8;--button_border_hover_color:#e8e8e8;--button_border_width-top:2px;--button_border_width-right:2px;--button_border_width-bottom:2px;--button_border_width-left:2px;--button_gradient_top_color:#ec1c24;--button_gradient_bottom_color:#ec1c24;--button_gradient_top_color_hover:#d80000;--button_gradient_bottom_color_hover:#d80000;--button_text_transform:none;\" target=\"_self\" href=\"\/international\/fr\/documents-techniques\/\"><span class=\"fusion-button-text awb-button__text awb-button__text--default fusion-button-text-right\">En savoir plus<\/span><span class=\"fusion-button-icon-divider button-icon-divider-right\"><i class=\"fa-angle-right fas awb-button__icon awb-button__icon--default\" aria-hidden=\"true\"><\/i><\/span><\/a><\/div><\/div><\/div><\/div><\/div><\/div><div class=\"fusion-flip-box-wrapper fusion-column col-lg-4 col-md-4 col-sm-4\"><div class=\"fusion-flip-box flip-down fusion-animated\" tabindex=\"0\" data-animationType=\"slideInDown\" data-animationDuration=\"0.1\" data-animationOffset=\"top-into-view\"><div class=\"flip-box-inner-wrapper\"><div class=\"flip-box-front\" style=\"--awb-border-color:#ec1c24;--awb-title-front-color:#ec1c24;\"><div class=\"flip-box-front-inner\"><div class=\"flip-box-grafix flip-box-image\"><img decoding=\"async\" data-src=\"https:\/\/unimac.com\/international\/wp-content\/uploads\/sites\/2\/2019\/08\/laundryDesignServices.png\" width=\"100\" height=\"75.53\" alt=\"\" src=\"data:image\/svg+xml;base64,PHN2ZyB3aWR0aD0iMSIgaGVpZ2h0PSIxIiB4bWxucz0iaHR0cDovL3d3dy53My5vcmcvMjAwMC9zdmciPjwvc3ZnPg==\" class=\"lazyload\" style=\"--smush-placeholder-width: 100px; --smush-placeholder-aspect-ratio: 100\/75;\" \/><\/div><\/p>\n<h3>Services d\u2019agencement de laverie<\/h3>\n<p><\/div><\/div><div class=\"flip-box-back\" style=\"--awb-border-color:#ec1c24;--awb-background-color-back:#ec1c24;--awb-text-back-color:#ffffff;\"><div class=\"flip-box-back-inner\">Vous pouvez compter sur nos \u00e9quipes d\u00e9di\u00e9es d&rsquo;experts dans le domaine de la blanchisserie pour vous aider \u00e0 <a title=\"Laundry Design Services\" href=\"\/international\/fr\/architectes\/agencement-de-blanchisserie\/\">concevoir votre blanchisserie int\u00e9gr\u00e9e<\/a>. Faites votre choix dans une s\u00e9rie de packs de services d\u2019agencement de blanchisserie \u00e0 prix raisonnable, des dessins pr\u00e9liminaires \u00e0 l\u2019agencement complet.<\/p>\n<div ><a class=\"fusion-button button-flat button-large button-custom fusion-button-default button-2 fusion-button-default-span fusion-button-default-type\" style=\"--button_accent_color:#ffffff;--button_accent_hover_color:#e8e8e8;--button_border_hover_color:#e8e8e8;--button_border_width-top:2px;--button_border_width-right:2px;--button_border_width-bottom:2px;--button_border_width-left:2px;--button_gradient_top_color:#ec1c24;--button_gradient_bottom_color:#ec1c24;--button_gradient_top_color_hover:#d80000;--button_gradient_bottom_color_hover:#d80000;--button_text_transform:none;\" target=\"_self\" href=\"\/international\/fr\/architectes\/agencement-de-blanchisserie\/\"><span class=\"fusion-button-text awb-button__text awb-button__text--default fusion-button-text-right\">En savoir plus<\/span><span class=\"fusion-button-icon-divider button-icon-divider-right\"><i class=\"fa-angle-right fas awb-button__icon awb-button__icon--default\" aria-hidden=\"true\"><\/i><\/span><\/a><\/div><\/div><\/div><\/div><\/div><\/div><div class=\"fusion-flip-box-wrapper fusion-column col-lg-4 col-md-4 col-sm-4\"><div class=\"fusion-flip-box flip-right fusion-animated\" tabindex=\"0\" data-animationType=\"slideInRight\" data-animationDuration=\"0.1\" data-animationOffset=\"top-into-view\"><div class=\"flip-box-inner-wrapper\"><div class=\"flip-box-front\" style=\"--awb-border-color:#ec1c24;--awb-title-front-color:#ec1c24;\"><div class=\"flip-box-front-inner\"><div class=\"flip-box-grafix flip-box-image\"><img decoding=\"async\" data-src=\"https:\/\/unimac.com\/international\/wp-content\/uploads\/sites\/2\/2019\/08\/serviceParts.png\" width=\"100\" height=\"96.81\" alt=\"\" src=\"data:image\/svg+xml;base64,PHN2ZyB3aWR0aD0iMSIgaGVpZ2h0PSIxIiB4bWxucz0iaHR0cDovL3d3dy53My5vcmcvMjAwMC9zdmciPjwvc3ZnPg==\" class=\"lazyload\" style=\"--smush-placeholder-width: 100px; --smush-placeholder-aspect-ratio: 100\/96;\" \/><\/div><\/p>\n<h3>Pi\u00e8ces d\u00e9tach\u00e9es<\/h3>\n<p><\/div><\/div><div class=\"flip-box-back\" style=\"--awb-border-color:#ec1c24;--awb-background-color-back:#ec1c24;--awb-text-back-color:#ffffff;\"><div class=\"flip-box-back-inner\">N\u2019acceptez rien d\u2019autre que des <a title=\"pi\u00e8ces d\u00e9tach\u00e9es\" href=\"\/international\/fr\/support\/pieces-detachees\/\">pi\u00e8ces d&rsquo;origine<\/a> Alliance Laundry Systems, propos\u00e9es exclusivement via les distributeurs habilit\u00e9s par notre usine. Nos pi\u00e8ces de premi\u00e8re qualit\u00e9 sont con\u00e7ues pour s\u2019adapter parfaitement \u00e0 vos \u00e9quipements et sont garanties pour une dur\u00e9e de un an.<\/p>\n<div ><a class=\"fusion-button button-flat button-large button-custom fusion-button-default button-3 fusion-button-default-span fusion-button-default-type\" style=\"--button_accent_color:#ffffff;--button_accent_hover_color:#e8e8e8;--button_border_hover_color:#e8e8e8;--button_border_width-top:2px;--button_border_width-right:2px;--button_border_width-bottom:2px;--button_border_width-left:2px;--button_gradient_top_color:#ec1c24;--button_gradient_bottom_color:#ec1c24;--button_gradient_top_color_hover:#d80000;--button_gradient_bottom_color_hover:#d80000;--button_text_transform:none;\" target=\"_self\" href=\"\/international\/fr\/support\/pieces-detachees\/\"><span class=\"fusion-button-text awb-button__text awb-button__text--default fusion-button-text-right\">En savoir plus<\/span><span class=\"fusion-button-icon-divider button-icon-divider-right\"><i class=\"fa-angle-right fas awb-button__icon awb-button__icon--default\" aria-hidden=\"true\"><\/i><\/span><\/a><\/div><\/div><\/div><\/div><\/div><\/div><div class=\"fusion-flip-box-wrapper fusion-column col-lg-4 col-md-4 col-sm-4\"><div class=\"fusion-flip-box flip-right fusion-animated\" tabindex=\"0\" data-animationType=\"slideInLeft\" data-animationDuration=\"0.1\" data-animationOffset=\"top-into-view\"><div class=\"flip-box-inner-wrapper\"><div class=\"flip-box-front\" style=\"--awb-border-color:#ec1c24;--awb-title-front-color:#ec1c24;--awb-text-front-color:#ec1c24;\"><div class=\"flip-box-front-inner\"><div class=\"flip-box-grafix flip-box-image\"><img decoding=\"async\" data-src=\"https:\/\/unimac.com\/international\/wp-content\/uploads\/sites\/2\/2019\/08\/maintenanceTips.png\" width=\"100\" height=\"85.11\" alt=\"\" src=\"data:image\/svg+xml;base64,PHN2ZyB3aWR0aD0iMSIgaGVpZ2h0PSIxIiB4bWxucz0iaHR0cDovL3d3dy53My5vcmcvMjAwMC9zdmciPjwvc3ZnPg==\" class=\"lazyload\" style=\"--smush-placeholder-width: 100px; --smush-placeholder-aspect-ratio: 100\/85;\" \/><\/div><\/p>\n<h3>Astuces d\u2019entretien<\/h3>\n<p><\/div><\/div><div class=\"flip-box-back\" style=\"--awb-border-color:#ec1c24;--awb-background-color-back:#ec1c24;--awb-text-back-color:#ffffff;\"><div class=\"flip-box-back-inner\">Respectez ces quelques conseils d\u2019entretien et de maintenance pour que vos \u00e9quipements UniMac conservent leurs performances \u00e9lev\u00e9es.<\/p>\n<div ><a class=\"fusion-button button-flat button-large button-custom fusion-button-default button-4 fusion-button-default-span fusion-button-default-type\" style=\"--button_accent_color:#ffffff;--button_accent_hover_color:#e8e8e8;--button_border_hover_color:#e8e8e8;--button_border_width-top:2px;--button_border_width-right:2px;--button_border_width-bottom:2px;--button_border_width-left:2px;--button_gradient_top_color:#ec1c24;--button_gradient_bottom_color:#ec1c24;--button_gradient_top_color_hover:#d80000;--button_gradient_bottom_color_hover:#d80000;--button_text_transform:none;\" target=\"_self\" href=\"\/international\/fr\/support\/astuces-entretien\"><span class=\"fusion-button-text awb-button__text awb-button__text--default fusion-button-text-right\">En savoir plus<\/span><span class=\"fusion-button-icon-divider button-icon-divider-right\"><i class=\"fa-angle-right fas awb-button__icon awb-button__icon--default\" aria-hidden=\"true\"><\/i><\/span><\/a><\/div><\/div><\/div><\/div><\/div><\/div><div class=\"fusion-flip-box-wrapper fusion-column col-lg-4 col-md-4 col-sm-4\"><div class=\"fusion-flip-box flip-down fusion-animated\" tabindex=\"0\" data-animationType=\"slideInDown\" data-animationDuration=\"0.1\" data-animationOffset=\"top-into-view\"><div class=\"flip-box-inner-wrapper\"><div class=\"flip-box-front\" style=\"--awb-border-color:#ec1c24;--awb-title-front-color:#ec1c24;\"><div class=\"flip-box-front-inner\"><div class=\"flip-box-grafix flip-box-image\"><img decoding=\"async\" data-src=\"https:\/\/unimac.com\/international\/wp-content\/uploads\/sites\/2\/2019\/08\/laundryDesignServices.png\" width=\"100\" height=\"75.53\" alt=\"\" src=\"data:image\/svg+xml;base64,PHN2ZyB3aWR0aD0iMSIgaGVpZ2h0PSIxIiB4bWxucz0iaHR0cDovL3d3dy53My5vcmcvMjAwMC9zdmciPjwvc3ZnPg==\" class=\"lazyload\" style=\"--smush-placeholder-width: 100px; --smush-placeholder-aspect-ratio: 100\/75;\" \/><\/div><\/p>\n<h3>Consignes de s\u00e9curit\u00e9<\/h3>\n<p><\/div><\/div><div class=\"flip-box-back\" style=\"--awb-border-color:#ec1c24;--awb-background-color-back:#ec1c24;--awb-text-back-color:#ffffff;\"><div class=\"flip-box-back-inner\">Consultez la liste compl\u00e8te de nos conseils de s\u00e9curit\u00e9 et recommandations pour vos \u00e9quipements UniMac.<\/p>\n<div ><a class=\"fusion-button button-flat button-large button-custom fusion-button-default button-5 fusion-button-default-span fusion-button-default-type\" style=\"--button_accent_color:#ffffff;--button_accent_hover_color:#e8e8e8;--button_border_hover_color:#e8e8e8;--button_border_width-top:2px;--button_border_width-right:2px;--button_border_width-bottom:2px;--button_border_width-left:2px;--button_gradient_top_color:#ec1c24;--button_gradient_bottom_color:#ec1c24;--button_gradient_top_color_hover:#d80000;--button_gradient_bottom_color_hover:#d80000;--button_text_transform:none;\" target=\"_self\" href=\"\/international\/fr\/support\/conseils-securite\/\"><span class=\"fusion-button-text awb-button__text awb-button__text--default fusion-button-text-right\">En savoir plus<\/span><span class=\"fusion-button-icon-divider button-icon-divider-right\"><i class=\"fa-angle-right fas awb-button__icon awb-button__icon--default\" aria-hidden=\"true\"><\/i><\/span><\/a><\/div><\/div><\/div><\/div><\/div><\/div><\/div><\/div><\/div><div class=\"fusion-layout-column fusion_builder_column fusion-builder-column-2 fusion_builder_column_1_4 1_4 fusion-flex-column\" style=\"--awb-bg-size:cover;--awb-width-large:25%;--awb-margin-top-large:20px;--awb-spacing-right-large:7.68%;--awb-margin-bottom-large:20px;--awb-spacing-left-large:7.68%;--awb-width-medium:25%;--awb-spacing-right-medium:7.68%;--awb-spacing-left-medium:7.68%;--awb-width-small:100%;--awb-spacing-right-small:1.92%;--awb-spacing-left-small:1.92%;\"><div class=\"fusion-column-wrapper fusion-column-has-shadow fusion-flex-justify-content-flex-start fusion-content-layout-column\"><div class=\"fusion-widget-area awb-widget-area-element fusion-widget-area-1 fusion-content-widget-area\" style=\"--awb-title-size:26px;--awb-title-color:#6f727b;--awb-padding:0px 0px 0px 0px;\"><div id=\"nav_menu-3\" class=\"widget widget_nav_menu\"><div class=\"menu-service-and-support-french-container\"><ul id=\"menu-service-and-support-french\" class=\"menu\"><li id=\"menu-item-12765\" class=\"menu-item menu-item-type-post_type menu-item-object-page menu-item-12765\"><a href=\"https:\/\/unimac.com\/international\/fr\/support\/\">Support<\/a><\/li>\n<li id=\"menu-item-12766\" class=\"menu-item menu-item-type-post_type menu-item-object-page menu-item-12766\"><a href=\"https:\/\/unimac.com\/international\/fr\/documents-techniques\/\">Documents techniques<\/a><\/li>\n<li id=\"menu-item-12767\" class=\"menu-item menu-item-type-post_type menu-item-object-page menu-item-12767\"><a href=\"https:\/\/unimac.com\/international\/fr\/architectes\/agencement-de-blanchisserie\/\">Agencement de laverie<\/a><\/li>\n<li id=\"menu-item-12768\" class=\"menu-item menu-item-type-post_type menu-item-object-page menu-item-12768\"><a href=\"https:\/\/unimac.com\/international\/fr\/support\/pieces-detachees\/\">Pi\u00e8ces d\u00e9tach\u00e9es<\/a><\/li>\n<li id=\"menu-item-12769\" class=\"menu-item menu-item-type-post_type menu-item-object-page menu-item-12769\"><a href=\"https:\/\/unimac.com\/international\/fr\/support\/conseils-securite\/\">Conseils de s\u00e9curit\u00e9<\/a><\/li>\n<\/ul><\/div><\/div><div class=\"fusion-additional-widget-content\"><\/div><\/div><div class=\"fusion-widget-area awb-widget-area-element fusion-widget-area-2 fusion-content-widget-area quick-links\" style=\"--awb-title-size:;--awb-title-color:#6f727b;--awb-padding:0px 0px 0px 0px;\"><div class=\"fusion-additional-widget-content\"><\/div><\/div>\n<\/div><\/div><\/div><\/div><div class=\"fusion-fullwidth fullwidth-box fusion-builder-row-3 fusion-flex-container global-footer nonhundred-percent-fullwidth non-hundred-percent-height-scrolling\" style=\"--awb-border-radius-top-left:0px;--awb-border-radius-top-right:0px;--awb-border-radius-bottom-right:0px;--awb-border-radius-bottom-left:0px;--awb-padding-top:30px;--awb-padding-right:0px;--awb-padding-bottom:30px;--awb-padding-left:0px;--awb-margin-bottom:-10px;--awb-background-color:#ec1c24;--awb-flex-wrap:wrap;\" ><\/div>\n<\/p>\n","protected":false},"excerpt":{"rendered":"","protected":false},"author":9,"featured_media":0,"parent":0,"menu_order":0,"comment_status":"closed","ping_status":"closed","template":"100-width.php","meta":{"inline_featured_image":false,"footnotes":""},"class_list":["post-12375","page","type-page","status-publish","hentry"],"yoast_head":"<!-- This site is optimized with the Yoast SEO Premium plugin v23.4 (Yoast SEO v26.2) - https:\/\/yoast.com\/wordpress\/plugins\/seo\/ -->\n<title>Service et assistance<\/title>\n<meta name=\"description\" content=\"Litt\u00e9rature technique UniMac, services d&#039;agencement de blanchisserie, pi\u00e8ces d\u00e9tach\u00e9es, entretien &amp; conseils de s\u00e9curit\u00e9\" \/>\n<meta name=\"robots\" content=\"index, follow, max-snippet:-1, max-image-preview:large, max-video-preview:-1\" \/>\n<link rel=\"canonical\" href=\"https:\/\/unimac.com\/international\/fr\/support\/\" \/>\n<meta property=\"og:locale\" content=\"fr_FR\" \/>\n<meta property=\"og:type\" content=\"article\" \/>\n<meta property=\"og:title\" content=\"Support\" \/>\n<meta property=\"og:description\" content=\"Litt\u00e9rature technique UniMac, services d&#039;agencement de blanchisserie, pi\u00e8ces d\u00e9tach\u00e9es, entretien &amp; conseils de s\u00e9curit\u00e9\" \/>\n<meta property=\"og:url\" content=\"https:\/\/unimac.com\/international\/fr\/support\/\" \/>\n<meta property=\"og:site_name\" content=\"Unimac International\" \/>\n<meta property=\"article:modified_time\" content=\"2021-02-10T17:45:02+00:00\" \/>\n<meta name=\"twitter:card\" content=\"summary_large_image\" \/>\n<meta name=\"twitter:label1\" content=\"Dur\u00e9e de lecture estim\u00e9e\" \/>\n\t<meta name=\"twitter:data1\" content=\"9 minutes\" \/>\n<script type=\"application\/ld+json\" class=\"yoast-schema-graph\">{\"@context\":\"https:\/\/schema.org\",\"@graph\":[{\"@type\":\"WebPage\",\"@id\":\"https:\/\/unimac.com\/international\/fr\/support\/\",\"url\":\"https:\/\/unimac.com\/international\/fr\/support\/\",\"name\":\"Service et assistance\",\"isPartOf\":{\"@id\":\"https:\/\/unimac.com\/international\/#website\"},\"datePublished\":\"2021-01-19T12:10:39+00:00\",\"dateModified\":\"2021-02-10T17:45:02+00:00\",\"description\":\"Litt\u00e9rature technique UniMac, services d'agencement de blanchisserie, pi\u00e8ces d\u00e9tach\u00e9es, entretien & conseils de s\u00e9curit\u00e9\",\"breadcrumb\":{\"@id\":\"https:\/\/unimac.com\/international\/fr\/support\/#breadcrumb\"},\"inLanguage\":\"fr-FR\",\"potentialAction\":[{\"@type\":\"ReadAction\",\"target\":[\"https:\/\/unimac.com\/international\/fr\/support\/\"]}]},{\"@type\":\"BreadcrumbList\",\"@id\":\"https:\/\/unimac.com\/international\/fr\/support\/#breadcrumb\",\"itemListElement\":[{\"@type\":\"ListItem\",\"position\":1,\"name\":\"Home\",\"item\":\"https:\/\/unimac.com\/international\/fr\/\"},{\"@type\":\"ListItem\",\"position\":2,\"name\":\"Support\"}]},{\"@type\":\"WebSite\",\"@id\":\"https:\/\/unimac.com\/international\/#website\",\"url\":\"https:\/\/unimac.com\/international\/\",\"name\":\"Unimac International\",\"description\":\"Maximum Performance\",\"publisher\":{\"@id\":\"https:\/\/unimac.com\/international\/#organization\"},\"potentialAction\":[{\"@type\":\"SearchAction\",\"target\":{\"@type\":\"EntryPoint\",\"urlTemplate\":\"https:\/\/unimac.com\/international\/?s={search_term_string}\"},\"query-input\":{\"@type\":\"PropertyValueSpecification\",\"valueRequired\":true,\"valueName\":\"search_term_string\"}}],\"inLanguage\":\"fr-FR\"},{\"@type\":\"Organization\",\"@id\":\"https:\/\/unimac.com\/international\/#organization\",\"name\":\"UniMac International\",\"url\":\"https:\/\/unimac.com\/international\/\",\"logo\":{\"@type\":\"ImageObject\",\"inLanguage\":\"fr-FR\",\"@id\":\"https:\/\/unimac.com\/international\/#\/schema\/logo\/image\/\",\"url\":\"https:\/\/unimac.com\/international\/wp-content\/uploads\/sites\/2\/2019\/07\/logo.png\",\"contentUrl\":\"https:\/\/unimac.com\/international\/wp-content\/uploads\/sites\/2\/2019\/07\/logo.png\",\"width\":200,\"height\":73,\"caption\":\"UniMac International\"},\"image\":{\"@id\":\"https:\/\/unimac.com\/international\/#\/schema\/logo\/image\/\"}}]}<\/script>\n<!-- \/ Yoast SEO Premium plugin. -->","yoast_head_json":{"title":"Service et assistance","description":"Litt\u00e9rature technique UniMac, services d'agencement de blanchisserie, pi\u00e8ces d\u00e9tach\u00e9es, entretien & conseils de s\u00e9curit\u00e9","robots":{"index":"index","follow":"follow","max-snippet":"max-snippet:-1","max-image-preview":"max-image-preview:large","max-video-preview":"max-video-preview:-1"},"canonical":"https:\/\/unimac.com\/international\/fr\/support\/","og_locale":"fr_FR","og_type":"article","og_title":"Support","og_description":"Litt\u00e9rature technique UniMac, services d'agencement de blanchisserie, pi\u00e8ces d\u00e9tach\u00e9es, entretien & conseils de s\u00e9curit\u00e9","og_url":"https:\/\/unimac.com\/international\/fr\/support\/","og_site_name":"Unimac International","article_modified_time":"2021-02-10T17:45:02+00:00","twitter_card":"summary_large_image","twitter_misc":{"Dur\u00e9e de lecture estim\u00e9e":"9 minutes"},"schema":{"@context":"https:\/\/schema.org","@graph":[{"@type":"WebPage","@id":"https:\/\/unimac.com\/international\/fr\/support\/","url":"https:\/\/unimac.com\/international\/fr\/support\/","name":"Service et assistance","isPartOf":{"@id":"https:\/\/unimac.com\/international\/#website"},"datePublished":"2021-01-19T12:10:39+00:00","dateModified":"2021-02-10T17:45:02+00:00","description":"Litt\u00e9rature technique UniMac, services d'agencement de blanchisserie, pi\u00e8ces d\u00e9tach\u00e9es, entretien & conseils de s\u00e9curit\u00e9","breadcrumb":{"@id":"https:\/\/unimac.com\/international\/fr\/support\/#breadcrumb"},"inLanguage":"fr-FR","potentialAction":[{"@type":"ReadAction","target":["https:\/\/unimac.com\/international\/fr\/support\/"]}]},{"@type":"BreadcrumbList","@id":"https:\/\/unimac.com\/international\/fr\/support\/#breadcrumb","itemListElement":[{"@type":"ListItem","position":1,"name":"Home","item":"https:\/\/unimac.com\/international\/fr\/"},{"@type":"ListItem","position":2,"name":"Support"}]},{"@type":"WebSite","@id":"https:\/\/unimac.com\/international\/#website","url":"https:\/\/unimac.com\/international\/","name":"Unimac International","description":"Maximum Performance","publisher":{"@id":"https:\/\/unimac.com\/international\/#organization"},"potentialAction":[{"@type":"SearchAction","target":{"@type":"EntryPoint","urlTemplate":"https:\/\/unimac.com\/international\/?s={search_term_string}"},"query-input":{"@type":"PropertyValueSpecification","valueRequired":true,"valueName":"search_term_string"}}],"inLanguage":"fr-FR"},{"@type":"Organization","@id":"https:\/\/unimac.com\/international\/#organization","name":"UniMac International","url":"https:\/\/unimac.com\/international\/","logo":{"@type":"ImageObject","inLanguage":"fr-FR","@id":"https:\/\/unimac.com\/international\/#\/schema\/logo\/image\/","url":"https:\/\/unimac.com\/international\/wp-content\/uploads\/sites\/2\/2019\/07\/logo.png","contentUrl":"https:\/\/unimac.com\/international\/wp-content\/uploads\/sites\/2\/2019\/07\/logo.png","width":200,"height":73,"caption":"UniMac International"},"image":{"@id":"https:\/\/unimac.com\/international\/#\/schema\/logo\/image\/"}}]}},"_links":{"self":[{"href":"https:\/\/unimac.com\/international\/fr\/wp-json\/wp\/v2\/pages\/12375","targetHints":{"allow":["GET"]}}],"collection":[{"href":"https:\/\/unimac.com\/international\/fr\/wp-json\/wp\/v2\/pages"}],"about":[{"href":"https:\/\/unimac.com\/international\/fr\/wp-json\/wp\/v2\/types\/page"}],"author":[{"embeddable":true,"href":"https:\/\/unimac.com\/international\/fr\/wp-json\/wp\/v2\/users\/9"}],"replies":[{"embeddable":true,"href":"https:\/\/unimac.com\/international\/fr\/wp-json\/wp\/v2\/comments?post=12375"}],"version-history":[{"count":7,"href":"https:\/\/unimac.com\/international\/fr\/wp-json\/wp\/v2\/pages\/12375\/revisions"}],"predecessor-version":[{"id":13656,"href":"https:\/\/unimac.com\/international\/fr\/wp-json\/wp\/v2\/pages\/12375\/revisions\/13656"}],"wp:attachment":[{"href":"https:\/\/unimac.com\/international\/fr\/wp-json\/wp\/v2\/media?parent=12375"}],"curies":[{"name":"wp","href":"https:\/\/api.w.org\/{rel}","templated":true}]}}