{"id":12379,"date":"2021-01-19T12:11:20","date_gmt":"2021-01-19T12:11:20","guid":{"rendered":"https:\/\/unimac.com\/en-international\/?page_id=12379"},"modified":"2021-01-20T22:27:31","modified_gmt":"2021-01-20T22:27:31","slug":"documents-techniques","status":"publish","type":"page","link":"https:\/\/unimac.com\/international\/fr\/documents-techniques\/","title":{"rendered":"Documents techniques"},"content":{"rendered":"<p><div class=\"fusion-fullwidth fullwidth-box fusion-builder-row-1 fusion-flex-container nonhundred-percent-fullwidth non-hundred-percent-height-scrolling\" style=\"--awb-border-radius-top-left:0px;--awb-border-radius-top-right:0px;--awb-border-radius-bottom-right:0px;--awb-border-radius-bottom-left:0px;--awb-flex-wrap:wrap;\" ><div class=\"fusion-builder-row fusion-row fusion-flex-align-items-flex-start fusion-flex-content-wrap\" style=\"max-width:1216.8px;margin-left: calc(-4% \/ 2 );margin-right: calc(-4% \/ 2 );\"><div class=\"fusion-layout-column fusion_builder_column fusion-builder-column-0 fusion_builder_column_3_4 3_4 fusion-flex-column\" style=\"--awb-bg-size:cover;--awb-width-large:75%;--awb-margin-top-large:20px;--awb-spacing-right-large:2.56%;--awb-margin-bottom-large:20px;--awb-spacing-left-large:2.56%;--awb-width-medium:75%;--awb-spacing-right-medium:2.56%;--awb-spacing-left-medium:2.56%;--awb-width-small:100%;--awb-spacing-right-small:1.92%;--awb-spacing-left-small:1.92%;\"><div class=\"fusion-column-wrapper fusion-column-has-shadow fusion-flex-justify-content-flex-start fusion-content-layout-column\"><div class=\"fusion-text fusion-text-1\"><h2>Retrouvez le manuel d\u2019utilisation et d\u2019entretien et les instructions d&rsquo;installation et d\u2019op\u00e9ration de vos \u00e9quipements de blanchisserie industrielle UniMac<\/h2>\n<p>Veuillez saisir le num\u00e9ro de mod\u00e8le de votre produit dans l\u2019outil de recherche ci-dessous. Cette recherche vous fournira des informations concernant votre machine. Les informations contiennent un fichier PDF pour un ou plusieurs des \u00e9l\u00e9ments suivants\u00a0: Instructions d&rsquo;installation et d\u2019op\u00e9ration et\/ou Manuels d\u2019utilisation et d\u2019entretien.<\/p>\n<\/div><div class=\"form-role\">\n<form action=\"\/\" method=\"get\">\n\t<label for=\"search\">R\u00e9f\u00e9rence du mod\u00e8le<\/label>\n\t<input type=\"text\" name=\"search\" id=\"search\">\n\t<input type=\"submit\" name\"submit\" value=\"search\" id=\"submit\">\n<\/form>\n<\/div><div class=\"fusion-text fusion-text-2\"><p>(Exemples\u00a0: Pour les s\u00e8che-linge commerciaux, saisissez UT plus z\u00e9ro suivi par la capacit\u00e9 du s\u00e8che-linge \u00ab\u00a0UT050\u00a0\u00bb ou pour les laveuses-essoreuses, saisissez UC suivi par la capacit\u00e9 du lave-linge \u00ab\u00a0UC25\u00a0\u00bb.)<\/p>\n<\/div><\/div><\/div><div class=\"fusion-layout-column fusion_builder_column fusion-builder-column-1 fusion_builder_column_1_4 1_4 fusion-flex-column\" style=\"--awb-bg-size:cover;--awb-width-large:25%;--awb-margin-top-large:20px;--awb-spacing-right-large:7.68%;--awb-margin-bottom-large:20px;--awb-spacing-left-large:7.68%;--awb-width-medium:25%;--awb-spacing-right-medium:7.68%;--awb-spacing-left-medium:7.68%;--awb-width-small:100%;--awb-spacing-right-small:1.92%;--awb-spacing-left-small:1.92%;\"><div class=\"fusion-column-wrapper fusion-column-has-shadow fusion-flex-justify-content-flex-start fusion-content-layout-column\"><div class=\"fusion-widget-area awb-widget-area-element fusion-widget-area-1 fusion-content-widget-area\" style=\"--awb-title-size:26px;--awb-title-color:#6f727b;--awb-padding:0px 0px 0px 0px;\"><div id=\"nav_menu-3\" class=\"widget widget_nav_menu\"><div class=\"menu-service-and-support-french-container\"><ul id=\"menu-service-and-support-french\" class=\"menu\"><li id=\"menu-item-12765\" class=\"menu-item menu-item-type-post_type menu-item-object-page menu-item-12765\"><a href=\"https:\/\/unimac.com\/international\/fr\/support\/\">Support<\/a><\/li>\n<li id=\"menu-item-12766\" class=\"menu-item menu-item-type-post_type menu-item-object-page menu-item-12766\"><a href=\"https:\/\/unimac.com\/international\/fr\/documents-techniques\/\">Documents techniques<\/a><\/li>\n<li id=\"menu-item-12767\" class=\"menu-item menu-item-type-post_type menu-item-object-page menu-item-12767\"><a href=\"https:\/\/unimac.com\/international\/fr\/architectes\/agencement-de-blanchisserie\/\">Agencement de laverie<\/a><\/li>\n<li id=\"menu-item-12768\" class=\"menu-item menu-item-type-post_type menu-item-object-page menu-item-12768\"><a href=\"https:\/\/unimac.com\/international\/fr\/support\/pieces-detachees\/\">Pi\u00e8ces d\u00e9tach\u00e9es<\/a><\/li>\n<li id=\"menu-item-12769\" class=\"menu-item menu-item-type-post_type menu-item-object-page menu-item-12769\"><a href=\"https:\/\/unimac.com\/international\/fr\/support\/conseils-securite\/\">Conseils de s\u00e9curit\u00e9<\/a><\/li>\n<\/ul><\/div><\/div><div class=\"fusion-additional-widget-content\"><\/div><\/div><div class=\"fusion-separator fusion-full-width-sep\" style=\"align-self: center;margin-left: auto;margin-right: auto;margin-top:30px;width:100%;\"><\/div><div class=\"fusion-widget-area awb-widget-area-element fusion-widget-area-2 fusion-content-widget-area \u5feb\u901f\u94fe\u63a5\" style=\"--awb-title-size:18px;--awb-title-color:#6f727b;--awb-padding:0px 0px 0px 0px;\"><div class=\"fusion-additional-widget-content\"><\/div><\/div>\n<\/div><\/div><\/div><\/div><div class=\"fusion-fullwidth fullwidth-box fusion-builder-row-2 fusion-flex-container global-footer nonhundred-percent-fullwidth non-hundred-percent-height-scrolling\" style=\"--awb-border-radius-top-left:0px;--awb-border-radius-top-right:0px;--awb-border-radius-bottom-right:0px;--awb-border-radius-bottom-left:0px;--awb-padding-top:30px;--awb-padding-right:0px;--awb-padding-bottom:30px;--awb-padding-left:0px;--awb-margin-bottom:-10px;--awb-background-color:#ec1c24;--awb-flex-wrap:wrap;\" ><\/div>\n<\/p>\n","protected":false},"excerpt":{"rendered":"","protected":false},"author":9,"featured_media":0,"parent":0,"menu_order":0,"comment_status":"closed","ping_status":"closed","template":"100-width.php","meta":{"inline_featured_image":false,"footnotes":""},"class_list":["post-12379","page","type-page","status-publish","hentry"],"yoast_head":"<!-- This site is optimized with the Yoast SEO Premium plugin v23.4 (Yoast SEO v26.2) - https:\/\/yoast.com\/wordpress\/plugins\/seo\/ -->\n<title>Documents techniques<\/title>\n<meta name=\"description\" content=\"Retrouvez le manuel d\u2019utilisation et d\u2019entretien et les instructions d&#039;installation et d\u2019op\u00e9ration de vos \u00e9quipements de blanchisserie industrielle UniMac\" \/>\n<meta name=\"robots\" content=\"index, follow, max-snippet:-1, max-image-preview:large, max-video-preview:-1\" \/>\n<link rel=\"canonical\" href=\"https:\/\/unimac.com\/international\/fr\/documents-techniques\/\" \/>\n<meta property=\"og:locale\" content=\"fr_FR\" \/>\n<meta property=\"og:type\" content=\"article\" \/>\n<meta property=\"og:title\" content=\"Documents techniques\" \/>\n<meta property=\"og:description\" content=\"Retrouvez le manuel d\u2019utilisation et d\u2019entretien et les instructions d&#039;installation et d\u2019op\u00e9ration de vos \u00e9quipements de blanchisserie industrielle UniMac\" \/>\n<meta property=\"og:url\" content=\"https:\/\/unimac.com\/international\/fr\/documents-techniques\/\" \/>\n<meta property=\"og:site_name\" content=\"Unimac International\" \/>\n<meta property=\"article:modified_time\" content=\"2021-01-20T22:27:31+00:00\" \/>\n<meta name=\"twitter:card\" content=\"summary_large_image\" \/>\n<meta name=\"twitter:label1\" content=\"Dur\u00e9e de lecture estim\u00e9e\" \/>\n\t<meta name=\"twitter:data1\" content=\"3 minutes\" \/>\n<script type=\"application\/ld+json\" class=\"yoast-schema-graph\">{\"@context\":\"https:\/\/schema.org\",\"@graph\":[{\"@type\":\"WebPage\",\"@id\":\"https:\/\/unimac.com\/international\/fr\/documents-techniques\/\",\"url\":\"https:\/\/unimac.com\/international\/fr\/documents-techniques\/\",\"name\":\"Documents techniques\",\"isPartOf\":{\"@id\":\"https:\/\/unimac.com\/international\/#website\"},\"datePublished\":\"2021-01-19T12:11:20+00:00\",\"dateModified\":\"2021-01-20T22:27:31+00:00\",\"description\":\"Retrouvez le manuel d\u2019utilisation et d\u2019entretien et les instructions d'installation et d\u2019op\u00e9ration de vos \u00e9quipements de blanchisserie industrielle UniMac\",\"breadcrumb\":{\"@id\":\"https:\/\/unimac.com\/international\/fr\/documents-techniques\/#breadcrumb\"},\"inLanguage\":\"fr-FR\",\"potentialAction\":[{\"@type\":\"ReadAction\",\"target\":[\"https:\/\/unimac.com\/international\/fr\/documents-techniques\/\"]}]},{\"@type\":\"BreadcrumbList\",\"@id\":\"https:\/\/unimac.com\/international\/fr\/documents-techniques\/#breadcrumb\",\"itemListElement\":[{\"@type\":\"ListItem\",\"position\":1,\"name\":\"Home\",\"item\":\"https:\/\/unimac.com\/international\/fr\/\"},{\"@type\":\"ListItem\",\"position\":2,\"name\":\"Documents techniques\"}]},{\"@type\":\"WebSite\",\"@id\":\"https:\/\/unimac.com\/international\/#website\",\"url\":\"https:\/\/unimac.com\/international\/\",\"name\":\"Unimac International\",\"description\":\"Maximum Performance\",\"publisher\":{\"@id\":\"https:\/\/unimac.com\/international\/#organization\"},\"potentialAction\":[{\"@type\":\"SearchAction\",\"target\":{\"@type\":\"EntryPoint\",\"urlTemplate\":\"https:\/\/unimac.com\/international\/?s={search_term_string}\"},\"query-input\":{\"@type\":\"PropertyValueSpecification\",\"valueRequired\":true,\"valueName\":\"search_term_string\"}}],\"inLanguage\":\"fr-FR\"},{\"@type\":\"Organization\",\"@id\":\"https:\/\/unimac.com\/international\/#organization\",\"name\":\"UniMac International\",\"url\":\"https:\/\/unimac.com\/international\/\",\"logo\":{\"@type\":\"ImageObject\",\"inLanguage\":\"fr-FR\",\"@id\":\"https:\/\/unimac.com\/international\/#\/schema\/logo\/image\/\",\"url\":\"https:\/\/unimac.com\/international\/wp-content\/uploads\/sites\/2\/2019\/07\/logo.png\",\"contentUrl\":\"https:\/\/unimac.com\/international\/wp-content\/uploads\/sites\/2\/2019\/07\/logo.png\",\"width\":200,\"height\":73,\"caption\":\"UniMac International\"},\"image\":{\"@id\":\"https:\/\/unimac.com\/international\/#\/schema\/logo\/image\/\"}}]}<\/script>\n<!-- \/ Yoast SEO Premium plugin. -->","yoast_head_json":{"title":"Documents techniques","description":"Retrouvez le manuel d\u2019utilisation et d\u2019entretien et les instructions d'installation et d\u2019op\u00e9ration de vos \u00e9quipements de blanchisserie industrielle UniMac","robots":{"index":"index","follow":"follow","max-snippet":"max-snippet:-1","max-image-preview":"max-image-preview:large","max-video-preview":"max-video-preview:-1"},"canonical":"https:\/\/unimac.com\/international\/fr\/documents-techniques\/","og_locale":"fr_FR","og_type":"article","og_title":"Documents techniques","og_description":"Retrouvez le manuel d\u2019utilisation et d\u2019entretien et les instructions d'installation et d\u2019op\u00e9ration de vos \u00e9quipements de blanchisserie industrielle UniMac","og_url":"https:\/\/unimac.com\/international\/fr\/documents-techniques\/","og_site_name":"Unimac International","article_modified_time":"2021-01-20T22:27:31+00:00","twitter_card":"summary_large_image","twitter_misc":{"Dur\u00e9e de lecture estim\u00e9e":"3 minutes"},"schema":{"@context":"https:\/\/schema.org","@graph":[{"@type":"WebPage","@id":"https:\/\/unimac.com\/international\/fr\/documents-techniques\/","url":"https:\/\/unimac.com\/international\/fr\/documents-techniques\/","name":"Documents techniques","isPartOf":{"@id":"https:\/\/unimac.com\/international\/#website"},"datePublished":"2021-01-19T12:11:20+00:00","dateModified":"2021-01-20T22:27:31+00:00","description":"Retrouvez le manuel d\u2019utilisation et d\u2019entretien et les instructions d'installation et d\u2019op\u00e9ration de vos \u00e9quipements de blanchisserie industrielle UniMac","breadcrumb":{"@id":"https:\/\/unimac.com\/international\/fr\/documents-techniques\/#breadcrumb"},"inLanguage":"fr-FR","potentialAction":[{"@type":"ReadAction","target":["https:\/\/unimac.com\/international\/fr\/documents-techniques\/"]}]},{"@type":"BreadcrumbList","@id":"https:\/\/unimac.com\/international\/fr\/documents-techniques\/#breadcrumb","itemListElement":[{"@type":"ListItem","position":1,"name":"Home","item":"https:\/\/unimac.com\/international\/fr\/"},{"@type":"ListItem","position":2,"name":"Documents techniques"}]},{"@type":"WebSite","@id":"https:\/\/unimac.com\/international\/#website","url":"https:\/\/unimac.com\/international\/","name":"Unimac International","description":"Maximum Performance","publisher":{"@id":"https:\/\/unimac.com\/international\/#organization"},"potentialAction":[{"@type":"SearchAction","target":{"@type":"EntryPoint","urlTemplate":"https:\/\/unimac.com\/international\/?s={search_term_string}"},"query-input":{"@type":"PropertyValueSpecification","valueRequired":true,"valueName":"search_term_string"}}],"inLanguage":"fr-FR"},{"@type":"Organization","@id":"https:\/\/unimac.com\/international\/#organization","name":"UniMac International","url":"https:\/\/unimac.com\/international\/","logo":{"@type":"ImageObject","inLanguage":"fr-FR","@id":"https:\/\/unimac.com\/international\/#\/schema\/logo\/image\/","url":"https:\/\/unimac.com\/international\/wp-content\/uploads\/sites\/2\/2019\/07\/logo.png","contentUrl":"https:\/\/unimac.com\/international\/wp-content\/uploads\/sites\/2\/2019\/07\/logo.png","width":200,"height":73,"caption":"UniMac International"},"image":{"@id":"https:\/\/unimac.com\/international\/#\/schema\/logo\/image\/"}}]}},"_links":{"self":[{"href":"https:\/\/unimac.com\/international\/fr\/wp-json\/wp\/v2\/pages\/12379","targetHints":{"allow":["GET"]}}],"collection":[{"href":"https:\/\/unimac.com\/international\/fr\/wp-json\/wp\/v2\/pages"}],"about":[{"href":"https:\/\/unimac.com\/international\/fr\/wp-json\/wp\/v2\/types\/page"}],"author":[{"embeddable":true,"href":"https:\/\/unimac.com\/international\/fr\/wp-json\/wp\/v2\/users\/9"}],"replies":[{"embeddable":true,"href":"https:\/\/unimac.com\/international\/fr\/wp-json\/wp\/v2\/comments?post=12379"}],"version-history":[{"count":6,"href":"https:\/\/unimac.com\/international\/fr\/wp-json\/wp\/v2\/pages\/12379\/revisions"}],"predecessor-version":[{"id":12664,"href":"https:\/\/unimac.com\/international\/fr\/wp-json\/wp\/v2\/pages\/12379\/revisions\/12664"}],"wp:attachment":[{"href":"https:\/\/unimac.com\/international\/fr\/wp-json\/wp\/v2\/media?parent=12379"}],"curies":[{"name":"wp","href":"https:\/\/api.w.org\/{rel}","templated":true}]}}