{"id":12429,"date":"2021-01-19T12:37:25","date_gmt":"2021-01-19T12:37:25","guid":{"rendered":"https:\/\/unimac.com\/en-international\/?page_id=12429"},"modified":"2021-02-09T14:46:35","modified_gmt":"2021-02-09T14:46:35","slug":"systeme-epi-pour-sapeurs-pompiers","status":"publish","type":"page","link":"https:\/\/unimac.com\/international\/fr\/produits\/systeme-epi-pour-sapeurs-pompiers\/","title":{"rendered":"Syst\u00e8me EPI pour sapeurs-pompiers"},"content":{"rendered":"<p><div class=\"fusion-fullwidth fullwidth-box fusion-builder-row-1 fusion-flex-container nonhundred-percent-fullwidth non-hundred-percent-height-scrolling\" style=\"--awb-border-radius-top-left:0px;--awb-border-radius-top-right:0px;--awb-border-radius-bottom-right:0px;--awb-border-radius-bottom-left:0px;--awb-flex-wrap:wrap;\" ><div class=\"fusion-builder-row fusion-row fusion-flex-align-items-flex-start fusion-flex-content-wrap\" style=\"max-width:1216.8px;margin-left: calc(-4% \/ 2 );margin-right: calc(-4% \/ 2 );\"><div class=\"fusion-layout-column fusion_builder_column fusion-builder-column-0 fusion_builder_column_1_1 1_1 fusion-flex-column\" style=\"--awb-bg-size:cover;--awb-width-large:100%;--awb-margin-top-large:20px;--awb-spacing-right-large:1.92%;--awb-margin-bottom-large:20px;--awb-spacing-left-large:1.92%;--awb-width-medium:100%;--awb-order-medium:0;--awb-spacing-right-medium:1.92%;--awb-spacing-left-medium:1.92%;--awb-width-small:100%;--awb-order-small:0;--awb-spacing-right-small:1.92%;--awb-spacing-left-small:1.92%;\"><div class=\"fusion-column-wrapper fusion-column-has-shadow fusion-flex-justify-content-flex-start fusion-content-layout-column\"><div class=\"fusion-title title fusion-title-1 fusion-title-center fusion-title-text fusion-title-size-two\"><div class=\"title-sep-container title-sep-container-left\"><div class=\"title-sep sep- sep-solid\" style=\"border-color:#e0dede;\"><\/div><\/div><span class=\"awb-title-spacer\"><\/span><h2 class=\"fusion-title-heading title-heading-center fusion-responsive-typography-calculated\" style=\"margin:0;--fontSize:26;--minFontSize:26;line-height:1.1;\">Vous recherchez un s\u00e8che-linge performant pour votre caserne\u00a0? La cabine de s\u00e9chage EPI d\u2019UniMac vous aide \u00e0 r\u00e9duire drastiquement les temps de s\u00e9chage de vos \u00e9quipements par rapport aux m\u00e9thodes conventionnelles.<\/h2><span class=\"awb-title-spacer\"><\/span><div class=\"title-sep-container title-sep-container-right\"><div class=\"title-sep sep- sep-solid\" style=\"border-color:#e0dede;\"><\/div><\/div><\/div><\/div><\/div><\/div><\/div><div class=\"fusion-fullwidth fullwidth-box fusion-builder-row-2 fusion-flex-container nonhundred-percent-fullwidth non-hundred-percent-height-scrolling\" style=\"--awb-border-radius-top-left:0px;--awb-border-radius-top-right:0px;--awb-border-radius-bottom-right:0px;--awb-border-radius-bottom-left:0px;--awb-flex-wrap:wrap;\" ><div class=\"fusion-builder-row fusion-row fusion-flex-align-items-flex-start fusion-flex-content-wrap\" style=\"max-width:1216.8px;margin-left: calc(-4% \/ 2 );margin-right: calc(-4% \/ 2 );\"><div class=\"fusion-layout-column fusion_builder_column fusion-builder-column-1 fusion_builder_column_1_4 1_4 fusion-flex-column fusion-column-inner-bg-wrapper\" style=\"--awb-inner-bg-size:cover;--awb-width-large:25%;--awb-margin-top-large:20px;--awb-spacing-right-large:7.68%;--awb-margin-bottom-large:20px;--awb-spacing-left-large:7.68%;--awb-width-medium:25%;--awb-order-medium:0;--awb-spacing-right-medium:7.68%;--awb-spacing-left-medium:7.68%;--awb-width-small:100%;--awb-order-small:0;--awb-spacing-right-small:1.92%;--awb-spacing-left-small:1.92%;\"><span class=\"fusion-column-inner-bg hover-type-none\"><a class=\"fusion-column-anchor\" href=\"\/international\/fr\/produits\/systeme-epi-pour-sapeurs-pompiers\/epi-sapeurs-pompiers\/\"><span class=\"fusion-column-inner-bg-image\"><\/span><\/a><\/span><div class=\"fusion-column-wrapper fusion-column-has-shadow fusion-flex-justify-content-flex-start fusion-content-layout-column\"><div class=\"fusion-image-element \" style=\"--awb-caption-title-font-family:var(--h2_typography-font-family);--awb-caption-title-font-weight:var(--h2_typography-font-weight);--awb-caption-title-font-style:var(--h2_typography-font-style);--awb-caption-title-size:var(--h2_typography-font-size);--awb-caption-title-transform:var(--h2_typography-text-transform);--awb-caption-title-line-height:var(--h2_typography-line-height);--awb-caption-title-letter-spacing:var(--h2_typography-letter-spacing);\"><span class=\" fusion-imageframe imageframe-none imageframe-1 hover-type-none\"><a class=\"fusion-no-lightbox\" href=\"\/international\/fr\/produits\/systeme-epi-pour-sapeurs-pompiers\/epi-sapeurs-pompiers\/\" target=\"_self\" aria-label=\"DCS08_OPL_Left\"><img decoding=\"async\" width=\"194\" height=\"300\" alt=\"UniMac industrial PPE Drying Cabinet for firefighters\" data-src=\"https:\/\/unimac.com\/international\/wp-content\/uploads\/sites\/2\/2020\/10\/DCS08_OPL_Left-194x300.jpg\" class=\"img-responsive wp-image-9652 lazyload\" data-srcset=\"https:\/\/unimac.com\/international\/wp-content\/uploads\/sites\/2\/2020\/10\/DCS08_OPL_Left-200x310.jpg 200w, https:\/\/unimac.com\/international\/wp-content\/uploads\/sites\/2\/2020\/10\/DCS08_OPL_Left.jpg 323w\" data-sizes=\"(max-width: 640px) 100vw, 194px\" src=\"data:image\/svg+xml;base64,PHN2ZyB3aWR0aD0iMSIgaGVpZ2h0PSIxIiB4bWxucz0iaHR0cDovL3d3dy53My5vcmcvMjAwMC9zdmciPjwvc3ZnPg==\" style=\"--smush-placeholder-width: 194px; --smush-placeholder-aspect-ratio: 194\/300;\" \/><\/a><\/span><\/div><\/div><\/div><div class=\"fusion-layout-column fusion_builder_column fusion-builder-column-2 fusion_builder_column_1_2 1_2 fusion-flex-column\" style=\"--awb-bg-size:cover;--awb-width-large:50%;--awb-margin-top-large:20px;--awb-spacing-right-large:3.84%;--awb-margin-bottom-large:20px;--awb-spacing-left-large:3.84%;--awb-width-medium:50%;--awb-spacing-right-medium:3.84%;--awb-spacing-left-medium:3.84%;--awb-width-small:100%;--awb-spacing-right-small:1.92%;--awb-spacing-left-small:1.92%;\"><div class=\"fusion-column-wrapper fusion-column-has-shadow fusion-flex-justify-content-flex-start fusion-content-layout-column\"><div class=\"fusion-title title fusion-title-2 fusion-title-text fusion-title-size-three\"><div class=\"title-sep-container title-sep-container-left fusion-no-large-visibility fusion-no-medium-visibility fusion-no-small-visibility\"><div class=\"title-sep sep- sep-solid\" style=\"border-color:#e0dede;\"><\/div><\/div><span class=\"awb-title-spacer fusion-no-large-visibility fusion-no-medium-visibility fusion-no-small-visibility\"><\/span><h3 class=\"fusion-title-heading title-heading-left fusion-responsive-typography-calculated\" style=\"margin:0;--fontSize:23;--minFontSize:23;line-height:1.25;\"><a href=\"\/international\/fr\/produits\/systeme-epi-pour-sapeurs-pompiers\/epi-sapeurs-pompiers\/\">SYST\u00c8ME EPI POUR SAPEURS-POMPIERS<\/a><\/h3><span class=\"awb-title-spacer\"><\/span><div class=\"title-sep-container title-sep-container-right\"><div class=\"title-sep sep- sep-solid\" style=\"border-color:#e0dede;\"><\/div><\/div><\/div><div class=\"fusion-text fusion-text-1\"><p>La cabine de s\u00e9chage EPI d\u2019UniMac propose des programmes pr\u00e9d\u00e9finis allant de 1,5 \u00e0 3 heures pour vous aider \u00e0 r\u00e9duire drastiquement les temps de s\u00e9chage par rapport aux m\u00e9thodes conventionnelles. Il vous suffit de s\u00e9lectionner l\u2019un des cinq programmes pr\u00e9d\u00e9finis et d\u2019appuyer sur \u00ab\u00a0D\u00e9marrer\u00a0\u00bb pour remettre rapidement vos EPI en service. Gr\u00e2ce \u00e0 un processus de distribution d\u2019air bilat\u00e9ral, le s\u00e8che-linge fait circuler l\u2019air \u00e0 l\u2019int\u00e9rieur des \u00e9quipements et \u00e0 l\u2019ext\u00e9rieur de ceux-ci pour un s\u00e9chage rigoureux \u00e0 une vitesse et \u00e0 un degr\u00e9 d\u2019efficacit\u00e9 optimaux, r\u00e9duisant ainsi les charges op\u00e9rationnelles. Associez le s\u00e8che-linge \u00e0 une laveuse-essoreuse Unimac pour r\u00e9pondre aux normes\u00a0NFPA\u00a01851 et gagnez en tranquillit\u00e9 d&rsquo;esprit gr\u00e2ce \u00e0 notre garantie de 1\u00a0an.<\/p>\n<h4 class=\"hdg hdg_3\">Besoins<\/h4>\n<ul class=\"vList_bulleted_indented vList_bulleted\">\n<li>Prendre soin des \u00e9quipements de mani\u00e8re adapt\u00e9e<\/li>\n<li>Remise rapide en service<\/li>\n<li>S\u00e9curit\u00e9 am\u00e9lior\u00e9e<\/li>\n<li>Uniforme de pompier ou militaires<\/li>\n<\/ul>\n<p><strong>D\u00e9couvrez comment UniMac r\u00e9pond \u00e0 vos besoins<\/strong><\/p>\n<\/div><div class=\"fusion-video fusion-youtube\" style=\"--awb-max-width:600px;--awb-max-height:360px;\"><div class=\"video-shortcode\"><div class=\"fluid-width-video-wrapper\" style=\"padding-top:60%;\" ><iframe title=\"YouTube video player 1\" data-src=\"https:\/\/www.youtube.com\/embed\/GAgUR5GYOns?wmode=transparent&autoplay=0\" width=\"600\" height=\"360\" allowfullscreen allow=\"autoplay; clipboard-write; encrypted-media; gyroscope; picture-in-picture;\" src=\"data:image\/svg+xml;base64,PHN2ZyB3aWR0aD0iMSIgaGVpZ2h0PSIxIiB4bWxucz0iaHR0cDovL3d3dy53My5vcmcvMjAwMC9zdmciPjwvc3ZnPg==\" class=\"lazyload\" data-load-mode=\"1\"><\/iframe><\/div><\/div><\/div><div class=\"fusion-separator fusion-full-width-sep\" style=\"align-self: center;margin-left: auto;margin-right: auto;margin-top:50px;width:100%;\"><\/div><div class=\"fusion-flip-boxes flip-boxes row fusion-columns-2 flip-effect-3d equal-heights capacity\"><\/div><\/div><\/div><div class=\"fusion-layout-column fusion_builder_column fusion-builder-column-3 fusion_builder_column_1_4 1_4 fusion-flex-column\" style=\"--awb-bg-size:cover;--awb-width-large:25%;--awb-margin-top-large:20px;--awb-spacing-right-large:7.68%;--awb-margin-bottom-large:20px;--awb-spacing-left-large:7.68%;--awb-width-medium:25%;--awb-order-medium:0;--awb-spacing-right-medium:7.68%;--awb-spacing-left-medium:7.68%;--awb-width-small:100%;--awb-order-small:0;--awb-spacing-right-small:1.92%;--awb-spacing-left-small:1.92%;\"><div class=\"fusion-column-wrapper fusion-column-has-shadow fusion-flex-justify-content-flex-start fusion-content-layout-column\"><div class=\"fusion-widget-area awb-widget-area-element fusion-widget-area-1 fusion-content-widget-area\" style=\"--awb-title-size:26px;--awb-title-color:#6f727b;--awb-padding:0px 0px 0px 0px;\"><div id=\"nav_menu-22\" class=\"widget widget_nav_menu\" style=\"border-style: solid;border-color:transparent;border-width:0px;\"><div class=\"menu-products-french-container\"><ul id=\"menu-products-french\" class=\"menu\"><li id=\"menu-item-12776\" class=\"menu-item menu-item-type-post_type menu-item-object-page menu-item-12776\"><a href=\"https:\/\/unimac.com\/international\/fr\/produits\/\">Produits<\/a><\/li>\n<li id=\"menu-item-12777\" class=\"menu-item menu-item-type-post_type menu-item-object-page menu-item-12777\"><a href=\"https:\/\/unimac.com\/international\/fr\/produits\/laveuses-essoreuses\/\">Laveuses-essoreuses industrielles<\/a><\/li>\n<li id=\"menu-item-12779\" class=\"menu-item menu-item-type-post_type menu-item-object-page menu-item-12779\"><a href=\"https:\/\/unimac.com\/international\/fr\/produits\/repasseuses-commerciales\/\">Repasseuses commerciales<\/a><\/li>\n<\/ul><\/div><\/div><div class=\"fusion-additional-widget-content\"><\/div><\/div><\/div><\/div><div class=\"fusion-layout-column fusion_builder_column fusion-builder-column-4 fusion_builder_column_1_4 1_4 fusion-flex-column bor-l fusion-column-inner-bg-wrapper\" style=\"--awb-inner-bg-size:cover;--awb-width-large:25%;--awb-margin-top-large:20px;--awb-spacing-right-large:7.68%;--awb-margin-bottom-large:20px;--awb-spacing-left-large:7.68%;--awb-width-medium:25%;--awb-spacing-right-medium:7.68%;--awb-spacing-left-medium:7.68%;--awb-width-small:100%;--awb-spacing-right-small:1.92%;--awb-spacing-left-small:1.92%;\"><span class=\"fusion-column-inner-bg hover-type-none\"><a class=\"fusion-column-anchor\" href=\"\/products\/firemans-ppe-system\/firemans-ppe-system\/\"><span class=\"fusion-column-inner-bg-image\"><\/span><\/a><\/span><div class=\"fusion-column-wrapper fusion-column-has-shadow fusion-flex-justify-content-flex-start fusion-content-layout-column\"><div class=\"fusion-widget-area awb-widget-area-element fusion-widget-area-2 fusion-content-widget-area\" style=\"--awb-title-size:26px;--awb-title-color:#000000;--awb-padding:0px 0px 0px 0px;\"><div class=\"fusion-additional-widget-content\"><\/div><\/div><\/div><\/div><\/div><\/div><div class=\"fusion-fullwidth fullwidth-box fusion-builder-row-3 fusion-flex-container global-footer nonhundred-percent-fullwidth non-hundred-percent-height-scrolling\" style=\"--awb-border-radius-top-left:0px;--awb-border-radius-top-right:0px;--awb-border-radius-bottom-right:0px;--awb-border-radius-bottom-left:0px;--awb-padding-top:30px;--awb-padding-right:0px;--awb-padding-bottom:30px;--awb-padding-left:0px;--awb-margin-bottom:-10px;--awb-background-color:#ec1c24;--awb-flex-wrap:wrap;\" ><\/div>\n<\/p>\n","protected":false},"excerpt":{"rendered":"","protected":false},"author":9,"featured_media":0,"parent":12261,"menu_order":0,"comment_status":"closed","ping_status":"closed","template":"100-width.php","meta":{"inline_featured_image":false,"footnotes":""},"class_list":["post-12429","page","type-page","status-publish","hentry"],"yoast_head":"<!-- This site is optimized with the Yoast SEO Premium plugin v23.4 (Yoast SEO v26.2) - https:\/\/yoast.com\/wordpress\/plugins\/seo\/ -->\n<title>Cabine de s\u00e8chage pour caserne\u00a0: syst\u00e8me EPI pour sapeurs-pompiers<\/title>\n<meta name=\"description\" content=\"Vous recherchez un s\u00e8che-linge performant pour votre caserne\u00a0? La cabine de s\u00e9chage EPI d\u2019UniMac vous aide \u00e0 r\u00e9duire drastiquement les temps de s\u00e9chage de vos \u00e9quipements par rapport aux m\u00e9thodes conventionnelles.\" \/>\n<meta name=\"robots\" content=\"index, follow, max-snippet:-1, max-image-preview:large, max-video-preview:-1\" \/>\n<link rel=\"canonical\" href=\"https:\/\/unimac.com\/international\/fr\/produits\/systeme-epi-pour-sapeurs-pompiers\/\" \/>\n<meta property=\"og:locale\" content=\"fr_FR\" \/>\n<meta property=\"og:type\" content=\"article\" \/>\n<meta property=\"og:title\" content=\"Syst\u00e8me EPI pour sapeurs-pompiers\" \/>\n<meta property=\"og:description\" content=\"Vous recherchez un s\u00e8che-linge performant pour votre caserne\u00a0? La cabine de s\u00e9chage EPI d\u2019UniMac vous aide \u00e0 r\u00e9duire drastiquement les temps de s\u00e9chage de vos \u00e9quipements par rapport aux m\u00e9thodes conventionnelles.\" \/>\n<meta property=\"og:url\" content=\"https:\/\/unimac.com\/international\/fr\/produits\/systeme-epi-pour-sapeurs-pompiers\/\" \/>\n<meta property=\"og:site_name\" content=\"Unimac International\" \/>\n<meta property=\"article:modified_time\" content=\"2021-02-09T14:46:35+00:00\" \/>\n<meta name=\"twitter:card\" content=\"summary_large_image\" \/>\n<meta name=\"twitter:label1\" content=\"Dur\u00e9e de lecture estim\u00e9e\" \/>\n\t<meta name=\"twitter:data1\" content=\"10 minutes\" \/>\n<script type=\"application\/ld+json\" class=\"yoast-schema-graph\">{\"@context\":\"https:\/\/schema.org\",\"@graph\":[{\"@type\":\"WebPage\",\"@id\":\"https:\/\/unimac.com\/international\/fr\/produits\/systeme-epi-pour-sapeurs-pompiers\/\",\"url\":\"https:\/\/unimac.com\/international\/fr\/produits\/systeme-epi-pour-sapeurs-pompiers\/\",\"name\":\"Cabine de s\u00e8chage pour caserne\u00a0: syst\u00e8me EPI pour sapeurs-pompiers\",\"isPartOf\":{\"@id\":\"https:\/\/unimac.com\/international\/#website\"},\"datePublished\":\"2021-01-19T12:37:25+00:00\",\"dateModified\":\"2021-02-09T14:46:35+00:00\",\"description\":\"Vous recherchez un s\u00e8che-linge performant pour votre caserne\u00a0? La cabine de s\u00e9chage EPI d\u2019UniMac vous aide \u00e0 r\u00e9duire drastiquement les temps de s\u00e9chage de vos \u00e9quipements par rapport aux m\u00e9thodes conventionnelles.\",\"breadcrumb\":{\"@id\":\"https:\/\/unimac.com\/international\/fr\/produits\/systeme-epi-pour-sapeurs-pompiers\/#breadcrumb\"},\"inLanguage\":\"fr-FR\",\"potentialAction\":[{\"@type\":\"ReadAction\",\"target\":[\"https:\/\/unimac.com\/international\/fr\/produits\/systeme-epi-pour-sapeurs-pompiers\/\"]}]},{\"@type\":\"BreadcrumbList\",\"@id\":\"https:\/\/unimac.com\/international\/fr\/produits\/systeme-epi-pour-sapeurs-pompiers\/#breadcrumb\",\"itemListElement\":[{\"@type\":\"ListItem\",\"position\":1,\"name\":\"Home\",\"item\":\"https:\/\/unimac.com\/international\/fr\/\"},{\"@type\":\"ListItem\",\"position\":2,\"name\":\"Produits\",\"item\":\"https:\/\/unimac.com\/international\/fr\/produits\/\"},{\"@type\":\"ListItem\",\"position\":3,\"name\":\"Syst\u00e8me EPI pour sapeurs-pompiers\"}]},{\"@type\":\"WebSite\",\"@id\":\"https:\/\/unimac.com\/international\/#website\",\"url\":\"https:\/\/unimac.com\/international\/\",\"name\":\"Unimac International\",\"description\":\"Maximum Performance\",\"publisher\":{\"@id\":\"https:\/\/unimac.com\/international\/#organization\"},\"potentialAction\":[{\"@type\":\"SearchAction\",\"target\":{\"@type\":\"EntryPoint\",\"urlTemplate\":\"https:\/\/unimac.com\/international\/?s={search_term_string}\"},\"query-input\":{\"@type\":\"PropertyValueSpecification\",\"valueRequired\":true,\"valueName\":\"search_term_string\"}}],\"inLanguage\":\"fr-FR\"},{\"@type\":\"Organization\",\"@id\":\"https:\/\/unimac.com\/international\/#organization\",\"name\":\"UniMac International\",\"url\":\"https:\/\/unimac.com\/international\/\",\"logo\":{\"@type\":\"ImageObject\",\"inLanguage\":\"fr-FR\",\"@id\":\"https:\/\/unimac.com\/international\/#\/schema\/logo\/image\/\",\"url\":\"https:\/\/unimac.com\/international\/wp-content\/uploads\/sites\/2\/2019\/07\/logo.png\",\"contentUrl\":\"https:\/\/unimac.com\/international\/wp-content\/uploads\/sites\/2\/2019\/07\/logo.png\",\"width\":200,\"height\":73,\"caption\":\"UniMac International\"},\"image\":{\"@id\":\"https:\/\/unimac.com\/international\/#\/schema\/logo\/image\/\"}}]}<\/script>\n<!-- \/ Yoast SEO Premium plugin. -->","yoast_head_json":{"title":"Cabine de s\u00e8chage pour caserne\u00a0: syst\u00e8me EPI pour sapeurs-pompiers","description":"Vous recherchez un s\u00e8che-linge performant pour votre caserne\u00a0? La cabine de s\u00e9chage EPI d\u2019UniMac vous aide \u00e0 r\u00e9duire drastiquement les temps de s\u00e9chage de vos \u00e9quipements par rapport aux m\u00e9thodes conventionnelles.","robots":{"index":"index","follow":"follow","max-snippet":"max-snippet:-1","max-image-preview":"max-image-preview:large","max-video-preview":"max-video-preview:-1"},"canonical":"https:\/\/unimac.com\/international\/fr\/produits\/systeme-epi-pour-sapeurs-pompiers\/","og_locale":"fr_FR","og_type":"article","og_title":"Syst\u00e8me EPI pour sapeurs-pompiers","og_description":"Vous recherchez un s\u00e8che-linge performant pour votre caserne\u00a0? La cabine de s\u00e9chage EPI d\u2019UniMac vous aide \u00e0 r\u00e9duire drastiquement les temps de s\u00e9chage de vos \u00e9quipements par rapport aux m\u00e9thodes conventionnelles.","og_url":"https:\/\/unimac.com\/international\/fr\/produits\/systeme-epi-pour-sapeurs-pompiers\/","og_site_name":"Unimac International","article_modified_time":"2021-02-09T14:46:35+00:00","twitter_card":"summary_large_image","twitter_misc":{"Dur\u00e9e de lecture estim\u00e9e":"10 minutes"},"schema":{"@context":"https:\/\/schema.org","@graph":[{"@type":"WebPage","@id":"https:\/\/unimac.com\/international\/fr\/produits\/systeme-epi-pour-sapeurs-pompiers\/","url":"https:\/\/unimac.com\/international\/fr\/produits\/systeme-epi-pour-sapeurs-pompiers\/","name":"Cabine de s\u00e8chage pour caserne\u00a0: syst\u00e8me EPI pour sapeurs-pompiers","isPartOf":{"@id":"https:\/\/unimac.com\/international\/#website"},"datePublished":"2021-01-19T12:37:25+00:00","dateModified":"2021-02-09T14:46:35+00:00","description":"Vous recherchez un s\u00e8che-linge performant pour votre caserne\u00a0? La cabine de s\u00e9chage EPI d\u2019UniMac vous aide \u00e0 r\u00e9duire drastiquement les temps de s\u00e9chage de vos \u00e9quipements par rapport aux m\u00e9thodes conventionnelles.","breadcrumb":{"@id":"https:\/\/unimac.com\/international\/fr\/produits\/systeme-epi-pour-sapeurs-pompiers\/#breadcrumb"},"inLanguage":"fr-FR","potentialAction":[{"@type":"ReadAction","target":["https:\/\/unimac.com\/international\/fr\/produits\/systeme-epi-pour-sapeurs-pompiers\/"]}]},{"@type":"BreadcrumbList","@id":"https:\/\/unimac.com\/international\/fr\/produits\/systeme-epi-pour-sapeurs-pompiers\/#breadcrumb","itemListElement":[{"@type":"ListItem","position":1,"name":"Home","item":"https:\/\/unimac.com\/international\/fr\/"},{"@type":"ListItem","position":2,"name":"Produits","item":"https:\/\/unimac.com\/international\/fr\/produits\/"},{"@type":"ListItem","position":3,"name":"Syst\u00e8me EPI pour sapeurs-pompiers"}]},{"@type":"WebSite","@id":"https:\/\/unimac.com\/international\/#website","url":"https:\/\/unimac.com\/international\/","name":"Unimac International","description":"Maximum Performance","publisher":{"@id":"https:\/\/unimac.com\/international\/#organization"},"potentialAction":[{"@type":"SearchAction","target":{"@type":"EntryPoint","urlTemplate":"https:\/\/unimac.com\/international\/?s={search_term_string}"},"query-input":{"@type":"PropertyValueSpecification","valueRequired":true,"valueName":"search_term_string"}}],"inLanguage":"fr-FR"},{"@type":"Organization","@id":"https:\/\/unimac.com\/international\/#organization","name":"UniMac International","url":"https:\/\/unimac.com\/international\/","logo":{"@type":"ImageObject","inLanguage":"fr-FR","@id":"https:\/\/unimac.com\/international\/#\/schema\/logo\/image\/","url":"https:\/\/unimac.com\/international\/wp-content\/uploads\/sites\/2\/2019\/07\/logo.png","contentUrl":"https:\/\/unimac.com\/international\/wp-content\/uploads\/sites\/2\/2019\/07\/logo.png","width":200,"height":73,"caption":"UniMac International"},"image":{"@id":"https:\/\/unimac.com\/international\/#\/schema\/logo\/image\/"}}]}},"_links":{"self":[{"href":"https:\/\/unimac.com\/international\/fr\/wp-json\/wp\/v2\/pages\/12429","targetHints":{"allow":["GET"]}}],"collection":[{"href":"https:\/\/unimac.com\/international\/fr\/wp-json\/wp\/v2\/pages"}],"about":[{"href":"https:\/\/unimac.com\/international\/fr\/wp-json\/wp\/v2\/types\/page"}],"author":[{"embeddable":true,"href":"https:\/\/unimac.com\/international\/fr\/wp-json\/wp\/v2\/users\/9"}],"replies":[{"embeddable":true,"href":"https:\/\/unimac.com\/international\/fr\/wp-json\/wp\/v2\/comments?post=12429"}],"version-history":[{"count":12,"href":"https:\/\/unimac.com\/international\/fr\/wp-json\/wp\/v2\/pages\/12429\/revisions"}],"predecessor-version":[{"id":13556,"href":"https:\/\/unimac.com\/international\/fr\/wp-json\/wp\/v2\/pages\/12429\/revisions\/13556"}],"up":[{"embeddable":true,"href":"https:\/\/unimac.com\/international\/fr\/wp-json\/wp\/v2\/pages\/12261"}],"wp:attachment":[{"href":"https:\/\/unimac.com\/international\/fr\/wp-json\/wp\/v2\/media?parent=12429"}],"curies":[{"name":"wp","href":"https:\/\/api.w.org\/{rel}","templated":true}]}}