{"id":19664,"date":"2021-09-28T09:56:22","date_gmt":"2021-09-28T09:56:22","guid":{"rendered":"https:\/\/unimac.com\/international\/?page_id=19664"},"modified":"2021-09-28T09:56:22","modified_gmt":"2021-09-28T09:56:22","slug":"conditions-utilisation","status":"publish","type":"page","link":"https:\/\/unimac.com\/international\/fr\/a-propos\/conditions-utilisation\/","title":{"rendered":"Conditions d\u2019utilisation"},"content":{"rendered":"<p><div class=\"fusion-fullwidth fullwidth-box fusion-builder-row-1 fusion-flex-container nonhundred-percent-fullwidth non-hundred-percent-height-scrolling\" style=\"--awb-border-radius-top-left:0px;--awb-border-radius-top-right:0px;--awb-border-radius-bottom-right:0px;--awb-border-radius-bottom-left:0px;--awb-flex-wrap:wrap;\" ><div class=\"fusion-builder-row fusion-row fusion-flex-align-items-flex-start fusion-flex-content-wrap\" style=\"max-width:1216.8px;margin-left: calc(-4% \/ 2 );margin-right: calc(-4% \/ 2 );\"><div class=\"fusion-layout-column fusion_builder_column fusion-builder-column-0 fusion_builder_column_1_6 1_6 fusion-flex-column\" style=\"--awb-bg-size:cover;--awb-width-large:16.666666666667%;--awb-margin-top-large:20px;--awb-spacing-right-large:11.52%;--awb-margin-bottom-large:20px;--awb-spacing-left-large:11.52%;--awb-width-medium:16.666666666667%;--awb-spacing-right-medium:11.52%;--awb-spacing-left-medium:11.52%;--awb-width-small:100%;--awb-spacing-right-small:1.92%;--awb-spacing-left-small:1.92%;\"><div class=\"fusion-column-wrapper fusion-column-has-shadow fusion-flex-justify-content-flex-start fusion-content-layout-column\"><div class=\"fusion-widget-area awb-widget-area-element fusion-widget-area-1 fusion-content-widget-area wig\" style=\"--awb-title-size:30px;--awb-title-color:#ec1c24;--awb-padding:0px 0px 0px 0px;\"><div class=\"fusion-additional-widget-content\"><\/div><\/div>\n<\/div><\/div><div class=\"fusion-layout-column fusion_builder_column fusion-builder-column-1 fusion_builder_column_5_6 5_6 fusion-flex-column\" style=\"--awb-bg-size:cover;--awb-width-large:83.333333333333%;--awb-margin-top-large:20px;--awb-spacing-right-large:2.304%;--awb-margin-bottom-large:20px;--awb-spacing-left-large:2.304%;--awb-width-medium:83.333333333333%;--awb-spacing-right-medium:2.304%;--awb-spacing-left-medium:2.304%;--awb-width-small:100%;--awb-spacing-right-small:1.92%;--awb-spacing-left-small:1.92%;\" id=\"terms\"><div class=\"fusion-column-wrapper fusion-column-has-shadow fusion-flex-justify-content-flex-start fusion-content-layout-column\"><div class=\"fusion-text fusion-text-1\"><h2 class=\"fusion-responsive-typography-calculated\" data-fontsize=\"18\" data-lineheight=\"27px\">Unimac propose ce site Internet comme un service \u00e0 la communaut\u00e9 des internautes. Le contenu (images et textes) publi\u00e9 par Unimac sur ce site Web est prot\u00e9g\u00e9 par les droits d\u2019auteur.<\/h2>\n<p>Vous pouvez en t\u00e9l\u00e9charger le contenu uniquement pour am\u00e9liorer la commercialisation et les ventes des produits et services d\u2019Unimac. Le contenu ne peut \u00eatre ni copi\u00e9 ni modifi\u00e9 pour d\u2019autres raisons.<\/p>\n<p>Unimac s\u2019efforce d\u2019inclure des Unimac d\u00e9cline toute responsabilit\u00e9 pour les dommages d\u00e9coulant de votre acc\u00e8s ou de l\u2019impossibilit\u00e9 d\u2019acc\u00e9der au site Web www.unimac.com\/international ou de la confiance que vous accordez aux informations publi\u00e9es sur notre site.<\/p>\n<p>Unimac d\u00e9cline toute responsabilit\u00e9.<\/p>\n<p>Les donn\u00e9es non personnelles, communications ou documents que vous publiez sur www.unimac.com\/international ou que vous envoyez par courriel \u00e0 Unimac ne sont pas confidentiels. Nous sommes libres d\u2019utiliser ou de reproduire ce type d\u2019informations \u00e0 quelque fin que ce soit. En particulier, nous serons libres d\u2019utiliser les id\u00e9es, concepts, savoir-faire ou techniques contenus dans ce type d\u2019informations \u00e0 quelque fin que ce soit, notamment pour la conception, la fabrication ou la commercialisation de produits. Toutes les informations que vous publiez sur ce site doivent \u00eatre exactes et ne pas violer les droits l\u00e9gaux d\u2019autrui et \u00eatre l\u00e9gales.<\/p>\n<p>Le symbole de marque d\u00e9pos\u00e9e indique ce statut uniquement aux \u00c9tats-Unis. Le statut de marque d\u00e9pos\u00e9e peut varier d\u2019un pays \u00e0 l\u2019autre.<\/p>\n<p>Les pr\u00e9sentes conditions sont r\u00e9gies par les lois de l\u2019\u00c9tat du Wisconsin et sont interpr\u00e9t\u00e9es en vertu de telles lois, sans donner effet \u00e0 aucun principe de conflit de lois. En cas d\u2019ill\u00e9galit\u00e9, de nullit\u00e9 ou d\u2019inapplicabilit\u00e9 d\u2019une disposition du pr\u00e9sent accord pour quelque raison que ce soit, celle-ci sera consid\u00e9r\u00e9e comme dissociable des pr\u00e9sentes conditions et n\u2019affectera pas la validit\u00e9 et le caract\u00e8re ex\u00e9cutoire des autres dispositions. Ce site Web est contr\u00f4l\u00e9 et exploit\u00e9 par Unimac, depuis son si\u00e8ge de Ripon (Wisconsin), \u00c9tats-Unis.<\/p>\n<p>Unimac se r\u00e9serve le droit de supprimer des produits cit\u00e9s sur ce site Web et de modifier la pr\u00e9sente d\u00e9claration juridique \u00e0 tout moment. Elle se r\u00e9serve \u00e9galement le droit de supprimer toute publication qu\u2019elle jugerait offensante, provocatrice, inexacte ou d\u00e9sobligeante pour l\u2019entreprise ou ses produits.<\/p>\n<\/div><\/div><\/div><\/div><\/div><div class=\"fusion-fullwidth fullwidth-box fusion-builder-row-2 fusion-flex-container global-footer nonhundred-percent-fullwidth non-hundred-percent-height-scrolling\" style=\"--awb-border-radius-top-left:0px;--awb-border-radius-top-right:0px;--awb-border-radius-bottom-right:0px;--awb-border-radius-bottom-left:0px;--awb-padding-top:30px;--awb-padding-right:0px;--awb-padding-bottom:30px;--awb-padding-left:0px;--awb-margin-bottom:-10px;--awb-background-color:#ec1c24;--awb-flex-wrap:wrap;\" ><\/div>\n<\/p>\n","protected":false},"excerpt":{"rendered":"","protected":false},"author":9,"featured_media":0,"parent":12255,"menu_order":0,"comment_status":"closed","ping_status":"closed","template":"100-width.php","meta":{"inline_featured_image":false,"footnotes":""},"class_list":["post-19664","page","type-page","status-publish","hentry"],"yoast_head":"<!-- This site is optimized with the Yoast SEO Premium plugin v23.4 (Yoast SEO v26.2) - https:\/\/yoast.com\/wordpress\/plugins\/seo\/ -->\n<title>Conditions d\u2019utilisation - Unimac International<\/title>\n<meta name=\"description\" content=\"Unimac propose ce site Internet comme un service \u00e0 la communaut\u00e9 des internautes. Le contenu est prot\u00e9g\u00e9 par les droits d\u2019auteur.\" \/>\n<meta name=\"robots\" content=\"index, follow, max-snippet:-1, max-image-preview:large, max-video-preview:-1\" \/>\n<link rel=\"canonical\" href=\"https:\/\/unimac.com\/international\/fr\/a-propos\/conditions-utilisation\/\" \/>\n<meta property=\"og:locale\" content=\"fr_FR\" \/>\n<meta property=\"og:type\" content=\"article\" \/>\n<meta property=\"og:title\" content=\"Conditions d\u2019utilisation\" \/>\n<meta property=\"og:description\" content=\"Unimac propose ce site Internet comme un service \u00e0 la communaut\u00e9 des internautes. Le contenu est prot\u00e9g\u00e9 par les droits d\u2019auteur.\" \/>\n<meta property=\"og:url\" content=\"https:\/\/unimac.com\/international\/fr\/a-propos\/conditions-utilisation\/\" \/>\n<meta property=\"og:site_name\" content=\"Unimac International\" \/>\n<meta name=\"twitter:card\" content=\"summary_large_image\" \/>\n<meta name=\"twitter:label1\" content=\"Dur\u00e9e de lecture estim\u00e9e\" \/>\n\t<meta name=\"twitter:data1\" content=\"4 minutes\" \/>\n<script type=\"application\/ld+json\" class=\"yoast-schema-graph\">{\"@context\":\"https:\/\/schema.org\",\"@graph\":[{\"@type\":\"WebPage\",\"@id\":\"https:\/\/unimac.com\/international\/fr\/a-propos\/conditions-utilisation\/\",\"url\":\"https:\/\/unimac.com\/international\/fr\/a-propos\/conditions-utilisation\/\",\"name\":\"Conditions d\u2019utilisation - Unimac International\",\"isPartOf\":{\"@id\":\"https:\/\/unimac.com\/international\/#website\"},\"datePublished\":\"2021-09-28T09:56:22+00:00\",\"description\":\"Unimac propose ce site Internet comme un service \u00e0 la communaut\u00e9 des internautes. Le contenu est prot\u00e9g\u00e9 par les droits d\u2019auteur.\",\"breadcrumb\":{\"@id\":\"https:\/\/unimac.com\/international\/fr\/a-propos\/conditions-utilisation\/#breadcrumb\"},\"inLanguage\":\"fr-FR\",\"potentialAction\":[{\"@type\":\"ReadAction\",\"target\":[\"https:\/\/unimac.com\/international\/fr\/a-propos\/conditions-utilisation\/\"]}]},{\"@type\":\"BreadcrumbList\",\"@id\":\"https:\/\/unimac.com\/international\/fr\/a-propos\/conditions-utilisation\/#breadcrumb\",\"itemListElement\":[{\"@type\":\"ListItem\",\"position\":1,\"name\":\"Home\",\"item\":\"https:\/\/unimac.com\/international\/fr\/\"},{\"@type\":\"ListItem\",\"position\":2,\"name\":\"A propos\",\"item\":\"https:\/\/unimac.com\/international\/fr\/a-propos\/\"},{\"@type\":\"ListItem\",\"position\":3,\"name\":\"Conditions d\u2019utilisation\"}]},{\"@type\":\"WebSite\",\"@id\":\"https:\/\/unimac.com\/international\/#website\",\"url\":\"https:\/\/unimac.com\/international\/\",\"name\":\"Unimac International\",\"description\":\"Maximum Performance\",\"publisher\":{\"@id\":\"https:\/\/unimac.com\/international\/#organization\"},\"potentialAction\":[{\"@type\":\"SearchAction\",\"target\":{\"@type\":\"EntryPoint\",\"urlTemplate\":\"https:\/\/unimac.com\/international\/?s={search_term_string}\"},\"query-input\":{\"@type\":\"PropertyValueSpecification\",\"valueRequired\":true,\"valueName\":\"search_term_string\"}}],\"inLanguage\":\"fr-FR\"},{\"@type\":\"Organization\",\"@id\":\"https:\/\/unimac.com\/international\/#organization\",\"name\":\"UniMac International\",\"url\":\"https:\/\/unimac.com\/international\/\",\"logo\":{\"@type\":\"ImageObject\",\"inLanguage\":\"fr-FR\",\"@id\":\"https:\/\/unimac.com\/international\/#\/schema\/logo\/image\/\",\"url\":\"https:\/\/unimac.com\/international\/wp-content\/uploads\/sites\/2\/2019\/07\/logo.png\",\"contentUrl\":\"https:\/\/unimac.com\/international\/wp-content\/uploads\/sites\/2\/2019\/07\/logo.png\",\"width\":200,\"height\":73,\"caption\":\"UniMac International\"},\"image\":{\"@id\":\"https:\/\/unimac.com\/international\/#\/schema\/logo\/image\/\"}}]}<\/script>\n<!-- \/ Yoast SEO Premium plugin. -->","yoast_head_json":{"title":"Conditions d\u2019utilisation - Unimac International","description":"Unimac propose ce site Internet comme un service \u00e0 la communaut\u00e9 des internautes. Le contenu est prot\u00e9g\u00e9 par les droits d\u2019auteur.","robots":{"index":"index","follow":"follow","max-snippet":"max-snippet:-1","max-image-preview":"max-image-preview:large","max-video-preview":"max-video-preview:-1"},"canonical":"https:\/\/unimac.com\/international\/fr\/a-propos\/conditions-utilisation\/","og_locale":"fr_FR","og_type":"article","og_title":"Conditions d\u2019utilisation","og_description":"Unimac propose ce site Internet comme un service \u00e0 la communaut\u00e9 des internautes. Le contenu est prot\u00e9g\u00e9 par les droits d\u2019auteur.","og_url":"https:\/\/unimac.com\/international\/fr\/a-propos\/conditions-utilisation\/","og_site_name":"Unimac International","twitter_card":"summary_large_image","twitter_misc":{"Dur\u00e9e de lecture estim\u00e9e":"4 minutes"},"schema":{"@context":"https:\/\/schema.org","@graph":[{"@type":"WebPage","@id":"https:\/\/unimac.com\/international\/fr\/a-propos\/conditions-utilisation\/","url":"https:\/\/unimac.com\/international\/fr\/a-propos\/conditions-utilisation\/","name":"Conditions d\u2019utilisation - Unimac International","isPartOf":{"@id":"https:\/\/unimac.com\/international\/#website"},"datePublished":"2021-09-28T09:56:22+00:00","description":"Unimac propose ce site Internet comme un service \u00e0 la communaut\u00e9 des internautes. Le contenu est prot\u00e9g\u00e9 par les droits d\u2019auteur.","breadcrumb":{"@id":"https:\/\/unimac.com\/international\/fr\/a-propos\/conditions-utilisation\/#breadcrumb"},"inLanguage":"fr-FR","potentialAction":[{"@type":"ReadAction","target":["https:\/\/unimac.com\/international\/fr\/a-propos\/conditions-utilisation\/"]}]},{"@type":"BreadcrumbList","@id":"https:\/\/unimac.com\/international\/fr\/a-propos\/conditions-utilisation\/#breadcrumb","itemListElement":[{"@type":"ListItem","position":1,"name":"Home","item":"https:\/\/unimac.com\/international\/fr\/"},{"@type":"ListItem","position":2,"name":"A propos","item":"https:\/\/unimac.com\/international\/fr\/a-propos\/"},{"@type":"ListItem","position":3,"name":"Conditions d\u2019utilisation"}]},{"@type":"WebSite","@id":"https:\/\/unimac.com\/international\/#website","url":"https:\/\/unimac.com\/international\/","name":"Unimac International","description":"Maximum Performance","publisher":{"@id":"https:\/\/unimac.com\/international\/#organization"},"potentialAction":[{"@type":"SearchAction","target":{"@type":"EntryPoint","urlTemplate":"https:\/\/unimac.com\/international\/?s={search_term_string}"},"query-input":{"@type":"PropertyValueSpecification","valueRequired":true,"valueName":"search_term_string"}}],"inLanguage":"fr-FR"},{"@type":"Organization","@id":"https:\/\/unimac.com\/international\/#organization","name":"UniMac International","url":"https:\/\/unimac.com\/international\/","logo":{"@type":"ImageObject","inLanguage":"fr-FR","@id":"https:\/\/unimac.com\/international\/#\/schema\/logo\/image\/","url":"https:\/\/unimac.com\/international\/wp-content\/uploads\/sites\/2\/2019\/07\/logo.png","contentUrl":"https:\/\/unimac.com\/international\/wp-content\/uploads\/sites\/2\/2019\/07\/logo.png","width":200,"height":73,"caption":"UniMac International"},"image":{"@id":"https:\/\/unimac.com\/international\/#\/schema\/logo\/image\/"}}]}},"_links":{"self":[{"href":"https:\/\/unimac.com\/international\/fr\/wp-json\/wp\/v2\/pages\/19664","targetHints":{"allow":["GET"]}}],"collection":[{"href":"https:\/\/unimac.com\/international\/fr\/wp-json\/wp\/v2\/pages"}],"about":[{"href":"https:\/\/unimac.com\/international\/fr\/wp-json\/wp\/v2\/types\/page"}],"author":[{"embeddable":true,"href":"https:\/\/unimac.com\/international\/fr\/wp-json\/wp\/v2\/users\/9"}],"replies":[{"embeddable":true,"href":"https:\/\/unimac.com\/international\/fr\/wp-json\/wp\/v2\/comments?post=19664"}],"version-history":[{"count":4,"href":"https:\/\/unimac.com\/international\/fr\/wp-json\/wp\/v2\/pages\/19664\/revisions"}],"predecessor-version":[{"id":19670,"href":"https:\/\/unimac.com\/international\/fr\/wp-json\/wp\/v2\/pages\/19664\/revisions\/19670"}],"up":[{"embeddable":true,"href":"https:\/\/unimac.com\/international\/fr\/wp-json\/wp\/v2\/pages\/12255"}],"wp:attachment":[{"href":"https:\/\/unimac.com\/international\/fr\/wp-json\/wp\/v2\/media?parent=19664"}],"curies":[{"name":"wp","href":"https:\/\/api.w.org\/{rel}","templated":true}]}}