{"id":21515,"date":"2026-05-13T18:07:10","date_gmt":"2026-05-13T18:07:10","guid":{"rendered":"https:\/\/unimac.com\/international\/?page_id=21515"},"modified":"2026-05-13T18:07:10","modified_gmt":"2026-05-13T18:07:10","slug":"cookies","status":"publish","type":"page","link":"https:\/\/unimac.com\/international\/fr\/a-propos\/cookies\/","title":{"rendered":"cookies"},"content":{"rendered":"<div class=\"als-cookies-page als-pp-wrapper\">\n<p>Cette page explique ce que sont les cookies, comment UniMac les utilise sur ce site web et comment vous pouvez g\u00e9rer vos pr\u00e9f\u00e9rences. Cette page est mise \u00e0 jour chaque fois que notre utilisation des cookies change.<\/p>\n<p><strong>Derni\u00e8re r\u00e9vision\u00a0:<\/strong> Mai 2026 \u00a0|\u00a0 <strong>Gestionnaire de consentement\u00a0:<\/strong> TrustArc | <strong>Source de l\u2019audit\u00a0:<\/strong> Audit des cookies TrustArc \u00a0|\u00a0 <strong>Vid\u00e9os YouTube\u00a0:<\/strong> Mode de confidentialit\u00e9 am\u00e9lior\u00e9e (youtube-nocookie.com)<\/p>\n<hr \/>\n<h2>Que sont les cookies\u00a0?<\/h2>\n<p>Les cookies sont de petits fichiers texte plac\u00e9s sur votre appareil lorsque vous visitez un site web. Ils aident les sites \u00e0 fonctionner correctement, m\u00e9morisent vos pr\u00e9f\u00e9rences et fournissent des informations aux propri\u00e9taires du site sur la fa\u00e7on dont le site est utilis\u00e9. Les cookies ne peuvent pas ex\u00e9cuter de programmes ni livrer des virus sur votre appareil.<\/p>\n<p>Certains cookies sont d\u00e9pos\u00e9s par nous (cookies internes). D\u2019autres sont d\u00e9pos\u00e9s par des services tiers que nous utilisons, tels que Google Analytics, LinkedIn ou YouTube.<\/p>\n<hr \/>\n<h2>Comment UniMac utilise les cookies<\/h2>\n<p>UniMac utilise des cookies pour s\u2019assurer que ce site fonctionne correctement, pour comprendre comment les visiteurs utilisent notre site et \u2014 lorsque vous avez donn\u00e9 votre consentement \u2014 pour diffuser des contenus et des publicit\u00e9s pertinents. Notre gestion du consentement est assur\u00e9e par <strong>TrustArc Consent Manager<\/strong>.<\/p>\n<p>Vous pouvez consulter et mettre \u00e0 jour vos pr\u00e9f\u00e9rences \u00e0 tout moment en cliquant sur <strong>Pr\u00e9f\u00e9rences en mati\u00e8re de cookies<\/strong> dans le pied de page.<\/p>\n<hr \/>\n<h2>Liste des cookies<\/h2>\n<p>La liste ci-dessous r\u00e9pertorie tous les cookies actifs sur ce site, organis\u00e9s en cinq niveaux de consentement g\u00e9r\u00e9s par <strong>TrustArc Consent Manager<\/strong>. Les niveaux 2 \u00e0 5 n\u00e9cessitent votre consentement avant qu\u2019un cookie de ce niveau soit plac\u00e9 sur votre appareil.<\/p>\n<div class=\"als-cookies-tracker\" style=\"width:100%;overflow:hidden;\"><iframe data-src=\"https:\/\/tracker-detail-page.trustarc.com\/?domain=10555&#038;category=0&#038;locale=fr\" title=\"Cookie Disclosure\" style=\"width:100%;min-height:600px;border:none;\" allowtransparency=\"true\" src=\"data:image\/svg+xml;base64,PHN2ZyB3aWR0aD0iMSIgaGVpZ2h0PSIxIiB4bWxucz0iaHR0cDovL3d3dy53My5vcmcvMjAwMC9zdmciPjwvc3ZnPg==\" class=\"lazyload\" data-load-mode=\"1\"><\/iframe><\/div>\n<hr \/>\n<h2>Gestion de vos pr\u00e9f\u00e9rences en mati\u00e8re de cookies<\/h2>\n<p>Vous pouvez modifier ou retirer votre consentement \u00e0 tout moment sans que cela affecte la liceit\u00e9 des traitements ant\u00e9rieurs.<\/p>\n<p><strong>Pour mettre \u00e0 jour vos pr\u00e9f\u00e9rences\u00a0:<\/strong> Cliquez sur <strong>Pr\u00e9f\u00e9rences en mati\u00e8re de cookies<\/strong> dans le pied de page. Le centre de pr\u00e9f\u00e9rences TrustArc Consent Manager s\u2019ouvrira.<\/p>\n<p><strong>Pour les visiteurs am\u00e9ricains\u00a0:<\/strong> Cliquez sur <strong>Ne pas vendre ni partager mes informations personnelles<\/strong> dans le pied de page.<\/p>\n<p><strong>Via votre navigateur\u00a0:<\/strong> Vous pouvez contr\u00f4ler et supprimer les cookies via les param\u00e8tres de votre navigateur.<\/p>\n<hr \/>\n<h2>Modifications de cette page<\/h2>\n<p>Nous mettons \u00e0 jour cette page lorsque de nouveaux cookies sont introduits, que des cookies existants changent ou que leur utilisation est interrompue. Veuillez consulter notre <a href=\"..\/privacy-policy\/\">Politique de Confidentialit\u00e9<\/a> pour toute question.<\/p>\n<\/div>\n<hr \/>\n<div class=\"als-regional-sections\">\n<h2>Vos droits en mati&egrave;re de protection des donn&eacute;es<\/h2>\n<p>Pour soumettre une demande relative &agrave; vos droits, utilisez notre Formulaire de demande.<\/p>\n<p><a href=\"https:\/\/submit-irm.trustarc.com\/services\/validation\/cfb455e9-9fb7-4a95-a36c-9a7b2a56064b\" target=\"_blank\" rel=\"noopener noreferrer\">Soumettre une demande &rarr;<\/a><\/p>\n    <div class='als-irm-badges' style='margin-top:20px; text-align:center; display:flex; flex-direction:column; align-items:center; gap:8px;'>\n\n        <!-- Individual Rights \u2014 all regions -->\n        <a href='https:\/\/submit-irm.trustarc.com\/services\/validation\/cfb455e9-9fb7-4a95-a36c-9a7b2a56064b' target='_blank' rel='noopener noreferrer'\n           aria-label='Submit a privacy rights request'>\n            <img data-src='https:\/\/unimac.com\/international\/wp-content\/uploads\/als-irm\/Seal.svg'\n                 alt='Individual Rights Manager - Powered by TrustArc'\n                 style='border:none; display:inline-block;' src='data:image\/svg+xml;base64,PHN2ZyB3aWR0aD0iMSIgaGVpZ2h0PSIxIiB4bWxucz0iaHR0cDovL3d3dy53My5vcmcvMjAwMC9zdmciPjwvc3ZnPg==' class='lazyload' \/>\n        <\/a>\n\n        <!-- Do Not Sell or Share \u2014 US \/ CCPA-CPRA only, hidden by default -->\n        <a class='als-irm-dnsms' href='https:\/\/submit-irm.trustarc.com\/services\/validation\/cfb455e9-9fb7-4a95-a36c-9a7b2a56064b' target='_blank'\n           rel='noopener noreferrer' style='display:none;'\n           aria-label='Do Not Sell or Share My Personal Information'>\n            <img data-src='https:\/\/unimac.com\/international\/wp-content\/uploads\/als-irm\/DoNotSellOrShareSeal.svg'\n                 alt='Do Not Sell or Share My Personal Information - Powered by TrustArc'\n                 style='border:none; display:inline-block;' src='data:image\/svg+xml;base64,PHN2ZyB3aWR0aD0iMSIgaGVpZ2h0PSIxIiB4bWxucz0iaHR0cDovL3d3dy53My5vcmcvMjAwMC9zdmciPjwvc3ZnPg==' class='lazyload' \/>\n        <\/a>\n\n    <\/div>\n    <script>\n    (function() {\n        function als_check_geo() {\n            if ( window.truste && window.truste.eu && window.truste.eu.bindMap\n                 && typeof window.truste.eu.bindMap.consentModel !== 'undefined' ) {\n                if ( window.truste.eu.bindMap.consentModel === 'opt-out' ) {\n                    document.querySelectorAll( '.als-irm-dnsms' ).forEach( function(el) {\n                        el.style.display = 'inline-block';\n                    });\n                }\n            } else {\n                setTimeout( als_check_geo, 300 );\n            }\n        }\n        document.addEventListener( 'DOMContentLoaded', als_check_geo );\n    })();\n    <\/script>\n    <\/div>\n","protected":false},"excerpt":{"rendered":"<p>Cette page explique ce que sont les cookies, comment UniMac les utilise sur ce site web et comment vous pouvez g\u00e9rer vos pr\u00e9f\u00e9rences. Cette page est mise \u00e0 jour chaque fois que notre utilisation des cookies change. Derni\u00e8re r\u00e9vision\u00a0: Mai 2026 \u00a0|\u00a0 Gestionnaire de consentement\u00a0: TrustArc | Source de l\u2019audit\u00a0: Audit des cookies TrustArc \u00a0|\u00a0  [&#8230;]<\/p>\n","protected":false},"author":9,"featured_media":0,"parent":12255,"menu_order":3,"comment_status":"closed","ping_status":"closed","template":"","meta":{"inline_featured_image":false,"footnotes":""},"class_list":["post-21515","page","type-page","status-publish","hentry"],"yoast_head":"<!-- This site is optimized with the Yoast SEO Premium plugin v23.4 (Yoast SEO v27.5) - https:\/\/yoast.com\/product\/yoast-seo-premium-wordpress\/ -->\n<title>cookies - Unimac International<\/title>\n<meta name=\"robots\" content=\"index, follow, max-snippet:-1, max-image-preview:large, max-video-preview:-1\" \/>\n<link rel=\"canonical\" href=\"https:\/\/unimac.com\/international\/fr\/a-propos\/cookies\/\" \/>\n<meta property=\"og:locale\" content=\"fr_FR\" \/>\n<meta property=\"og:type\" content=\"article\" \/>\n<meta property=\"og:title\" content=\"cookies\" \/>\n<meta property=\"og:description\" content=\"Cette page explique ce que sont les cookies, comment UniMac les utilise sur ce site web et comment vous pouvez g\u00e9rer vos pr\u00e9f\u00e9rences. Cette page est mise \u00e0 jour chaque fois que notre utilisation des cookies change. Derni\u00e8re r\u00e9vision\u00a0: Mai 2026 \u00a0|\u00a0 Gestionnaire de consentement\u00a0: TrustArc | Source de l\u2019audit\u00a0: Audit des cookies TrustArc \u00a0|\u00a0 [...]\" \/>\n<meta property=\"og:url\" content=\"https:\/\/unimac.com\/international\/fr\/a-propos\/cookies\/\" \/>\n<meta property=\"og:site_name\" content=\"Unimac International\" \/>\n<meta name=\"twitter:card\" content=\"summary_large_image\" \/>\n<script type=\"application\/ld+json\" class=\"yoast-schema-graph\">{\"@context\":\"https:\\\/\\\/schema.org\",\"@graph\":[{\"@type\":\"WebPage\",\"@id\":\"https:\\\/\\\/unimac.com\\\/international\\\/fr\\\/a-propos\\\/cookies\\\/\",\"url\":\"https:\\\/\\\/unimac.com\\\/international\\\/fr\\\/a-propos\\\/cookies\\\/\",\"name\":\"cookies - Unimac International\",\"isPartOf\":{\"@id\":\"https:\\\/\\\/unimac.com\\\/international\\\/#website\"},\"datePublished\":\"2026-05-13T18:07:10+00:00\",\"breadcrumb\":{\"@id\":\"https:\\\/\\\/unimac.com\\\/international\\\/fr\\\/a-propos\\\/cookies\\\/#breadcrumb\"},\"inLanguage\":\"fr-FR\",\"potentialAction\":[{\"@type\":\"ReadAction\",\"target\":[\"https:\\\/\\\/unimac.com\\\/international\\\/fr\\\/a-propos\\\/cookies\\\/\"]}]},{\"@type\":\"BreadcrumbList\",\"@id\":\"https:\\\/\\\/unimac.com\\\/international\\\/fr\\\/a-propos\\\/cookies\\\/#breadcrumb\",\"itemListElement\":[{\"@type\":\"ListItem\",\"position\":1,\"name\":\"Home\",\"item\":\"https:\\\/\\\/unimac.com\\\/international\\\/fr\\\/\"},{\"@type\":\"ListItem\",\"position\":2,\"name\":\"A propos\",\"item\":\"https:\\\/\\\/unimac.com\\\/international\\\/fr\\\/a-propos\\\/\"},{\"@type\":\"ListItem\",\"position\":3,\"name\":\"cookies\"}]},{\"@type\":\"WebSite\",\"@id\":\"https:\\\/\\\/unimac.com\\\/international\\\/#website\",\"url\":\"https:\\\/\\\/unimac.com\\\/international\\\/\",\"name\":\"Unimac International\",\"description\":\"Maximum Performance\",\"publisher\":{\"@id\":\"https:\\\/\\\/unimac.com\\\/international\\\/#organization\"},\"potentialAction\":[{\"@type\":\"SearchAction\",\"target\":{\"@type\":\"EntryPoint\",\"urlTemplate\":\"https:\\\/\\\/unimac.com\\\/international\\\/?s={search_term_string}\"},\"query-input\":{\"@type\":\"PropertyValueSpecification\",\"valueRequired\":true,\"valueName\":\"search_term_string\"}}],\"inLanguage\":\"fr-FR\"},{\"@type\":\"Organization\",\"@id\":\"https:\\\/\\\/unimac.com\\\/international\\\/#organization\",\"name\":\"UniMac International\",\"url\":\"https:\\\/\\\/unimac.com\\\/international\\\/\",\"logo\":{\"@type\":\"ImageObject\",\"inLanguage\":\"fr-FR\",\"@id\":\"https:\\\/\\\/unimac.com\\\/international\\\/#\\\/schema\\\/logo\\\/image\\\/\",\"url\":\"https:\\\/\\\/unimac.com\\\/international\\\/wp-content\\\/uploads\\\/sites\\\/2\\\/2019\\\/07\\\/logo.png\",\"contentUrl\":\"https:\\\/\\\/unimac.com\\\/international\\\/wp-content\\\/uploads\\\/sites\\\/2\\\/2019\\\/07\\\/logo.png\",\"width\":200,\"height\":73,\"caption\":\"UniMac International\"},\"image\":{\"@id\":\"https:\\\/\\\/unimac.com\\\/international\\\/#\\\/schema\\\/logo\\\/image\\\/\"}}]}<\/script>\n<!-- \/ Yoast SEO Premium plugin. -->","yoast_head_json":{"title":"cookies - Unimac International","robots":{"index":"index","follow":"follow","max-snippet":"max-snippet:-1","max-image-preview":"max-image-preview:large","max-video-preview":"max-video-preview:-1"},"canonical":"https:\/\/unimac.com\/international\/fr\/a-propos\/cookies\/","og_locale":"fr_FR","og_type":"article","og_title":"cookies","og_description":"Cette page explique ce que sont les cookies, comment UniMac les utilise sur ce site web et comment vous pouvez g\u00e9rer vos pr\u00e9f\u00e9rences. Cette page est mise \u00e0 jour chaque fois que notre utilisation des cookies change. Derni\u00e8re r\u00e9vision\u00a0: Mai 2026 \u00a0|\u00a0 Gestionnaire de consentement\u00a0: TrustArc | Source de l\u2019audit\u00a0: Audit des cookies TrustArc \u00a0|\u00a0 [...]","og_url":"https:\/\/unimac.com\/international\/fr\/a-propos\/cookies\/","og_site_name":"Unimac International","twitter_card":"summary_large_image","schema":{"@context":"https:\/\/schema.org","@graph":[{"@type":"WebPage","@id":"https:\/\/unimac.com\/international\/fr\/a-propos\/cookies\/","url":"https:\/\/unimac.com\/international\/fr\/a-propos\/cookies\/","name":"cookies - Unimac International","isPartOf":{"@id":"https:\/\/unimac.com\/international\/#website"},"datePublished":"2026-05-13T18:07:10+00:00","breadcrumb":{"@id":"https:\/\/unimac.com\/international\/fr\/a-propos\/cookies\/#breadcrumb"},"inLanguage":"fr-FR","potentialAction":[{"@type":"ReadAction","target":["https:\/\/unimac.com\/international\/fr\/a-propos\/cookies\/"]}]},{"@type":"BreadcrumbList","@id":"https:\/\/unimac.com\/international\/fr\/a-propos\/cookies\/#breadcrumb","itemListElement":[{"@type":"ListItem","position":1,"name":"Home","item":"https:\/\/unimac.com\/international\/fr\/"},{"@type":"ListItem","position":2,"name":"A propos","item":"https:\/\/unimac.com\/international\/fr\/a-propos\/"},{"@type":"ListItem","position":3,"name":"cookies"}]},{"@type":"WebSite","@id":"https:\/\/unimac.com\/international\/#website","url":"https:\/\/unimac.com\/international\/","name":"Unimac International","description":"Maximum Performance","publisher":{"@id":"https:\/\/unimac.com\/international\/#organization"},"potentialAction":[{"@type":"SearchAction","target":{"@type":"EntryPoint","urlTemplate":"https:\/\/unimac.com\/international\/?s={search_term_string}"},"query-input":{"@type":"PropertyValueSpecification","valueRequired":true,"valueName":"search_term_string"}}],"inLanguage":"fr-FR"},{"@type":"Organization","@id":"https:\/\/unimac.com\/international\/#organization","name":"UniMac International","url":"https:\/\/unimac.com\/international\/","logo":{"@type":"ImageObject","inLanguage":"fr-FR","@id":"https:\/\/unimac.com\/international\/#\/schema\/logo\/image\/","url":"https:\/\/unimac.com\/international\/wp-content\/uploads\/sites\/2\/2019\/07\/logo.png","contentUrl":"https:\/\/unimac.com\/international\/wp-content\/uploads\/sites\/2\/2019\/07\/logo.png","width":200,"height":73,"caption":"UniMac International"},"image":{"@id":"https:\/\/unimac.com\/international\/#\/schema\/logo\/image\/"}}]}},"_links":{"self":[{"href":"https:\/\/unimac.com\/international\/fr\/wp-json\/wp\/v2\/pages\/21515","targetHints":{"allow":["GET"]}}],"collection":[{"href":"https:\/\/unimac.com\/international\/fr\/wp-json\/wp\/v2\/pages"}],"about":[{"href":"https:\/\/unimac.com\/international\/fr\/wp-json\/wp\/v2\/types\/page"}],"author":[{"embeddable":true,"href":"https:\/\/unimac.com\/international\/fr\/wp-json\/wp\/v2\/users\/9"}],"replies":[{"embeddable":true,"href":"https:\/\/unimac.com\/international\/fr\/wp-json\/wp\/v2\/comments?post=21515"}],"version-history":[{"count":1,"href":"https:\/\/unimac.com\/international\/fr\/wp-json\/wp\/v2\/pages\/21515\/revisions"}],"predecessor-version":[{"id":21516,"href":"https:\/\/unimac.com\/international\/fr\/wp-json\/wp\/v2\/pages\/21515\/revisions\/21516"}],"up":[{"embeddable":true,"href":"https:\/\/unimac.com\/international\/fr\/wp-json\/wp\/v2\/pages\/12255"}],"wp:attachment":[{"href":"https:\/\/unimac.com\/international\/fr\/wp-json\/wp\/v2\/media?parent=21515"}],"curies":[{"name":"wp","href":"https:\/\/api.w.org\/{rel}","templated":true}]}}