{"id":13793,"date":"2016-08-02T11:05:09","date_gmt":"2016-08-02T11:05:09","guid":{"rendered":"https:\/\/unimac.com\/en-international\/about-us\/"},"modified":"2021-02-17T11:26:38","modified_gmt":"2021-02-17T11:26:38","slug":"chi-siamo","status":"publish","type":"page","link":"https:\/\/unimac.com\/international\/it\/chi-siamo\/","title":{"rendered":"Chi siamo"},"content":{"rendered":"<p><div class=\"fusion-fullwidth fullwidth-box fusion-builder-row-1 fusion-flex-container nonhundred-percent-fullwidth non-hundred-percent-height-scrolling\" style=\"--awb-border-radius-top-left:0px;--awb-border-radius-top-right:0px;--awb-border-radius-bottom-right:0px;--awb-border-radius-bottom-left:0px;--awb-flex-wrap:wrap;\" ><div class=\"fusion-builder-row fusion-row fusion-flex-align-items-flex-start fusion-flex-content-wrap\" style=\"max-width:1216.8px;margin-left: calc(-4% \/ 2 );margin-right: calc(-4% \/ 2 );\"><div class=\"fusion-layout-column fusion_builder_column fusion-builder-column-0 fusion_builder_column_1_1 1_1 fusion-flex-column\" style=\"--awb-bg-size:cover;--awb-width-large:100%;--awb-margin-top-large:20px;--awb-spacing-right-large:1.92%;--awb-margin-bottom-large:20px;--awb-spacing-left-large:1.92%;--awb-width-medium:100%;--awb-spacing-right-medium:1.92%;--awb-spacing-left-medium:1.92%;--awb-width-small:100%;--awb-spacing-right-small:1.92%;--awb-spacing-left-small:1.92%;\"><div class=\"fusion-column-wrapper fusion-column-has-shadow fusion-flex-justify-content-flex-start fusion-content-layout-column\"><div class=\"fusion-title title fusion-title-1 fusion-title-text fusion-title-size-two\" style=\"--awb-margin-bottom:10px;--awb-margin-bottom-small:10px;\"><div class=\"title-sep-container title-sep-container-left fusion-no-large-visibility fusion-no-medium-visibility fusion-no-small-visibility\"><div class=\"title-sep sep- sep-solid\" style=\"border-color:#e0dede;\"><\/div><\/div><span class=\"awb-title-spacer fusion-no-large-visibility fusion-no-medium-visibility fusion-no-small-visibility\"><\/span><h2 class=\"fusion-title-heading title-heading-left fusion-responsive-typography-calculated\" style=\"margin:0;--fontSize:26;--minFontSize:26;line-height:1.1;\">PRODUTTORE DI MACCHINE PER LAVANDERIE COMMERCIALI UNIMAC<sup>\u00ae<\/sup> &#8211; MASSIME PRESTAZIONI<\/h2><span class=\"awb-title-spacer\"><\/span><div class=\"title-sep-container title-sep-container-right\"><div class=\"title-sep sep- sep-solid\" style=\"border-color:#e0dede;\"><\/div><\/div><\/div><div class=\"fusion-text fusion-text-1\"><p>Sappiamo con quanto impegno ti dedichi alla tua attivit\u00e0. Ecco perch\u00e9 siamo cos\u00ec motivati nella nostra missione. UniMac \u00e8 il <a title=\"Prodotti\" href=\"\/international\/it\/prodotti\">principale produttore di macchine per lavanderie commerciali<\/a> OPL al mondo. I nostri prodotti per lavanderie <a title=\"Industrie\" href=\"\/international\/it\/industrie\">commerciali sono realizzati per offrire prestazioni durevoli<\/a>, superiori alle esigenze di qualsiasi ambiente OPL. Ti presentiamo alcune <a title=\"Tecnologia\" href=\"\/international\/it\/tecnologia\">innovazioni<\/a> pensate appositamente per ridurre i costi e aumentare il pi\u00f9 possibile la produttivit\u00e0. I nostri prodotti, realizzati per fornire soluzioni per lavanderie ad attivit\u00e0 di ogni tipo e dimensione, beneficiano della rete di distributori e assistenza pi\u00f9 grande e pi\u00f9 competente al mondo. E offriamo soluzioni finanziarie personalizzate e in-house attraverso il finanziamento UniMac per contribuire a rendere le prestazioni di una lavanderia di livello mondiale accessibili per qualsiasi budget. Ci\u00f2 spiega i costi di propriet\u00e0 totali pi\u00f9 ridotti dell\u2019intero settore. E perch\u00e9 gli altri sono ben lontani dal raggiungere risultati anche solo paragonabili.<\/p>\n<\/div><\/div><\/div><\/div><\/div><div class=\"fusion-fullwidth fullwidth-box fusion-builder-row-2 fusion-flex-container nonhundred-percent-fullwidth non-hundred-percent-height-scrolling\" style=\"--awb-border-radius-top-left:0px;--awb-border-radius-top-right:0px;--awb-border-radius-bottom-right:0px;--awb-border-radius-bottom-left:0px;--awb-flex-wrap:wrap;\" ><div class=\"fusion-builder-row fusion-row fusion-flex-align-items-flex-start fusion-flex-content-wrap\" style=\"max-width:1216.8px;margin-left: calc(-4% \/ 2 );margin-right: calc(-4% \/ 2 );\"><div class=\"fusion-layout-column fusion_builder_column fusion-builder-column-1 fusion_builder_column_3_4 3_4 fusion-flex-column\" style=\"--awb-bg-size:cover;--awb-width-large:75%;--awb-margin-top-large:20px;--awb-spacing-right-large:2.56%;--awb-margin-bottom-large:20px;--awb-spacing-left-large:2.56%;--awb-width-medium:75%;--awb-spacing-right-medium:2.56%;--awb-spacing-left-medium:2.56%;--awb-width-small:100%;--awb-spacing-right-small:1.92%;--awb-spacing-left-small:1.92%;\"><div class=\"fusion-column-wrapper fusion-column-has-shadow fusion-flex-justify-content-flex-start fusion-content-layout-column\"><div class=\"fusion-separator fusion-full-width-sep\" style=\"align-self: center;margin-left: auto;margin-right: auto;margin-top:30px;width:100%;\"><\/div><div class=\"fusion-title title fusion-title-2 fusion-title-text fusion-title-size-three\" style=\"--awb-margin-bottom:10px;--awb-margin-bottom-small:5px;\"><div class=\"title-sep-container title-sep-container-left fusion-no-large-visibility fusion-no-medium-visibility fusion-no-small-visibility\"><div class=\"title-sep sep- sep-solid\" style=\"border-color:#e0dede;\"><\/div><\/div><span class=\"awb-title-spacer fusion-no-large-visibility fusion-no-medium-visibility fusion-no-small-visibility\"><\/span><h3 class=\"fusion-title-heading title-heading-left fusion-responsive-typography-calculated\" style=\"margin:0;--fontSize:23;--minFontSize:23;line-height:1.25;\">PRODOTTI PER LAVANDERIE COMMERCIALI DI LIVELLO INDUSTRIALE<\/h3><span class=\"awb-title-spacer\"><\/span><div class=\"title-sep-container title-sep-container-right\"><div class=\"title-sep sep- sep-solid\" style=\"border-color:#e0dede;\"><\/div><\/div><\/div><div class=\"fusion-text fusion-text-2\"><p>UniMac \u00e8 leader indiscusso delle macchine per <a title=\"Prodotti\" href=\"\/international\/it\/prodotti\">lavanderia on-premises<\/a> (OPL). E non teme confronti. Le nostre macchine sono realizzate con perizia utilizzando i materiali pi\u00f9 robusti e di qualit\u00e0 in commercio. Sono dotati di <a title=\"Tecnologia\" href=\"\/international\/it\/tecnologia\">tecnologie<\/a> all&#8217;avanguardia che non hanno eguali fra la concorrenza. E ogni lavatrice industriale viene utilizzata al limite nel nostro laboratorio di prova all&#8217;avanguardia per garantire prestazioni affidabili e di lunga durata.<\/p>\n<\/div><div ><a class=\"fusion-button button-flat fusion-button-default-size button-default fusion-button-default button-1 fusion-button-default-span fusion-button-default-type\" target=\"_self\" href=\"\/international\/it\/prodotti\"><span class=\"fusion-button-text awb-button__text awb-button__text--default fusion-button-text-right\">Ulteriori informazioni<\/span><span class=\"fusion-button-icon-divider button-icon-divider-right\"><i class=\"fa-angle-right fas awb-button__icon awb-button__icon--default\" aria-hidden=\"true\"><\/i><\/span><\/a><\/div><div class=\"fusion-separator fusion-full-width-sep\" style=\"align-self: center;margin-left: auto;margin-right: auto;margin-top:30px;width:100%;\"><\/div><div class=\"fusion-title title fusion-title-3 fusion-title-text fusion-title-size-three\" style=\"--awb-margin-bottom:10px;--awb-margin-bottom-small:5px;\"><div class=\"title-sep-container title-sep-container-left fusion-no-large-visibility fusion-no-medium-visibility fusion-no-small-visibility\"><div class=\"title-sep sep- sep-solid\" style=\"border-color:#e0dede;\"><\/div><\/div><span class=\"awb-title-spacer fusion-no-large-visibility fusion-no-medium-visibility fusion-no-small-visibility\"><\/span><h3 class=\"fusion-title-heading title-heading-left fusion-responsive-typography-calculated\" style=\"margin:0;--fontSize:23;--minFontSize:23;line-height:1.25;\">INNOVAZIONE E TECNOLOGIA PER LA LAVANDERIE PER FACILITY MANAGEMENT<\/h3><span class=\"awb-title-spacer\"><\/span><div class=\"title-sep-container title-sep-container-right\"><div class=\"title-sep sep- sep-solid\" style=\"border-color:#e0dede;\"><\/div><\/div><\/div><div class=\"fusion-text fusion-text-3\"><p>Leader nel settore dell\u2019idroestrazione <a href=\"\/international\/it\/products\/lavacentrifuga\/45lb-capacita\/\">400 G-Force<\/a>. Comandi <a href=\"\/international\/it\/tecnologia\/Unilinc\">UniLinc\u2122<\/a>. Tecnologia di prevenzione dell\u2019asciugatura eccessiva <a href=\"\/international\/it\/tecnologia\/optidry\/\">OPTidry\u2122<\/a> e tecnologia di risciacquo <a href=\"\/international\/it\/tecnologia\/optispray\">OPTispray\u2122<\/a>. Si tratta di alcune delle innovazioni pi\u00f9 economicamente convenienti e performanti che siano mai state sviluppate per le macchine per <a href=\"\/international\/it\/Prodotti\">lavanderie commerciali<\/a>. E sono state tutte introdotte da UniMac. Da 60 anni ci occupiamo seriamente di bucato, quindi questi non sono i primi esempi di come abbiamo cambiato il modo di fare il bucato. E con il nostro impegno per il miglioramento continuo, non saranno certo le ultime.<\/p>\n<\/div><div ><a class=\"fusion-button button-flat fusion-button-default-size button-default fusion-button-default button-2 fusion-button-default-span fusion-button-default-type\" target=\"_self\" href=\"\/international\/it\/tecnologia\/\"><span class=\"fusion-button-text awb-button__text awb-button__text--default fusion-button-text-right\">Ulteriori informazioni<\/span><span class=\"fusion-button-icon-divider button-icon-divider-right\"><i class=\"fa-angle-right fas awb-button__icon awb-button__icon--default\" aria-hidden=\"true\"><\/i><\/span><\/a><\/div><div class=\"fusion-separator fusion-full-width-sep\" style=\"align-self: center;margin-left: auto;margin-right: auto;margin-top:30px;width:100%;\"><\/div><div class=\"fusion-title title fusion-title-4 fusion-title-text fusion-title-size-three\" style=\"--awb-margin-bottom:10px;--awb-margin-bottom-small:5px;\"><div class=\"title-sep-container title-sep-container-left fusion-no-large-visibility fusion-no-medium-visibility fusion-no-small-visibility\"><div class=\"title-sep sep- sep-solid\" style=\"border-color:#e0dede;\"><\/div><\/div><span class=\"awb-title-spacer fusion-no-large-visibility fusion-no-medium-visibility fusion-no-small-visibility\"><\/span><h3 class=\"fusion-title-heading title-heading-left fusion-responsive-typography-calculated\" style=\"margin:0;--fontSize:23;--minFontSize:23;line-height:1.25;\">STRUMENTI PER LA PROGETTAZIONE<\/h3><span class=\"awb-title-spacer\"><\/span><div class=\"title-sep-container title-sep-container-right\"><div class=\"title-sep sep- sep-solid\" style=\"border-color:#e0dede;\"><\/div><\/div><\/div><div class=\"fusion-text fusion-text-4\"><p>Ci impegniamo a rendere la vita pi\u00f9 facile a tutti coloro che operano nel settore delle lavanderie commerciali, compresi i progettisti delle lavanderie OPL. Offriamo un catalogo completo di pratici strumenti per<a href=\"\/international\/it\/architetti\/\"> aiutare<\/a> i progettisti a studiare <a href=\"\/international\/it\/architetti\/progettazione-di-lavanderie\/\">macchine specifiche e lavanderie<\/A> OPL in grado di realizzare la massima efficienza e produttivit\u00e0.<\/p>\n<\/div><div ><a class=\"fusion-button button-flat fusion-button-default-size button-default fusion-button-default button-3 fusion-button-default-span fusion-button-default-type\" target=\"_self\" href=\"\/international\/it\/architetti\/\"><span class=\"fusion-button-text awb-button__text awb-button__text--default fusion-button-text-right\">Ulteriori informazioni<\/span><span class=\"fusion-button-icon-divider button-icon-divider-right\"><i class=\"fa-angle-right fas awb-button__icon awb-button__icon--default\" aria-hidden=\"true\"><\/i><\/span><\/a><\/div><div class=\"fusion-separator fusion-full-width-sep\" style=\"align-self: center;margin-left: auto;margin-right: auto;margin-top:60px;width:100%;\"><\/div><\/div><\/div><div class=\"fusion-layout-column fusion_builder_column fusion-builder-column-2 fusion_builder_column_1_4 1_4 fusion-flex-column bor-l\" style=\"--awb-bg-size:cover;--awb-width-large:25%;--awb-margin-top-large:20px;--awb-spacing-right-large:7.68%;--awb-margin-bottom-large:20px;--awb-spacing-left-large:7.68%;--awb-width-medium:25%;--awb-spacing-right-medium:7.68%;--awb-spacing-left-medium:7.68%;--awb-width-small:100%;--awb-spacing-right-small:1.92%;--awb-spacing-left-small:1.92%;\"><div class=\"fusion-column-wrapper fusion-column-has-shadow fusion-flex-justify-content-flex-start fusion-content-layout-column\"><div class=\"fusion-widget-area awb-widget-area-element fusion-widget-area-1 fusion-content-widget-area\" style=\"--awb-title-size:26px;--awb-title-color:#6f727b;--awb-padding:0px 0px 0px 0px;\"><div class=\"fusion-additional-widget-content\"><\/div><\/div><div class=\"fusion-widget-area awb-widget-area-element fusion-widget-area-2 fusion-content-widget-area quick-links\" style=\"--awb-title-size:26px;--awb-title-color:#6f727b;--awb-padding:0px 0px 0px 0px;\"><div class=\"fusion-additional-widget-content\"><\/div><\/div>\n<\/div><\/div><\/div><\/div><div class=\"fusion-fullwidth fullwidth-box fusion-builder-row-3 fusion-flex-container global-footer nonhundred-percent-fullwidth non-hundred-percent-height-scrolling\" style=\"--awb-border-radius-top-left:0px;--awb-border-radius-top-right:0px;--awb-border-radius-bottom-right:0px;--awb-border-radius-bottom-left:0px;--awb-padding-top:30px;--awb-padding-right:0px;--awb-padding-bottom:30px;--awb-padding-left:0px;--awb-margin-bottom:-10px;--awb-background-color:#ec1c24;--awb-flex-wrap:wrap;\" ><\/div>\n<\/p>\n","protected":false},"excerpt":{"rendered":"","protected":false},"author":1,"featured_media":0,"parent":0,"menu_order":0,"comment_status":"closed","ping_status":"closed","template":"100-width.php","meta":{"inline_featured_image":false,"footnotes":""},"class_list":["post-13793","page","type-page","status-publish","hentry"],"yoast_head":"<!-- This site is optimized with the Yoast SEO Premium plugin v23.4 (Yoast SEO v26.2) - https:\/\/yoast.com\/wordpress\/plugins\/seo\/ -->\n<title>Produttore di macchine per lavanderie commerciali | UniMac International<\/title>\n<meta name=\"description\" content=\"I prodotti per lavanderie commerciali UniMac sono realizzati per offrire prestazioni durevoli, superiori alle esigenze di qualsiasi ambiente OPL.\" \/>\n<meta name=\"robots\" content=\"index, follow, max-snippet:-1, max-image-preview:large, max-video-preview:-1\" \/>\n<link rel=\"canonical\" href=\"https:\/\/unimac.com\/international\/it\/chi-siamo\/\" \/>\n<meta property=\"og:locale\" content=\"it_IT\" \/>\n<meta property=\"og:type\" content=\"article\" \/>\n<meta property=\"og:title\" content=\"Chi siamo\" \/>\n<meta property=\"og:description\" content=\"I prodotti per lavanderie commerciali UniMac sono realizzati per offrire prestazioni durevoli, superiori alle esigenze di qualsiasi ambiente OPL.\" \/>\n<meta property=\"og:url\" content=\"https:\/\/unimac.com\/international\/it\/chi-siamo\/\" \/>\n<meta property=\"og:site_name\" content=\"Unimac International\" \/>\n<meta property=\"article:modified_time\" content=\"2021-02-17T11:26:38+00:00\" \/>\n<meta name=\"twitter:card\" content=\"summary_large_image\" \/>\n<meta name=\"twitter:label1\" content=\"Tempo di lettura stimato\" \/>\n\t<meta name=\"twitter:data1\" content=\"11 minuti\" \/>\n<script type=\"application\/ld+json\" class=\"yoast-schema-graph\">{\"@context\":\"https:\/\/schema.org\",\"@graph\":[{\"@type\":\"WebPage\",\"@id\":\"https:\/\/unimac.com\/international\/it\/chi-siamo\/\",\"url\":\"https:\/\/unimac.com\/international\/it\/chi-siamo\/\",\"name\":\"Produttore di macchine per lavanderie commerciali | UniMac International\",\"isPartOf\":{\"@id\":\"https:\/\/unimac.com\/international\/#website\"},\"datePublished\":\"2016-08-02T11:05:09+00:00\",\"dateModified\":\"2021-02-17T11:26:38+00:00\",\"description\":\"I prodotti per lavanderie commerciali UniMac sono realizzati per offrire prestazioni durevoli, superiori alle esigenze di qualsiasi ambiente OPL.\",\"breadcrumb\":{\"@id\":\"https:\/\/unimac.com\/international\/it\/chi-siamo\/#breadcrumb\"},\"inLanguage\":\"it-IT\",\"potentialAction\":[{\"@type\":\"ReadAction\",\"target\":[\"https:\/\/unimac.com\/international\/it\/chi-siamo\/\"]}]},{\"@type\":\"BreadcrumbList\",\"@id\":\"https:\/\/unimac.com\/international\/it\/chi-siamo\/#breadcrumb\",\"itemListElement\":[{\"@type\":\"ListItem\",\"position\":1,\"name\":\"Home\",\"item\":\"https:\/\/unimac.com\/international\/it\/\"},{\"@type\":\"ListItem\",\"position\":2,\"name\":\"Chi siamo\"}]},{\"@type\":\"WebSite\",\"@id\":\"https:\/\/unimac.com\/international\/#website\",\"url\":\"https:\/\/unimac.com\/international\/\",\"name\":\"Unimac International\",\"description\":\"Maximum Performance\",\"publisher\":{\"@id\":\"https:\/\/unimac.com\/international\/#organization\"},\"potentialAction\":[{\"@type\":\"SearchAction\",\"target\":{\"@type\":\"EntryPoint\",\"urlTemplate\":\"https:\/\/unimac.com\/international\/?s={search_term_string}\"},\"query-input\":{\"@type\":\"PropertyValueSpecification\",\"valueRequired\":true,\"valueName\":\"search_term_string\"}}],\"inLanguage\":\"it-IT\"},{\"@type\":\"Organization\",\"@id\":\"https:\/\/unimac.com\/international\/#organization\",\"name\":\"UniMac International\",\"url\":\"https:\/\/unimac.com\/international\/\",\"logo\":{\"@type\":\"ImageObject\",\"inLanguage\":\"it-IT\",\"@id\":\"https:\/\/unimac.com\/international\/#\/schema\/logo\/image\/\",\"url\":\"https:\/\/unimac.com\/international\/wp-content\/uploads\/sites\/2\/2019\/07\/logo.png\",\"contentUrl\":\"https:\/\/unimac.com\/international\/wp-content\/uploads\/sites\/2\/2019\/07\/logo.png\",\"width\":200,\"height\":73,\"caption\":\"UniMac International\"},\"image\":{\"@id\":\"https:\/\/unimac.com\/international\/#\/schema\/logo\/image\/\"}}]}<\/script>\n<!-- \/ Yoast SEO Premium plugin. -->","yoast_head_json":{"title":"Produttore di macchine per lavanderie commerciali | UniMac International","description":"I prodotti per lavanderie commerciali UniMac sono realizzati per offrire prestazioni durevoli, superiori alle esigenze di qualsiasi ambiente OPL.","robots":{"index":"index","follow":"follow","max-snippet":"max-snippet:-1","max-image-preview":"max-image-preview:large","max-video-preview":"max-video-preview:-1"},"canonical":"https:\/\/unimac.com\/international\/it\/chi-siamo\/","og_locale":"it_IT","og_type":"article","og_title":"Chi siamo","og_description":"I prodotti per lavanderie commerciali UniMac sono realizzati per offrire prestazioni durevoli, superiori alle esigenze di qualsiasi ambiente OPL.","og_url":"https:\/\/unimac.com\/international\/it\/chi-siamo\/","og_site_name":"Unimac International","article_modified_time":"2021-02-17T11:26:38+00:00","twitter_card":"summary_large_image","twitter_misc":{"Tempo di lettura stimato":"11 minuti"},"schema":{"@context":"https:\/\/schema.org","@graph":[{"@type":"WebPage","@id":"https:\/\/unimac.com\/international\/it\/chi-siamo\/","url":"https:\/\/unimac.com\/international\/it\/chi-siamo\/","name":"Produttore di macchine per lavanderie commerciali | UniMac International","isPartOf":{"@id":"https:\/\/unimac.com\/international\/#website"},"datePublished":"2016-08-02T11:05:09+00:00","dateModified":"2021-02-17T11:26:38+00:00","description":"I prodotti per lavanderie commerciali UniMac sono realizzati per offrire prestazioni durevoli, superiori alle esigenze di qualsiasi ambiente OPL.","breadcrumb":{"@id":"https:\/\/unimac.com\/international\/it\/chi-siamo\/#breadcrumb"},"inLanguage":"it-IT","potentialAction":[{"@type":"ReadAction","target":["https:\/\/unimac.com\/international\/it\/chi-siamo\/"]}]},{"@type":"BreadcrumbList","@id":"https:\/\/unimac.com\/international\/it\/chi-siamo\/#breadcrumb","itemListElement":[{"@type":"ListItem","position":1,"name":"Home","item":"https:\/\/unimac.com\/international\/it\/"},{"@type":"ListItem","position":2,"name":"Chi siamo"}]},{"@type":"WebSite","@id":"https:\/\/unimac.com\/international\/#website","url":"https:\/\/unimac.com\/international\/","name":"Unimac International","description":"Maximum Performance","publisher":{"@id":"https:\/\/unimac.com\/international\/#organization"},"potentialAction":[{"@type":"SearchAction","target":{"@type":"EntryPoint","urlTemplate":"https:\/\/unimac.com\/international\/?s={search_term_string}"},"query-input":{"@type":"PropertyValueSpecification","valueRequired":true,"valueName":"search_term_string"}}],"inLanguage":"it-IT"},{"@type":"Organization","@id":"https:\/\/unimac.com\/international\/#organization","name":"UniMac International","url":"https:\/\/unimac.com\/international\/","logo":{"@type":"ImageObject","inLanguage":"it-IT","@id":"https:\/\/unimac.com\/international\/#\/schema\/logo\/image\/","url":"https:\/\/unimac.com\/international\/wp-content\/uploads\/sites\/2\/2019\/07\/logo.png","contentUrl":"https:\/\/unimac.com\/international\/wp-content\/uploads\/sites\/2\/2019\/07\/logo.png","width":200,"height":73,"caption":"UniMac International"},"image":{"@id":"https:\/\/unimac.com\/international\/#\/schema\/logo\/image\/"}}]}},"_links":{"self":[{"href":"https:\/\/unimac.com\/international\/it\/wp-json\/wp\/v2\/pages\/13793","targetHints":{"allow":["GET"]}}],"collection":[{"href":"https:\/\/unimac.com\/international\/it\/wp-json\/wp\/v2\/pages"}],"about":[{"href":"https:\/\/unimac.com\/international\/it\/wp-json\/wp\/v2\/types\/page"}],"author":[{"embeddable":true,"href":"https:\/\/unimac.com\/international\/it\/wp-json\/wp\/v2\/users\/1"}],"replies":[{"embeddable":true,"href":"https:\/\/unimac.com\/international\/it\/wp-json\/wp\/v2\/comments?post=13793"}],"version-history":[{"count":3,"href":"https:\/\/unimac.com\/international\/it\/wp-json\/wp\/v2\/pages\/13793\/revisions"}],"predecessor-version":[{"id":14068,"href":"https:\/\/unimac.com\/international\/it\/wp-json\/wp\/v2\/pages\/13793\/revisions\/14068"}],"wp:attachment":[{"href":"https:\/\/unimac.com\/international\/it\/wp-json\/wp\/v2\/media?parent=13793"}],"curies":[{"name":"wp","href":"https:\/\/api.w.org\/{rel}","templated":true}]}}