{"id":13925,"date":"2019-08-06T21:27:01","date_gmt":"2019-08-06T21:27:01","guid":{"rendered":"https:\/\/unimac.com\/en-international\/industrie\/long-term-care\/"},"modified":"2021-03-04T15:22:44","modified_gmt":"2021-03-04T15:22:44","slug":"assistenza-a-lungo-termine","status":"publish","type":"page","link":"https:\/\/unimac.com\/international\/it\/industrie\/assistenza-a-lungo-termine\/","title":{"rendered":"Assistenza a lungo termine"},"content":{"rendered":"<p><div class=\"fusion-fullwidth fullwidth-box fusion-builder-row-1 fusion-flex-container nonhundred-percent-fullwidth non-hundred-percent-height-scrolling\" style=\"--awb-border-radius-top-left:0px;--awb-border-radius-top-right:0px;--awb-border-radius-bottom-right:0px;--awb-border-radius-bottom-left:0px;--awb-flex-wrap:wrap;\" ><div class=\"fusion-builder-row fusion-row fusion-flex-align-items-flex-start fusion-flex-content-wrap\" style=\"max-width:1216.8px;margin-left: calc(-4% \/ 2 );margin-right: calc(-4% \/ 2 );\"><div class=\"fusion-layout-column fusion_builder_column fusion-builder-column-0 fusion_builder_column_3_4 3_4 fusion-flex-column\" style=\"--awb-bg-size:cover;--awb-width-large:75%;--awb-margin-top-large:20px;--awb-spacing-right-large:2.56%;--awb-margin-bottom-large:20px;--awb-spacing-left-large:2.56%;--awb-width-medium:75%;--awb-spacing-right-medium:2.56%;--awb-spacing-left-medium:2.56%;--awb-width-small:100%;--awb-spacing-right-small:1.92%;--awb-spacing-left-small:1.92%;\"><div class=\"fusion-column-wrapper fusion-column-has-shadow fusion-flex-justify-content-flex-start fusion-content-layout-column\"><div class=\"fusion-text fusion-text-1\"><h2 data-fontsize=\"26\" data-lineheight=\"28.6px\" class=\"fusion-responsive-typography-calculated\" style=\"line-height: 1.1\">Le macchine per lavanderia UniMac sono progettate per ridurre i costi per la lavanderia delle case di riposo e soddisfare la conformit\u00e0 agli standard governativi di sanificazione delle case di riposo.<\/h2>\n<h3 data-fontsize=\"23\" data-lineheight=\"28.75px\" class=\"fusion-responsive-typography-calculated\" style=\"line-height: 1.25\"><span class=\"fusion-responsive-typography-calculated\" data-fontsize=\"30\" data-lineheight=\"30px\" style=\"font-weight: normal\">LA SALUTE DEI PAZIENTI \u00c8 UNA COSA SERIA<\/span><\/h3>\n<p>Siamo consapevoli che fornire un&#8217;assistenza di livello mondiale \u00e8 la tua massima priorit\u00e0. Ma come azienda, \u00e8 anche fondamentale mantenere i costi operativi al minimo e rispettare le linee guida del Governo sulla sanificazione. Le macchine <a title=\"Prodotti\" href=\"\/international\/it\/prodotti\/\">UniMac<sup>\u00ae<\/sup><\/a> sono costruite appositamente per soddisfare tutte queste esigenze. Le nostre <a href=\"\/international\/it\/prodotti\/lavacentrifughe-industriali\/\">lavacentrifughe<\/a> e <a href=\"\/international\/it\/prodotti\/asciugatrici-per-uso-intensivo\/\">asciugatrici<\/a> riducono significativamente i costi associati alla manodopera, alle utenze e all\u2019usura della biancheria, per fornire il minor costo di propriet\u00e0 del settore, consentendoti di soddisfare rapidamente tutte le esigenze di lavanderia dei tuoi residenti.<\/p>\n<\/div><div class=\"fusion-slider-sc\"><div class=\"fusion-flexslider-loading flexslider flexslider-hover-type-none\" data-slideshow_autoplay=\"1\" data-slideshow_smooth_height=\"0\" data-slideshow_speed=\"5000\" style=\"max-width:100%;height:100%;\"><ul class=\"slides\"><li class=\"image\"><span class=\"fusion-image-hover-element hover-type-none\"><img decoding=\"async\" data-src=\"https:\/\/unimac.com\/international\/wp-content\/uploads\/sites\/2\/2020\/09\/shutterstock_554267218-300x200.jpg\" alt=\"UniMac OPL laundry equipment for \" width=\"300\" height=\"200\" class=\"wp-image-9081 lazyload\" data-srcset=\"https:\/\/unimac.com\/international\/wp-content\/uploads\/sites\/2\/2020\/09\/shutterstock_554267218-200x133.jpg 200w, https:\/\/unimac.com\/international\/wp-content\/uploads\/sites\/2\/2020\/09\/shutterstock_554267218-400x267.jpg 400w, https:\/\/unimac.com\/international\/wp-content\/uploads\/sites\/2\/2020\/09\/shutterstock_554267218-600x400.jpg 600w, https:\/\/unimac.com\/international\/wp-content\/uploads\/sites\/2\/2020\/09\/shutterstock_554267218-800x533.jpg 800w, https:\/\/unimac.com\/international\/wp-content\/uploads\/sites\/2\/2020\/09\/shutterstock_554267218-1200x800.jpg 1200w\" data-sizes=\"(max-width: 640px) 100vw, 1200px\" src=\"data:image\/svg+xml;base64,PHN2ZyB3aWR0aD0iMSIgaGVpZ2h0PSIxIiB4bWxucz0iaHR0cDovL3d3dy53My5vcmcvMjAwMC9zdmciPjwvc3ZnPg==\" style=\"--smush-placeholder-width: 300px; --smush-placeholder-aspect-ratio: 300\/200;\" \/><\/span><\/li><li class=\"image\"><span class=\"fusion-image-hover-element hover-type-none\"><img decoding=\"async\" data-src=\"https:\/\/unimac.com\/international\/wp-content\/uploads\/sites\/2\/2020\/09\/shutterstock_667400596-300x200.jpg\" alt=\"UniMac OPL laundry equipment for long-term care industry\" width=\"300\" height=\"200\" class=\"wp-image-9001 lazyload\" data-srcset=\"https:\/\/unimac.com\/international\/wp-content\/uploads\/sites\/2\/2020\/09\/shutterstock_667400596-200x133.jpg 200w, https:\/\/unimac.com\/international\/wp-content\/uploads\/sites\/2\/2020\/09\/shutterstock_667400596-400x267.jpg 400w, https:\/\/unimac.com\/international\/wp-content\/uploads\/sites\/2\/2020\/09\/shutterstock_667400596-600x400.jpg 600w, https:\/\/unimac.com\/international\/wp-content\/uploads\/sites\/2\/2020\/09\/shutterstock_667400596-800x533.jpg 800w, https:\/\/unimac.com\/international\/wp-content\/uploads\/sites\/2\/2020\/09\/shutterstock_667400596-1200x800.jpg 1200w\" data-sizes=\"(max-width: 640px) 100vw, 1200px\" src=\"data:image\/svg+xml;base64,PHN2ZyB3aWR0aD0iMSIgaGVpZ2h0PSIxIiB4bWxucz0iaHR0cDovL3d3dy53My5vcmcvMjAwMC9zdmciPjwvc3ZnPg==\" style=\"--smush-placeholder-width: 300px; --smush-placeholder-aspect-ratio: 300\/200;\" \/><\/span><\/li><li class=\"image\"><span class=\"fusion-image-hover-element hover-type-none\"><img decoding=\"async\" data-src=\"https:\/\/unimac.com\/international\/wp-content\/uploads\/sites\/2\/2020\/09\/Shutterstock_128133455-scaled.jpg\" alt=\"UniMac OPL laundry equipment for healthcare industry\" width=\"2560\" height=\"1707\" class=\"wp-image-9031 lazyload\" data-srcset=\"https:\/\/unimac.com\/international\/wp-content\/uploads\/sites\/2\/2020\/09\/Shutterstock_128133455-200x133.jpg 200w, https:\/\/unimac.com\/international\/wp-content\/uploads\/sites\/2\/2020\/09\/Shutterstock_128133455-400x267.jpg 400w, https:\/\/unimac.com\/international\/wp-content\/uploads\/sites\/2\/2020\/09\/Shutterstock_128133455-600x400.jpg 600w, https:\/\/unimac.com\/international\/wp-content\/uploads\/sites\/2\/2020\/09\/Shutterstock_128133455-800x533.jpg 800w, https:\/\/unimac.com\/international\/wp-content\/uploads\/sites\/2\/2020\/09\/Shutterstock_128133455-1200x800.jpg 1200w, https:\/\/unimac.com\/international\/wp-content\/uploads\/sites\/2\/2020\/09\/Shutterstock_128133455-scaled.jpg 2560w\" data-sizes=\"(max-width: 640px) 100vw, 1200px\" src=\"data:image\/svg+xml;base64,PHN2ZyB3aWR0aD0iMSIgaGVpZ2h0PSIxIiB4bWxucz0iaHR0cDovL3d3dy53My5vcmcvMjAwMC9zdmciPjwvc3ZnPg==\" style=\"--smush-placeholder-width: 2560px; --smush-placeholder-aspect-ratio: 2560\/1707;\" \/><\/span><\/li><\/ul><\/div><\/div><div class=\"fusion-text fusion-text-2\"><div class=\"fusion-text\">\n<p data-fontsize=\"18\" data-lineheight=\"25\"><strong>Progettate per soddisfare le tue esigenze<\/strong><\/p>\n<h4 data-fontsize=\"16\" data-lineheight=\"25\">Macchine per lavanderia commerciale con tecnologia rivoluzionaria<\/h4>\n<p>La tecnologia di risciacquo <a title=\"OPTispray\" href=\"https:\/\/unimac.com\/international\/it\/tecnologia\/optispray\/\">OPTispray<\/a><sup>\u2122<\/sup>, l&#8217;idroestrazione da 400 G-Force e la tecnologia di protezione da asciugatura eccessiva <a title=\"OPTidry\" href=\"\/international\/it\/tecnologia\/optidry\/\">OPTidry<sup>\u2122<\/sup> offrono tempi di ciclo rapidi per ridurre i costi in bolletta e le ore di funzionamento.<\/a><\/p>\n<h4 data-fontsize=\"16\" data-lineheight=\"25\">Costi ridotti per le lavanderie OPL nelle case di riposo<\/h4>\n<p>I tempi di asciugatura senza rivali nel settore prolungano la durata della biancheria e riducono la manodopera fino a un&#8217;ora al giorno.<\/p>\n<h3 data-fontsize=\"16\" data-lineheight=\"25\">Conformit\u00e0 governativa alle norme di sanificazione delle case di riposo<\/h3>\n<p>Le lavacentrifughe UniMac documentano ogni ciclo e la massima temperatura dell&#8217;acqua con data e ora per mantenere la conformit\u00e0 agli standard governativi.<\/p>\n<h4 data-fontsize=\"16\" data-lineheight=\"25\">Monitoraggio delle prestazioni<\/h4>\n<p>Un software di monitoraggio avanzato assicura che le corrette procedure OPL delle case di riposo vengano seguite in ogni momento.<\/p>\n<h4 data-fontsize=\"16\" data-lineheight=\"25\">Una solidit\u00e0 ineguagliabile significa che la tua macchina \u00e8 sempre pronta quando ne hai bisogno, riducendo i costi di manodopera associati ai tempi di fermo macchina nella lavanderia OPL della tua casa di riposo.<\/h4>\n<h4 data-fontsize=\"16\" data-lineheight=\"25\">Cicli ECO<\/h4>\n<p>Nove programmi di lavaggio unici nel loro genere, che fanno parte delle 48 opzioni di ciclo totale di <a title=\"UniLinc\" href=\"\/international\/it\/tecnologia\/unilinc\/\">UniLinc<\/a>, leader del settore, riducono ulteriormente il consumo di acqua.<\/p>\n<\/div>\n<\/div><\/div><\/div><div class=\"fusion-layout-column fusion_builder_column fusion-builder-column-1 fusion_builder_column_1_4 1_4 fusion-flex-column bor-l\" style=\"--awb-bg-size:cover;--awb-width-large:25%;--awb-margin-top-large:20px;--awb-spacing-right-large:7.68%;--awb-margin-bottom-large:20px;--awb-spacing-left-large:7.68%;--awb-width-medium:25%;--awb-spacing-right-medium:7.68%;--awb-spacing-left-medium:7.68%;--awb-width-small:100%;--awb-spacing-right-small:1.92%;--awb-spacing-left-small:1.92%;\"><div class=\"fusion-column-wrapper fusion-column-has-shadow fusion-flex-justify-content-flex-start fusion-content-layout-column\"><div class=\"fusion-widget-area awb-widget-area-element fusion-widget-area-1 fusion-content-widget-area\" style=\"--awb-title-size:26px;--awb-title-color:#6f727b;--awb-padding:0px 0px 0px 0px;\"><div id=\"nav_menu-5\" class=\"widget widget_nav_menu\" style=\"border-style: solid;border-color:transparent;border-width:0px;\"><div class=\"menu-industries-italian-container\"><ul id=\"menu-industries-italian\" class=\"menu\"><li id=\"menu-item-14358\" class=\"menu-item menu-item-type-post_type menu-item-object-page menu-item-14358\"><a href=\"https:\/\/unimac.com\/international\/it\/industrie\/\">Industrie<\/a><\/li>\n<li id=\"menu-item-14359\" class=\"menu-item menu-item-type-post_type menu-item-object-page menu-item-14359\"><a href=\"https:\/\/unimac.com\/international\/it\/industrie\/settore-sanitario\/\">Settore sanitario<\/a><\/li>\n<li id=\"menu-item-14360\" class=\"menu-item menu-item-type-post_type menu-item-object-page menu-item-14360\"><a href=\"https:\/\/unimac.com\/international\/it\/industrie\/assistenza-a-lungo-termine\/\">Assistenza a lungo termine<\/a><\/li>\n<li id=\"menu-item-14361\" class=\"menu-item menu-item-type-post_type menu-item-object-page menu-item-14361\"><a href=\"https:\/\/unimac.com\/international\/it\/industrie\/settore-alberghiero\/\">Settore alberghiero<\/a><\/li>\n<li id=\"menu-item-14362\" class=\"menu-item menu-item-type-post_type menu-item-object-page menu-item-14362\"><a href=\"https:\/\/unimac.com\/international\/it\/industrie\/centri-benessere-centri-estetici\/\">Centri benessere\/Centri estetici<\/a><\/li>\n<li id=\"menu-item-14363\" class=\"menu-item menu-item-type-post_type menu-item-object-page menu-item-14363\"><a href=\"https:\/\/unimac.com\/international\/it\/industrie\/ristorante\/\">Ristorante<\/a><\/li>\n<li id=\"menu-item-14364\" class=\"menu-item menu-item-type-post_type menu-item-object-page menu-item-14364\"><a href=\"https:\/\/unimac.com\/international\/it\/industrie\/catering-ristorazione\/\">Catering \/ Ristorazione<\/a><\/li>\n<li id=\"menu-item-14365\" class=\"menu-item menu-item-type-post_type menu-item-object-page menu-item-14365\"><a href=\"https:\/\/unimac.com\/international\/it\/industrie\/lavanderie-commerciali\/\">Lavanderie commerciali<\/a><\/li>\n<li id=\"menu-item-14366\" class=\"menu-item menu-item-type-post_type menu-item-object-page menu-item-14366\"><a href=\"https:\/\/unimac.com\/international\/it\/industrie\/facility-management\/\">Facility Management<\/a><\/li>\n<li id=\"menu-item-14367\" class=\"menu-item menu-item-type-post_type menu-item-object-page menu-item-14367\"><a href=\"https:\/\/unimac.com\/international\/it\/industrie\/lavasecco\/\">Lavasecco<\/a><\/li>\n<li id=\"menu-item-14368\" class=\"menu-item menu-item-type-post_type menu-item-object-page menu-item-14368\"><a href=\"https:\/\/unimac.com\/international\/it\/industrie\/fuoco\/\">Pompiere<\/a><\/li>\n<li id=\"menu-item-14369\" class=\"menu-item menu-item-type-post_type menu-item-object-page menu-item-14369\"><a href=\"https:\/\/unimac.com\/international\/it\/industrie\/settore-della-trasformazione-alimentare\/\">Trasformazione alimentare<\/a><\/li>\n<li id=\"menu-item-14370\" class=\"menu-item menu-item-type-post_type menu-item-object-page menu-item-14370\"><a href=\"https:\/\/unimac.com\/international\/it\/industrie\/settore-marittimo\/\">Settore marittimo<\/a><\/li>\n<li id=\"menu-item-14371\" class=\"menu-item menu-item-type-post_type menu-item-object-page menu-item-14371\"><a href=\"https:\/\/unimac.com\/international\/it\/industrie\/case-circondariali\/\">Case circondariali<\/a><\/li>\n<li id=\"menu-item-14372\" class=\"menu-item menu-item-type-post_type menu-item-object-page menu-item-14372\"><a href=\"https:\/\/unimac.com\/international\/it\/industrie\/centri-sportivi\/\">Centri sportivi<\/a><\/li>\n<\/ul><\/div><\/div><div class=\"fusion-additional-widget-content\"><\/div><\/div><div class=\"fusion-separator fusion-full-width-sep\" style=\"align-self: center;margin-left: auto;margin-right: auto;margin-top:20px;width:100%;\"><\/div><div class=\"fusion-widget-area awb-widget-area-element fusion-widget-area-2 fusion-content-widget-area \u5feb\u901f\u94fe\u63a5\" style=\"--awb-title-size:18px;--awb-title-color:#6f727b;--awb-padding:0px 0px 0px 0px;\"><div class=\"fusion-additional-widget-content\"><\/div><\/div>\n<\/div><\/div><\/div><\/div><div class=\"fusion-fullwidth fullwidth-box fusion-builder-row-2 fusion-flex-container global-footer nonhundred-percent-fullwidth non-hundred-percent-height-scrolling\" style=\"--awb-border-radius-top-left:0px;--awb-border-radius-top-right:0px;--awb-border-radius-bottom-right:0px;--awb-border-radius-bottom-left:0px;--awb-padding-top:30px;--awb-padding-right:0px;--awb-padding-bottom:30px;--awb-padding-left:0px;--awb-margin-bottom:-10px;--awb-background-color:#ec1c24;--awb-flex-wrap:wrap;\" ><\/div>\n<\/p>\n","protected":false},"excerpt":{"rendered":"","protected":false},"author":1,"featured_media":0,"parent":13918,"menu_order":0,"comment_status":"closed","ping_status":"closed","template":"100-width.php","meta":{"inline_featured_image":false,"footnotes":""},"class_list":["post-13925","page","type-page","status-publish","hentry"],"yoast_head":"<!-- This site is optimized with the Yoast SEO Premium plugin v23.4 (Yoast SEO v26.2) - https:\/\/yoast.com\/wordpress\/plugins\/seo\/ -->\n<title>Progettata per soddisfare le esigenze di una lavanderia a lungo termine<\/title>\n<meta name=\"description\" content=\"Le macchine per lavanderia UniMac sono progettate per ridurre i costi per la lavanderia delle case di riposo e soddisfare la conformit\u00e0 agli standard governativi di sanificazione delle case di riposo.\" \/>\n<meta name=\"robots\" content=\"index, follow, max-snippet:-1, max-image-preview:large, max-video-preview:-1\" \/>\n<link rel=\"canonical\" href=\"https:\/\/unimac.com\/international\/it\/industrie\/assistenza-a-lungo-termine\/\" \/>\n<meta property=\"og:locale\" content=\"it_IT\" \/>\n<meta property=\"og:type\" content=\"article\" \/>\n<meta property=\"og:title\" content=\"Assistenza a lungo termine\" \/>\n<meta property=\"og:description\" content=\"Le macchine per lavanderia UniMac sono progettate per ridurre i costi per la lavanderia delle case di riposo e soddisfare la conformit\u00e0 agli standard governativi di sanificazione delle case di riposo.\" \/>\n<meta property=\"og:url\" content=\"https:\/\/unimac.com\/international\/it\/industrie\/assistenza-a-lungo-termine\/\" \/>\n<meta property=\"og:site_name\" content=\"Unimac International\" \/>\n<meta property=\"article:modified_time\" content=\"2021-03-04T15:22:44+00:00\" \/>\n<meta name=\"twitter:card\" content=\"summary_large_image\" \/>\n<meta name=\"twitter:label1\" content=\"Tempo di lettura stimato\" \/>\n\t<meta name=\"twitter:data1\" content=\"5 minuti\" \/>\n<script type=\"application\/ld+json\" class=\"yoast-schema-graph\">{\"@context\":\"https:\/\/schema.org\",\"@graph\":[{\"@type\":\"WebPage\",\"@id\":\"https:\/\/unimac.com\/international\/it\/industrie\/assistenza-a-lungo-termine\/\",\"url\":\"https:\/\/unimac.com\/international\/it\/industrie\/assistenza-a-lungo-termine\/\",\"name\":\"Progettata per soddisfare le esigenze di una lavanderia a lungo termine\",\"isPartOf\":{\"@id\":\"https:\/\/unimac.com\/international\/#website\"},\"datePublished\":\"2019-08-06T21:27:01+00:00\",\"dateModified\":\"2021-03-04T15:22:44+00:00\",\"description\":\"Le macchine per lavanderia UniMac sono progettate per ridurre i costi per la lavanderia delle case di riposo e soddisfare la conformit\u00e0 agli standard governativi di sanificazione delle case di riposo.\",\"breadcrumb\":{\"@id\":\"https:\/\/unimac.com\/international\/it\/industrie\/assistenza-a-lungo-termine\/#breadcrumb\"},\"inLanguage\":\"it-IT\",\"potentialAction\":[{\"@type\":\"ReadAction\",\"target\":[\"https:\/\/unimac.com\/international\/it\/industrie\/assistenza-a-lungo-termine\/\"]}]},{\"@type\":\"BreadcrumbList\",\"@id\":\"https:\/\/unimac.com\/international\/it\/industrie\/assistenza-a-lungo-termine\/#breadcrumb\",\"itemListElement\":[{\"@type\":\"ListItem\",\"position\":1,\"name\":\"Home\",\"item\":\"https:\/\/unimac.com\/international\/it\/\"},{\"@type\":\"ListItem\",\"position\":2,\"name\":\"Industrie\",\"item\":\"https:\/\/unimac.com\/international\/it\/industrie\/\"},{\"@type\":\"ListItem\",\"position\":3,\"name\":\"Assistenza a lungo termine\"}]},{\"@type\":\"WebSite\",\"@id\":\"https:\/\/unimac.com\/international\/#website\",\"url\":\"https:\/\/unimac.com\/international\/\",\"name\":\"Unimac International\",\"description\":\"Maximum Performance\",\"publisher\":{\"@id\":\"https:\/\/unimac.com\/international\/#organization\"},\"potentialAction\":[{\"@type\":\"SearchAction\",\"target\":{\"@type\":\"EntryPoint\",\"urlTemplate\":\"https:\/\/unimac.com\/international\/?s={search_term_string}\"},\"query-input\":{\"@type\":\"PropertyValueSpecification\",\"valueRequired\":true,\"valueName\":\"search_term_string\"}}],\"inLanguage\":\"it-IT\"},{\"@type\":\"Organization\",\"@id\":\"https:\/\/unimac.com\/international\/#organization\",\"name\":\"UniMac International\",\"url\":\"https:\/\/unimac.com\/international\/\",\"logo\":{\"@type\":\"ImageObject\",\"inLanguage\":\"it-IT\",\"@id\":\"https:\/\/unimac.com\/international\/#\/schema\/logo\/image\/\",\"url\":\"https:\/\/unimac.com\/international\/wp-content\/uploads\/sites\/2\/2019\/07\/logo.png\",\"contentUrl\":\"https:\/\/unimac.com\/international\/wp-content\/uploads\/sites\/2\/2019\/07\/logo.png\",\"width\":200,\"height\":73,\"caption\":\"UniMac International\"},\"image\":{\"@id\":\"https:\/\/unimac.com\/international\/#\/schema\/logo\/image\/\"}}]}<\/script>\n<!-- \/ Yoast SEO Premium plugin. -->","yoast_head_json":{"title":"Progettata per soddisfare le esigenze di una lavanderia a lungo termine","description":"Le macchine per lavanderia UniMac sono progettate per ridurre i costi per la lavanderia delle case di riposo e soddisfare la conformit\u00e0 agli standard governativi di sanificazione delle case di riposo.","robots":{"index":"index","follow":"follow","max-snippet":"max-snippet:-1","max-image-preview":"max-image-preview:large","max-video-preview":"max-video-preview:-1"},"canonical":"https:\/\/unimac.com\/international\/it\/industrie\/assistenza-a-lungo-termine\/","og_locale":"it_IT","og_type":"article","og_title":"Assistenza a lungo termine","og_description":"Le macchine per lavanderia UniMac sono progettate per ridurre i costi per la lavanderia delle case di riposo e soddisfare la conformit\u00e0 agli standard governativi di sanificazione delle case di riposo.","og_url":"https:\/\/unimac.com\/international\/it\/industrie\/assistenza-a-lungo-termine\/","og_site_name":"Unimac International","article_modified_time":"2021-03-04T15:22:44+00:00","twitter_card":"summary_large_image","twitter_misc":{"Tempo di lettura stimato":"5 minuti"},"schema":{"@context":"https:\/\/schema.org","@graph":[{"@type":"WebPage","@id":"https:\/\/unimac.com\/international\/it\/industrie\/assistenza-a-lungo-termine\/","url":"https:\/\/unimac.com\/international\/it\/industrie\/assistenza-a-lungo-termine\/","name":"Progettata per soddisfare le esigenze di una lavanderia a lungo termine","isPartOf":{"@id":"https:\/\/unimac.com\/international\/#website"},"datePublished":"2019-08-06T21:27:01+00:00","dateModified":"2021-03-04T15:22:44+00:00","description":"Le macchine per lavanderia UniMac sono progettate per ridurre i costi per la lavanderia delle case di riposo e soddisfare la conformit\u00e0 agli standard governativi di sanificazione delle case di riposo.","breadcrumb":{"@id":"https:\/\/unimac.com\/international\/it\/industrie\/assistenza-a-lungo-termine\/#breadcrumb"},"inLanguage":"it-IT","potentialAction":[{"@type":"ReadAction","target":["https:\/\/unimac.com\/international\/it\/industrie\/assistenza-a-lungo-termine\/"]}]},{"@type":"BreadcrumbList","@id":"https:\/\/unimac.com\/international\/it\/industrie\/assistenza-a-lungo-termine\/#breadcrumb","itemListElement":[{"@type":"ListItem","position":1,"name":"Home","item":"https:\/\/unimac.com\/international\/it\/"},{"@type":"ListItem","position":2,"name":"Industrie","item":"https:\/\/unimac.com\/international\/it\/industrie\/"},{"@type":"ListItem","position":3,"name":"Assistenza a lungo termine"}]},{"@type":"WebSite","@id":"https:\/\/unimac.com\/international\/#website","url":"https:\/\/unimac.com\/international\/","name":"Unimac International","description":"Maximum Performance","publisher":{"@id":"https:\/\/unimac.com\/international\/#organization"},"potentialAction":[{"@type":"SearchAction","target":{"@type":"EntryPoint","urlTemplate":"https:\/\/unimac.com\/international\/?s={search_term_string}"},"query-input":{"@type":"PropertyValueSpecification","valueRequired":true,"valueName":"search_term_string"}}],"inLanguage":"it-IT"},{"@type":"Organization","@id":"https:\/\/unimac.com\/international\/#organization","name":"UniMac International","url":"https:\/\/unimac.com\/international\/","logo":{"@type":"ImageObject","inLanguage":"it-IT","@id":"https:\/\/unimac.com\/international\/#\/schema\/logo\/image\/","url":"https:\/\/unimac.com\/international\/wp-content\/uploads\/sites\/2\/2019\/07\/logo.png","contentUrl":"https:\/\/unimac.com\/international\/wp-content\/uploads\/sites\/2\/2019\/07\/logo.png","width":200,"height":73,"caption":"UniMac International"},"image":{"@id":"https:\/\/unimac.com\/international\/#\/schema\/logo\/image\/"}}]}},"_links":{"self":[{"href":"https:\/\/unimac.com\/international\/it\/wp-json\/wp\/v2\/pages\/13925","targetHints":{"allow":["GET"]}}],"collection":[{"href":"https:\/\/unimac.com\/international\/it\/wp-json\/wp\/v2\/pages"}],"about":[{"href":"https:\/\/unimac.com\/international\/it\/wp-json\/wp\/v2\/types\/page"}],"author":[{"embeddable":true,"href":"https:\/\/unimac.com\/international\/it\/wp-json\/wp\/v2\/users\/1"}],"replies":[{"embeddable":true,"href":"https:\/\/unimac.com\/international\/it\/wp-json\/wp\/v2\/comments?post=13925"}],"version-history":[{"count":5,"href":"https:\/\/unimac.com\/international\/it\/wp-json\/wp\/v2\/pages\/13925\/revisions"}],"predecessor-version":[{"id":15454,"href":"https:\/\/unimac.com\/international\/it\/wp-json\/wp\/v2\/pages\/13925\/revisions\/15454"}],"up":[{"embeddable":true,"href":"https:\/\/unimac.com\/international\/it\/wp-json\/wp\/v2\/pages\/13918"}],"wp:attachment":[{"href":"https:\/\/unimac.com\/international\/it\/wp-json\/wp\/v2\/media?parent=13925"}],"curies":[{"name":"wp","href":"https:\/\/api.w.org\/{rel}","templated":true}]}}