{"id":13936,"date":"2019-08-06T22:18:39","date_gmt":"2019-08-06T22:18:39","guid":{"rendered":"https:\/\/unimac.com\/en-international\/industrie\/restaurant\/"},"modified":"2021-02-18T17:32:11","modified_gmt":"2021-02-18T17:32:11","slug":"ristorante","status":"publish","type":"page","link":"https:\/\/unimac.com\/international\/it\/industrie\/ristorante\/","title":{"rendered":"Ristorante"},"content":{"rendered":"<p><div class=\"fusion-fullwidth fullwidth-box fusion-builder-row-1 fusion-flex-container nonhundred-percent-fullwidth non-hundred-percent-height-scrolling\" style=\"--awb-border-radius-top-left:0px;--awb-border-radius-top-right:0px;--awb-border-radius-bottom-right:0px;--awb-border-radius-bottom-left:0px;--awb-flex-wrap:wrap;\" ><div class=\"fusion-builder-row fusion-row fusion-flex-align-items-flex-start fusion-flex-content-wrap\" style=\"max-width:1216.8px;margin-left: calc(-4% \/ 2 );margin-right: calc(-4% \/ 2 );\"><div class=\"fusion-layout-column fusion_builder_column fusion-builder-column-0 fusion_builder_column_3_4 3_4 fusion-flex-column\" style=\"--awb-bg-size:cover;--awb-width-large:75%;--awb-margin-top-large:20px;--awb-spacing-right-large:2.56%;--awb-margin-bottom-large:20px;--awb-spacing-left-large:2.56%;--awb-width-medium:75%;--awb-spacing-right-medium:2.56%;--awb-spacing-left-medium:2.56%;--awb-width-small:100%;--awb-spacing-right-small:1.92%;--awb-spacing-left-small:1.92%;\"><div class=\"fusion-column-wrapper fusion-column-has-shadow fusion-flex-justify-content-flex-start fusion-content-layout-column\"><div class=\"fusion-text fusion-text-1\"><h2>Lavoriamo a stretto contatto i ristoranti per affrontare le principali difficolt\u00e0 che devono gestire ogni giorno in termini di bucato, offrendo il minor costo di propriet\u00e0 del settore.<\/h2>\n<h3>CUCINA ED ESPERIENZA RAFFINATE PER I TUOI OSPITI<\/h3>\n<p>Da oltre 60 anni, UniMac\u00ae si occupa di soddisfare le esigenze specifiche dell&#8217;industria della ristorazione. Lavoriamo a stretto contatto con i nostri clienti per identificare e affrontare le principali preoccupazioni che devono affrontare ogni giorno, offrendo il minor costo di propriet\u00e0 del settore.<\/p>\n<\/div><div class=\"fusion-slider-sc\"><div class=\"fusion-flexslider-loading flexslider flexslider-hover-type-none\" data-slideshow_autoplay=\"1\" data-slideshow_smooth_height=\"0\" data-slideshow_speed=\"5000\" style=\"max-width:100%;height:100%;\"><ul class=\"slides\"><li class=\"image\"><span class=\"fusion-image-hover-element hover-type-none\"><img decoding=\"async\" data-src=\"https:\/\/unimac.com\/international\/wp-content\/uploads\/sites\/2\/2020\/09\/GettyImages-81755006-300x202.jpg\" alt=\"UniMac OPL laundry equipment for \" width=\"300\" height=\"202\" class=\"wp-image-9051 lazyload\" data-srcset=\"https:\/\/unimac.com\/international\/wp-content\/uploads\/sites\/2\/2020\/09\/GettyImages-81755006-200x135.jpg 200w, https:\/\/unimac.com\/international\/wp-content\/uploads\/sites\/2\/2020\/09\/GettyImages-81755006-400x269.jpg 400w, https:\/\/unimac.com\/international\/wp-content\/uploads\/sites\/2\/2020\/09\/GettyImages-81755006-600x404.jpg 600w, https:\/\/unimac.com\/international\/wp-content\/uploads\/sites\/2\/2020\/09\/GettyImages-81755006-800x538.jpg 800w, https:\/\/unimac.com\/international\/wp-content\/uploads\/sites\/2\/2020\/09\/GettyImages-81755006-1200x807.jpg 1200w\" data-sizes=\"(max-width: 640px) 100vw, 1200px\" src=\"data:image\/svg+xml;base64,PHN2ZyB3aWR0aD0iMSIgaGVpZ2h0PSIxIiB4bWxucz0iaHR0cDovL3d3dy53My5vcmcvMjAwMC9zdmciPjwvc3ZnPg==\" style=\"--smush-placeholder-width: 300px; --smush-placeholder-aspect-ratio: 300\/202;\" \/><\/span><\/li><li class=\"image\"><span class=\"fusion-image-hover-element hover-type-none\"><img decoding=\"async\" data-src=\"https:\/\/unimac.com\/international\/wp-content\/uploads\/sites\/2\/2020\/09\/Thinkstock-493551526-300x190.jpg\" alt=\"Working in the hospitality industry? UniMac is your best OPL laundry partner\" width=\"300\" height=\"190\" class=\"wp-image-8690 lazyload\" data-srcset=\"https:\/\/unimac.com\/international\/wp-content\/uploads\/sites\/2\/2020\/09\/Thinkstock-493551526-200x126.jpg 200w, https:\/\/unimac.com\/international\/wp-content\/uploads\/sites\/2\/2020\/09\/Thinkstock-493551526-400x253.jpg 400w, https:\/\/unimac.com\/international\/wp-content\/uploads\/sites\/2\/2020\/09\/Thinkstock-493551526-600x379.jpg 600w, https:\/\/unimac.com\/international\/wp-content\/uploads\/sites\/2\/2020\/09\/Thinkstock-493551526-800x506.jpg 800w, https:\/\/unimac.com\/international\/wp-content\/uploads\/sites\/2\/2020\/09\/Thinkstock-493551526-1200x759.jpg 1200w\" data-sizes=\"(max-width: 640px) 100vw, 1200px\" src=\"data:image\/svg+xml;base64,PHN2ZyB3aWR0aD0iMSIgaGVpZ2h0PSIxIiB4bWxucz0iaHR0cDovL3d3dy53My5vcmcvMjAwMC9zdmciPjwvc3ZnPg==\" style=\"--smush-placeholder-width: 300px; --smush-placeholder-aspect-ratio: 300\/190;\" \/><\/span><\/li><li class=\"image\"><span class=\"fusion-image-hover-element hover-type-none\"><img decoding=\"async\" data-src=\"https:\/\/unimac.com\/international\/wp-content\/uploads\/sites\/2\/2020\/09\/iStock-636349974-300x200.jpg\" alt=\"UniMac laundry machines for restaurants\" width=\"300\" height=\"200\" class=\"wp-image-9101 lazyload\" data-srcset=\"https:\/\/unimac.com\/international\/wp-content\/uploads\/sites\/2\/2020\/09\/iStock-636349974-200x133.jpg 200w, https:\/\/unimac.com\/international\/wp-content\/uploads\/sites\/2\/2020\/09\/iStock-636349974-400x266.jpg 400w, https:\/\/unimac.com\/international\/wp-content\/uploads\/sites\/2\/2020\/09\/iStock-636349974-600x399.jpg 600w, https:\/\/unimac.com\/international\/wp-content\/uploads\/sites\/2\/2020\/09\/iStock-636349974-800x532.jpg 800w, https:\/\/unimac.com\/international\/wp-content\/uploads\/sites\/2\/2020\/09\/iStock-636349974-1200x798.jpg 1200w\" data-sizes=\"(max-width: 640px) 100vw, 1200px\" src=\"data:image\/svg+xml;base64,PHN2ZyB3aWR0aD0iMSIgaGVpZ2h0PSIxIiB4bWxucz0iaHR0cDovL3d3dy53My5vcmcvMjAwMC9zdmciPjwvc3ZnPg==\" style=\"--smush-placeholder-width: 300px; --smush-placeholder-aspect-ratio: 300\/200;\" \/><\/span><\/li><\/ul><\/div><\/div><div class=\"fusion-title title fusion-title-1 fusion-title-text fusion-title-size-four\" style=\"--awb-margin-top:30px;--awb-margin-bottom:0px;--awb-margin-top-small:30px;--awb-margin-bottom-small:0px;\"><div class=\"title-sep-container title-sep-container-left fusion-no-large-visibility fusion-no-medium-visibility fusion-no-small-visibility\"><div class=\"title-sep sep- sep-solid\" style=\"border-color:#e0dede;\"><\/div><\/div><span class=\"awb-title-spacer fusion-no-large-visibility fusion-no-medium-visibility fusion-no-small-visibility\"><\/span><h4 class=\"fusion-title-heading title-heading-left fusion-responsive-typography-calculated\" style=\"margin:0;--fontSize:18;--minFontSize:18;line-height:1.4;\">PROGETTATE PER SODDISFARE LE TUE ESIGENZE<\/h4><span class=\"awb-title-spacer\"><\/span><div class=\"title-sep-container title-sep-container-right\"><div class=\"title-sep sep- sep-solid\" style=\"border-color:#e0dede;\"><\/div><\/div><\/div><div class=\"fusion-text fusion-text-2\"><p>Per uno staff che \u00e8 composto innanzitutto da personal part-time, i nostri comandi facili da usare rendono i cicli di lavanderia coerenti e ripetibili e facili come premere un tasto.<br \/>\nCon lo spazio limitato a disposizione per il bucato, molti ristoranti si trovano in difficolt\u00e0 con macchine che non offrono un adeguato potere pulente. \u00c8 allora che ci si pu\u00f2 rivolgere a UniMac per soluzioni che offrono una pulizia potente in meno di un metro quadrato (nove piedi quadrati) di superficie.<\/p>\n<p>In un settore in cui i tempi di fermo della lavanderia non sono un&#8217;opzione, puoi contare sulla nostra ineguagliabile solidit\u00e0, supportata da una garanzia eccezionale e dalla pi\u00f9 grande rete di assistenza e supporto del Nord America.<\/p>\n<p>Il tuo servizio di bucato a pagamento pu\u00f2 essere conveniente, ma UniMac pu\u00f2 darti il controllo totale della tua lavanderia, fornendoti tutti gli strumenti per raggiungere un alto livello di pulizia senza pagare le alte spese di una lavanderia a contratto.<\/p>\n<\/div><div class=\"fusion-separator fusion-full-width-sep\" style=\"align-self: center;margin-left: auto;margin-right: auto;width:100%;\"><div class=\"fusion-separator-border sep-single\" style=\"--awb-height:20px;--awb-amount:20px;border-color:#b9afa1;border-top-width:1px;\"><\/div><\/div><\/div><\/div><div class=\"fusion-layout-column fusion_builder_column fusion-builder-column-1 fusion_builder_column_1_4 1_4 fusion-flex-column bor-l\" style=\"--awb-bg-size:cover;--awb-width-large:25%;--awb-margin-top-large:20px;--awb-spacing-right-large:7.68%;--awb-margin-bottom-large:20px;--awb-spacing-left-large:7.68%;--awb-width-medium:25%;--awb-spacing-right-medium:7.68%;--awb-spacing-left-medium:7.68%;--awb-width-small:100%;--awb-spacing-right-small:1.92%;--awb-spacing-left-small:1.92%;\"><div class=\"fusion-column-wrapper fusion-column-has-shadow fusion-flex-justify-content-flex-start fusion-content-layout-column\"><div class=\"fusion-widget-area awb-widget-area-element fusion-widget-area-1 fusion-content-widget-area\" style=\"--awb-title-size:26px;--awb-title-color:#6f727b;--awb-padding:0px 0px 0px 0px;\"><div id=\"nav_menu-5\" class=\"widget widget_nav_menu\" style=\"border-style: solid;border-color:transparent;border-width:0px;\"><div class=\"menu-industries-italian-container\"><ul id=\"menu-industries-italian\" class=\"menu\"><li id=\"menu-item-14358\" class=\"menu-item menu-item-type-post_type menu-item-object-page menu-item-14358\"><a href=\"https:\/\/unimac.com\/international\/it\/industrie\/\">Industrie<\/a><\/li>\n<li id=\"menu-item-14359\" class=\"menu-item menu-item-type-post_type menu-item-object-page menu-item-14359\"><a href=\"https:\/\/unimac.com\/international\/it\/industrie\/settore-sanitario\/\">Settore sanitario<\/a><\/li>\n<li id=\"menu-item-14360\" class=\"menu-item menu-item-type-post_type menu-item-object-page menu-item-14360\"><a href=\"https:\/\/unimac.com\/international\/it\/industrie\/assistenza-a-lungo-termine\/\">Assistenza a lungo termine<\/a><\/li>\n<li id=\"menu-item-14361\" class=\"menu-item menu-item-type-post_type menu-item-object-page menu-item-14361\"><a href=\"https:\/\/unimac.com\/international\/it\/industrie\/settore-alberghiero\/\">Settore alberghiero<\/a><\/li>\n<li id=\"menu-item-14362\" class=\"menu-item menu-item-type-post_type menu-item-object-page menu-item-14362\"><a href=\"https:\/\/unimac.com\/international\/it\/industrie\/centri-benessere-centri-estetici\/\">Centri benessere\/Centri estetici<\/a><\/li>\n<li id=\"menu-item-14363\" class=\"menu-item menu-item-type-post_type menu-item-object-page menu-item-14363\"><a href=\"https:\/\/unimac.com\/international\/it\/industrie\/ristorante\/\">Ristorante<\/a><\/li>\n<li id=\"menu-item-14364\" class=\"menu-item menu-item-type-post_type menu-item-object-page menu-item-14364\"><a href=\"https:\/\/unimac.com\/international\/it\/industrie\/catering-ristorazione\/\">Catering \/ Ristorazione<\/a><\/li>\n<li id=\"menu-item-14365\" class=\"menu-item menu-item-type-post_type menu-item-object-page menu-item-14365\"><a href=\"https:\/\/unimac.com\/international\/it\/industrie\/lavanderie-commerciali\/\">Lavanderie commerciali<\/a><\/li>\n<li id=\"menu-item-14366\" class=\"menu-item menu-item-type-post_type menu-item-object-page menu-item-14366\"><a href=\"https:\/\/unimac.com\/international\/it\/industrie\/facility-management\/\">Facility Management<\/a><\/li>\n<li id=\"menu-item-14367\" class=\"menu-item menu-item-type-post_type menu-item-object-page menu-item-14367\"><a href=\"https:\/\/unimac.com\/international\/it\/industrie\/lavasecco\/\">Lavasecco<\/a><\/li>\n<li id=\"menu-item-14368\" class=\"menu-item menu-item-type-post_type menu-item-object-page menu-item-14368\"><a href=\"https:\/\/unimac.com\/international\/it\/industrie\/fuoco\/\">Pompiere<\/a><\/li>\n<li id=\"menu-item-14369\" class=\"menu-item menu-item-type-post_type menu-item-object-page menu-item-14369\"><a href=\"https:\/\/unimac.com\/international\/it\/industrie\/settore-della-trasformazione-alimentare\/\">Trasformazione alimentare<\/a><\/li>\n<li id=\"menu-item-14370\" class=\"menu-item menu-item-type-post_type menu-item-object-page menu-item-14370\"><a href=\"https:\/\/unimac.com\/international\/it\/industrie\/settore-marittimo\/\">Settore marittimo<\/a><\/li>\n<li id=\"menu-item-14371\" class=\"menu-item menu-item-type-post_type menu-item-object-page menu-item-14371\"><a href=\"https:\/\/unimac.com\/international\/it\/industrie\/case-circondariali\/\">Case circondariali<\/a><\/li>\n<li id=\"menu-item-14372\" class=\"menu-item menu-item-type-post_type menu-item-object-page menu-item-14372\"><a href=\"https:\/\/unimac.com\/international\/it\/industrie\/centri-sportivi\/\">Centri sportivi<\/a><\/li>\n<\/ul><\/div><\/div><div class=\"fusion-additional-widget-content\"><\/div><\/div><div class=\"fusion-separator fusion-full-width-sep\" style=\"align-self: center;margin-left: auto;margin-right: auto;margin-top:30px;width:100%;\"><\/div><div class=\"fusion-widget-area awb-widget-area-element fusion-widget-area-2 fusion-content-widget-area \u5feb\u901f\u94fe\u63a5\" style=\"--awb-title-size:18px;--awb-title-color:#6f727b;--awb-padding:0px 0px 0px 0px;\"><div class=\"fusion-additional-widget-content\"><\/div><\/div>\n<\/div><\/div><\/div><\/div><div class=\"fusion-fullwidth fullwidth-box fusion-builder-row-2 fusion-flex-container global-footer nonhundred-percent-fullwidth non-hundred-percent-height-scrolling\" style=\"--awb-border-radius-top-left:0px;--awb-border-radius-top-right:0px;--awb-border-radius-bottom-right:0px;--awb-border-radius-bottom-left:0px;--awb-padding-top:30px;--awb-padding-right:0px;--awb-padding-bottom:30px;--awb-padding-left:0px;--awb-margin-bottom:-10px;--awb-background-color:#ec1c24;--awb-flex-wrap:wrap;\" ><\/div>\n<\/p>\n","protected":false},"excerpt":{"rendered":"","protected":false},"author":1,"featured_media":0,"parent":13918,"menu_order":0,"comment_status":"closed","ping_status":"closed","template":"100-width.php","meta":{"inline_featured_image":false,"footnotes":""},"class_list":["post-13936","page","type-page","status-publish","hentry"],"yoast_head":"<!-- This site is optimized with the Yoast SEO Premium plugin v23.4 (Yoast SEO v26.2) - https:\/\/yoast.com\/wordpress\/plugins\/seo\/ -->\n<title>Le migliori soluzioni per le esigenze di lavanderia del tuo ristorante<\/title>\n<meta name=\"description\" content=\"Lavoriamo a stretto contatto i ristoranti per affrontare le principali difficolt\u00e0 che devono gestire ogni giorno in termini di bucato, offrendo il minor costo di propriet\u00e0 del settore.\" \/>\n<meta name=\"robots\" content=\"index, follow, max-snippet:-1, max-image-preview:large, max-video-preview:-1\" \/>\n<link rel=\"canonical\" href=\"https:\/\/unimac.com\/international\/it\/industrie\/ristorante\/\" \/>\n<meta property=\"og:locale\" content=\"it_IT\" \/>\n<meta property=\"og:type\" content=\"article\" \/>\n<meta property=\"og:title\" content=\"Ristorante\" \/>\n<meta property=\"og:description\" content=\"Lavoriamo a stretto contatto i ristoranti per affrontare le principali difficolt\u00e0 che devono gestire ogni giorno in termini di bucato, offrendo il minor costo di propriet\u00e0 del settore.\" \/>\n<meta property=\"og:url\" content=\"https:\/\/unimac.com\/international\/it\/industrie\/ristorante\/\" \/>\n<meta property=\"og:site_name\" content=\"Unimac International\" \/>\n<meta property=\"article:modified_time\" content=\"2021-02-18T17:32:11+00:00\" \/>\n<meta name=\"twitter:card\" content=\"summary_large_image\" \/>\n<meta name=\"twitter:label1\" content=\"Tempo di lettura stimato\" \/>\n\t<meta name=\"twitter:data1\" content=\"5 minuti\" \/>\n<script type=\"application\/ld+json\" class=\"yoast-schema-graph\">{\"@context\":\"https:\/\/schema.org\",\"@graph\":[{\"@type\":\"WebPage\",\"@id\":\"https:\/\/unimac.com\/international\/it\/industrie\/ristorante\/\",\"url\":\"https:\/\/unimac.com\/international\/it\/industrie\/ristorante\/\",\"name\":\"Le migliori soluzioni per le esigenze di lavanderia del tuo ristorante\",\"isPartOf\":{\"@id\":\"https:\/\/unimac.com\/international\/#website\"},\"datePublished\":\"2019-08-06T22:18:39+00:00\",\"dateModified\":\"2021-02-18T17:32:11+00:00\",\"description\":\"Lavoriamo a stretto contatto i ristoranti per affrontare le principali difficolt\u00e0 che devono gestire ogni giorno in termini di bucato, offrendo il minor costo di propriet\u00e0 del settore.\",\"breadcrumb\":{\"@id\":\"https:\/\/unimac.com\/international\/it\/industrie\/ristorante\/#breadcrumb\"},\"inLanguage\":\"it-IT\",\"potentialAction\":[{\"@type\":\"ReadAction\",\"target\":[\"https:\/\/unimac.com\/international\/it\/industrie\/ristorante\/\"]}]},{\"@type\":\"BreadcrumbList\",\"@id\":\"https:\/\/unimac.com\/international\/it\/industrie\/ristorante\/#breadcrumb\",\"itemListElement\":[{\"@type\":\"ListItem\",\"position\":1,\"name\":\"Home\",\"item\":\"https:\/\/unimac.com\/international\/it\/\"},{\"@type\":\"ListItem\",\"position\":2,\"name\":\"Industrie\",\"item\":\"https:\/\/unimac.com\/international\/it\/industrie\/\"},{\"@type\":\"ListItem\",\"position\":3,\"name\":\"Ristorante\"}]},{\"@type\":\"WebSite\",\"@id\":\"https:\/\/unimac.com\/international\/#website\",\"url\":\"https:\/\/unimac.com\/international\/\",\"name\":\"Unimac International\",\"description\":\"Maximum Performance\",\"publisher\":{\"@id\":\"https:\/\/unimac.com\/international\/#organization\"},\"potentialAction\":[{\"@type\":\"SearchAction\",\"target\":{\"@type\":\"EntryPoint\",\"urlTemplate\":\"https:\/\/unimac.com\/international\/?s={search_term_string}\"},\"query-input\":{\"@type\":\"PropertyValueSpecification\",\"valueRequired\":true,\"valueName\":\"search_term_string\"}}],\"inLanguage\":\"it-IT\"},{\"@type\":\"Organization\",\"@id\":\"https:\/\/unimac.com\/international\/#organization\",\"name\":\"UniMac International\",\"url\":\"https:\/\/unimac.com\/international\/\",\"logo\":{\"@type\":\"ImageObject\",\"inLanguage\":\"it-IT\",\"@id\":\"https:\/\/unimac.com\/international\/#\/schema\/logo\/image\/\",\"url\":\"https:\/\/unimac.com\/international\/wp-content\/uploads\/sites\/2\/2019\/07\/logo.png\",\"contentUrl\":\"https:\/\/unimac.com\/international\/wp-content\/uploads\/sites\/2\/2019\/07\/logo.png\",\"width\":200,\"height\":73,\"caption\":\"UniMac International\"},\"image\":{\"@id\":\"https:\/\/unimac.com\/international\/#\/schema\/logo\/image\/\"}}]}<\/script>\n<!-- \/ Yoast SEO Premium plugin. -->","yoast_head_json":{"title":"Le migliori soluzioni per le esigenze di lavanderia del tuo ristorante","description":"Lavoriamo a stretto contatto i ristoranti per affrontare le principali difficolt\u00e0 che devono gestire ogni giorno in termini di bucato, offrendo il minor costo di propriet\u00e0 del settore.","robots":{"index":"index","follow":"follow","max-snippet":"max-snippet:-1","max-image-preview":"max-image-preview:large","max-video-preview":"max-video-preview:-1"},"canonical":"https:\/\/unimac.com\/international\/it\/industrie\/ristorante\/","og_locale":"it_IT","og_type":"article","og_title":"Ristorante","og_description":"Lavoriamo a stretto contatto i ristoranti per affrontare le principali difficolt\u00e0 che devono gestire ogni giorno in termini di bucato, offrendo il minor costo di propriet\u00e0 del settore.","og_url":"https:\/\/unimac.com\/international\/it\/industrie\/ristorante\/","og_site_name":"Unimac International","article_modified_time":"2021-02-18T17:32:11+00:00","twitter_card":"summary_large_image","twitter_misc":{"Tempo di lettura stimato":"5 minuti"},"schema":{"@context":"https:\/\/schema.org","@graph":[{"@type":"WebPage","@id":"https:\/\/unimac.com\/international\/it\/industrie\/ristorante\/","url":"https:\/\/unimac.com\/international\/it\/industrie\/ristorante\/","name":"Le migliori soluzioni per le esigenze di lavanderia del tuo ristorante","isPartOf":{"@id":"https:\/\/unimac.com\/international\/#website"},"datePublished":"2019-08-06T22:18:39+00:00","dateModified":"2021-02-18T17:32:11+00:00","description":"Lavoriamo a stretto contatto i ristoranti per affrontare le principali difficolt\u00e0 che devono gestire ogni giorno in termini di bucato, offrendo il minor costo di propriet\u00e0 del settore.","breadcrumb":{"@id":"https:\/\/unimac.com\/international\/it\/industrie\/ristorante\/#breadcrumb"},"inLanguage":"it-IT","potentialAction":[{"@type":"ReadAction","target":["https:\/\/unimac.com\/international\/it\/industrie\/ristorante\/"]}]},{"@type":"BreadcrumbList","@id":"https:\/\/unimac.com\/international\/it\/industrie\/ristorante\/#breadcrumb","itemListElement":[{"@type":"ListItem","position":1,"name":"Home","item":"https:\/\/unimac.com\/international\/it\/"},{"@type":"ListItem","position":2,"name":"Industrie","item":"https:\/\/unimac.com\/international\/it\/industrie\/"},{"@type":"ListItem","position":3,"name":"Ristorante"}]},{"@type":"WebSite","@id":"https:\/\/unimac.com\/international\/#website","url":"https:\/\/unimac.com\/international\/","name":"Unimac International","description":"Maximum Performance","publisher":{"@id":"https:\/\/unimac.com\/international\/#organization"},"potentialAction":[{"@type":"SearchAction","target":{"@type":"EntryPoint","urlTemplate":"https:\/\/unimac.com\/international\/?s={search_term_string}"},"query-input":{"@type":"PropertyValueSpecification","valueRequired":true,"valueName":"search_term_string"}}],"inLanguage":"it-IT"},{"@type":"Organization","@id":"https:\/\/unimac.com\/international\/#organization","name":"UniMac International","url":"https:\/\/unimac.com\/international\/","logo":{"@type":"ImageObject","inLanguage":"it-IT","@id":"https:\/\/unimac.com\/international\/#\/schema\/logo\/image\/","url":"https:\/\/unimac.com\/international\/wp-content\/uploads\/sites\/2\/2019\/07\/logo.png","contentUrl":"https:\/\/unimac.com\/international\/wp-content\/uploads\/sites\/2\/2019\/07\/logo.png","width":200,"height":73,"caption":"UniMac International"},"image":{"@id":"https:\/\/unimac.com\/international\/#\/schema\/logo\/image\/"}}]}},"_links":{"self":[{"href":"https:\/\/unimac.com\/international\/it\/wp-json\/wp\/v2\/pages\/13936","targetHints":{"allow":["GET"]}}],"collection":[{"href":"https:\/\/unimac.com\/international\/it\/wp-json\/wp\/v2\/pages"}],"about":[{"href":"https:\/\/unimac.com\/international\/it\/wp-json\/wp\/v2\/types\/page"}],"author":[{"embeddable":true,"href":"https:\/\/unimac.com\/international\/it\/wp-json\/wp\/v2\/users\/1"}],"replies":[{"embeddable":true,"href":"https:\/\/unimac.com\/international\/it\/wp-json\/wp\/v2\/comments?post=13936"}],"version-history":[{"count":2,"href":"https:\/\/unimac.com\/international\/it\/wp-json\/wp\/v2\/pages\/13936\/revisions"}],"predecessor-version":[{"id":14196,"href":"https:\/\/unimac.com\/international\/it\/wp-json\/wp\/v2\/pages\/13936\/revisions\/14196"}],"up":[{"embeddable":true,"href":"https:\/\/unimac.com\/international\/it\/wp-json\/wp\/v2\/pages\/13918"}],"wp:attachment":[{"href":"https:\/\/unimac.com\/international\/it\/wp-json\/wp\/v2\/media?parent=13936"}],"curies":[{"name":"wp","href":"https:\/\/api.w.org\/{rel}","templated":true}]}}