{"id":13943,"date":"2019-08-06T21:50:35","date_gmt":"2019-08-06T21:50:35","guid":{"rendered":"https:\/\/unimac.com\/en-international\/industrie\/commercial-laundry\/"},"modified":"2021-03-02T13:11:04","modified_gmt":"2021-03-02T13:11:04","slug":"lavanderie-commerciali","status":"publish","type":"page","link":"https:\/\/unimac.com\/international\/it\/industrie\/lavanderie-commerciali\/","title":{"rendered":"Lavanderie commerciali"},"content":{"rendered":"<p><div class=\"fusion-fullwidth fullwidth-box fusion-builder-row-1 fusion-flex-container nonhundred-percent-fullwidth non-hundred-percent-height-scrolling\" style=\"--awb-border-radius-top-left:0px;--awb-border-radius-top-right:0px;--awb-border-radius-bottom-right:0px;--awb-border-radius-bottom-left:0px;--awb-flex-wrap:wrap;\" ><div class=\"fusion-builder-row fusion-row fusion-flex-align-items-flex-start fusion-flex-content-wrap\" style=\"max-width:1216.8px;margin-left: calc(-4% \/ 2 );margin-right: calc(-4% \/ 2 );\"><div class=\"fusion-layout-column fusion_builder_column fusion-builder-column-0 fusion_builder_column_3_4 3_4 fusion-flex-column\" style=\"--awb-bg-size:cover;--awb-width-large:75%;--awb-margin-top-large:20px;--awb-spacing-right-large:2.56%;--awb-margin-bottom-large:20px;--awb-spacing-left-large:2.56%;--awb-width-medium:75%;--awb-spacing-right-medium:2.56%;--awb-spacing-left-medium:2.56%;--awb-width-small:100%;--awb-spacing-right-small:1.92%;--awb-spacing-left-small:1.92%;\"><div class=\"fusion-column-wrapper fusion-column-has-shadow fusion-flex-justify-content-flex-start fusion-content-layout-column\"><div class=\"fusion-text fusion-text-1\"><h2>Nel settore delle lavanderie commerciali, la solidit\u00e0 delle macchine \u00e8 un requisito imprescindibile. Ecco perch\u00e9 puoi contare sulla nostra ineguagliabile robustezza.<\/h2>\n<h3>ESPERTI NELLA LAVANDERIA INDUSTRIALE<\/h3>\n<p>Da oltre 60 anni, UniMac\u00ae si occupa di soddisfare le esigenze specifiche dell&#8217;industria commerciale. Lavoriamo a stretto contatto con i nostri clienti per identificare e affrontare le principali preoccupazioni che devono affrontare ogni giorno, offrendo il minor costo di propriet\u00e0 del settore.<\/p>\n<\/div><div class=\"fusion-slider-sc\"><div class=\"fusion-flexslider-loading flexslider flexslider-hover-type-none\" data-slideshow_autoplay=\"1\" data-slideshow_smooth_height=\"0\" data-slideshow_speed=\"5000\" style=\"max-width:100%;height:100%;\"><ul class=\"slides\"><li class=\"image\"><span class=\"fusion-image-hover-element hover-type-none\"><img decoding=\"async\" data-src=\"https:\/\/unimac.com\/international\/wp-content\/uploads\/sites\/2\/2020\/09\/AdobeStock_55882059-300x200.jpg\" alt=\"Architects: UniMac&#039;s design tools for commercial laundry\" width=\"300\" height=\"200\" class=\"wp-image-8951 lazyload\" data-srcset=\"https:\/\/unimac.com\/international\/wp-content\/uploads\/sites\/2\/2020\/09\/AdobeStock_55882059-200x133.jpg 200w, https:\/\/unimac.com\/international\/wp-content\/uploads\/sites\/2\/2020\/09\/AdobeStock_55882059-400x267.jpg 400w, https:\/\/unimac.com\/international\/wp-content\/uploads\/sites\/2\/2020\/09\/AdobeStock_55882059-600x400.jpg 600w, https:\/\/unimac.com\/international\/wp-content\/uploads\/sites\/2\/2020\/09\/AdobeStock_55882059-800x533.jpg 800w, https:\/\/unimac.com\/international\/wp-content\/uploads\/sites\/2\/2020\/09\/AdobeStock_55882059-1200x800.jpg 1200w\" data-sizes=\"(max-width: 640px) 100vw, 1200px\" src=\"data:image\/svg+xml;base64,PHN2ZyB3aWR0aD0iMSIgaGVpZ2h0PSIxIiB4bWxucz0iaHR0cDovL3d3dy53My5vcmcvMjAwMC9zdmciPjwvc3ZnPg==\" style=\"--smush-placeholder-width: 300px; --smush-placeholder-aspect-ratio: 300\/200;\" \/><\/span><\/li><li class=\"image\"><span class=\"fusion-image-hover-element hover-type-none\"><img decoding=\"async\" data-src=\"https:\/\/unimac.com\/international\/wp-content\/uploads\/sites\/2\/2020\/09\/Shutterstock_118522849-300x200.jpg\" alt=\"UniMac OPL laundry equipment for SPA and wellness centers\" width=\"300\" height=\"200\" class=\"wp-image-9061 lazyload\" data-srcset=\"https:\/\/unimac.com\/international\/wp-content\/uploads\/sites\/2\/2020\/09\/Shutterstock_118522849-200x133.jpg 200w, https:\/\/unimac.com\/international\/wp-content\/uploads\/sites\/2\/2020\/09\/Shutterstock_118522849-400x267.jpg 400w, https:\/\/unimac.com\/international\/wp-content\/uploads\/sites\/2\/2020\/09\/Shutterstock_118522849-600x400.jpg 600w, https:\/\/unimac.com\/international\/wp-content\/uploads\/sites\/2\/2020\/09\/Shutterstock_118522849-800x533.jpg 800w, https:\/\/unimac.com\/international\/wp-content\/uploads\/sites\/2\/2020\/09\/Shutterstock_118522849-1200x800.jpg 1200w\" data-sizes=\"(max-width: 640px) 100vw, 1200px\" src=\"data:image\/svg+xml;base64,PHN2ZyB3aWR0aD0iMSIgaGVpZ2h0PSIxIiB4bWxucz0iaHR0cDovL3d3dy53My5vcmcvMjAwMC9zdmciPjwvc3ZnPg==\" style=\"--smush-placeholder-width: 300px; --smush-placeholder-aspect-ratio: 300\/200;\" \/><\/span><\/li><li class=\"image\"><span class=\"fusion-image-hover-element hover-type-none\"><img decoding=\"async\" data-src=\"https:\/\/unimac.com\/international\/wp-content\/uploads\/sites\/2\/2020\/09\/Shutterstock_327603341-300x200.jpg\" alt=\"UniMac OPL laundry equipment for hotels\" width=\"300\" height=\"200\" class=\"wp-image-9071 lazyload\" data-srcset=\"https:\/\/unimac.com\/international\/wp-content\/uploads\/sites\/2\/2020\/09\/Shutterstock_327603341-200x133.jpg 200w, https:\/\/unimac.com\/international\/wp-content\/uploads\/sites\/2\/2020\/09\/Shutterstock_327603341-400x267.jpg 400w, https:\/\/unimac.com\/international\/wp-content\/uploads\/sites\/2\/2020\/09\/Shutterstock_327603341-600x400.jpg 600w, https:\/\/unimac.com\/international\/wp-content\/uploads\/sites\/2\/2020\/09\/Shutterstock_327603341-800x533.jpg 800w, https:\/\/unimac.com\/international\/wp-content\/uploads\/sites\/2\/2020\/09\/Shutterstock_327603341-1200x800.jpg 1200w\" data-sizes=\"(max-width: 640px) 100vw, 1200px\" src=\"data:image\/svg+xml;base64,PHN2ZyB3aWR0aD0iMSIgaGVpZ2h0PSIxIiB4bWxucz0iaHR0cDovL3d3dy53My5vcmcvMjAwMC9zdmciPjwvc3ZnPg==\" style=\"--smush-placeholder-width: 300px; --smush-placeholder-aspect-ratio: 300\/200;\" \/><\/span><\/li><\/ul><\/div><\/div><div class=\"fusion-title title fusion-title-1 fusion-title-text fusion-title-size-four\" style=\"--awb-margin-top:30px;--awb-margin-bottom:0px;--awb-margin-top-small:30px;--awb-margin-bottom-small:0px;\"><div class=\"title-sep-container title-sep-container-left fusion-no-large-visibility fusion-no-medium-visibility fusion-no-small-visibility\"><div class=\"title-sep sep- sep-solid\" style=\"border-color:#e0dede;\"><\/div><\/div><span class=\"awb-title-spacer fusion-no-large-visibility fusion-no-medium-visibility fusion-no-small-visibility\"><\/span><h4 class=\"fusion-title-heading title-heading-left fusion-responsive-typography-calculated\" style=\"margin:0;--fontSize:18;--minFontSize:18;line-height:1.4;\"><p data-fontsize=\"18\" data-lineheight=\"25\">PROGETTATE PER SODDISFARE LE TUE ESIGENZE<\/p><\/h4><span class=\"awb-title-spacer\"><\/span><div class=\"title-sep-container title-sep-container-right\"><div class=\"title-sep sep- sep-solid\" style=\"border-color:#e0dede;\"><\/div><\/div><\/div><div class=\"fusion-text fusion-text-2\"><p>In un settore in cui la solidit\u00e0 delle<a href=\"\/international\/it\/prodotti\/\"> macchine <\/a>\u00e8 un requisito imprescindibile, puoi contare sulla nostra ineguagliabile solidit\u00e0, supportata da una garanzia eccezionale e dalla pi\u00f9 grande rete di assistenza e supporto al mondo.<\/p>\n<p>Mantieni le tue macchine in azione con funzioni come i promemoria automatici di manutenzione e i registri delle riparazioni di servizio.<br \/>\nCon budget sempre pi\u00f9 ridotti, il controllo dei consumi di energia e di acqua \u00e8 sempre pi\u00f9 importante. Ecco perch\u00e9 da oltre 60 anni progettiamo le <a href=\"\/international\/it\/prodotti\/\">macchine UniMac<\/a> per ridurre il consumo di energia e contribuire a tagliare le bollette.<\/p>\n<p>Monitora e regola il flusso di lavoro della tua forza lavoro in modo pi\u00f9 accurato che mai con funzionalit\u00e0 di reporting avanzate che ti permettono di affrontare la produttivit\u00e0 in modo pi\u00f9 diretto che mai.<\/p>\n<p>Aumenta in modo significativo la produttivit\u00e0 del tuo impianto con i nostri tempi di lavaggio e asciugatura rapidi, migliori del settore.<\/p>\n<p>\nAffronta il bucato pi\u00f9 sporco e sporco con funzionalit\u00e0 che consentono di mettere in ammollo e di ritardare l&#8217;inizio dei cicli intensivi.<\/p>\n<\/div><\/div><\/div><div class=\"fusion-layout-column fusion_builder_column fusion-builder-column-1 fusion_builder_column_1_4 1_4 fusion-flex-column bor-l\" style=\"--awb-bg-size:cover;--awb-width-large:25%;--awb-margin-top-large:20px;--awb-spacing-right-large:7.68%;--awb-margin-bottom-large:20px;--awb-spacing-left-large:7.68%;--awb-width-medium:25%;--awb-spacing-right-medium:7.68%;--awb-spacing-left-medium:7.68%;--awb-width-small:100%;--awb-spacing-right-small:1.92%;--awb-spacing-left-small:1.92%;\"><div class=\"fusion-column-wrapper fusion-column-has-shadow fusion-flex-justify-content-flex-start fusion-content-layout-column\"><div class=\"fusion-widget-area awb-widget-area-element fusion-widget-area-1 fusion-content-widget-area\" style=\"--awb-title-size:26px;--awb-title-color:#6f727b;--awb-padding:0px 0px 0px 0px;\"><div id=\"nav_menu-5\" class=\"widget widget_nav_menu\" style=\"border-style: solid;border-color:transparent;border-width:0px;\"><div class=\"menu-industries-italian-container\"><ul id=\"menu-industries-italian\" class=\"menu\"><li id=\"menu-item-14358\" class=\"menu-item menu-item-type-post_type menu-item-object-page menu-item-14358\"><a href=\"https:\/\/unimac.com\/international\/it\/industrie\/\">Industrie<\/a><\/li>\n<li id=\"menu-item-14359\" class=\"menu-item menu-item-type-post_type menu-item-object-page menu-item-14359\"><a href=\"https:\/\/unimac.com\/international\/it\/industrie\/settore-sanitario\/\">Settore sanitario<\/a><\/li>\n<li id=\"menu-item-14360\" class=\"menu-item menu-item-type-post_type menu-item-object-page menu-item-14360\"><a href=\"https:\/\/unimac.com\/international\/it\/industrie\/assistenza-a-lungo-termine\/\">Assistenza a lungo termine<\/a><\/li>\n<li id=\"menu-item-14361\" class=\"menu-item menu-item-type-post_type menu-item-object-page menu-item-14361\"><a href=\"https:\/\/unimac.com\/international\/it\/industrie\/settore-alberghiero\/\">Settore alberghiero<\/a><\/li>\n<li id=\"menu-item-14362\" class=\"menu-item menu-item-type-post_type menu-item-object-page menu-item-14362\"><a href=\"https:\/\/unimac.com\/international\/it\/industrie\/centri-benessere-centri-estetici\/\">Centri benessere\/Centri estetici<\/a><\/li>\n<li id=\"menu-item-14363\" class=\"menu-item menu-item-type-post_type menu-item-object-page menu-item-14363\"><a href=\"https:\/\/unimac.com\/international\/it\/industrie\/ristorante\/\">Ristorante<\/a><\/li>\n<li id=\"menu-item-14364\" class=\"menu-item menu-item-type-post_type menu-item-object-page menu-item-14364\"><a href=\"https:\/\/unimac.com\/international\/it\/industrie\/catering-ristorazione\/\">Catering \/ Ristorazione<\/a><\/li>\n<li id=\"menu-item-14365\" class=\"menu-item menu-item-type-post_type menu-item-object-page menu-item-14365\"><a href=\"https:\/\/unimac.com\/international\/it\/industrie\/lavanderie-commerciali\/\">Lavanderie commerciali<\/a><\/li>\n<li id=\"menu-item-14366\" class=\"menu-item menu-item-type-post_type menu-item-object-page menu-item-14366\"><a href=\"https:\/\/unimac.com\/international\/it\/industrie\/facility-management\/\">Facility Management<\/a><\/li>\n<li id=\"menu-item-14367\" class=\"menu-item menu-item-type-post_type menu-item-object-page menu-item-14367\"><a href=\"https:\/\/unimac.com\/international\/it\/industrie\/lavasecco\/\">Lavasecco<\/a><\/li>\n<li id=\"menu-item-14368\" class=\"menu-item menu-item-type-post_type menu-item-object-page menu-item-14368\"><a href=\"https:\/\/unimac.com\/international\/it\/industrie\/fuoco\/\">Pompiere<\/a><\/li>\n<li id=\"menu-item-14369\" class=\"menu-item menu-item-type-post_type menu-item-object-page menu-item-14369\"><a href=\"https:\/\/unimac.com\/international\/it\/industrie\/settore-della-trasformazione-alimentare\/\">Trasformazione alimentare<\/a><\/li>\n<li id=\"menu-item-14370\" class=\"menu-item menu-item-type-post_type menu-item-object-page menu-item-14370\"><a href=\"https:\/\/unimac.com\/international\/it\/industrie\/settore-marittimo\/\">Settore marittimo<\/a><\/li>\n<li id=\"menu-item-14371\" class=\"menu-item menu-item-type-post_type menu-item-object-page menu-item-14371\"><a href=\"https:\/\/unimac.com\/international\/it\/industrie\/case-circondariali\/\">Case circondariali<\/a><\/li>\n<li id=\"menu-item-14372\" class=\"menu-item menu-item-type-post_type menu-item-object-page menu-item-14372\"><a href=\"https:\/\/unimac.com\/international\/it\/industrie\/centri-sportivi\/\">Centri sportivi<\/a><\/li>\n<\/ul><\/div><\/div><div class=\"fusion-additional-widget-content\"><\/div><\/div><div class=\"fusion-separator fusion-full-width-sep\" style=\"align-self: center;margin-left: auto;margin-right: auto;margin-top:30px;width:100%;\"><\/div><div class=\"fusion-widget-area awb-widget-area-element fusion-widget-area-2 fusion-content-widget-area \u5feb\u901f\u94fe\u63a5\" style=\"--awb-title-size:18px;--awb-title-color:#6f727b;--awb-padding:0px 0px 0px 0px;\"><div class=\"fusion-additional-widget-content\"><\/div><\/div>\n<\/div><\/div><\/div><\/div><div class=\"fusion-fullwidth fullwidth-box fusion-builder-row-2 fusion-flex-container global-footer nonhundred-percent-fullwidth non-hundred-percent-height-scrolling\" style=\"--awb-border-radius-top-left:0px;--awb-border-radius-top-right:0px;--awb-border-radius-bottom-right:0px;--awb-border-radius-bottom-left:0px;--awb-padding-top:30px;--awb-padding-right:0px;--awb-padding-bottom:30px;--awb-padding-left:0px;--awb-margin-bottom:-10px;--awb-background-color:#ec1c24;--awb-flex-wrap:wrap;\" ><\/div>\n<\/p>\n","protected":false},"excerpt":{"rendered":"","protected":false},"author":1,"featured_media":0,"parent":13918,"menu_order":0,"comment_status":"closed","ping_status":"closed","template":"100-width.php","meta":{"inline_featured_image":false,"footnotes":""},"class_list":["post-13943","page","type-page","status-publish","hentry"],"yoast_head":"<!-- This site is optimized with the Yoast SEO Premium plugin v23.4 (Yoast SEO v26.2) - https:\/\/yoast.com\/wordpress\/plugins\/seo\/ -->\n<title>Esperti nella lavanderia industriale | UniMac International<\/title>\n<meta name=\"description\" content=\"Nel settore delle lavanderie commerciali, la solidit\u00e0 delle macchine \u00e8 un requisito imprescindibile. Ecco perch\u00e9 puoi contare sulla nostra ineguagliabile robustezza.\" \/>\n<meta name=\"robots\" content=\"index, follow, max-snippet:-1, max-image-preview:large, max-video-preview:-1\" \/>\n<link rel=\"canonical\" href=\"https:\/\/unimac.com\/international\/it\/industrie\/lavanderie-commerciali\/\" \/>\n<meta property=\"og:locale\" content=\"it_IT\" \/>\n<meta property=\"og:type\" content=\"article\" \/>\n<meta property=\"og:title\" content=\"Lavanderie commerciali\" \/>\n<meta property=\"og:description\" content=\"Nel settore delle lavanderie commerciali, la solidit\u00e0 delle macchine \u00e8 un requisito imprescindibile. Ecco perch\u00e9 puoi contare sulla nostra ineguagliabile robustezza.\" \/>\n<meta property=\"og:url\" content=\"https:\/\/unimac.com\/international\/it\/industrie\/lavanderie-commerciali\/\" \/>\n<meta property=\"og:site_name\" content=\"Unimac International\" \/>\n<meta property=\"article:modified_time\" content=\"2021-03-02T13:11:04+00:00\" \/>\n<meta name=\"twitter:card\" content=\"summary_large_image\" \/>\n<meta name=\"twitter:label1\" content=\"Tempo di lettura stimato\" \/>\n\t<meta name=\"twitter:data1\" content=\"5 minuti\" \/>\n<script type=\"application\/ld+json\" class=\"yoast-schema-graph\">{\"@context\":\"https:\/\/schema.org\",\"@graph\":[{\"@type\":\"WebPage\",\"@id\":\"https:\/\/unimac.com\/international\/it\/industrie\/lavanderie-commerciali\/\",\"url\":\"https:\/\/unimac.com\/international\/it\/industrie\/lavanderie-commerciali\/\",\"name\":\"Esperti nella lavanderia industriale | UniMac International\",\"isPartOf\":{\"@id\":\"https:\/\/unimac.com\/international\/#website\"},\"datePublished\":\"2019-08-06T21:50:35+00:00\",\"dateModified\":\"2021-03-02T13:11:04+00:00\",\"description\":\"Nel settore delle lavanderie commerciali, la solidit\u00e0 delle macchine \u00e8 un requisito imprescindibile. Ecco perch\u00e9 puoi contare sulla nostra ineguagliabile robustezza.\",\"breadcrumb\":{\"@id\":\"https:\/\/unimac.com\/international\/it\/industrie\/lavanderie-commerciali\/#breadcrumb\"},\"inLanguage\":\"it-IT\",\"potentialAction\":[{\"@type\":\"ReadAction\",\"target\":[\"https:\/\/unimac.com\/international\/it\/industrie\/lavanderie-commerciali\/\"]}]},{\"@type\":\"BreadcrumbList\",\"@id\":\"https:\/\/unimac.com\/international\/it\/industrie\/lavanderie-commerciali\/#breadcrumb\",\"itemListElement\":[{\"@type\":\"ListItem\",\"position\":1,\"name\":\"Home\",\"item\":\"https:\/\/unimac.com\/international\/it\/\"},{\"@type\":\"ListItem\",\"position\":2,\"name\":\"Industrie\",\"item\":\"https:\/\/unimac.com\/international\/it\/industrie\/\"},{\"@type\":\"ListItem\",\"position\":3,\"name\":\"Lavanderie commerciali\"}]},{\"@type\":\"WebSite\",\"@id\":\"https:\/\/unimac.com\/international\/#website\",\"url\":\"https:\/\/unimac.com\/international\/\",\"name\":\"Unimac International\",\"description\":\"Maximum Performance\",\"publisher\":{\"@id\":\"https:\/\/unimac.com\/international\/#organization\"},\"potentialAction\":[{\"@type\":\"SearchAction\",\"target\":{\"@type\":\"EntryPoint\",\"urlTemplate\":\"https:\/\/unimac.com\/international\/?s={search_term_string}\"},\"query-input\":{\"@type\":\"PropertyValueSpecification\",\"valueRequired\":true,\"valueName\":\"search_term_string\"}}],\"inLanguage\":\"it-IT\"},{\"@type\":\"Organization\",\"@id\":\"https:\/\/unimac.com\/international\/#organization\",\"name\":\"UniMac International\",\"url\":\"https:\/\/unimac.com\/international\/\",\"logo\":{\"@type\":\"ImageObject\",\"inLanguage\":\"it-IT\",\"@id\":\"https:\/\/unimac.com\/international\/#\/schema\/logo\/image\/\",\"url\":\"https:\/\/unimac.com\/international\/wp-content\/uploads\/sites\/2\/2019\/07\/logo.png\",\"contentUrl\":\"https:\/\/unimac.com\/international\/wp-content\/uploads\/sites\/2\/2019\/07\/logo.png\",\"width\":200,\"height\":73,\"caption\":\"UniMac International\"},\"image\":{\"@id\":\"https:\/\/unimac.com\/international\/#\/schema\/logo\/image\/\"}}]}<\/script>\n<!-- \/ Yoast SEO Premium plugin. -->","yoast_head_json":{"title":"Esperti nella lavanderia industriale | UniMac International","description":"Nel settore delle lavanderie commerciali, la solidit\u00e0 delle macchine \u00e8 un requisito imprescindibile. Ecco perch\u00e9 puoi contare sulla nostra ineguagliabile robustezza.","robots":{"index":"index","follow":"follow","max-snippet":"max-snippet:-1","max-image-preview":"max-image-preview:large","max-video-preview":"max-video-preview:-1"},"canonical":"https:\/\/unimac.com\/international\/it\/industrie\/lavanderie-commerciali\/","og_locale":"it_IT","og_type":"article","og_title":"Lavanderie commerciali","og_description":"Nel settore delle lavanderie commerciali, la solidit\u00e0 delle macchine \u00e8 un requisito imprescindibile. Ecco perch\u00e9 puoi contare sulla nostra ineguagliabile robustezza.","og_url":"https:\/\/unimac.com\/international\/it\/industrie\/lavanderie-commerciali\/","og_site_name":"Unimac International","article_modified_time":"2021-03-02T13:11:04+00:00","twitter_card":"summary_large_image","twitter_misc":{"Tempo di lettura stimato":"5 minuti"},"schema":{"@context":"https:\/\/schema.org","@graph":[{"@type":"WebPage","@id":"https:\/\/unimac.com\/international\/it\/industrie\/lavanderie-commerciali\/","url":"https:\/\/unimac.com\/international\/it\/industrie\/lavanderie-commerciali\/","name":"Esperti nella lavanderia industriale | UniMac International","isPartOf":{"@id":"https:\/\/unimac.com\/international\/#website"},"datePublished":"2019-08-06T21:50:35+00:00","dateModified":"2021-03-02T13:11:04+00:00","description":"Nel settore delle lavanderie commerciali, la solidit\u00e0 delle macchine \u00e8 un requisito imprescindibile. Ecco perch\u00e9 puoi contare sulla nostra ineguagliabile robustezza.","breadcrumb":{"@id":"https:\/\/unimac.com\/international\/it\/industrie\/lavanderie-commerciali\/#breadcrumb"},"inLanguage":"it-IT","potentialAction":[{"@type":"ReadAction","target":["https:\/\/unimac.com\/international\/it\/industrie\/lavanderie-commerciali\/"]}]},{"@type":"BreadcrumbList","@id":"https:\/\/unimac.com\/international\/it\/industrie\/lavanderie-commerciali\/#breadcrumb","itemListElement":[{"@type":"ListItem","position":1,"name":"Home","item":"https:\/\/unimac.com\/international\/it\/"},{"@type":"ListItem","position":2,"name":"Industrie","item":"https:\/\/unimac.com\/international\/it\/industrie\/"},{"@type":"ListItem","position":3,"name":"Lavanderie commerciali"}]},{"@type":"WebSite","@id":"https:\/\/unimac.com\/international\/#website","url":"https:\/\/unimac.com\/international\/","name":"Unimac International","description":"Maximum Performance","publisher":{"@id":"https:\/\/unimac.com\/international\/#organization"},"potentialAction":[{"@type":"SearchAction","target":{"@type":"EntryPoint","urlTemplate":"https:\/\/unimac.com\/international\/?s={search_term_string}"},"query-input":{"@type":"PropertyValueSpecification","valueRequired":true,"valueName":"search_term_string"}}],"inLanguage":"it-IT"},{"@type":"Organization","@id":"https:\/\/unimac.com\/international\/#organization","name":"UniMac International","url":"https:\/\/unimac.com\/international\/","logo":{"@type":"ImageObject","inLanguage":"it-IT","@id":"https:\/\/unimac.com\/international\/#\/schema\/logo\/image\/","url":"https:\/\/unimac.com\/international\/wp-content\/uploads\/sites\/2\/2019\/07\/logo.png","contentUrl":"https:\/\/unimac.com\/international\/wp-content\/uploads\/sites\/2\/2019\/07\/logo.png","width":200,"height":73,"caption":"UniMac International"},"image":{"@id":"https:\/\/unimac.com\/international\/#\/schema\/logo\/image\/"}}]}},"_links":{"self":[{"href":"https:\/\/unimac.com\/international\/it\/wp-json\/wp\/v2\/pages\/13943","targetHints":{"allow":["GET"]}}],"collection":[{"href":"https:\/\/unimac.com\/international\/it\/wp-json\/wp\/v2\/pages"}],"about":[{"href":"https:\/\/unimac.com\/international\/it\/wp-json\/wp\/v2\/types\/page"}],"author":[{"embeddable":true,"href":"https:\/\/unimac.com\/international\/it\/wp-json\/wp\/v2\/users\/1"}],"replies":[{"embeddable":true,"href":"https:\/\/unimac.com\/international\/it\/wp-json\/wp\/v2\/comments?post=13943"}],"version-history":[{"count":4,"href":"https:\/\/unimac.com\/international\/it\/wp-json\/wp\/v2\/pages\/13943\/revisions"}],"predecessor-version":[{"id":14609,"href":"https:\/\/unimac.com\/international\/it\/wp-json\/wp\/v2\/pages\/13943\/revisions\/14609"}],"up":[{"embeddable":true,"href":"https:\/\/unimac.com\/international\/it\/wp-json\/wp\/v2\/pages\/13918"}],"wp:attachment":[{"href":"https:\/\/unimac.com\/international\/it\/wp-json\/wp\/v2\/media?parent=13943"}],"curies":[{"name":"wp","href":"https:\/\/api.w.org\/{rel}","templated":true}]}}