{"id":13946,"date":"2020-09-08T19:37:52","date_gmt":"2020-09-08T19:37:52","guid":{"rendered":"https:\/\/unimac.com\/en-international\/industrie\/facility-management\/"},"modified":"2021-02-18T17:38:56","modified_gmt":"2021-02-18T17:38:56","slug":"facility-management","status":"publish","type":"page","link":"https:\/\/unimac.com\/international\/it\/industrie\/facility-management\/","title":{"rendered":"Facility Management"},"content":{"rendered":"<p><div class=\"fusion-fullwidth fullwidth-box fusion-builder-row-1 fusion-flex-container nonhundred-percent-fullwidth non-hundred-percent-height-scrolling\" style=\"--awb-border-radius-top-left:0px;--awb-border-radius-top-right:0px;--awb-border-radius-bottom-right:0px;--awb-border-radius-bottom-left:0px;--awb-flex-wrap:wrap;\" ><div class=\"fusion-builder-row fusion-row fusion-flex-align-items-flex-start fusion-flex-content-wrap\" style=\"max-width:1216.8px;margin-left: calc(-4% \/ 2 );margin-right: calc(-4% \/ 2 );\"><div class=\"fusion-layout-column fusion_builder_column fusion-builder-column-0 fusion_builder_column_3_4 3_4 fusion-flex-column\" style=\"--awb-bg-size:cover;--awb-width-large:75%;--awb-margin-top-large:20px;--awb-spacing-right-large:2.56%;--awb-margin-bottom-large:20px;--awb-spacing-left-large:2.56%;--awb-width-medium:75%;--awb-spacing-right-medium:2.56%;--awb-spacing-left-medium:2.56%;--awb-width-small:100%;--awb-spacing-right-small:1.92%;--awb-spacing-left-small:1.92%;\"><div class=\"fusion-column-wrapper fusion-column-has-shadow fusion-flex-justify-content-flex-start fusion-content-layout-column\"><div class=\"fusion-text fusion-text-1\"><h2>Le lavacentrifughe industriali UniMac sono progettate per ridurre i costi della tua OPL e soddisfano i pi\u00f9 elevati standard igienici RABC.<\/h2>\n<h3>ESPERTI IN FACILITY MANAGEMENT<\/h3>\n<p>Con norme di igiene in continua evoluzione e l&#8217;aumento delle richieste nel settore, sappiamo che non \u00e8 facile stare al passo con i tempi. UniMac\u00ae progetta soluzioni di lavanderia per velocizzare i cicli di lavaggio, ridurre i costi, preservare le fibre tessili pi\u00f9 a lungo e fornire un servizio impeccabile.<\/p>\n<\/div><div class=\"fusion-slider-sc\"><div class=\"fusion-flexslider-loading flexslider fusion-aligncenter flexslider-hover-type-none\" data-slideshow_autoplay=\"1\" data-slideshow_smooth_height=\"0\" data-slideshow_speed=\"5000\" style=\"max-width:100%;height:100%;\"><ul class=\"slides\"><li class=\"image\"><span class=\"fusion-image-hover-element hover-type-none\"><img decoding=\"async\" data-src=\"https:\/\/unimac.com\/international\/wp-content\/uploads\/sites\/2\/2020\/09\/GettyImages-162353089-300x200.jpg\" alt=\"UniMac laundry machines for facility management industry\" width=\"300\" height=\"200\" class=\"wp-image-9119 lazyload\" data-srcset=\"https:\/\/unimac.com\/international\/wp-content\/uploads\/sites\/2\/2020\/09\/GettyImages-162353089-200x133.jpg 200w, https:\/\/unimac.com\/international\/wp-content\/uploads\/sites\/2\/2020\/09\/GettyImages-162353089-400x267.jpg 400w, https:\/\/unimac.com\/international\/wp-content\/uploads\/sites\/2\/2020\/09\/GettyImages-162353089-600x400.jpg 600w, https:\/\/unimac.com\/international\/wp-content\/uploads\/sites\/2\/2020\/09\/GettyImages-162353089-800x533.jpg 800w, https:\/\/unimac.com\/international\/wp-content\/uploads\/sites\/2\/2020\/09\/GettyImages-162353089-1200x800.jpg 1200w\" data-sizes=\"(max-width: 640px) 100vw, 1200px\" src=\"data:image\/svg+xml;base64,PHN2ZyB3aWR0aD0iMSIgaGVpZ2h0PSIxIiB4bWxucz0iaHR0cDovL3d3dy53My5vcmcvMjAwMC9zdmciPjwvc3ZnPg==\" style=\"--smush-placeholder-width: 300px; --smush-placeholder-aspect-ratio: 300\/200;\" \/><\/span><\/li><li class=\"image\"><span class=\"fusion-image-hover-element hover-type-none\"><img decoding=\"async\" data-src=\"https:\/\/unimac.com\/international\/wp-content\/uploads\/sites\/2\/2020\/09\/shutterstock_368560808-300x200.jpg\" alt=\"UniMac OPL laundry equipment for facility management industry\" width=\"300\" height=\"200\" class=\"wp-image-8961 lazyload\" data-srcset=\"https:\/\/unimac.com\/international\/wp-content\/uploads\/sites\/2\/2020\/09\/shutterstock_368560808-200x133.jpg 200w, https:\/\/unimac.com\/international\/wp-content\/uploads\/sites\/2\/2020\/09\/shutterstock_368560808-400x267.jpg 400w, https:\/\/unimac.com\/international\/wp-content\/uploads\/sites\/2\/2020\/09\/shutterstock_368560808-600x400.jpg 600w, https:\/\/unimac.com\/international\/wp-content\/uploads\/sites\/2\/2020\/09\/shutterstock_368560808-800x533.jpg 800w, https:\/\/unimac.com\/international\/wp-content\/uploads\/sites\/2\/2020\/09\/shutterstock_368560808-1200x800.jpg 1200w\" data-sizes=\"(max-width: 640px) 100vw, 1200px\" src=\"data:image\/svg+xml;base64,PHN2ZyB3aWR0aD0iMSIgaGVpZ2h0PSIxIiB4bWxucz0iaHR0cDovL3d3dy53My5vcmcvMjAwMC9zdmciPjwvc3ZnPg==\" style=\"--smush-placeholder-width: 300px; --smush-placeholder-aspect-ratio: 300\/200;\" \/><\/span><\/li><\/ul><\/div><\/div><div class=\"fusion-text fusion-text-2\"><p>Nel settore del facility management non c\u2019\u00e8 tempo da perdere. L&#8217;immagine del tuo marchio e la pulizia del tuo locale sono un tutt&#8217;uno. La prima impressione \u00e8 quella che conta, quindi \u00e8 necessario mantenere sempre i pi\u00f9 alti standard di igiene. Per una pulizia approfondita dei pavimenti e dei locali, assicurati prima di tutto che i tuoi stracci e panni in microfibra soddisfino le tue aspettative. Progettiamo lavatrici e asciugatrici per tutti gli ambiti di attivit\u00e0 e sviluppiamo i cicli di pulizia pi\u00f9 efficaci ed efficienti presenti sul mercato.<\/p>\n<p>Ti aiutano a raggiungere una pulizia e un&#8217;igiene perfette per un comfort e una sicurezza ottimali. E anche a soddisfare i pi\u00f9 severi standard igienici e le linee guida RABC\u00b9.<\/p>\n<p><em>\u00b9Analisi del rischio e controllo della biocontaminazione, la norma di lavanderia equivalente alla norma HACCP sull&#8217;analisi dei rischi e dei punti di controllo critico (HACCP) per la trasformazione alimentare.<\/em><\/p>\n<\/div><div class=\"fusion-text fusion-text-3\"><h4>Macchine per lavanderia commerciale con tecnologia rivoluzionaria<\/h4>\n<p>La tecnologia di risciacquo <a title=\"OPTispray\" href=\"\/international\/it\/tecnologia\/optispray\/\">OPTispray<\/a><sup>\u2122<\/sup>, l&#8217;idroestrazione da 400 G-Force e la tecnologia di protezione da asciugatura eccessiva <a title=\"OPTiDry\" href=\"\/international\/it\/tecnologia\/optidry\/\">OPTidry\u2122 offrono tempi di ciclo rapidi per ridurre i costi in bolletta e le ore di funzionamento.<\/p>\n<h3>Riduzione dei costi per le lavanderie OPL<\/h3>\n<p>I tempi di asciugatura senza rivali nel settore prolungano la durata della microfibra e riducono la manodopera fino a un&#8217;ora al giorno.<\/p>\n<h6>Conformit\u00e0 governativa ai pi\u00f9 elevati standard RABC\u00b9 di igiene<\/h6>\n<p>Le lavacentrifughe UniMac documentano ogni ciclo e la massima temperatura dell&#8217;acqua con data e ora per mantenere la conformit\u00e0 agli standard governativi.<\/p>\n<h4>Monitoraggio delle prestazioni<\/h4>\n<p>Un software di monitoraggio avanzato assicura che le corrette procedure vengano seguite in ogni momento.<\/p>\n<h4>Macchine per lavanderia commerciali di solidit\u00e0 industriale<\/h4>\n<p>Una durata ineguagliabile significa che la tua macchina \u00e8 sempre pronta quando ne hai bisogno, riducendo i costi di manodopera associati ai tempi di fermo macchina nella tua struttura.<\/p>\n<h4>Cicli ECO<\/h4>\n<p>Nove programmi di lavaggio unici nel loro genere, che fanno parte delle 48 opzioni di ciclo totale di <a title=\"Unilinc\" href=\"\/international\/it\/tecnologia\/unilinc\/\">UniLinc<\/a>, leader del settore, riducono ulteriormente il consumo di acqua.<\/p>\n<\/div><\/div><\/div><div class=\"fusion-layout-column fusion_builder_column fusion-builder-column-1 fusion_builder_column_1_4 1_4 fusion-flex-column bor-l\" style=\"--awb-bg-size:cover;--awb-width-large:25%;--awb-margin-top-large:20px;--awb-spacing-right-large:7.68%;--awb-margin-bottom-large:20px;--awb-spacing-left-large:7.68%;--awb-width-medium:25%;--awb-spacing-right-medium:7.68%;--awb-spacing-left-medium:7.68%;--awb-width-small:100%;--awb-spacing-right-small:1.92%;--awb-spacing-left-small:1.92%;\"><div class=\"fusion-column-wrapper fusion-column-has-shadow fusion-flex-justify-content-flex-start fusion-content-layout-column\"><div class=\"fusion-widget-area awb-widget-area-element fusion-widget-area-1 fusion-content-widget-area\" style=\"--awb-title-size:26px;--awb-title-color:#6f727b;--awb-padding:0px 0px 0px 0px;\"><div id=\"nav_menu-5\" class=\"widget widget_nav_menu\" style=\"border-style: solid;border-color:transparent;border-width:0px;\"><div class=\"menu-industries-italian-container\"><ul id=\"menu-industries-italian\" class=\"menu\"><li id=\"menu-item-14358\" class=\"menu-item menu-item-type-post_type menu-item-object-page menu-item-14358\"><a href=\"https:\/\/unimac.com\/international\/it\/industrie\/\">Industrie<\/a><\/li>\n<li id=\"menu-item-14359\" class=\"menu-item menu-item-type-post_type menu-item-object-page menu-item-14359\"><a href=\"https:\/\/unimac.com\/international\/it\/industrie\/settore-sanitario\/\">Settore sanitario<\/a><\/li>\n<li id=\"menu-item-14360\" class=\"menu-item menu-item-type-post_type menu-item-object-page menu-item-14360\"><a href=\"https:\/\/unimac.com\/international\/it\/industrie\/assistenza-a-lungo-termine\/\">Assistenza a lungo termine<\/a><\/li>\n<li id=\"menu-item-14361\" class=\"menu-item menu-item-type-post_type menu-item-object-page menu-item-14361\"><a href=\"https:\/\/unimac.com\/international\/it\/industrie\/settore-alberghiero\/\">Settore alberghiero<\/a><\/li>\n<li id=\"menu-item-14362\" class=\"menu-item menu-item-type-post_type menu-item-object-page menu-item-14362\"><a href=\"https:\/\/unimac.com\/international\/it\/industrie\/centri-benessere-centri-estetici\/\">Centri benessere\/Centri estetici<\/a><\/li>\n<li id=\"menu-item-14363\" class=\"menu-item menu-item-type-post_type menu-item-object-page menu-item-14363\"><a href=\"https:\/\/unimac.com\/international\/it\/industrie\/ristorante\/\">Ristorante<\/a><\/li>\n<li id=\"menu-item-14364\" class=\"menu-item menu-item-type-post_type menu-item-object-page menu-item-14364\"><a href=\"https:\/\/unimac.com\/international\/it\/industrie\/catering-ristorazione\/\">Catering \/ Ristorazione<\/a><\/li>\n<li id=\"menu-item-14365\" class=\"menu-item menu-item-type-post_type menu-item-object-page menu-item-14365\"><a href=\"https:\/\/unimac.com\/international\/it\/industrie\/lavanderie-commerciali\/\">Lavanderie commerciali<\/a><\/li>\n<li id=\"menu-item-14366\" class=\"menu-item menu-item-type-post_type menu-item-object-page menu-item-14366\"><a href=\"https:\/\/unimac.com\/international\/it\/industrie\/facility-management\/\">Facility Management<\/a><\/li>\n<li id=\"menu-item-14367\" class=\"menu-item menu-item-type-post_type menu-item-object-page menu-item-14367\"><a href=\"https:\/\/unimac.com\/international\/it\/industrie\/lavasecco\/\">Lavasecco<\/a><\/li>\n<li id=\"menu-item-14368\" class=\"menu-item menu-item-type-post_type menu-item-object-page menu-item-14368\"><a href=\"https:\/\/unimac.com\/international\/it\/industrie\/fuoco\/\">Pompiere<\/a><\/li>\n<li id=\"menu-item-14369\" class=\"menu-item menu-item-type-post_type menu-item-object-page menu-item-14369\"><a href=\"https:\/\/unimac.com\/international\/it\/industrie\/settore-della-trasformazione-alimentare\/\">Trasformazione alimentare<\/a><\/li>\n<li id=\"menu-item-14370\" class=\"menu-item menu-item-type-post_type menu-item-object-page menu-item-14370\"><a href=\"https:\/\/unimac.com\/international\/it\/industrie\/settore-marittimo\/\">Settore marittimo<\/a><\/li>\n<li id=\"menu-item-14371\" class=\"menu-item menu-item-type-post_type menu-item-object-page menu-item-14371\"><a href=\"https:\/\/unimac.com\/international\/it\/industrie\/case-circondariali\/\">Case circondariali<\/a><\/li>\n<li id=\"menu-item-14372\" class=\"menu-item menu-item-type-post_type menu-item-object-page menu-item-14372\"><a href=\"https:\/\/unimac.com\/international\/it\/industrie\/centri-sportivi\/\">Centri sportivi<\/a><\/li>\n<\/ul><\/div><\/div><div class=\"fusion-additional-widget-content\"><\/div><\/div><div class=\"fusion-separator fusion-full-width-sep\" style=\"align-self: center;margin-left: auto;margin-right: auto;margin-top:20px;width:100%;\"><\/div><div class=\"fusion-widget-area awb-widget-area-element fusion-widget-area-2 fusion-content-widget-area \u5feb\u901f\u94fe\u63a5\" style=\"--awb-title-size:18px;--awb-title-color:#6f727b;--awb-padding:0px 0px 0px 0px;\"><div class=\"fusion-additional-widget-content\"><\/div><\/div>\n<\/div><\/div><\/div><\/div><div class=\"fusion-fullwidth fullwidth-box fusion-builder-row-2 fusion-flex-container global-footer nonhundred-percent-fullwidth non-hundred-percent-height-scrolling\" style=\"--awb-border-radius-top-left:0px;--awb-border-radius-top-right:0px;--awb-border-radius-bottom-right:0px;--awb-border-radius-bottom-left:0px;--awb-padding-top:30px;--awb-padding-right:0px;--awb-padding-bottom:30px;--awb-padding-left:0px;--awb-margin-bottom:-10px;--awb-background-color:#ec1c24;--awb-flex-wrap:wrap;\" ><\/div>\n<\/p>\n","protected":false},"excerpt":{"rendered":"","protected":false},"author":9,"featured_media":0,"parent":13918,"menu_order":0,"comment_status":"closed","ping_status":"closed","template":"100-width.php","meta":{"inline_featured_image":false,"footnotes":""},"class_list":["post-13946","page","type-page","status-publish","hentry"],"yoast_head":"<!-- This site is optimized with the Yoast SEO Premium plugin v23.4 (Yoast SEO v26.2) - https:\/\/yoast.com\/wordpress\/plugins\/seo\/ -->\n<title>Riduci i costi della tua lavanderia OPL | UniMac International<\/title>\n<meta name=\"description\" content=\"Le lavacentrifughe industriali UniMac sono progettate per ridurre i costi della tua OPL e soddisfano i pi\u00f9 elevati standard igienici RABC.\" \/>\n<meta name=\"robots\" content=\"index, follow, max-snippet:-1, max-image-preview:large, max-video-preview:-1\" \/>\n<link rel=\"canonical\" href=\"https:\/\/unimac.com\/international\/it\/industrie\/facility-management\/\" \/>\n<meta property=\"og:locale\" content=\"it_IT\" \/>\n<meta property=\"og:type\" content=\"article\" \/>\n<meta property=\"og:title\" content=\"Facility Management\" \/>\n<meta property=\"og:description\" content=\"Le lavacentrifughe industriali UniMac sono progettate per ridurre i costi della tua OPL e soddisfano i pi\u00f9 elevati standard igienici RABC.\" \/>\n<meta property=\"og:url\" content=\"https:\/\/unimac.com\/international\/it\/industrie\/facility-management\/\" \/>\n<meta property=\"og:site_name\" content=\"Unimac International\" \/>\n<meta property=\"article:modified_time\" content=\"2021-02-18T17:38:56+00:00\" \/>\n<meta name=\"twitter:card\" content=\"summary_large_image\" \/>\n<meta name=\"twitter:label1\" content=\"Tempo di lettura stimato\" \/>\n\t<meta name=\"twitter:data1\" content=\"5 minuti\" \/>\n<script type=\"application\/ld+json\" class=\"yoast-schema-graph\">{\"@context\":\"https:\/\/schema.org\",\"@graph\":[{\"@type\":\"WebPage\",\"@id\":\"https:\/\/unimac.com\/international\/it\/industrie\/facility-management\/\",\"url\":\"https:\/\/unimac.com\/international\/it\/industrie\/facility-management\/\",\"name\":\"Riduci i costi della tua lavanderia OPL | UniMac International\",\"isPartOf\":{\"@id\":\"https:\/\/unimac.com\/international\/#website\"},\"datePublished\":\"2020-09-08T19:37:52+00:00\",\"dateModified\":\"2021-02-18T17:38:56+00:00\",\"description\":\"Le lavacentrifughe industriali UniMac sono progettate per ridurre i costi della tua OPL e soddisfano i pi\u00f9 elevati standard igienici RABC.\",\"breadcrumb\":{\"@id\":\"https:\/\/unimac.com\/international\/it\/industrie\/facility-management\/#breadcrumb\"},\"inLanguage\":\"it-IT\",\"potentialAction\":[{\"@type\":\"ReadAction\",\"target\":[\"https:\/\/unimac.com\/international\/it\/industrie\/facility-management\/\"]}]},{\"@type\":\"BreadcrumbList\",\"@id\":\"https:\/\/unimac.com\/international\/it\/industrie\/facility-management\/#breadcrumb\",\"itemListElement\":[{\"@type\":\"ListItem\",\"position\":1,\"name\":\"Home\",\"item\":\"https:\/\/unimac.com\/international\/it\/\"},{\"@type\":\"ListItem\",\"position\":2,\"name\":\"Industrie\",\"item\":\"https:\/\/unimac.com\/international\/it\/industrie\/\"},{\"@type\":\"ListItem\",\"position\":3,\"name\":\"Facility Management\"}]},{\"@type\":\"WebSite\",\"@id\":\"https:\/\/unimac.com\/international\/#website\",\"url\":\"https:\/\/unimac.com\/international\/\",\"name\":\"Unimac International\",\"description\":\"Maximum Performance\",\"publisher\":{\"@id\":\"https:\/\/unimac.com\/international\/#organization\"},\"potentialAction\":[{\"@type\":\"SearchAction\",\"target\":{\"@type\":\"EntryPoint\",\"urlTemplate\":\"https:\/\/unimac.com\/international\/?s={search_term_string}\"},\"query-input\":{\"@type\":\"PropertyValueSpecification\",\"valueRequired\":true,\"valueName\":\"search_term_string\"}}],\"inLanguage\":\"it-IT\"},{\"@type\":\"Organization\",\"@id\":\"https:\/\/unimac.com\/international\/#organization\",\"name\":\"UniMac International\",\"url\":\"https:\/\/unimac.com\/international\/\",\"logo\":{\"@type\":\"ImageObject\",\"inLanguage\":\"it-IT\",\"@id\":\"https:\/\/unimac.com\/international\/#\/schema\/logo\/image\/\",\"url\":\"https:\/\/unimac.com\/international\/wp-content\/uploads\/sites\/2\/2019\/07\/logo.png\",\"contentUrl\":\"https:\/\/unimac.com\/international\/wp-content\/uploads\/sites\/2\/2019\/07\/logo.png\",\"width\":200,\"height\":73,\"caption\":\"UniMac International\"},\"image\":{\"@id\":\"https:\/\/unimac.com\/international\/#\/schema\/logo\/image\/\"}}]}<\/script>\n<!-- \/ Yoast SEO Premium plugin. -->","yoast_head_json":{"title":"Riduci i costi della tua lavanderia OPL | UniMac International","description":"Le lavacentrifughe industriali UniMac sono progettate per ridurre i costi della tua OPL e soddisfano i pi\u00f9 elevati standard igienici RABC.","robots":{"index":"index","follow":"follow","max-snippet":"max-snippet:-1","max-image-preview":"max-image-preview:large","max-video-preview":"max-video-preview:-1"},"canonical":"https:\/\/unimac.com\/international\/it\/industrie\/facility-management\/","og_locale":"it_IT","og_type":"article","og_title":"Facility Management","og_description":"Le lavacentrifughe industriali UniMac sono progettate per ridurre i costi della tua OPL e soddisfano i pi\u00f9 elevati standard igienici RABC.","og_url":"https:\/\/unimac.com\/international\/it\/industrie\/facility-management\/","og_site_name":"Unimac International","article_modified_time":"2021-02-18T17:38:56+00:00","twitter_card":"summary_large_image","twitter_misc":{"Tempo di lettura stimato":"5 minuti"},"schema":{"@context":"https:\/\/schema.org","@graph":[{"@type":"WebPage","@id":"https:\/\/unimac.com\/international\/it\/industrie\/facility-management\/","url":"https:\/\/unimac.com\/international\/it\/industrie\/facility-management\/","name":"Riduci i costi della tua lavanderia OPL | UniMac International","isPartOf":{"@id":"https:\/\/unimac.com\/international\/#website"},"datePublished":"2020-09-08T19:37:52+00:00","dateModified":"2021-02-18T17:38:56+00:00","description":"Le lavacentrifughe industriali UniMac sono progettate per ridurre i costi della tua OPL e soddisfano i pi\u00f9 elevati standard igienici RABC.","breadcrumb":{"@id":"https:\/\/unimac.com\/international\/it\/industrie\/facility-management\/#breadcrumb"},"inLanguage":"it-IT","potentialAction":[{"@type":"ReadAction","target":["https:\/\/unimac.com\/international\/it\/industrie\/facility-management\/"]}]},{"@type":"BreadcrumbList","@id":"https:\/\/unimac.com\/international\/it\/industrie\/facility-management\/#breadcrumb","itemListElement":[{"@type":"ListItem","position":1,"name":"Home","item":"https:\/\/unimac.com\/international\/it\/"},{"@type":"ListItem","position":2,"name":"Industrie","item":"https:\/\/unimac.com\/international\/it\/industrie\/"},{"@type":"ListItem","position":3,"name":"Facility Management"}]},{"@type":"WebSite","@id":"https:\/\/unimac.com\/international\/#website","url":"https:\/\/unimac.com\/international\/","name":"Unimac International","description":"Maximum Performance","publisher":{"@id":"https:\/\/unimac.com\/international\/#organization"},"potentialAction":[{"@type":"SearchAction","target":{"@type":"EntryPoint","urlTemplate":"https:\/\/unimac.com\/international\/?s={search_term_string}"},"query-input":{"@type":"PropertyValueSpecification","valueRequired":true,"valueName":"search_term_string"}}],"inLanguage":"it-IT"},{"@type":"Organization","@id":"https:\/\/unimac.com\/international\/#organization","name":"UniMac International","url":"https:\/\/unimac.com\/international\/","logo":{"@type":"ImageObject","inLanguage":"it-IT","@id":"https:\/\/unimac.com\/international\/#\/schema\/logo\/image\/","url":"https:\/\/unimac.com\/international\/wp-content\/uploads\/sites\/2\/2019\/07\/logo.png","contentUrl":"https:\/\/unimac.com\/international\/wp-content\/uploads\/sites\/2\/2019\/07\/logo.png","width":200,"height":73,"caption":"UniMac International"},"image":{"@id":"https:\/\/unimac.com\/international\/#\/schema\/logo\/image\/"}}]}},"_links":{"self":[{"href":"https:\/\/unimac.com\/international\/it\/wp-json\/wp\/v2\/pages\/13946","targetHints":{"allow":["GET"]}}],"collection":[{"href":"https:\/\/unimac.com\/international\/it\/wp-json\/wp\/v2\/pages"}],"about":[{"href":"https:\/\/unimac.com\/international\/it\/wp-json\/wp\/v2\/types\/page"}],"author":[{"embeddable":true,"href":"https:\/\/unimac.com\/international\/it\/wp-json\/wp\/v2\/users\/9"}],"replies":[{"embeddable":true,"href":"https:\/\/unimac.com\/international\/it\/wp-json\/wp\/v2\/comments?post=13946"}],"version-history":[{"count":3,"href":"https:\/\/unimac.com\/international\/it\/wp-json\/wp\/v2\/pages\/13946\/revisions"}],"predecessor-version":[{"id":14203,"href":"https:\/\/unimac.com\/international\/it\/wp-json\/wp\/v2\/pages\/13946\/revisions\/14203"}],"up":[{"embeddable":true,"href":"https:\/\/unimac.com\/international\/it\/wp-json\/wp\/v2\/pages\/13918"}],"wp:attachment":[{"href":"https:\/\/unimac.com\/international\/it\/wp-json\/wp\/v2\/media?parent=13946"}],"curies":[{"name":"wp","href":"https:\/\/api.w.org\/{rel}","templated":true}]}}