{"id":13948,"date":"2019-08-06T22:11:14","date_gmt":"2019-08-06T22:11:14","guid":{"rendered":"https:\/\/unimac.com\/en-international\/industrie\/dry-cleaners\/"},"modified":"2021-03-02T13:12:04","modified_gmt":"2021-03-02T13:12:04","slug":"lavasecco","status":"publish","type":"page","link":"https:\/\/unimac.com\/international\/it\/industrie\/lavasecco\/","title":{"rendered":"Lavasecco"},"content":{"rendered":"<p><div class=\"fusion-fullwidth fullwidth-box fusion-builder-row-1 fusion-flex-container nonhundred-percent-fullwidth non-hundred-percent-height-scrolling\" style=\"--awb-border-radius-top-left:0px;--awb-border-radius-top-right:0px;--awb-border-radius-bottom-right:0px;--awb-border-radius-bottom-left:0px;--awb-flex-wrap:wrap;\" ><div class=\"fusion-builder-row fusion-row fusion-flex-align-items-flex-start fusion-flex-content-wrap\" style=\"max-width:1216.8px;margin-left: calc(-4% \/ 2 );margin-right: calc(-4% \/ 2 );\"><div class=\"fusion-layout-column fusion_builder_column fusion-builder-column-0 fusion_builder_column_3_4 3_4 fusion-flex-column\" style=\"--awb-bg-size:cover;--awb-width-large:75%;--awb-margin-top-large:20px;--awb-spacing-right-large:2.56%;--awb-margin-bottom-large:20px;--awb-spacing-left-large:2.56%;--awb-width-medium:75%;--awb-spacing-right-medium:2.56%;--awb-spacing-left-medium:2.56%;--awb-width-small:100%;--awb-spacing-right-small:1.92%;--awb-spacing-left-small:1.92%;\"><div class=\"fusion-column-wrapper fusion-column-has-shadow fusion-flex-justify-content-flex-start fusion-content-layout-column\"><div class=\"fusion-text fusion-text-1\"><h2>Scopri come UniMac aiuta le aziende di pulizia a secco e ad acqua a soddisfare la temperatura di lavaggio, l&#8217;azione meccanica e i detersivi per ogni tipo di indumento.<\/h2>\n<h3>ESPERTI NEL LAVAGGIO AD ACQUA E NELLA CURA DEGLI INDUMENTI<\/h3>\n<p>Da oltre 60 anni, UniMac\u00ae si occupa di soddisfare le esigenze specifiche dell&#8217;industria della pulizia a secco. Lavoriamo a stretto contatto con i nostri clienti per identificare e affrontare le principali preoccupazioni che devono affrontare ogni giorno, offrendo il minor costo di propriet\u00e0 del settore.<\/p>\n<\/div><div class=\"fusion-slider-sc\"><div class=\"fusion-flexslider-loading flexslider flexslider-hover-type-none\" data-slideshow_autoplay=\"1\" data-slideshow_smooth_height=\"0\" data-slideshow_speed=\"5000\" style=\"max-width:100%;height:100%;\"><ul class=\"slides\"><li class=\"image\"><span class=\"fusion-image-hover-element hover-type-none\"><img decoding=\"async\" data-src=\"https:\/\/unimac.com\/international\/wp-content\/uploads\/sites\/2\/2020\/09\/shutterstock_391561918-300x200.jpg\" alt=\"UniMac OPL laundry equipment for \" width=\"300\" height=\"200\" class=\"wp-image-9011 lazyload\" data-srcset=\"https:\/\/unimac.com\/international\/wp-content\/uploads\/sites\/2\/2020\/09\/shutterstock_391561918-200x133.jpg 200w, https:\/\/unimac.com\/international\/wp-content\/uploads\/sites\/2\/2020\/09\/shutterstock_391561918-400x267.jpg 400w, https:\/\/unimac.com\/international\/wp-content\/uploads\/sites\/2\/2020\/09\/shutterstock_391561918-600x400.jpg 600w, https:\/\/unimac.com\/international\/wp-content\/uploads\/sites\/2\/2020\/09\/shutterstock_391561918-800x533.jpg 800w, https:\/\/unimac.com\/international\/wp-content\/uploads\/sites\/2\/2020\/09\/shutterstock_391561918-1200x800.jpg 1200w\" data-sizes=\"(max-width: 640px) 100vw, 1200px\" src=\"data:image\/svg+xml;base64,PHN2ZyB3aWR0aD0iMSIgaGVpZ2h0PSIxIiB4bWxucz0iaHR0cDovL3d3dy53My5vcmcvMjAwMC9zdmciPjwvc3ZnPg==\" style=\"--smush-placeholder-width: 300px; --smush-placeholder-aspect-ratio: 300\/200;\" \/><\/span><\/li><li class=\"image\"><span class=\"fusion-image-hover-element hover-type-none\"><img decoding=\"async\" data-src=\"https:\/\/unimac.com\/international\/wp-content\/uploads\/sites\/2\/2020\/09\/Envato-PYXZ9V4-300x200.jpg\" alt=\"Commercial laundry by UniMac: take care of all your garm\" width=\"300\" height=\"200\" class=\"wp-image-9187 lazyload\" data-srcset=\"https:\/\/unimac.com\/international\/wp-content\/uploads\/sites\/2\/2020\/09\/Envato-PYXZ9V4-200x133.jpg 200w, https:\/\/unimac.com\/international\/wp-content\/uploads\/sites\/2\/2020\/09\/Envato-PYXZ9V4-400x267.jpg 400w, https:\/\/unimac.com\/international\/wp-content\/uploads\/sites\/2\/2020\/09\/Envato-PYXZ9V4-600x400.jpg 600w, https:\/\/unimac.com\/international\/wp-content\/uploads\/sites\/2\/2020\/09\/Envato-PYXZ9V4-800x533.jpg 800w, https:\/\/unimac.com\/international\/wp-content\/uploads\/sites\/2\/2020\/09\/Envato-PYXZ9V4-1200x800.jpg 1200w\" data-sizes=\"(max-width: 640px) 100vw, 1200px\" src=\"data:image\/svg+xml;base64,PHN2ZyB3aWR0aD0iMSIgaGVpZ2h0PSIxIiB4bWxucz0iaHR0cDovL3d3dy53My5vcmcvMjAwMC9zdmciPjwvc3ZnPg==\" style=\"--smush-placeholder-width: 300px; --smush-placeholder-aspect-ratio: 300\/200;\" \/><\/span><\/li><li class=\"image\"><span class=\"fusion-image-hover-element hover-type-none\"><img decoding=\"async\" data-src=\"https:\/\/unimac.com\/international\/wp-content\/uploads\/sites\/2\/2020\/09\/GettyImages-755654121-1-300x200.jpg\" alt=\"UniMac: the laundry partner for hospitality industry\" width=\"300\" height=\"200\" class=\"wp-image-8742 lazyload\" data-srcset=\"https:\/\/unimac.com\/international\/wp-content\/uploads\/sites\/2\/2020\/09\/GettyImages-755654121-1-200x133.jpg 200w, https:\/\/unimac.com\/international\/wp-content\/uploads\/sites\/2\/2020\/09\/GettyImages-755654121-1-400x267.jpg 400w, https:\/\/unimac.com\/international\/wp-content\/uploads\/sites\/2\/2020\/09\/GettyImages-755654121-1-600x400.jpg 600w, https:\/\/unimac.com\/international\/wp-content\/uploads\/sites\/2\/2020\/09\/GettyImages-755654121-1-800x534.jpg 800w, https:\/\/unimac.com\/international\/wp-content\/uploads\/sites\/2\/2020\/09\/GettyImages-755654121-1-1200x801.jpg 1200w\" data-sizes=\"(max-width: 640px) 100vw, 1200px\" src=\"data:image\/svg+xml;base64,PHN2ZyB3aWR0aD0iMSIgaGVpZ2h0PSIxIiB4bWxucz0iaHR0cDovL3d3dy53My5vcmcvMjAwMC9zdmciPjwvc3ZnPg==\" style=\"--smush-placeholder-width: 300px; --smush-placeholder-aspect-ratio: 300\/200;\" \/><\/span><\/li><\/ul><\/div><\/div><div class=\"fusion-text fusion-text-2\"><div class=\"page-title\">\n<h4 data-fontsize=\"18\" data-lineheight=\"25\">Progettate per soddisfare le tue esigenze<\/h4>\n<\/div>\n<\/div><div class=\"fusion-text fusion-text-3\"><p>Quando la versatilit\u00e0 \u00e8 la parola d\u2019ordine, offriamo una variet\u00e0 di modelli che uniscono pulizia ad acqua e lavanderia per il massimo della flessibilit\u00e0.<\/p>\n<p>L\u2019attivit\u00e0 della pulizia a secco significa che bisogna essere preparati per una vasta gamma di tessuti e livelli di sporco. I comandi UniMac consentono una gestione precisa della velocit\u00e0 di centrifuga, del livello dell&#8217;acqua e dell&#8217;agitazione, che possono ridurre la dipendenza dai solventi per le macchie a base d&#8217;acqua.<\/p>\n<p>Con budget sempre pi\u00f9 ridotti, il controllo dei consumi di energia e di acqua \u00e8 sempre pi\u00f9 importante. Ecco perch\u00e9 da oltre 60 anni progettiamo le <a title=\"Products\" href=\"\/international\/it\/prodotti\/\">macchine UniMac<\/a> per ridurre il consumo di energia e contribuire a tagliare le bollette.<\/p>\n<p>In un settore in cui la solidit\u00e0 delle macchine \u00e8 un requisito imprescindibile, puoi contare sulla nostra ineguagliabile solidit\u00e0, supportata da una garanzia eccezionale e dalla pi\u00f9 grande rete di assistenza e supporto al mondo.<\/p>\n<\/div><div class=\"fusion-reading-box-container reading-box-container-1 home-tagline\" style=\"--awb-title-color:#000000;--awb-margin-top:0px;--awb-margin-bottom:84px;\"><div class=\"reading-box\" style=\"background-color:#ec1c24;border-width:0px;border-color:#f6f6f6;border-left-width:3px;border-left-color:var(--primary_color);border-style:solid;\"><div class=\"reading-box-additional\">\n<h4 style=\"font-size: 23px;color: #fff\"><strong>MACCHINE MIGLIORI SIGNIFICA UN\u2019ATTIVIT\u00c0 MIGLIORE<\/strong><\/h4>\n<p style=\"color: #fff\">Scopri come UniMac\u00ae aiuta le aziende di pulizia a secco e ad acqua a soddisfare la temperatura di lavaggio, la velocit\u00e0 del tamburo, l&#8217;azione meccanica, i detersivi e l\u2019eliminazione dell\u2019umidit\u00e0 per ogni tipo di indumento.<\/p>\n<\/div><div class=\"fusion-clearfix\"><\/div><\/div><\/div><\/div><\/div><div class=\"fusion-layout-column fusion_builder_column fusion-builder-column-1 fusion_builder_column_1_4 1_4 fusion-flex-column bor-l\" style=\"--awb-bg-size:cover;--awb-width-large:25%;--awb-margin-top-large:20px;--awb-spacing-right-large:7.68%;--awb-margin-bottom-large:20px;--awb-spacing-left-large:7.68%;--awb-width-medium:25%;--awb-spacing-right-medium:7.68%;--awb-spacing-left-medium:7.68%;--awb-width-small:100%;--awb-spacing-right-small:1.92%;--awb-spacing-left-small:1.92%;\"><div class=\"fusion-column-wrapper fusion-column-has-shadow fusion-flex-justify-content-flex-start fusion-content-layout-column\"><div class=\"fusion-widget-area awb-widget-area-element fusion-widget-area-1 fusion-content-widget-area\" style=\"--awb-title-size:26px;--awb-title-color:#6f727b;--awb-padding:0px 0px 0px 0px;\"><div id=\"nav_menu-5\" class=\"widget widget_nav_menu\" style=\"border-style: solid;border-color:transparent;border-width:0px;\"><div class=\"menu-industries-italian-container\"><ul id=\"menu-industries-italian\" class=\"menu\"><li id=\"menu-item-14358\" class=\"menu-item menu-item-type-post_type menu-item-object-page menu-item-14358\"><a href=\"https:\/\/unimac.com\/international\/it\/industrie\/\">Industrie<\/a><\/li>\n<li id=\"menu-item-14359\" class=\"menu-item menu-item-type-post_type menu-item-object-page menu-item-14359\"><a href=\"https:\/\/unimac.com\/international\/it\/industrie\/settore-sanitario\/\">Settore sanitario<\/a><\/li>\n<li id=\"menu-item-14360\" class=\"menu-item menu-item-type-post_type menu-item-object-page menu-item-14360\"><a href=\"https:\/\/unimac.com\/international\/it\/industrie\/assistenza-a-lungo-termine\/\">Assistenza a lungo termine<\/a><\/li>\n<li id=\"menu-item-14361\" class=\"menu-item menu-item-type-post_type menu-item-object-page menu-item-14361\"><a href=\"https:\/\/unimac.com\/international\/it\/industrie\/settore-alberghiero\/\">Settore alberghiero<\/a><\/li>\n<li id=\"menu-item-14362\" class=\"menu-item menu-item-type-post_type menu-item-object-page menu-item-14362\"><a href=\"https:\/\/unimac.com\/international\/it\/industrie\/centri-benessere-centri-estetici\/\">Centri benessere\/Centri estetici<\/a><\/li>\n<li id=\"menu-item-14363\" class=\"menu-item menu-item-type-post_type menu-item-object-page menu-item-14363\"><a href=\"https:\/\/unimac.com\/international\/it\/industrie\/ristorante\/\">Ristorante<\/a><\/li>\n<li id=\"menu-item-14364\" class=\"menu-item menu-item-type-post_type menu-item-object-page menu-item-14364\"><a href=\"https:\/\/unimac.com\/international\/it\/industrie\/catering-ristorazione\/\">Catering \/ Ristorazione<\/a><\/li>\n<li id=\"menu-item-14365\" class=\"menu-item menu-item-type-post_type menu-item-object-page menu-item-14365\"><a href=\"https:\/\/unimac.com\/international\/it\/industrie\/lavanderie-commerciali\/\">Lavanderie commerciali<\/a><\/li>\n<li id=\"menu-item-14366\" class=\"menu-item menu-item-type-post_type menu-item-object-page menu-item-14366\"><a href=\"https:\/\/unimac.com\/international\/it\/industrie\/facility-management\/\">Facility Management<\/a><\/li>\n<li id=\"menu-item-14367\" class=\"menu-item menu-item-type-post_type menu-item-object-page menu-item-14367\"><a href=\"https:\/\/unimac.com\/international\/it\/industrie\/lavasecco\/\">Lavasecco<\/a><\/li>\n<li id=\"menu-item-14368\" class=\"menu-item menu-item-type-post_type menu-item-object-page menu-item-14368\"><a href=\"https:\/\/unimac.com\/international\/it\/industrie\/fuoco\/\">Pompiere<\/a><\/li>\n<li id=\"menu-item-14369\" class=\"menu-item menu-item-type-post_type menu-item-object-page menu-item-14369\"><a href=\"https:\/\/unimac.com\/international\/it\/industrie\/settore-della-trasformazione-alimentare\/\">Trasformazione alimentare<\/a><\/li>\n<li id=\"menu-item-14370\" class=\"menu-item menu-item-type-post_type menu-item-object-page menu-item-14370\"><a href=\"https:\/\/unimac.com\/international\/it\/industrie\/settore-marittimo\/\">Settore marittimo<\/a><\/li>\n<li id=\"menu-item-14371\" class=\"menu-item menu-item-type-post_type menu-item-object-page menu-item-14371\"><a href=\"https:\/\/unimac.com\/international\/it\/industrie\/case-circondariali\/\">Case circondariali<\/a><\/li>\n<li id=\"menu-item-14372\" class=\"menu-item menu-item-type-post_type menu-item-object-page menu-item-14372\"><a href=\"https:\/\/unimac.com\/international\/it\/industrie\/centri-sportivi\/\">Centri sportivi<\/a><\/li>\n<\/ul><\/div><\/div><div class=\"fusion-additional-widget-content\"><\/div><\/div><div class=\"fusion-separator fusion-full-width-sep\" style=\"align-self: center;margin-left: auto;margin-right: auto;margin-top:30px;width:100%;\"><\/div><div class=\"fusion-widget-area awb-widget-area-element fusion-widget-area-2 fusion-content-widget-area \u5feb\u901f\u94fe\u63a5\" style=\"--awb-title-size:18px;--awb-title-color:#6f727b;--awb-padding:0px 0px 0px 0px;\"><div class=\"fusion-additional-widget-content\"><\/div><\/div>\n<\/div><\/div><\/div><\/div><div class=\"fusion-fullwidth fullwidth-box fusion-builder-row-2 fusion-flex-container global-footer nonhundred-percent-fullwidth non-hundred-percent-height-scrolling\" style=\"--awb-border-radius-top-left:0px;--awb-border-radius-top-right:0px;--awb-border-radius-bottom-right:0px;--awb-border-radius-bottom-left:0px;--awb-padding-top:30px;--awb-padding-right:0px;--awb-padding-bottom:30px;--awb-padding-left:0px;--awb-margin-bottom:-10px;--awb-background-color:#ec1c24;--awb-flex-wrap:wrap;\" ><\/div>\n<\/p>\n","protected":false},"excerpt":{"rendered":"","protected":false},"author":1,"featured_media":0,"parent":13918,"menu_order":0,"comment_status":"closed","ping_status":"closed","template":"100-width.php","meta":{"inline_featured_image":false,"footnotes":""},"class_list":["post-13948","page","type-page","status-publish","hentry"],"yoast_head":"<!-- This site is optimized with the Yoast SEO Premium plugin v23.4 (Yoast SEO v26.2) - https:\/\/yoast.com\/wordpress\/plugins\/seo\/ -->\n<title>Esperti nella pulizia ad acqua e nella cura degli indumenti<\/title>\n<meta name=\"description\" content=\"Scopri come UniMac aiuta le aziende di pulizia a secco e ad acqua a soddisfare la temperatura di lavaggio, l&#039;azione meccanica e i detersivi per ogni tipo di indumento.\" \/>\n<meta name=\"robots\" content=\"index, follow, max-snippet:-1, max-image-preview:large, max-video-preview:-1\" \/>\n<link rel=\"canonical\" href=\"https:\/\/unimac.com\/international\/it\/industrie\/lavasecco\/\" \/>\n<meta property=\"og:locale\" content=\"it_IT\" \/>\n<meta property=\"og:type\" content=\"article\" \/>\n<meta property=\"og:title\" content=\"Lavasecco\" \/>\n<meta property=\"og:description\" content=\"Scopri come UniMac aiuta le aziende di pulizia a secco e ad acqua a soddisfare la temperatura di lavaggio, l&#039;azione meccanica e i detersivi per ogni tipo di indumento.\" \/>\n<meta property=\"og:url\" content=\"https:\/\/unimac.com\/international\/it\/industrie\/lavasecco\/\" \/>\n<meta property=\"og:site_name\" content=\"Unimac International\" \/>\n<meta property=\"article:modified_time\" content=\"2021-03-02T13:12:04+00:00\" \/>\n<meta name=\"twitter:card\" content=\"summary_large_image\" \/>\n<meta name=\"twitter:label1\" content=\"Tempo di lettura stimato\" \/>\n\t<meta name=\"twitter:data1\" content=\"5 minuti\" \/>\n<script type=\"application\/ld+json\" class=\"yoast-schema-graph\">{\"@context\":\"https:\/\/schema.org\",\"@graph\":[{\"@type\":\"WebPage\",\"@id\":\"https:\/\/unimac.com\/international\/it\/industrie\/lavasecco\/\",\"url\":\"https:\/\/unimac.com\/international\/it\/industrie\/lavasecco\/\",\"name\":\"Esperti nella pulizia ad acqua e nella cura degli indumenti\",\"isPartOf\":{\"@id\":\"https:\/\/unimac.com\/international\/#website\"},\"datePublished\":\"2019-08-06T22:11:14+00:00\",\"dateModified\":\"2021-03-02T13:12:04+00:00\",\"description\":\"Scopri come UniMac aiuta le aziende di pulizia a secco e ad acqua a soddisfare la temperatura di lavaggio, l'azione meccanica e i detersivi per ogni tipo di indumento.\",\"breadcrumb\":{\"@id\":\"https:\/\/unimac.com\/international\/it\/industrie\/lavasecco\/#breadcrumb\"},\"inLanguage\":\"it-IT\",\"potentialAction\":[{\"@type\":\"ReadAction\",\"target\":[\"https:\/\/unimac.com\/international\/it\/industrie\/lavasecco\/\"]}]},{\"@type\":\"BreadcrumbList\",\"@id\":\"https:\/\/unimac.com\/international\/it\/industrie\/lavasecco\/#breadcrumb\",\"itemListElement\":[{\"@type\":\"ListItem\",\"position\":1,\"name\":\"Home\",\"item\":\"https:\/\/unimac.com\/international\/it\/\"},{\"@type\":\"ListItem\",\"position\":2,\"name\":\"Industrie\",\"item\":\"https:\/\/unimac.com\/international\/it\/industrie\/\"},{\"@type\":\"ListItem\",\"position\":3,\"name\":\"Lavasecco\"}]},{\"@type\":\"WebSite\",\"@id\":\"https:\/\/unimac.com\/international\/#website\",\"url\":\"https:\/\/unimac.com\/international\/\",\"name\":\"Unimac International\",\"description\":\"Maximum Performance\",\"publisher\":{\"@id\":\"https:\/\/unimac.com\/international\/#organization\"},\"potentialAction\":[{\"@type\":\"SearchAction\",\"target\":{\"@type\":\"EntryPoint\",\"urlTemplate\":\"https:\/\/unimac.com\/international\/?s={search_term_string}\"},\"query-input\":{\"@type\":\"PropertyValueSpecification\",\"valueRequired\":true,\"valueName\":\"search_term_string\"}}],\"inLanguage\":\"it-IT\"},{\"@type\":\"Organization\",\"@id\":\"https:\/\/unimac.com\/international\/#organization\",\"name\":\"UniMac International\",\"url\":\"https:\/\/unimac.com\/international\/\",\"logo\":{\"@type\":\"ImageObject\",\"inLanguage\":\"it-IT\",\"@id\":\"https:\/\/unimac.com\/international\/#\/schema\/logo\/image\/\",\"url\":\"https:\/\/unimac.com\/international\/wp-content\/uploads\/sites\/2\/2019\/07\/logo.png\",\"contentUrl\":\"https:\/\/unimac.com\/international\/wp-content\/uploads\/sites\/2\/2019\/07\/logo.png\",\"width\":200,\"height\":73,\"caption\":\"UniMac International\"},\"image\":{\"@id\":\"https:\/\/unimac.com\/international\/#\/schema\/logo\/image\/\"}}]}<\/script>\n<!-- \/ Yoast SEO Premium plugin. -->","yoast_head_json":{"title":"Esperti nella pulizia ad acqua e nella cura degli indumenti","description":"Scopri come UniMac aiuta le aziende di pulizia a secco e ad acqua a soddisfare la temperatura di lavaggio, l'azione meccanica e i detersivi per ogni tipo di indumento.","robots":{"index":"index","follow":"follow","max-snippet":"max-snippet:-1","max-image-preview":"max-image-preview:large","max-video-preview":"max-video-preview:-1"},"canonical":"https:\/\/unimac.com\/international\/it\/industrie\/lavasecco\/","og_locale":"it_IT","og_type":"article","og_title":"Lavasecco","og_description":"Scopri come UniMac aiuta le aziende di pulizia a secco e ad acqua a soddisfare la temperatura di lavaggio, l'azione meccanica e i detersivi per ogni tipo di indumento.","og_url":"https:\/\/unimac.com\/international\/it\/industrie\/lavasecco\/","og_site_name":"Unimac International","article_modified_time":"2021-03-02T13:12:04+00:00","twitter_card":"summary_large_image","twitter_misc":{"Tempo di lettura stimato":"5 minuti"},"schema":{"@context":"https:\/\/schema.org","@graph":[{"@type":"WebPage","@id":"https:\/\/unimac.com\/international\/it\/industrie\/lavasecco\/","url":"https:\/\/unimac.com\/international\/it\/industrie\/lavasecco\/","name":"Esperti nella pulizia ad acqua e nella cura degli indumenti","isPartOf":{"@id":"https:\/\/unimac.com\/international\/#website"},"datePublished":"2019-08-06T22:11:14+00:00","dateModified":"2021-03-02T13:12:04+00:00","description":"Scopri come UniMac aiuta le aziende di pulizia a secco e ad acqua a soddisfare la temperatura di lavaggio, l'azione meccanica e i detersivi per ogni tipo di indumento.","breadcrumb":{"@id":"https:\/\/unimac.com\/international\/it\/industrie\/lavasecco\/#breadcrumb"},"inLanguage":"it-IT","potentialAction":[{"@type":"ReadAction","target":["https:\/\/unimac.com\/international\/it\/industrie\/lavasecco\/"]}]},{"@type":"BreadcrumbList","@id":"https:\/\/unimac.com\/international\/it\/industrie\/lavasecco\/#breadcrumb","itemListElement":[{"@type":"ListItem","position":1,"name":"Home","item":"https:\/\/unimac.com\/international\/it\/"},{"@type":"ListItem","position":2,"name":"Industrie","item":"https:\/\/unimac.com\/international\/it\/industrie\/"},{"@type":"ListItem","position":3,"name":"Lavasecco"}]},{"@type":"WebSite","@id":"https:\/\/unimac.com\/international\/#website","url":"https:\/\/unimac.com\/international\/","name":"Unimac International","description":"Maximum Performance","publisher":{"@id":"https:\/\/unimac.com\/international\/#organization"},"potentialAction":[{"@type":"SearchAction","target":{"@type":"EntryPoint","urlTemplate":"https:\/\/unimac.com\/international\/?s={search_term_string}"},"query-input":{"@type":"PropertyValueSpecification","valueRequired":true,"valueName":"search_term_string"}}],"inLanguage":"it-IT"},{"@type":"Organization","@id":"https:\/\/unimac.com\/international\/#organization","name":"UniMac International","url":"https:\/\/unimac.com\/international\/","logo":{"@type":"ImageObject","inLanguage":"it-IT","@id":"https:\/\/unimac.com\/international\/#\/schema\/logo\/image\/","url":"https:\/\/unimac.com\/international\/wp-content\/uploads\/sites\/2\/2019\/07\/logo.png","contentUrl":"https:\/\/unimac.com\/international\/wp-content\/uploads\/sites\/2\/2019\/07\/logo.png","width":200,"height":73,"caption":"UniMac International"},"image":{"@id":"https:\/\/unimac.com\/international\/#\/schema\/logo\/image\/"}}]}},"_links":{"self":[{"href":"https:\/\/unimac.com\/international\/it\/wp-json\/wp\/v2\/pages\/13948","targetHints":{"allow":["GET"]}}],"collection":[{"href":"https:\/\/unimac.com\/international\/it\/wp-json\/wp\/v2\/pages"}],"about":[{"href":"https:\/\/unimac.com\/international\/it\/wp-json\/wp\/v2\/types\/page"}],"author":[{"embeddable":true,"href":"https:\/\/unimac.com\/international\/it\/wp-json\/wp\/v2\/users\/1"}],"replies":[{"embeddable":true,"href":"https:\/\/unimac.com\/international\/it\/wp-json\/wp\/v2\/comments?post=13948"}],"version-history":[{"count":4,"href":"https:\/\/unimac.com\/international\/it\/wp-json\/wp\/v2\/pages\/13948\/revisions"}],"predecessor-version":[{"id":14610,"href":"https:\/\/unimac.com\/international\/it\/wp-json\/wp\/v2\/pages\/13948\/revisions\/14610"}],"up":[{"embeddable":true,"href":"https:\/\/unimac.com\/international\/it\/wp-json\/wp\/v2\/pages\/13918"}],"wp:attachment":[{"href":"https:\/\/unimac.com\/international\/it\/wp-json\/wp\/v2\/media?parent=13948"}],"curies":[{"name":"wp","href":"https:\/\/api.w.org\/{rel}","templated":true}]}}