{"id":13970,"date":"2019-08-13T19:32:44","date_gmt":"2019-08-13T19:32:44","guid":{"rendered":"https:\/\/unimac.com\/en-international\/technical-literature\/"},"modified":"2021-03-03T09:20:18","modified_gmt":"2021-03-03T09:20:18","slug":"documentazione-tecnica","status":"publish","type":"page","link":"https:\/\/unimac.com\/international\/it\/documentazione-tecnica\/","title":{"rendered":"Documentazione tecnica"},"content":{"rendered":"<p><div class=\"fusion-fullwidth fullwidth-box fusion-builder-row-1 fusion-flex-container nonhundred-percent-fullwidth non-hundred-percent-height-scrolling\" style=\"--awb-border-radius-top-left:0px;--awb-border-radius-top-right:0px;--awb-border-radius-bottom-right:0px;--awb-border-radius-bottom-left:0px;--awb-flex-wrap:wrap;\" ><div class=\"fusion-builder-row fusion-row fusion-flex-align-items-flex-start fusion-flex-content-wrap\" style=\"max-width:1216.8px;margin-left: calc(-4% \/ 2 );margin-right: calc(-4% \/ 2 );\"><div class=\"fusion-layout-column fusion_builder_column fusion-builder-column-0 fusion_builder_column_3_4 3_4 fusion-flex-column\" style=\"--awb-bg-size:cover;--awb-width-large:75%;--awb-margin-top-large:20px;--awb-spacing-right-large:2.56%;--awb-margin-bottom-large:20px;--awb-spacing-left-large:2.56%;--awb-width-medium:75%;--awb-spacing-right-medium:2.56%;--awb-spacing-left-medium:2.56%;--awb-width-small:100%;--awb-spacing-right-small:1.92%;--awb-spacing-left-small:1.92%;\"><div class=\"fusion-column-wrapper fusion-column-has-shadow fusion-flex-justify-content-flex-start fusion-content-layout-column\"><div class=\"fusion-text fusion-text-1\"><h2>Trova il manuale d&#8217;uso e manutenzione o le istruzioni per l&#8217;installazione e il funzionamento della tua macchina per lavanderia industriale UniMac<\/h2>\n<p>Inserisci il numero di modello del prodotto nella casella di ricerca sottostante. Questa ricerca ti fornir\u00e0 informazioni sulla tua macchina. Le informazioni includono un PDF per uno o tutti i seguenti elementi: Istruzioni per l&#8217;installazione e l&#8217;uso e\/o Manuali d\u2019uso e manutenzione.<\/p>\n<\/div><div class=\"form-role\">\n<form action=\"\/\" method=\"get\">\n\t<label for=\"search\">Numero di modello<\/label>\n\t<input type=\"text\" name=\"search\" id=\"search\">\n\t<input type=\"submit\" name\"submit\" value=\"Cerca\" id=\"submit\">\n<\/form>\n<\/div><div class=\"fusion-text fusion-text-2\"><p>(Esempi: Per le asciugatrici commerciali, tipo UT pi\u00f9 zero seguito da capacit\u00e0 di asciugatura &#8220;UT050&#8221;, o per le asciugatrici, tipo UC seguito da capacit\u00e0 di lavaggio &#8220;UC25&#8221;).<\/p>\n<\/div><\/div><\/div><div class=\"fusion-layout-column fusion_builder_column fusion-builder-column-1 fusion_builder_column_1_4 1_4 fusion-flex-column\" style=\"--awb-bg-size:cover;--awb-width-large:25%;--awb-margin-top-large:20px;--awb-spacing-right-large:7.68%;--awb-margin-bottom-large:20px;--awb-spacing-left-large:7.68%;--awb-width-medium:25%;--awb-spacing-right-medium:7.68%;--awb-spacing-left-medium:7.68%;--awb-width-small:100%;--awb-spacing-right-small:1.92%;--awb-spacing-left-small:1.92%;\"><div class=\"fusion-column-wrapper fusion-column-has-shadow fusion-flex-justify-content-flex-start fusion-content-layout-column\"><div class=\"fusion-widget-area awb-widget-area-element fusion-widget-area-1 fusion-content-widget-area\" style=\"--awb-title-size:26px;--awb-title-color:#6f727b;--awb-padding:0px 0px 0px 0px;\"><div id=\"nav_menu-3\" class=\"widget widget_nav_menu\"><div class=\"menu-service-and-support-italian-container\"><ul id=\"menu-service-and-support-italian\" class=\"menu\"><li id=\"menu-item-14330\" class=\"menu-item menu-item-type-post_type menu-item-object-page menu-item-14330\"><a href=\"https:\/\/unimac.com\/international\/it\/supporto\/\">Supporto<\/a><\/li>\n<li id=\"menu-item-14331\" class=\"menu-item menu-item-type-post_type menu-item-object-page menu-item-14331\"><a href=\"https:\/\/unimac.com\/international\/it\/documentazione-tecnica\/\">Documentazione tecnica<\/a><\/li>\n<li id=\"menu-item-14332\" class=\"menu-item menu-item-type-post_type menu-item-object-page menu-item-14332\"><a href=\"https:\/\/unimac.com\/international\/it\/architetti\/progettazione-di-lavanderie\/\">Progettazione di lavanderie<\/a><\/li>\n<li id=\"menu-item-14333\" class=\"menu-item menu-item-type-post_type menu-item-object-page menu-item-14333\"><a href=\"https:\/\/unimac.com\/international\/it\/supporto\/ricambi\/\">Ricambi<\/a><\/li>\n<li id=\"menu-item-14334\" class=\"menu-item menu-item-type-post_type menu-item-object-page menu-item-14334\"><a href=\"https:\/\/unimac.com\/international\/it\/supporto\/suggerimenti-di-manutenzione\/\">Suggerimenti di manutenzione<\/a><\/li>\n<li id=\"menu-item-14335\" class=\"menu-item menu-item-type-post_type menu-item-object-page menu-item-14335\"><a href=\"https:\/\/unimac.com\/international\/it\/supporto\/suggerimenti-per-la-sicurezza\/\">Suggerimenti per la sicurezza<\/a><\/li>\n<\/ul><\/div><\/div><div class=\"fusion-additional-widget-content\"><\/div><\/div><div class=\"fusion-separator fusion-full-width-sep\" style=\"align-self: center;margin-left: auto;margin-right: auto;margin-top:30px;width:100%;\"><\/div><div class=\"fusion-widget-area awb-widget-area-element fusion-widget-area-2 fusion-content-widget-area \u5feb\u901f\u94fe\u63a5\" style=\"--awb-title-size:18px;--awb-title-color:#6f727b;--awb-padding:0px 0px 0px 0px;\"><div class=\"fusion-additional-widget-content\"><\/div><\/div>\n<\/div><\/div><\/div><\/div><div class=\"fusion-fullwidth fullwidth-box fusion-builder-row-2 fusion-flex-container global-footer nonhundred-percent-fullwidth non-hundred-percent-height-scrolling\" style=\"--awb-border-radius-top-left:0px;--awb-border-radius-top-right:0px;--awb-border-radius-bottom-right:0px;--awb-border-radius-bottom-left:0px;--awb-padding-top:30px;--awb-padding-right:0px;--awb-padding-bottom:30px;--awb-padding-left:0px;--awb-margin-bottom:-10px;--awb-background-color:#ec1c24;--awb-flex-wrap:wrap;\" ><\/div>\n<\/p>\n","protected":false},"excerpt":{"rendered":"","protected":false},"author":5,"featured_media":0,"parent":0,"menu_order":0,"comment_status":"closed","ping_status":"closed","template":"100-width.php","meta":{"inline_featured_image":false,"footnotes":""},"class_list":["post-13970","page","type-page","status-publish","hentry"],"yoast_head":"<!-- This site is optimized with the Yoast SEO Premium plugin v23.4 (Yoast SEO v26.2) - https:\/\/yoast.com\/wordpress\/plugins\/seo\/ -->\n<title>Documentazione tecnica | UniMac International<\/title>\n<meta name=\"description\" content=\"Trova il manuale d&#039;uso e manutenzione o le istruzioni per l&#039;installazione e il funzionamento della tua macchina per lavanderia industriale UniMac\" \/>\n<meta name=\"robots\" content=\"index, follow, max-snippet:-1, max-image-preview:large, max-video-preview:-1\" \/>\n<link rel=\"canonical\" href=\"https:\/\/unimac.com\/international\/it\/documentazione-tecnica\/\" \/>\n<meta property=\"og:locale\" content=\"it_IT\" \/>\n<meta property=\"og:type\" content=\"article\" \/>\n<meta property=\"og:title\" content=\"Documentazione tecnica\" \/>\n<meta property=\"og:description\" content=\"Trova il manuale d&#039;uso e manutenzione o le istruzioni per l&#039;installazione e il funzionamento della tua macchina per lavanderia industriale UniMac\" \/>\n<meta property=\"og:url\" content=\"https:\/\/unimac.com\/international\/it\/documentazione-tecnica\/\" \/>\n<meta property=\"og:site_name\" content=\"Unimac International\" \/>\n<meta property=\"article:modified_time\" content=\"2021-03-03T09:20:18+00:00\" \/>\n<meta name=\"twitter:card\" content=\"summary_large_image\" \/>\n<meta name=\"twitter:label1\" content=\"Tempo di lettura stimato\" \/>\n\t<meta name=\"twitter:data1\" content=\"3 minuti\" \/>\n<script type=\"application\/ld+json\" class=\"yoast-schema-graph\">{\"@context\":\"https:\/\/schema.org\",\"@graph\":[{\"@type\":\"WebPage\",\"@id\":\"https:\/\/unimac.com\/international\/it\/documentazione-tecnica\/\",\"url\":\"https:\/\/unimac.com\/international\/it\/documentazione-tecnica\/\",\"name\":\"Documentazione tecnica | UniMac International\",\"isPartOf\":{\"@id\":\"https:\/\/unimac.com\/international\/#website\"},\"datePublished\":\"2019-08-13T19:32:44+00:00\",\"dateModified\":\"2021-03-03T09:20:18+00:00\",\"description\":\"Trova il manuale d'uso e manutenzione o le istruzioni per l'installazione e il funzionamento della tua macchina per lavanderia industriale UniMac\",\"breadcrumb\":{\"@id\":\"https:\/\/unimac.com\/international\/it\/documentazione-tecnica\/#breadcrumb\"},\"inLanguage\":\"it-IT\",\"potentialAction\":[{\"@type\":\"ReadAction\",\"target\":[\"https:\/\/unimac.com\/international\/it\/documentazione-tecnica\/\"]}]},{\"@type\":\"BreadcrumbList\",\"@id\":\"https:\/\/unimac.com\/international\/it\/documentazione-tecnica\/#breadcrumb\",\"itemListElement\":[{\"@type\":\"ListItem\",\"position\":1,\"name\":\"Home\",\"item\":\"https:\/\/unimac.com\/international\/it\/\"},{\"@type\":\"ListItem\",\"position\":2,\"name\":\"Documentazione tecnica\"}]},{\"@type\":\"WebSite\",\"@id\":\"https:\/\/unimac.com\/international\/#website\",\"url\":\"https:\/\/unimac.com\/international\/\",\"name\":\"Unimac International\",\"description\":\"Maximum Performance\",\"publisher\":{\"@id\":\"https:\/\/unimac.com\/international\/#organization\"},\"potentialAction\":[{\"@type\":\"SearchAction\",\"target\":{\"@type\":\"EntryPoint\",\"urlTemplate\":\"https:\/\/unimac.com\/international\/?s={search_term_string}\"},\"query-input\":{\"@type\":\"PropertyValueSpecification\",\"valueRequired\":true,\"valueName\":\"search_term_string\"}}],\"inLanguage\":\"it-IT\"},{\"@type\":\"Organization\",\"@id\":\"https:\/\/unimac.com\/international\/#organization\",\"name\":\"UniMac International\",\"url\":\"https:\/\/unimac.com\/international\/\",\"logo\":{\"@type\":\"ImageObject\",\"inLanguage\":\"it-IT\",\"@id\":\"https:\/\/unimac.com\/international\/#\/schema\/logo\/image\/\",\"url\":\"https:\/\/unimac.com\/international\/wp-content\/uploads\/sites\/2\/2019\/07\/logo.png\",\"contentUrl\":\"https:\/\/unimac.com\/international\/wp-content\/uploads\/sites\/2\/2019\/07\/logo.png\",\"width\":200,\"height\":73,\"caption\":\"UniMac International\"},\"image\":{\"@id\":\"https:\/\/unimac.com\/international\/#\/schema\/logo\/image\/\"}}]}<\/script>\n<!-- \/ Yoast SEO Premium plugin. -->","yoast_head_json":{"title":"Documentazione tecnica | UniMac International","description":"Trova il manuale d'uso e manutenzione o le istruzioni per l'installazione e il funzionamento della tua macchina per lavanderia industriale UniMac","robots":{"index":"index","follow":"follow","max-snippet":"max-snippet:-1","max-image-preview":"max-image-preview:large","max-video-preview":"max-video-preview:-1"},"canonical":"https:\/\/unimac.com\/international\/it\/documentazione-tecnica\/","og_locale":"it_IT","og_type":"article","og_title":"Documentazione tecnica","og_description":"Trova il manuale d'uso e manutenzione o le istruzioni per l'installazione e il funzionamento della tua macchina per lavanderia industriale UniMac","og_url":"https:\/\/unimac.com\/international\/it\/documentazione-tecnica\/","og_site_name":"Unimac International","article_modified_time":"2021-03-03T09:20:18+00:00","twitter_card":"summary_large_image","twitter_misc":{"Tempo di lettura stimato":"3 minuti"},"schema":{"@context":"https:\/\/schema.org","@graph":[{"@type":"WebPage","@id":"https:\/\/unimac.com\/international\/it\/documentazione-tecnica\/","url":"https:\/\/unimac.com\/international\/it\/documentazione-tecnica\/","name":"Documentazione tecnica | UniMac International","isPartOf":{"@id":"https:\/\/unimac.com\/international\/#website"},"datePublished":"2019-08-13T19:32:44+00:00","dateModified":"2021-03-03T09:20:18+00:00","description":"Trova il manuale d'uso e manutenzione o le istruzioni per l'installazione e il funzionamento della tua macchina per lavanderia industriale UniMac","breadcrumb":{"@id":"https:\/\/unimac.com\/international\/it\/documentazione-tecnica\/#breadcrumb"},"inLanguage":"it-IT","potentialAction":[{"@type":"ReadAction","target":["https:\/\/unimac.com\/international\/it\/documentazione-tecnica\/"]}]},{"@type":"BreadcrumbList","@id":"https:\/\/unimac.com\/international\/it\/documentazione-tecnica\/#breadcrumb","itemListElement":[{"@type":"ListItem","position":1,"name":"Home","item":"https:\/\/unimac.com\/international\/it\/"},{"@type":"ListItem","position":2,"name":"Documentazione tecnica"}]},{"@type":"WebSite","@id":"https:\/\/unimac.com\/international\/#website","url":"https:\/\/unimac.com\/international\/","name":"Unimac International","description":"Maximum Performance","publisher":{"@id":"https:\/\/unimac.com\/international\/#organization"},"potentialAction":[{"@type":"SearchAction","target":{"@type":"EntryPoint","urlTemplate":"https:\/\/unimac.com\/international\/?s={search_term_string}"},"query-input":{"@type":"PropertyValueSpecification","valueRequired":true,"valueName":"search_term_string"}}],"inLanguage":"it-IT"},{"@type":"Organization","@id":"https:\/\/unimac.com\/international\/#organization","name":"UniMac International","url":"https:\/\/unimac.com\/international\/","logo":{"@type":"ImageObject","inLanguage":"it-IT","@id":"https:\/\/unimac.com\/international\/#\/schema\/logo\/image\/","url":"https:\/\/unimac.com\/international\/wp-content\/uploads\/sites\/2\/2019\/07\/logo.png","contentUrl":"https:\/\/unimac.com\/international\/wp-content\/uploads\/sites\/2\/2019\/07\/logo.png","width":200,"height":73,"caption":"UniMac International"},"image":{"@id":"https:\/\/unimac.com\/international\/#\/schema\/logo\/image\/"}}]}},"_links":{"self":[{"href":"https:\/\/unimac.com\/international\/it\/wp-json\/wp\/v2\/pages\/13970","targetHints":{"allow":["GET"]}}],"collection":[{"href":"https:\/\/unimac.com\/international\/it\/wp-json\/wp\/v2\/pages"}],"about":[{"href":"https:\/\/unimac.com\/international\/it\/wp-json\/wp\/v2\/types\/page"}],"author":[{"embeddable":true,"href":"https:\/\/unimac.com\/international\/it\/wp-json\/wp\/v2\/users\/5"}],"replies":[{"embeddable":true,"href":"https:\/\/unimac.com\/international\/it\/wp-json\/wp\/v2\/comments?post=13970"}],"version-history":[{"count":4,"href":"https:\/\/unimac.com\/international\/it\/wp-json\/wp\/v2\/pages\/13970\/revisions"}],"predecessor-version":[{"id":14670,"href":"https:\/\/unimac.com\/international\/it\/wp-json\/wp\/v2\/pages\/13970\/revisions\/14670"}],"wp:attachment":[{"href":"https:\/\/unimac.com\/international\/it\/wp-json\/wp\/v2\/media?parent=13970"}],"curies":[{"name":"wp","href":"https:\/\/api.w.org\/{rel}","templated":true}]}}