{"id":1336,"date":"2019-08-06T22:15:34","date_gmt":"2019-08-06T22:15:34","guid":{"rendered":"http:\/\/unimac.bitnamiapp.com\/?page_id=1336"},"modified":"2023-08-11T15:42:38","modified_gmt":"2023-08-11T15:42:38","slug":"maritimo","status":"publish","type":"page","link":"https:\/\/unimac.com\/latam\/industrias\/maritimo\/","title":{"rendered":"Mar\u00edtimo"},"content":{"rendered":"<p><div class=\"fusion-fullwidth fullwidth-box fusion-builder-row-1 fusion-flex-container reverse hundred-percent-fullwidth non-hundred-percent-height-scrolling\" style=\"--awb-border-radius-top-left:0px;--awb-border-radius-top-right:0px;--awb-border-radius-bottom-right:0px;--awb-border-radius-bottom-left:0px;--awb-padding-top:0px;--awb-padding-right:0px;--awb-padding-bottom:0px;--awb-padding-left:0px;--awb-min-height:600px;--awb-flex-wrap:wrap;\" ><div class=\"fusion-builder-row fusion-row fusion-flex-align-items-stretch fusion-flex-content-wrap\" style=\"width:calc( 100% + 0px ) !important;max-width:calc( 100% + 0px ) !important;margin-left: calc(-0px \/ 2 );margin-right: calc(-0px \/ 2 );\"><div class=\"fusion-layout-column fusion_builder_column fusion-builder-column-0 fusion_builder_column_1_2 1_2 fusion-flex-column\" style=\"--awb-bg-image:url(&#039;https:\/\/unimac.com\/latam\/wp-content\/uploads\/sites\/16\/2020\/04\/cruise-ship-PJVXE72-b.png&#039;);--awb-bg-position:center center;--awb-bg-size:cover;--awb-width-large:50%;--awb-margin-top-large:0px;--awb-spacing-right-large:0px;--awb-margin-bottom-large:0px;--awb-spacing-left-large:0px;--awb-width-medium:40%;--awb-order-medium:0;--awb-spacing-right-medium:0px;--awb-spacing-left-medium:0px;--awb-width-small:100%;--awb-order-small:0;--awb-spacing-right-small:0px;--awb-spacing-left-small:0px;\"><div class=\"fusion-column-wrapper fusion-column-has-shadow fusion-flex-justify-content-flex-start fusion-content-layout-column fusion-empty-column-bg-image fusion-column-has-bg-image\" data-bg-url=\"https:\/\/unimac.com\/latam\/wp-content\/uploads\/sites\/16\/2020\/04\/cruise-ship-PJVXE72-b.png\"><img decoding=\"async\" class=\"fusion-empty-dims-img-placeholder fusion-no-large-visibility fusion-no-medium-visibility\" aria-label=\"cruise-ship-PJVXE72-b\" src=\"data:image\/svg+xml,%3Csvg%20xmlns%3D%27http%3A%2F%2Fwww.w3.org%2F2000%2Fsvg%27%20width%3D%271560%27%20height%3D%27645%27%20viewBox%3D%270%200%201560%20645%27%3E%3Crect%20width%3D%271560%27%20height%3D%27645%27%20fill-opacity%3D%220%22%2F%3E%3C%2Fsvg%3E\"><\/div><\/div><div class=\"fusion-layout-column fusion_builder_column fusion-builder-column-1 fusion_builder_column_1_2 1_2 fusion-flex-column\" style=\"--awb-padding-top:60px;--awb-padding-right:5vw;--awb-padding-left:5vw;--awb-bg-color:#000000;--awb-bg-color-hover:#000000;--awb-bg-size:cover;--awb-width-large:50%;--awb-margin-top-large:0px;--awb-spacing-right-large:0px;--awb-margin-bottom-large:0px;--awb-spacing-left-large:0px;--awb-width-medium:60%;--awb-order-medium:0;--awb-spacing-right-medium:0px;--awb-spacing-left-medium:0px;--awb-width-small:100%;--awb-order-small:0;--awb-spacing-right-small:0px;--awb-spacing-left-small:0px;\"><div class=\"fusion-column-wrapper fusion-column-has-shadow fusion-flex-justify-content-center fusion-content-layout-column\"><div class=\"fusion-text fusion-text-1\"><h1 style=\"line-height: 1.16;color: var(--awb-color6)\" data-fontsize=\"60\" data-lineheight=\"69.6px\">Lavadoras y secadoras mar\u00edtimas para su embarcaci\u00f3n en alta mar<\/h1>\n<p><span class=\"TextRun SCXW218376164 BCX0\" lang=\"EN-US\" xml:lang=\"EN-US\" data-contrast=\"none\"><span class=\"NormalTextRun SCXW218376164 BCX0\" style=\"color: var(--awb-color1)\" data-ccp-parastyle=\"Copy\" data-ccp-parastyle-defn=\"\">Con UniMac\u00ae, usted ahorra en lo que m\u00e1s importa: agua, espacio y tiempo. Obtenga el equipo de lavander\u00eda m\u00e1s eficiente y confiable para su embarcaci\u00f3n en alta mar.<\/span><\/span><\/p>\n<\/div><\/div><\/div><\/div><\/div><div class=\"fusion-fullwidth fullwidth-box fusion-builder-row-2 fusion-flex-container reverse hundred-percent-fullwidth non-hundred-percent-height-scrolling\" style=\"--awb-border-radius-top-left:0px;--awb-border-radius-top-right:0px;--awb-border-radius-bottom-right:0px;--awb-border-radius-bottom-left:0px;--awb-padding-top:0px;--awb-padding-right:0px;--awb-padding-bottom:0px;--awb-padding-left:0px;--awb-min-height:600px;--awb-flex-wrap:wrap;\" ><div class=\"fusion-builder-row fusion-row fusion-flex-align-items-stretch fusion-flex-content-wrap\" style=\"width:calc( 100% + 0px ) !important;max-width:calc( 100% + 0px ) !important;margin-left: calc(-0px \/ 2 );margin-right: calc(-0px \/ 2 );\"><div class=\"fusion-layout-column fusion_builder_column fusion-builder-column-2 fusion_builder_column_2_3 2_3 fusion-flex-column\" style=\"--awb-bg-image:url(&#039;https:\/\/unimac.com\/latam\/wp-content\/uploads\/sites\/16\/2020\/04\/cruise-crafts-chairs-relax-towels-lounge-.png&#039;);--awb-bg-position:center center;--awb-bg-size:cover;--awb-width-large:66.666666666667%;--awb-margin-top-large:0px;--awb-spacing-right-large:0px;--awb-margin-bottom-large:0px;--awb-spacing-left-large:0px;--awb-width-medium:40%;--awb-order-medium:0;--awb-spacing-right-medium:0px;--awb-spacing-left-medium:0px;--awb-width-small:100%;--awb-order-small:0;--awb-spacing-right-small:0px;--awb-spacing-left-small:0px;\"><div class=\"fusion-column-wrapper fusion-column-has-shadow fusion-flex-justify-content-flex-start fusion-content-layout-column fusion-empty-column-bg-image fusion-column-has-bg-image\" data-bg-url=\"https:\/\/unimac.com\/latam\/wp-content\/uploads\/sites\/16\/2020\/04\/cruise-crafts-chairs-relax-towels-lounge-.png\"><img decoding=\"async\" class=\"fusion-empty-dims-img-placeholder fusion-no-large-visibility fusion-no-medium-visibility\" aria-label=\"cruise-crafts-chairs-relax-towels-lounge-\" src=\"data:image\/svg+xml,%3Csvg%20xmlns%3D%27http%3A%2F%2Fwww.w3.org%2F2000%2Fsvg%27%20width%3D%27829%27%20height%3D%27593%27%20viewBox%3D%270%200%20829%20593%27%3E%3Crect%20width%3D%27829%27%20height%3D%27593%27%20fill-opacity%3D%220%22%2F%3E%3C%2Fsvg%3E\"><\/div><\/div><div class=\"fusion-layout-column fusion_builder_column fusion-builder-column-3 fusion_builder_column_1_3 1_3 fusion-flex-column\" style=\"--awb-padding-top:60px;--awb-padding-right:5vw;--awb-padding-left:5vw;--awb-bg-size:cover;--awb-width-large:33.333333333333%;--awb-margin-top-large:0px;--awb-spacing-right-large:0px;--awb-margin-bottom-large:0px;--awb-spacing-left-large:0px;--awb-width-medium:60%;--awb-order-medium:0;--awb-spacing-right-medium:0px;--awb-spacing-left-medium:0px;--awb-width-small:100%;--awb-order-small:0;--awb-spacing-right-small:0px;--awb-spacing-left-small:0px;\"><div class=\"fusion-column-wrapper fusion-column-has-shadow fusion-flex-justify-content-center fusion-content-layout-column\"><div class=\"fusion-text fusion-text-2\"><h2 style=\"color: var(--awb-color6)\">HAZ M\u00c1S CON MENOS\u2014CON UNIMAC<\/h2>\n<p>Las lavadoras y secadoras mar\u00edtimas de UniMac te permiten hacer m\u00e1s con menos. M\u00e1s capacidad por carga significa menos espacio y menos m\u00e1quinas necesarias. M\u00e1s opciones de nivel de agua significan menos consumo de agua. Obt\u00e9n m\u00e1s eficiencia con menos costo, de hecho, el costo total de propiedad m\u00e1s bajo durante la vida \u00fatil de las m\u00e1quinas. Y para las embarcaciones mar\u00edtimas que viajan por el mundo, nuestra red global de distribuidores ofrece acceso a repuestos, servicio y soporte, donde sea que est\u00e9 tu pr\u00f3ximo puerto de escala.<\/p>\n<\/div><\/div><\/div><\/div><\/div><div class=\"fusion-fullwidth fullwidth-box fusion-builder-row-3 fusion-flex-container hundred-percent-fullwidth non-hundred-percent-height-scrolling\" style=\"--awb-border-radius-top-left:0px;--awb-border-radius-top-right:0px;--awb-border-radius-bottom-right:0px;--awb-border-radius-bottom-left:0px;--awb-padding-top:0px;--awb-padding-right:0px;--awb-padding-bottom:0px;--awb-padding-left:0px;--awb-min-height:600px;--awb-flex-wrap:wrap;\" ><div class=\"fusion-builder-row fusion-row fusion-flex-align-items-stretch fusion-flex-content-wrap\" style=\"width:calc( 100% + 0px ) !important;max-width:calc( 100% + 0px ) !important;margin-left: calc(-0px \/ 2 );margin-right: calc(-0px \/ 2 );\"><div class=\"fusion-layout-column fusion_builder_column fusion-builder-column-4 fusion_builder_column_2_3 2_3 fusion-flex-column\" style=\"--awb-bg-position:center center;--awb-bg-size:cover;--awb-width-large:66.666666666667%;--awb-margin-top-large:0px;--awb-spacing-right-large:0px;--awb-margin-bottom-large:0px;--awb-spacing-left-large:0px;--awb-width-medium:40%;--awb-order-medium:0;--awb-spacing-right-medium:0px;--awb-spacing-left-medium:0px;--awb-width-small:100%;--awb-order-small:0;--awb-spacing-right-small:0px;--awb-spacing-left-small:0px;\"><div class=\"fusion-column-wrapper fusion-column-has-shadow fusion-flex-justify-content-flex-start fusion-content-layout-column\"><div class=\"fusion-image-element \" style=\"text-align:right;--awb-margin-top:70px;--awb-caption-title-font-family:var(--h2_typography-font-family);--awb-caption-title-font-weight:var(--h2_typography-font-weight);--awb-caption-title-font-style:var(--h2_typography-font-style);--awb-caption-title-size:var(--h2_typography-font-size);--awb-caption-title-transform:var(--h2_typography-text-transform);--awb-caption-title-line-height:var(--h2_typography-line-height);--awb-caption-title-letter-spacing:var(--h2_typography-letter-spacing);\"><span class=\" fusion-imageframe imageframe-none imageframe-1 hover-type-none\"><img decoding=\"async\" width=\"3304\" height=\"1749\" title=\"UniMac_Product_Lineup (1)\" data-src=\"https:\/\/unimac.com\/latam\/wp-content\/uploads\/sites\/16\/2022\/06\/UniMac_Product_Lineup-1.png\" alt class=\"img-responsive wp-image-18598 lazyload\" src=\"data:image\/svg+xml;base64,PHN2ZyB3aWR0aD0iMSIgaGVpZ2h0PSIxIiB4bWxucz0iaHR0cDovL3d3dy53My5vcmcvMjAwMC9zdmciPjwvc3ZnPg==\" style=\"--smush-placeholder-width: 3304px; --smush-placeholder-aspect-ratio: 3304\/1749;\" \/><\/span><\/div><\/div><\/div><div class=\"fusion-layout-column fusion_builder_column fusion-builder-column-5 fusion_builder_column_1_3 1_3 fusion-flex-column\" style=\"--awb-padding-top:60px;--awb-padding-right:5vw;--awb-padding-left:5vw;--awb-bg-size:cover;--awb-width-large:33.333333333333%;--awb-margin-top-large:0px;--awb-spacing-right-large:0px;--awb-margin-bottom-large:0px;--awb-spacing-left-large:0px;--awb-width-medium:60%;--awb-order-medium:0;--awb-spacing-right-medium:0px;--awb-spacing-left-medium:0px;--awb-width-small:100%;--awb-order-small:0;--awb-spacing-right-small:0px;--awb-spacing-left-small:0px;\"><div class=\"fusion-column-wrapper fusion-column-has-shadow fusion-flex-justify-content-center fusion-content-layout-column\"><div class=\"fusion-text fusion-text-3\"><h2 class=\"fusion-responsive-typography-calculated\" style=\"color: var(--awb-color6);--fontsize: 50;line-height: 1.2\" data-fontsize=\"50\" data-lineheight=\"60px\">Equipo de Lavander\u00eda Marino con Durabilidad Inigualable<\/h2>\n<p>La amplia gama de secadoras y lavadoras de UniMac para barcos est\u00e1n construidas para satisfacer tus necesidades, ya sea que seas un crucero, un barco de l\u00ednea oce\u00e1nica, un yate peque\u00f1o o cualquier cosa intermedia. Las lavadoras-extractoras de alta capacidad manejan m\u00e1s carga por m\u00e1quina y ofrecen configuraciones programables de agua. Las lavadoras\/secadoras marinas apiladas ofrecen una capacidad excepcional en un espacio reducido.<\/p>\n<\/div><\/div><\/div><\/div><\/div><div class=\"fusion-fullwidth fullwidth-box fusion-builder-row-4 fusion-flex-container nonhundred-percent-fullwidth non-hundred-percent-height-scrolling\" style=\"--awb-border-radius-top-left:0px;--awb-border-radius-top-right:0px;--awb-border-radius-bottom-right:0px;--awb-border-radius-bottom-left:0px;--awb-padding-top:50px;--awb-padding-bottom:50px;--awb-background-color:var(--awb-color3);--awb-flex-wrap:wrap;\" ><div class=\"fusion-builder-row fusion-row fusion-flex-align-items-center fusion-flex-justify-content-center fusion-flex-content-wrap\" style=\"max-width:1456px;margin-left: calc(-4% \/ 2 );margin-right: calc(-4% \/ 2 );\"><div class=\"fusion-layout-column fusion_builder_column fusion-builder-column-6 fusion_builder_column_3_5 3_5 fusion-flex-column\" style=\"--awb-bg-size:cover;--awb-width-large:60%;--awb-margin-top-large:0px;--awb-spacing-right-large:3.2%;--awb-margin-bottom-large:0px;--awb-spacing-left-large:3.2%;--awb-width-medium:80%;--awb-order-medium:0;--awb-spacing-right-medium:2.4%;--awb-spacing-left-medium:2.4%;--awb-width-small:100%;--awb-order-small:0;--awb-spacing-right-small:1.92%;--awb-spacing-left-small:1.92%;\"><div class=\"fusion-column-wrapper fusion-column-has-shadow fusion-flex-justify-content-flex-start fusion-content-layout-column\"><div class=\"fusion-text fusion-text-4\"><h2 style=\"text-align: center;font-size: 50px\" data-fusion-font=\"true\">OBT\u00c9N SOLUCIONES DE FINANCIAMIENTO INIGUALABLES PARA LAVADORAS Y SECADORAS MARINAS<\/h2>\n<p style=\"text-align: center\">Nadie ofrece financiamiento para equipos de lavander\u00eda marina como UniMac. Nuestro experimentado equipo de expertos financieros e industriales ofrece un servicio personalizado uno a uno. Nos tomamos el tiempo para comprender tus objetivos individuales, adaptar programas personalizados y tomar decisiones excepcionalmente r\u00e1pidas para abordar las demandas urgentes de la industria.<\/p>\n<\/div><div style=\"text-align:center;\"><a class=\"fusion-button button-flat fusion-button-default-size button-default fusion-button-default button-1 fusion-button-default-span fusion-button-default-type\" target=\"_self\" href=\"https:\/\/unimac.com\/latam\/finance\/\"><span class=\"fusion-button-text awb-button__text awb-button__text--default\">OBTENER FINANCIAMIENTO<\/span><\/a><\/div><\/div><\/div><\/div><\/div><\/p>\n","protected":false},"excerpt":{"rendered":"","protected":false},"author":1,"featured_media":0,"parent":1121,"menu_order":0,"comment_status":"closed","ping_status":"closed","template":"100-width.php","meta":{"_acf_changed":false,"inline_featured_image":false,"footnotes":""},"class_list":["post-1336","page","type-page","status-publish","hentry"],"yoast_head":"<!-- This site is optimized with the Yoast SEO Premium plugin v23.4 (Yoast SEO v26.2) - https:\/\/yoast.com\/wordpress\/plugins\/seo\/ -->\n<title>Marine Washers and Dryers from UniMac\u00ae<\/title>\n<meta name=\"description\" content=\"With UniMac\u00ae marine washers and dryers, you save the things that matter most\u2014water, space and time. Get efficient laundry equipment for your offshore vessel.\" \/>\n<meta name=\"robots\" content=\"index, follow, max-snippet:-1, max-image-preview:large, max-video-preview:-1\" \/>\n<link rel=\"canonical\" href=\"https:\/\/unimac.com\/latam\/industrias\/maritimo\/\" \/>\n<meta property=\"og:locale\" content=\"en_US\" \/>\n<meta property=\"og:type\" content=\"article\" \/>\n<meta property=\"og:title\" content=\"Mar\u00edtimo\" \/>\n<meta property=\"og:description\" content=\"With UniMac\u00ae marine washers and dryers, you save the things that matter most\u2014water, space and time. Get efficient laundry equipment for your offshore vessel.\" \/>\n<meta property=\"og:url\" content=\"https:\/\/unimac.com\/latam\/industrias\/maritimo\/\" \/>\n<meta property=\"og:site_name\" content=\"Unimac Latam\" \/>\n<meta property=\"article:modified_time\" content=\"2023-08-11T15:42:38+00:00\" \/>\n<meta name=\"twitter:card\" content=\"summary_large_image\" \/>\n<meta name=\"twitter:label1\" content=\"Est. reading time\" \/>\n\t<meta name=\"twitter:data1\" content=\"12 minutes\" \/>\n<script type=\"application\/ld+json\" class=\"yoast-schema-graph\">{\"@context\":\"https:\/\/schema.org\",\"@graph\":[{\"@type\":\"WebPage\",\"@id\":\"https:\/\/unimac.com\/latam\/industrias\/maritimo\/\",\"url\":\"https:\/\/unimac.com\/latam\/industrias\/maritimo\/\",\"name\":\"Marine Washers and Dryers from UniMac\u00ae\",\"isPartOf\":{\"@id\":\"https:\/\/unimac.com\/latam\/#website\"},\"datePublished\":\"2019-08-06T22:15:34+00:00\",\"dateModified\":\"2023-08-11T15:42:38+00:00\",\"description\":\"With UniMac\u00ae marine washers and dryers, you save the things that matter most\u2014water, space and time. Get efficient laundry equipment for your offshore vessel.\",\"breadcrumb\":{\"@id\":\"https:\/\/unimac.com\/latam\/industrias\/maritimo\/#breadcrumb\"},\"inLanguage\":\"en-US\",\"potentialAction\":[{\"@type\":\"ReadAction\",\"target\":[\"https:\/\/unimac.com\/latam\/industrias\/maritimo\/\"]}]},{\"@type\":\"BreadcrumbList\",\"@id\":\"https:\/\/unimac.com\/latam\/industrias\/maritimo\/#breadcrumb\",\"itemListElement\":[{\"@type\":\"ListItem\",\"position\":1,\"name\":\"Home\",\"item\":\"https:\/\/unimac.com\/latam\/\"},{\"@type\":\"ListItem\",\"position\":2,\"name\":\"Industrias\",\"item\":\"https:\/\/unimac.com\/latam\/industrias\/\"},{\"@type\":\"ListItem\",\"position\":3,\"name\":\"Mar\u00edtimo\"}]},{\"@type\":\"WebSite\",\"@id\":\"https:\/\/unimac.com\/latam\/#website\",\"url\":\"https:\/\/unimac.com\/latam\/\",\"name\":\"Unimac Latam\",\"description\":\"Maximum Performance\",\"publisher\":{\"@id\":\"https:\/\/unimac.com\/latam\/#organization\"},\"potentialAction\":[{\"@type\":\"SearchAction\",\"target\":{\"@type\":\"EntryPoint\",\"urlTemplate\":\"https:\/\/unimac.com\/latam\/?s={search_term_string}\"},\"query-input\":{\"@type\":\"PropertyValueSpecification\",\"valueRequired\":true,\"valueName\":\"search_term_string\"}}],\"inLanguage\":\"en-US\"},{\"@type\":\"Organization\",\"@id\":\"https:\/\/unimac.com\/latam\/#organization\",\"name\":\"Unimac\",\"url\":\"https:\/\/unimac.com\/latam\/\",\"logo\":{\"@type\":\"ImageObject\",\"inLanguage\":\"en-US\",\"@id\":\"https:\/\/unimac.com\/latam\/#\/schema\/logo\/image\/\",\"url\":\"https:\/\/unimac.com\/latam\/wp-content\/uploads\/sites\/16\/2020\/03\/unimac.png\",\"contentUrl\":\"https:\/\/unimac.com\/latam\/wp-content\/uploads\/sites\/16\/2020\/03\/unimac.png\",\"width\":1248,\"height\":843,\"caption\":\"Unimac\"},\"image\":{\"@id\":\"https:\/\/unimac.com\/latam\/#\/schema\/logo\/image\/\"}}]}<\/script>\n<!-- \/ Yoast SEO Premium plugin. -->","yoast_head_json":{"title":"Marine Washers and Dryers from UniMac\u00ae","description":"With UniMac\u00ae marine washers and dryers, you save the things that matter most\u2014water, space and time. Get efficient laundry equipment for your offshore vessel.","robots":{"index":"index","follow":"follow","max-snippet":"max-snippet:-1","max-image-preview":"max-image-preview:large","max-video-preview":"max-video-preview:-1"},"canonical":"https:\/\/unimac.com\/latam\/industrias\/maritimo\/","og_locale":"en_US","og_type":"article","og_title":"Mar\u00edtimo","og_description":"With UniMac\u00ae marine washers and dryers, you save the things that matter most\u2014water, space and time. Get efficient laundry equipment for your offshore vessel.","og_url":"https:\/\/unimac.com\/latam\/industrias\/maritimo\/","og_site_name":"Unimac Latam","article_modified_time":"2023-08-11T15:42:38+00:00","twitter_card":"summary_large_image","twitter_misc":{"Est. reading time":"12 minutes"},"schema":{"@context":"https:\/\/schema.org","@graph":[{"@type":"WebPage","@id":"https:\/\/unimac.com\/latam\/industrias\/maritimo\/","url":"https:\/\/unimac.com\/latam\/industrias\/maritimo\/","name":"Marine Washers and Dryers from UniMac\u00ae","isPartOf":{"@id":"https:\/\/unimac.com\/latam\/#website"},"datePublished":"2019-08-06T22:15:34+00:00","dateModified":"2023-08-11T15:42:38+00:00","description":"With UniMac\u00ae marine washers and dryers, you save the things that matter most\u2014water, space and time. Get efficient laundry equipment for your offshore vessel.","breadcrumb":{"@id":"https:\/\/unimac.com\/latam\/industrias\/maritimo\/#breadcrumb"},"inLanguage":"en-US","potentialAction":[{"@type":"ReadAction","target":["https:\/\/unimac.com\/latam\/industrias\/maritimo\/"]}]},{"@type":"BreadcrumbList","@id":"https:\/\/unimac.com\/latam\/industrias\/maritimo\/#breadcrumb","itemListElement":[{"@type":"ListItem","position":1,"name":"Home","item":"https:\/\/unimac.com\/latam\/"},{"@type":"ListItem","position":2,"name":"Industrias","item":"https:\/\/unimac.com\/latam\/industrias\/"},{"@type":"ListItem","position":3,"name":"Mar\u00edtimo"}]},{"@type":"WebSite","@id":"https:\/\/unimac.com\/latam\/#website","url":"https:\/\/unimac.com\/latam\/","name":"Unimac Latam","description":"Maximum Performance","publisher":{"@id":"https:\/\/unimac.com\/latam\/#organization"},"potentialAction":[{"@type":"SearchAction","target":{"@type":"EntryPoint","urlTemplate":"https:\/\/unimac.com\/latam\/?s={search_term_string}"},"query-input":{"@type":"PropertyValueSpecification","valueRequired":true,"valueName":"search_term_string"}}],"inLanguage":"en-US"},{"@type":"Organization","@id":"https:\/\/unimac.com\/latam\/#organization","name":"Unimac","url":"https:\/\/unimac.com\/latam\/","logo":{"@type":"ImageObject","inLanguage":"en-US","@id":"https:\/\/unimac.com\/latam\/#\/schema\/logo\/image\/","url":"https:\/\/unimac.com\/latam\/wp-content\/uploads\/sites\/16\/2020\/03\/unimac.png","contentUrl":"https:\/\/unimac.com\/latam\/wp-content\/uploads\/sites\/16\/2020\/03\/unimac.png","width":1248,"height":843,"caption":"Unimac"},"image":{"@id":"https:\/\/unimac.com\/latam\/#\/schema\/logo\/image\/"}}]}},"acf":[],"_links":{"self":[{"href":"https:\/\/unimac.com\/latam\/wp-json\/wp\/v2\/pages\/1336","targetHints":{"allow":["GET"]}}],"collection":[{"href":"https:\/\/unimac.com\/latam\/wp-json\/wp\/v2\/pages"}],"about":[{"href":"https:\/\/unimac.com\/latam\/wp-json\/wp\/v2\/types\/page"}],"author":[{"embeddable":true,"href":"https:\/\/unimac.com\/latam\/wp-json\/wp\/v2\/users\/1"}],"replies":[{"embeddable":true,"href":"https:\/\/unimac.com\/latam\/wp-json\/wp\/v2\/comments?post=1336"}],"version-history":[{"count":49,"href":"https:\/\/unimac.com\/latam\/wp-json\/wp\/v2\/pages\/1336\/revisions"}],"predecessor-version":[{"id":19855,"href":"https:\/\/unimac.com\/latam\/wp-json\/wp\/v2\/pages\/1336\/revisions\/19855"}],"up":[{"embeddable":true,"href":"https:\/\/unimac.com\/latam\/wp-json\/wp\/v2\/pages\/1121"}],"wp:attachment":[{"href":"https:\/\/unimac.com\/latam\/wp-json\/wp\/v2\/media?parent=1336"}],"curies":[{"name":"wp","href":"https:\/\/api.w.org\/{rel}","templated":true}]}}