{"id":1342,"date":"2019-08-06T22:18:39","date_gmt":"2019-08-06T22:18:39","guid":{"rendered":"http:\/\/unimac.bitnamiapp.com\/?page_id=1342"},"modified":"2023-08-11T15:46:20","modified_gmt":"2023-08-11T15:46:20","slug":"restaurantes","status":"publish","type":"page","link":"https:\/\/unimac.com\/latam\/industrias\/restaurantes\/","title":{"rendered":"Restaurantes"},"content":{"rendered":"<p><div class=\"fusion-fullwidth fullwidth-box fusion-builder-row-1 fusion-flex-container reverse hundred-percent-fullwidth non-hundred-percent-height-scrolling\" style=\"--awb-border-radius-top-left:0px;--awb-border-radius-top-right:0px;--awb-border-radius-bottom-right:0px;--awb-border-radius-bottom-left:0px;--awb-padding-top:0px;--awb-padding-right:0px;--awb-padding-bottom:0px;--awb-padding-left:0px;--awb-min-height:600px;--awb-flex-wrap:wrap;\" ><div class=\"fusion-builder-row fusion-row fusion-flex-align-items-stretch fusion-flex-content-wrap\" style=\"width:calc( 100% + 0px ) !important;max-width:calc( 100% + 0px ) !important;margin-left: calc(-0px \/ 2 );margin-right: calc(-0px \/ 2 );\"><div class=\"fusion-layout-column fusion_builder_column fusion-builder-column-0 fusion_builder_column_1_2 1_2 fusion-flex-column\" style=\"--awb-bg-image:url(&#039;https:\/\/unimac.com\/latam\/wp-content\/uploads\/sites\/16\/2022\/05\/GettyImages-81755006.png&#039;);--awb-bg-position:center center;--awb-bg-size:cover;--awb-width-large:50%;--awb-margin-top-large:0px;--awb-spacing-right-large:0px;--awb-margin-bottom-large:0px;--awb-spacing-left-large:0px;--awb-width-medium:40%;--awb-order-medium:0;--awb-spacing-right-medium:0px;--awb-spacing-left-medium:0px;--awb-width-small:100%;--awb-order-small:0;--awb-spacing-right-small:0px;--awb-spacing-left-small:0px;\"><div class=\"fusion-column-wrapper fusion-column-has-shadow fusion-flex-justify-content-flex-start fusion-content-layout-column fusion-empty-column-bg-image fusion-column-has-bg-image\" data-bg-url=\"https:\/\/unimac.com\/latam\/wp-content\/uploads\/sites\/16\/2022\/05\/GettyImages-81755006.png\"><img decoding=\"async\" class=\"fusion-empty-dims-img-placeholder fusion-no-large-visibility fusion-no-medium-visibility\" aria-label=\"GettyImages- 81755006\" src=\"data:image\/svg+xml,%3Csvg%20xmlns%3D%27http%3A%2F%2Fwww.w3.org%2F2000%2Fsvg%27%20width%3D%27800%27%20height%3D%27538%27%20viewBox%3D%270%200%20800%20538%27%3E%3Crect%20width%3D%27800%27%20height%3D%27538%27%20fill-opacity%3D%220%22%2F%3E%3C%2Fsvg%3E\"><\/div><\/div><div class=\"fusion-layout-column fusion_builder_column fusion-builder-column-1 fusion_builder_column_1_2 1_2 fusion-flex-column\" style=\"--awb-padding-top:60px;--awb-padding-right:5vw;--awb-padding-left:5vw;--awb-bg-color:#000000;--awb-bg-color-hover:#000000;--awb-bg-size:cover;--awb-width-large:50%;--awb-margin-top-large:0px;--awb-spacing-right-large:0px;--awb-margin-bottom-large:0px;--awb-spacing-left-large:0px;--awb-width-medium:60%;--awb-order-medium:0;--awb-spacing-right-medium:0px;--awb-spacing-left-medium:0px;--awb-width-small:100%;--awb-order-small:0;--awb-spacing-right-small:0px;--awb-spacing-left-small:0px;\"><div class=\"fusion-column-wrapper fusion-column-has-shadow fusion-flex-justify-content-center fusion-content-layout-column\"><div class=\"fusion-text fusion-text-1\"><h1 class=\"fusion-responsive-typography-calculated\" style=\"line-height: 1.16;color: var(--awb-color6);--fontsize: 60\" data-fontsize=\"60\" data-lineheight=\"69.6px\">Equipos de Lavander\u00eda para Restaurantes: Potentes pero Simples<\/h1>\n<p style=\"color: var(--awb-color1)\">Aligera tu carga con los equipos de lavander\u00eda para restaurantes de UniMac dise\u00f1ados para ser f\u00e1ciles de usar. Controla la lavander\u00eda en tu propio horario y crea una impresi\u00f3n limpia para mantener a los clientes volviendo.<\/p>\n<\/div><\/div><\/div><\/div><\/div><div class=\"fusion-fullwidth fullwidth-box fusion-builder-row-2 fusion-flex-container reverse hundred-percent-fullwidth non-hundred-percent-height-scrolling\" style=\"--awb-border-radius-top-left:0px;--awb-border-radius-top-right:0px;--awb-border-radius-bottom-right:0px;--awb-border-radius-bottom-left:0px;--awb-padding-top:0px;--awb-padding-right:0px;--awb-padding-bottom:0px;--awb-padding-left:0px;--awb-min-height:600px;--awb-flex-wrap:wrap;\" ><div class=\"fusion-builder-row fusion-row fusion-flex-align-items-stretch fusion-flex-content-wrap\" style=\"width:calc( 100% + 0px ) !important;max-width:calc( 100% + 0px ) !important;margin-left: calc(-0px \/ 2 );margin-right: calc(-0px \/ 2 );\"><div class=\"fusion-layout-column fusion_builder_column fusion-builder-column-2 fusion_builder_column_2_3 2_3 fusion-flex-column\" style=\"--awb-bg-image:url(&#039;https:\/\/unimac.com\/latam\/wp-content\/uploads\/sites\/16\/2019\/08\/restaurant_4.jpg&#039;);--awb-bg-position:center center;--awb-bg-size:cover;--awb-width-large:66.666666666667%;--awb-margin-top-large:0px;--awb-spacing-right-large:0px;--awb-margin-bottom-large:0px;--awb-spacing-left-large:0px;--awb-width-medium:40%;--awb-order-medium:0;--awb-spacing-right-medium:0px;--awb-spacing-left-medium:0px;--awb-width-small:100%;--awb-order-small:0;--awb-spacing-right-small:0px;--awb-spacing-left-small:0px;\"><div class=\"fusion-column-wrapper fusion-column-has-shadow fusion-flex-justify-content-flex-start fusion-content-layout-column fusion-empty-column-bg-image fusion-column-has-bg-image\" data-bg-url=\"https:\/\/unimac.com\/latam\/wp-content\/uploads\/sites\/16\/2019\/08\/restaurant_4.jpg\"><img decoding=\"async\" class=\"fusion-empty-dims-img-placeholder fusion-no-large-visibility fusion-no-medium-visibility\" aria-label=\"restaurant_4\" src=\"data:image\/svg+xml,%3Csvg%20xmlns%3D%27http%3A%2F%2Fwww.w3.org%2F2000%2Fsvg%27%20width%3D%271600%27%20height%3D%27700%27%20viewBox%3D%270%200%201600%20700%27%3E%3Crect%20width%3D%271600%27%20height%3D%27700%27%20fill-opacity%3D%220%22%2F%3E%3C%2Fsvg%3E\"><\/div><\/div><div class=\"fusion-layout-column fusion_builder_column fusion-builder-column-3 fusion_builder_column_1_3 1_3 fusion-flex-column\" style=\"--awb-padding-top:60px;--awb-padding-right:5vw;--awb-padding-left:5vw;--awb-bg-size:cover;--awb-width-large:33.333333333333%;--awb-margin-top-large:0px;--awb-spacing-right-large:0px;--awb-margin-bottom-large:0px;--awb-spacing-left-large:0px;--awb-width-medium:60%;--awb-order-medium:0;--awb-spacing-right-medium:0px;--awb-spacing-left-medium:0px;--awb-width-small:100%;--awb-order-small:0;--awb-spacing-right-small:0px;--awb-spacing-left-small:0px;\"><div class=\"fusion-column-wrapper fusion-column-has-shadow fusion-flex-justify-content-center fusion-content-layout-column\"><div class=\"fusion-text fusion-text-2\"><h3><span class=\"TextRun SCXW202980145 BCX0\" lang=\"EN-US\" xml:lang=\"EN-US\" data-contrast=\"none\"><span class=\"NormalTextRun SCXW202980145 BCX0\" data-ccp-parastyle=\"Interior H2\">toma el control de las demandas de lavander\u00eda de tu cocina<\/span><\/span><\/h3>\n<p><span class=\"TextRun SCXW210473200 BCX0\" lang=\"EN-US\" xml:lang=\"EN-US\" data-contrast=\"none\"><span class=\"NormalTextRun SCXW210473200 BCX0\" data-ccp-parastyle=\"Copy\" data-ccp-parastyle-defn=\"{\">Lib\u00e9rate de los <\/span><span class=\"NormalTextRun SCXW210473200 BCX0\" data-ccp-parastyle=\"Copy\">gastos interminables y las molestias de programaci\u00f3n que vienen con la subcontrataci\u00f3n <\/span><span class=\"NormalTextRun SCXW210473200 BCX0\" data-ccp-parastyle=\"Copy\">de un <\/span><span class=\"NormalTextRun CommentStart CommentHighlightPipeRest CommentHighlightRest SCXW210473200 BCX0\" data-ccp-parastyle=\"Copy\">servicio de lavander\u00eda para restaurantes<\/span><span class=\"NormalTextRun CommentHighlightPipeRest SCXW210473200 BCX0\" data-ccp-parastyle=\"Copy\">. Gana control de tu presupuesto y horario con m\u00e1quinas f\u00e1ciles de usar que te permiten capacitar al personal r\u00e1pidamente y mejorar la eficiencia laboral<\/span><span class=\"NormalTextRun SCXW210473200 BCX0\" data-ccp-parastyle=\"Copy\">.<\/span> <span class=\"NormalTextRun SCXW210473200 BCX0\" data-ccp-parastyle=\"Copy\">UniMac lo hace f\u00e1cil con <\/span><span class=\"NormalTextRun SCXW210473200 BCX0\" data-ccp-parastyle=\"Copy\">financiamiento flexible <\/span><span class=\"NormalTextRun SCXW210473200 BCX0\" data-ccp-parastyle=\"Copy\">y decisiones de cr\u00e9dito r\u00e1pidas<\/span><span class=\"NormalTextRun SCXW210473200 BCX0\" data-ccp-parastyle=\"Copy\">.&nbsp;<\/span><\/span><span class=\"EOP SCXW210473200 BCX0\" data-ccp-props=\"{\">&nbsp;<\/span><\/p>\n<\/div><\/div><\/div><\/div><\/div><div class=\"fusion-fullwidth fullwidth-box fusion-builder-row-3 fusion-flex-container hundred-percent-fullwidth non-hundred-percent-height-scrolling\" style=\"--awb-border-radius-top-left:0px;--awb-border-radius-top-right:0px;--awb-border-radius-bottom-right:0px;--awb-border-radius-bottom-left:0px;--awb-padding-top:0px;--awb-padding-right:0px;--awb-padding-bottom:0px;--awb-padding-left:0px;--awb-min-height:600px;--awb-flex-wrap:wrap;\" ><div class=\"fusion-builder-row fusion-row fusion-flex-align-items-stretch fusion-flex-content-wrap\" style=\"width:calc( 100% + 0px ) !important;max-width:calc( 100% + 0px ) !important;margin-left: calc(-0px \/ 2 );margin-right: calc(-0px \/ 2 );\"><div class=\"fusion-layout-column fusion_builder_column fusion-builder-column-4 fusion_builder_column_1_2 1_2 fusion-flex-column\" style=\"--awb-bg-position:center center;--awb-bg-size:cover;--awb-width-large:50%;--awb-margin-top-large:0px;--awb-spacing-right-large:0px;--awb-margin-bottom-large:0px;--awb-spacing-left-large:0px;--awb-width-medium:40%;--awb-order-medium:0;--awb-spacing-right-medium:0px;--awb-spacing-left-medium:0px;--awb-width-small:100%;--awb-order-small:0;--awb-spacing-right-small:0px;--awb-spacing-left-small:0px;\"><div class=\"fusion-column-wrapper fusion-column-has-shadow fusion-flex-justify-content-flex-start fusion-content-layout-column\"><div class=\"fusion-image-element \" style=\"text-align:center;--awb-max-width:500px;--awb-caption-title-font-family:var(--h2_typography-font-family);--awb-caption-title-font-weight:var(--h2_typography-font-weight);--awb-caption-title-font-style:var(--h2_typography-font-style);--awb-caption-title-size:var(--h2_typography-font-size);--awb-caption-title-transform:var(--h2_typography-text-transform);--awb-caption-title-line-height:var(--h2_typography-line-height);--awb-caption-title-letter-spacing:var(--h2_typography-letter-spacing);\"><span class=\" fusion-imageframe imageframe-none imageframe-1 hover-type-none\"><img decoding=\"async\" width=\"1924\" height=\"3206\" title=\"UST050_OPL_Touch_Front\" data-src=\"https:\/\/unimac.com\/latam\/wp-content\/uploads\/sites\/16\/2022\/06\/UST050_OPL_Touch_Front.png\" alt class=\"img-responsive wp-image-18602 lazyload\" data-srcset=\"https:\/\/unimac.com\/latam\/wp-content\/uploads\/sites\/16\/2022\/06\/UST050_OPL_Touch_Front-200x333.png 200w, https:\/\/unimac.com\/latam\/wp-content\/uploads\/sites\/16\/2022\/06\/UST050_OPL_Touch_Front-400x667.png 400w, https:\/\/unimac.com\/latam\/wp-content\/uploads\/sites\/16\/2022\/06\/UST050_OPL_Touch_Front-600x1000.png 600w, https:\/\/unimac.com\/latam\/wp-content\/uploads\/sites\/16\/2022\/06\/UST050_OPL_Touch_Front-800x1333.png 800w, https:\/\/unimac.com\/latam\/wp-content\/uploads\/sites\/16\/2022\/06\/UST050_OPL_Touch_Front-1200x2000.png 1200w, https:\/\/unimac.com\/latam\/wp-content\/uploads\/sites\/16\/2022\/06\/UST050_OPL_Touch_Front.png 1924w\" data-sizes=\"(max-width: 767px) 100vw, 800px\" src=\"data:image\/svg+xml;base64,PHN2ZyB3aWR0aD0iMSIgaGVpZ2h0PSIxIiB4bWxucz0iaHR0cDovL3d3dy53My5vcmcvMjAwMC9zdmciPjwvc3ZnPg==\" style=\"--smush-placeholder-width: 1924px; --smush-placeholder-aspect-ratio: 1924\/3206;\" \/><\/span><\/div><\/div><\/div><div class=\"fusion-layout-column fusion_builder_column fusion-builder-column-5 fusion_builder_column_1_2 1_2 fusion-flex-column\" style=\"--awb-padding-top:60px;--awb-padding-right:5vw;--awb-padding-left:5vw;--awb-bg-size:cover;--awb-width-large:50%;--awb-margin-top-large:0px;--awb-spacing-right-large:0px;--awb-margin-bottom-large:0px;--awb-spacing-left-large:0px;--awb-width-medium:60%;--awb-order-medium:0;--awb-spacing-right-medium:0px;--awb-spacing-left-medium:0px;--awb-width-small:100%;--awb-order-small:0;--awb-spacing-right-small:0px;--awb-spacing-left-small:0px;\"><div class=\"fusion-column-wrapper fusion-column-has-shadow fusion-flex-justify-content-center fusion-content-layout-column\"><div class=\"fusion-text fusion-text-3\"><h3><span class=\"TextRun SCXW264917294 BCX0\" lang=\"EN-US\" xml:lang=\"EN-US\" data-contrast=\"none\"><span class=\"NormalTextRun SCXW264917294 BCX0\">Equipamiento <\/span><span class=\"NormalTextRun SCXW264917294 BCX0\">Robusto <\/span><span class=\"NormalTextRun SCXW264917294 BCX0\">con un Espacio Peque\u00f1o&nbsp;<\/span><\/span><span class=\"EOP SCXW264917294 BCX0\" data-ccp-props=\"{\">&nbsp;<\/span><\/h3>\n<p><span class=\"TextRun SCXW6132070 BCX0\" lang=\"EN-US\" xml:lang=\"EN-US\" data-contrast=\"none\"><span class=\"NormalTextRun CommentStart CommentHighlightPipeClicked CommentHighlightClicked CommentImportant SCXW6132070 BCX0\" data-ccp-parastyle=\"Copy\" data-ccp-parastyle-defn=\"{\">Nada aleja a los clientes m\u00e1s r\u00e1pido que un restaurante sucio. Asegura el m\u00e1s alto nivel de limpieza <\/span><span class=\"NormalTextRun CommentStart CommentHighlightPipeRest CommentHighlightClicked CommentImportant SCXW6132070 BCX0\" data-ccp-parastyle=\"Copy\">en la lavander\u00eda para hoteles y restaurantes<\/span><span class=\"NormalTextRun CommentHighlightPipeRest CommentHighlightClicked CommentImportant SCXW6132070 BCX0\" data-ccp-parastyle=\"Copy\">\u2014de manera constante con cada carga. Cuando el espacio es limitado, las m\u00e1quinas de UniMac son la respuesta para cargas de alta capacidad en un espacio reducido. Los ciclos programables y los controles intuitivos y multiling\u00fces ayudan a tu personal a trabajar de manera m\u00e1s eficiente, lo que hace que tu restaurante funcione de manera m\u00e1s fluida. <\/span><\/span><span class=\"EOP CommentHighlightPipeClicked SCXW6132070 BCX0\" data-ccp-props=\"{\">&nbsp;<\/span><\/p>\n<\/div><\/div><\/div><\/div><\/div><div class=\"fusion-fullwidth fullwidth-box fusion-builder-row-4 fusion-flex-container fusion-parallax-none nonhundred-percent-fullwidth non-hundred-percent-height-scrolling\" style=\"--awb-border-radius-top-left:0px;--awb-border-radius-top-right:0px;--awb-border-radius-bottom-right:0px;--awb-border-radius-bottom-left:0px;--awb-min-height:800px;--awb-min-height-medium:700px;--awb-min-height-small:650px;--awb-background-image:linear-gradient(180deg, var(--awb-color1) 0%,rgba(255,255,255,0) 34%),url(https:\/\/unimac.com\/latam\/wp-content\/uploads\/sites\/16\/2022\/06\/UniMac_UWx7_-Lineup.png);;--awb-background-size:cover;--awb-flex-wrap:wrap;\" ><div class=\"fusion-builder-row fusion-row fusion-flex-align-items-flex-start fusion-flex-content-wrap\" style=\"max-width:1456px;margin-left: calc(-4% \/ 2 );margin-right: calc(-4% \/ 2 );\"><div class=\"fusion-layout-column fusion_builder_column fusion-builder-column-6 fusion_builder_column_1_1 1_1 fusion-flex-column\" style=\"--awb-bg-size:cover;--awb-width-large:100%;--awb-margin-top-large:0px;--awb-spacing-right-large:1.92%;--awb-margin-bottom-large:0px;--awb-spacing-left-large:1.92%;--awb-width-medium:100%;--awb-order-medium:0;--awb-spacing-right-medium:1.92%;--awb-spacing-left-medium:1.92%;--awb-width-small:100%;--awb-order-small:0;--awb-spacing-right-small:1.92%;--awb-spacing-left-small:1.92%;\"><div class=\"fusion-column-wrapper fusion-column-has-shadow fusion-flex-justify-content-flex-start fusion-content-layout-column\"><div class=\"fusion-title title fusion-title-1 fusion-sep-none fusion-title-center fusion-title-text fusion-title-size-three\" style=\"--awb-text-color:var(--awb-color6);--awb-margin-top:0px;\"><h3 class=\"fusion-title-heading title-heading-center fusion-responsive-typography-calculated\" style=\"margin:0;--fontSize:40;--minFontSize:40;line-height:1.3;\">capacidades de lavander\u00eda de su restaurante<\/h3><\/div><div style=\"text-align:center;\"><a class=\"fusion-button button-flat fusion-button-default-size button-custom fusion-button-default button-1 fusion-button-default-span fusion-button-default-type\" style=\"--button_accent_color:var(--awb-color1);--button_accent_hover_color:var(--awb-color2);--button_border_hover_color:var(--awb-color1);--button_gradient_top_color:var(--awb-color6);--button_gradient_bottom_color:var(--awb-color6);--button_gradient_top_color_hover:var(--awb-color1);--button_gradient_bottom_color_hover:var(--awb-color1);--button_margin-top:30px;\" target=\"_self\" href=\"https:\/\/unimac.com\/latam\/contact\/distributor-locator\/\"><span class=\"fusion-button-text awb-button__text awb-button__text--default\">CONTACTA A TU DISTRIBUIDOR<\/span><i class=\"fa-angle-right fas awb-button__icon awb-button__icon--default button-icon-right\" aria-hidden=\"true\"><\/i><\/a><\/div><\/div><\/div><\/div><\/div><\/p>\n","protected":false},"excerpt":{"rendered":"","protected":false},"author":1,"featured_media":0,"parent":1121,"menu_order":0,"comment_status":"closed","ping_status":"closed","template":"100-width.php","meta":{"_acf_changed":false,"inline_featured_image":false,"footnotes":""},"class_list":["post-1342","page","type-page","status-publish","hentry"],"yoast_head":"<!-- This site is optimized with the Yoast SEO Premium plugin v23.4 (Yoast SEO v26.2) - https:\/\/yoast.com\/wordpress\/plugins\/seo\/ -->\n<title>Restaurant Laundry Equipment from UniMac\u00ae<\/title>\n<meta name=\"description\" content=\"Lighten your load with UniMac\u2019s\u00ae restaurant laundry equipment. Control laundry on your own schedule and make a clean impression to keep customers coming back.\" \/>\n<meta name=\"robots\" content=\"index, follow, max-snippet:-1, max-image-preview:large, max-video-preview:-1\" \/>\n<link rel=\"canonical\" href=\"https:\/\/unimac.com\/latam\/industrias\/restaurantes\/\" \/>\n<meta property=\"og:locale\" content=\"en_US\" \/>\n<meta property=\"og:type\" content=\"article\" \/>\n<meta property=\"og:title\" content=\"Restaurantes\" \/>\n<meta property=\"og:description\" content=\"Lighten your load with UniMac\u2019s\u00ae restaurant laundry equipment. Control laundry on your own schedule and make a clean impression to keep customers coming back.\" \/>\n<meta property=\"og:url\" content=\"https:\/\/unimac.com\/latam\/industrias\/restaurantes\/\" \/>\n<meta property=\"og:site_name\" content=\"Unimac Latam\" \/>\n<meta property=\"article:modified_time\" content=\"2023-08-11T15:46:20+00:00\" \/>\n<meta name=\"twitter:card\" content=\"summary_large_image\" \/>\n<meta name=\"twitter:label1\" content=\"Est. reading time\" \/>\n\t<meta name=\"twitter:data1\" content=\"12 minutes\" \/>\n<script type=\"application\/ld+json\" class=\"yoast-schema-graph\">{\"@context\":\"https:\/\/schema.org\",\"@graph\":[{\"@type\":\"WebPage\",\"@id\":\"https:\/\/unimac.com\/latam\/industrias\/restaurantes\/\",\"url\":\"https:\/\/unimac.com\/latam\/industrias\/restaurantes\/\",\"name\":\"Restaurant Laundry Equipment from UniMac\u00ae\",\"isPartOf\":{\"@id\":\"https:\/\/unimac.com\/latam\/#website\"},\"datePublished\":\"2019-08-06T22:18:39+00:00\",\"dateModified\":\"2023-08-11T15:46:20+00:00\",\"description\":\"Lighten your load with UniMac\u2019s\u00ae restaurant laundry equipment. Control laundry on your own schedule and make a clean impression to keep customers coming back.\",\"breadcrumb\":{\"@id\":\"https:\/\/unimac.com\/latam\/industrias\/restaurantes\/#breadcrumb\"},\"inLanguage\":\"en-US\",\"potentialAction\":[{\"@type\":\"ReadAction\",\"target\":[\"https:\/\/unimac.com\/latam\/industrias\/restaurantes\/\"]}]},{\"@type\":\"BreadcrumbList\",\"@id\":\"https:\/\/unimac.com\/latam\/industrias\/restaurantes\/#breadcrumb\",\"itemListElement\":[{\"@type\":\"ListItem\",\"position\":1,\"name\":\"Home\",\"item\":\"https:\/\/unimac.com\/latam\/\"},{\"@type\":\"ListItem\",\"position\":2,\"name\":\"Industrias\",\"item\":\"https:\/\/unimac.com\/latam\/industrias\/\"},{\"@type\":\"ListItem\",\"position\":3,\"name\":\"Restaurantes\"}]},{\"@type\":\"WebSite\",\"@id\":\"https:\/\/unimac.com\/latam\/#website\",\"url\":\"https:\/\/unimac.com\/latam\/\",\"name\":\"Unimac Latam\",\"description\":\"Maximum Performance\",\"publisher\":{\"@id\":\"https:\/\/unimac.com\/latam\/#organization\"},\"potentialAction\":[{\"@type\":\"SearchAction\",\"target\":{\"@type\":\"EntryPoint\",\"urlTemplate\":\"https:\/\/unimac.com\/latam\/?s={search_term_string}\"},\"query-input\":{\"@type\":\"PropertyValueSpecification\",\"valueRequired\":true,\"valueName\":\"search_term_string\"}}],\"inLanguage\":\"en-US\"},{\"@type\":\"Organization\",\"@id\":\"https:\/\/unimac.com\/latam\/#organization\",\"name\":\"Unimac\",\"url\":\"https:\/\/unimac.com\/latam\/\",\"logo\":{\"@type\":\"ImageObject\",\"inLanguage\":\"en-US\",\"@id\":\"https:\/\/unimac.com\/latam\/#\/schema\/logo\/image\/\",\"url\":\"https:\/\/unimac.com\/latam\/wp-content\/uploads\/sites\/16\/2020\/03\/unimac.png\",\"contentUrl\":\"https:\/\/unimac.com\/latam\/wp-content\/uploads\/sites\/16\/2020\/03\/unimac.png\",\"width\":1248,\"height\":843,\"caption\":\"Unimac\"},\"image\":{\"@id\":\"https:\/\/unimac.com\/latam\/#\/schema\/logo\/image\/\"}}]}<\/script>\n<!-- \/ Yoast SEO Premium plugin. -->","yoast_head_json":{"title":"Restaurant Laundry Equipment from UniMac\u00ae","description":"Lighten your load with UniMac\u2019s\u00ae restaurant laundry equipment. Control laundry on your own schedule and make a clean impression to keep customers coming back.","robots":{"index":"index","follow":"follow","max-snippet":"max-snippet:-1","max-image-preview":"max-image-preview:large","max-video-preview":"max-video-preview:-1"},"canonical":"https:\/\/unimac.com\/latam\/industrias\/restaurantes\/","og_locale":"en_US","og_type":"article","og_title":"Restaurantes","og_description":"Lighten your load with UniMac\u2019s\u00ae restaurant laundry equipment. Control laundry on your own schedule and make a clean impression to keep customers coming back.","og_url":"https:\/\/unimac.com\/latam\/industrias\/restaurantes\/","og_site_name":"Unimac Latam","article_modified_time":"2023-08-11T15:46:20+00:00","twitter_card":"summary_large_image","twitter_misc":{"Est. reading time":"12 minutes"},"schema":{"@context":"https:\/\/schema.org","@graph":[{"@type":"WebPage","@id":"https:\/\/unimac.com\/latam\/industrias\/restaurantes\/","url":"https:\/\/unimac.com\/latam\/industrias\/restaurantes\/","name":"Restaurant Laundry Equipment from UniMac\u00ae","isPartOf":{"@id":"https:\/\/unimac.com\/latam\/#website"},"datePublished":"2019-08-06T22:18:39+00:00","dateModified":"2023-08-11T15:46:20+00:00","description":"Lighten your load with UniMac\u2019s\u00ae restaurant laundry equipment. Control laundry on your own schedule and make a clean impression to keep customers coming back.","breadcrumb":{"@id":"https:\/\/unimac.com\/latam\/industrias\/restaurantes\/#breadcrumb"},"inLanguage":"en-US","potentialAction":[{"@type":"ReadAction","target":["https:\/\/unimac.com\/latam\/industrias\/restaurantes\/"]}]},{"@type":"BreadcrumbList","@id":"https:\/\/unimac.com\/latam\/industrias\/restaurantes\/#breadcrumb","itemListElement":[{"@type":"ListItem","position":1,"name":"Home","item":"https:\/\/unimac.com\/latam\/"},{"@type":"ListItem","position":2,"name":"Industrias","item":"https:\/\/unimac.com\/latam\/industrias\/"},{"@type":"ListItem","position":3,"name":"Restaurantes"}]},{"@type":"WebSite","@id":"https:\/\/unimac.com\/latam\/#website","url":"https:\/\/unimac.com\/latam\/","name":"Unimac Latam","description":"Maximum Performance","publisher":{"@id":"https:\/\/unimac.com\/latam\/#organization"},"potentialAction":[{"@type":"SearchAction","target":{"@type":"EntryPoint","urlTemplate":"https:\/\/unimac.com\/latam\/?s={search_term_string}"},"query-input":{"@type":"PropertyValueSpecification","valueRequired":true,"valueName":"search_term_string"}}],"inLanguage":"en-US"},{"@type":"Organization","@id":"https:\/\/unimac.com\/latam\/#organization","name":"Unimac","url":"https:\/\/unimac.com\/latam\/","logo":{"@type":"ImageObject","inLanguage":"en-US","@id":"https:\/\/unimac.com\/latam\/#\/schema\/logo\/image\/","url":"https:\/\/unimac.com\/latam\/wp-content\/uploads\/sites\/16\/2020\/03\/unimac.png","contentUrl":"https:\/\/unimac.com\/latam\/wp-content\/uploads\/sites\/16\/2020\/03\/unimac.png","width":1248,"height":843,"caption":"Unimac"},"image":{"@id":"https:\/\/unimac.com\/latam\/#\/schema\/logo\/image\/"}}]}},"acf":[],"_links":{"self":[{"href":"https:\/\/unimac.com\/latam\/wp-json\/wp\/v2\/pages\/1342","targetHints":{"allow":["GET"]}}],"collection":[{"href":"https:\/\/unimac.com\/latam\/wp-json\/wp\/v2\/pages"}],"about":[{"href":"https:\/\/unimac.com\/latam\/wp-json\/wp\/v2\/types\/page"}],"author":[{"embeddable":true,"href":"https:\/\/unimac.com\/latam\/wp-json\/wp\/v2\/users\/1"}],"replies":[{"embeddable":true,"href":"https:\/\/unimac.com\/latam\/wp-json\/wp\/v2\/comments?post=1342"}],"version-history":[{"count":47,"href":"https:\/\/unimac.com\/latam\/wp-json\/wp\/v2\/pages\/1342\/revisions"}],"predecessor-version":[{"id":19857,"href":"https:\/\/unimac.com\/latam\/wp-json\/wp\/v2\/pages\/1342\/revisions\/19857"}],"up":[{"embeddable":true,"href":"https:\/\/unimac.com\/latam\/wp-json\/wp\/v2\/pages\/1121"}],"wp:attachment":[{"href":"https:\/\/unimac.com\/latam\/wp-json\/wp\/v2\/media?parent=1342"}],"curies":[{"name":"wp","href":"https:\/\/api.w.org\/{rel}","templated":true}]}}