{"id":1372,"date":"2019-08-06T22:46:19","date_gmt":"2019-08-06T22:46:19","guid":{"rendered":"http:\/\/unimac.bitnamiapp.com\/?page_id=1372"},"modified":"2023-08-11T16:48:43","modified_gmt":"2023-08-11T16:48:43","slug":"precio-vs-costo","status":"publish","type":"page","link":"https:\/\/unimac.com\/latam\/arquitectos\/precio-vs-costo\/","title":{"rendered":"Precio vs. Costo"},"content":{"rendered":"<p><div class=\"fusion-fullwidth fullwidth-box fusion-builder-row-1 fusion-flex-container nonhundred-percent-fullwidth non-hundred-percent-height-scrolling\" style=\"--awb-border-radius-top-left:0px;--awb-border-radius-top-right:0px;--awb-border-radius-bottom-right:0px;--awb-border-radius-bottom-left:0px;--awb-padding-top:50px;--awb-padding-bottom:50px;--awb-background-color:var(--awb-color2);--awb-flex-wrap:wrap;\" ><div class=\"fusion-builder-row fusion-row fusion-flex-align-items-center fusion-flex-justify-content-center fusion-flex-content-wrap\" style=\"max-width:1456px;margin-left: calc(-4% \/ 2 );margin-right: calc(-4% \/ 2 );\"><div class=\"fusion-layout-column fusion_builder_column fusion-builder-column-0 fusion_builder_column_3_5 3_5 fusion-flex-column\" style=\"--awb-bg-size:cover;--awb-width-large:60%;--awb-margin-top-large:0px;--awb-spacing-right-large:3.2%;--awb-margin-bottom-large:0px;--awb-spacing-left-large:3.2%;--awb-width-medium:80%;--awb-order-medium:0;--awb-spacing-right-medium:2.4%;--awb-spacing-left-medium:2.4%;--awb-width-small:100%;--awb-order-small:0;--awb-spacing-right-small:1.92%;--awb-spacing-left-small:1.92%;\"><div class=\"fusion-column-wrapper fusion-column-has-shadow fusion-flex-justify-content-flex-start fusion-content-layout-column\"><div class=\"fusion-text fusion-text-1\" style=\"--awb-text-color:var(--awb-color1);\"><h1 style=\"text-align: center\">LA DIFERENCIA ENTRE EL PRECIO Y EL COSTO DEL EQUIPO DE LAVANDER\u00cdA<\/h1>\n<p style=\"text-align: center\">El precio es la cantidad de dinero que pagas por el equipo de lavander\u00eda. El costo es la cantidad de dinero que pagas por operar el equipo de lavander\u00eda a lo largo de su vida \u00fatil. A veces esto se llama el Costo Total de Propiedad. Hay cinco puntos clave que afectan al Costo Total de Propiedad.<\/p>\n<\/div><\/div><\/div><\/div><\/div><div class=\"fusion-fullwidth fullwidth-box fusion-builder-row-2 fusion-flex-container nonhundred-percent-fullwidth non-hundred-percent-height-scrolling\" style=\"--awb-border-radius-top-left:0px;--awb-border-radius-top-right:0px;--awb-border-radius-bottom-right:0px;--awb-border-radius-bottom-left:0px;--awb-padding-top:50px;--awb-padding-bottom:50px;--awb-flex-wrap:wrap;\" ><div class=\"fusion-builder-row fusion-row fusion-flex-align-items-center fusion-flex-justify-content-center fusion-flex-content-wrap\" style=\"max-width:1456px;margin-left: calc(-4% \/ 2 );margin-right: calc(-4% \/ 2 );\"><div class=\"fusion-layout-column fusion_builder_column fusion-builder-column-1 fusion_builder_column_3_5 3_5 fusion-flex-column\" style=\"--awb-bg-size:cover;--awb-width-large:60%;--awb-margin-top-large:0px;--awb-spacing-right-large:3.2%;--awb-margin-bottom-large:0px;--awb-spacing-left-large:3.2%;--awb-width-medium:80%;--awb-order-medium:0;--awb-spacing-right-medium:2.4%;--awb-spacing-left-medium:2.4%;--awb-width-small:100%;--awb-order-small:0;--awb-spacing-right-small:1.92%;--awb-spacing-left-small:1.92%;\"><div class=\"fusion-column-wrapper fusion-column-has-shadow fusion-flex-justify-content-flex-start fusion-content-layout-column\"><div class=\"fusion-text fusion-text-2\"><h3 style=\"text-align: center\">1. Costo de mano de obra<\/h3>\n<p>Dado que el costo de la mano de obra es el m\u00e1s grande al operar m\u00e1quinas de lavander\u00eda industrial, es muy importante buscar equipos de lavander\u00eda que puedan ayudar a reducir los tiempos de ciclo. Si se puede acortar el tiempo del ciclo de lavado con caracter\u00edsticas especiales, tu lavander\u00eda no tendr\u00e1 que operar durante tantas horas. Por ejemplo, muchas de las lavadoras m\u00e1s econ\u00f3micas utilizan v\u00e1lvulas de agua de 1\/2&#8243;. Si tu lavander\u00eda lava 10 cargas al d\u00eda, una lavadora con v\u00e1lvulas de agua de 3\/4&#8243; en comparaci\u00f3n con las de 1\/2&#8243; podr\u00eda ahorrarte 30 minutos de tiempo de operaci\u00f3n.<\/p>\n<p>Las lavadoras m\u00e1s econ\u00f3micas suelen tener velocidades de extracci\u00f3n m\u00e1s bajas. Para obtener el Costo Total de Propiedad m\u00e1s bajo, deber\u00edas invertir en velocidades de extracci\u00f3n m\u00e1s altas para eliminar m\u00e1s agua de las prendas. Esto permite que las prendas se sequen m\u00e1s r\u00e1pido. Si la eficiencia de extracci\u00f3n se mide en fuerza G, una lavadora con 300 G-force eliminar\u00e1 significativamente m\u00e1s agua que una lavadora con 90 G-force. \u00a1La diferencia de tiempo de secado en una carga de 60 libras de toallas de felpa puede ser de casi diez minutos! \u00bfCu\u00e1nta mano de obra puedes ahorrar en tu operaci\u00f3n al reducir diez minutos en cada carga de toallas?<\/p>\n<\/div><\/div><\/div><\/div><\/div><div class=\"fusion-fullwidth fullwidth-box fusion-builder-row-3 fusion-flex-container nonhundred-percent-fullwidth non-hundred-percent-height-scrolling\" style=\"--awb-border-radius-top-left:0px;--awb-border-radius-top-right:0px;--awb-border-radius-bottom-right:0px;--awb-border-radius-bottom-left:0px;--awb-padding-top:50px;--awb-padding-bottom:50px;--awb-background-color:var(--awb-color3);--awb-flex-wrap:wrap;\" ><div class=\"fusion-builder-row fusion-row fusion-flex-align-items-center fusion-flex-justify-content-center fusion-flex-content-wrap\" style=\"max-width:1456px;margin-left: calc(-4% \/ 2 );margin-right: calc(-4% \/ 2 );\"><div class=\"fusion-layout-column fusion_builder_column fusion-builder-column-2 fusion_builder_column_3_5 3_5 fusion-flex-column\" style=\"--awb-bg-size:cover;--awb-width-large:60%;--awb-margin-top-large:0px;--awb-spacing-right-large:3.2%;--awb-margin-bottom-large:0px;--awb-spacing-left-large:3.2%;--awb-width-medium:80%;--awb-order-medium:0;--awb-spacing-right-medium:2.4%;--awb-spacing-left-medium:2.4%;--awb-width-small:100%;--awb-order-small:0;--awb-spacing-right-small:1.92%;--awb-spacing-left-small:1.92%;\"><div class=\"fusion-column-wrapper fusion-column-has-shadow fusion-flex-justify-content-flex-start fusion-content-layout-column\"><div class=\"fusion-text fusion-text-3\"><h3 style=\"text-align: center\">2. Costo del gas natural<\/h3>\n<p style=\"text-align: center\">Los precios del gas natural est\u00e1n en su punto m\u00e1s alto. Los servicios p\u00fablicos son un costo controlable que a menudo se pasa por alto al considerar qu\u00e9 lavadoras y secadoras comerciales comprar. Utilizando el escenario de 300 G-force frente a 90 G-force, podr\u00edas ahorrar m\u00e1s de $1,000 al a\u00f1o al reducir el tiempo que operas una secadora de tambor comercial de gas. \u00bfCu\u00e1nto dinero puedes ahorrar en tu factura de servicios p\u00fablicos al reducir diez minutos de tiempo de secado en cada carga de toallas?<\/p>\n<\/div><\/div><\/div><\/div><\/div><div class=\"fusion-fullwidth fullwidth-box fusion-builder-row-4 fusion-flex-container nonhundred-percent-fullwidth non-hundred-percent-height-scrolling\" style=\"--awb-border-radius-top-left:0px;--awb-border-radius-top-right:0px;--awb-border-radius-bottom-right:0px;--awb-border-radius-bottom-left:0px;--awb-padding-top:50px;--awb-padding-bottom:50px;--awb-flex-wrap:wrap;\" ><div class=\"fusion-builder-row fusion-row fusion-flex-align-items-center fusion-flex-justify-content-center fusion-flex-content-wrap\" style=\"max-width:1456px;margin-left: calc(-4% \/ 2 );margin-right: calc(-4% \/ 2 );\"><div class=\"fusion-layout-column fusion_builder_column fusion-builder-column-3 fusion_builder_column_3_5 3_5 fusion-flex-column\" style=\"--awb-bg-size:cover;--awb-width-large:60%;--awb-margin-top-large:0px;--awb-spacing-right-large:3.2%;--awb-margin-bottom-large:0px;--awb-spacing-left-large:3.2%;--awb-width-medium:80%;--awb-order-medium:0;--awb-spacing-right-medium:2.4%;--awb-spacing-left-medium:2.4%;--awb-width-small:100%;--awb-order-small:0;--awb-spacing-right-small:1.92%;--awb-spacing-left-small:1.92%;\"><div class=\"fusion-column-wrapper fusion-column-has-shadow fusion-flex-justify-content-flex-start fusion-content-layout-column\"><div class=\"fusion-text fusion-text-4\"><h3 style=\"text-align: center\">3. Valor por tu dinero<\/h3>\n<p style=\"text-align: center\">Si hay una diferencia importante en el precio de dos lavadoras, probablemente haya una raz\u00f3n. Una de las m\u00e1quinas probablemente tenga componentes de mayor calidad o caracter\u00edsticas adicionales. Observa el peso total de la m\u00e1quina. El peso generalmente indica si el marco o los rodamientos est\u00e1n construidos con un est\u00e1ndar m\u00e1s alto y es m\u00e1s probable que te brinden a\u00f1os de servicio prolongados. Esto incluso puede reducir los costos de mantenimiento a lo largo de la vida del producto. Los paneles de acero inoxidable frente a los paneles pintados valen la pena gastar un poco m\u00e1s de dinero. Especialmente despu\u00e9s de que los productos qu\u00edmicos de lavander\u00eda hayan corro\u00eddo los lados pintados. Busca las peque\u00f1as diferencias que importar\u00e1n uno o dos a\u00f1os despu\u00e9s de haber realizado la compra.<\/p>\n<\/div><\/div><\/div><\/div><\/div><div class=\"fusion-fullwidth fullwidth-box fusion-builder-row-5 fusion-flex-container nonhundred-percent-fullwidth non-hundred-percent-height-scrolling\" style=\"--awb-border-radius-top-left:0px;--awb-border-radius-top-right:0px;--awb-border-radius-bottom-right:0px;--awb-border-radius-bottom-left:0px;--awb-padding-top:50px;--awb-padding-bottom:50px;--awb-background-color:var(--awb-color3);--awb-flex-wrap:wrap;\" ><div class=\"fusion-builder-row fusion-row fusion-flex-align-items-center fusion-flex-justify-content-center fusion-flex-content-wrap\" style=\"max-width:1456px;margin-left: calc(-4% \/ 2 );margin-right: calc(-4% \/ 2 );\"><div class=\"fusion-layout-column fusion_builder_column fusion-builder-column-4 fusion_builder_column_3_5 3_5 fusion-flex-column\" style=\"--awb-bg-size:cover;--awb-width-large:60%;--awb-margin-top-large:0px;--awb-spacing-right-large:3.2%;--awb-margin-bottom-large:0px;--awb-spacing-left-large:3.2%;--awb-width-medium:80%;--awb-order-medium:0;--awb-spacing-right-medium:2.4%;--awb-spacing-left-medium:2.4%;--awb-width-small:100%;--awb-order-small:0;--awb-spacing-right-small:1.92%;--awb-spacing-left-small:1.92%;\"><div class=\"fusion-column-wrapper fusion-column-has-shadow fusion-flex-justify-content-flex-start fusion-content-layout-column\"><div class=\"fusion-text fusion-text-5\"><h3 style=\"text-align: center\">4. Rendimiento comprobado<\/h3>\n<p style=\"text-align: center\">El rendimiento pasado suele ser el mejor indicador del rendimiento futuro. \u00bfQu\u00e9 sabes sobre la m\u00e1quina que est\u00e1s considerando? \u00bfConoces a alguien que haya utilizado esta marca de m\u00e1quina durante m\u00e1s de cinco a\u00f1os? \u00bfQu\u00e9 sabes sobre la empresa a la que est\u00e1s comprando? \u00bfC\u00f3mo te brindar\u00e1n servicio en el futuro? \u00bfCu\u00e1ntos t\u00e9cnicos de servicio tienen? \u00bfCu\u00e1ntas horas tardan en responder a tus futuras necesidades de servicio? Vale la pena pagar un poco m\u00e1s por un buen soporte de servicio para el equipo.<\/p>\n<\/div><\/div><\/div><\/div><\/div><div class=\"fusion-fullwidth fullwidth-box fusion-builder-row-6 fusion-flex-container nonhundred-percent-fullwidth non-hundred-percent-height-scrolling\" style=\"--awb-border-radius-top-left:0px;--awb-border-radius-top-right:0px;--awb-border-radius-bottom-right:0px;--awb-border-radius-bottom-left:0px;--awb-padding-top:50px;--awb-padding-bottom:50px;--awb-flex-wrap:wrap;\" ><div class=\"fusion-builder-row fusion-row fusion-flex-align-items-center fusion-flex-justify-content-center fusion-flex-content-wrap\" style=\"max-width:1456px;margin-left: calc(-4% \/ 2 );margin-right: calc(-4% \/ 2 );\"><div class=\"fusion-layout-column fusion_builder_column fusion-builder-column-5 fusion_builder_column_3_5 3_5 fusion-flex-column\" style=\"--awb-bg-size:cover;--awb-width-large:60%;--awb-margin-top-large:0px;--awb-spacing-right-large:3.2%;--awb-margin-bottom-large:0px;--awb-spacing-left-large:3.2%;--awb-width-medium:80%;--awb-order-medium:0;--awb-spacing-right-medium:2.4%;--awb-spacing-left-medium:2.4%;--awb-width-small:100%;--awb-order-small:0;--awb-spacing-right-small:1.92%;--awb-spacing-left-small:1.92%;\"><div class=\"fusion-column-wrapper fusion-column-has-shadow fusion-flex-justify-content-flex-start fusion-content-layout-column\"><div class=\"fusion-text fusion-text-6\"><h3 style=\"text-align: center\">5. Garant\u00eda<\/h3>\n<p>Aseg\u00farate de leer la letra peque\u00f1a de la garant\u00eda. Presta atenci\u00f3n a la garant\u00eda limitada de piezas. Algunas compa\u00f1\u00edas no garantizan los componentes desgastables, mientras que otras ofrecen garant\u00edas m\u00e1s completas. El per\u00edodo de garant\u00eda de la industria var\u00eda de uno a tres a\u00f1os; aseg\u00farate de que el proveedor m\u00e1s econ\u00f3mico tenga la misma garant\u00eda. Tambi\u00e9n aseg\u00farate de tener los detalles de la garant\u00eda por escrito. Contar con la garant\u00eda m\u00e1s larga y completa deber\u00eda reducir tu Costo Total de Propiedad.<\/p>\n<p>Cuando compres equipo de lavander\u00eda, busca los productos que reduzcan tu Costo Total de Propiedad. Aseg\u00farate de entender la diferencia entre Precio y Costo.<\/p>\n<p>Muchas de las compa\u00f1\u00edas m\u00e1s grandes del mundo est\u00e1n utilizando equipos de lavander\u00eda UniMac\u00ae, lo que convierte a UniMac en la marca n\u00famero uno en ventas en Am\u00e9rica.<\/p>\n<\/div><\/div><\/div><\/div><\/div><\/p>\n","protected":false},"excerpt":{"rendered":"","protected":false},"author":1,"featured_media":0,"parent":1123,"menu_order":0,"comment_status":"closed","ping_status":"closed","template":"100-width.php","meta":{"_acf_changed":false,"inline_featured_image":false,"footnotes":""},"class_list":["post-1372","page","type-page","status-publish","hentry"],"yoast_head":"<!-- This site is optimized with the Yoast SEO Premium plugin v23.4 (Yoast SEO v26.2) - https:\/\/yoast.com\/wordpress\/plugins\/seo\/ -->\n<title>Precio vs. Costo - Unimac Latam<\/title>\n<meta name=\"robots\" content=\"index, follow, max-snippet:-1, max-image-preview:large, max-video-preview:-1\" \/>\n<link rel=\"canonical\" href=\"https:\/\/unimac.com\/latam\/arquitectos\/precio-vs-costo\/\" \/>\n<meta property=\"og:locale\" content=\"en_US\" \/>\n<meta property=\"og:type\" content=\"article\" \/>\n<meta property=\"og:title\" content=\"Precio vs. Costo\" \/>\n<meta property=\"og:url\" content=\"https:\/\/unimac.com\/latam\/arquitectos\/precio-vs-costo\/\" \/>\n<meta property=\"og:site_name\" content=\"Unimac Latam\" \/>\n<meta property=\"article:modified_time\" content=\"2023-08-11T16:48:43+00:00\" \/>\n<meta name=\"twitter:card\" content=\"summary_large_image\" \/>\n<meta name=\"twitter:label1\" content=\"Est. reading time\" \/>\n\t<meta name=\"twitter:data1\" content=\"15 minutes\" \/>\n<script type=\"application\/ld+json\" class=\"yoast-schema-graph\">{\"@context\":\"https:\/\/schema.org\",\"@graph\":[{\"@type\":\"WebPage\",\"@id\":\"https:\/\/unimac.com\/latam\/arquitectos\/precio-vs-costo\/\",\"url\":\"https:\/\/unimac.com\/latam\/arquitectos\/precio-vs-costo\/\",\"name\":\"Precio vs. Costo - Unimac Latam\",\"isPartOf\":{\"@id\":\"https:\/\/unimac.com\/latam\/#website\"},\"datePublished\":\"2019-08-06T22:46:19+00:00\",\"dateModified\":\"2023-08-11T16:48:43+00:00\",\"breadcrumb\":{\"@id\":\"https:\/\/unimac.com\/latam\/arquitectos\/precio-vs-costo\/#breadcrumb\"},\"inLanguage\":\"en-US\",\"potentialAction\":[{\"@type\":\"ReadAction\",\"target\":[\"https:\/\/unimac.com\/latam\/arquitectos\/precio-vs-costo\/\"]}]},{\"@type\":\"BreadcrumbList\",\"@id\":\"https:\/\/unimac.com\/latam\/arquitectos\/precio-vs-costo\/#breadcrumb\",\"itemListElement\":[{\"@type\":\"ListItem\",\"position\":1,\"name\":\"Home\",\"item\":\"https:\/\/unimac.com\/latam\/\"},{\"@type\":\"ListItem\",\"position\":2,\"name\":\"Arquitectos\",\"item\":\"https:\/\/unimac.com\/latam\/arquitectos\/\"},{\"@type\":\"ListItem\",\"position\":3,\"name\":\"Precio vs. Costo\"}]},{\"@type\":\"WebSite\",\"@id\":\"https:\/\/unimac.com\/latam\/#website\",\"url\":\"https:\/\/unimac.com\/latam\/\",\"name\":\"Unimac Latam\",\"description\":\"Maximum Performance\",\"publisher\":{\"@id\":\"https:\/\/unimac.com\/latam\/#organization\"},\"potentialAction\":[{\"@type\":\"SearchAction\",\"target\":{\"@type\":\"EntryPoint\",\"urlTemplate\":\"https:\/\/unimac.com\/latam\/?s={search_term_string}\"},\"query-input\":{\"@type\":\"PropertyValueSpecification\",\"valueRequired\":true,\"valueName\":\"search_term_string\"}}],\"inLanguage\":\"en-US\"},{\"@type\":\"Organization\",\"@id\":\"https:\/\/unimac.com\/latam\/#organization\",\"name\":\"Unimac\",\"url\":\"https:\/\/unimac.com\/latam\/\",\"logo\":{\"@type\":\"ImageObject\",\"inLanguage\":\"en-US\",\"@id\":\"https:\/\/unimac.com\/latam\/#\/schema\/logo\/image\/\",\"url\":\"https:\/\/unimac.com\/latam\/wp-content\/uploads\/sites\/16\/2020\/03\/unimac.png\",\"contentUrl\":\"https:\/\/unimac.com\/latam\/wp-content\/uploads\/sites\/16\/2020\/03\/unimac.png\",\"width\":1248,\"height\":843,\"caption\":\"Unimac\"},\"image\":{\"@id\":\"https:\/\/unimac.com\/latam\/#\/schema\/logo\/image\/\"}}]}<\/script>\n<!-- \/ Yoast SEO Premium plugin. -->","yoast_head_json":{"title":"Precio vs. Costo - Unimac Latam","robots":{"index":"index","follow":"follow","max-snippet":"max-snippet:-1","max-image-preview":"max-image-preview:large","max-video-preview":"max-video-preview:-1"},"canonical":"https:\/\/unimac.com\/latam\/arquitectos\/precio-vs-costo\/","og_locale":"en_US","og_type":"article","og_title":"Precio vs. Costo","og_url":"https:\/\/unimac.com\/latam\/arquitectos\/precio-vs-costo\/","og_site_name":"Unimac Latam","article_modified_time":"2023-08-11T16:48:43+00:00","twitter_card":"summary_large_image","twitter_misc":{"Est. reading time":"15 minutes"},"schema":{"@context":"https:\/\/schema.org","@graph":[{"@type":"WebPage","@id":"https:\/\/unimac.com\/latam\/arquitectos\/precio-vs-costo\/","url":"https:\/\/unimac.com\/latam\/arquitectos\/precio-vs-costo\/","name":"Precio vs. Costo - Unimac Latam","isPartOf":{"@id":"https:\/\/unimac.com\/latam\/#website"},"datePublished":"2019-08-06T22:46:19+00:00","dateModified":"2023-08-11T16:48:43+00:00","breadcrumb":{"@id":"https:\/\/unimac.com\/latam\/arquitectos\/precio-vs-costo\/#breadcrumb"},"inLanguage":"en-US","potentialAction":[{"@type":"ReadAction","target":["https:\/\/unimac.com\/latam\/arquitectos\/precio-vs-costo\/"]}]},{"@type":"BreadcrumbList","@id":"https:\/\/unimac.com\/latam\/arquitectos\/precio-vs-costo\/#breadcrumb","itemListElement":[{"@type":"ListItem","position":1,"name":"Home","item":"https:\/\/unimac.com\/latam\/"},{"@type":"ListItem","position":2,"name":"Arquitectos","item":"https:\/\/unimac.com\/latam\/arquitectos\/"},{"@type":"ListItem","position":3,"name":"Precio vs. Costo"}]},{"@type":"WebSite","@id":"https:\/\/unimac.com\/latam\/#website","url":"https:\/\/unimac.com\/latam\/","name":"Unimac Latam","description":"Maximum Performance","publisher":{"@id":"https:\/\/unimac.com\/latam\/#organization"},"potentialAction":[{"@type":"SearchAction","target":{"@type":"EntryPoint","urlTemplate":"https:\/\/unimac.com\/latam\/?s={search_term_string}"},"query-input":{"@type":"PropertyValueSpecification","valueRequired":true,"valueName":"search_term_string"}}],"inLanguage":"en-US"},{"@type":"Organization","@id":"https:\/\/unimac.com\/latam\/#organization","name":"Unimac","url":"https:\/\/unimac.com\/latam\/","logo":{"@type":"ImageObject","inLanguage":"en-US","@id":"https:\/\/unimac.com\/latam\/#\/schema\/logo\/image\/","url":"https:\/\/unimac.com\/latam\/wp-content\/uploads\/sites\/16\/2020\/03\/unimac.png","contentUrl":"https:\/\/unimac.com\/latam\/wp-content\/uploads\/sites\/16\/2020\/03\/unimac.png","width":1248,"height":843,"caption":"Unimac"},"image":{"@id":"https:\/\/unimac.com\/latam\/#\/schema\/logo\/image\/"}}]}},"acf":[],"_links":{"self":[{"href":"https:\/\/unimac.com\/latam\/wp-json\/wp\/v2\/pages\/1372","targetHints":{"allow":["GET"]}}],"collection":[{"href":"https:\/\/unimac.com\/latam\/wp-json\/wp\/v2\/pages"}],"about":[{"href":"https:\/\/unimac.com\/latam\/wp-json\/wp\/v2\/types\/page"}],"author":[{"embeddable":true,"href":"https:\/\/unimac.com\/latam\/wp-json\/wp\/v2\/users\/1"}],"replies":[{"embeddable":true,"href":"https:\/\/unimac.com\/latam\/wp-json\/wp\/v2\/comments?post=1372"}],"version-history":[{"count":6,"href":"https:\/\/unimac.com\/latam\/wp-json\/wp\/v2\/pages\/1372\/revisions"}],"predecessor-version":[{"id":19871,"href":"https:\/\/unimac.com\/latam\/wp-json\/wp\/v2\/pages\/1372\/revisions\/19871"}],"up":[{"embeddable":true,"href":"https:\/\/unimac.com\/latam\/wp-json\/wp\/v2\/pages\/1123"}],"wp:attachment":[{"href":"https:\/\/unimac.com\/latam\/wp-json\/wp\/v2\/media?parent=1372"}],"curies":[{"name":"wp","href":"https:\/\/api.w.org\/{rel}","templated":true}]}}