{"id":1692,"date":"2019-08-16T07:14:42","date_gmt":"2019-08-16T07:14:42","guid":{"rendered":"http:\/\/unimac.bitnamiapp.com\/?page_id=1692"},"modified":"2023-08-10T12:44:15","modified_gmt":"2023-08-10T12:44:15","slug":"localizador-de-distribuidores","status":"publish","type":"page","link":"https:\/\/unimac.com\/latam\/localizador-de-distribuidores\/","title":{"rendered":"LOCALIZADOR DE DISTRIBUIDORES"},"content":{"rendered":"<div class=\"fusion-fullwidth fullwidth-box fusion-builder-row-1 fusion-flex-container fusion-parallax-none bg-red text-white nonhundred-percent-fullwidth non-hundred-percent-height-scrolling\" style=\"--awb-border-radius-top-left:0px;--awb-border-radius-top-right:0px;--awb-border-radius-bottom-right:0px;--awb-border-radius-bottom-left:0px;--awb-padding-top:40px;--awb-padding-bottom:0px;--awb-background-image:url(&quot;https:\/\/unimac.com\/latam\/wp-content\/uploads\/sites\/16\/2022\/04\/bg-red-gradient-300x93.jpg&quot;);--awb-background-size:cover;--awb-flex-wrap:wrap;\" ><div class=\"fusion-builder-row fusion-row fusion-flex-align-items-flex-start fusion-flex-justify-content-center fusion-flex-content-wrap\" style=\"max-width:1456px;margin-left: calc(-4% \/ 2 );margin-right: calc(-4% \/ 2 );\"><div class=\"fusion-layout-column fusion_builder_column fusion-builder-column-0 fusion_builder_column_1_1 1_1 fusion-flex-column\" style=\"--awb-bg-blend:overlay;--awb-bg-size:cover;--awb-width-large:100%;--awb-margin-top-large:0px;--awb-spacing-right-large:1.92%;--awb-margin-bottom-large:0px;--awb-spacing-left-large:1.92%;--awb-width-medium:100%;--awb-spacing-right-medium:1.92%;--awb-spacing-left-medium:1.92%;--awb-width-small:100%;--awb-spacing-right-small:1.92%;--awb-spacing-left-small:1.92%;\"><div class=\"fusion-column-wrapper fusion-column-has-shadow fusion-flex-justify-content-flex-start fusion-content-layout-column\"><div class=\"fusion-title title fusion-title-1 fusion-sep-none fusion-title-center fusion-title-text fusion-title-size-one\" style=\"--awb-text-color:var(--awb-color1);--awb-margin-top:40px;--awb-margin-bottom:40px;\"><h1 class=\"fusion-title-heading title-heading-center fusion-responsive-typography-calculated\" style=\"margin:0;--fontSize:60;line-height:1.16;\">Localizador de Distribuidores en Am\u00e9rica del Norte<\/h1><\/div><\/div><\/div><div class=\"fusion-layout-column fusion_builder_column fusion-builder-column-1 fusion_builder_column_2_3 2_3 fusion-flex-column\" style=\"--awb-bg-blend:overlay;--awb-bg-size:cover;--awb-width-large:66.666666666667%;--awb-margin-top-large:0px;--awb-spacing-right-large:2.88%;--awb-margin-bottom-large:0px;--awb-spacing-left-large:2.88%;--awb-width-medium:66.666666666667%;--awb-spacing-right-medium:2.88%;--awb-spacing-left-medium:2.88%;--awb-width-small:100%;--awb-spacing-right-small:1.92%;--awb-spacing-left-small:1.92%;\"><div class=\"fusion-column-wrapper fusion-column-has-shadow fusion-flex-justify-content-flex-start fusion-content-layout-column\"><div class=\"fusion-text fusion-text-1\"><p style=\"text-align: center\"><strong>Los distribuidores de UniMac<sup style=\"font-size: 8px;line-height: 0;vertical-align: 4px\">\u00ae<\/sup> son los expertos locales en lavander\u00eda.<\/strong> Pueden ayudarte con todo, desde identificar tus necesidades de equipos y dimensionamiento de lavander\u00eda, dise\u00f1o y instalaci\u00f3n de distribuci\u00f3n, financiamiento, servicio y soporte l\u00edder en la industria.<\/p>\n<p style=\"text-align: center\"><strong>Para localizar un distribuidor de UniMac en tu \u00e1rea, simplemente ingresa tu c\u00f3digo postal en el cuadro de abajo. Si est\u00e1s buscando ubicaciones fuera de Estados Unidos o Canad\u00e1, por favor <a href=\"https:\/\/unimac.com\/latam\/international\/contact\/distributor-locator\/\">haz clic aqu\u00ed<\/a>.<\/strong><\/p>\n<\/div><\/div><\/div><div class=\"fusion-layout-column fusion_builder_column fusion-builder-column-2 fusion_builder_column_1_1 1_1 fusion-flex-column\" style=\"--awb-bg-size:cover;--awb-width-large:100%;--awb-margin-top-large:0px;--awb-spacing-right-large:1.92%;--awb-margin-bottom-large:0px;--awb-spacing-left-large:1.92%;--awb-width-medium:100%;--awb-order-medium:0;--awb-spacing-right-medium:1.92%;--awb-spacing-left-medium:1.92%;--awb-width-small:100%;--awb-order-small:0;--awb-spacing-right-small:1.92%;--awb-spacing-left-small:1.92%;\"><div class=\"fusion-column-wrapper fusion-column-has-shadow fusion-flex-justify-content-flex-start fusion-content-layout-column\"><div class=\"fusion-text fusion-text-2\"><div class=\"fusion-flex-container primary-content spacious\"> \n\t<div class=\"fusion-builder-row fusion-row text-center\" id=\"dealer_locator_wrapper\">\n\t\t<div class=\"fusion-column-wrapper fusion-content-layout-column column-1-1\">\n\t\t\t\n\t\t\t<form id=\"dealer_locator\">\n\t\t\t\t<div class=\"field\" id=\"zipcode_wrapper\">\n\t\t\t\t\t<label for=\"zip\">Enter ZIP<\/label>\n\t\t\t\t\t<input type=\"text\" name=\"zip\" id=\"zip\">\n\t\t\t\t<\/div>\n\t\t\t\t<div class=\"field\">\n\t\t\t\t\t<div class=\"button-wrapper\">\n\t\t\t\t\t\t<input type=\"submit\" value=\"submit\" class=\"fusion-button button-flat fusion-button-default-size button-default fusion-button-default-type\">\n\n\t\t\t\t\t\t<a href=\"#\" id=\"reset_locator\" class=\"fusion-button button-flat fusion-button-default-size button-white-border fusion-button-outline-type button-white\">Reset<\/a>\n\t\t\t\t\t<\/div>\n\t\t\t\t<\/div>\n\t\t\t<\/form>\n\t\t\t<div id=\"dealer_locator_results\"><\/div>\n\t\t<\/div>\n\t<\/div>\n<\/div>\n<\/div><\/div><\/div><\/div><\/div>\n","protected":false},"excerpt":{"rendered":"","protected":false},"author":5,"featured_media":0,"parent":0,"menu_order":0,"comment_status":"closed","ping_status":"closed","template":"100-width.php","meta":{"_acf_changed":false,"inline_featured_image":false,"footnotes":""},"class_list":["post-1692","page","type-page","status-publish","hentry"],"yoast_head":"<!-- This site is optimized with the Yoast SEO Premium plugin v23.4 (Yoast SEO v26.2) - https:\/\/yoast.com\/wordpress\/plugins\/seo\/ -->\n<title>Contact UniMac - Locate a Distributor | UniMac<\/title>\n<meta name=\"description\" content=\"UniMac distributors are your local laundry experts. They can assist you with everything from installation to financing, service and industry-leading support.\" \/>\n<meta name=\"robots\" content=\"index, follow, max-snippet:-1, max-image-preview:large, max-video-preview:-1\" \/>\n<link rel=\"canonical\" href=\"https:\/\/unimac.com\/latam\/localizador-de-distribuidores\/\" \/>\n<meta property=\"og:locale\" content=\"en_US\" \/>\n<meta property=\"og:type\" content=\"article\" \/>\n<meta property=\"og:title\" content=\"LOCALIZADOR DE DISTRIBUIDORES\" \/>\n<meta property=\"og:description\" content=\"UniMac distributors are your local laundry experts. They can assist you with everything from installation to financing, service and industry-leading support.\" \/>\n<meta property=\"og:url\" content=\"https:\/\/unimac.com\/latam\/localizador-de-distribuidores\/\" \/>\n<meta property=\"og:site_name\" content=\"Unimac Latam\" \/>\n<meta property=\"article:modified_time\" content=\"2023-08-10T12:44:15+00:00\" \/>\n<meta name=\"twitter:card\" content=\"summary_large_image\" \/>\n<meta name=\"twitter:label1\" content=\"Est. reading time\" \/>\n\t<meta name=\"twitter:data1\" content=\"3 minutes\" \/>\n<script type=\"application\/ld+json\" class=\"yoast-schema-graph\">{\"@context\":\"https:\/\/schema.org\",\"@graph\":[{\"@type\":\"WebPage\",\"@id\":\"https:\/\/unimac.com\/latam\/localizador-de-distribuidores\/\",\"url\":\"https:\/\/unimac.com\/latam\/localizador-de-distribuidores\/\",\"name\":\"Contact UniMac - Locate a Distributor | UniMac\",\"isPartOf\":{\"@id\":\"https:\/\/unimac.com\/latam\/#website\"},\"datePublished\":\"2019-08-16T07:14:42+00:00\",\"dateModified\":\"2023-08-10T12:44:15+00:00\",\"description\":\"UniMac distributors are your local laundry experts. They can assist you with everything from installation to financing, service and industry-leading support.\",\"breadcrumb\":{\"@id\":\"https:\/\/unimac.com\/latam\/localizador-de-distribuidores\/#breadcrumb\"},\"inLanguage\":\"en-US\",\"potentialAction\":[{\"@type\":\"ReadAction\",\"target\":[\"https:\/\/unimac.com\/latam\/localizador-de-distribuidores\/\"]}]},{\"@type\":\"BreadcrumbList\",\"@id\":\"https:\/\/unimac.com\/latam\/localizador-de-distribuidores\/#breadcrumb\",\"itemListElement\":[{\"@type\":\"ListItem\",\"position\":1,\"name\":\"Home\",\"item\":\"https:\/\/unimac.com\/latam\/\"},{\"@type\":\"ListItem\",\"position\":2,\"name\":\"LOCALIZADOR DE DISTRIBUIDORES\"}]},{\"@type\":\"WebSite\",\"@id\":\"https:\/\/unimac.com\/latam\/#website\",\"url\":\"https:\/\/unimac.com\/latam\/\",\"name\":\"Unimac Latam\",\"description\":\"Maximum Performance\",\"publisher\":{\"@id\":\"https:\/\/unimac.com\/latam\/#organization\"},\"potentialAction\":[{\"@type\":\"SearchAction\",\"target\":{\"@type\":\"EntryPoint\",\"urlTemplate\":\"https:\/\/unimac.com\/latam\/?s={search_term_string}\"},\"query-input\":{\"@type\":\"PropertyValueSpecification\",\"valueRequired\":true,\"valueName\":\"search_term_string\"}}],\"inLanguage\":\"en-US\"},{\"@type\":\"Organization\",\"@id\":\"https:\/\/unimac.com\/latam\/#organization\",\"name\":\"Unimac\",\"url\":\"https:\/\/unimac.com\/latam\/\",\"logo\":{\"@type\":\"ImageObject\",\"inLanguage\":\"en-US\",\"@id\":\"https:\/\/unimac.com\/latam\/#\/schema\/logo\/image\/\",\"url\":\"https:\/\/unimac.com\/latam\/wp-content\/uploads\/sites\/16\/2020\/03\/unimac.png\",\"contentUrl\":\"https:\/\/unimac.com\/latam\/wp-content\/uploads\/sites\/16\/2020\/03\/unimac.png\",\"width\":1248,\"height\":843,\"caption\":\"Unimac\"},\"image\":{\"@id\":\"https:\/\/unimac.com\/latam\/#\/schema\/logo\/image\/\"}}]}<\/script>\n<!-- \/ Yoast SEO Premium plugin. -->","yoast_head_json":{"title":"Contact UniMac - Locate a Distributor | UniMac","description":"UniMac distributors are your local laundry experts. They can assist you with everything from installation to financing, service and industry-leading support.","robots":{"index":"index","follow":"follow","max-snippet":"max-snippet:-1","max-image-preview":"max-image-preview:large","max-video-preview":"max-video-preview:-1"},"canonical":"https:\/\/unimac.com\/latam\/localizador-de-distribuidores\/","og_locale":"en_US","og_type":"article","og_title":"LOCALIZADOR DE DISTRIBUIDORES","og_description":"UniMac distributors are your local laundry experts. They can assist you with everything from installation to financing, service and industry-leading support.","og_url":"https:\/\/unimac.com\/latam\/localizador-de-distribuidores\/","og_site_name":"Unimac Latam","article_modified_time":"2023-08-10T12:44:15+00:00","twitter_card":"summary_large_image","twitter_misc":{"Est. reading time":"3 minutes"},"schema":{"@context":"https:\/\/schema.org","@graph":[{"@type":"WebPage","@id":"https:\/\/unimac.com\/latam\/localizador-de-distribuidores\/","url":"https:\/\/unimac.com\/latam\/localizador-de-distribuidores\/","name":"Contact UniMac - Locate a Distributor | UniMac","isPartOf":{"@id":"https:\/\/unimac.com\/latam\/#website"},"datePublished":"2019-08-16T07:14:42+00:00","dateModified":"2023-08-10T12:44:15+00:00","description":"UniMac distributors are your local laundry experts. They can assist you with everything from installation to financing, service and industry-leading support.","breadcrumb":{"@id":"https:\/\/unimac.com\/latam\/localizador-de-distribuidores\/#breadcrumb"},"inLanguage":"en-US","potentialAction":[{"@type":"ReadAction","target":["https:\/\/unimac.com\/latam\/localizador-de-distribuidores\/"]}]},{"@type":"BreadcrumbList","@id":"https:\/\/unimac.com\/latam\/localizador-de-distribuidores\/#breadcrumb","itemListElement":[{"@type":"ListItem","position":1,"name":"Home","item":"https:\/\/unimac.com\/latam\/"},{"@type":"ListItem","position":2,"name":"LOCALIZADOR DE DISTRIBUIDORES"}]},{"@type":"WebSite","@id":"https:\/\/unimac.com\/latam\/#website","url":"https:\/\/unimac.com\/latam\/","name":"Unimac Latam","description":"Maximum Performance","publisher":{"@id":"https:\/\/unimac.com\/latam\/#organization"},"potentialAction":[{"@type":"SearchAction","target":{"@type":"EntryPoint","urlTemplate":"https:\/\/unimac.com\/latam\/?s={search_term_string}"},"query-input":{"@type":"PropertyValueSpecification","valueRequired":true,"valueName":"search_term_string"}}],"inLanguage":"en-US"},{"@type":"Organization","@id":"https:\/\/unimac.com\/latam\/#organization","name":"Unimac","url":"https:\/\/unimac.com\/latam\/","logo":{"@type":"ImageObject","inLanguage":"en-US","@id":"https:\/\/unimac.com\/latam\/#\/schema\/logo\/image\/","url":"https:\/\/unimac.com\/latam\/wp-content\/uploads\/sites\/16\/2020\/03\/unimac.png","contentUrl":"https:\/\/unimac.com\/latam\/wp-content\/uploads\/sites\/16\/2020\/03\/unimac.png","width":1248,"height":843,"caption":"Unimac"},"image":{"@id":"https:\/\/unimac.com\/latam\/#\/schema\/logo\/image\/"}}]}},"acf":[],"_links":{"self":[{"href":"https:\/\/unimac.com\/latam\/wp-json\/wp\/v2\/pages\/1692","targetHints":{"allow":["GET"]}}],"collection":[{"href":"https:\/\/unimac.com\/latam\/wp-json\/wp\/v2\/pages"}],"about":[{"href":"https:\/\/unimac.com\/latam\/wp-json\/wp\/v2\/types\/page"}],"author":[{"embeddable":true,"href":"https:\/\/unimac.com\/latam\/wp-json\/wp\/v2\/users\/5"}],"replies":[{"embeddable":true,"href":"https:\/\/unimac.com\/latam\/wp-json\/wp\/v2\/comments?post=1692"}],"version-history":[{"count":50,"href":"https:\/\/unimac.com\/latam\/wp-json\/wp\/v2\/pages\/1692\/revisions"}],"predecessor-version":[{"id":19783,"href":"https:\/\/unimac.com\/latam\/wp-json\/wp\/v2\/pages\/1692\/revisions\/19783"}],"wp:attachment":[{"href":"https:\/\/unimac.com\/latam\/wp-json\/wp\/v2\/media?parent=1692"}],"curies":[{"name":"wp","href":"https:\/\/api.w.org\/{rel}","templated":true}]}}